{"id":8906,"date":"2022-02-21T09:40:39","date_gmt":"2022-02-21T09:40:39","guid":{"rendered":"https:\/\/icadblock.com\/?page_id=8906"},"modified":"2023-12-16T08:05:12","modified_gmt":"2023-12-16T08:05:12","slug":"sillon-en-dwg-autocad","status":"publish","type":"page","link":"https:\/\/icadblock.com\/es\/coleccion-muebles-dwg-autocad\/sillas-en-dwg-autocad\/sillon-en-dwg-autocad\/","title":{"rendered":"Sill\u00f3n en dwg Autocad, colecci\u00f3n"},"content":{"rendered":"\t\t<div data-elementor-type=\"wp-page\" data-elementor-id=\"8906\" class=\"elementor elementor-8906 elementor-637\" data-elementor-post-type=\"page\">\n\t\t\t\t\t\t<section class=\"elementor-section elementor-top-section elementor-element elementor-element-5b5a5d2e elementor-section-boxed elementor-section-height-default elementor-section-height-default\" data-id=\"5b5a5d2e\" data-element_type=\"section\">\n\t\t\t\t\t\t<div class=\"elementor-container elementor-column-gap-default\">\n\t\t\t\t\t<div class=\"elementor-column elementor-col-50 elementor-top-column elementor-element elementor-element-2c7edfee\" data-id=\"2c7edfee\" data-element_type=\"column\">\n\t\t\t<div class=\"elementor-widget-wrap elementor-element-populated\">\n\t\t\t\t\t\t<div class=\"elementor-element elementor-element-fcce80e elementor-widget elementor-widget-text-editor\" data-id=\"fcce80e\" data-element_type=\"widget\" data-widget_type=\"text-editor.default\">\n\t\t\t\t<div class=\"elementor-widget-container\">\n\t\t\t<style>\/*! elementor - v3.21.0 - 30-04-2024 *\/\n.elementor-widget-text-editor.elementor-drop-cap-view-stacked .elementor-drop-cap{background-color:#69727d;color:#fff}.elementor-widget-text-editor.elementor-drop-cap-view-framed .elementor-drop-cap{color:#69727d;border:3px solid;background-color:transparent}.elementor-widget-text-editor:not(.elementor-drop-cap-view-default) .elementor-drop-cap{margin-top:8px}.elementor-widget-text-editor:not(.elementor-drop-cap-view-default) .elementor-drop-cap-letter{width:1em;height:1em}.elementor-widget-text-editor .elementor-drop-cap{float:left;text-align:center;line-height:1;font-size:50px}.elementor-widget-text-editor .elementor-drop-cap-letter{display:inline-block}<\/style>\t\t\t\t<p>Aqu\u00ed, en esta p\u00e1gina, hemos proporcionado una colecci\u00f3n de <strong>Sill\u00f3n en DWG AutoCAD<\/strong>.<\/p><p>Todos estos bloques est\u00e1n dibujados en formato DWG editable.<\/p><p>Puede encontrar muchos modelos DWG dibujados en 2, 3 o 4 vistas.<\/p><p>Seg\u00fan sus necesidades, puede utilizar el bloque CAD Sill\u00f3n como objeto de decoraci\u00f3n en planos de planta, alzados y secciones u otros fines.<\/p><p>Considere los siguientes bloques de AutoCAD y descargue sus favoritos.<\/p>\t\t\t\t\t\t<\/div>\n\t\t\t\t<\/div>\n\t\t\t\t<div class=\"elementor-element elementor-element-b700649 elementor-widget elementor-widget-heading\" data-id=\"b700649\" data-element_type=\"widget\" data-widget_type=\"heading.default\">\n\t\t\t\t<div class=\"elementor-widget-container\">\n\t\t\t<style>\/*! elementor - v3.21.0 - 30-04-2024 *\/\n.elementor-heading-title{padding:0;margin:0;line-height:1}.elementor-widget-heading .elementor-heading-title[class*=elementor-size-]>a{color:inherit;font-size:inherit;line-height:inherit}.elementor-widget-heading .elementor-heading-title.elementor-size-small{font-size:15px}.elementor-widget-heading .elementor-heading-title.elementor-size-medium{font-size:19px}.elementor-widget-heading .elementor-heading-title.elementor-size-large{font-size:29px}.elementor-widget-heading .elementor-heading-title.elementor-size-xl{font-size:39px}.elementor-widget-heading .elementor-heading-title.elementor-size-xxl{font-size:59px}<\/style><h2 class=\"elementor-heading-title elementor-size-default\">Sill\u00f3n en dwg Autocad<\/h2>\t\t<\/div>\n\t\t\t\t<\/div>\n\t\t\t\t<div class=\"elementor-element elementor-element-6d90a8c elementor-widget elementor-widget-text-editor\" data-id=\"6d90a8c\" data-element_type=\"widget\" data-widget_type=\"text-editor.default\">\n\t\t\t\t<div class=\"elementor-widget-container\">\n\t\t\t\t\t\t\t<p>Tenga en cuenta que puede descargar los otros tipos de bloques CAD de sillas utilizando el siguiente enlace:<\/p><p><a href=\"https:\/\/icadblock.com\/es\/coleccion-muebles-dwg-autocad\/sillas-en-dwg-autocad\/\"><strong><em>Sillas en DWG AutoCAD<\/em><\/strong><\/a><\/p><h3><span style=\"color: #0000ff;\">Notas de decoraci\u00f3n:<\/span><\/h3><p>Puedes amueblar f\u00e1cilmente tus planos de planta utilizando los sillones.<br \/><br \/>Uno de los espacios donde podemos utilizar un sill\u00f3n es el sal\u00f3n.<br \/><br \/>Como sabes, un sill\u00f3n es una silla grande y c\u00f3moda con soportes laterales para los brazos de una persona.<br \/><br \/>Entonces puedes usar bloques de sill\u00f3n en los espacios alrededor del televisor.<br \/><br \/>Si su \u00e1rea de dise\u00f1o es lo suficientemente grande, puede usar m\u00e1s bloques de sillones.<br \/><br \/>Delante de la chimenea hay otro espacio para poner tu bloque de sill\u00f3n.<br \/><br \/>Tambi\u00e9n puedes utilizar un sill\u00f3n frente a una salida, que es mucho mejor que los sof\u00e1s.<br \/><br \/>Colocar un sill\u00f3n en un rinc\u00f3n vac\u00edo de la habitaci\u00f3n hace que el plano sea atractivo.<br \/><br \/>Tenga en cuenta que el uso de sillones en sus dibujos de AutoCAD hace que sus dise\u00f1os more fresh and beautiful .an\u00a0<\/p>\t\t\t\t\t\t<\/div>\n\t\t\t\t<\/div>\n\t\t\t\t\t<\/div>\n\t\t<\/div>\n\t\t\t\t<div class=\"jet-sticky-column-sticky elementor-column elementor-col-50 elementor-top-column elementor-element elementor-element-0b64533\" data-jet-sticky-column-settings=\"{&quot;id&quot;:&quot;0b64533&quot;,&quot;sticky&quot;:true,&quot;topSpacing&quot;:50,&quot;bottomSpacing&quot;:50,&quot;stickyOn&quot;:[&quot;desktop&quot;,&quot;tablet&quot;]}\" data-id=\"0b64533\" data-element_type=\"column\">\n\t\t\t<div class=\"elementor-widget-wrap elementor-element-populated\">\n\t\t\t\t\t\t\t<\/div>\n\t\t<\/div>\n\t\t\t\t\t<\/div>\n\t\t<\/section>\n\t\t\t\t<section class=\"elementor-section elementor-top-section elementor-element elementor-element-705d54f elementor-section-boxed elementor-section-height-default elementor-section-height-default\" data-id=\"705d54f\" data-element_type=\"section\">\n\t\t\t\t\t\t<div class=\"elementor-container elementor-column-gap-default\">\n\t\t\t\t\t<div class=\"elementor-column elementor-col-100 elementor-top-column elementor-element elementor-element-d113cef\" data-id=\"d113cef\" data-element_type=\"column\">\n\t\t\t<div class=\"elementor-widget-wrap\">\n\t\t\t\t\t\t\t<\/div>\n\t\t<\/div>\n\t\t\t\t\t<\/div>\n\t\t<\/section>\n\t\t\t\t<\/div>\n\t\t","protected":false},"excerpt":{"rendered":"<p>Aqu\u00ed, en esta p\u00e1gina, hemos proporcionado una colecci\u00f3n de Sill\u00f3n en DWG AutoCAD. Todos estos bloques est\u00e1n dibujados en formato [&hellip;]<\/p>\n","protected":false},"author":2,"featured_media":7973,"parent":8889,"menu_order":0,"comment_status":"closed","ping_status":"closed","template":"","meta":{"site-sidebar-layout":"default","site-content-layout":"","ast-site-content-layout":"","site-content-style":"default","site-sidebar-style":"default","ast-global-header-display":"","ast-banner-title-visibility":"","ast-main-header-display":"","ast-hfb-above-header-display":"","ast-hfb-below-header-display":"","ast-hfb-mobile-header-display":"","site-post-title":"","ast-breadcrumbs-content":"","ast-featured-img":"","footer-sml-layout":"","theme-transparent-header-meta":"","adv-header-id-meta":"","stick-header-meta":"","header-above-stick-meta":"","header-main-stick-meta":"","header-below-stick-meta":"","astra-migrate-meta-layouts":"default","ast-page-background-enabled":"default","ast-page-background-meta":{"desktop":{"background-color":"var(--ast-global-color-4)","background-image":"","background-repeat":"repeat","background-position":"center center","background-size":"auto","background-attachment":"scroll","background-type":"","background-media":"","overlay-type":"","overlay-color":"","overlay-gradient":""},"tablet":{"background-color":"","background-image":"","background-repeat":"repeat","background-position":"center center","background-size":"auto","background-attachment":"scroll","background-type":"","background-media":"","overlay-type":"","overlay-color":"","overlay-gradient":""},"mobile":{"background-color":"","background-image":"","background-repeat":"repeat","background-position":"center center","background-size":"auto","background-attachment":"scroll","background-type":"","background-media":"","overlay-type":"","overlay-color":"","overlay-gradient":""}},"ast-content-background-meta":{"desktop":{"background-color":"var(--ast-global-color-5)","background-image":"","background-repeat":"repeat","background-position":"center center","background-size":"auto","background-attachment":"scroll","background-type":"","background-media":"","overlay-type":"","overlay-color":"","overlay-gradient":""},"tablet":{"background-color":"var(--ast-global-color-5)","background-image":"","background-repeat":"repeat","background-position":"center center","background-size":"auto","background-attachment":"scroll","background-type":"","background-media":"","overlay-type":"","overlay-color":"","overlay-gradient":""},"mobile":{"background-color":"var(--ast-global-color-5)","background-image":"","background-repeat":"repeat","background-position":"center center","background-size":"auto","background-attachment":"scroll","background-type":"","background-media":"","overlay-type":"","overlay-color":"","overlay-gradient":""}},"footnotes":""},"class_list":["post-8906","page","type-page","status-publish","has-post-thumbnail","hentry"],"yoast_head":"<!-- This site is optimized with the Yoast SEO plugin v26.0 - https:\/\/yoast.com\/wordpress\/plugins\/seo\/ -->\n<title>Sill\u00f3n en dwg Autocad, colecci\u00f3n - iCADBLOCK<\/title>\n<meta name=\"description\" content=\"Aqu\u00ed, en esta p\u00e1gina, hemos proporcionado una colecci\u00f3n de Sill\u00f3n en DWG AutoCAD.Todos estos bloques est\u00e1n dibujados en formato DWG editable.\" \/>\n<meta name=\"robots\" content=\"index, follow, max-snippet:-1, max-image-preview:large, max-video-preview:-1\" \/>\n<link rel=\"canonical\" href=\"https:\/\/icadblock.com\/es\/coleccion-muebles-dwg-autocad\/sillas-en-dwg-autocad\/sillon-en-dwg-autocad\/\" \/>\n<meta property=\"og:locale\" content=\"es_ES\" \/>\n<meta property=\"og:type\" content=\"article\" \/>\n<meta property=\"og:title\" content=\"Sill\u00f3n en dwg Autocad, colecci\u00f3n - iCADBLOCK\" \/>\n<meta property=\"og:description\" content=\"Aqu\u00ed, en esta p\u00e1gina, hemos proporcionado una colecci\u00f3n de Sill\u00f3n en DWG AutoCAD.Todos estos bloques est\u00e1n dibujados en formato DWG editable.\" \/>\n<meta property=\"og:url\" content=\"https:\/\/icadblock.com\/es\/coleccion-muebles-dwg-autocad\/sillas-en-dwg-autocad\/sillon-en-dwg-autocad\/\" \/>\n<meta property=\"og:site_name\" content=\"iCADBLOCK\" \/>\n<meta property=\"article:modified_time\" content=\"2023-12-16T08:05:12+00:00\" \/>\n<meta property=\"og:image\" content=\"https:\/\/icadblock.com\/wp-content\/uploads\/2022\/02\/armchairs.webp\" \/>\n\t<meta property=\"og:image:width\" content=\"740\" \/>\n\t<meta property=\"og:image:height\" content=\"500\" \/>\n\t<meta property=\"og:image:type\" content=\"image\/webp\" \/>\n<meta name=\"twitter:card\" content=\"summary_large_image\" \/>\n<meta name=\"twitter:label1\" content=\"Tiempo de lectura\" \/>\n\t<meta name=\"twitter:data1\" content=\"2 minutos\" \/>\n<script type=\"application\/ld+json\" class=\"yoast-schema-graph\">{\"@context\":\"https:\/\/schema.org\",\"@graph\":[{\"@type\":\"WebPage\",\"@id\":\"https:\/\/icadblock.com\/es\/coleccion-muebles-dwg-autocad\/sillas-en-dwg-autocad\/sillon-en-dwg-autocad\/\",\"url\":\"https:\/\/icadblock.com\/es\/coleccion-muebles-dwg-autocad\/sillas-en-dwg-autocad\/sillon-en-dwg-autocad\/\",\"name\":\"Sill\u00f3n en dwg Autocad, colecci\u00f3n - iCADBLOCK\",\"isPartOf\":{\"@id\":\"https:\/\/icadblock.com\/es\/#website\"},\"primaryImageOfPage\":{\"@id\":\"https:\/\/icadblock.com\/es\/coleccion-muebles-dwg-autocad\/sillas-en-dwg-autocad\/sillon-en-dwg-autocad\/#primaryimage\"},\"image\":{\"@id\":\"https:\/\/icadblock.com\/es\/coleccion-muebles-dwg-autocad\/sillas-en-dwg-autocad\/sillon-en-dwg-autocad\/#primaryimage\"},\"thumbnailUrl\":\"https:\/\/icadblock.com\/wp-content\/uploads\/2022\/02\/armchairs.webp\",\"datePublished\":\"2022-02-21T09:40:39+00:00\",\"dateModified\":\"2023-12-16T08:05:12+00:00\",\"description\":\"Aqu\u00ed, en esta p\u00e1gina, hemos proporcionado una colecci\u00f3n de Sill\u00f3n en DWG AutoCAD.Todos estos bloques est\u00e1n dibujados en formato DWG editable.\",\"breadcrumb\":{\"@id\":\"https:\/\/icadblock.com\/es\/coleccion-muebles-dwg-autocad\/sillas-en-dwg-autocad\/sillon-en-dwg-autocad\/#breadcrumb\"},\"inLanguage\":\"es\",\"potentialAction\":[{\"@type\":\"ReadAction\",\"target\":[\"https:\/\/icadblock.com\/es\/coleccion-muebles-dwg-autocad\/sillas-en-dwg-autocad\/sillon-en-dwg-autocad\/\"]}]},{\"@type\":\"ImageObject\",\"inLanguage\":\"es\",\"@id\":\"https:\/\/icadblock.com\/es\/coleccion-muebles-dwg-autocad\/sillas-en-dwg-autocad\/sillon-en-dwg-autocad\/#primaryimage\",\"url\":\"https:\/\/icadblock.com\/wp-content\/uploads\/2022\/02\/armchairs.webp\",\"contentUrl\":\"https:\/\/icadblock.com\/wp-content\/uploads\/2022\/02\/armchairs.webp\",\"width\":740,\"height\":500,\"caption\":\"Sill\u00f3n en dwg Autocad\"},{\"@type\":\"BreadcrumbList\",\"@id\":\"https:\/\/icadblock.com\/es\/coleccion-muebles-dwg-autocad\/sillas-en-dwg-autocad\/sillon-en-dwg-autocad\/#breadcrumb\",\"itemListElement\":[{\"@type\":\"ListItem\",\"position\":1,\"name\":\"Home\",\"item\":\"https:\/\/icadblock.com\/es\/\"},{\"@type\":\"ListItem\",\"position\":2,\"name\":\"Colecci\u00f3n de muebles DWG en AutoCAD\",\"item\":\"https:\/\/icadblock.com\/es\/coleccion-muebles-dwg-autocad\/\"},{\"@type\":\"ListItem\",\"position\":3,\"name\":\"Sillas en DWG AutoCAD\u200b, Descargar\",\"item\":\"https:\/\/icadblock.com\/es\/coleccion-muebles-dwg-autocad\/sillas-en-dwg-autocad\/\"},{\"@type\":\"ListItem\",\"position\":4,\"name\":\"Sill\u00f3n en dwg Autocad, colecci\u00f3n\"}]},{\"@type\":\"WebSite\",\"@id\":\"https:\/\/icadblock.com\/es\/#website\",\"url\":\"https:\/\/icadblock.com\/es\/\",\"name\":\"iCADBLOCK\",\"description\":\"CAD Block free download, 2d DWG models in plan\",\"publisher\":{\"@id\":\"https:\/\/icadblock.com\/es\/#organization\"},\"potentialAction\":[{\"@type\":\"SearchAction\",\"target\":{\"@type\":\"EntryPoint\",\"urlTemplate\":\"https:\/\/icadblock.com\/es\/?s={search_term_string}\"},\"query-input\":{\"@type\":\"PropertyValueSpecification\",\"valueRequired\":true,\"valueName\":\"search_term_string\"}}],\"inLanguage\":\"es\"},{\"@type\":\"Organization\",\"@id\":\"https:\/\/icadblock.com\/es\/#organization\",\"name\":\"icadblock\",\"url\":\"https:\/\/icadblock.com\/es\/\",\"logo\":{\"@type\":\"ImageObject\",\"inLanguage\":\"es\",\"@id\":\"https:\/\/icadblock.com\/es\/#\/schema\/logo\/image\/\",\"url\":\"https:\/\/icadblock.com\/wp-content\/uploads\/2022\/02\/LOGO.png\",\"contentUrl\":\"https:\/\/icadblock.com\/wp-content\/uploads\/2022\/02\/LOGO.png\",\"width\":546,\"height\":125,\"caption\":\"icadblock\"},\"image\":{\"@id\":\"https:\/\/icadblock.com\/es\/#\/schema\/logo\/image\/\"}}]}<\/script>\n<!-- \/ Yoast SEO plugin. -->","yoast_head_json":{"title":"Sill\u00f3n en dwg Autocad, colecci\u00f3n - iCADBLOCK","description":"Aqu\u00ed, en esta p\u00e1gina, hemos proporcionado una colecci\u00f3n de Sill\u00f3n en DWG AutoCAD.Todos estos bloques est\u00e1n dibujados en formato DWG editable.","robots":{"index":"index","follow":"follow","max-snippet":"max-snippet:-1","max-image-preview":"max-image-preview:large","max-video-preview":"max-video-preview:-1"},"canonical":"https:\/\/icadblock.com\/es\/coleccion-muebles-dwg-autocad\/sillas-en-dwg-autocad\/sillon-en-dwg-autocad\/","og_locale":"es_ES","og_type":"article","og_title":"Sill\u00f3n en dwg Autocad, colecci\u00f3n - iCADBLOCK","og_description":"Aqu\u00ed, en esta p\u00e1gina, hemos proporcionado una colecci\u00f3n de Sill\u00f3n en DWG AutoCAD.Todos estos bloques est\u00e1n dibujados en formato DWG editable.","og_url":"https:\/\/icadblock.com\/es\/coleccion-muebles-dwg-autocad\/sillas-en-dwg-autocad\/sillon-en-dwg-autocad\/","og_site_name":"iCADBLOCK","article_modified_time":"2023-12-16T08:05:12+00:00","og_image":[{"width":740,"height":500,"url":"https:\/\/icadblock.com\/wp-content\/uploads\/2022\/02\/armchairs.webp","type":"image\/webp"}],"twitter_card":"summary_large_image","twitter_misc":{"Tiempo de lectura":"2 minutos"},"schema":{"@context":"https:\/\/schema.org","@graph":[{"@type":"WebPage","@id":"https:\/\/icadblock.com\/es\/coleccion-muebles-dwg-autocad\/sillas-en-dwg-autocad\/sillon-en-dwg-autocad\/","url":"https:\/\/icadblock.com\/es\/coleccion-muebles-dwg-autocad\/sillas-en-dwg-autocad\/sillon-en-dwg-autocad\/","name":"Sill\u00f3n en dwg Autocad, colecci\u00f3n - iCADBLOCK","isPartOf":{"@id":"https:\/\/icadblock.com\/es\/#website"},"primaryImageOfPage":{"@id":"https:\/\/icadblock.com\/es\/coleccion-muebles-dwg-autocad\/sillas-en-dwg-autocad\/sillon-en-dwg-autocad\/#primaryimage"},"image":{"@id":"https:\/\/icadblock.com\/es\/coleccion-muebles-dwg-autocad\/sillas-en-dwg-autocad\/sillon-en-dwg-autocad\/#primaryimage"},"thumbnailUrl":"https:\/\/icadblock.com\/wp-content\/uploads\/2022\/02\/armchairs.webp","datePublished":"2022-02-21T09:40:39+00:00","dateModified":"2023-12-16T08:05:12+00:00","description":"Aqu\u00ed, en esta p\u00e1gina, hemos proporcionado una colecci\u00f3n de Sill\u00f3n en DWG AutoCAD.Todos estos bloques est\u00e1n dibujados en formato DWG editable.","breadcrumb":{"@id":"https:\/\/icadblock.com\/es\/coleccion-muebles-dwg-autocad\/sillas-en-dwg-autocad\/sillon-en-dwg-autocad\/#breadcrumb"},"inLanguage":"es","potentialAction":[{"@type":"ReadAction","target":["https:\/\/icadblock.com\/es\/coleccion-muebles-dwg-autocad\/sillas-en-dwg-autocad\/sillon-en-dwg-autocad\/"]}]},{"@type":"ImageObject","inLanguage":"es","@id":"https:\/\/icadblock.com\/es\/coleccion-muebles-dwg-autocad\/sillas-en-dwg-autocad\/sillon-en-dwg-autocad\/#primaryimage","url":"https:\/\/icadblock.com\/wp-content\/uploads\/2022\/02\/armchairs.webp","contentUrl":"https:\/\/icadblock.com\/wp-content\/uploads\/2022\/02\/armchairs.webp","width":740,"height":500,"caption":"Sill\u00f3n en dwg Autocad"},{"@type":"BreadcrumbList","@id":"https:\/\/icadblock.com\/es\/coleccion-muebles-dwg-autocad\/sillas-en-dwg-autocad\/sillon-en-dwg-autocad\/#breadcrumb","itemListElement":[{"@type":"ListItem","position":1,"name":"Home","item":"https:\/\/icadblock.com\/es\/"},{"@type":"ListItem","position":2,"name":"Colecci\u00f3n de muebles DWG en AutoCAD","item":"https:\/\/icadblock.com\/es\/coleccion-muebles-dwg-autocad\/"},{"@type":"ListItem","position":3,"name":"Sillas en DWG AutoCAD\u200b, Descargar","item":"https:\/\/icadblock.com\/es\/coleccion-muebles-dwg-autocad\/sillas-en-dwg-autocad\/"},{"@type":"ListItem","position":4,"name":"Sill\u00f3n en dwg Autocad, colecci\u00f3n"}]},{"@type":"WebSite","@id":"https:\/\/icadblock.com\/es\/#website","url":"https:\/\/icadblock.com\/es\/","name":"iCADBLOCK","description":"CAD Block free download, 2d DWG models in plan","publisher":{"@id":"https:\/\/icadblock.com\/es\/#organization"},"potentialAction":[{"@type":"SearchAction","target":{"@type":"EntryPoint","urlTemplate":"https:\/\/icadblock.com\/es\/?s={search_term_string}"},"query-input":{"@type":"PropertyValueSpecification","valueRequired":true,"valueName":"search_term_string"}}],"inLanguage":"es"},{"@type":"Organization","@id":"https:\/\/icadblock.com\/es\/#organization","name":"icadblock","url":"https:\/\/icadblock.com\/es\/","logo":{"@type":"ImageObject","inLanguage":"es","@id":"https:\/\/icadblock.com\/es\/#\/schema\/logo\/image\/","url":"https:\/\/icadblock.com\/wp-content\/uploads\/2022\/02\/LOGO.png","contentUrl":"https:\/\/icadblock.com\/wp-content\/uploads\/2022\/02\/LOGO.png","width":546,"height":125,"caption":"icadblock"},"image":{"@id":"https:\/\/icadblock.com\/es\/#\/schema\/logo\/image\/"}}]}},"_links":{"self":[{"href":"https:\/\/icadblock.com\/es\/wp-json\/wp\/v2\/pages\/8906","targetHints":{"allow":["GET"]}}],"collection":[{"href":"https:\/\/icadblock.com\/es\/wp-json\/wp\/v2\/pages"}],"about":[{"href":"https:\/\/icadblock.com\/es\/wp-json\/wp\/v2\/types\/page"}],"author":[{"embeddable":true,"href":"https:\/\/icadblock.com\/es\/wp-json\/wp\/v2\/users\/2"}],"replies":[{"embeddable":true,"href":"https:\/\/icadblock.com\/es\/wp-json\/wp\/v2\/comments?post=8906"}],"version-history":[{"count":6,"href":"https:\/\/icadblock.com\/es\/wp-json\/wp\/v2\/pages\/8906\/revisions"}],"predecessor-version":[{"id":8914,"href":"https:\/\/icadblock.com\/es\/wp-json\/wp\/v2\/pages\/8906\/revisions\/8914"}],"up":[{"embeddable":true,"href":"https:\/\/icadblock.com\/es\/wp-json\/wp\/v2\/pages\/8889"}],"wp:featuredmedia":[{"embeddable":true,"href":"https:\/\/icadblock.com\/es\/wp-json\/wp\/v2\/media\/7973"}],"wp:attachment":[{"href":"https:\/\/icadblock.com\/es\/wp-json\/wp\/v2\/media?parent=8906"}],"curies":[{"name":"wp","href":"https:\/\/api.w.org\/{rel}","templated":true}]}}