{"id":8907,"date":"2022-02-22T14:42:31","date_gmt":"2022-02-22T14:42:31","guid":{"rendered":"https:\/\/icadblock.com\/?page_id=8907"},"modified":"2023-12-16T08:20:48","modified_gmt":"2023-12-16T08:20:48","slug":"mecedora-en-dwg-autocad","status":"publish","type":"page","link":"https:\/\/icadblock.com\/es\/coleccion-muebles-dwg-autocad\/sillas-en-dwg-autocad\/mecedora-en-dwg-autocad\/","title":{"rendered":"Mecedora en DWG AutoCAD, Colecci\u00f3n"},"content":{"rendered":"\t\t<div data-elementor-type=\"wp-page\" data-elementor-id=\"8907\" class=\"elementor elementor-8907 elementor-683\" data-elementor-post-type=\"page\">\n\t\t\t\t\t\t<section class=\"elementor-section elementor-top-section elementor-element elementor-element-425d0a86 elementor-section-boxed elementor-section-height-default elementor-section-height-default\" data-id=\"425d0a86\" data-element_type=\"section\">\n\t\t\t\t\t\t<div class=\"elementor-container elementor-column-gap-default\">\n\t\t\t\t\t<div class=\"elementor-column elementor-col-50 elementor-top-column elementor-element elementor-element-dfecc0\" data-id=\"dfecc0\" data-element_type=\"column\">\n\t\t\t<div class=\"elementor-widget-wrap elementor-element-populated\">\n\t\t\t\t\t\t<div class=\"elementor-element elementor-element-6c439bcc elementor-widget elementor-widget-text-editor\" data-id=\"6c439bcc\" data-element_type=\"widget\" data-widget_type=\"text-editor.default\">\n\t\t\t\t<div class=\"elementor-widget-container\">\n\t\t\t<style>\/*! elementor - v3.21.0 - 30-04-2024 *\/\n.elementor-widget-text-editor.elementor-drop-cap-view-stacked .elementor-drop-cap{background-color:#69727d;color:#fff}.elementor-widget-text-editor.elementor-drop-cap-view-framed .elementor-drop-cap{color:#69727d;border:3px solid;background-color:transparent}.elementor-widget-text-editor:not(.elementor-drop-cap-view-default) .elementor-drop-cap{margin-top:8px}.elementor-widget-text-editor:not(.elementor-drop-cap-view-default) .elementor-drop-cap-letter{width:1em;height:1em}.elementor-widget-text-editor .elementor-drop-cap{float:left;text-align:center;line-height:1;font-size:50px}.elementor-widget-text-editor .elementor-drop-cap-letter{display:inline-block}<\/style>\t\t\t\t<p>Aqu\u00ed, en esta p\u00e1gina, hemos proporcionado una colecci\u00f3n de <strong>mecedora en DWG AutoCAD<\/strong>.<br \/><br \/>Puedes encontrar muchas mecedoras de diferentes tipos y formas.<br \/><br \/>Es posible utilizar estos bloques CAD en sus proyectos CAD como objetos de decoraci\u00f3n para embellecer planos de planta o alzados.<br \/><br \/>Seg\u00fan sus necesidades, puede descargar los mejores modelos de mecedora DWG utilizando la siguiente lista.<br \/><br \/>Todos los bloques son modelos DWG editables.<\/p>\t\t\t\t\t\t<\/div>\n\t\t\t\t<\/div>\n\t\t\t\t<div class=\"elementor-element elementor-element-3fa74bd elementor-widget elementor-widget-heading\" data-id=\"3fa74bd\" data-element_type=\"widget\" data-widget_type=\"heading.default\">\n\t\t\t\t<div class=\"elementor-widget-container\">\n\t\t\t<style>\/*! elementor - v3.21.0 - 30-04-2024 *\/\n.elementor-heading-title{padding:0;margin:0;line-height:1}.elementor-widget-heading .elementor-heading-title[class*=elementor-size-]>a{color:inherit;font-size:inherit;line-height:inherit}.elementor-widget-heading .elementor-heading-title.elementor-size-small{font-size:15px}.elementor-widget-heading .elementor-heading-title.elementor-size-medium{font-size:19px}.elementor-widget-heading .elementor-heading-title.elementor-size-large{font-size:29px}.elementor-widget-heading .elementor-heading-title.elementor-size-xl{font-size:39px}.elementor-widget-heading .elementor-heading-title.elementor-size-xxl{font-size:59px}<\/style><h2 class=\"elementor-heading-title elementor-size-default\">Mecedora en DWG AutoCAD<\/h2>\t\t<\/div>\n\t\t\t\t<\/div>\n\t\t\t\t<div class=\"elementor-element elementor-element-25146ac elementor-widget__width-initial elementor-widget elementor-widget-text-editor\" data-id=\"25146ac\" data-element_type=\"widget\" data-widget_type=\"text-editor.default\">\n\t\t\t\t<div class=\"elementor-widget-container\">\n\t\t\t\t\t\t\t<p>Tenga en cuenta que puede descargar los otros tipos de bloques CAD de sillas utilizando el siguiente enlace:<\/p><p><a href=\"https:\/\/icadblock.com\/es\/coleccion-muebles-dwg-autocad\/sillas-en-dwg-autocad\/\"><em><strong><span style=\"color: #ff0000;\">Sillas en DWG AutoCAD<\/span><\/strong><\/em><\/a><\/p><h3><span style=\"color: #0000ff;\">Notas de decoraci\u00f3n:<\/span><\/h3><p>La mecedora es un mueble realmente c\u00f3modo que forma parte de la decoraci\u00f3n del hogar desde hace muchos a\u00f1os.<\/p><p>Las mecedoras se pueden utilizar tanto en interiores como en exteriores.<\/p><p>De modo que puede utilizar estos bloques en planos de planta o planos de sitio seg\u00fan sus necesidades.<\/p><p>Estos bloques CAD se pueden utilizar en dormitorios, salones, terrazas,<br \/>taller, cuarto de beb\u00e9, etc&#8230; .<\/p><p>Casi el lugar m\u00e1s popular para utilizar este tipo de bloques CAD de sillas es el porche.<\/p><p>Si desea utilizar este bloque de AutoCAD en la sala de estar, puede utilizar f\u00e1cilmente una mecedora alrededor de la chimenea.<\/p><p>El dormitorio es un espacio ideal para utilizar una mecedora. Tambi\u00e9n t\u00fa puedes<br \/>col\u00f3quelo al lado de una estanter\u00eda o ventana.<\/p>\t\t\t\t\t\t<\/div>\n\t\t\t\t<\/div>\n\t\t\t\t\t<\/div>\n\t\t<\/div>\n\t\t\t\t<div class=\"jet-sticky-column-sticky elementor-column elementor-col-50 elementor-top-column elementor-element elementor-element-e780686\" data-jet-sticky-column-settings=\"{&quot;id&quot;:&quot;e780686&quot;,&quot;sticky&quot;:true,&quot;topSpacing&quot;:50,&quot;bottomSpacing&quot;:50,&quot;stickyOn&quot;:[&quot;desktop&quot;,&quot;tablet&quot;]}\" data-id=\"e780686\" data-element_type=\"column\">\n\t\t\t<div class=\"elementor-widget-wrap elementor-element-populated\">\n\t\t\t\t\t\t\t<\/div>\n\t\t<\/div>\n\t\t\t\t\t<\/div>\n\t\t<\/section>\n\t\t\t\t<\/div>\n\t\t","protected":false},"excerpt":{"rendered":"<p>Aqu\u00ed, en esta p\u00e1gina, hemos proporcionado una colecci\u00f3n de mecedora en DWG AutoCAD. Puedes encontrar muchas mecedoras de diferentes tipos [&hellip;]<\/p>\n","protected":false},"author":2,"featured_media":7979,"parent":8889,"menu_order":0,"comment_status":"closed","ping_status":"closed","template":"","meta":{"site-sidebar-layout":"default","site-content-layout":"","ast-site-content-layout":"","site-content-style":"default","site-sidebar-style":"default","ast-global-header-display":"","ast-banner-title-visibility":"","ast-main-header-display":"","ast-hfb-above-header-display":"","ast-hfb-below-header-display":"","ast-hfb-mobile-header-display":"","site-post-title":"","ast-breadcrumbs-content":"","ast-featured-img":"","footer-sml-layout":"","theme-transparent-header-meta":"","adv-header-id-meta":"","stick-header-meta":"","header-above-stick-meta":"","header-main-stick-meta":"","header-below-stick-meta":"","astra-migrate-meta-layouts":"default","ast-page-background-enabled":"default","ast-page-background-meta":{"desktop":{"background-color":"var(--ast-global-color-4)","background-image":"","background-repeat":"repeat","background-position":"center center","background-size":"auto","background-attachment":"scroll","background-type":"","background-media":"","overlay-type":"","overlay-color":"","overlay-gradient":""},"tablet":{"background-color":"","background-image":"","background-repeat":"repeat","background-position":"center center","background-size":"auto","background-attachment":"scroll","background-type":"","background-media":"","overlay-type":"","overlay-color":"","overlay-gradient":""},"mobile":{"background-color":"","background-image":"","background-repeat":"repeat","background-position":"center center","background-size":"auto","background-attachment":"scroll","background-type":"","background-media":"","overlay-type":"","overlay-color":"","overlay-gradient":""}},"ast-content-background-meta":{"desktop":{"background-color":"var(--ast-global-color-5)","background-image":"","background-repeat":"repeat","background-position":"center center","background-size":"auto","background-attachment":"scroll","background-type":"","background-media":"","overlay-type":"","overlay-color":"","overlay-gradient":""},"tablet":{"background-color":"var(--ast-global-color-5)","background-image":"","background-repeat":"repeat","background-position":"center center","background-size":"auto","background-attachment":"scroll","background-type":"","background-media":"","overlay-type":"","overlay-color":"","overlay-gradient":""},"mobile":{"background-color":"var(--ast-global-color-5)","background-image":"","background-repeat":"repeat","background-position":"center center","background-size":"auto","background-attachment":"scroll","background-type":"","background-media":"","overlay-type":"","overlay-color":"","overlay-gradient":""}},"footnotes":""},"class_list":["post-8907","page","type-page","status-publish","has-post-thumbnail","hentry"],"yoast_head":"<!-- This site is optimized with the Yoast SEO plugin v26.0 - https:\/\/yoast.com\/wordpress\/plugins\/seo\/ -->\n<title>Mecedora en DWG AutoCAD, Colecci\u00f3n - iCADBLOCK<\/title>\n<meta name=\"description\" content=\"Aqu\u00ed, en esta p\u00e1gina, hemos proporcionado una colecci\u00f3n de mecedora en DWG AutoCAD. Puedes encontrar muchas mecedoras de diferentes tipos\" \/>\n<meta name=\"robots\" content=\"index, follow, max-snippet:-1, max-image-preview:large, max-video-preview:-1\" \/>\n<link rel=\"canonical\" href=\"https:\/\/icadblock.com\/es\/coleccion-muebles-dwg-autocad\/sillas-en-dwg-autocad\/mecedora-en-dwg-autocad\/\" \/>\n<meta property=\"og:locale\" content=\"es_ES\" \/>\n<meta property=\"og:type\" content=\"article\" \/>\n<meta property=\"og:title\" content=\"Mecedora en DWG AutoCAD, Colecci\u00f3n - iCADBLOCK\" \/>\n<meta property=\"og:description\" content=\"Aqu\u00ed, en esta p\u00e1gina, hemos proporcionado una colecci\u00f3n de mecedora en DWG AutoCAD. Puedes encontrar muchas mecedoras de diferentes tipos\" \/>\n<meta property=\"og:url\" content=\"https:\/\/icadblock.com\/es\/coleccion-muebles-dwg-autocad\/sillas-en-dwg-autocad\/mecedora-en-dwg-autocad\/\" \/>\n<meta property=\"og:site_name\" content=\"iCADBLOCK\" \/>\n<meta property=\"article:modified_time\" content=\"2023-12-16T08:20:48+00:00\" \/>\n<meta property=\"og:image\" content=\"https:\/\/icadblock.com\/wp-content\/uploads\/2022\/02\/Rocking-chair-cad-block.webp\" \/>\n\t<meta property=\"og:image:width\" content=\"740\" \/>\n\t<meta property=\"og:image:height\" content=\"500\" \/>\n\t<meta property=\"og:image:type\" content=\"image\/webp\" \/>\n<meta name=\"twitter:card\" content=\"summary_large_image\" \/>\n<meta name=\"twitter:label1\" content=\"Tiempo de lectura\" \/>\n\t<meta name=\"twitter:data1\" content=\"2 minutos\" \/>\n<script type=\"application\/ld+json\" class=\"yoast-schema-graph\">{\"@context\":\"https:\/\/schema.org\",\"@graph\":[{\"@type\":\"WebPage\",\"@id\":\"https:\/\/icadblock.com\/es\/coleccion-muebles-dwg-autocad\/sillas-en-dwg-autocad\/mecedora-en-dwg-autocad\/\",\"url\":\"https:\/\/icadblock.com\/es\/coleccion-muebles-dwg-autocad\/sillas-en-dwg-autocad\/mecedora-en-dwg-autocad\/\",\"name\":\"Mecedora en DWG AutoCAD, Colecci\u00f3n - iCADBLOCK\",\"isPartOf\":{\"@id\":\"https:\/\/icadblock.com\/es\/#website\"},\"primaryImageOfPage\":{\"@id\":\"https:\/\/icadblock.com\/es\/coleccion-muebles-dwg-autocad\/sillas-en-dwg-autocad\/mecedora-en-dwg-autocad\/#primaryimage\"},\"image\":{\"@id\":\"https:\/\/icadblock.com\/es\/coleccion-muebles-dwg-autocad\/sillas-en-dwg-autocad\/mecedora-en-dwg-autocad\/#primaryimage\"},\"thumbnailUrl\":\"https:\/\/icadblock.com\/wp-content\/uploads\/2022\/02\/Rocking-chair-cad-block.webp\",\"datePublished\":\"2022-02-22T14:42:31+00:00\",\"dateModified\":\"2023-12-16T08:20:48+00:00\",\"description\":\"Aqu\u00ed, en esta p\u00e1gina, hemos proporcionado una colecci\u00f3n de mecedora en DWG AutoCAD. Puedes encontrar muchas mecedoras de diferentes tipos\",\"breadcrumb\":{\"@id\":\"https:\/\/icadblock.com\/es\/coleccion-muebles-dwg-autocad\/sillas-en-dwg-autocad\/mecedora-en-dwg-autocad\/#breadcrumb\"},\"inLanguage\":\"es\",\"potentialAction\":[{\"@type\":\"ReadAction\",\"target\":[\"https:\/\/icadblock.com\/es\/coleccion-muebles-dwg-autocad\/sillas-en-dwg-autocad\/mecedora-en-dwg-autocad\/\"]}]},{\"@type\":\"ImageObject\",\"inLanguage\":\"es\",\"@id\":\"https:\/\/icadblock.com\/es\/coleccion-muebles-dwg-autocad\/sillas-en-dwg-autocad\/mecedora-en-dwg-autocad\/#primaryimage\",\"url\":\"https:\/\/icadblock.com\/wp-content\/uploads\/2022\/02\/Rocking-chair-cad-block.webp\",\"contentUrl\":\"https:\/\/icadblock.com\/wp-content\/uploads\/2022\/02\/Rocking-chair-cad-block.webp\",\"width\":740,\"height\":500,\"caption\":\"Mecedora en DWG AutoCAD\"},{\"@type\":\"BreadcrumbList\",\"@id\":\"https:\/\/icadblock.com\/es\/coleccion-muebles-dwg-autocad\/sillas-en-dwg-autocad\/mecedora-en-dwg-autocad\/#breadcrumb\",\"itemListElement\":[{\"@type\":\"ListItem\",\"position\":1,\"name\":\"Home\",\"item\":\"https:\/\/icadblock.com\/es\/\"},{\"@type\":\"ListItem\",\"position\":2,\"name\":\"Colecci\u00f3n de muebles DWG en AutoCAD\",\"item\":\"https:\/\/icadblock.com\/es\/coleccion-muebles-dwg-autocad\/\"},{\"@type\":\"ListItem\",\"position\":3,\"name\":\"Sillas en DWG AutoCAD\u200b, Descargar\",\"item\":\"https:\/\/icadblock.com\/es\/coleccion-muebles-dwg-autocad\/sillas-en-dwg-autocad\/\"},{\"@type\":\"ListItem\",\"position\":4,\"name\":\"Mecedora en DWG AutoCAD, Colecci\u00f3n\"}]},{\"@type\":\"WebSite\",\"@id\":\"https:\/\/icadblock.com\/es\/#website\",\"url\":\"https:\/\/icadblock.com\/es\/\",\"name\":\"iCADBLOCK\",\"description\":\"CAD Block free download, 2d DWG models in plan\",\"publisher\":{\"@id\":\"https:\/\/icadblock.com\/es\/#organization\"},\"potentialAction\":[{\"@type\":\"SearchAction\",\"target\":{\"@type\":\"EntryPoint\",\"urlTemplate\":\"https:\/\/icadblock.com\/es\/?s={search_term_string}\"},\"query-input\":{\"@type\":\"PropertyValueSpecification\",\"valueRequired\":true,\"valueName\":\"search_term_string\"}}],\"inLanguage\":\"es\"},{\"@type\":\"Organization\",\"@id\":\"https:\/\/icadblock.com\/es\/#organization\",\"name\":\"icadblock\",\"url\":\"https:\/\/icadblock.com\/es\/\",\"logo\":{\"@type\":\"ImageObject\",\"inLanguage\":\"es\",\"@id\":\"https:\/\/icadblock.com\/es\/#\/schema\/logo\/image\/\",\"url\":\"https:\/\/icadblock.com\/wp-content\/uploads\/2022\/02\/LOGO.png\",\"contentUrl\":\"https:\/\/icadblock.com\/wp-content\/uploads\/2022\/02\/LOGO.png\",\"width\":546,\"height\":125,\"caption\":\"icadblock\"},\"image\":{\"@id\":\"https:\/\/icadblock.com\/es\/#\/schema\/logo\/image\/\"}}]}<\/script>\n<!-- \/ Yoast SEO plugin. -->","yoast_head_json":{"title":"Mecedora en DWG AutoCAD, Colecci\u00f3n - iCADBLOCK","description":"Aqu\u00ed, en esta p\u00e1gina, hemos proporcionado una colecci\u00f3n de mecedora en DWG AutoCAD. Puedes encontrar muchas mecedoras de diferentes tipos","robots":{"index":"index","follow":"follow","max-snippet":"max-snippet:-1","max-image-preview":"max-image-preview:large","max-video-preview":"max-video-preview:-1"},"canonical":"https:\/\/icadblock.com\/es\/coleccion-muebles-dwg-autocad\/sillas-en-dwg-autocad\/mecedora-en-dwg-autocad\/","og_locale":"es_ES","og_type":"article","og_title":"Mecedora en DWG AutoCAD, Colecci\u00f3n - iCADBLOCK","og_description":"Aqu\u00ed, en esta p\u00e1gina, hemos proporcionado una colecci\u00f3n de mecedora en DWG AutoCAD. Puedes encontrar muchas mecedoras de diferentes tipos","og_url":"https:\/\/icadblock.com\/es\/coleccion-muebles-dwg-autocad\/sillas-en-dwg-autocad\/mecedora-en-dwg-autocad\/","og_site_name":"iCADBLOCK","article_modified_time":"2023-12-16T08:20:48+00:00","og_image":[{"width":740,"height":500,"url":"https:\/\/icadblock.com\/wp-content\/uploads\/2022\/02\/Rocking-chair-cad-block.webp","type":"image\/webp"}],"twitter_card":"summary_large_image","twitter_misc":{"Tiempo de lectura":"2 minutos"},"schema":{"@context":"https:\/\/schema.org","@graph":[{"@type":"WebPage","@id":"https:\/\/icadblock.com\/es\/coleccion-muebles-dwg-autocad\/sillas-en-dwg-autocad\/mecedora-en-dwg-autocad\/","url":"https:\/\/icadblock.com\/es\/coleccion-muebles-dwg-autocad\/sillas-en-dwg-autocad\/mecedora-en-dwg-autocad\/","name":"Mecedora en DWG AutoCAD, Colecci\u00f3n - iCADBLOCK","isPartOf":{"@id":"https:\/\/icadblock.com\/es\/#website"},"primaryImageOfPage":{"@id":"https:\/\/icadblock.com\/es\/coleccion-muebles-dwg-autocad\/sillas-en-dwg-autocad\/mecedora-en-dwg-autocad\/#primaryimage"},"image":{"@id":"https:\/\/icadblock.com\/es\/coleccion-muebles-dwg-autocad\/sillas-en-dwg-autocad\/mecedora-en-dwg-autocad\/#primaryimage"},"thumbnailUrl":"https:\/\/icadblock.com\/wp-content\/uploads\/2022\/02\/Rocking-chair-cad-block.webp","datePublished":"2022-02-22T14:42:31+00:00","dateModified":"2023-12-16T08:20:48+00:00","description":"Aqu\u00ed, en esta p\u00e1gina, hemos proporcionado una colecci\u00f3n de mecedora en DWG AutoCAD. Puedes encontrar muchas mecedoras de diferentes tipos","breadcrumb":{"@id":"https:\/\/icadblock.com\/es\/coleccion-muebles-dwg-autocad\/sillas-en-dwg-autocad\/mecedora-en-dwg-autocad\/#breadcrumb"},"inLanguage":"es","potentialAction":[{"@type":"ReadAction","target":["https:\/\/icadblock.com\/es\/coleccion-muebles-dwg-autocad\/sillas-en-dwg-autocad\/mecedora-en-dwg-autocad\/"]}]},{"@type":"ImageObject","inLanguage":"es","@id":"https:\/\/icadblock.com\/es\/coleccion-muebles-dwg-autocad\/sillas-en-dwg-autocad\/mecedora-en-dwg-autocad\/#primaryimage","url":"https:\/\/icadblock.com\/wp-content\/uploads\/2022\/02\/Rocking-chair-cad-block.webp","contentUrl":"https:\/\/icadblock.com\/wp-content\/uploads\/2022\/02\/Rocking-chair-cad-block.webp","width":740,"height":500,"caption":"Mecedora en DWG AutoCAD"},{"@type":"BreadcrumbList","@id":"https:\/\/icadblock.com\/es\/coleccion-muebles-dwg-autocad\/sillas-en-dwg-autocad\/mecedora-en-dwg-autocad\/#breadcrumb","itemListElement":[{"@type":"ListItem","position":1,"name":"Home","item":"https:\/\/icadblock.com\/es\/"},{"@type":"ListItem","position":2,"name":"Colecci\u00f3n de muebles DWG en AutoCAD","item":"https:\/\/icadblock.com\/es\/coleccion-muebles-dwg-autocad\/"},{"@type":"ListItem","position":3,"name":"Sillas en DWG AutoCAD\u200b, Descargar","item":"https:\/\/icadblock.com\/es\/coleccion-muebles-dwg-autocad\/sillas-en-dwg-autocad\/"},{"@type":"ListItem","position":4,"name":"Mecedora en DWG AutoCAD, Colecci\u00f3n"}]},{"@type":"WebSite","@id":"https:\/\/icadblock.com\/es\/#website","url":"https:\/\/icadblock.com\/es\/","name":"iCADBLOCK","description":"CAD Block free download, 2d DWG models in plan","publisher":{"@id":"https:\/\/icadblock.com\/es\/#organization"},"potentialAction":[{"@type":"SearchAction","target":{"@type":"EntryPoint","urlTemplate":"https:\/\/icadblock.com\/es\/?s={search_term_string}"},"query-input":{"@type":"PropertyValueSpecification","valueRequired":true,"valueName":"search_term_string"}}],"inLanguage":"es"},{"@type":"Organization","@id":"https:\/\/icadblock.com\/es\/#organization","name":"icadblock","url":"https:\/\/icadblock.com\/es\/","logo":{"@type":"ImageObject","inLanguage":"es","@id":"https:\/\/icadblock.com\/es\/#\/schema\/logo\/image\/","url":"https:\/\/icadblock.com\/wp-content\/uploads\/2022\/02\/LOGO.png","contentUrl":"https:\/\/icadblock.com\/wp-content\/uploads\/2022\/02\/LOGO.png","width":546,"height":125,"caption":"icadblock"},"image":{"@id":"https:\/\/icadblock.com\/es\/#\/schema\/logo\/image\/"}}]}},"_links":{"self":[{"href":"https:\/\/icadblock.com\/es\/wp-json\/wp\/v2\/pages\/8907","targetHints":{"allow":["GET"]}}],"collection":[{"href":"https:\/\/icadblock.com\/es\/wp-json\/wp\/v2\/pages"}],"about":[{"href":"https:\/\/icadblock.com\/es\/wp-json\/wp\/v2\/types\/page"}],"author":[{"embeddable":true,"href":"https:\/\/icadblock.com\/es\/wp-json\/wp\/v2\/users\/2"}],"replies":[{"embeddable":true,"href":"https:\/\/icadblock.com\/es\/wp-json\/wp\/v2\/comments?post=8907"}],"version-history":[{"count":10,"href":"https:\/\/icadblock.com\/es\/wp-json\/wp\/v2\/pages\/8907\/revisions"}],"predecessor-version":[{"id":8925,"href":"https:\/\/icadblock.com\/es\/wp-json\/wp\/v2\/pages\/8907\/revisions\/8925"}],"up":[{"embeddable":true,"href":"https:\/\/icadblock.com\/es\/wp-json\/wp\/v2\/pages\/8889"}],"wp:featuredmedia":[{"embeddable":true,"href":"https:\/\/icadblock.com\/es\/wp-json\/wp\/v2\/media\/7979"}],"wp:attachment":[{"href":"https:\/\/icadblock.com\/es\/wp-json\/wp\/v2\/media?parent=8907"}],"curies":[{"name":"wp","href":"https:\/\/api.w.org\/{rel}","templated":true}]}}