{"id":9007,"date":"2022-03-05T09:12:26","date_gmt":"2022-03-05T09:12:26","guid":{"rendered":"https:\/\/icadblock.com\/?page_id=9007"},"modified":"2023-12-16T11:23:28","modified_gmt":"2023-12-16T11:23:28","slug":"coleccion-de-plantas-en-dwg-autocad","status":"publish","type":"page","link":"https:\/\/icadblock.com\/es\/coleccion-de-plantas-en-dwg-autocad\/","title":{"rendered":"Colecci\u00f3n de plantas en DWG AutoCAD"},"content":{"rendered":"\t\t<div data-elementor-type=\"wp-page\" data-elementor-id=\"9007\" class=\"elementor elementor-9007 elementor-871\" data-elementor-post-type=\"page\">\n\t\t\t\t\t\t<section class=\"elementor-section elementor-top-section elementor-element elementor-element-8dc93 elementor-section-boxed elementor-section-height-default elementor-section-height-default\" data-id=\"8dc93\" data-element_type=\"section\">\n\t\t\t\t\t\t<div class=\"elementor-container elementor-column-gap-default\">\n\t\t\t\t\t<div class=\"elementor-column elementor-col-50 elementor-top-column elementor-element elementor-element-28b70900\" data-id=\"28b70900\" data-element_type=\"column\">\n\t\t\t<div class=\"elementor-widget-wrap elementor-element-populated\">\n\t\t\t\t\t\t<div class=\"elementor-element elementor-element-4a411a87 elementor-widget elementor-widget-text-editor\" data-id=\"4a411a87\" data-element_type=\"widget\" data-widget_type=\"text-editor.default\">\n\t\t\t\t<div class=\"elementor-widget-container\">\n\t\t\t<style>\/*! elementor - v3.21.0 - 30-04-2024 *\/\n.elementor-widget-text-editor.elementor-drop-cap-view-stacked .elementor-drop-cap{background-color:#69727d;color:#fff}.elementor-widget-text-editor.elementor-drop-cap-view-framed .elementor-drop-cap{color:#69727d;border:3px solid;background-color:transparent}.elementor-widget-text-editor:not(.elementor-drop-cap-view-default) .elementor-drop-cap{margin-top:8px}.elementor-widget-text-editor:not(.elementor-drop-cap-view-default) .elementor-drop-cap-letter{width:1em;height:1em}.elementor-widget-text-editor .elementor-drop-cap{float:left;text-align:center;line-height:1;font-size:50px}.elementor-widget-text-editor .elementor-drop-cap-letter{display:inline-block}<\/style>\t\t\t\t<p>Aqu\u00ed, en esta p\u00e1gina, proporcionamos la colecci\u00f3n de bloques CAD <strong>de plantas en DWG.<\/strong><\/p><p>Puede utilizar estos bloques CAD en vistas en planta y en alzado.<\/p><p>Disponemos de muchas plantas de exterior e interior.<\/p><p>Puede utilizar estos modelos DWG en sus proyectos CAD. Adem\u00e1s, estos bloques CAD le ayudar\u00e1n a crear modelos 3D.<\/p><p>Vamos a proporcionar muchos \u00e1rboles, flores, arbustos, vegetaci\u00f3n, etc.<\/p><p>Tenga en cuenta que puede marcar esta p\u00e1gina como favorita para futuras actualizaciones.<\/p><p>Mire los siguientes modelos DWG y elija lo que necesita.<\/p>\t\t\t\t\t\t<\/div>\n\t\t\t\t<\/div>\n\t\t\t\t<div class=\"elementor-element elementor-element-0126c4e elementor-widget elementor-widget-heading\" data-id=\"0126c4e\" data-element_type=\"widget\" data-widget_type=\"heading.default\">\n\t\t\t\t<div class=\"elementor-widget-container\">\n\t\t\t<style>\/*! elementor - v3.21.0 - 30-04-2024 *\/\n.elementor-heading-title{padding:0;margin:0;line-height:1}.elementor-widget-heading .elementor-heading-title[class*=elementor-size-]>a{color:inherit;font-size:inherit;line-height:inherit}.elementor-widget-heading .elementor-heading-title.elementor-size-small{font-size:15px}.elementor-widget-heading .elementor-heading-title.elementor-size-medium{font-size:19px}.elementor-widget-heading .elementor-heading-title.elementor-size-large{font-size:29px}.elementor-widget-heading .elementor-heading-title.elementor-size-xl{font-size:39px}.elementor-widget-heading .elementor-heading-title.elementor-size-xxl{font-size:59px}<\/style><h2 class=\"elementor-heading-title elementor-size-default\">De plantas en DWG AutoCAD<\/h2>\t\t<\/div>\n\t\t\t\t<\/div>\n\t\t\t\t<div class=\"elementor-element elementor-element-1bec3d5 elementor-widget elementor-widget-text-editor\" data-id=\"1bec3d5\" data-element_type=\"widget\" data-widget_type=\"text-editor.default\">\n\t\t\t\t<div class=\"elementor-widget-container\">\n\t\t\t\t\t\t\t<p><\/p>\t\t\t\t\t\t<\/div>\n\t\t\t\t<\/div>\n\t\t\t\t<div class=\"elementor-element elementor-element-72527a4 elementor-widget elementor-widget-text-editor\" data-id=\"72527a4\" data-element_type=\"widget\" data-widget_type=\"text-editor.default\">\n\t\t\t\t<div class=\"elementor-widget-container\">\n\t\t\t\t\t\t\t<h3><span style=\"color: #0000ff;\">Notas:<\/span><\/h3><p>La planta juega un papel importante en los dibujos de AutoCAD.<\/p><p>Como sab\u00e9is, podemos utilizar plantas tanto de interior como de exterior.<\/p><p>Al dibujar planos de planta, seg\u00fan el tema de su dibujo, es posible que desee utilizar diferentes tipos de bloques CAD de plantas.<\/p><p>De hecho, la mayor\u00eda de nosotros usamos flores dentro de las habitaciones.<\/p><p>Adem\u00e1s, cuando se trata de mobiliario de exterior, nunca se pueden olvidar las plantas de exterior.<\/p><p>Agregar\u00e1 m\u00e1s belleza a su dibujo CAD utilizando estos modelos DWG.<\/p><p>Al dibujar un plano del sitio vemos lo importante que puede ser una planta.<\/p><p>Adem\u00e1s, utilizar plantas DWG en nuestros dibujos nos dar\u00e1 una buena comprensi\u00f3n del espacio y las dimensiones.<\/p>\t\t\t\t\t\t<\/div>\n\t\t\t\t<\/div>\n\t\t\t\t\t<\/div>\n\t\t<\/div>\n\t\t\t\t<div class=\"jet-sticky-column-sticky elementor-column elementor-col-50 elementor-top-column elementor-element elementor-element-a9242a1\" data-jet-sticky-column-settings=\"{&quot;id&quot;:&quot;a9242a1&quot;,&quot;sticky&quot;:true,&quot;topSpacing&quot;:50,&quot;bottomSpacing&quot;:50,&quot;stickyOn&quot;:[&quot;desktop&quot;,&quot;tablet&quot;]}\" data-id=\"a9242a1\" data-element_type=\"column\">\n\t\t\t<div class=\"elementor-widget-wrap elementor-element-populated\">\n\t\t\t\t\t\t\t<\/div>\n\t\t<\/div>\n\t\t\t\t\t<\/div>\n\t\t<\/section>\n\t\t\t\t<section class=\"elementor-section elementor-top-section elementor-element elementor-element-ab6d5a7 elementor-section-boxed elementor-section-height-default elementor-section-height-default\" data-id=\"ab6d5a7\" data-element_type=\"section\">\n\t\t\t\t\t\t<div class=\"elementor-container elementor-column-gap-default\">\n\t\t\t\t\t<div class=\"elementor-column elementor-col-100 elementor-top-column elementor-element elementor-element-d1ddb9b\" data-id=\"d1ddb9b\" data-element_type=\"column\">\n\t\t\t<div class=\"elementor-widget-wrap elementor-element-populated\">\n\t\t\t\t\t\t\t<\/div>\n\t\t<\/div>\n\t\t\t\t\t<\/div>\n\t\t<\/section>\n\t\t\t\t<section class=\"elementor-section elementor-top-section elementor-element elementor-element-bd90d28 elementor-section-boxed elementor-section-height-default elementor-section-height-default\" data-id=\"bd90d28\" data-element_type=\"section\">\n\t\t\t\t\t\t<div class=\"elementor-container elementor-column-gap-default\">\n\t\t\t\t\t<div class=\"elementor-column elementor-col-100 elementor-top-column elementor-element elementor-element-f073cbf\" data-id=\"f073cbf\" data-element_type=\"column\">\n\t\t\t<div class=\"elementor-widget-wrap\">\n\t\t\t\t\t\t\t<\/div>\n\t\t<\/div>\n\t\t\t\t\t<\/div>\n\t\t<\/section>\n\t\t\t\t<\/div>\n\t\t","protected":false},"excerpt":{"rendered":"<p>Aqu\u00ed, en esta p\u00e1gina, proporcionamos la colecci\u00f3n de bloques CAD de plantas en DWG. Puede utilizar estos bloques CAD en [&hellip;]<\/p>\n","protected":false},"author":2,"featured_media":8044,"parent":0,"menu_order":0,"comment_status":"closed","ping_status":"closed","template":"","meta":{"site-sidebar-layout":"default","site-content-layout":"","ast-site-content-layout":"","site-content-style":"default","site-sidebar-style":"default","ast-global-header-display":"","ast-banner-title-visibility":"","ast-main-header-display":"","ast-hfb-above-header-display":"","ast-hfb-below-header-display":"","ast-hfb-mobile-header-display":"","site-post-title":"","ast-breadcrumbs-content":"","ast-featured-img":"","footer-sml-layout":"","theme-transparent-header-meta":"","adv-header-id-meta":"","stick-header-meta":"","header-above-stick-meta":"","header-main-stick-meta":"","header-below-stick-meta":"","astra-migrate-meta-layouts":"default","ast-page-background-enabled":"default","ast-page-background-meta":{"desktop":{"background-color":"var(--ast-global-color-4)","background-image":"","background-repeat":"repeat","background-position":"center center","background-size":"auto","background-attachment":"scroll","background-type":"","background-media":"","overlay-type":"","overlay-color":"","overlay-gradient":""},"tablet":{"background-color":"","background-image":"","background-repeat":"repeat","background-position":"center center","background-size":"auto","background-attachment":"scroll","background-type":"","background-media":"","overlay-type":"","overlay-color":"","overlay-gradient":""},"mobile":{"background-color":"","background-image":"","background-repeat":"repeat","background-position":"center center","background-size":"auto","background-attachment":"scroll","background-type":"","background-media":"","overlay-type":"","overlay-color":"","overlay-gradient":""}},"ast-content-background-meta":{"desktop":{"background-color":"var(--ast-global-color-5)","background-image":"","background-repeat":"repeat","background-position":"center center","background-size":"auto","background-attachment":"scroll","background-type":"","background-media":"","overlay-type":"","overlay-color":"","overlay-gradient":""},"tablet":{"background-color":"var(--ast-global-color-5)","background-image":"","background-repeat":"repeat","background-position":"center center","background-size":"auto","background-attachment":"scroll","background-type":"","background-media":"","overlay-type":"","overlay-color":"","overlay-gradient":""},"mobile":{"background-color":"var(--ast-global-color-5)","background-image":"","background-repeat":"repeat","background-position":"center center","background-size":"auto","background-attachment":"scroll","background-type":"","background-media":"","overlay-type":"","overlay-color":"","overlay-gradient":""}},"footnotes":""},"class_list":["post-9007","page","type-page","status-publish","has-post-thumbnail","hentry"],"yoast_head":"<!-- This site is optimized with the Yoast SEO plugin v26.0 - https:\/\/yoast.com\/wordpress\/plugins\/seo\/ -->\n<title>Colecci\u00f3n de plantas en DWG AutoCAD - iCADBLOCK<\/title>\n<meta name=\"description\" content=\"Aqu\u00ed, en esta p\u00e1gina, proporcionamos la colecci\u00f3n de bloques CAD de plantas en DWG. Puede utilizar estos bloques CAD en vistas en planta\" \/>\n<meta name=\"robots\" content=\"index, follow, max-snippet:-1, max-image-preview:large, max-video-preview:-1\" \/>\n<link rel=\"canonical\" href=\"https:\/\/icadblock.com\/es\/coleccion-de-plantas-en-dwg-autocad\/\" \/>\n<meta property=\"og:locale\" content=\"es_ES\" \/>\n<meta property=\"og:type\" content=\"article\" \/>\n<meta property=\"og:title\" content=\"Colecci\u00f3n de plantas en DWG AutoCAD - iCADBLOCK\" \/>\n<meta property=\"og:description\" content=\"Aqu\u00ed, en esta p\u00e1gina, proporcionamos la colecci\u00f3n de bloques CAD de plantas en DWG. Puede utilizar estos bloques CAD en vistas en planta\" \/>\n<meta property=\"og:url\" content=\"https:\/\/icadblock.com\/es\/coleccion-de-plantas-en-dwg-autocad\/\" \/>\n<meta property=\"og:site_name\" content=\"iCADBLOCK\" \/>\n<meta property=\"article:modified_time\" content=\"2023-12-16T11:23:28+00:00\" \/>\n<meta property=\"og:image\" content=\"https:\/\/icadblock.com\/wp-content\/uploads\/2022\/04\/plant.webp\" \/>\n\t<meta property=\"og:image:width\" content=\"740\" \/>\n\t<meta property=\"og:image:height\" content=\"500\" \/>\n\t<meta property=\"og:image:type\" content=\"image\/webp\" \/>\n<meta name=\"twitter:card\" content=\"summary_large_image\" \/>\n<meta name=\"twitter:label1\" content=\"Tiempo de lectura\" \/>\n\t<meta name=\"twitter:data1\" content=\"2 minutos\" \/>\n<script type=\"application\/ld+json\" class=\"yoast-schema-graph\">{\"@context\":\"https:\/\/schema.org\",\"@graph\":[{\"@type\":\"WebPage\",\"@id\":\"https:\/\/icadblock.com\/es\/coleccion-de-plantas-en-dwg-autocad\/\",\"url\":\"https:\/\/icadblock.com\/es\/coleccion-de-plantas-en-dwg-autocad\/\",\"name\":\"Colecci\u00f3n de plantas en DWG AutoCAD - iCADBLOCK\",\"isPartOf\":{\"@id\":\"https:\/\/icadblock.com\/es\/#website\"},\"primaryImageOfPage\":{\"@id\":\"https:\/\/icadblock.com\/es\/coleccion-de-plantas-en-dwg-autocad\/#primaryimage\"},\"image\":{\"@id\":\"https:\/\/icadblock.com\/es\/coleccion-de-plantas-en-dwg-autocad\/#primaryimage\"},\"thumbnailUrl\":\"https:\/\/icadblock.com\/wp-content\/uploads\/2022\/04\/plant.webp\",\"datePublished\":\"2022-03-05T09:12:26+00:00\",\"dateModified\":\"2023-12-16T11:23:28+00:00\",\"description\":\"Aqu\u00ed, en esta p\u00e1gina, proporcionamos la colecci\u00f3n de bloques CAD de plantas en DWG. Puede utilizar estos bloques CAD en vistas en planta\",\"breadcrumb\":{\"@id\":\"https:\/\/icadblock.com\/es\/coleccion-de-plantas-en-dwg-autocad\/#breadcrumb\"},\"inLanguage\":\"es\",\"potentialAction\":[{\"@type\":\"ReadAction\",\"target\":[\"https:\/\/icadblock.com\/es\/coleccion-de-plantas-en-dwg-autocad\/\"]}]},{\"@type\":\"ImageObject\",\"inLanguage\":\"es\",\"@id\":\"https:\/\/icadblock.com\/es\/coleccion-de-plantas-en-dwg-autocad\/#primaryimage\",\"url\":\"https:\/\/icadblock.com\/wp-content\/uploads\/2022\/04\/plant.webp\",\"contentUrl\":\"https:\/\/icadblock.com\/wp-content\/uploads\/2022\/04\/plant.webp\",\"width\":740,\"height\":500,\"caption\":\"Colecci\u00f3n de plantas en DWG\"},{\"@type\":\"BreadcrumbList\",\"@id\":\"https:\/\/icadblock.com\/es\/coleccion-de-plantas-en-dwg-autocad\/#breadcrumb\",\"itemListElement\":[{\"@type\":\"ListItem\",\"position\":1,\"name\":\"Home\",\"item\":\"https:\/\/icadblock.com\/es\/\"},{\"@type\":\"ListItem\",\"position\":2,\"name\":\"Colecci\u00f3n de plantas en DWG AutoCAD\"}]},{\"@type\":\"WebSite\",\"@id\":\"https:\/\/icadblock.com\/es\/#website\",\"url\":\"https:\/\/icadblock.com\/es\/\",\"name\":\"iCADBLOCK\",\"description\":\"CAD Block free download, 2d DWG models in plan\",\"publisher\":{\"@id\":\"https:\/\/icadblock.com\/es\/#organization\"},\"potentialAction\":[{\"@type\":\"SearchAction\",\"target\":{\"@type\":\"EntryPoint\",\"urlTemplate\":\"https:\/\/icadblock.com\/es\/?s={search_term_string}\"},\"query-input\":{\"@type\":\"PropertyValueSpecification\",\"valueRequired\":true,\"valueName\":\"search_term_string\"}}],\"inLanguage\":\"es\"},{\"@type\":\"Organization\",\"@id\":\"https:\/\/icadblock.com\/es\/#organization\",\"name\":\"icadblock\",\"url\":\"https:\/\/icadblock.com\/es\/\",\"logo\":{\"@type\":\"ImageObject\",\"inLanguage\":\"es\",\"@id\":\"https:\/\/icadblock.com\/es\/#\/schema\/logo\/image\/\",\"url\":\"https:\/\/icadblock.com\/wp-content\/uploads\/2022\/02\/LOGO.png\",\"contentUrl\":\"https:\/\/icadblock.com\/wp-content\/uploads\/2022\/02\/LOGO.png\",\"width\":546,\"height\":125,\"caption\":\"icadblock\"},\"image\":{\"@id\":\"https:\/\/icadblock.com\/es\/#\/schema\/logo\/image\/\"}}]}<\/script>\n<!-- \/ Yoast SEO plugin. -->","yoast_head_json":{"title":"Colecci\u00f3n de plantas en DWG AutoCAD - iCADBLOCK","description":"Aqu\u00ed, en esta p\u00e1gina, proporcionamos la colecci\u00f3n de bloques CAD de plantas en DWG. Puede utilizar estos bloques CAD en vistas en planta","robots":{"index":"index","follow":"follow","max-snippet":"max-snippet:-1","max-image-preview":"max-image-preview:large","max-video-preview":"max-video-preview:-1"},"canonical":"https:\/\/icadblock.com\/es\/coleccion-de-plantas-en-dwg-autocad\/","og_locale":"es_ES","og_type":"article","og_title":"Colecci\u00f3n de plantas en DWG AutoCAD - iCADBLOCK","og_description":"Aqu\u00ed, en esta p\u00e1gina, proporcionamos la colecci\u00f3n de bloques CAD de plantas en DWG. Puede utilizar estos bloques CAD en vistas en planta","og_url":"https:\/\/icadblock.com\/es\/coleccion-de-plantas-en-dwg-autocad\/","og_site_name":"iCADBLOCK","article_modified_time":"2023-12-16T11:23:28+00:00","og_image":[{"width":740,"height":500,"url":"https:\/\/icadblock.com\/wp-content\/uploads\/2022\/04\/plant.webp","type":"image\/webp"}],"twitter_card":"summary_large_image","twitter_misc":{"Tiempo de lectura":"2 minutos"},"schema":{"@context":"https:\/\/schema.org","@graph":[{"@type":"WebPage","@id":"https:\/\/icadblock.com\/es\/coleccion-de-plantas-en-dwg-autocad\/","url":"https:\/\/icadblock.com\/es\/coleccion-de-plantas-en-dwg-autocad\/","name":"Colecci\u00f3n de plantas en DWG AutoCAD - iCADBLOCK","isPartOf":{"@id":"https:\/\/icadblock.com\/es\/#website"},"primaryImageOfPage":{"@id":"https:\/\/icadblock.com\/es\/coleccion-de-plantas-en-dwg-autocad\/#primaryimage"},"image":{"@id":"https:\/\/icadblock.com\/es\/coleccion-de-plantas-en-dwg-autocad\/#primaryimage"},"thumbnailUrl":"https:\/\/icadblock.com\/wp-content\/uploads\/2022\/04\/plant.webp","datePublished":"2022-03-05T09:12:26+00:00","dateModified":"2023-12-16T11:23:28+00:00","description":"Aqu\u00ed, en esta p\u00e1gina, proporcionamos la colecci\u00f3n de bloques CAD de plantas en DWG. Puede utilizar estos bloques CAD en vistas en planta","breadcrumb":{"@id":"https:\/\/icadblock.com\/es\/coleccion-de-plantas-en-dwg-autocad\/#breadcrumb"},"inLanguage":"es","potentialAction":[{"@type":"ReadAction","target":["https:\/\/icadblock.com\/es\/coleccion-de-plantas-en-dwg-autocad\/"]}]},{"@type":"ImageObject","inLanguage":"es","@id":"https:\/\/icadblock.com\/es\/coleccion-de-plantas-en-dwg-autocad\/#primaryimage","url":"https:\/\/icadblock.com\/wp-content\/uploads\/2022\/04\/plant.webp","contentUrl":"https:\/\/icadblock.com\/wp-content\/uploads\/2022\/04\/plant.webp","width":740,"height":500,"caption":"Colecci\u00f3n de plantas en DWG"},{"@type":"BreadcrumbList","@id":"https:\/\/icadblock.com\/es\/coleccion-de-plantas-en-dwg-autocad\/#breadcrumb","itemListElement":[{"@type":"ListItem","position":1,"name":"Home","item":"https:\/\/icadblock.com\/es\/"},{"@type":"ListItem","position":2,"name":"Colecci\u00f3n de plantas en DWG AutoCAD"}]},{"@type":"WebSite","@id":"https:\/\/icadblock.com\/es\/#website","url":"https:\/\/icadblock.com\/es\/","name":"iCADBLOCK","description":"CAD Block free download, 2d DWG models in plan","publisher":{"@id":"https:\/\/icadblock.com\/es\/#organization"},"potentialAction":[{"@type":"SearchAction","target":{"@type":"EntryPoint","urlTemplate":"https:\/\/icadblock.com\/es\/?s={search_term_string}"},"query-input":{"@type":"PropertyValueSpecification","valueRequired":true,"valueName":"search_term_string"}}],"inLanguage":"es"},{"@type":"Organization","@id":"https:\/\/icadblock.com\/es\/#organization","name":"icadblock","url":"https:\/\/icadblock.com\/es\/","logo":{"@type":"ImageObject","inLanguage":"es","@id":"https:\/\/icadblock.com\/es\/#\/schema\/logo\/image\/","url":"https:\/\/icadblock.com\/wp-content\/uploads\/2022\/02\/LOGO.png","contentUrl":"https:\/\/icadblock.com\/wp-content\/uploads\/2022\/02\/LOGO.png","width":546,"height":125,"caption":"icadblock"},"image":{"@id":"https:\/\/icadblock.com\/es\/#\/schema\/logo\/image\/"}}]}},"_links":{"self":[{"href":"https:\/\/icadblock.com\/es\/wp-json\/wp\/v2\/pages\/9007","targetHints":{"allow":["GET"]}}],"collection":[{"href":"https:\/\/icadblock.com\/es\/wp-json\/wp\/v2\/pages"}],"about":[{"href":"https:\/\/icadblock.com\/es\/wp-json\/wp\/v2\/types\/page"}],"author":[{"embeddable":true,"href":"https:\/\/icadblock.com\/es\/wp-json\/wp\/v2\/users\/2"}],"replies":[{"embeddable":true,"href":"https:\/\/icadblock.com\/es\/wp-json\/wp\/v2\/comments?post=9007"}],"version-history":[{"count":5,"href":"https:\/\/icadblock.com\/es\/wp-json\/wp\/v2\/pages\/9007\/revisions"}],"predecessor-version":[{"id":9012,"href":"https:\/\/icadblock.com\/es\/wp-json\/wp\/v2\/pages\/9007\/revisions\/9012"}],"wp:featuredmedia":[{"embeddable":true,"href":"https:\/\/icadblock.com\/es\/wp-json\/wp\/v2\/media\/8044"}],"wp:attachment":[{"href":"https:\/\/icadblock.com\/es\/wp-json\/wp\/v2\/media?parent=9007"}],"curies":[{"name":"wp","href":"https:\/\/api.w.org\/{rel}","templated":true}]}}