{"id":9018,"date":"2022-03-03T15:09:19","date_gmt":"2022-03-03T15:09:19","guid":{"rendered":"https:\/\/icadblock.com\/?page_id=9018"},"modified":"2023-12-16T11:55:07","modified_gmt":"2023-12-16T11:55:07","slug":"silla-de-estudiante-en-dwg","status":"publish","type":"page","link":"https:\/\/icadblock.com\/es\/coleccion-muebles-dwg-autocad\/sillas-en-dwg-autocad\/silla-de-estudiante-en-dwg\/","title":{"rendered":"Silla de Estudiante en DWG AutoCAD, descargar"},"content":{"rendered":"\t\t<div data-elementor-type=\"wp-page\" data-elementor-id=\"9018\" class=\"elementor elementor-9018 elementor-852\" data-elementor-post-type=\"page\">\n\t\t\t\t\t\t<section class=\"elementor-section elementor-top-section elementor-element elementor-element-7c4815fb elementor-section-boxed elementor-section-height-default elementor-section-height-default\" data-id=\"7c4815fb\" data-element_type=\"section\">\n\t\t\t\t\t\t<div class=\"elementor-container elementor-column-gap-default\">\n\t\t\t\t\t<div class=\"elementor-column elementor-col-50 elementor-top-column elementor-element elementor-element-435783ff\" data-id=\"435783ff\" data-element_type=\"column\">\n\t\t\t<div class=\"elementor-widget-wrap elementor-element-populated\">\n\t\t\t\t\t\t<div class=\"elementor-element elementor-element-67b91914 elementor-widget elementor-widget-text-editor\" data-id=\"67b91914\" data-element_type=\"widget\" data-widget_type=\"text-editor.default\">\n\t\t\t\t<div class=\"elementor-widget-container\">\n\t\t\t<style>\/*! elementor - v3.21.0 - 30-04-2024 *\/\n.elementor-widget-text-editor.elementor-drop-cap-view-stacked .elementor-drop-cap{background-color:#69727d;color:#fff}.elementor-widget-text-editor.elementor-drop-cap-view-framed .elementor-drop-cap{color:#69727d;border:3px solid;background-color:transparent}.elementor-widget-text-editor:not(.elementor-drop-cap-view-default) .elementor-drop-cap{margin-top:8px}.elementor-widget-text-editor:not(.elementor-drop-cap-view-default) .elementor-drop-cap-letter{width:1em;height:1em}.elementor-widget-text-editor .elementor-drop-cap{float:left;text-align:center;line-height:1;font-size:50px}.elementor-widget-text-editor .elementor-drop-cap-letter{display:inline-block}<\/style>\t\t\t\t<div id=\":o4\" class=\"Ar Au Ao\"><div id=\":su\" class=\"Am aiL Al editable LW-avf tS-tW tS-tY\" tabindex=\"1\" role=\"textbox\" contenteditable=\"true\" spellcheck=\"false\" aria-label=\"Message Body\" aria-multiline=\"true\" aria-owns=\":yp\" aria-controls=\":yp\" aria-expanded=\"false\"><p>Esta p\u00e1gina est\u00e1 dedicada a proporcionar una colecci\u00f3n de bloques CAD de<strong> silla de estudiante en DWG AutoCAD<\/strong>.<\/p><p>La mayor\u00eda de los modelos DWG se dibujan en 4 vistas (superior, lateral, frontal y posterior).<\/p><p>Puede utilizar estos bloques en sus proyectos CAD con fines de decoraci\u00f3n.<\/p><p>Adem\u00e1s, estos bloques CAD pueden ayudarle a crear modelos 3D de las sillas.<\/p><p>Eche un vistazo a los siguientes modelos DWG y elija cada uno que desee.<\/p><p>Ahorrar\u00e1s tiempo utilizando estos modelos.<\/p><\/div><\/div>\t\t\t\t\t\t<\/div>\n\t\t\t\t<\/div>\n\t\t\t\t<div class=\"elementor-element elementor-element-d55ad42 elementor-widget elementor-widget-heading\" data-id=\"d55ad42\" data-element_type=\"widget\" data-widget_type=\"heading.default\">\n\t\t\t\t<div class=\"elementor-widget-container\">\n\t\t\t<style>\/*! elementor - v3.21.0 - 30-04-2024 *\/\n.elementor-heading-title{padding:0;margin:0;line-height:1}.elementor-widget-heading .elementor-heading-title[class*=elementor-size-]>a{color:inherit;font-size:inherit;line-height:inherit}.elementor-widget-heading .elementor-heading-title.elementor-size-small{font-size:15px}.elementor-widget-heading .elementor-heading-title.elementor-size-medium{font-size:19px}.elementor-widget-heading .elementor-heading-title.elementor-size-large{font-size:29px}.elementor-widget-heading .elementor-heading-title.elementor-size-xl{font-size:39px}.elementor-widget-heading .elementor-heading-title.elementor-size-xxl{font-size:59px}<\/style><h2 class=\"elementor-heading-title elementor-size-default\">Silla de Estudiante en DWG<\/h2>\t\t<\/div>\n\t\t\t\t<\/div>\n\t\t\t\t<div class=\"elementor-element elementor-element-7dc1f90 elementor-widget elementor-widget-text-editor\" data-id=\"7dc1f90\" data-element_type=\"widget\" data-widget_type=\"text-editor.default\">\n\t\t\t\t<div class=\"elementor-widget-container\">\n\t\t\t\t\t\t\t<p><\/p>\t\t\t\t\t\t<\/div>\n\t\t\t\t<\/div>\n\t\t\t\t<div class=\"elementor-element elementor-element-fb58301 elementor-widget elementor-widget-text-editor\" data-id=\"fb58301\" data-element_type=\"widget\" data-widget_type=\"text-editor.default\">\n\t\t\t\t<div class=\"elementor-widget-container\">\n\t\t\t\t\t\t\t<p>Tambi\u00e9n puede utilizar el siguiente enlace para descargar m\u00e1s bloques CAD relacionados:<\/p><p><a href=\"https:\/\/icadblock.com\/es\/coleccion-muebles-dwg-autocad\/bloques-de-escritorio-en-dwg\/escritorio-de-estudiante-en-dwg\/\"><strong><em>Escritorio de estudiante en DWG<\/em><\/strong><\/a><\/p><h3><span style=\"color: #0000ff;\">Notas de decoraci\u00f3n:<\/span><\/h3><p>Una silla de estudiante es uno de los componentes m\u00e1s utilizados en los centros educativos.<\/p><p>Al dise\u00f1ar una silla para estudiantes, es necesario prestar atenci\u00f3n a ciertos puntos.<\/p><p>Algunos expertos de la industria del mobiliario de oficina creen que el dise\u00f1o de las sillas de entrenamiento deber\u00eda ser diferente incluso para ni\u00f1as y ni\u00f1os porque sus esqueletos y apariencia son diferentes.<\/p><p>Tambi\u00e9n a la hora de amueblar los planos de planta debemos prestar atenci\u00f3n al uso de ese espacio.<\/p><p>Las sillas para estudiantes pueden variar seg\u00fan los espacios.<\/p><p>Las dimensiones son importantes a la hora de elegir escritorios y sillas.<\/p><p>El uso de un bloque CAD de silla de estudiante en sus dibujos generar\u00e1 un trabajo profesional y un hermoso dise\u00f1o.<\/p><p>Adem\u00e1s, los bloques CAD mejorar\u00e1n nuestra comprensi\u00f3n del espacio y las dimensiones.<\/p>\t\t\t\t\t\t<\/div>\n\t\t\t\t<\/div>\n\t\t\t\t\t<\/div>\n\t\t<\/div>\n\t\t\t\t<div class=\"jet-sticky-column-sticky elementor-column elementor-col-50 elementor-top-column elementor-element elementor-element-f85d623\" data-jet-sticky-column-settings=\"{&quot;id&quot;:&quot;f85d623&quot;,&quot;sticky&quot;:true,&quot;topSpacing&quot;:50,&quot;bottomSpacing&quot;:50,&quot;stickyOn&quot;:[&quot;desktop&quot;,&quot;tablet&quot;]}\" data-id=\"f85d623\" data-element_type=\"column\">\n\t\t\t<div class=\"elementor-widget-wrap elementor-element-populated\">\n\t\t\t\t\t\t\t<\/div>\n\t\t<\/div>\n\t\t\t\t\t<\/div>\n\t\t<\/section>\n\t\t\t\t<\/div>\n\t\t","protected":false},"excerpt":{"rendered":"<p>Esta p\u00e1gina est\u00e1 dedicada a proporcionar una colecci\u00f3n de bloques CAD de silla de estudiante en DWG AutoCAD. La mayor\u00eda [&hellip;]<\/p>\n","protected":false},"author":2,"featured_media":8012,"parent":8889,"menu_order":0,"comment_status":"closed","ping_status":"closed","template":"","meta":{"site-sidebar-layout":"default","site-content-layout":"","ast-site-content-layout":"","site-content-style":"default","site-sidebar-style":"default","ast-global-header-display":"","ast-banner-title-visibility":"","ast-main-header-display":"","ast-hfb-above-header-display":"","ast-hfb-below-header-display":"","ast-hfb-mobile-header-display":"","site-post-title":"","ast-breadcrumbs-content":"","ast-featured-img":"","footer-sml-layout":"","theme-transparent-header-meta":"","adv-header-id-meta":"","stick-header-meta":"","header-above-stick-meta":"","header-main-stick-meta":"","header-below-stick-meta":"","astra-migrate-meta-layouts":"default","ast-page-background-enabled":"default","ast-page-background-meta":{"desktop":{"background-color":"var(--ast-global-color-4)","background-image":"","background-repeat":"repeat","background-position":"center center","background-size":"auto","background-attachment":"scroll","background-type":"","background-media":"","overlay-type":"","overlay-color":"","overlay-gradient":""},"tablet":{"background-color":"","background-image":"","background-repeat":"repeat","background-position":"center center","background-size":"auto","background-attachment":"scroll","background-type":"","background-media":"","overlay-type":"","overlay-color":"","overlay-gradient":""},"mobile":{"background-color":"","background-image":"","background-repeat":"repeat","background-position":"center center","background-size":"auto","background-attachment":"scroll","background-type":"","background-media":"","overlay-type":"","overlay-color":"","overlay-gradient":""}},"ast-content-background-meta":{"desktop":{"background-color":"var(--ast-global-color-5)","background-image":"","background-repeat":"repeat","background-position":"center center","background-size":"auto","background-attachment":"scroll","background-type":"","background-media":"","overlay-type":"","overlay-color":"","overlay-gradient":""},"tablet":{"background-color":"var(--ast-global-color-5)","background-image":"","background-repeat":"repeat","background-position":"center center","background-size":"auto","background-attachment":"scroll","background-type":"","background-media":"","overlay-type":"","overlay-color":"","overlay-gradient":""},"mobile":{"background-color":"var(--ast-global-color-5)","background-image":"","background-repeat":"repeat","background-position":"center center","background-size":"auto","background-attachment":"scroll","background-type":"","background-media":"","overlay-type":"","overlay-color":"","overlay-gradient":""}},"footnotes":""},"class_list":["post-9018","page","type-page","status-publish","has-post-thumbnail","hentry"],"yoast_head":"<!-- This site is optimized with the Yoast SEO plugin v26.0 - https:\/\/yoast.com\/wordpress\/plugins\/seo\/ -->\n<title>Silla de Estudiante en DWG AutoCAD, descargar - iCADBLOCK<\/title>\n<meta name=\"description\" content=\"Esta p\u00e1gina est\u00e1 dedicada a proporcionar una colecci\u00f3n de bloques CAD de silla de estudiante en DWG AutoCAD. La mayor\u00eda de los modelos DWG\" \/>\n<meta name=\"robots\" content=\"index, follow, max-snippet:-1, max-image-preview:large, max-video-preview:-1\" \/>\n<link rel=\"canonical\" href=\"https:\/\/icadblock.com\/es\/coleccion-muebles-dwg-autocad\/sillas-en-dwg-autocad\/silla-de-estudiante-en-dwg\/\" \/>\n<meta property=\"og:locale\" content=\"es_ES\" \/>\n<meta property=\"og:type\" content=\"article\" \/>\n<meta property=\"og:title\" content=\"Silla de Estudiante en DWG AutoCAD, descargar - iCADBLOCK\" \/>\n<meta property=\"og:description\" content=\"Esta p\u00e1gina est\u00e1 dedicada a proporcionar una colecci\u00f3n de bloques CAD de silla de estudiante en DWG AutoCAD. La mayor\u00eda de los modelos DWG\" \/>\n<meta property=\"og:url\" content=\"https:\/\/icadblock.com\/es\/coleccion-muebles-dwg-autocad\/sillas-en-dwg-autocad\/silla-de-estudiante-en-dwg\/\" \/>\n<meta property=\"og:site_name\" content=\"iCADBLOCK\" \/>\n<meta property=\"article:modified_time\" content=\"2023-12-16T11:55:07+00:00\" \/>\n<meta property=\"og:image\" content=\"https:\/\/icadblock.com\/wp-content\/uploads\/2022\/04\/student-chair-block.webp\" \/>\n\t<meta property=\"og:image:width\" content=\"740\" \/>\n\t<meta property=\"og:image:height\" content=\"500\" \/>\n\t<meta property=\"og:image:type\" content=\"image\/webp\" \/>\n<meta name=\"twitter:card\" content=\"summary_large_image\" \/>\n<meta name=\"twitter:label1\" content=\"Tiempo de lectura\" \/>\n\t<meta name=\"twitter:data1\" content=\"2 minutos\" \/>\n<script type=\"application\/ld+json\" class=\"yoast-schema-graph\">{\"@context\":\"https:\/\/schema.org\",\"@graph\":[{\"@type\":\"WebPage\",\"@id\":\"https:\/\/icadblock.com\/es\/coleccion-muebles-dwg-autocad\/sillas-en-dwg-autocad\/silla-de-estudiante-en-dwg\/\",\"url\":\"https:\/\/icadblock.com\/es\/coleccion-muebles-dwg-autocad\/sillas-en-dwg-autocad\/silla-de-estudiante-en-dwg\/\",\"name\":\"Silla de Estudiante en DWG AutoCAD, descargar - iCADBLOCK\",\"isPartOf\":{\"@id\":\"https:\/\/icadblock.com\/es\/#website\"},\"primaryImageOfPage\":{\"@id\":\"https:\/\/icadblock.com\/es\/coleccion-muebles-dwg-autocad\/sillas-en-dwg-autocad\/silla-de-estudiante-en-dwg\/#primaryimage\"},\"image\":{\"@id\":\"https:\/\/icadblock.com\/es\/coleccion-muebles-dwg-autocad\/sillas-en-dwg-autocad\/silla-de-estudiante-en-dwg\/#primaryimage\"},\"thumbnailUrl\":\"https:\/\/icadblock.com\/wp-content\/uploads\/2022\/04\/student-chair-block.webp\",\"datePublished\":\"2022-03-03T15:09:19+00:00\",\"dateModified\":\"2023-12-16T11:55:07+00:00\",\"description\":\"Esta p\u00e1gina est\u00e1 dedicada a proporcionar una colecci\u00f3n de bloques CAD de silla de estudiante en DWG AutoCAD. La mayor\u00eda de los modelos DWG\",\"breadcrumb\":{\"@id\":\"https:\/\/icadblock.com\/es\/coleccion-muebles-dwg-autocad\/sillas-en-dwg-autocad\/silla-de-estudiante-en-dwg\/#breadcrumb\"},\"inLanguage\":\"es\",\"potentialAction\":[{\"@type\":\"ReadAction\",\"target\":[\"https:\/\/icadblock.com\/es\/coleccion-muebles-dwg-autocad\/sillas-en-dwg-autocad\/silla-de-estudiante-en-dwg\/\"]}]},{\"@type\":\"ImageObject\",\"inLanguage\":\"es\",\"@id\":\"https:\/\/icadblock.com\/es\/coleccion-muebles-dwg-autocad\/sillas-en-dwg-autocad\/silla-de-estudiante-en-dwg\/#primaryimage\",\"url\":\"https:\/\/icadblock.com\/wp-content\/uploads\/2022\/04\/student-chair-block.webp\",\"contentUrl\":\"https:\/\/icadblock.com\/wp-content\/uploads\/2022\/04\/student-chair-block.webp\",\"width\":740,\"height\":500,\"caption\":\"Silla de Estudiante en DWG\"},{\"@type\":\"BreadcrumbList\",\"@id\":\"https:\/\/icadblock.com\/es\/coleccion-muebles-dwg-autocad\/sillas-en-dwg-autocad\/silla-de-estudiante-en-dwg\/#breadcrumb\",\"itemListElement\":[{\"@type\":\"ListItem\",\"position\":1,\"name\":\"Home\",\"item\":\"https:\/\/icadblock.com\/es\/\"},{\"@type\":\"ListItem\",\"position\":2,\"name\":\"Colecci\u00f3n de muebles DWG en AutoCAD\",\"item\":\"https:\/\/icadblock.com\/es\/coleccion-muebles-dwg-autocad\/\"},{\"@type\":\"ListItem\",\"position\":3,\"name\":\"Sillas en DWG AutoCAD\u200b, Descargar\",\"item\":\"https:\/\/icadblock.com\/es\/coleccion-muebles-dwg-autocad\/sillas-en-dwg-autocad\/\"},{\"@type\":\"ListItem\",\"position\":4,\"name\":\"Silla de Estudiante en DWG AutoCAD, descargar\"}]},{\"@type\":\"WebSite\",\"@id\":\"https:\/\/icadblock.com\/es\/#website\",\"url\":\"https:\/\/icadblock.com\/es\/\",\"name\":\"iCADBLOCK\",\"description\":\"CAD Block free download, 2d DWG models in plan\",\"publisher\":{\"@id\":\"https:\/\/icadblock.com\/es\/#organization\"},\"potentialAction\":[{\"@type\":\"SearchAction\",\"target\":{\"@type\":\"EntryPoint\",\"urlTemplate\":\"https:\/\/icadblock.com\/es\/?s={search_term_string}\"},\"query-input\":{\"@type\":\"PropertyValueSpecification\",\"valueRequired\":true,\"valueName\":\"search_term_string\"}}],\"inLanguage\":\"es\"},{\"@type\":\"Organization\",\"@id\":\"https:\/\/icadblock.com\/es\/#organization\",\"name\":\"icadblock\",\"url\":\"https:\/\/icadblock.com\/es\/\",\"logo\":{\"@type\":\"ImageObject\",\"inLanguage\":\"es\",\"@id\":\"https:\/\/icadblock.com\/es\/#\/schema\/logo\/image\/\",\"url\":\"https:\/\/icadblock.com\/wp-content\/uploads\/2022\/02\/LOGO.png\",\"contentUrl\":\"https:\/\/icadblock.com\/wp-content\/uploads\/2022\/02\/LOGO.png\",\"width\":546,\"height\":125,\"caption\":\"icadblock\"},\"image\":{\"@id\":\"https:\/\/icadblock.com\/es\/#\/schema\/logo\/image\/\"}}]}<\/script>\n<!-- \/ Yoast SEO plugin. -->","yoast_head_json":{"title":"Silla de Estudiante en DWG AutoCAD, descargar - iCADBLOCK","description":"Esta p\u00e1gina est\u00e1 dedicada a proporcionar una colecci\u00f3n de bloques CAD de silla de estudiante en DWG AutoCAD. La mayor\u00eda de los modelos DWG","robots":{"index":"index","follow":"follow","max-snippet":"max-snippet:-1","max-image-preview":"max-image-preview:large","max-video-preview":"max-video-preview:-1"},"canonical":"https:\/\/icadblock.com\/es\/coleccion-muebles-dwg-autocad\/sillas-en-dwg-autocad\/silla-de-estudiante-en-dwg\/","og_locale":"es_ES","og_type":"article","og_title":"Silla de Estudiante en DWG AutoCAD, descargar - iCADBLOCK","og_description":"Esta p\u00e1gina est\u00e1 dedicada a proporcionar una colecci\u00f3n de bloques CAD de silla de estudiante en DWG AutoCAD. La mayor\u00eda de los modelos DWG","og_url":"https:\/\/icadblock.com\/es\/coleccion-muebles-dwg-autocad\/sillas-en-dwg-autocad\/silla-de-estudiante-en-dwg\/","og_site_name":"iCADBLOCK","article_modified_time":"2023-12-16T11:55:07+00:00","og_image":[{"width":740,"height":500,"url":"https:\/\/icadblock.com\/wp-content\/uploads\/2022\/04\/student-chair-block.webp","type":"image\/webp"}],"twitter_card":"summary_large_image","twitter_misc":{"Tiempo de lectura":"2 minutos"},"schema":{"@context":"https:\/\/schema.org","@graph":[{"@type":"WebPage","@id":"https:\/\/icadblock.com\/es\/coleccion-muebles-dwg-autocad\/sillas-en-dwg-autocad\/silla-de-estudiante-en-dwg\/","url":"https:\/\/icadblock.com\/es\/coleccion-muebles-dwg-autocad\/sillas-en-dwg-autocad\/silla-de-estudiante-en-dwg\/","name":"Silla de Estudiante en DWG AutoCAD, descargar - iCADBLOCK","isPartOf":{"@id":"https:\/\/icadblock.com\/es\/#website"},"primaryImageOfPage":{"@id":"https:\/\/icadblock.com\/es\/coleccion-muebles-dwg-autocad\/sillas-en-dwg-autocad\/silla-de-estudiante-en-dwg\/#primaryimage"},"image":{"@id":"https:\/\/icadblock.com\/es\/coleccion-muebles-dwg-autocad\/sillas-en-dwg-autocad\/silla-de-estudiante-en-dwg\/#primaryimage"},"thumbnailUrl":"https:\/\/icadblock.com\/wp-content\/uploads\/2022\/04\/student-chair-block.webp","datePublished":"2022-03-03T15:09:19+00:00","dateModified":"2023-12-16T11:55:07+00:00","description":"Esta p\u00e1gina est\u00e1 dedicada a proporcionar una colecci\u00f3n de bloques CAD de silla de estudiante en DWG AutoCAD. La mayor\u00eda de los modelos DWG","breadcrumb":{"@id":"https:\/\/icadblock.com\/es\/coleccion-muebles-dwg-autocad\/sillas-en-dwg-autocad\/silla-de-estudiante-en-dwg\/#breadcrumb"},"inLanguage":"es","potentialAction":[{"@type":"ReadAction","target":["https:\/\/icadblock.com\/es\/coleccion-muebles-dwg-autocad\/sillas-en-dwg-autocad\/silla-de-estudiante-en-dwg\/"]}]},{"@type":"ImageObject","inLanguage":"es","@id":"https:\/\/icadblock.com\/es\/coleccion-muebles-dwg-autocad\/sillas-en-dwg-autocad\/silla-de-estudiante-en-dwg\/#primaryimage","url":"https:\/\/icadblock.com\/wp-content\/uploads\/2022\/04\/student-chair-block.webp","contentUrl":"https:\/\/icadblock.com\/wp-content\/uploads\/2022\/04\/student-chair-block.webp","width":740,"height":500,"caption":"Silla de Estudiante en DWG"},{"@type":"BreadcrumbList","@id":"https:\/\/icadblock.com\/es\/coleccion-muebles-dwg-autocad\/sillas-en-dwg-autocad\/silla-de-estudiante-en-dwg\/#breadcrumb","itemListElement":[{"@type":"ListItem","position":1,"name":"Home","item":"https:\/\/icadblock.com\/es\/"},{"@type":"ListItem","position":2,"name":"Colecci\u00f3n de muebles DWG en AutoCAD","item":"https:\/\/icadblock.com\/es\/coleccion-muebles-dwg-autocad\/"},{"@type":"ListItem","position":3,"name":"Sillas en DWG AutoCAD\u200b, Descargar","item":"https:\/\/icadblock.com\/es\/coleccion-muebles-dwg-autocad\/sillas-en-dwg-autocad\/"},{"@type":"ListItem","position":4,"name":"Silla de Estudiante en DWG AutoCAD, descargar"}]},{"@type":"WebSite","@id":"https:\/\/icadblock.com\/es\/#website","url":"https:\/\/icadblock.com\/es\/","name":"iCADBLOCK","description":"CAD Block free download, 2d DWG models in plan","publisher":{"@id":"https:\/\/icadblock.com\/es\/#organization"},"potentialAction":[{"@type":"SearchAction","target":{"@type":"EntryPoint","urlTemplate":"https:\/\/icadblock.com\/es\/?s={search_term_string}"},"query-input":{"@type":"PropertyValueSpecification","valueRequired":true,"valueName":"search_term_string"}}],"inLanguage":"es"},{"@type":"Organization","@id":"https:\/\/icadblock.com\/es\/#organization","name":"icadblock","url":"https:\/\/icadblock.com\/es\/","logo":{"@type":"ImageObject","inLanguage":"es","@id":"https:\/\/icadblock.com\/es\/#\/schema\/logo\/image\/","url":"https:\/\/icadblock.com\/wp-content\/uploads\/2022\/02\/LOGO.png","contentUrl":"https:\/\/icadblock.com\/wp-content\/uploads\/2022\/02\/LOGO.png","width":546,"height":125,"caption":"icadblock"},"image":{"@id":"https:\/\/icadblock.com\/es\/#\/schema\/logo\/image\/"}}]}},"_links":{"self":[{"href":"https:\/\/icadblock.com\/es\/wp-json\/wp\/v2\/pages\/9018","targetHints":{"allow":["GET"]}}],"collection":[{"href":"https:\/\/icadblock.com\/es\/wp-json\/wp\/v2\/pages"}],"about":[{"href":"https:\/\/icadblock.com\/es\/wp-json\/wp\/v2\/types\/page"}],"author":[{"embeddable":true,"href":"https:\/\/icadblock.com\/es\/wp-json\/wp\/v2\/users\/2"}],"replies":[{"embeddable":true,"href":"https:\/\/icadblock.com\/es\/wp-json\/wp\/v2\/comments?post=9018"}],"version-history":[{"count":7,"href":"https:\/\/icadblock.com\/es\/wp-json\/wp\/v2\/pages\/9018\/revisions"}],"predecessor-version":[{"id":9036,"href":"https:\/\/icadblock.com\/es\/wp-json\/wp\/v2\/pages\/9018\/revisions\/9036"}],"up":[{"embeddable":true,"href":"https:\/\/icadblock.com\/es\/wp-json\/wp\/v2\/pages\/8889"}],"wp:featuredmedia":[{"embeddable":true,"href":"https:\/\/icadblock.com\/es\/wp-json\/wp\/v2\/media\/8012"}],"wp:attachment":[{"href":"https:\/\/icadblock.com\/es\/wp-json\/wp\/v2\/media?parent=9018"}],"curies":[{"name":"wp","href":"https:\/\/api.w.org\/{rel}","templated":true}]}}