{"id":9051,"date":"2022-03-07T09:15:35","date_gmt":"2022-03-07T09:15:35","guid":{"rendered":"https:\/\/icadblock.com\/?page_id=9051"},"modified":"2023-12-16T13:11:16","modified_gmt":"2023-12-16T13:11:16","slug":"mueble-para-tv-en-dwg","status":"publish","type":"page","link":"https:\/\/icadblock.com\/es\/coleccion-muebles-dwg-autocad\/mueble-para-tv-en-dwg\/","title":{"rendered":"Mueble para TV en Dwg AutoCAD, Colecci\u00f3n"},"content":{"rendered":"\t\t<div data-elementor-type=\"wp-page\" data-elementor-id=\"9051\" class=\"elementor elementor-9051 elementor-922\" data-elementor-post-type=\"page\">\n\t\t\t\t\t\t<section class=\"elementor-section elementor-top-section elementor-element elementor-element-156386d9 elementor-section-boxed elementor-section-height-default elementor-section-height-default\" data-id=\"156386d9\" data-element_type=\"section\">\n\t\t\t\t\t\t<div class=\"elementor-container elementor-column-gap-default\">\n\t\t\t\t\t<div class=\"elementor-column elementor-col-100 elementor-top-column elementor-element elementor-element-1b7157c5\" data-id=\"1b7157c5\" data-element_type=\"column\">\n\t\t\t<div class=\"elementor-widget-wrap elementor-element-populated\">\n\t\t\t\t\t\t<div class=\"elementor-element elementor-element-40650bb5 elementor-widget elementor-widget-text-editor\" data-id=\"40650bb5\" data-element_type=\"widget\" data-widget_type=\"text-editor.default\">\n\t\t\t\t<div class=\"elementor-widget-container\">\n\t\t\t<style>\/*! elementor - v3.21.0 - 30-04-2024 *\/\n.elementor-widget-text-editor.elementor-drop-cap-view-stacked .elementor-drop-cap{background-color:#69727d;color:#fff}.elementor-widget-text-editor.elementor-drop-cap-view-framed .elementor-drop-cap{color:#69727d;border:3px solid;background-color:transparent}.elementor-widget-text-editor:not(.elementor-drop-cap-view-default) .elementor-drop-cap{margin-top:8px}.elementor-widget-text-editor:not(.elementor-drop-cap-view-default) .elementor-drop-cap-letter{width:1em;height:1em}.elementor-widget-text-editor .elementor-drop-cap{float:left;text-align:center;line-height:1;font-size:50px}.elementor-widget-text-editor .elementor-drop-cap-letter{display:inline-block}<\/style>\t\t\t\t<p>En esta p\u00e1gina, proporcionaremos una colecci\u00f3n de bloques CAD de <strong>Mueble para TV en Dwg AutoCAD<\/strong>.<\/p><p>Esta colecci\u00f3n incluye muchos muebles para TV en planta y en alzado.<\/p><p>Puede utilizar estos bloques CAD en planos y alzados de muebles.<\/p><p>Dado que estos bloques est\u00e1n dibujados en 3 o 4 vistas, puede ayudarle a crear un modelo 3D del soporte para TV.<\/p><p>Tenga en cuenta que esta p\u00e1gina se actualiza constantemente, por lo que puede marcarla como favorita para obtener los \u00faltimos bloques CAD.<\/p><p>Puede elegir el bloque CAD de Mueble para TV que satisfaga sus necesidades y su uso en sus proyectos CAD.<\/p>\t\t\t\t\t\t<\/div>\n\t\t\t\t<\/div>\n\t\t\t\t\t<\/div>\n\t\t<\/div>\n\t\t\t\t\t<\/div>\n\t\t<\/section>\n\t\t\t\t<section class=\"elementor-section elementor-top-section elementor-element elementor-element-2ab241d elementor-section-boxed elementor-section-height-default elementor-section-height-default\" data-id=\"2ab241d\" data-element_type=\"section\">\n\t\t\t\t\t\t<div class=\"elementor-container elementor-column-gap-default\">\n\t\t\t\t\t<div class=\"elementor-column elementor-col-100 elementor-top-column elementor-element elementor-element-db3c43f\" data-id=\"db3c43f\" data-element_type=\"column\">\n\t\t\t<div class=\"elementor-widget-wrap elementor-element-populated\">\n\t\t\t\t\t\t<div class=\"elementor-element elementor-element-b971cf7 elementor-widget elementor-widget-heading\" data-id=\"b971cf7\" data-element_type=\"widget\" data-widget_type=\"heading.default\">\n\t\t\t\t<div class=\"elementor-widget-container\">\n\t\t\t<style>\/*! elementor - v3.21.0 - 30-04-2024 *\/\n.elementor-heading-title{padding:0;margin:0;line-height:1}.elementor-widget-heading .elementor-heading-title[class*=elementor-size-]>a{color:inherit;font-size:inherit;line-height:inherit}.elementor-widget-heading .elementor-heading-title.elementor-size-small{font-size:15px}.elementor-widget-heading .elementor-heading-title.elementor-size-medium{font-size:19px}.elementor-widget-heading .elementor-heading-title.elementor-size-large{font-size:29px}.elementor-widget-heading .elementor-heading-title.elementor-size-xl{font-size:39px}.elementor-widget-heading .elementor-heading-title.elementor-size-xxl{font-size:59px}<\/style><h2 class=\"elementor-heading-title elementor-size-default\">Mueble para TV en Dwg<\/h2>\t\t<\/div>\n\t\t\t\t<\/div>\n\t\t\t\t\t<\/div>\n\t\t<\/div>\n\t\t\t\t\t<\/div>\n\t\t<\/section>\n\t\t\t\t<section class=\"elementor-section elementor-top-section elementor-element elementor-element-efe2131 elementor-section-boxed elementor-section-height-default elementor-section-height-default\" data-id=\"efe2131\" data-element_type=\"section\">\n\t\t\t\t\t\t<div class=\"elementor-container elementor-column-gap-default\">\n\t\t\t\t\t<div class=\"elementor-column elementor-col-100 elementor-top-column elementor-element elementor-element-60b09b7\" data-id=\"60b09b7\" data-element_type=\"column\">\n\t\t\t<div class=\"elementor-widget-wrap elementor-element-populated\">\n\t\t\t\t\t\t<div class=\"elementor-element elementor-element-2496697 elementor-widget elementor-widget-text-editor\" data-id=\"2496697\" data-element_type=\"widget\" data-widget_type=\"text-editor.default\">\n\t\t\t\t<div class=\"elementor-widget-container\">\n\t\t\t\t\t\t\t<p>Si necesita otros bloques CAD relacionados, haga clic en el siguiente enlace:<\/p><p><a href=\"https:\/\/icadblock.com\/es\/coleccion-muebles-dwg-autocad\/\"><em><strong>Colecci\u00f3n de muebles DWG<\/strong><\/em><\/a><\/p><h3><span style=\"color: #0000ff;\">Notas de decoraci\u00f3n:<\/span><\/h3><p>Principalmente utilizamos un Mueble para TV en nuestra sala de estar.<\/p><p>Realmente la televisi\u00f3n es uno de los imprescindibles del sal\u00f3n.<\/p><p>A la hora de amueblar el sal\u00f3n, debemos colocar el mueble para TV de forma que no le d\u00e9 la luz solar directa.<\/p><p>Lo mejor ser\u00eda ponerlo al lado de la ventana.<\/p><p>Tambi\u00e9n puedes colocarlo en una esquina.<\/p><p>Aunque el lugar frecuente para un Mueble de TV es central.<\/p><p>Tambi\u00e9n es posible que desees montarlo en la pared.<\/p><p>Es mejor montarlo en el medio de la pared, hacia donde miran todos los sof\u00e1s y sillas.<\/p>\t\t\t\t\t\t<\/div>\n\t\t\t\t<\/div>\n\t\t\t\t\t<\/div>\n\t\t<\/div>\n\t\t\t\t\t<\/div>\n\t\t<\/section>\n\t\t\t\t<\/div>\n\t\t","protected":false},"excerpt":{"rendered":"<p>En esta p\u00e1gina, proporcionaremos una colecci\u00f3n de bloques CAD de Mueble para TV en Dwg AutoCAD. Esta colecci\u00f3n incluye muchos [&hellip;]<\/p>\n","protected":false},"author":2,"featured_media":8036,"parent":8881,"menu_order":0,"comment_status":"closed","ping_status":"closed","template":"","meta":{"site-sidebar-layout":"default","site-content-layout":"","ast-site-content-layout":"","site-content-style":"default","site-sidebar-style":"default","ast-global-header-display":"","ast-banner-title-visibility":"","ast-main-header-display":"","ast-hfb-above-header-display":"","ast-hfb-below-header-display":"","ast-hfb-mobile-header-display":"","site-post-title":"","ast-breadcrumbs-content":"","ast-featured-img":"","footer-sml-layout":"","theme-transparent-header-meta":"","adv-header-id-meta":"","stick-header-meta":"","header-above-stick-meta":"","header-main-stick-meta":"","header-below-stick-meta":"","astra-migrate-meta-layouts":"default","ast-page-background-enabled":"default","ast-page-background-meta":{"desktop":{"background-color":"var(--ast-global-color-4)","background-image":"","background-repeat":"repeat","background-position":"center center","background-size":"auto","background-attachment":"scroll","background-type":"","background-media":"","overlay-type":"","overlay-color":"","overlay-gradient":""},"tablet":{"background-color":"","background-image":"","background-repeat":"repeat","background-position":"center center","background-size":"auto","background-attachment":"scroll","background-type":"","background-media":"","overlay-type":"","overlay-color":"","overlay-gradient":""},"mobile":{"background-color":"","background-image":"","background-repeat":"repeat","background-position":"center center","background-size":"auto","background-attachment":"scroll","background-type":"","background-media":"","overlay-type":"","overlay-color":"","overlay-gradient":""}},"ast-content-background-meta":{"desktop":{"background-color":"var(--ast-global-color-5)","background-image":"","background-repeat":"repeat","background-position":"center center","background-size":"auto","background-attachment":"scroll","background-type":"","background-media":"","overlay-type":"","overlay-color":"","overlay-gradient":""},"tablet":{"background-color":"var(--ast-global-color-5)","background-image":"","background-repeat":"repeat","background-position":"center center","background-size":"auto","background-attachment":"scroll","background-type":"","background-media":"","overlay-type":"","overlay-color":"","overlay-gradient":""},"mobile":{"background-color":"var(--ast-global-color-5)","background-image":"","background-repeat":"repeat","background-position":"center center","background-size":"auto","background-attachment":"scroll","background-type":"","background-media":"","overlay-type":"","overlay-color":"","overlay-gradient":""}},"footnotes":""},"class_list":["post-9051","page","type-page","status-publish","has-post-thumbnail","hentry"],"yoast_head":"<!-- This site is optimized with the Yoast SEO plugin v26.0 - https:\/\/yoast.com\/wordpress\/plugins\/seo\/ -->\n<title>Mueble para TV en Dwg AutoCAD, Colecci\u00f3n - iCADBLOCK<\/title>\n<meta name=\"description\" content=\"En esta p\u00e1gina, proporcionaremos una colecci\u00f3n de bloques CAD de Mueble para TV en Dwg AutoCAD. Esta colecci\u00f3n incluye muchos muebles para TV\" \/>\n<meta name=\"robots\" content=\"index, follow, max-snippet:-1, max-image-preview:large, max-video-preview:-1\" \/>\n<link rel=\"canonical\" href=\"https:\/\/icadblock.com\/es\/coleccion-muebles-dwg-autocad\/mueble-para-tv-en-dwg\/\" \/>\n<meta property=\"og:locale\" content=\"es_ES\" \/>\n<meta property=\"og:type\" content=\"article\" \/>\n<meta property=\"og:title\" content=\"Mueble para TV en Dwg AutoCAD, Colecci\u00f3n - iCADBLOCK\" \/>\n<meta property=\"og:description\" content=\"En esta p\u00e1gina, proporcionaremos una colecci\u00f3n de bloques CAD de Mueble para TV en Dwg AutoCAD. Esta colecci\u00f3n incluye muchos muebles para TV\" \/>\n<meta property=\"og:url\" content=\"https:\/\/icadblock.com\/es\/coleccion-muebles-dwg-autocad\/mueble-para-tv-en-dwg\/\" \/>\n<meta property=\"og:site_name\" content=\"iCADBLOCK\" \/>\n<meta property=\"article:modified_time\" content=\"2023-12-16T13:11:16+00:00\" \/>\n<meta property=\"og:image\" content=\"https:\/\/icadblock.com\/wp-content\/uploads\/2022\/04\/tv-stand.webp\" \/>\n\t<meta property=\"og:image:width\" content=\"740\" \/>\n\t<meta property=\"og:image:height\" content=\"500\" \/>\n\t<meta property=\"og:image:type\" content=\"image\/webp\" \/>\n<meta name=\"twitter:card\" content=\"summary_large_image\" \/>\n<meta name=\"twitter:label1\" content=\"Tiempo de lectura\" \/>\n\t<meta name=\"twitter:data1\" content=\"2 minutos\" \/>\n<script type=\"application\/ld+json\" class=\"yoast-schema-graph\">{\"@context\":\"https:\/\/schema.org\",\"@graph\":[{\"@type\":\"WebPage\",\"@id\":\"https:\/\/icadblock.com\/es\/coleccion-muebles-dwg-autocad\/mueble-para-tv-en-dwg\/\",\"url\":\"https:\/\/icadblock.com\/es\/coleccion-muebles-dwg-autocad\/mueble-para-tv-en-dwg\/\",\"name\":\"Mueble para TV en Dwg AutoCAD, Colecci\u00f3n - iCADBLOCK\",\"isPartOf\":{\"@id\":\"https:\/\/icadblock.com\/es\/#website\"},\"primaryImageOfPage\":{\"@id\":\"https:\/\/icadblock.com\/es\/coleccion-muebles-dwg-autocad\/mueble-para-tv-en-dwg\/#primaryimage\"},\"image\":{\"@id\":\"https:\/\/icadblock.com\/es\/coleccion-muebles-dwg-autocad\/mueble-para-tv-en-dwg\/#primaryimage\"},\"thumbnailUrl\":\"https:\/\/icadblock.com\/wp-content\/uploads\/2022\/04\/tv-stand.webp\",\"datePublished\":\"2022-03-07T09:15:35+00:00\",\"dateModified\":\"2023-12-16T13:11:16+00:00\",\"description\":\"En esta p\u00e1gina, proporcionaremos una colecci\u00f3n de bloques CAD de Mueble para TV en Dwg AutoCAD. Esta colecci\u00f3n incluye muchos muebles para TV\",\"breadcrumb\":{\"@id\":\"https:\/\/icadblock.com\/es\/coleccion-muebles-dwg-autocad\/mueble-para-tv-en-dwg\/#breadcrumb\"},\"inLanguage\":\"es\",\"potentialAction\":[{\"@type\":\"ReadAction\",\"target\":[\"https:\/\/icadblock.com\/es\/coleccion-muebles-dwg-autocad\/mueble-para-tv-en-dwg\/\"]}]},{\"@type\":\"ImageObject\",\"inLanguage\":\"es\",\"@id\":\"https:\/\/icadblock.com\/es\/coleccion-muebles-dwg-autocad\/mueble-para-tv-en-dwg\/#primaryimage\",\"url\":\"https:\/\/icadblock.com\/wp-content\/uploads\/2022\/04\/tv-stand.webp\",\"contentUrl\":\"https:\/\/icadblock.com\/wp-content\/uploads\/2022\/04\/tv-stand.webp\",\"width\":740,\"height\":500,\"caption\":\"Mueble para TV en Dwg\"},{\"@type\":\"BreadcrumbList\",\"@id\":\"https:\/\/icadblock.com\/es\/coleccion-muebles-dwg-autocad\/mueble-para-tv-en-dwg\/#breadcrumb\",\"itemListElement\":[{\"@type\":\"ListItem\",\"position\":1,\"name\":\"Home\",\"item\":\"https:\/\/icadblock.com\/es\/\"},{\"@type\":\"ListItem\",\"position\":2,\"name\":\"Colecci\u00f3n de muebles DWG en AutoCAD\",\"item\":\"https:\/\/icadblock.com\/es\/coleccion-muebles-dwg-autocad\/\"},{\"@type\":\"ListItem\",\"position\":3,\"name\":\"Mueble para TV en Dwg AutoCAD, Colecci\u00f3n\"}]},{\"@type\":\"WebSite\",\"@id\":\"https:\/\/icadblock.com\/es\/#website\",\"url\":\"https:\/\/icadblock.com\/es\/\",\"name\":\"iCADBLOCK\",\"description\":\"CAD Block free download, 2d DWG models in plan\",\"publisher\":{\"@id\":\"https:\/\/icadblock.com\/es\/#organization\"},\"potentialAction\":[{\"@type\":\"SearchAction\",\"target\":{\"@type\":\"EntryPoint\",\"urlTemplate\":\"https:\/\/icadblock.com\/es\/?s={search_term_string}\"},\"query-input\":{\"@type\":\"PropertyValueSpecification\",\"valueRequired\":true,\"valueName\":\"search_term_string\"}}],\"inLanguage\":\"es\"},{\"@type\":\"Organization\",\"@id\":\"https:\/\/icadblock.com\/es\/#organization\",\"name\":\"icadblock\",\"url\":\"https:\/\/icadblock.com\/es\/\",\"logo\":{\"@type\":\"ImageObject\",\"inLanguage\":\"es\",\"@id\":\"https:\/\/icadblock.com\/es\/#\/schema\/logo\/image\/\",\"url\":\"https:\/\/icadblock.com\/wp-content\/uploads\/2022\/02\/LOGO.png\",\"contentUrl\":\"https:\/\/icadblock.com\/wp-content\/uploads\/2022\/02\/LOGO.png\",\"width\":546,\"height\":125,\"caption\":\"icadblock\"},\"image\":{\"@id\":\"https:\/\/icadblock.com\/es\/#\/schema\/logo\/image\/\"}}]}<\/script>\n<!-- \/ Yoast SEO plugin. -->","yoast_head_json":{"title":"Mueble para TV en Dwg AutoCAD, Colecci\u00f3n - iCADBLOCK","description":"En esta p\u00e1gina, proporcionaremos una colecci\u00f3n de bloques CAD de Mueble para TV en Dwg AutoCAD. Esta colecci\u00f3n incluye muchos muebles para TV","robots":{"index":"index","follow":"follow","max-snippet":"max-snippet:-1","max-image-preview":"max-image-preview:large","max-video-preview":"max-video-preview:-1"},"canonical":"https:\/\/icadblock.com\/es\/coleccion-muebles-dwg-autocad\/mueble-para-tv-en-dwg\/","og_locale":"es_ES","og_type":"article","og_title":"Mueble para TV en Dwg AutoCAD, Colecci\u00f3n - iCADBLOCK","og_description":"En esta p\u00e1gina, proporcionaremos una colecci\u00f3n de bloques CAD de Mueble para TV en Dwg AutoCAD. Esta colecci\u00f3n incluye muchos muebles para TV","og_url":"https:\/\/icadblock.com\/es\/coleccion-muebles-dwg-autocad\/mueble-para-tv-en-dwg\/","og_site_name":"iCADBLOCK","article_modified_time":"2023-12-16T13:11:16+00:00","og_image":[{"width":740,"height":500,"url":"https:\/\/icadblock.com\/wp-content\/uploads\/2022\/04\/tv-stand.webp","type":"image\/webp"}],"twitter_card":"summary_large_image","twitter_misc":{"Tiempo de lectura":"2 minutos"},"schema":{"@context":"https:\/\/schema.org","@graph":[{"@type":"WebPage","@id":"https:\/\/icadblock.com\/es\/coleccion-muebles-dwg-autocad\/mueble-para-tv-en-dwg\/","url":"https:\/\/icadblock.com\/es\/coleccion-muebles-dwg-autocad\/mueble-para-tv-en-dwg\/","name":"Mueble para TV en Dwg AutoCAD, Colecci\u00f3n - iCADBLOCK","isPartOf":{"@id":"https:\/\/icadblock.com\/es\/#website"},"primaryImageOfPage":{"@id":"https:\/\/icadblock.com\/es\/coleccion-muebles-dwg-autocad\/mueble-para-tv-en-dwg\/#primaryimage"},"image":{"@id":"https:\/\/icadblock.com\/es\/coleccion-muebles-dwg-autocad\/mueble-para-tv-en-dwg\/#primaryimage"},"thumbnailUrl":"https:\/\/icadblock.com\/wp-content\/uploads\/2022\/04\/tv-stand.webp","datePublished":"2022-03-07T09:15:35+00:00","dateModified":"2023-12-16T13:11:16+00:00","description":"En esta p\u00e1gina, proporcionaremos una colecci\u00f3n de bloques CAD de Mueble para TV en Dwg AutoCAD. Esta colecci\u00f3n incluye muchos muebles para TV","breadcrumb":{"@id":"https:\/\/icadblock.com\/es\/coleccion-muebles-dwg-autocad\/mueble-para-tv-en-dwg\/#breadcrumb"},"inLanguage":"es","potentialAction":[{"@type":"ReadAction","target":["https:\/\/icadblock.com\/es\/coleccion-muebles-dwg-autocad\/mueble-para-tv-en-dwg\/"]}]},{"@type":"ImageObject","inLanguage":"es","@id":"https:\/\/icadblock.com\/es\/coleccion-muebles-dwg-autocad\/mueble-para-tv-en-dwg\/#primaryimage","url":"https:\/\/icadblock.com\/wp-content\/uploads\/2022\/04\/tv-stand.webp","contentUrl":"https:\/\/icadblock.com\/wp-content\/uploads\/2022\/04\/tv-stand.webp","width":740,"height":500,"caption":"Mueble para TV en Dwg"},{"@type":"BreadcrumbList","@id":"https:\/\/icadblock.com\/es\/coleccion-muebles-dwg-autocad\/mueble-para-tv-en-dwg\/#breadcrumb","itemListElement":[{"@type":"ListItem","position":1,"name":"Home","item":"https:\/\/icadblock.com\/es\/"},{"@type":"ListItem","position":2,"name":"Colecci\u00f3n de muebles DWG en AutoCAD","item":"https:\/\/icadblock.com\/es\/coleccion-muebles-dwg-autocad\/"},{"@type":"ListItem","position":3,"name":"Mueble para TV en Dwg AutoCAD, Colecci\u00f3n"}]},{"@type":"WebSite","@id":"https:\/\/icadblock.com\/es\/#website","url":"https:\/\/icadblock.com\/es\/","name":"iCADBLOCK","description":"CAD Block free download, 2d DWG models in plan","publisher":{"@id":"https:\/\/icadblock.com\/es\/#organization"},"potentialAction":[{"@type":"SearchAction","target":{"@type":"EntryPoint","urlTemplate":"https:\/\/icadblock.com\/es\/?s={search_term_string}"},"query-input":{"@type":"PropertyValueSpecification","valueRequired":true,"valueName":"search_term_string"}}],"inLanguage":"es"},{"@type":"Organization","@id":"https:\/\/icadblock.com\/es\/#organization","name":"icadblock","url":"https:\/\/icadblock.com\/es\/","logo":{"@type":"ImageObject","inLanguage":"es","@id":"https:\/\/icadblock.com\/es\/#\/schema\/logo\/image\/","url":"https:\/\/icadblock.com\/wp-content\/uploads\/2022\/02\/LOGO.png","contentUrl":"https:\/\/icadblock.com\/wp-content\/uploads\/2022\/02\/LOGO.png","width":546,"height":125,"caption":"icadblock"},"image":{"@id":"https:\/\/icadblock.com\/es\/#\/schema\/logo\/image\/"}}]}},"_links":{"self":[{"href":"https:\/\/icadblock.com\/es\/wp-json\/wp\/v2\/pages\/9051","targetHints":{"allow":["GET"]}}],"collection":[{"href":"https:\/\/icadblock.com\/es\/wp-json\/wp\/v2\/pages"}],"about":[{"href":"https:\/\/icadblock.com\/es\/wp-json\/wp\/v2\/types\/page"}],"author":[{"embeddable":true,"href":"https:\/\/icadblock.com\/es\/wp-json\/wp\/v2\/users\/2"}],"replies":[{"embeddable":true,"href":"https:\/\/icadblock.com\/es\/wp-json\/wp\/v2\/comments?post=9051"}],"version-history":[{"count":5,"href":"https:\/\/icadblock.com\/es\/wp-json\/wp\/v2\/pages\/9051\/revisions"}],"predecessor-version":[{"id":9056,"href":"https:\/\/icadblock.com\/es\/wp-json\/wp\/v2\/pages\/9051\/revisions\/9056"}],"up":[{"embeddable":true,"href":"https:\/\/icadblock.com\/es\/wp-json\/wp\/v2\/pages\/8881"}],"wp:featuredmedia":[{"embeddable":true,"href":"https:\/\/icadblock.com\/es\/wp-json\/wp\/v2\/media\/8036"}],"wp:attachment":[{"href":"https:\/\/icadblock.com\/es\/wp-json\/wp\/v2\/media?parent=9051"}],"curies":[{"name":"wp","href":"https:\/\/api.w.org\/{rel}","templated":true}]}}