{"id":9091,"date":"2022-03-09T08:55:37","date_gmt":"2022-03-09T08:55:37","guid":{"rendered":"https:\/\/icadblock.com\/?page_id=9091"},"modified":"2023-12-18T07:24:53","modified_gmt":"2023-12-18T07:24:53","slug":"tocador-en-dwg-descarga","status":"publish","type":"page","link":"https:\/\/icadblock.com\/es\/coleccion-muebles-dwg-autocad\/tabla-en-dwg-autocad\/tocador-en-dwg-descarga\/","title":{"rendered":"Tocador en DWG, Descarga la colecci\u00f3n"},"content":{"rendered":"\t\t<div data-elementor-type=\"wp-page\" data-elementor-id=\"9091\" class=\"elementor elementor-9091 elementor-959\" data-elementor-post-type=\"page\">\n\t\t\t\t\t\t<section class=\"elementor-section elementor-top-section elementor-element elementor-element-18a52994 elementor-section-boxed elementor-section-height-default elementor-section-height-default\" data-id=\"18a52994\" data-element_type=\"section\">\n\t\t\t\t\t\t<div class=\"elementor-container elementor-column-gap-default\">\n\t\t\t\t\t<div class=\"elementor-column elementor-col-50 elementor-top-column elementor-element elementor-element-55a650ed\" data-id=\"55a650ed\" data-element_type=\"column\">\n\t\t\t<div class=\"elementor-widget-wrap elementor-element-populated\">\n\t\t\t\t\t\t<div class=\"elementor-element elementor-element-23514f7 elementor-widget elementor-widget-text-editor\" data-id=\"23514f7\" data-element_type=\"widget\" data-widget_type=\"text-editor.default\">\n\t\t\t\t<div class=\"elementor-widget-container\">\n\t\t\t<style>\/*! elementor - v3.21.0 - 30-04-2024 *\/\n.elementor-widget-text-editor.elementor-drop-cap-view-stacked .elementor-drop-cap{background-color:#69727d;color:#fff}.elementor-widget-text-editor.elementor-drop-cap-view-framed .elementor-drop-cap{color:#69727d;border:3px solid;background-color:transparent}.elementor-widget-text-editor:not(.elementor-drop-cap-view-default) .elementor-drop-cap{margin-top:8px}.elementor-widget-text-editor:not(.elementor-drop-cap-view-default) .elementor-drop-cap-letter{width:1em;height:1em}.elementor-widget-text-editor .elementor-drop-cap{float:left;text-align:center;line-height:1;font-size:50px}.elementor-widget-text-editor .elementor-drop-cap-letter{display:inline-block}<\/style>\t\t\t\t<p>Esta p\u00e1gina est\u00e1 dedicada a la colecci\u00f3n <strong>de Tocador en DWG<\/strong>.<\/p><p>La mayor\u00eda de los bloques CAD de esta categor\u00eda se dibujan en vistas en planta y en alzado.<\/p><p>Un tocador es en s\u00ed mismo un mueble completo que incluye objetos como mesa, cajones, espejo y un taburete para sentarse.<\/p><p>En realidad, el bloque CAD de tocador es uno de los bloques CAD de muebles m\u00e1s importantes en planos de planta y alzados.<\/p><p>Los siguientes son los diferentes tipos de tocador que puede utilizar en sus proyectos CAD.<\/p>\t\t\t\t\t\t<\/div>\n\t\t\t\t<\/div>\n\t\t\t\t<div class=\"elementor-element elementor-element-658b499 elementor-widget elementor-widget-heading\" data-id=\"658b499\" data-element_type=\"widget\" data-widget_type=\"heading.default\">\n\t\t\t\t<div class=\"elementor-widget-container\">\n\t\t\t<style>\/*! elementor - v3.21.0 - 30-04-2024 *\/\n.elementor-heading-title{padding:0;margin:0;line-height:1}.elementor-widget-heading .elementor-heading-title[class*=elementor-size-]>a{color:inherit;font-size:inherit;line-height:inherit}.elementor-widget-heading .elementor-heading-title.elementor-size-small{font-size:15px}.elementor-widget-heading .elementor-heading-title.elementor-size-medium{font-size:19px}.elementor-widget-heading .elementor-heading-title.elementor-size-large{font-size:29px}.elementor-widget-heading .elementor-heading-title.elementor-size-xl{font-size:39px}.elementor-widget-heading .elementor-heading-title.elementor-size-xxl{font-size:59px}<\/style><h2 class=\"elementor-heading-title elementor-size-default\">Tocador en DWG<\/h2>\t\t<\/div>\n\t\t\t\t<\/div>\n\t\t\t\t<div class=\"elementor-element elementor-element-5168aa3 elementor-widget elementor-widget-text-editor\" data-id=\"5168aa3\" data-element_type=\"widget\" data-widget_type=\"text-editor.default\">\n\t\t\t\t<div class=\"elementor-widget-container\">\n\t\t\t\t\t\t\t<p>Haga clic en el siguiente enlace para obtener m\u00e1s bloques CAD relacionados:<\/p><p><a href=\"https:\/\/icadblock.com\/es\/coleccion-muebles-dwg-autocad\/tabla-en-dwg-autocad\/\"><em><strong>Tabla en DWG AutoCAD<\/strong><\/em><\/a><\/p><h3><span style=\"color: #0000ff;\">Notas de decoraci\u00f3n:<\/span><\/h3><p>La mayor\u00eda de la gente utiliza estos muebles como art\u00edculo de maquillaje o para guardar ropa y otros accesorios.<\/p><p>El primer lugar que nos viene a la mente a la hora de decidir la ubicaci\u00f3n de un tocador es el dormitorio.<\/p><p>Si quieres utilizarlo en el dormitorio, es mejor colocarlo frente a una ventana ya que necesitar\u00e1s luz natural para maquillarte.<\/p><p>Tambi\u00e9n puedes a\u00f1adir un tocador al sal\u00f3n.<\/p><p>En realidad a\u00f1ade m\u00e1s belleza a la habitaci\u00f3n.<\/p><p>Un tocador es \u00fatil para m\u00e1s de un prop\u00f3sito.<\/p><p>Puedes usarlo como soporte para TV u otros fines.<\/p>\t\t\t\t\t\t<\/div>\n\t\t\t\t<\/div>\n\t\t\t\t\t<\/div>\n\t\t<\/div>\n\t\t\t\t<div class=\"jet-sticky-column-sticky elementor-column elementor-col-50 elementor-top-column elementor-element elementor-element-21c3ae7\" data-jet-sticky-column-settings=\"{&quot;id&quot;:&quot;21c3ae7&quot;,&quot;sticky&quot;:true,&quot;topSpacing&quot;:50,&quot;bottomSpacing&quot;:50,&quot;stickyOn&quot;:[&quot;desktop&quot;,&quot;tablet&quot;]}\" data-id=\"21c3ae7\" data-element_type=\"column\">\n\t\t\t<div class=\"elementor-widget-wrap elementor-element-populated\">\n\t\t\t\t\t\t\t<\/div>\n\t\t<\/div>\n\t\t\t\t\t<\/div>\n\t\t<\/section>\n\t\t\t\t<\/div>\n\t\t","protected":false},"excerpt":{"rendered":"<p>Esta p\u00e1gina est\u00e1 dedicada a la colecci\u00f3n de Tocador en DWG. La mayor\u00eda de los bloques CAD de esta categor\u00eda [&hellip;]<\/p>\n","protected":false},"author":2,"featured_media":8035,"parent":9063,"menu_order":0,"comment_status":"closed","ping_status":"closed","template":"","meta":{"site-sidebar-layout":"default","site-content-layout":"","ast-site-content-layout":"","site-content-style":"default","site-sidebar-style":"default","ast-global-header-display":"","ast-banner-title-visibility":"","ast-main-header-display":"","ast-hfb-above-header-display":"","ast-hfb-below-header-display":"","ast-hfb-mobile-header-display":"","site-post-title":"","ast-breadcrumbs-content":"","ast-featured-img":"","footer-sml-layout":"","theme-transparent-header-meta":"","adv-header-id-meta":"","stick-header-meta":"","header-above-stick-meta":"","header-main-stick-meta":"","header-below-stick-meta":"","astra-migrate-meta-layouts":"default","ast-page-background-enabled":"default","ast-page-background-meta":{"desktop":{"background-color":"var(--ast-global-color-4)","background-image":"","background-repeat":"repeat","background-position":"center center","background-size":"auto","background-attachment":"scroll","background-type":"","background-media":"","overlay-type":"","overlay-color":"","overlay-gradient":""},"tablet":{"background-color":"","background-image":"","background-repeat":"repeat","background-position":"center center","background-size":"auto","background-attachment":"scroll","background-type":"","background-media":"","overlay-type":"","overlay-color":"","overlay-gradient":""},"mobile":{"background-color":"","background-image":"","background-repeat":"repeat","background-position":"center center","background-size":"auto","background-attachment":"scroll","background-type":"","background-media":"","overlay-type":"","overlay-color":"","overlay-gradient":""}},"ast-content-background-meta":{"desktop":{"background-color":"var(--ast-global-color-5)","background-image":"","background-repeat":"repeat","background-position":"center center","background-size":"auto","background-attachment":"scroll","background-type":"","background-media":"","overlay-type":"","overlay-color":"","overlay-gradient":""},"tablet":{"background-color":"var(--ast-global-color-5)","background-image":"","background-repeat":"repeat","background-position":"center center","background-size":"auto","background-attachment":"scroll","background-type":"","background-media":"","overlay-type":"","overlay-color":"","overlay-gradient":""},"mobile":{"background-color":"var(--ast-global-color-5)","background-image":"","background-repeat":"repeat","background-position":"center center","background-size":"auto","background-attachment":"scroll","background-type":"","background-media":"","overlay-type":"","overlay-color":"","overlay-gradient":""}},"footnotes":""},"class_list":["post-9091","page","type-page","status-publish","has-post-thumbnail","hentry"],"yoast_head":"<!-- This site is optimized with the Yoast SEO plugin v26.0 - https:\/\/yoast.com\/wordpress\/plugins\/seo\/ -->\n<title>Tocador en DWG, Descarga la colecci\u00f3n - iCADBLOCK<\/title>\n<meta name=\"description\" content=\"Esta p\u00e1gina est\u00e1 dedicada a la colecci\u00f3n de Tocador en DWG. La mayor\u00eda de los bloques CAD de esta categor\u00eda se dibujan en vistas en planta\" \/>\n<meta name=\"robots\" content=\"index, follow, max-snippet:-1, max-image-preview:large, max-video-preview:-1\" \/>\n<link rel=\"canonical\" href=\"https:\/\/icadblock.com\/es\/coleccion-muebles-dwg-autocad\/tabla-en-dwg-autocad\/tocador-en-dwg-descarga\/\" \/>\n<meta property=\"og:locale\" content=\"es_ES\" \/>\n<meta property=\"og:type\" content=\"article\" \/>\n<meta property=\"og:title\" content=\"Tocador en DWG, Descarga la colecci\u00f3n - iCADBLOCK\" \/>\n<meta property=\"og:description\" content=\"Esta p\u00e1gina est\u00e1 dedicada a la colecci\u00f3n de Tocador en DWG. La mayor\u00eda de los bloques CAD de esta categor\u00eda se dibujan en vistas en planta\" \/>\n<meta property=\"og:url\" content=\"https:\/\/icadblock.com\/es\/coleccion-muebles-dwg-autocad\/tabla-en-dwg-autocad\/tocador-en-dwg-descarga\/\" \/>\n<meta property=\"og:site_name\" content=\"iCADBLOCK\" \/>\n<meta property=\"article:modified_time\" content=\"2023-12-18T07:24:53+00:00\" \/>\n<meta property=\"og:image\" content=\"https:\/\/icadblock.com\/wp-content\/uploads\/2022\/04\/dressing-table.webp\" \/>\n\t<meta property=\"og:image:width\" content=\"740\" \/>\n\t<meta property=\"og:image:height\" content=\"500\" \/>\n\t<meta property=\"og:image:type\" content=\"image\/webp\" \/>\n<meta name=\"twitter:card\" content=\"summary_large_image\" \/>\n<meta name=\"twitter:label1\" content=\"Tiempo de lectura\" \/>\n\t<meta name=\"twitter:data1\" content=\"2 minutos\" \/>\n<script type=\"application\/ld+json\" class=\"yoast-schema-graph\">{\"@context\":\"https:\/\/schema.org\",\"@graph\":[{\"@type\":\"WebPage\",\"@id\":\"https:\/\/icadblock.com\/es\/coleccion-muebles-dwg-autocad\/tabla-en-dwg-autocad\/tocador-en-dwg-descarga\/\",\"url\":\"https:\/\/icadblock.com\/es\/coleccion-muebles-dwg-autocad\/tabla-en-dwg-autocad\/tocador-en-dwg-descarga\/\",\"name\":\"Tocador en DWG, Descarga la colecci\u00f3n - iCADBLOCK\",\"isPartOf\":{\"@id\":\"https:\/\/icadblock.com\/es\/#website\"},\"primaryImageOfPage\":{\"@id\":\"https:\/\/icadblock.com\/es\/coleccion-muebles-dwg-autocad\/tabla-en-dwg-autocad\/tocador-en-dwg-descarga\/#primaryimage\"},\"image\":{\"@id\":\"https:\/\/icadblock.com\/es\/coleccion-muebles-dwg-autocad\/tabla-en-dwg-autocad\/tocador-en-dwg-descarga\/#primaryimage\"},\"thumbnailUrl\":\"https:\/\/icadblock.com\/wp-content\/uploads\/2022\/04\/dressing-table.webp\",\"datePublished\":\"2022-03-09T08:55:37+00:00\",\"dateModified\":\"2023-12-18T07:24:53+00:00\",\"description\":\"Esta p\u00e1gina est\u00e1 dedicada a la colecci\u00f3n de Tocador en DWG. La mayor\u00eda de los bloques CAD de esta categor\u00eda se dibujan en vistas en planta\",\"breadcrumb\":{\"@id\":\"https:\/\/icadblock.com\/es\/coleccion-muebles-dwg-autocad\/tabla-en-dwg-autocad\/tocador-en-dwg-descarga\/#breadcrumb\"},\"inLanguage\":\"es\",\"potentialAction\":[{\"@type\":\"ReadAction\",\"target\":[\"https:\/\/icadblock.com\/es\/coleccion-muebles-dwg-autocad\/tabla-en-dwg-autocad\/tocador-en-dwg-descarga\/\"]}]},{\"@type\":\"ImageObject\",\"inLanguage\":\"es\",\"@id\":\"https:\/\/icadblock.com\/es\/coleccion-muebles-dwg-autocad\/tabla-en-dwg-autocad\/tocador-en-dwg-descarga\/#primaryimage\",\"url\":\"https:\/\/icadblock.com\/wp-content\/uploads\/2022\/04\/dressing-table.webp\",\"contentUrl\":\"https:\/\/icadblock.com\/wp-content\/uploads\/2022\/04\/dressing-table.webp\",\"width\":740,\"height\":500,\"caption\":\"Tocador en DWG\"},{\"@type\":\"BreadcrumbList\",\"@id\":\"https:\/\/icadblock.com\/es\/coleccion-muebles-dwg-autocad\/tabla-en-dwg-autocad\/tocador-en-dwg-descarga\/#breadcrumb\",\"itemListElement\":[{\"@type\":\"ListItem\",\"position\":1,\"name\":\"Home\",\"item\":\"https:\/\/icadblock.com\/es\/\"},{\"@type\":\"ListItem\",\"position\":2,\"name\":\"Colecci\u00f3n de muebles DWG en AutoCAD\",\"item\":\"https:\/\/icadblock.com\/es\/coleccion-muebles-dwg-autocad\/\"},{\"@type\":\"ListItem\",\"position\":3,\"name\":\"Tabla en DWG AutoCAD, Descargar Colecci\u00f3n\",\"item\":\"https:\/\/icadblock.com\/es\/coleccion-muebles-dwg-autocad\/tabla-en-dwg-autocad\/\"},{\"@type\":\"ListItem\",\"position\":4,\"name\":\"Tocador en DWG, Descarga la colecci\u00f3n\"}]},{\"@type\":\"WebSite\",\"@id\":\"https:\/\/icadblock.com\/es\/#website\",\"url\":\"https:\/\/icadblock.com\/es\/\",\"name\":\"iCADBLOCK\",\"description\":\"CAD Block free download, 2d DWG models in plan\",\"publisher\":{\"@id\":\"https:\/\/icadblock.com\/es\/#organization\"},\"potentialAction\":[{\"@type\":\"SearchAction\",\"target\":{\"@type\":\"EntryPoint\",\"urlTemplate\":\"https:\/\/icadblock.com\/es\/?s={search_term_string}\"},\"query-input\":{\"@type\":\"PropertyValueSpecification\",\"valueRequired\":true,\"valueName\":\"search_term_string\"}}],\"inLanguage\":\"es\"},{\"@type\":\"Organization\",\"@id\":\"https:\/\/icadblock.com\/es\/#organization\",\"name\":\"icadblock\",\"url\":\"https:\/\/icadblock.com\/es\/\",\"logo\":{\"@type\":\"ImageObject\",\"inLanguage\":\"es\",\"@id\":\"https:\/\/icadblock.com\/es\/#\/schema\/logo\/image\/\",\"url\":\"https:\/\/icadblock.com\/wp-content\/uploads\/2022\/02\/LOGO.png\",\"contentUrl\":\"https:\/\/icadblock.com\/wp-content\/uploads\/2022\/02\/LOGO.png\",\"width\":546,\"height\":125,\"caption\":\"icadblock\"},\"image\":{\"@id\":\"https:\/\/icadblock.com\/es\/#\/schema\/logo\/image\/\"}}]}<\/script>\n<!-- \/ Yoast SEO plugin. -->","yoast_head_json":{"title":"Tocador en DWG, Descarga la colecci\u00f3n - iCADBLOCK","description":"Esta p\u00e1gina est\u00e1 dedicada a la colecci\u00f3n de Tocador en DWG. La mayor\u00eda de los bloques CAD de esta categor\u00eda se dibujan en vistas en planta","robots":{"index":"index","follow":"follow","max-snippet":"max-snippet:-1","max-image-preview":"max-image-preview:large","max-video-preview":"max-video-preview:-1"},"canonical":"https:\/\/icadblock.com\/es\/coleccion-muebles-dwg-autocad\/tabla-en-dwg-autocad\/tocador-en-dwg-descarga\/","og_locale":"es_ES","og_type":"article","og_title":"Tocador en DWG, Descarga la colecci\u00f3n - iCADBLOCK","og_description":"Esta p\u00e1gina est\u00e1 dedicada a la colecci\u00f3n de Tocador en DWG. La mayor\u00eda de los bloques CAD de esta categor\u00eda se dibujan en vistas en planta","og_url":"https:\/\/icadblock.com\/es\/coleccion-muebles-dwg-autocad\/tabla-en-dwg-autocad\/tocador-en-dwg-descarga\/","og_site_name":"iCADBLOCK","article_modified_time":"2023-12-18T07:24:53+00:00","og_image":[{"width":740,"height":500,"url":"https:\/\/icadblock.com\/wp-content\/uploads\/2022\/04\/dressing-table.webp","type":"image\/webp"}],"twitter_card":"summary_large_image","twitter_misc":{"Tiempo de lectura":"2 minutos"},"schema":{"@context":"https:\/\/schema.org","@graph":[{"@type":"WebPage","@id":"https:\/\/icadblock.com\/es\/coleccion-muebles-dwg-autocad\/tabla-en-dwg-autocad\/tocador-en-dwg-descarga\/","url":"https:\/\/icadblock.com\/es\/coleccion-muebles-dwg-autocad\/tabla-en-dwg-autocad\/tocador-en-dwg-descarga\/","name":"Tocador en DWG, Descarga la colecci\u00f3n - iCADBLOCK","isPartOf":{"@id":"https:\/\/icadblock.com\/es\/#website"},"primaryImageOfPage":{"@id":"https:\/\/icadblock.com\/es\/coleccion-muebles-dwg-autocad\/tabla-en-dwg-autocad\/tocador-en-dwg-descarga\/#primaryimage"},"image":{"@id":"https:\/\/icadblock.com\/es\/coleccion-muebles-dwg-autocad\/tabla-en-dwg-autocad\/tocador-en-dwg-descarga\/#primaryimage"},"thumbnailUrl":"https:\/\/icadblock.com\/wp-content\/uploads\/2022\/04\/dressing-table.webp","datePublished":"2022-03-09T08:55:37+00:00","dateModified":"2023-12-18T07:24:53+00:00","description":"Esta p\u00e1gina est\u00e1 dedicada a la colecci\u00f3n de Tocador en DWG. La mayor\u00eda de los bloques CAD de esta categor\u00eda se dibujan en vistas en planta","breadcrumb":{"@id":"https:\/\/icadblock.com\/es\/coleccion-muebles-dwg-autocad\/tabla-en-dwg-autocad\/tocador-en-dwg-descarga\/#breadcrumb"},"inLanguage":"es","potentialAction":[{"@type":"ReadAction","target":["https:\/\/icadblock.com\/es\/coleccion-muebles-dwg-autocad\/tabla-en-dwg-autocad\/tocador-en-dwg-descarga\/"]}]},{"@type":"ImageObject","inLanguage":"es","@id":"https:\/\/icadblock.com\/es\/coleccion-muebles-dwg-autocad\/tabla-en-dwg-autocad\/tocador-en-dwg-descarga\/#primaryimage","url":"https:\/\/icadblock.com\/wp-content\/uploads\/2022\/04\/dressing-table.webp","contentUrl":"https:\/\/icadblock.com\/wp-content\/uploads\/2022\/04\/dressing-table.webp","width":740,"height":500,"caption":"Tocador en DWG"},{"@type":"BreadcrumbList","@id":"https:\/\/icadblock.com\/es\/coleccion-muebles-dwg-autocad\/tabla-en-dwg-autocad\/tocador-en-dwg-descarga\/#breadcrumb","itemListElement":[{"@type":"ListItem","position":1,"name":"Home","item":"https:\/\/icadblock.com\/es\/"},{"@type":"ListItem","position":2,"name":"Colecci\u00f3n de muebles DWG en AutoCAD","item":"https:\/\/icadblock.com\/es\/coleccion-muebles-dwg-autocad\/"},{"@type":"ListItem","position":3,"name":"Tabla en DWG AutoCAD, Descargar Colecci\u00f3n","item":"https:\/\/icadblock.com\/es\/coleccion-muebles-dwg-autocad\/tabla-en-dwg-autocad\/"},{"@type":"ListItem","position":4,"name":"Tocador en DWG, Descarga la colecci\u00f3n"}]},{"@type":"WebSite","@id":"https:\/\/icadblock.com\/es\/#website","url":"https:\/\/icadblock.com\/es\/","name":"iCADBLOCK","description":"CAD Block free download, 2d DWG models in plan","publisher":{"@id":"https:\/\/icadblock.com\/es\/#organization"},"potentialAction":[{"@type":"SearchAction","target":{"@type":"EntryPoint","urlTemplate":"https:\/\/icadblock.com\/es\/?s={search_term_string}"},"query-input":{"@type":"PropertyValueSpecification","valueRequired":true,"valueName":"search_term_string"}}],"inLanguage":"es"},{"@type":"Organization","@id":"https:\/\/icadblock.com\/es\/#organization","name":"icadblock","url":"https:\/\/icadblock.com\/es\/","logo":{"@type":"ImageObject","inLanguage":"es","@id":"https:\/\/icadblock.com\/es\/#\/schema\/logo\/image\/","url":"https:\/\/icadblock.com\/wp-content\/uploads\/2022\/02\/LOGO.png","contentUrl":"https:\/\/icadblock.com\/wp-content\/uploads\/2022\/02\/LOGO.png","width":546,"height":125,"caption":"icadblock"},"image":{"@id":"https:\/\/icadblock.com\/es\/#\/schema\/logo\/image\/"}}]}},"_links":{"self":[{"href":"https:\/\/icadblock.com\/es\/wp-json\/wp\/v2\/pages\/9091","targetHints":{"allow":["GET"]}}],"collection":[{"href":"https:\/\/icadblock.com\/es\/wp-json\/wp\/v2\/pages"}],"about":[{"href":"https:\/\/icadblock.com\/es\/wp-json\/wp\/v2\/types\/page"}],"author":[{"embeddable":true,"href":"https:\/\/icadblock.com\/es\/wp-json\/wp\/v2\/users\/2"}],"replies":[{"embeddable":true,"href":"https:\/\/icadblock.com\/es\/wp-json\/wp\/v2\/comments?post=9091"}],"version-history":[{"count":3,"href":"https:\/\/icadblock.com\/es\/wp-json\/wp\/v2\/pages\/9091\/revisions"}],"predecessor-version":[{"id":9094,"href":"https:\/\/icadblock.com\/es\/wp-json\/wp\/v2\/pages\/9091\/revisions\/9094"}],"up":[{"embeddable":true,"href":"https:\/\/icadblock.com\/es\/wp-json\/wp\/v2\/pages\/9063"}],"wp:featuredmedia":[{"embeddable":true,"href":"https:\/\/icadblock.com\/es\/wp-json\/wp\/v2\/media\/8035"}],"wp:attachment":[{"href":"https:\/\/icadblock.com\/es\/wp-json\/wp\/v2\/media?parent=9091"}],"curies":[{"name":"wp","href":"https:\/\/api.w.org\/{rel}","templated":true}]}}