{"id":9105,"date":"2022-03-09T15:13:16","date_gmt":"2022-03-09T15:13:16","guid":{"rendered":"https:\/\/icadblock.com\/?page_id=9105"},"modified":"2023-12-18T07:42:40","modified_gmt":"2023-12-18T07:42:40","slug":"mostrador-de-recepcion-dwg","status":"publish","type":"page","link":"https:\/\/icadblock.com\/es\/coleccion-muebles-dwg-autocad\/bloques-de-escritorio-en-dwg\/mostrador-de-recepcion-dwg\/","title":{"rendered":"Mostrador de recepci\u00f3n DWG en AutoCAD"},"content":{"rendered":"\t\t<div data-elementor-type=\"wp-page\" data-elementor-id=\"9105\" class=\"elementor elementor-9105 elementor-976\" data-elementor-post-type=\"page\">\n\t\t\t\t\t\t<section class=\"elementor-section elementor-top-section elementor-element elementor-element-7aa20679 elementor-section-boxed elementor-section-height-default elementor-section-height-default\" data-id=\"7aa20679\" data-element_type=\"section\">\n\t\t\t\t\t\t<div class=\"elementor-container elementor-column-gap-default\">\n\t\t\t\t\t<div class=\"elementor-column elementor-col-50 elementor-top-column elementor-element elementor-element-646951af\" data-id=\"646951af\" data-element_type=\"column\">\n\t\t\t<div class=\"elementor-widget-wrap elementor-element-populated\">\n\t\t\t\t\t\t<div class=\"elementor-element elementor-element-4a0299a2 elementor-widget elementor-widget-text-editor\" data-id=\"4a0299a2\" data-element_type=\"widget\" data-widget_type=\"text-editor.default\">\n\t\t\t\t<div class=\"elementor-widget-container\">\n\t\t\t<style>\/*! elementor - v3.21.0 - 30-04-2024 *\/\n.elementor-widget-text-editor.elementor-drop-cap-view-stacked .elementor-drop-cap{background-color:#69727d;color:#fff}.elementor-widget-text-editor.elementor-drop-cap-view-framed .elementor-drop-cap{color:#69727d;border:3px solid;background-color:transparent}.elementor-widget-text-editor:not(.elementor-drop-cap-view-default) .elementor-drop-cap{margin-top:8px}.elementor-widget-text-editor:not(.elementor-drop-cap-view-default) .elementor-drop-cap-letter{width:1em;height:1em}.elementor-widget-text-editor .elementor-drop-cap{float:left;text-align:center;line-height:1;font-size:50px}.elementor-widget-text-editor .elementor-drop-cap-letter{display:inline-block}<\/style>\t\t\t\t<p>En esta p\u00e1gina, proporcionaremos una colecci\u00f3n de mostradores de recepci\u00f3n DWG en AutoCAD.<\/p><p>La mayor\u00eda de estos modelos DWG se dibujan en vistas en planta y en alzado (superior, lateral, frontal, posterior).<\/p><p>Puede utilizar estos bloques CAD en sus proyectos de AutoCAD u otros fines.<\/p><p>Los siguientes modelos 2D son los mejores que pueden satisfacer sus necesidades.<\/p><p>Estamos tratando de actualizar esta p\u00e1gina constantemente.<\/p><p>Marque esta p\u00e1gina como favorita para futuras actualizaciones.<\/p>\t\t\t\t\t\t<\/div>\n\t\t\t\t<\/div>\n\t\t\t\t<div class=\"elementor-element elementor-element-73f3676 elementor-widget elementor-widget-text-editor\" data-id=\"73f3676\" data-element_type=\"widget\" data-widget_type=\"text-editor.default\">\n\t\t\t\t<div class=\"elementor-widget-container\">\n\t\t\t\t\t\t\t<p><\/p>\t\t\t\t\t\t<\/div>\n\t\t\t\t<\/div>\n\t\t\t\t<div class=\"elementor-element elementor-element-1a75431 elementor-widget elementor-widget-heading\" data-id=\"1a75431\" data-element_type=\"widget\" data-widget_type=\"heading.default\">\n\t\t\t\t<div class=\"elementor-widget-container\">\n\t\t\t<style>\/*! elementor - v3.21.0 - 30-04-2024 *\/\n.elementor-heading-title{padding:0;margin:0;line-height:1}.elementor-widget-heading .elementor-heading-title[class*=elementor-size-]>a{color:inherit;font-size:inherit;line-height:inherit}.elementor-widget-heading .elementor-heading-title.elementor-size-small{font-size:15px}.elementor-widget-heading .elementor-heading-title.elementor-size-medium{font-size:19px}.elementor-widget-heading .elementor-heading-title.elementor-size-large{font-size:29px}.elementor-widget-heading .elementor-heading-title.elementor-size-xl{font-size:39px}.elementor-widget-heading .elementor-heading-title.elementor-size-xxl{font-size:59px}<\/style><h2 class=\"elementor-heading-title elementor-size-default\">Mostrador de recepci\u00f3n DWG<\/h2>\t\t<\/div>\n\t\t\t\t<\/div>\n\t\t\t\t<div class=\"elementor-element elementor-element-63b78b0 elementor-widget elementor-widget-text-editor\" data-id=\"63b78b0\" data-element_type=\"widget\" data-widget_type=\"text-editor.default\">\n\t\t\t\t<div class=\"elementor-widget-container\">\n\t\t\t\t\t\t\t<p>Puede hacer clic en el siguiente enlace y descargar otros bloques CAD relacionados:<\/p><p><a href=\"https:\/\/icadblock.com\/es\/coleccion-muebles-dwg-autocad\/bloques-de-escritorio-en-dwg\/\"><em><strong>Bloques de escritorio en DWG<\/strong><\/em><\/a><\/p><p><a href=\"https:\/\/icadblock.com\/es\/coleccion-muebles-dwg-autocad\/mobiliario-de-oficina-en-dwg\/\"><em><strong>Mobiliario de Oficina en DWG<\/strong><\/em><\/a><\/p><h3><span style=\"color: #0000ff;\">Notas de decoraci\u00f3n:<\/span><\/h3><p style=\"font-style: normal; font-weight: 400; font-family: Roboto, sans-serif; font-size: 16px;\">En su mayor\u00eda, este tipo de escritorio se coloca en un \u00e1rea donde el personal o los empleados se re\u00fanen por primera vez con los clientes o los clientes.<\/p><p style=\"font-style: normal; font-weight: 400; font-family: Roboto, sans-serif; font-size: 16px;\">En realidad, puedes colocar un mostrador de recepci\u00f3n en una zona de espera como un vest\u00edbulo.<\/p><p style=\"font-style: normal; font-weight: 400; font-family: Roboto, sans-serif; font-size: 16px;\">Lo podemos encontrar en la mayor\u00eda de organizaciones, oficinas, hoteles, etc.<\/p><p style=\"font-style: normal; font-weight: 400; font-family: Roboto, sans-serif; font-size: 16px;\">Es de alguna manera el centro de comunicaci\u00f3n del hotel.<\/p><p style=\"font-style: normal; font-weight: 400; font-family: Roboto, sans-serif; font-size: 16px;\">Tambi\u00e9n debes colocar el escritorio frente a la puerta de entrada para que el visitante pueda acceder f\u00e1cilmente.<\/p><p style=\"font-style: normal; font-weight: 400; font-family: Roboto, sans-serif; font-size: 16px;\">El uso de Reception Desk CAD Block en sus dibujos de AutoCAD agrega m\u00e1s belleza a su dise\u00f1o.<\/p><p style=\"font-style: normal; font-weight: 400; font-family: Roboto, sans-serif; font-size: 16px;\">Tu dibujo tambi\u00e9n se ver\u00e1 m\u00e1s profesional.<\/p><p style=\"font-style: normal; font-weight: 400; font-family: Roboto, sans-serif; font-size: 16px;\">El uso de estos bloques CAD mejorar\u00e1 su comprensi\u00f3n del espacio.<\/p>\t\t\t\t\t\t<\/div>\n\t\t\t\t<\/div>\n\t\t\t\t\t<\/div>\n\t\t<\/div>\n\t\t\t\t<div class=\"jet-sticky-column-sticky elementor-column elementor-col-50 elementor-top-column elementor-element elementor-element-6ce911f\" data-jet-sticky-column-settings=\"{&quot;id&quot;:&quot;6ce911f&quot;,&quot;sticky&quot;:true,&quot;topSpacing&quot;:50,&quot;bottomSpacing&quot;:50,&quot;stickyOn&quot;:[&quot;desktop&quot;,&quot;tablet&quot;]}\" data-id=\"6ce911f\" data-element_type=\"column\">\n\t\t\t<div class=\"elementor-widget-wrap elementor-element-populated\">\n\t\t\t\t\t\t\t<\/div>\n\t\t<\/div>\n\t\t\t\t\t<\/div>\n\t\t<\/section>\n\t\t\t\t<\/div>\n\t\t","protected":false},"excerpt":{"rendered":"<p>En esta p\u00e1gina, proporcionaremos una colecci\u00f3n de mostradores de recepci\u00f3n DWG en AutoCAD. La mayor\u00eda de estos modelos DWG se [&hellip;]<\/p>\n","protected":false},"author":2,"featured_media":8018,"parent":9029,"menu_order":0,"comment_status":"closed","ping_status":"closed","template":"","meta":{"site-sidebar-layout":"default","site-content-layout":"","ast-site-content-layout":"","site-content-style":"default","site-sidebar-style":"default","ast-global-header-display":"","ast-banner-title-visibility":"","ast-main-header-display":"","ast-hfb-above-header-display":"","ast-hfb-below-header-display":"","ast-hfb-mobile-header-display":"","site-post-title":"","ast-breadcrumbs-content":"","ast-featured-img":"","footer-sml-layout":"","theme-transparent-header-meta":"","adv-header-id-meta":"","stick-header-meta":"","header-above-stick-meta":"","header-main-stick-meta":"","header-below-stick-meta":"","astra-migrate-meta-layouts":"default","ast-page-background-enabled":"default","ast-page-background-meta":{"desktop":{"background-color":"var(--ast-global-color-4)","background-image":"","background-repeat":"repeat","background-position":"center center","background-size":"auto","background-attachment":"scroll","background-type":"","background-media":"","overlay-type":"","overlay-color":"","overlay-gradient":""},"tablet":{"background-color":"","background-image":"","background-repeat":"repeat","background-position":"center center","background-size":"auto","background-attachment":"scroll","background-type":"","background-media":"","overlay-type":"","overlay-color":"","overlay-gradient":""},"mobile":{"background-color":"","background-image":"","background-repeat":"repeat","background-position":"center center","background-size":"auto","background-attachment":"scroll","background-type":"","background-media":"","overlay-type":"","overlay-color":"","overlay-gradient":""}},"ast-content-background-meta":{"desktop":{"background-color":"var(--ast-global-color-5)","background-image":"","background-repeat":"repeat","background-position":"center center","background-size":"auto","background-attachment":"scroll","background-type":"","background-media":"","overlay-type":"","overlay-color":"","overlay-gradient":""},"tablet":{"background-color":"var(--ast-global-color-5)","background-image":"","background-repeat":"repeat","background-position":"center center","background-size":"auto","background-attachment":"scroll","background-type":"","background-media":"","overlay-type":"","overlay-color":"","overlay-gradient":""},"mobile":{"background-color":"var(--ast-global-color-5)","background-image":"","background-repeat":"repeat","background-position":"center center","background-size":"auto","background-attachment":"scroll","background-type":"","background-media":"","overlay-type":"","overlay-color":"","overlay-gradient":""}},"footnotes":""},"class_list":["post-9105","page","type-page","status-publish","has-post-thumbnail","hentry"],"yoast_head":"<!-- This site is optimized with the Yoast SEO plugin v26.0 - https:\/\/yoast.com\/wordpress\/plugins\/seo\/ -->\n<title>Mostrador de recepci\u00f3n DWG en AutoCAD - iCADBLOCK<\/title>\n<meta name=\"description\" content=\"En esta p\u00e1gina, proporcionaremos una colecci\u00f3n de mostradores de recepci\u00f3n DWG en AutoCAD. La mayor\u00eda de estos modelos DWG se dibujan\" \/>\n<meta name=\"robots\" content=\"index, follow, max-snippet:-1, max-image-preview:large, max-video-preview:-1\" \/>\n<link rel=\"canonical\" href=\"https:\/\/icadblock.com\/es\/coleccion-muebles-dwg-autocad\/bloques-de-escritorio-en-dwg\/mostrador-de-recepcion-dwg\/\" \/>\n<meta property=\"og:locale\" content=\"es_ES\" \/>\n<meta property=\"og:type\" content=\"article\" \/>\n<meta property=\"og:title\" content=\"Mostrador de recepci\u00f3n DWG en AutoCAD - iCADBLOCK\" \/>\n<meta property=\"og:description\" content=\"En esta p\u00e1gina, proporcionaremos una colecci\u00f3n de mostradores de recepci\u00f3n DWG en AutoCAD. La mayor\u00eda de estos modelos DWG se dibujan\" \/>\n<meta property=\"og:url\" content=\"https:\/\/icadblock.com\/es\/coleccion-muebles-dwg-autocad\/bloques-de-escritorio-en-dwg\/mostrador-de-recepcion-dwg\/\" \/>\n<meta property=\"og:site_name\" content=\"iCADBLOCK\" \/>\n<meta property=\"article:modified_time\" content=\"2023-12-18T07:42:40+00:00\" \/>\n<meta property=\"og:image\" content=\"https:\/\/icadblock.com\/wp-content\/uploads\/2022\/04\/reception-desk.webp\" \/>\n\t<meta property=\"og:image:width\" content=\"740\" \/>\n\t<meta property=\"og:image:height\" content=\"500\" \/>\n\t<meta property=\"og:image:type\" content=\"image\/webp\" \/>\n<meta name=\"twitter:card\" content=\"summary_large_image\" \/>\n<meta name=\"twitter:label1\" content=\"Tiempo de lectura\" \/>\n\t<meta name=\"twitter:data1\" content=\"3 minutos\" \/>\n<script type=\"application\/ld+json\" class=\"yoast-schema-graph\">{\"@context\":\"https:\/\/schema.org\",\"@graph\":[{\"@type\":\"WebPage\",\"@id\":\"https:\/\/icadblock.com\/es\/coleccion-muebles-dwg-autocad\/bloques-de-escritorio-en-dwg\/mostrador-de-recepcion-dwg\/\",\"url\":\"https:\/\/icadblock.com\/es\/coleccion-muebles-dwg-autocad\/bloques-de-escritorio-en-dwg\/mostrador-de-recepcion-dwg\/\",\"name\":\"Mostrador de recepci\u00f3n DWG en AutoCAD - iCADBLOCK\",\"isPartOf\":{\"@id\":\"https:\/\/icadblock.com\/es\/#website\"},\"primaryImageOfPage\":{\"@id\":\"https:\/\/icadblock.com\/es\/coleccion-muebles-dwg-autocad\/bloques-de-escritorio-en-dwg\/mostrador-de-recepcion-dwg\/#primaryimage\"},\"image\":{\"@id\":\"https:\/\/icadblock.com\/es\/coleccion-muebles-dwg-autocad\/bloques-de-escritorio-en-dwg\/mostrador-de-recepcion-dwg\/#primaryimage\"},\"thumbnailUrl\":\"https:\/\/icadblock.com\/wp-content\/uploads\/2022\/04\/reception-desk.webp\",\"datePublished\":\"2022-03-09T15:13:16+00:00\",\"dateModified\":\"2023-12-18T07:42:40+00:00\",\"description\":\"En esta p\u00e1gina, proporcionaremos una colecci\u00f3n de mostradores de recepci\u00f3n DWG en AutoCAD. La mayor\u00eda de estos modelos DWG se dibujan\",\"breadcrumb\":{\"@id\":\"https:\/\/icadblock.com\/es\/coleccion-muebles-dwg-autocad\/bloques-de-escritorio-en-dwg\/mostrador-de-recepcion-dwg\/#breadcrumb\"},\"inLanguage\":\"es\",\"potentialAction\":[{\"@type\":\"ReadAction\",\"target\":[\"https:\/\/icadblock.com\/es\/coleccion-muebles-dwg-autocad\/bloques-de-escritorio-en-dwg\/mostrador-de-recepcion-dwg\/\"]}]},{\"@type\":\"ImageObject\",\"inLanguage\":\"es\",\"@id\":\"https:\/\/icadblock.com\/es\/coleccion-muebles-dwg-autocad\/bloques-de-escritorio-en-dwg\/mostrador-de-recepcion-dwg\/#primaryimage\",\"url\":\"https:\/\/icadblock.com\/wp-content\/uploads\/2022\/04\/reception-desk.webp\",\"contentUrl\":\"https:\/\/icadblock.com\/wp-content\/uploads\/2022\/04\/reception-desk.webp\",\"width\":740,\"height\":500,\"caption\":\"Mostrador de recepci\u00f3n DWG en AutoCAD\"},{\"@type\":\"BreadcrumbList\",\"@id\":\"https:\/\/icadblock.com\/es\/coleccion-muebles-dwg-autocad\/bloques-de-escritorio-en-dwg\/mostrador-de-recepcion-dwg\/#breadcrumb\",\"itemListElement\":[{\"@type\":\"ListItem\",\"position\":1,\"name\":\"Home\",\"item\":\"https:\/\/icadblock.com\/es\/\"},{\"@type\":\"ListItem\",\"position\":2,\"name\":\"Colecci\u00f3n de muebles DWG en AutoCAD\",\"item\":\"https:\/\/icadblock.com\/es\/coleccion-muebles-dwg-autocad\/\"},{\"@type\":\"ListItem\",\"position\":3,\"name\":\"Bloques de escritorio en DWG, Colecci\u00f3n\",\"item\":\"https:\/\/icadblock.com\/es\/coleccion-muebles-dwg-autocad\/bloques-de-escritorio-en-dwg\/\"},{\"@type\":\"ListItem\",\"position\":4,\"name\":\"Mostrador de recepci\u00f3n DWG en AutoCAD\"}]},{\"@type\":\"WebSite\",\"@id\":\"https:\/\/icadblock.com\/es\/#website\",\"url\":\"https:\/\/icadblock.com\/es\/\",\"name\":\"iCADBLOCK\",\"description\":\"CAD Block free download, 2d DWG models in plan\",\"publisher\":{\"@id\":\"https:\/\/icadblock.com\/es\/#organization\"},\"potentialAction\":[{\"@type\":\"SearchAction\",\"target\":{\"@type\":\"EntryPoint\",\"urlTemplate\":\"https:\/\/icadblock.com\/es\/?s={search_term_string}\"},\"query-input\":{\"@type\":\"PropertyValueSpecification\",\"valueRequired\":true,\"valueName\":\"search_term_string\"}}],\"inLanguage\":\"es\"},{\"@type\":\"Organization\",\"@id\":\"https:\/\/icadblock.com\/es\/#organization\",\"name\":\"icadblock\",\"url\":\"https:\/\/icadblock.com\/es\/\",\"logo\":{\"@type\":\"ImageObject\",\"inLanguage\":\"es\",\"@id\":\"https:\/\/icadblock.com\/es\/#\/schema\/logo\/image\/\",\"url\":\"https:\/\/icadblock.com\/wp-content\/uploads\/2022\/02\/LOGO.png\",\"contentUrl\":\"https:\/\/icadblock.com\/wp-content\/uploads\/2022\/02\/LOGO.png\",\"width\":546,\"height\":125,\"caption\":\"icadblock\"},\"image\":{\"@id\":\"https:\/\/icadblock.com\/es\/#\/schema\/logo\/image\/\"}}]}<\/script>\n<!-- \/ Yoast SEO plugin. -->","yoast_head_json":{"title":"Mostrador de recepci\u00f3n DWG en AutoCAD - iCADBLOCK","description":"En esta p\u00e1gina, proporcionaremos una colecci\u00f3n de mostradores de recepci\u00f3n DWG en AutoCAD. La mayor\u00eda de estos modelos DWG se dibujan","robots":{"index":"index","follow":"follow","max-snippet":"max-snippet:-1","max-image-preview":"max-image-preview:large","max-video-preview":"max-video-preview:-1"},"canonical":"https:\/\/icadblock.com\/es\/coleccion-muebles-dwg-autocad\/bloques-de-escritorio-en-dwg\/mostrador-de-recepcion-dwg\/","og_locale":"es_ES","og_type":"article","og_title":"Mostrador de recepci\u00f3n DWG en AutoCAD - iCADBLOCK","og_description":"En esta p\u00e1gina, proporcionaremos una colecci\u00f3n de mostradores de recepci\u00f3n DWG en AutoCAD. La mayor\u00eda de estos modelos DWG se dibujan","og_url":"https:\/\/icadblock.com\/es\/coleccion-muebles-dwg-autocad\/bloques-de-escritorio-en-dwg\/mostrador-de-recepcion-dwg\/","og_site_name":"iCADBLOCK","article_modified_time":"2023-12-18T07:42:40+00:00","og_image":[{"width":740,"height":500,"url":"https:\/\/icadblock.com\/wp-content\/uploads\/2022\/04\/reception-desk.webp","type":"image\/webp"}],"twitter_card":"summary_large_image","twitter_misc":{"Tiempo de lectura":"3 minutos"},"schema":{"@context":"https:\/\/schema.org","@graph":[{"@type":"WebPage","@id":"https:\/\/icadblock.com\/es\/coleccion-muebles-dwg-autocad\/bloques-de-escritorio-en-dwg\/mostrador-de-recepcion-dwg\/","url":"https:\/\/icadblock.com\/es\/coleccion-muebles-dwg-autocad\/bloques-de-escritorio-en-dwg\/mostrador-de-recepcion-dwg\/","name":"Mostrador de recepci\u00f3n DWG en AutoCAD - iCADBLOCK","isPartOf":{"@id":"https:\/\/icadblock.com\/es\/#website"},"primaryImageOfPage":{"@id":"https:\/\/icadblock.com\/es\/coleccion-muebles-dwg-autocad\/bloques-de-escritorio-en-dwg\/mostrador-de-recepcion-dwg\/#primaryimage"},"image":{"@id":"https:\/\/icadblock.com\/es\/coleccion-muebles-dwg-autocad\/bloques-de-escritorio-en-dwg\/mostrador-de-recepcion-dwg\/#primaryimage"},"thumbnailUrl":"https:\/\/icadblock.com\/wp-content\/uploads\/2022\/04\/reception-desk.webp","datePublished":"2022-03-09T15:13:16+00:00","dateModified":"2023-12-18T07:42:40+00:00","description":"En esta p\u00e1gina, proporcionaremos una colecci\u00f3n de mostradores de recepci\u00f3n DWG en AutoCAD. La mayor\u00eda de estos modelos DWG se dibujan","breadcrumb":{"@id":"https:\/\/icadblock.com\/es\/coleccion-muebles-dwg-autocad\/bloques-de-escritorio-en-dwg\/mostrador-de-recepcion-dwg\/#breadcrumb"},"inLanguage":"es","potentialAction":[{"@type":"ReadAction","target":["https:\/\/icadblock.com\/es\/coleccion-muebles-dwg-autocad\/bloques-de-escritorio-en-dwg\/mostrador-de-recepcion-dwg\/"]}]},{"@type":"ImageObject","inLanguage":"es","@id":"https:\/\/icadblock.com\/es\/coleccion-muebles-dwg-autocad\/bloques-de-escritorio-en-dwg\/mostrador-de-recepcion-dwg\/#primaryimage","url":"https:\/\/icadblock.com\/wp-content\/uploads\/2022\/04\/reception-desk.webp","contentUrl":"https:\/\/icadblock.com\/wp-content\/uploads\/2022\/04\/reception-desk.webp","width":740,"height":500,"caption":"Mostrador de recepci\u00f3n DWG en AutoCAD"},{"@type":"BreadcrumbList","@id":"https:\/\/icadblock.com\/es\/coleccion-muebles-dwg-autocad\/bloques-de-escritorio-en-dwg\/mostrador-de-recepcion-dwg\/#breadcrumb","itemListElement":[{"@type":"ListItem","position":1,"name":"Home","item":"https:\/\/icadblock.com\/es\/"},{"@type":"ListItem","position":2,"name":"Colecci\u00f3n de muebles DWG en AutoCAD","item":"https:\/\/icadblock.com\/es\/coleccion-muebles-dwg-autocad\/"},{"@type":"ListItem","position":3,"name":"Bloques de escritorio en DWG, Colecci\u00f3n","item":"https:\/\/icadblock.com\/es\/coleccion-muebles-dwg-autocad\/bloques-de-escritorio-en-dwg\/"},{"@type":"ListItem","position":4,"name":"Mostrador de recepci\u00f3n DWG en AutoCAD"}]},{"@type":"WebSite","@id":"https:\/\/icadblock.com\/es\/#website","url":"https:\/\/icadblock.com\/es\/","name":"iCADBLOCK","description":"CAD Block free download, 2d DWG models in plan","publisher":{"@id":"https:\/\/icadblock.com\/es\/#organization"},"potentialAction":[{"@type":"SearchAction","target":{"@type":"EntryPoint","urlTemplate":"https:\/\/icadblock.com\/es\/?s={search_term_string}"},"query-input":{"@type":"PropertyValueSpecification","valueRequired":true,"valueName":"search_term_string"}}],"inLanguage":"es"},{"@type":"Organization","@id":"https:\/\/icadblock.com\/es\/#organization","name":"icadblock","url":"https:\/\/icadblock.com\/es\/","logo":{"@type":"ImageObject","inLanguage":"es","@id":"https:\/\/icadblock.com\/es\/#\/schema\/logo\/image\/","url":"https:\/\/icadblock.com\/wp-content\/uploads\/2022\/02\/LOGO.png","contentUrl":"https:\/\/icadblock.com\/wp-content\/uploads\/2022\/02\/LOGO.png","width":546,"height":125,"caption":"icadblock"},"image":{"@id":"https:\/\/icadblock.com\/es\/#\/schema\/logo\/image\/"}}]}},"_links":{"self":[{"href":"https:\/\/icadblock.com\/es\/wp-json\/wp\/v2\/pages\/9105","targetHints":{"allow":["GET"]}}],"collection":[{"href":"https:\/\/icadblock.com\/es\/wp-json\/wp\/v2\/pages"}],"about":[{"href":"https:\/\/icadblock.com\/es\/wp-json\/wp\/v2\/types\/page"}],"author":[{"embeddable":true,"href":"https:\/\/icadblock.com\/es\/wp-json\/wp\/v2\/users\/2"}],"replies":[{"embeddable":true,"href":"https:\/\/icadblock.com\/es\/wp-json\/wp\/v2\/comments?post=9105"}],"version-history":[{"count":5,"href":"https:\/\/icadblock.com\/es\/wp-json\/wp\/v2\/pages\/9105\/revisions"}],"predecessor-version":[{"id":9110,"href":"https:\/\/icadblock.com\/es\/wp-json\/wp\/v2\/pages\/9105\/revisions\/9110"}],"up":[{"embeddable":true,"href":"https:\/\/icadblock.com\/es\/wp-json\/wp\/v2\/pages\/9029"}],"wp:featuredmedia":[{"embeddable":true,"href":"https:\/\/icadblock.com\/es\/wp-json\/wp\/v2\/media\/8018"}],"wp:attachment":[{"href":"https:\/\/icadblock.com\/es\/wp-json\/wp\/v2\/media?parent=9105"}],"curies":[{"name":"wp","href":"https:\/\/api.w.org\/{rel}","templated":true}]}}