{"id":9111,"date":"2022-03-14T15:08:18","date_gmt":"2022-03-14T15:08:18","guid":{"rendered":"https:\/\/icadblock.com\/?page_id=9111"},"modified":"2023-12-18T07:49:55","modified_gmt":"2023-12-18T07:49:55","slug":"mesa-consola-en-dwg","status":"publish","type":"page","link":"https:\/\/icadblock.com\/es\/coleccion-muebles-dwg-autocad\/tabla-en-dwg-autocad\/mesa-consola-en-dwg\/","title":{"rendered":"Mesa Consola en DWG, Muchos modelos"},"content":{"rendered":"\t\t<div data-elementor-type=\"wp-page\" data-elementor-id=\"9111\" class=\"elementor elementor-9111 elementor-997\" data-elementor-post-type=\"page\">\n\t\t\t\t\t\t<section class=\"elementor-section elementor-top-section elementor-element elementor-element-58508491 elementor-section-boxed elementor-section-height-default elementor-section-height-default\" data-id=\"58508491\" data-element_type=\"section\">\n\t\t\t\t\t\t<div class=\"elementor-container elementor-column-gap-default\">\n\t\t\t\t\t<div class=\"elementor-column elementor-col-50 elementor-top-column elementor-element elementor-element-213d92f6\" data-id=\"213d92f6\" data-element_type=\"column\">\n\t\t\t<div class=\"elementor-widget-wrap elementor-element-populated\">\n\t\t\t\t\t\t<div class=\"elementor-element elementor-element-69b04f2f elementor-widget elementor-widget-text-editor\" data-id=\"69b04f2f\" data-element_type=\"widget\" data-widget_type=\"text-editor.default\">\n\t\t\t\t<div class=\"elementor-widget-container\">\n\t\t\t<style>\/*! elementor - v3.21.0 - 30-04-2024 *\/\n.elementor-widget-text-editor.elementor-drop-cap-view-stacked .elementor-drop-cap{background-color:#69727d;color:#fff}.elementor-widget-text-editor.elementor-drop-cap-view-framed .elementor-drop-cap{color:#69727d;border:3px solid;background-color:transparent}.elementor-widget-text-editor:not(.elementor-drop-cap-view-default) .elementor-drop-cap{margin-top:8px}.elementor-widget-text-editor:not(.elementor-drop-cap-view-default) .elementor-drop-cap-letter{width:1em;height:1em}.elementor-widget-text-editor .elementor-drop-cap{float:left;text-align:center;line-height:1;font-size:50px}.elementor-widget-text-editor .elementor-drop-cap-letter{display:inline-block}<\/style>\t\t\t\t<p>Aqu\u00ed, en esta p\u00e1gina, proporcionaremos muchas <strong>Mesa de consola en DWG<\/strong>.<\/p><p>Puede encontrar muchas mesas consola vistas en planta y en alzado.<\/p><p>Es posible utilizar estos bloques CAD en sus proyectos CAD.<\/p><p>Los siguientes modelos DWG est\u00e1n dibujados en alta calidad y puedes elegir cada uno que quieras.<\/p><p>Tenga en cuenta que esta p\u00e1gina se actualiza constantemente, por lo que puede marcarla como favorita para futuras actualizaciones.<\/p>\t\t\t\t\t\t<\/div>\n\t\t\t\t<\/div>\n\t\t\t\t<div class=\"elementor-element elementor-element-40060bc elementor-widget elementor-widget-text-editor\" data-id=\"40060bc\" data-element_type=\"widget\" data-widget_type=\"text-editor.default\">\n\t\t\t\t<div class=\"elementor-widget-container\">\n\t\t\t\t\t\t\t<p><\/p>\t\t\t\t\t\t<\/div>\n\t\t\t\t<\/div>\n\t\t\t\t<div class=\"elementor-element elementor-element-9aeb24e elementor-widget elementor-widget-heading\" data-id=\"9aeb24e\" data-element_type=\"widget\" data-widget_type=\"heading.default\">\n\t\t\t\t<div class=\"elementor-widget-container\">\n\t\t\t<style>\/*! elementor - v3.21.0 - 30-04-2024 *\/\n.elementor-heading-title{padding:0;margin:0;line-height:1}.elementor-widget-heading .elementor-heading-title[class*=elementor-size-]>a{color:inherit;font-size:inherit;line-height:inherit}.elementor-widget-heading .elementor-heading-title.elementor-size-small{font-size:15px}.elementor-widget-heading .elementor-heading-title.elementor-size-medium{font-size:19px}.elementor-widget-heading .elementor-heading-title.elementor-size-large{font-size:29px}.elementor-widget-heading .elementor-heading-title.elementor-size-xl{font-size:39px}.elementor-widget-heading .elementor-heading-title.elementor-size-xxl{font-size:59px}<\/style><h2 class=\"elementor-heading-title elementor-size-default\">Mesa Consola en DWG<\/h2>\t\t<\/div>\n\t\t\t\t<\/div>\n\t\t\t\t<div class=\"elementor-element elementor-element-8d4e071 elementor-widget elementor-widget-text-editor\" data-id=\"8d4e071\" data-element_type=\"widget\" data-widget_type=\"text-editor.default\">\n\t\t\t\t<div class=\"elementor-widget-container\">\n\t\t\t\t\t\t\t<p>Tambi\u00e9n puede descargar otros bloques CAD relacionados utilizando el siguiente enlace:<\/p><p><a href=\"https:\/\/icadblock.com\/es\/coleccion-muebles-dwg-autocad\/tabla-en-dwg-autocad\/\"><em><strong>Tabla en DWG AutoCAD<\/strong><\/em><\/a><\/p><h3><span style=\"color: #0000ff;\">Notas de decoraci\u00f3n:<\/span><\/h3><p>Este tipo de mesas suelen ser mesas esbeltas y largas.<\/p><p>Las mesas consola se utilizan principalmente en espacios estrechos como entradas y pasillos.<\/p><p>Tambi\u00e9n podemos usarlos en lugar de barras, tocadores y escritorios.<\/p><p>Aunque la mayor\u00eda de personas los utilizan en entradas y pasillos, tambi\u00e9n podemos colocarlos en cualquier lugar del hogar.<\/p><p>Puede a\u00f1adir una bonita decoraci\u00f3n estil\u00edstica a cualquier espacio.<\/p><p>Como se dijo, el mejor lugar para una mesa consola es junto a la puerta de entrada.<\/p><p>Puedes colocar l\u00e1mparas de mesa, obras de arte, llaves, sombreros y otros art\u00edculos en la mesa de tu consola.<\/p><p>El uso de Console Table CAD Block en proyectos CAD hace que sus dibujos sean m\u00e1s hermosos.<\/p>\t\t\t\t\t\t<\/div>\n\t\t\t\t<\/div>\n\t\t\t\t\t<\/div>\n\t\t<\/div>\n\t\t\t\t<div class=\"jet-sticky-column-sticky elementor-column elementor-col-50 elementor-top-column elementor-element elementor-element-773689e\" data-jet-sticky-column-settings=\"{&quot;id&quot;:&quot;773689e&quot;,&quot;sticky&quot;:true,&quot;topSpacing&quot;:50,&quot;bottomSpacing&quot;:50,&quot;stickyOn&quot;:[&quot;desktop&quot;,&quot;tablet&quot;]}\" data-id=\"773689e\" data-element_type=\"column\">\n\t\t\t<div class=\"elementor-widget-wrap elementor-element-populated\">\n\t\t\t\t\t\t\t<\/div>\n\t\t<\/div>\n\t\t\t\t\t<\/div>\n\t\t<\/section>\n\t\t\t\t<\/div>\n\t\t","protected":false},"excerpt":{"rendered":"<p>Aqu\u00ed, en esta p\u00e1gina, proporcionaremos muchas Mesa de consola en DWG. Puede encontrar muchas mesas consola vistas en planta y [&hellip;]<\/p>\n","protected":false},"author":2,"featured_media":8033,"parent":9063,"menu_order":0,"comment_status":"closed","ping_status":"closed","template":"","meta":{"site-sidebar-layout":"default","site-content-layout":"","ast-site-content-layout":"","site-content-style":"default","site-sidebar-style":"default","ast-global-header-display":"","ast-banner-title-visibility":"","ast-main-header-display":"","ast-hfb-above-header-display":"","ast-hfb-below-header-display":"","ast-hfb-mobile-header-display":"","site-post-title":"","ast-breadcrumbs-content":"","ast-featured-img":"","footer-sml-layout":"","theme-transparent-header-meta":"","adv-header-id-meta":"","stick-header-meta":"","header-above-stick-meta":"","header-main-stick-meta":"","header-below-stick-meta":"","astra-migrate-meta-layouts":"default","ast-page-background-enabled":"default","ast-page-background-meta":{"desktop":{"background-color":"var(--ast-global-color-4)","background-image":"","background-repeat":"repeat","background-position":"center center","background-size":"auto","background-attachment":"scroll","background-type":"","background-media":"","overlay-type":"","overlay-color":"","overlay-gradient":""},"tablet":{"background-color":"","background-image":"","background-repeat":"repeat","background-position":"center center","background-size":"auto","background-attachment":"scroll","background-type":"","background-media":"","overlay-type":"","overlay-color":"","overlay-gradient":""},"mobile":{"background-color":"","background-image":"","background-repeat":"repeat","background-position":"center center","background-size":"auto","background-attachment":"scroll","background-type":"","background-media":"","overlay-type":"","overlay-color":"","overlay-gradient":""}},"ast-content-background-meta":{"desktop":{"background-color":"var(--ast-global-color-5)","background-image":"","background-repeat":"repeat","background-position":"center center","background-size":"auto","background-attachment":"scroll","background-type":"","background-media":"","overlay-type":"","overlay-color":"","overlay-gradient":""},"tablet":{"background-color":"var(--ast-global-color-5)","background-image":"","background-repeat":"repeat","background-position":"center center","background-size":"auto","background-attachment":"scroll","background-type":"","background-media":"","overlay-type":"","overlay-color":"","overlay-gradient":""},"mobile":{"background-color":"var(--ast-global-color-5)","background-image":"","background-repeat":"repeat","background-position":"center center","background-size":"auto","background-attachment":"scroll","background-type":"","background-media":"","overlay-type":"","overlay-color":"","overlay-gradient":""}},"footnotes":""},"class_list":["post-9111","page","type-page","status-publish","has-post-thumbnail","hentry"],"yoast_head":"<!-- This site is optimized with the Yoast SEO plugin v26.0 - https:\/\/yoast.com\/wordpress\/plugins\/seo\/ -->\n<title>Mesa Consola en DWG, Muchos modelos - iCADBLOCK<\/title>\n<meta name=\"description\" content=\"Aqu\u00ed, en esta p\u00e1gina, proporcionaremos muchas Mesa de consola en DWG. Puede encontrar muchas mesas consola vistas en planta y en alzado.\" \/>\n<meta name=\"robots\" content=\"index, follow, max-snippet:-1, max-image-preview:large, max-video-preview:-1\" \/>\n<link rel=\"canonical\" href=\"https:\/\/icadblock.com\/es\/coleccion-muebles-dwg-autocad\/tabla-en-dwg-autocad\/mesa-consola-en-dwg\/\" \/>\n<meta property=\"og:locale\" content=\"es_ES\" \/>\n<meta property=\"og:type\" content=\"article\" \/>\n<meta property=\"og:title\" content=\"Mesa Consola en DWG, Muchos modelos - iCADBLOCK\" \/>\n<meta property=\"og:description\" content=\"Aqu\u00ed, en esta p\u00e1gina, proporcionaremos muchas Mesa de consola en DWG. Puede encontrar muchas mesas consola vistas en planta y en alzado.\" \/>\n<meta property=\"og:url\" content=\"https:\/\/icadblock.com\/es\/coleccion-muebles-dwg-autocad\/tabla-en-dwg-autocad\/mesa-consola-en-dwg\/\" \/>\n<meta property=\"og:site_name\" content=\"iCADBLOCK\" \/>\n<meta property=\"article:modified_time\" content=\"2023-12-18T07:49:55+00:00\" \/>\n<meta property=\"og:image\" content=\"https:\/\/icadblock.com\/wp-content\/uploads\/2022\/04\/console-table.webp\" \/>\n\t<meta property=\"og:image:width\" content=\"740\" \/>\n\t<meta property=\"og:image:height\" content=\"500\" \/>\n\t<meta property=\"og:image:type\" content=\"image\/webp\" \/>\n<meta name=\"twitter:card\" content=\"summary_large_image\" \/>\n<meta name=\"twitter:label1\" content=\"Tiempo de lectura\" \/>\n\t<meta name=\"twitter:data1\" content=\"2 minutos\" \/>\n<script type=\"application\/ld+json\" class=\"yoast-schema-graph\">{\"@context\":\"https:\/\/schema.org\",\"@graph\":[{\"@type\":\"WebPage\",\"@id\":\"https:\/\/icadblock.com\/es\/coleccion-muebles-dwg-autocad\/tabla-en-dwg-autocad\/mesa-consola-en-dwg\/\",\"url\":\"https:\/\/icadblock.com\/es\/coleccion-muebles-dwg-autocad\/tabla-en-dwg-autocad\/mesa-consola-en-dwg\/\",\"name\":\"Mesa Consola en DWG, Muchos modelos - iCADBLOCK\",\"isPartOf\":{\"@id\":\"https:\/\/icadblock.com\/es\/#website\"},\"primaryImageOfPage\":{\"@id\":\"https:\/\/icadblock.com\/es\/coleccion-muebles-dwg-autocad\/tabla-en-dwg-autocad\/mesa-consola-en-dwg\/#primaryimage\"},\"image\":{\"@id\":\"https:\/\/icadblock.com\/es\/coleccion-muebles-dwg-autocad\/tabla-en-dwg-autocad\/mesa-consola-en-dwg\/#primaryimage\"},\"thumbnailUrl\":\"https:\/\/icadblock.com\/wp-content\/uploads\/2022\/04\/console-table.webp\",\"datePublished\":\"2022-03-14T15:08:18+00:00\",\"dateModified\":\"2023-12-18T07:49:55+00:00\",\"description\":\"Aqu\u00ed, en esta p\u00e1gina, proporcionaremos muchas Mesa de consola en DWG. Puede encontrar muchas mesas consola vistas en planta y en alzado.\",\"breadcrumb\":{\"@id\":\"https:\/\/icadblock.com\/es\/coleccion-muebles-dwg-autocad\/tabla-en-dwg-autocad\/mesa-consola-en-dwg\/#breadcrumb\"},\"inLanguage\":\"es\",\"potentialAction\":[{\"@type\":\"ReadAction\",\"target\":[\"https:\/\/icadblock.com\/es\/coleccion-muebles-dwg-autocad\/tabla-en-dwg-autocad\/mesa-consola-en-dwg\/\"]}]},{\"@type\":\"ImageObject\",\"inLanguage\":\"es\",\"@id\":\"https:\/\/icadblock.com\/es\/coleccion-muebles-dwg-autocad\/tabla-en-dwg-autocad\/mesa-consola-en-dwg\/#primaryimage\",\"url\":\"https:\/\/icadblock.com\/wp-content\/uploads\/2022\/04\/console-table.webp\",\"contentUrl\":\"https:\/\/icadblock.com\/wp-content\/uploads\/2022\/04\/console-table.webp\",\"width\":740,\"height\":500,\"caption\":\"Mesa Consola en DWG\"},{\"@type\":\"BreadcrumbList\",\"@id\":\"https:\/\/icadblock.com\/es\/coleccion-muebles-dwg-autocad\/tabla-en-dwg-autocad\/mesa-consola-en-dwg\/#breadcrumb\",\"itemListElement\":[{\"@type\":\"ListItem\",\"position\":1,\"name\":\"Home\",\"item\":\"https:\/\/icadblock.com\/es\/\"},{\"@type\":\"ListItem\",\"position\":2,\"name\":\"Colecci\u00f3n de muebles DWG en AutoCAD\",\"item\":\"https:\/\/icadblock.com\/es\/coleccion-muebles-dwg-autocad\/\"},{\"@type\":\"ListItem\",\"position\":3,\"name\":\"Tabla en DWG AutoCAD, Descargar Colecci\u00f3n\",\"item\":\"https:\/\/icadblock.com\/es\/coleccion-muebles-dwg-autocad\/tabla-en-dwg-autocad\/\"},{\"@type\":\"ListItem\",\"position\":4,\"name\":\"Mesa Consola en DWG, Muchos modelos\"}]},{\"@type\":\"WebSite\",\"@id\":\"https:\/\/icadblock.com\/es\/#website\",\"url\":\"https:\/\/icadblock.com\/es\/\",\"name\":\"iCADBLOCK\",\"description\":\"CAD Block free download, 2d DWG models in plan\",\"publisher\":{\"@id\":\"https:\/\/icadblock.com\/es\/#organization\"},\"potentialAction\":[{\"@type\":\"SearchAction\",\"target\":{\"@type\":\"EntryPoint\",\"urlTemplate\":\"https:\/\/icadblock.com\/es\/?s={search_term_string}\"},\"query-input\":{\"@type\":\"PropertyValueSpecification\",\"valueRequired\":true,\"valueName\":\"search_term_string\"}}],\"inLanguage\":\"es\"},{\"@type\":\"Organization\",\"@id\":\"https:\/\/icadblock.com\/es\/#organization\",\"name\":\"icadblock\",\"url\":\"https:\/\/icadblock.com\/es\/\",\"logo\":{\"@type\":\"ImageObject\",\"inLanguage\":\"es\",\"@id\":\"https:\/\/icadblock.com\/es\/#\/schema\/logo\/image\/\",\"url\":\"https:\/\/icadblock.com\/wp-content\/uploads\/2022\/02\/LOGO.png\",\"contentUrl\":\"https:\/\/icadblock.com\/wp-content\/uploads\/2022\/02\/LOGO.png\",\"width\":546,\"height\":125,\"caption\":\"icadblock\"},\"image\":{\"@id\":\"https:\/\/icadblock.com\/es\/#\/schema\/logo\/image\/\"}}]}<\/script>\n<!-- \/ Yoast SEO plugin. -->","yoast_head_json":{"title":"Mesa Consola en DWG, Muchos modelos - iCADBLOCK","description":"Aqu\u00ed, en esta p\u00e1gina, proporcionaremos muchas Mesa de consola en DWG. Puede encontrar muchas mesas consola vistas en planta y en alzado.","robots":{"index":"index","follow":"follow","max-snippet":"max-snippet:-1","max-image-preview":"max-image-preview:large","max-video-preview":"max-video-preview:-1"},"canonical":"https:\/\/icadblock.com\/es\/coleccion-muebles-dwg-autocad\/tabla-en-dwg-autocad\/mesa-consola-en-dwg\/","og_locale":"es_ES","og_type":"article","og_title":"Mesa Consola en DWG, Muchos modelos - iCADBLOCK","og_description":"Aqu\u00ed, en esta p\u00e1gina, proporcionaremos muchas Mesa de consola en DWG. Puede encontrar muchas mesas consola vistas en planta y en alzado.","og_url":"https:\/\/icadblock.com\/es\/coleccion-muebles-dwg-autocad\/tabla-en-dwg-autocad\/mesa-consola-en-dwg\/","og_site_name":"iCADBLOCK","article_modified_time":"2023-12-18T07:49:55+00:00","og_image":[{"width":740,"height":500,"url":"https:\/\/icadblock.com\/wp-content\/uploads\/2022\/04\/console-table.webp","type":"image\/webp"}],"twitter_card":"summary_large_image","twitter_misc":{"Tiempo de lectura":"2 minutos"},"schema":{"@context":"https:\/\/schema.org","@graph":[{"@type":"WebPage","@id":"https:\/\/icadblock.com\/es\/coleccion-muebles-dwg-autocad\/tabla-en-dwg-autocad\/mesa-consola-en-dwg\/","url":"https:\/\/icadblock.com\/es\/coleccion-muebles-dwg-autocad\/tabla-en-dwg-autocad\/mesa-consola-en-dwg\/","name":"Mesa Consola en DWG, Muchos modelos - iCADBLOCK","isPartOf":{"@id":"https:\/\/icadblock.com\/es\/#website"},"primaryImageOfPage":{"@id":"https:\/\/icadblock.com\/es\/coleccion-muebles-dwg-autocad\/tabla-en-dwg-autocad\/mesa-consola-en-dwg\/#primaryimage"},"image":{"@id":"https:\/\/icadblock.com\/es\/coleccion-muebles-dwg-autocad\/tabla-en-dwg-autocad\/mesa-consola-en-dwg\/#primaryimage"},"thumbnailUrl":"https:\/\/icadblock.com\/wp-content\/uploads\/2022\/04\/console-table.webp","datePublished":"2022-03-14T15:08:18+00:00","dateModified":"2023-12-18T07:49:55+00:00","description":"Aqu\u00ed, en esta p\u00e1gina, proporcionaremos muchas Mesa de consola en DWG. Puede encontrar muchas mesas consola vistas en planta y en alzado.","breadcrumb":{"@id":"https:\/\/icadblock.com\/es\/coleccion-muebles-dwg-autocad\/tabla-en-dwg-autocad\/mesa-consola-en-dwg\/#breadcrumb"},"inLanguage":"es","potentialAction":[{"@type":"ReadAction","target":["https:\/\/icadblock.com\/es\/coleccion-muebles-dwg-autocad\/tabla-en-dwg-autocad\/mesa-consola-en-dwg\/"]}]},{"@type":"ImageObject","inLanguage":"es","@id":"https:\/\/icadblock.com\/es\/coleccion-muebles-dwg-autocad\/tabla-en-dwg-autocad\/mesa-consola-en-dwg\/#primaryimage","url":"https:\/\/icadblock.com\/wp-content\/uploads\/2022\/04\/console-table.webp","contentUrl":"https:\/\/icadblock.com\/wp-content\/uploads\/2022\/04\/console-table.webp","width":740,"height":500,"caption":"Mesa Consola en DWG"},{"@type":"BreadcrumbList","@id":"https:\/\/icadblock.com\/es\/coleccion-muebles-dwg-autocad\/tabla-en-dwg-autocad\/mesa-consola-en-dwg\/#breadcrumb","itemListElement":[{"@type":"ListItem","position":1,"name":"Home","item":"https:\/\/icadblock.com\/es\/"},{"@type":"ListItem","position":2,"name":"Colecci\u00f3n de muebles DWG en AutoCAD","item":"https:\/\/icadblock.com\/es\/coleccion-muebles-dwg-autocad\/"},{"@type":"ListItem","position":3,"name":"Tabla en DWG AutoCAD, Descargar Colecci\u00f3n","item":"https:\/\/icadblock.com\/es\/coleccion-muebles-dwg-autocad\/tabla-en-dwg-autocad\/"},{"@type":"ListItem","position":4,"name":"Mesa Consola en DWG, Muchos modelos"}]},{"@type":"WebSite","@id":"https:\/\/icadblock.com\/es\/#website","url":"https:\/\/icadblock.com\/es\/","name":"iCADBLOCK","description":"CAD Block free download, 2d DWG models in plan","publisher":{"@id":"https:\/\/icadblock.com\/es\/#organization"},"potentialAction":[{"@type":"SearchAction","target":{"@type":"EntryPoint","urlTemplate":"https:\/\/icadblock.com\/es\/?s={search_term_string}"},"query-input":{"@type":"PropertyValueSpecification","valueRequired":true,"valueName":"search_term_string"}}],"inLanguage":"es"},{"@type":"Organization","@id":"https:\/\/icadblock.com\/es\/#organization","name":"icadblock","url":"https:\/\/icadblock.com\/es\/","logo":{"@type":"ImageObject","inLanguage":"es","@id":"https:\/\/icadblock.com\/es\/#\/schema\/logo\/image\/","url":"https:\/\/icadblock.com\/wp-content\/uploads\/2022\/02\/LOGO.png","contentUrl":"https:\/\/icadblock.com\/wp-content\/uploads\/2022\/02\/LOGO.png","width":546,"height":125,"caption":"icadblock"},"image":{"@id":"https:\/\/icadblock.com\/es\/#\/schema\/logo\/image\/"}}]}},"_links":{"self":[{"href":"https:\/\/icadblock.com\/es\/wp-json\/wp\/v2\/pages\/9111","targetHints":{"allow":["GET"]}}],"collection":[{"href":"https:\/\/icadblock.com\/es\/wp-json\/wp\/v2\/pages"}],"about":[{"href":"https:\/\/icadblock.com\/es\/wp-json\/wp\/v2\/types\/page"}],"author":[{"embeddable":true,"href":"https:\/\/icadblock.com\/es\/wp-json\/wp\/v2\/users\/2"}],"replies":[{"embeddable":true,"href":"https:\/\/icadblock.com\/es\/wp-json\/wp\/v2\/comments?post=9111"}],"version-history":[{"count":4,"href":"https:\/\/icadblock.com\/es\/wp-json\/wp\/v2\/pages\/9111\/revisions"}],"predecessor-version":[{"id":9115,"href":"https:\/\/icadblock.com\/es\/wp-json\/wp\/v2\/pages\/9111\/revisions\/9115"}],"up":[{"embeddable":true,"href":"https:\/\/icadblock.com\/es\/wp-json\/wp\/v2\/pages\/9063"}],"wp:featuredmedia":[{"embeddable":true,"href":"https:\/\/icadblock.com\/es\/wp-json\/wp\/v2\/media\/8033"}],"wp:attachment":[{"href":"https:\/\/icadblock.com\/es\/wp-json\/wp\/v2\/media?parent=9111"}],"curies":[{"name":"wp","href":"https:\/\/api.w.org\/{rel}","templated":true}]}}