{"id":9116,"date":"2022-03-16T12:57:39","date_gmt":"2022-03-16T12:57:39","guid":{"rendered":"https:\/\/icadblock.com\/?page_id=9116"},"modified":"2023-12-18T08:25:27","modified_gmt":"2023-12-18T08:25:27","slug":"iluminacion-dwg-en-autocad","status":"publish","type":"page","link":"https:\/\/icadblock.com\/es\/iluminacion-dwg-en-autocad\/","title":{"rendered":"Iluminaci\u00f3n DWG en AutoCAD, colecci\u00f3n"},"content":{"rendered":"\t\t<div data-elementor-type=\"wp-page\" data-elementor-id=\"9116\" class=\"elementor elementor-9116 elementor-1002\" data-elementor-post-type=\"page\">\n\t\t\t\t\t\t<section class=\"elementor-section elementor-top-section elementor-element elementor-element-2c9059ba elementor-section-boxed elementor-section-height-default elementor-section-height-default\" data-id=\"2c9059ba\" data-element_type=\"section\">\n\t\t\t\t\t\t<div class=\"elementor-container elementor-column-gap-default\">\n\t\t\t\t\t<div class=\"elementor-column elementor-col-50 elementor-top-column elementor-element elementor-element-7a0325c2\" data-id=\"7a0325c2\" data-element_type=\"column\">\n\t\t\t<div class=\"elementor-widget-wrap elementor-element-populated\">\n\t\t\t\t\t\t<div class=\"elementor-element elementor-element-1568a735 elementor-widget elementor-widget-text-editor\" data-id=\"1568a735\" data-element_type=\"widget\" data-widget_type=\"text-editor.default\">\n\t\t\t\t<div class=\"elementor-widget-container\">\n\t\t\t<style>\/*! elementor - v3.21.0 - 30-04-2024 *\/\n.elementor-widget-text-editor.elementor-drop-cap-view-stacked .elementor-drop-cap{background-color:#69727d;color:#fff}.elementor-widget-text-editor.elementor-drop-cap-view-framed .elementor-drop-cap{color:#69727d;border:3px solid;background-color:transparent}.elementor-widget-text-editor:not(.elementor-drop-cap-view-default) .elementor-drop-cap{margin-top:8px}.elementor-widget-text-editor:not(.elementor-drop-cap-view-default) .elementor-drop-cap-letter{width:1em;height:1em}.elementor-widget-text-editor .elementor-drop-cap{float:left;text-align:center;line-height:1;font-size:50px}.elementor-widget-text-editor .elementor-drop-cap-letter{display:inline-block}<\/style>\t\t\t\t<p>Aqu\u00ed hemos proporcionado <strong>iluminaci\u00f3n DWG en AutoCAD<\/strong>.<\/p><p>Los bloques CAD de esta categor\u00eda se dibujan en vistas en planta y en alzado.<\/p><p>Estos modelos DWG son editables y puedes utilizarlos en tus proyectos CAD.<\/p><p>Adem\u00e1s, estos modelos 2D pueden ayudarte a crear modelos 3D.<\/p><p>Los siguientes bloques CAD son diferentes tipos de luces que puede utilizar seg\u00fan sus necesidades.<\/p><p>Tenga en cuenta que puede marcar esta p\u00e1gina como favorita para futuras actualizaciones.<\/p><p>No dudes en descargar estos \u00fatiles modelos DWG.<\/p>\t\t\t\t\t\t<\/div>\n\t\t\t\t<\/div>\n\t\t\t\t<div class=\"elementor-element elementor-element-d64c197 elementor-widget elementor-widget-heading\" data-id=\"d64c197\" data-element_type=\"widget\" data-widget_type=\"heading.default\">\n\t\t\t\t<div class=\"elementor-widget-container\">\n\t\t\t<style>\/*! elementor - v3.21.0 - 30-04-2024 *\/\n.elementor-heading-title{padding:0;margin:0;line-height:1}.elementor-widget-heading .elementor-heading-title[class*=elementor-size-]>a{color:inherit;font-size:inherit;line-height:inherit}.elementor-widget-heading .elementor-heading-title.elementor-size-small{font-size:15px}.elementor-widget-heading .elementor-heading-title.elementor-size-medium{font-size:19px}.elementor-widget-heading .elementor-heading-title.elementor-size-large{font-size:29px}.elementor-widget-heading .elementor-heading-title.elementor-size-xl{font-size:39px}.elementor-widget-heading .elementor-heading-title.elementor-size-xxl{font-size:59px}<\/style><h2 class=\"elementor-heading-title elementor-size-default\">Iluminaci\u00f3n DWG en AutoCAD<\/h2>\t\t<\/div>\n\t\t\t\t<\/div>\n\t\t\t\t<div class=\"elementor-element elementor-element-ff0e792 elementor-widget elementor-widget-text-editor\" data-id=\"ff0e792\" data-element_type=\"widget\" data-widget_type=\"text-editor.default\">\n\t\t\t\t<div class=\"elementor-widget-container\">\n\t\t\t\t\t\t\t<p><\/p>\t\t\t\t\t\t<\/div>\n\t\t\t\t<\/div>\n\t\t\t\t<div class=\"elementor-element elementor-element-a24d292 elementor-widget elementor-widget-text-editor\" data-id=\"a24d292\" data-element_type=\"widget\" data-widget_type=\"text-editor.default\">\n\t\t\t\t<div class=\"elementor-widget-container\">\n\t\t\t\t\t\t\t<h3><span style=\"color: #0000ff;\">D\u00f3nde utilizar:<\/span><\/h3><p>Como sabes, tenemos muchas luces de diferentes tipos y para diferentes usos.<\/p><p>Usamos luces de interior y exterior para diferentes prop\u00f3sitos.<\/p><p>La iluminaci\u00f3n juega un papel importante en la decoraci\u00f3n.<\/p><p>Si deseas utilizarlos en el interior, se pueden instalar en paredes, techos y falsos techos de la vivienda.<\/p><p>Puedes utilizar luces colgantes para a\u00f1adir m\u00e1s belleza a tu hogar.<\/p><p>Por otro lado, es posible que desee utilizar luces exteriores en villas, jardines, calles, etc.<\/p><p>En realidad utilizamos bloques CAD de iluminaci\u00f3n en los dibujos CAD de nuestro sitio y para fines de mobiliario.<\/p><p>Har\u00e1 que tu dibujo sea m\u00e1s hermoso.<\/p><p>Como se mencion\u00f3 anteriormente, actualizamos esta p\u00e1gina constantemente, as\u00ed que no olvide regresar y ver nuestros nuevos modelos DWG.<\/p>\t\t\t\t\t\t<\/div>\n\t\t\t\t<\/div>\n\t\t\t\t\t<\/div>\n\t\t<\/div>\n\t\t\t\t<div class=\"jet-sticky-column-sticky elementor-column elementor-col-50 elementor-top-column elementor-element elementor-element-4aed169\" data-jet-sticky-column-settings=\"{&quot;id&quot;:&quot;4aed169&quot;,&quot;sticky&quot;:true,&quot;topSpacing&quot;:50,&quot;bottomSpacing&quot;:50,&quot;stickyOn&quot;:[&quot;desktop&quot;,&quot;tablet&quot;]}\" data-id=\"4aed169\" data-element_type=\"column\">\n\t\t\t<div class=\"elementor-widget-wrap elementor-element-populated\">\n\t\t\t\t\t\t\t<\/div>\n\t\t<\/div>\n\t\t\t\t\t<\/div>\n\t\t<\/section>\n\t\t\t\t<\/div>\n\t\t","protected":false},"excerpt":{"rendered":"<p>Aqu\u00ed hemos proporcionado iluminaci\u00f3n DWG en AutoCAD. Los bloques CAD de esta categor\u00eda se dibujan en vistas en planta y [&hellip;]<\/p>\n","protected":false},"author":2,"featured_media":8038,"parent":0,"menu_order":0,"comment_status":"closed","ping_status":"closed","template":"","meta":{"site-sidebar-layout":"default","site-content-layout":"","ast-site-content-layout":"","site-content-style":"default","site-sidebar-style":"default","ast-global-header-display":"","ast-banner-title-visibility":"","ast-main-header-display":"","ast-hfb-above-header-display":"","ast-hfb-below-header-display":"","ast-hfb-mobile-header-display":"","site-post-title":"","ast-breadcrumbs-content":"","ast-featured-img":"","footer-sml-layout":"","theme-transparent-header-meta":"","adv-header-id-meta":"","stick-header-meta":"","header-above-stick-meta":"","header-main-stick-meta":"","header-below-stick-meta":"","astra-migrate-meta-layouts":"default","ast-page-background-enabled":"default","ast-page-background-meta":{"desktop":{"background-color":"var(--ast-global-color-4)","background-image":"","background-repeat":"repeat","background-position":"center center","background-size":"auto","background-attachment":"scroll","background-type":"","background-media":"","overlay-type":"","overlay-color":"","overlay-gradient":""},"tablet":{"background-color":"","background-image":"","background-repeat":"repeat","background-position":"center center","background-size":"auto","background-attachment":"scroll","background-type":"","background-media":"","overlay-type":"","overlay-color":"","overlay-gradient":""},"mobile":{"background-color":"","background-image":"","background-repeat":"repeat","background-position":"center center","background-size":"auto","background-attachment":"scroll","background-type":"","background-media":"","overlay-type":"","overlay-color":"","overlay-gradient":""}},"ast-content-background-meta":{"desktop":{"background-color":"var(--ast-global-color-5)","background-image":"","background-repeat":"repeat","background-position":"center center","background-size":"auto","background-attachment":"scroll","background-type":"","background-media":"","overlay-type":"","overlay-color":"","overlay-gradient":""},"tablet":{"background-color":"var(--ast-global-color-5)","background-image":"","background-repeat":"repeat","background-position":"center center","background-size":"auto","background-attachment":"scroll","background-type":"","background-media":"","overlay-type":"","overlay-color":"","overlay-gradient":""},"mobile":{"background-color":"var(--ast-global-color-5)","background-image":"","background-repeat":"repeat","background-position":"center center","background-size":"auto","background-attachment":"scroll","background-type":"","background-media":"","overlay-type":"","overlay-color":"","overlay-gradient":""}},"footnotes":""},"class_list":["post-9116","page","type-page","status-publish","has-post-thumbnail","hentry"],"yoast_head":"<!-- This site is optimized with the Yoast SEO plugin v26.0 - https:\/\/yoast.com\/wordpress\/plugins\/seo\/ -->\n<title>Iluminaci\u00f3n DWG en AutoCAD, colecci\u00f3n - iCADBLOCK<\/title>\n<meta name=\"description\" content=\"Aqu\u00ed hemos proporcionado iluminaci\u00f3n DWG en AutoCAD. Los bloques CAD de esta categor\u00eda se dibujan en vistas en planta y en alzado.\" \/>\n<meta name=\"robots\" content=\"index, follow, max-snippet:-1, max-image-preview:large, max-video-preview:-1\" \/>\n<link rel=\"canonical\" href=\"https:\/\/icadblock.com\/es\/iluminacion-dwg-en-autocad\/\" \/>\n<meta property=\"og:locale\" content=\"es_ES\" \/>\n<meta property=\"og:type\" content=\"article\" \/>\n<meta property=\"og:title\" content=\"Iluminaci\u00f3n DWG en AutoCAD, colecci\u00f3n - iCADBLOCK\" \/>\n<meta property=\"og:description\" content=\"Aqu\u00ed hemos proporcionado iluminaci\u00f3n DWG en AutoCAD. Los bloques CAD de esta categor\u00eda se dibujan en vistas en planta y en alzado.\" \/>\n<meta property=\"og:url\" content=\"https:\/\/icadblock.com\/es\/iluminacion-dwg-en-autocad\/\" \/>\n<meta property=\"og:site_name\" content=\"iCADBLOCK\" \/>\n<meta property=\"article:modified_time\" content=\"2023-12-18T08:25:27+00:00\" \/>\n<meta property=\"og:image\" content=\"https:\/\/icadblock.com\/wp-content\/uploads\/2022\/04\/lighting.webp\" \/>\n\t<meta property=\"og:image:width\" content=\"740\" \/>\n\t<meta property=\"og:image:height\" content=\"500\" \/>\n\t<meta property=\"og:image:type\" content=\"image\/webp\" \/>\n<meta name=\"twitter:card\" content=\"summary_large_image\" \/>\n<meta name=\"twitter:label1\" content=\"Tiempo de lectura\" \/>\n\t<meta name=\"twitter:data1\" content=\"2 minutos\" \/>\n<script type=\"application\/ld+json\" class=\"yoast-schema-graph\">{\"@context\":\"https:\/\/schema.org\",\"@graph\":[{\"@type\":\"WebPage\",\"@id\":\"https:\/\/icadblock.com\/es\/iluminacion-dwg-en-autocad\/\",\"url\":\"https:\/\/icadblock.com\/es\/iluminacion-dwg-en-autocad\/\",\"name\":\"Iluminaci\u00f3n DWG en AutoCAD, colecci\u00f3n - iCADBLOCK\",\"isPartOf\":{\"@id\":\"https:\/\/icadblock.com\/es\/#website\"},\"primaryImageOfPage\":{\"@id\":\"https:\/\/icadblock.com\/es\/iluminacion-dwg-en-autocad\/#primaryimage\"},\"image\":{\"@id\":\"https:\/\/icadblock.com\/es\/iluminacion-dwg-en-autocad\/#primaryimage\"},\"thumbnailUrl\":\"https:\/\/icadblock.com\/wp-content\/uploads\/2022\/04\/lighting.webp\",\"datePublished\":\"2022-03-16T12:57:39+00:00\",\"dateModified\":\"2023-12-18T08:25:27+00:00\",\"description\":\"Aqu\u00ed hemos proporcionado iluminaci\u00f3n DWG en AutoCAD. Los bloques CAD de esta categor\u00eda se dibujan en vistas en planta y en alzado.\",\"breadcrumb\":{\"@id\":\"https:\/\/icadblock.com\/es\/iluminacion-dwg-en-autocad\/#breadcrumb\"},\"inLanguage\":\"es\",\"potentialAction\":[{\"@type\":\"ReadAction\",\"target\":[\"https:\/\/icadblock.com\/es\/iluminacion-dwg-en-autocad\/\"]}]},{\"@type\":\"ImageObject\",\"inLanguage\":\"es\",\"@id\":\"https:\/\/icadblock.com\/es\/iluminacion-dwg-en-autocad\/#primaryimage\",\"url\":\"https:\/\/icadblock.com\/wp-content\/uploads\/2022\/04\/lighting.webp\",\"contentUrl\":\"https:\/\/icadblock.com\/wp-content\/uploads\/2022\/04\/lighting.webp\",\"width\":740,\"height\":500,\"caption\":\"Iluminaci\u00f3n DWG en AutoCAD\"},{\"@type\":\"BreadcrumbList\",\"@id\":\"https:\/\/icadblock.com\/es\/iluminacion-dwg-en-autocad\/#breadcrumb\",\"itemListElement\":[{\"@type\":\"ListItem\",\"position\":1,\"name\":\"Home\",\"item\":\"https:\/\/icadblock.com\/es\/\"},{\"@type\":\"ListItem\",\"position\":2,\"name\":\"Iluminaci\u00f3n DWG en AutoCAD, colecci\u00f3n\"}]},{\"@type\":\"WebSite\",\"@id\":\"https:\/\/icadblock.com\/es\/#website\",\"url\":\"https:\/\/icadblock.com\/es\/\",\"name\":\"iCADBLOCK\",\"description\":\"CAD Block free download, 2d DWG models in plan\",\"publisher\":{\"@id\":\"https:\/\/icadblock.com\/es\/#organization\"},\"potentialAction\":[{\"@type\":\"SearchAction\",\"target\":{\"@type\":\"EntryPoint\",\"urlTemplate\":\"https:\/\/icadblock.com\/es\/?s={search_term_string}\"},\"query-input\":{\"@type\":\"PropertyValueSpecification\",\"valueRequired\":true,\"valueName\":\"search_term_string\"}}],\"inLanguage\":\"es\"},{\"@type\":\"Organization\",\"@id\":\"https:\/\/icadblock.com\/es\/#organization\",\"name\":\"icadblock\",\"url\":\"https:\/\/icadblock.com\/es\/\",\"logo\":{\"@type\":\"ImageObject\",\"inLanguage\":\"es\",\"@id\":\"https:\/\/icadblock.com\/es\/#\/schema\/logo\/image\/\",\"url\":\"https:\/\/icadblock.com\/wp-content\/uploads\/2022\/02\/LOGO.png\",\"contentUrl\":\"https:\/\/icadblock.com\/wp-content\/uploads\/2022\/02\/LOGO.png\",\"width\":546,\"height\":125,\"caption\":\"icadblock\"},\"image\":{\"@id\":\"https:\/\/icadblock.com\/es\/#\/schema\/logo\/image\/\"}}]}<\/script>\n<!-- \/ Yoast SEO plugin. -->","yoast_head_json":{"title":"Iluminaci\u00f3n DWG en AutoCAD, colecci\u00f3n - iCADBLOCK","description":"Aqu\u00ed hemos proporcionado iluminaci\u00f3n DWG en AutoCAD. Los bloques CAD de esta categor\u00eda se dibujan en vistas en planta y en alzado.","robots":{"index":"index","follow":"follow","max-snippet":"max-snippet:-1","max-image-preview":"max-image-preview:large","max-video-preview":"max-video-preview:-1"},"canonical":"https:\/\/icadblock.com\/es\/iluminacion-dwg-en-autocad\/","og_locale":"es_ES","og_type":"article","og_title":"Iluminaci\u00f3n DWG en AutoCAD, colecci\u00f3n - iCADBLOCK","og_description":"Aqu\u00ed hemos proporcionado iluminaci\u00f3n DWG en AutoCAD. Los bloques CAD de esta categor\u00eda se dibujan en vistas en planta y en alzado.","og_url":"https:\/\/icadblock.com\/es\/iluminacion-dwg-en-autocad\/","og_site_name":"iCADBLOCK","article_modified_time":"2023-12-18T08:25:27+00:00","og_image":[{"width":740,"height":500,"url":"https:\/\/icadblock.com\/wp-content\/uploads\/2022\/04\/lighting.webp","type":"image\/webp"}],"twitter_card":"summary_large_image","twitter_misc":{"Tiempo de lectura":"2 minutos"},"schema":{"@context":"https:\/\/schema.org","@graph":[{"@type":"WebPage","@id":"https:\/\/icadblock.com\/es\/iluminacion-dwg-en-autocad\/","url":"https:\/\/icadblock.com\/es\/iluminacion-dwg-en-autocad\/","name":"Iluminaci\u00f3n DWG en AutoCAD, colecci\u00f3n - iCADBLOCK","isPartOf":{"@id":"https:\/\/icadblock.com\/es\/#website"},"primaryImageOfPage":{"@id":"https:\/\/icadblock.com\/es\/iluminacion-dwg-en-autocad\/#primaryimage"},"image":{"@id":"https:\/\/icadblock.com\/es\/iluminacion-dwg-en-autocad\/#primaryimage"},"thumbnailUrl":"https:\/\/icadblock.com\/wp-content\/uploads\/2022\/04\/lighting.webp","datePublished":"2022-03-16T12:57:39+00:00","dateModified":"2023-12-18T08:25:27+00:00","description":"Aqu\u00ed hemos proporcionado iluminaci\u00f3n DWG en AutoCAD. Los bloques CAD de esta categor\u00eda se dibujan en vistas en planta y en alzado.","breadcrumb":{"@id":"https:\/\/icadblock.com\/es\/iluminacion-dwg-en-autocad\/#breadcrumb"},"inLanguage":"es","potentialAction":[{"@type":"ReadAction","target":["https:\/\/icadblock.com\/es\/iluminacion-dwg-en-autocad\/"]}]},{"@type":"ImageObject","inLanguage":"es","@id":"https:\/\/icadblock.com\/es\/iluminacion-dwg-en-autocad\/#primaryimage","url":"https:\/\/icadblock.com\/wp-content\/uploads\/2022\/04\/lighting.webp","contentUrl":"https:\/\/icadblock.com\/wp-content\/uploads\/2022\/04\/lighting.webp","width":740,"height":500,"caption":"Iluminaci\u00f3n DWG en AutoCAD"},{"@type":"BreadcrumbList","@id":"https:\/\/icadblock.com\/es\/iluminacion-dwg-en-autocad\/#breadcrumb","itemListElement":[{"@type":"ListItem","position":1,"name":"Home","item":"https:\/\/icadblock.com\/es\/"},{"@type":"ListItem","position":2,"name":"Iluminaci\u00f3n DWG en AutoCAD, colecci\u00f3n"}]},{"@type":"WebSite","@id":"https:\/\/icadblock.com\/es\/#website","url":"https:\/\/icadblock.com\/es\/","name":"iCADBLOCK","description":"CAD Block free download, 2d DWG models in plan","publisher":{"@id":"https:\/\/icadblock.com\/es\/#organization"},"potentialAction":[{"@type":"SearchAction","target":{"@type":"EntryPoint","urlTemplate":"https:\/\/icadblock.com\/es\/?s={search_term_string}"},"query-input":{"@type":"PropertyValueSpecification","valueRequired":true,"valueName":"search_term_string"}}],"inLanguage":"es"},{"@type":"Organization","@id":"https:\/\/icadblock.com\/es\/#organization","name":"icadblock","url":"https:\/\/icadblock.com\/es\/","logo":{"@type":"ImageObject","inLanguage":"es","@id":"https:\/\/icadblock.com\/es\/#\/schema\/logo\/image\/","url":"https:\/\/icadblock.com\/wp-content\/uploads\/2022\/02\/LOGO.png","contentUrl":"https:\/\/icadblock.com\/wp-content\/uploads\/2022\/02\/LOGO.png","width":546,"height":125,"caption":"icadblock"},"image":{"@id":"https:\/\/icadblock.com\/es\/#\/schema\/logo\/image\/"}}]}},"_links":{"self":[{"href":"https:\/\/icadblock.com\/es\/wp-json\/wp\/v2\/pages\/9116","targetHints":{"allow":["GET"]}}],"collection":[{"href":"https:\/\/icadblock.com\/es\/wp-json\/wp\/v2\/pages"}],"about":[{"href":"https:\/\/icadblock.com\/es\/wp-json\/wp\/v2\/types\/page"}],"author":[{"embeddable":true,"href":"https:\/\/icadblock.com\/es\/wp-json\/wp\/v2\/users\/2"}],"replies":[{"embeddable":true,"href":"https:\/\/icadblock.com\/es\/wp-json\/wp\/v2\/comments?post=9116"}],"version-history":[{"count":4,"href":"https:\/\/icadblock.com\/es\/wp-json\/wp\/v2\/pages\/9116\/revisions"}],"predecessor-version":[{"id":9120,"href":"https:\/\/icadblock.com\/es\/wp-json\/wp\/v2\/pages\/9116\/revisions\/9120"}],"wp:featuredmedia":[{"embeddable":true,"href":"https:\/\/icadblock.com\/es\/wp-json\/wp\/v2\/media\/8038"}],"wp:attachment":[{"href":"https:\/\/icadblock.com\/es\/wp-json\/wp\/v2\/media?parent=9116"}],"curies":[{"name":"wp","href":"https:\/\/api.w.org\/{rel}","templated":true}]}}