{"id":9121,"date":"2022-03-16T14:03:32","date_gmt":"2022-03-16T14:03:32","guid":{"rendered":"https:\/\/icadblock.com\/?page_id=9121"},"modified":"2023-12-18T08:37:42","modified_gmt":"2023-12-18T08:37:42","slug":"aplique-de-pared-en-dwg","status":"publish","type":"page","link":"https:\/\/icadblock.com\/es\/iluminacion-dwg-en-autocad\/aplique-de-pared-en-dwg\/","title":{"rendered":"Aplique de pared en DWG, Colecci\u00f3n Completa"},"content":{"rendered":"\t\t<div data-elementor-type=\"wp-page\" data-elementor-id=\"9121\" class=\"elementor elementor-9121 elementor-1017\" data-elementor-post-type=\"page\">\n\t\t\t\t\t\t<section class=\"elementor-section elementor-top-section elementor-element elementor-element-25ffbdef elementor-section-boxed elementor-section-height-default elementor-section-height-default\" data-id=\"25ffbdef\" data-element_type=\"section\">\n\t\t\t\t\t\t<div class=\"elementor-container elementor-column-gap-default\">\n\t\t\t\t\t<div class=\"elementor-column elementor-col-50 elementor-top-column elementor-element elementor-element-6884824f\" data-id=\"6884824f\" data-element_type=\"column\">\n\t\t\t<div class=\"elementor-widget-wrap elementor-element-populated\">\n\t\t\t\t\t\t<div class=\"elementor-element elementor-element-6965c14c elementor-widget elementor-widget-text-editor\" data-id=\"6965c14c\" data-element_type=\"widget\" data-widget_type=\"text-editor.default\">\n\t\t\t\t<div class=\"elementor-widget-container\">\n\t\t\t<style>\/*! elementor - v3.21.0 - 30-04-2024 *\/\n.elementor-widget-text-editor.elementor-drop-cap-view-stacked .elementor-drop-cap{background-color:#69727d;color:#fff}.elementor-widget-text-editor.elementor-drop-cap-view-framed .elementor-drop-cap{color:#69727d;border:3px solid;background-color:transparent}.elementor-widget-text-editor:not(.elementor-drop-cap-view-default) .elementor-drop-cap{margin-top:8px}.elementor-widget-text-editor:not(.elementor-drop-cap-view-default) .elementor-drop-cap-letter{width:1em;height:1em}.elementor-widget-text-editor .elementor-drop-cap{float:left;text-align:center;line-height:1;font-size:50px}.elementor-widget-text-editor .elementor-drop-cap-letter{display:inline-block}<\/style>\t\t\t\t<p>Esta p\u00e1gina est\u00e1 dedicada a la colecci\u00f3n <strong>de apliques en DWG.<\/strong><\/p><p>Hemos intentado proporcionar muchos apliques en planta y en alzado.<\/p><p>Estos bloques CAD son modelos DWG 2D que puede utilizar en sus proyectos de AutoCAD u otros fines.<\/p><p>La mayor\u00eda de los bloques incluyen vistas superior, lateral, frontal y posterior, lo que le permite utilizarlos en planos o alzados de muebles.<\/p>\t\t\t\t\t\t<\/div>\n\t\t\t\t<\/div>\n\t\t\t\t<div class=\"elementor-element elementor-element-25be839 elementor-widget elementor-widget-heading\" data-id=\"25be839\" data-element_type=\"widget\" data-widget_type=\"heading.default\">\n\t\t\t\t<div class=\"elementor-widget-container\">\n\t\t\t<style>\/*! elementor - v3.21.0 - 30-04-2024 *\/\n.elementor-heading-title{padding:0;margin:0;line-height:1}.elementor-widget-heading .elementor-heading-title[class*=elementor-size-]>a{color:inherit;font-size:inherit;line-height:inherit}.elementor-widget-heading .elementor-heading-title.elementor-size-small{font-size:15px}.elementor-widget-heading .elementor-heading-title.elementor-size-medium{font-size:19px}.elementor-widget-heading .elementor-heading-title.elementor-size-large{font-size:29px}.elementor-widget-heading .elementor-heading-title.elementor-size-xl{font-size:39px}.elementor-widget-heading .elementor-heading-title.elementor-size-xxl{font-size:59px}<\/style><h2 class=\"elementor-heading-title elementor-size-default\">Aplique de pared en DWG<\/h2>\t\t<\/div>\n\t\t\t\t<\/div>\n\t\t\t\t<div class=\"elementor-element elementor-element-a1785c3 elementor-widget elementor-widget-text-editor\" data-id=\"a1785c3\" data-element_type=\"widget\" data-widget_type=\"text-editor.default\">\n\t\t\t\t<div class=\"elementor-widget-container\">\n\t\t\t\t\t\t\t<p>Mire los siguientes bloques CAD y elija los que mejor se adapten a sus necesidades.<\/p><p>Tenga en cuenta que puede descargar otros bloques CAD relacionados utilizando el siguiente enlace:<\/p><p><a href=\"https:\/\/icadblock.com\/es\/iluminacion-dwg-en-autocad\/\"><em><strong>Iluminaci\u00f3n DWG en AutoCAD<\/strong><\/em><\/a><\/p><h3><span style=\"color: #0000ff;\">Notas de decoraci\u00f3n:<\/span><\/h3><p>El bloque CAD de aplique es uno de los objetos m\u00e1s importantes en los dibujos de AutoCAD.<\/p><p>Puedes utilizar apliques en salones o dormitorios o en cualquier lugar que necesites un poco m\u00e1s de iluminaci\u00f3n.<\/p><p>En realidad, el sal\u00f3n es el mejor lugar para montar apliques.<\/p><p>Como su nombre indica, el aplique debe montarse en la pared.<\/p><p>Debes fijarlos entre 150 cm y 170 cm del suelo.<\/p><p>Disponemos de diferentes tipos de tipos de paredes.<\/p><p>Las l\u00e1mparas de pared son cada vez m\u00e1s populares.<\/p><p>El uso de estos bloques CAD agrega m\u00e1s belleza a su dibujo.<\/p><p>Tenga en cuenta que actualizaremos esta p\u00e1gina constantemente, por lo que puede marcarla como favorita para futuras actualizaciones.<\/p>\t\t\t\t\t\t<\/div>\n\t\t\t\t<\/div>\n\t\t\t\t\t<\/div>\n\t\t<\/div>\n\t\t\t\t<div class=\"jet-sticky-column-sticky elementor-column elementor-col-50 elementor-top-column elementor-element elementor-element-2fb525b\" data-jet-sticky-column-settings=\"{&quot;id&quot;:&quot;2fb525b&quot;,&quot;sticky&quot;:true,&quot;topSpacing&quot;:50,&quot;bottomSpacing&quot;:50,&quot;stickyOn&quot;:[&quot;desktop&quot;,&quot;tablet&quot;]}\" data-id=\"2fb525b\" data-element_type=\"column\">\n\t\t\t<div class=\"elementor-widget-wrap elementor-element-populated\">\n\t\t\t\t\t\t\t<\/div>\n\t\t<\/div>\n\t\t\t\t\t<\/div>\n\t\t<\/section>\n\t\t\t\t<\/div>\n\t\t","protected":false},"excerpt":{"rendered":"<p>Esta p\u00e1gina est\u00e1 dedicada a la colecci\u00f3n de apliques en DWG. Hemos intentado proporcionar muchos apliques en planta y en [&hellip;]<\/p>\n","protected":false},"author":2,"featured_media":8043,"parent":9116,"menu_order":0,"comment_status":"closed","ping_status":"closed","template":"","meta":{"site-sidebar-layout":"default","site-content-layout":"","ast-site-content-layout":"","site-content-style":"default","site-sidebar-style":"default","ast-global-header-display":"","ast-banner-title-visibility":"","ast-main-header-display":"","ast-hfb-above-header-display":"","ast-hfb-below-header-display":"","ast-hfb-mobile-header-display":"","site-post-title":"","ast-breadcrumbs-content":"","ast-featured-img":"","footer-sml-layout":"","theme-transparent-header-meta":"","adv-header-id-meta":"","stick-header-meta":"","header-above-stick-meta":"","header-main-stick-meta":"","header-below-stick-meta":"","astra-migrate-meta-layouts":"default","ast-page-background-enabled":"default","ast-page-background-meta":{"desktop":{"background-color":"var(--ast-global-color-4)","background-image":"","background-repeat":"repeat","background-position":"center center","background-size":"auto","background-attachment":"scroll","background-type":"","background-media":"","overlay-type":"","overlay-color":"","overlay-gradient":""},"tablet":{"background-color":"","background-image":"","background-repeat":"repeat","background-position":"center center","background-size":"auto","background-attachment":"scroll","background-type":"","background-media":"","overlay-type":"","overlay-color":"","overlay-gradient":""},"mobile":{"background-color":"","background-image":"","background-repeat":"repeat","background-position":"center center","background-size":"auto","background-attachment":"scroll","background-type":"","background-media":"","overlay-type":"","overlay-color":"","overlay-gradient":""}},"ast-content-background-meta":{"desktop":{"background-color":"var(--ast-global-color-5)","background-image":"","background-repeat":"repeat","background-position":"center center","background-size":"auto","background-attachment":"scroll","background-type":"","background-media":"","overlay-type":"","overlay-color":"","overlay-gradient":""},"tablet":{"background-color":"var(--ast-global-color-5)","background-image":"","background-repeat":"repeat","background-position":"center center","background-size":"auto","background-attachment":"scroll","background-type":"","background-media":"","overlay-type":"","overlay-color":"","overlay-gradient":""},"mobile":{"background-color":"var(--ast-global-color-5)","background-image":"","background-repeat":"repeat","background-position":"center center","background-size":"auto","background-attachment":"scroll","background-type":"","background-media":"","overlay-type":"","overlay-color":"","overlay-gradient":""}},"footnotes":""},"class_list":["post-9121","page","type-page","status-publish","has-post-thumbnail","hentry"],"yoast_head":"<!-- This site is optimized with the Yoast SEO plugin v26.0 - https:\/\/yoast.com\/wordpress\/plugins\/seo\/ -->\n<title>Aplique de pared en DWG, Colecci\u00f3n Completa - iCADBLOCK<\/title>\n<meta name=\"description\" content=\"Esta p\u00e1gina est\u00e1 dedicada a la colecci\u00f3n de apliques en DWG. Hemos intentado proporcionar muchos apliques en planta y en alzado.\" \/>\n<meta name=\"robots\" content=\"index, follow, max-snippet:-1, max-image-preview:large, max-video-preview:-1\" \/>\n<link rel=\"canonical\" href=\"https:\/\/icadblock.com\/es\/iluminacion-dwg-en-autocad\/aplique-de-pared-en-dwg\/\" \/>\n<meta property=\"og:locale\" content=\"es_ES\" \/>\n<meta property=\"og:type\" content=\"article\" \/>\n<meta property=\"og:title\" content=\"Aplique de pared en DWG, Colecci\u00f3n Completa - iCADBLOCK\" \/>\n<meta property=\"og:description\" content=\"Esta p\u00e1gina est\u00e1 dedicada a la colecci\u00f3n de apliques en DWG. Hemos intentado proporcionar muchos apliques en planta y en alzado.\" \/>\n<meta property=\"og:url\" content=\"https:\/\/icadblock.com\/es\/iluminacion-dwg-en-autocad\/aplique-de-pared-en-dwg\/\" \/>\n<meta property=\"og:site_name\" content=\"iCADBLOCK\" \/>\n<meta property=\"article:modified_time\" content=\"2023-12-18T08:37:42+00:00\" \/>\n<meta property=\"og:image\" content=\"https:\/\/icadblock.com\/wp-content\/uploads\/2022\/04\/wall-light.webp\" \/>\n\t<meta property=\"og:image:width\" content=\"740\" \/>\n\t<meta property=\"og:image:height\" content=\"500\" \/>\n\t<meta property=\"og:image:type\" content=\"image\/webp\" \/>\n<meta name=\"twitter:card\" content=\"summary_large_image\" \/>\n<meta name=\"twitter:label1\" content=\"Tiempo de lectura\" \/>\n\t<meta name=\"twitter:data1\" content=\"2 minutos\" \/>\n<script type=\"application\/ld+json\" class=\"yoast-schema-graph\">{\"@context\":\"https:\/\/schema.org\",\"@graph\":[{\"@type\":\"WebPage\",\"@id\":\"https:\/\/icadblock.com\/es\/iluminacion-dwg-en-autocad\/aplique-de-pared-en-dwg\/\",\"url\":\"https:\/\/icadblock.com\/es\/iluminacion-dwg-en-autocad\/aplique-de-pared-en-dwg\/\",\"name\":\"Aplique de pared en DWG, Colecci\u00f3n Completa - iCADBLOCK\",\"isPartOf\":{\"@id\":\"https:\/\/icadblock.com\/es\/#website\"},\"primaryImageOfPage\":{\"@id\":\"https:\/\/icadblock.com\/es\/iluminacion-dwg-en-autocad\/aplique-de-pared-en-dwg\/#primaryimage\"},\"image\":{\"@id\":\"https:\/\/icadblock.com\/es\/iluminacion-dwg-en-autocad\/aplique-de-pared-en-dwg\/#primaryimage\"},\"thumbnailUrl\":\"https:\/\/icadblock.com\/wp-content\/uploads\/2022\/04\/wall-light.webp\",\"datePublished\":\"2022-03-16T14:03:32+00:00\",\"dateModified\":\"2023-12-18T08:37:42+00:00\",\"description\":\"Esta p\u00e1gina est\u00e1 dedicada a la colecci\u00f3n de apliques en DWG. Hemos intentado proporcionar muchos apliques en planta y en alzado.\",\"breadcrumb\":{\"@id\":\"https:\/\/icadblock.com\/es\/iluminacion-dwg-en-autocad\/aplique-de-pared-en-dwg\/#breadcrumb\"},\"inLanguage\":\"es\",\"potentialAction\":[{\"@type\":\"ReadAction\",\"target\":[\"https:\/\/icadblock.com\/es\/iluminacion-dwg-en-autocad\/aplique-de-pared-en-dwg\/\"]}]},{\"@type\":\"ImageObject\",\"inLanguage\":\"es\",\"@id\":\"https:\/\/icadblock.com\/es\/iluminacion-dwg-en-autocad\/aplique-de-pared-en-dwg\/#primaryimage\",\"url\":\"https:\/\/icadblock.com\/wp-content\/uploads\/2022\/04\/wall-light.webp\",\"contentUrl\":\"https:\/\/icadblock.com\/wp-content\/uploads\/2022\/04\/wall-light.webp\",\"width\":740,\"height\":500,\"caption\":\"Aplique de pared en DWG\"},{\"@type\":\"BreadcrumbList\",\"@id\":\"https:\/\/icadblock.com\/es\/iluminacion-dwg-en-autocad\/aplique-de-pared-en-dwg\/#breadcrumb\",\"itemListElement\":[{\"@type\":\"ListItem\",\"position\":1,\"name\":\"Home\",\"item\":\"https:\/\/icadblock.com\/es\/\"},{\"@type\":\"ListItem\",\"position\":2,\"name\":\"Iluminaci\u00f3n DWG en AutoCAD, colecci\u00f3n\",\"item\":\"https:\/\/icadblock.com\/es\/iluminacion-dwg-en-autocad\/\"},{\"@type\":\"ListItem\",\"position\":3,\"name\":\"Aplique de pared en DWG, Colecci\u00f3n Completa\"}]},{\"@type\":\"WebSite\",\"@id\":\"https:\/\/icadblock.com\/es\/#website\",\"url\":\"https:\/\/icadblock.com\/es\/\",\"name\":\"iCADBLOCK\",\"description\":\"CAD Block free download, 2d DWG models in plan\",\"publisher\":{\"@id\":\"https:\/\/icadblock.com\/es\/#organization\"},\"potentialAction\":[{\"@type\":\"SearchAction\",\"target\":{\"@type\":\"EntryPoint\",\"urlTemplate\":\"https:\/\/icadblock.com\/es\/?s={search_term_string}\"},\"query-input\":{\"@type\":\"PropertyValueSpecification\",\"valueRequired\":true,\"valueName\":\"search_term_string\"}}],\"inLanguage\":\"es\"},{\"@type\":\"Organization\",\"@id\":\"https:\/\/icadblock.com\/es\/#organization\",\"name\":\"icadblock\",\"url\":\"https:\/\/icadblock.com\/es\/\",\"logo\":{\"@type\":\"ImageObject\",\"inLanguage\":\"es\",\"@id\":\"https:\/\/icadblock.com\/es\/#\/schema\/logo\/image\/\",\"url\":\"https:\/\/icadblock.com\/wp-content\/uploads\/2022\/02\/LOGO.png\",\"contentUrl\":\"https:\/\/icadblock.com\/wp-content\/uploads\/2022\/02\/LOGO.png\",\"width\":546,\"height\":125,\"caption\":\"icadblock\"},\"image\":{\"@id\":\"https:\/\/icadblock.com\/es\/#\/schema\/logo\/image\/\"}}]}<\/script>\n<!-- \/ Yoast SEO plugin. -->","yoast_head_json":{"title":"Aplique de pared en DWG, Colecci\u00f3n Completa - iCADBLOCK","description":"Esta p\u00e1gina est\u00e1 dedicada a la colecci\u00f3n de apliques en DWG. Hemos intentado proporcionar muchos apliques en planta y en alzado.","robots":{"index":"index","follow":"follow","max-snippet":"max-snippet:-1","max-image-preview":"max-image-preview:large","max-video-preview":"max-video-preview:-1"},"canonical":"https:\/\/icadblock.com\/es\/iluminacion-dwg-en-autocad\/aplique-de-pared-en-dwg\/","og_locale":"es_ES","og_type":"article","og_title":"Aplique de pared en DWG, Colecci\u00f3n Completa - iCADBLOCK","og_description":"Esta p\u00e1gina est\u00e1 dedicada a la colecci\u00f3n de apliques en DWG. Hemos intentado proporcionar muchos apliques en planta y en alzado.","og_url":"https:\/\/icadblock.com\/es\/iluminacion-dwg-en-autocad\/aplique-de-pared-en-dwg\/","og_site_name":"iCADBLOCK","article_modified_time":"2023-12-18T08:37:42+00:00","og_image":[{"width":740,"height":500,"url":"https:\/\/icadblock.com\/wp-content\/uploads\/2022\/04\/wall-light.webp","type":"image\/webp"}],"twitter_card":"summary_large_image","twitter_misc":{"Tiempo de lectura":"2 minutos"},"schema":{"@context":"https:\/\/schema.org","@graph":[{"@type":"WebPage","@id":"https:\/\/icadblock.com\/es\/iluminacion-dwg-en-autocad\/aplique-de-pared-en-dwg\/","url":"https:\/\/icadblock.com\/es\/iluminacion-dwg-en-autocad\/aplique-de-pared-en-dwg\/","name":"Aplique de pared en DWG, Colecci\u00f3n Completa - iCADBLOCK","isPartOf":{"@id":"https:\/\/icadblock.com\/es\/#website"},"primaryImageOfPage":{"@id":"https:\/\/icadblock.com\/es\/iluminacion-dwg-en-autocad\/aplique-de-pared-en-dwg\/#primaryimage"},"image":{"@id":"https:\/\/icadblock.com\/es\/iluminacion-dwg-en-autocad\/aplique-de-pared-en-dwg\/#primaryimage"},"thumbnailUrl":"https:\/\/icadblock.com\/wp-content\/uploads\/2022\/04\/wall-light.webp","datePublished":"2022-03-16T14:03:32+00:00","dateModified":"2023-12-18T08:37:42+00:00","description":"Esta p\u00e1gina est\u00e1 dedicada a la colecci\u00f3n de apliques en DWG. Hemos intentado proporcionar muchos apliques en planta y en alzado.","breadcrumb":{"@id":"https:\/\/icadblock.com\/es\/iluminacion-dwg-en-autocad\/aplique-de-pared-en-dwg\/#breadcrumb"},"inLanguage":"es","potentialAction":[{"@type":"ReadAction","target":["https:\/\/icadblock.com\/es\/iluminacion-dwg-en-autocad\/aplique-de-pared-en-dwg\/"]}]},{"@type":"ImageObject","inLanguage":"es","@id":"https:\/\/icadblock.com\/es\/iluminacion-dwg-en-autocad\/aplique-de-pared-en-dwg\/#primaryimage","url":"https:\/\/icadblock.com\/wp-content\/uploads\/2022\/04\/wall-light.webp","contentUrl":"https:\/\/icadblock.com\/wp-content\/uploads\/2022\/04\/wall-light.webp","width":740,"height":500,"caption":"Aplique de pared en DWG"},{"@type":"BreadcrumbList","@id":"https:\/\/icadblock.com\/es\/iluminacion-dwg-en-autocad\/aplique-de-pared-en-dwg\/#breadcrumb","itemListElement":[{"@type":"ListItem","position":1,"name":"Home","item":"https:\/\/icadblock.com\/es\/"},{"@type":"ListItem","position":2,"name":"Iluminaci\u00f3n DWG en AutoCAD, colecci\u00f3n","item":"https:\/\/icadblock.com\/es\/iluminacion-dwg-en-autocad\/"},{"@type":"ListItem","position":3,"name":"Aplique de pared en DWG, Colecci\u00f3n Completa"}]},{"@type":"WebSite","@id":"https:\/\/icadblock.com\/es\/#website","url":"https:\/\/icadblock.com\/es\/","name":"iCADBLOCK","description":"CAD Block free download, 2d DWG models in plan","publisher":{"@id":"https:\/\/icadblock.com\/es\/#organization"},"potentialAction":[{"@type":"SearchAction","target":{"@type":"EntryPoint","urlTemplate":"https:\/\/icadblock.com\/es\/?s={search_term_string}"},"query-input":{"@type":"PropertyValueSpecification","valueRequired":true,"valueName":"search_term_string"}}],"inLanguage":"es"},{"@type":"Organization","@id":"https:\/\/icadblock.com\/es\/#organization","name":"icadblock","url":"https:\/\/icadblock.com\/es\/","logo":{"@type":"ImageObject","inLanguage":"es","@id":"https:\/\/icadblock.com\/es\/#\/schema\/logo\/image\/","url":"https:\/\/icadblock.com\/wp-content\/uploads\/2022\/02\/LOGO.png","contentUrl":"https:\/\/icadblock.com\/wp-content\/uploads\/2022\/02\/LOGO.png","width":546,"height":125,"caption":"icadblock"},"image":{"@id":"https:\/\/icadblock.com\/es\/#\/schema\/logo\/image\/"}}]}},"_links":{"self":[{"href":"https:\/\/icadblock.com\/es\/wp-json\/wp\/v2\/pages\/9121","targetHints":{"allow":["GET"]}}],"collection":[{"href":"https:\/\/icadblock.com\/es\/wp-json\/wp\/v2\/pages"}],"about":[{"href":"https:\/\/icadblock.com\/es\/wp-json\/wp\/v2\/types\/page"}],"author":[{"embeddable":true,"href":"https:\/\/icadblock.com\/es\/wp-json\/wp\/v2\/users\/2"}],"replies":[{"embeddable":true,"href":"https:\/\/icadblock.com\/es\/wp-json\/wp\/v2\/comments?post=9121"}],"version-history":[{"count":4,"href":"https:\/\/icadblock.com\/es\/wp-json\/wp\/v2\/pages\/9121\/revisions"}],"predecessor-version":[{"id":9125,"href":"https:\/\/icadblock.com\/es\/wp-json\/wp\/v2\/pages\/9121\/revisions\/9125"}],"up":[{"embeddable":true,"href":"https:\/\/icadblock.com\/es\/wp-json\/wp\/v2\/pages\/9116"}],"wp:featuredmedia":[{"embeddable":true,"href":"https:\/\/icadblock.com\/es\/wp-json\/wp\/v2\/media\/8043"}],"wp:attachment":[{"href":"https:\/\/icadblock.com\/es\/wp-json\/wp\/v2\/media?parent=9121"}],"curies":[{"name":"wp","href":"https:\/\/api.w.org\/{rel}","templated":true}]}}