{"id":9142,"date":"2022-04-06T09:22:56","date_gmt":"2022-04-06T09:22:56","guid":{"rendered":"https:\/\/icadblock.com\/?page_id=9142"},"modified":"2023-12-18T09:07:35","modified_gmt":"2023-12-18T09:07:35","slug":"lampara-de-pie-dwg-en-autocad-coleccion","status":"publish","type":"page","link":"https:\/\/icadblock.com\/es\/iluminacion-dwg-en-autocad\/lampara-de-pie-dwg-en-autocad-coleccion\/","title":{"rendered":"L\u00e1mpara de pie DWG en AutoCAD, Colecci\u00f3n"},"content":{"rendered":"\t\t<div data-elementor-type=\"wp-page\" data-elementor-id=\"9142\" class=\"elementor elementor-9142 elementor-1171\" data-elementor-post-type=\"page\">\n\t\t\t\t\t\t<section class=\"elementor-section elementor-top-section elementor-element elementor-element-3390c33c elementor-section-boxed elementor-section-height-default elementor-section-height-default\" data-id=\"3390c33c\" data-element_type=\"section\">\n\t\t\t\t\t\t<div class=\"elementor-container elementor-column-gap-default\">\n\t\t\t\t\t<div class=\"elementor-column elementor-col-50 elementor-top-column elementor-element elementor-element-5883f441\" data-id=\"5883f441\" data-element_type=\"column\">\n\t\t\t<div class=\"elementor-widget-wrap elementor-element-populated\">\n\t\t\t\t\t\t<div class=\"elementor-element elementor-element-9c339f9 elementor-widget elementor-widget-text-editor\" data-id=\"9c339f9\" data-element_type=\"widget\" data-widget_type=\"text-editor.default\">\n\t\t\t\t<div class=\"elementor-widget-container\">\n\t\t\t<style>\/*! elementor - v3.21.0 - 30-04-2024 *\/\n.elementor-widget-text-editor.elementor-drop-cap-view-stacked .elementor-drop-cap{background-color:#69727d;color:#fff}.elementor-widget-text-editor.elementor-drop-cap-view-framed .elementor-drop-cap{color:#69727d;border:3px solid;background-color:transparent}.elementor-widget-text-editor:not(.elementor-drop-cap-view-default) .elementor-drop-cap{margin-top:8px}.elementor-widget-text-editor:not(.elementor-drop-cap-view-default) .elementor-drop-cap-letter{width:1em;height:1em}.elementor-widget-text-editor .elementor-drop-cap{float:left;text-align:center;line-height:1;font-size:50px}.elementor-widget-text-editor .elementor-drop-cap-letter{display:inline-block}<\/style>\t\t\t\t<p>Aqu\u00ed en esta p\u00e1gina, tienes acceso a la colecci\u00f3n de <strong>L\u00e1mparas de pie DWG en AutoCAD<\/strong>.<\/p><p>Estos bloques se pueden dibujar en vistas en planta y en alzado, lo que le permite utilizarlos en planos de planta o alzados o incluso estos modelos 2D pueden ayudarle a crear modelos 3D de las l\u00e1mparas de pie.<\/p><p>Esta p\u00e1gina se actualizar\u00e1 constantemente, as\u00ed que nunca olvide marcarla como favorita para futuras actualizaciones.<\/p><p>Mire los siguientes bloques CAD y elija los mejores modelos que satisfagan sus necesidades.<\/p>\t\t\t\t\t\t<\/div>\n\t\t\t\t<\/div>\n\t\t\t\t<div class=\"elementor-element elementor-element-1de5a59 elementor-widget elementor-widget-heading\" data-id=\"1de5a59\" data-element_type=\"widget\" data-widget_type=\"heading.default\">\n\t\t\t\t<div class=\"elementor-widget-container\">\n\t\t\t<style>\/*! elementor - v3.21.0 - 30-04-2024 *\/\n.elementor-heading-title{padding:0;margin:0;line-height:1}.elementor-widget-heading .elementor-heading-title[class*=elementor-size-]>a{color:inherit;font-size:inherit;line-height:inherit}.elementor-widget-heading .elementor-heading-title.elementor-size-small{font-size:15px}.elementor-widget-heading .elementor-heading-title.elementor-size-medium{font-size:19px}.elementor-widget-heading .elementor-heading-title.elementor-size-large{font-size:29px}.elementor-widget-heading .elementor-heading-title.elementor-size-xl{font-size:39px}.elementor-widget-heading .elementor-heading-title.elementor-size-xxl{font-size:59px}<\/style><h2 class=\"elementor-heading-title elementor-size-default\">L\u00e1mpara de pie DWG<\/h2>\t\t<\/div>\n\t\t\t\t<\/div>\n\t\t\t\t<div class=\"elementor-element elementor-element-aeb9d4c elementor-widget elementor-widget-text-editor\" data-id=\"aeb9d4c\" data-element_type=\"widget\" data-widget_type=\"text-editor.default\">\n\t\t\t\t<div class=\"elementor-widget-container\">\n\t\t\t\t\t\t\t<p>Tenga en cuenta que puede descargar otros bloques CAD relacionados utilizando el siguiente enlace:<\/p><p><a href=\"https:\/\/icadblock.com\/es\/iluminacion-dwg-en-autocad\/\"><strong><em>Iluminaci\u00f3n DWG en AutoCAD<\/em><\/strong><\/a><\/p><h3><span style=\"color: #0000ff;\">Notas de decoraci\u00f3n:<\/span><\/h3><p>Normalmente utilizamos l\u00e1mparas de pie en las esquinas o bordes de una habitaci\u00f3n.<\/p><p>Detr\u00e1s de un sof\u00e1 puede ser una gran idea utilizar l\u00e1mparas de pie. Es una opci\u00f3n popular para colocar l\u00e1mparas de pie.<\/p><p>Tambi\u00e9n puedes colocarlo al lado de un televisor.<\/p><p>Puedes utilizar l\u00e1mparas de pie en tu sala de estudio. Es una idea perfecta colocarlos detr\u00e1s o al lado de una mesa de estudio.<\/p><p>El uso de un bloque CAD de l\u00e1mpara de pie agrega m\u00e1s belleza a su dibujo CAD y har\u00e1 que parezca m\u00e1s profesional.<\/p><p>Las l\u00e1mparas de pie juegan un papel importante en la decoraci\u00f3n del hogar o incluso de la oficina.<\/p>\t\t\t\t\t\t<\/div>\n\t\t\t\t<\/div>\n\t\t\t\t\t<\/div>\n\t\t<\/div>\n\t\t\t\t<div class=\"jet-sticky-column-sticky elementor-column elementor-col-50 elementor-top-column elementor-element elementor-element-836322a\" data-jet-sticky-column-settings=\"{&quot;id&quot;:&quot;836322a&quot;,&quot;sticky&quot;:true,&quot;topSpacing&quot;:50,&quot;bottomSpacing&quot;:50,&quot;stickyOn&quot;:[&quot;desktop&quot;,&quot;tablet&quot;]}\" data-id=\"836322a\" data-element_type=\"column\">\n\t\t\t<div class=\"elementor-widget-wrap elementor-element-populated\">\n\t\t\t\t\t\t\t<\/div>\n\t\t<\/div>\n\t\t\t\t\t<\/div>\n\t\t<\/section>\n\t\t\t\t<\/div>\n\t\t","protected":false},"excerpt":{"rendered":"<p>Aqu\u00ed en esta p\u00e1gina, tienes acceso a la colecci\u00f3n de L\u00e1mparas de pie DWG en AutoCAD. Estos bloques se pueden [&hellip;]<\/p>\n","protected":false},"author":2,"featured_media":8039,"parent":9116,"menu_order":0,"comment_status":"closed","ping_status":"closed","template":"","meta":{"site-sidebar-layout":"default","site-content-layout":"","ast-site-content-layout":"","site-content-style":"default","site-sidebar-style":"default","ast-global-header-display":"","ast-banner-title-visibility":"","ast-main-header-display":"","ast-hfb-above-header-display":"","ast-hfb-below-header-display":"","ast-hfb-mobile-header-display":"","site-post-title":"","ast-breadcrumbs-content":"","ast-featured-img":"","footer-sml-layout":"","theme-transparent-header-meta":"","adv-header-id-meta":"","stick-header-meta":"","header-above-stick-meta":"","header-main-stick-meta":"","header-below-stick-meta":"","astra-migrate-meta-layouts":"default","ast-page-background-enabled":"default","ast-page-background-meta":{"desktop":{"background-color":"var(--ast-global-color-4)","background-image":"","background-repeat":"repeat","background-position":"center center","background-size":"auto","background-attachment":"scroll","background-type":"","background-media":"","overlay-type":"","overlay-color":"","overlay-gradient":""},"tablet":{"background-color":"","background-image":"","background-repeat":"repeat","background-position":"center center","background-size":"auto","background-attachment":"scroll","background-type":"","background-media":"","overlay-type":"","overlay-color":"","overlay-gradient":""},"mobile":{"background-color":"","background-image":"","background-repeat":"repeat","background-position":"center center","background-size":"auto","background-attachment":"scroll","background-type":"","background-media":"","overlay-type":"","overlay-color":"","overlay-gradient":""}},"ast-content-background-meta":{"desktop":{"background-color":"var(--ast-global-color-5)","background-image":"","background-repeat":"repeat","background-position":"center center","background-size":"auto","background-attachment":"scroll","background-type":"","background-media":"","overlay-type":"","overlay-color":"","overlay-gradient":""},"tablet":{"background-color":"var(--ast-global-color-5)","background-image":"","background-repeat":"repeat","background-position":"center center","background-size":"auto","background-attachment":"scroll","background-type":"","background-media":"","overlay-type":"","overlay-color":"","overlay-gradient":""},"mobile":{"background-color":"var(--ast-global-color-5)","background-image":"","background-repeat":"repeat","background-position":"center center","background-size":"auto","background-attachment":"scroll","background-type":"","background-media":"","overlay-type":"","overlay-color":"","overlay-gradient":""}},"footnotes":""},"class_list":["post-9142","page","type-page","status-publish","has-post-thumbnail","hentry"],"yoast_head":"<!-- This site is optimized with the Yoast SEO plugin v26.0 - https:\/\/yoast.com\/wordpress\/plugins\/seo\/ -->\n<title>L\u00e1mpara de pie DWG en AutoCAD, Colecci\u00f3n - iCADBLOCK<\/title>\n<meta name=\"description\" content=\"Aqu\u00ed en esta p\u00e1gina, tienes acceso a la colecci\u00f3n de L\u00e1mparas de pie DWG en AutoCAD. Estos bloques se pueden dibujar en vistas en planta\" \/>\n<meta name=\"robots\" content=\"index, follow, max-snippet:-1, max-image-preview:large, max-video-preview:-1\" \/>\n<link rel=\"canonical\" href=\"https:\/\/icadblock.com\/es\/iluminacion-dwg-en-autocad\/lampara-de-pie-dwg-en-autocad-coleccion\/\" \/>\n<meta property=\"og:locale\" content=\"es_ES\" \/>\n<meta property=\"og:type\" content=\"article\" \/>\n<meta property=\"og:title\" content=\"L\u00e1mpara de pie DWG en AutoCAD, Colecci\u00f3n - iCADBLOCK\" \/>\n<meta property=\"og:description\" content=\"Aqu\u00ed en esta p\u00e1gina, tienes acceso a la colecci\u00f3n de L\u00e1mparas de pie DWG en AutoCAD. Estos bloques se pueden dibujar en vistas en planta\" \/>\n<meta property=\"og:url\" content=\"https:\/\/icadblock.com\/es\/iluminacion-dwg-en-autocad\/lampara-de-pie-dwg-en-autocad-coleccion\/\" \/>\n<meta property=\"og:site_name\" content=\"iCADBLOCK\" \/>\n<meta property=\"article:modified_time\" content=\"2023-12-18T09:07:35+00:00\" \/>\n<meta property=\"og:image\" content=\"https:\/\/icadblock.com\/wp-content\/uploads\/2022\/04\/floor-lamp.webp\" \/>\n\t<meta property=\"og:image:width\" content=\"740\" \/>\n\t<meta property=\"og:image:height\" content=\"500\" \/>\n\t<meta property=\"og:image:type\" content=\"image\/webp\" \/>\n<meta name=\"twitter:card\" content=\"summary_large_image\" \/>\n<meta name=\"twitter:label1\" content=\"Tiempo de lectura\" \/>\n\t<meta name=\"twitter:data1\" content=\"2 minutos\" \/>\n<script type=\"application\/ld+json\" class=\"yoast-schema-graph\">{\"@context\":\"https:\/\/schema.org\",\"@graph\":[{\"@type\":\"WebPage\",\"@id\":\"https:\/\/icadblock.com\/es\/iluminacion-dwg-en-autocad\/lampara-de-pie-dwg-en-autocad-coleccion\/\",\"url\":\"https:\/\/icadblock.com\/es\/iluminacion-dwg-en-autocad\/lampara-de-pie-dwg-en-autocad-coleccion\/\",\"name\":\"L\u00e1mpara de pie DWG en AutoCAD, Colecci\u00f3n - iCADBLOCK\",\"isPartOf\":{\"@id\":\"https:\/\/icadblock.com\/es\/#website\"},\"primaryImageOfPage\":{\"@id\":\"https:\/\/icadblock.com\/es\/iluminacion-dwg-en-autocad\/lampara-de-pie-dwg-en-autocad-coleccion\/#primaryimage\"},\"image\":{\"@id\":\"https:\/\/icadblock.com\/es\/iluminacion-dwg-en-autocad\/lampara-de-pie-dwg-en-autocad-coleccion\/#primaryimage\"},\"thumbnailUrl\":\"https:\/\/icadblock.com\/wp-content\/uploads\/2022\/04\/floor-lamp.webp\",\"datePublished\":\"2022-04-06T09:22:56+00:00\",\"dateModified\":\"2023-12-18T09:07:35+00:00\",\"description\":\"Aqu\u00ed en esta p\u00e1gina, tienes acceso a la colecci\u00f3n de L\u00e1mparas de pie DWG en AutoCAD. Estos bloques se pueden dibujar en vistas en planta\",\"breadcrumb\":{\"@id\":\"https:\/\/icadblock.com\/es\/iluminacion-dwg-en-autocad\/lampara-de-pie-dwg-en-autocad-coleccion\/#breadcrumb\"},\"inLanguage\":\"es\",\"potentialAction\":[{\"@type\":\"ReadAction\",\"target\":[\"https:\/\/icadblock.com\/es\/iluminacion-dwg-en-autocad\/lampara-de-pie-dwg-en-autocad-coleccion\/\"]}]},{\"@type\":\"ImageObject\",\"inLanguage\":\"es\",\"@id\":\"https:\/\/icadblock.com\/es\/iluminacion-dwg-en-autocad\/lampara-de-pie-dwg-en-autocad-coleccion\/#primaryimage\",\"url\":\"https:\/\/icadblock.com\/wp-content\/uploads\/2022\/04\/floor-lamp.webp\",\"contentUrl\":\"https:\/\/icadblock.com\/wp-content\/uploads\/2022\/04\/floor-lamp.webp\",\"width\":740,\"height\":500,\"caption\":\"L\u00e1mpara de pie DWG en AutoCAD\"},{\"@type\":\"BreadcrumbList\",\"@id\":\"https:\/\/icadblock.com\/es\/iluminacion-dwg-en-autocad\/lampara-de-pie-dwg-en-autocad-coleccion\/#breadcrumb\",\"itemListElement\":[{\"@type\":\"ListItem\",\"position\":1,\"name\":\"Home\",\"item\":\"https:\/\/icadblock.com\/es\/\"},{\"@type\":\"ListItem\",\"position\":2,\"name\":\"Iluminaci\u00f3n DWG en AutoCAD, colecci\u00f3n\",\"item\":\"https:\/\/icadblock.com\/es\/iluminacion-dwg-en-autocad\/\"},{\"@type\":\"ListItem\",\"position\":3,\"name\":\"L\u00e1mpara de pie DWG en AutoCAD, Colecci\u00f3n\"}]},{\"@type\":\"WebSite\",\"@id\":\"https:\/\/icadblock.com\/es\/#website\",\"url\":\"https:\/\/icadblock.com\/es\/\",\"name\":\"iCADBLOCK\",\"description\":\"CAD Block free download, 2d DWG models in plan\",\"publisher\":{\"@id\":\"https:\/\/icadblock.com\/es\/#organization\"},\"potentialAction\":[{\"@type\":\"SearchAction\",\"target\":{\"@type\":\"EntryPoint\",\"urlTemplate\":\"https:\/\/icadblock.com\/es\/?s={search_term_string}\"},\"query-input\":{\"@type\":\"PropertyValueSpecification\",\"valueRequired\":true,\"valueName\":\"search_term_string\"}}],\"inLanguage\":\"es\"},{\"@type\":\"Organization\",\"@id\":\"https:\/\/icadblock.com\/es\/#organization\",\"name\":\"icadblock\",\"url\":\"https:\/\/icadblock.com\/es\/\",\"logo\":{\"@type\":\"ImageObject\",\"inLanguage\":\"es\",\"@id\":\"https:\/\/icadblock.com\/es\/#\/schema\/logo\/image\/\",\"url\":\"https:\/\/icadblock.com\/wp-content\/uploads\/2022\/02\/LOGO.png\",\"contentUrl\":\"https:\/\/icadblock.com\/wp-content\/uploads\/2022\/02\/LOGO.png\",\"width\":546,\"height\":125,\"caption\":\"icadblock\"},\"image\":{\"@id\":\"https:\/\/icadblock.com\/es\/#\/schema\/logo\/image\/\"}}]}<\/script>\n<!-- \/ Yoast SEO plugin. -->","yoast_head_json":{"title":"L\u00e1mpara de pie DWG en AutoCAD, Colecci\u00f3n - iCADBLOCK","description":"Aqu\u00ed en esta p\u00e1gina, tienes acceso a la colecci\u00f3n de L\u00e1mparas de pie DWG en AutoCAD. Estos bloques se pueden dibujar en vistas en planta","robots":{"index":"index","follow":"follow","max-snippet":"max-snippet:-1","max-image-preview":"max-image-preview:large","max-video-preview":"max-video-preview:-1"},"canonical":"https:\/\/icadblock.com\/es\/iluminacion-dwg-en-autocad\/lampara-de-pie-dwg-en-autocad-coleccion\/","og_locale":"es_ES","og_type":"article","og_title":"L\u00e1mpara de pie DWG en AutoCAD, Colecci\u00f3n - iCADBLOCK","og_description":"Aqu\u00ed en esta p\u00e1gina, tienes acceso a la colecci\u00f3n de L\u00e1mparas de pie DWG en AutoCAD. Estos bloques se pueden dibujar en vistas en planta","og_url":"https:\/\/icadblock.com\/es\/iluminacion-dwg-en-autocad\/lampara-de-pie-dwg-en-autocad-coleccion\/","og_site_name":"iCADBLOCK","article_modified_time":"2023-12-18T09:07:35+00:00","og_image":[{"width":740,"height":500,"url":"https:\/\/icadblock.com\/wp-content\/uploads\/2022\/04\/floor-lamp.webp","type":"image\/webp"}],"twitter_card":"summary_large_image","twitter_misc":{"Tiempo de lectura":"2 minutos"},"schema":{"@context":"https:\/\/schema.org","@graph":[{"@type":"WebPage","@id":"https:\/\/icadblock.com\/es\/iluminacion-dwg-en-autocad\/lampara-de-pie-dwg-en-autocad-coleccion\/","url":"https:\/\/icadblock.com\/es\/iluminacion-dwg-en-autocad\/lampara-de-pie-dwg-en-autocad-coleccion\/","name":"L\u00e1mpara de pie DWG en AutoCAD, Colecci\u00f3n - iCADBLOCK","isPartOf":{"@id":"https:\/\/icadblock.com\/es\/#website"},"primaryImageOfPage":{"@id":"https:\/\/icadblock.com\/es\/iluminacion-dwg-en-autocad\/lampara-de-pie-dwg-en-autocad-coleccion\/#primaryimage"},"image":{"@id":"https:\/\/icadblock.com\/es\/iluminacion-dwg-en-autocad\/lampara-de-pie-dwg-en-autocad-coleccion\/#primaryimage"},"thumbnailUrl":"https:\/\/icadblock.com\/wp-content\/uploads\/2022\/04\/floor-lamp.webp","datePublished":"2022-04-06T09:22:56+00:00","dateModified":"2023-12-18T09:07:35+00:00","description":"Aqu\u00ed en esta p\u00e1gina, tienes acceso a la colecci\u00f3n de L\u00e1mparas de pie DWG en AutoCAD. Estos bloques se pueden dibujar en vistas en planta","breadcrumb":{"@id":"https:\/\/icadblock.com\/es\/iluminacion-dwg-en-autocad\/lampara-de-pie-dwg-en-autocad-coleccion\/#breadcrumb"},"inLanguage":"es","potentialAction":[{"@type":"ReadAction","target":["https:\/\/icadblock.com\/es\/iluminacion-dwg-en-autocad\/lampara-de-pie-dwg-en-autocad-coleccion\/"]}]},{"@type":"ImageObject","inLanguage":"es","@id":"https:\/\/icadblock.com\/es\/iluminacion-dwg-en-autocad\/lampara-de-pie-dwg-en-autocad-coleccion\/#primaryimage","url":"https:\/\/icadblock.com\/wp-content\/uploads\/2022\/04\/floor-lamp.webp","contentUrl":"https:\/\/icadblock.com\/wp-content\/uploads\/2022\/04\/floor-lamp.webp","width":740,"height":500,"caption":"L\u00e1mpara de pie DWG en AutoCAD"},{"@type":"BreadcrumbList","@id":"https:\/\/icadblock.com\/es\/iluminacion-dwg-en-autocad\/lampara-de-pie-dwg-en-autocad-coleccion\/#breadcrumb","itemListElement":[{"@type":"ListItem","position":1,"name":"Home","item":"https:\/\/icadblock.com\/es\/"},{"@type":"ListItem","position":2,"name":"Iluminaci\u00f3n DWG en AutoCAD, colecci\u00f3n","item":"https:\/\/icadblock.com\/es\/iluminacion-dwg-en-autocad\/"},{"@type":"ListItem","position":3,"name":"L\u00e1mpara de pie DWG en AutoCAD, Colecci\u00f3n"}]},{"@type":"WebSite","@id":"https:\/\/icadblock.com\/es\/#website","url":"https:\/\/icadblock.com\/es\/","name":"iCADBLOCK","description":"CAD Block free download, 2d DWG models in plan","publisher":{"@id":"https:\/\/icadblock.com\/es\/#organization"},"potentialAction":[{"@type":"SearchAction","target":{"@type":"EntryPoint","urlTemplate":"https:\/\/icadblock.com\/es\/?s={search_term_string}"},"query-input":{"@type":"PropertyValueSpecification","valueRequired":true,"valueName":"search_term_string"}}],"inLanguage":"es"},{"@type":"Organization","@id":"https:\/\/icadblock.com\/es\/#organization","name":"icadblock","url":"https:\/\/icadblock.com\/es\/","logo":{"@type":"ImageObject","inLanguage":"es","@id":"https:\/\/icadblock.com\/es\/#\/schema\/logo\/image\/","url":"https:\/\/icadblock.com\/wp-content\/uploads\/2022\/02\/LOGO.png","contentUrl":"https:\/\/icadblock.com\/wp-content\/uploads\/2022\/02\/LOGO.png","width":546,"height":125,"caption":"icadblock"},"image":{"@id":"https:\/\/icadblock.com\/es\/#\/schema\/logo\/image\/"}}]}},"_links":{"self":[{"href":"https:\/\/icadblock.com\/es\/wp-json\/wp\/v2\/pages\/9142","targetHints":{"allow":["GET"]}}],"collection":[{"href":"https:\/\/icadblock.com\/es\/wp-json\/wp\/v2\/pages"}],"about":[{"href":"https:\/\/icadblock.com\/es\/wp-json\/wp\/v2\/types\/page"}],"author":[{"embeddable":true,"href":"https:\/\/icadblock.com\/es\/wp-json\/wp\/v2\/users\/2"}],"replies":[{"embeddable":true,"href":"https:\/\/icadblock.com\/es\/wp-json\/wp\/v2\/comments?post=9142"}],"version-history":[{"count":4,"href":"https:\/\/icadblock.com\/es\/wp-json\/wp\/v2\/pages\/9142\/revisions"}],"predecessor-version":[{"id":9146,"href":"https:\/\/icadblock.com\/es\/wp-json\/wp\/v2\/pages\/9142\/revisions\/9146"}],"up":[{"embeddable":true,"href":"https:\/\/icadblock.com\/es\/wp-json\/wp\/v2\/pages\/9116"}],"wp:featuredmedia":[{"embeddable":true,"href":"https:\/\/icadblock.com\/es\/wp-json\/wp\/v2\/media\/8039"}],"wp:attachment":[{"href":"https:\/\/icadblock.com\/es\/wp-json\/wp\/v2\/media?parent=9142"}],"curies":[{"name":"wp","href":"https:\/\/api.w.org\/{rel}","templated":true}]}}