{"id":9153,"date":"2022-05-12T07:42:04","date_gmt":"2022-05-12T07:42:04","guid":{"rendered":"https:\/\/icadblock.com\/?page_id=9153"},"modified":"2023-12-18T09:21:59","modified_gmt":"2023-12-18T09:21:59","slug":"sillon-medico-dwg","status":"publish","type":"page","link":"https:\/\/icadblock.com\/es\/coleccion-muebles-dwg-autocad\/mobiliario-hospitalario-en-dwg\/sillon-medico-dwg\/","title":{"rendered":"Sill\u00f3n M\u00e9dico DWG en AutoCAD, Colecci\u00f3n"},"content":{"rendered":"\t\t<div data-elementor-type=\"wp-page\" data-elementor-id=\"9153\" class=\"elementor elementor-9153 elementor-1860\" data-elementor-post-type=\"page\">\n\t\t\t\t\t\t<section class=\"elementor-section elementor-top-section elementor-element elementor-element-64f945f elementor-section-boxed elementor-section-height-default elementor-section-height-default\" data-id=\"64f945f\" data-element_type=\"section\">\n\t\t\t\t\t\t<div class=\"elementor-container elementor-column-gap-default\">\n\t\t\t\t\t<div class=\"elementor-column elementor-col-50 elementor-top-column elementor-element elementor-element-f6d461e\" data-id=\"f6d461e\" data-element_type=\"column\">\n\t\t\t<div class=\"elementor-widget-wrap elementor-element-populated\">\n\t\t\t\t\t\t<div class=\"elementor-element elementor-element-40449f5 elementor-widget elementor-widget-text-editor\" data-id=\"40449f5\" data-element_type=\"widget\" data-widget_type=\"text-editor.default\">\n\t\t\t\t<div class=\"elementor-widget-container\">\n\t\t\t<style>\/*! elementor - v3.21.0 - 30-04-2024 *\/\n.elementor-widget-text-editor.elementor-drop-cap-view-stacked .elementor-drop-cap{background-color:#69727d;color:#fff}.elementor-widget-text-editor.elementor-drop-cap-view-framed .elementor-drop-cap{color:#69727d;border:3px solid;background-color:transparent}.elementor-widget-text-editor:not(.elementor-drop-cap-view-default) .elementor-drop-cap{margin-top:8px}.elementor-widget-text-editor:not(.elementor-drop-cap-view-default) .elementor-drop-cap-letter{width:1em;height:1em}.elementor-widget-text-editor .elementor-drop-cap{float:left;text-align:center;line-height:1;font-size:50px}.elementor-widget-text-editor .elementor-drop-cap-letter{display:inline-block}<\/style>\t\t\t\t<p>En esta p\u00e1gina proporcionaremos muchos modelos <strong>DWG de sillas m\u00e9dicas en AutoCAD<\/strong>.<\/p><p>Seg\u00fan sus necesidades, puede encontrar muchos modelos 2D de sillones m\u00e9dicos.<\/p><p>Esta colecci\u00f3n incluye bloques CAD de sill\u00f3n m\u00e9dico en vistas en planta y en alzado.<\/p><p>Si quieres dibujar un plano de muebles, puedes utilizar los bloques dibujados en la vista superior.<\/p><p>Eres libre de utilizar estos bloques CAD en tus proyectos CAD y tambi\u00e9n es posible realizar cualquier cambio.<\/p><p>Eche un vistazo a los siguientes modelos DWG y elija cada uno que se adapte a sus necesidades.<\/p>\t\t\t\t\t\t<\/div>\n\t\t\t\t<\/div>\n\t\t\t\t<div class=\"elementor-element elementor-element-05e7703 elementor-widget elementor-widget-text-editor\" data-id=\"05e7703\" data-element_type=\"widget\" data-widget_type=\"text-editor.default\">\n\t\t\t\t<div class=\"elementor-widget-container\">\n\t\t\t\t\t\t\t<p><\/p>\t\t\t\t\t\t<\/div>\n\t\t\t\t<\/div>\n\t\t\t\t<div class=\"elementor-element elementor-element-a6cbb0d elementor-widget elementor-widget-text-editor\" data-id=\"a6cbb0d\" data-element_type=\"widget\" data-widget_type=\"text-editor.default\">\n\t\t\t\t<div class=\"elementor-widget-container\">\n\t\t\t\t\t\t\t<h2 style=\"font-family: var( --e-global-typography-primary-font-family ), Sans-serif; font-weight: var( --e-global-typography-primary-font-weight ); font-style: normal; color: #e63d4e; -webkit-text-stroke-color: #000000; stroke: #000000; text-shadow: rgba(0, 0, 0, 0.3) 0px 0px 10px;\" data-elementor-setting-key=\"title\" data-pen-placeholder=\"Type Here...\">Sill\u00f3n M\u00e9dico DWG<\/h2>\t\t\t\t\t\t<\/div>\n\t\t\t\t<\/div>\n\t\t\t\t<div class=\"elementor-element elementor-element-31551b8 elementor-widget elementor-widget-text-editor\" data-id=\"31551b8\" data-element_type=\"widget\" data-widget_type=\"text-editor.default\">\n\t\t\t\t<div class=\"elementor-widget-container\">\n\t\t\t\t\t\t\t<p style=\"font-family: Roboto, sans-serif; font-size: 16px; font-weight: 400; font-style: normal;\">Para descargar otros bloques CAD relacionados, haga clic en el siguiente enlace:<\/p><p style=\"font-family: Roboto, sans-serif; font-size: 16px; font-weight: 400; font-style: normal;\"><a href=\"https:\/\/icadblock.com\/es\/coleccion-muebles-dwg-autocad\/mobiliario-hospitalario-en-dwg\/\"><em><strong>Mobiliario Hospitalario en DWG<\/strong><\/em><\/a><\/p><h3 style=\"font-style: normal;\"><span style=\"color: #0000ff;\">Notas adicionales:<\/span><\/h3><p style=\"font-family: Roboto, sans-serif; font-size: 16px; font-weight: 400; font-style: normal;\">Existen diferentes tipos de sillones m\u00e9dicos para diferentes prop\u00f3sitos.<\/p><p style=\"font-family: Roboto, sans-serif; font-size: 16px; font-weight: 400; font-style: normal;\">Algunos tipos de estas sillas son sillas Geri y sillones reclinables para sillas de ruedas, sillas y taburetes para extracci\u00f3n de sangre, sillas altas para la cadera, sillas para mamograf\u00eda, sillas para oftalmolog\u00eda, sillas para toma de muestras; Sillas de ejercicio y actividad, Sillones dentales, Sillas de oficina; Sillas de bipedestaci\u00f3n, sillas pedi\u00e1tricas, etc.<\/p><p style=\"font-family: Roboto, sans-serif; font-size: 16px; font-weight: 400; font-style: normal;\">Seg\u00fan el prop\u00f3sito, el lugar y los usos, puede utilizar cada modelo.<\/p><p style=\"font-family: Roboto, sans-serif; font-size: 16px; font-weight: 400; font-style: normal;\">Puedes hacer que tu dibujo sea m\u00e1s hermoso usando estos bloques CAD.<\/p><p style=\"font-family: Roboto, sans-serif; font-size: 16px; font-weight: 400; font-style: normal;\">Adem\u00e1s, el uso de estos modelos 2D mejorar\u00e1 su comprensi\u00f3n de los espacios y las dimensiones.<\/p>\t\t\t\t\t\t<\/div>\n\t\t\t\t<\/div>\n\t\t\t\t\t<\/div>\n\t\t<\/div>\n\t\t\t\t<div class=\"jet-sticky-column-sticky elementor-column elementor-col-50 elementor-top-column elementor-element elementor-element-8de4f50\" data-jet-sticky-column-settings=\"{&quot;id&quot;:&quot;8de4f50&quot;,&quot;sticky&quot;:true,&quot;topSpacing&quot;:50,&quot;bottomSpacing&quot;:50,&quot;stickyOn&quot;:[&quot;desktop&quot;,&quot;tablet&quot;]}\" data-id=\"8de4f50\" data-element_type=\"column\">\n\t\t\t<div class=\"elementor-widget-wrap elementor-element-populated\">\n\t\t\t\t\t\t\t<\/div>\n\t\t<\/div>\n\t\t\t\t\t<\/div>\n\t\t<\/section>\n\t\t\t\t<\/div>\n\t\t","protected":false},"excerpt":{"rendered":"<p>En esta p\u00e1gina proporcionaremos muchos modelos DWG de sillas m\u00e9dicas en AutoCAD. Seg\u00fan sus necesidades, puede encontrar muchos modelos 2D [&hellip;]<\/p>\n","protected":false},"author":2,"featured_media":8063,"parent":9147,"menu_order":0,"comment_status":"closed","ping_status":"closed","template":"","meta":{"site-sidebar-layout":"default","site-content-layout":"","ast-site-content-layout":"","site-content-style":"default","site-sidebar-style":"default","ast-global-header-display":"","ast-banner-title-visibility":"","ast-main-header-display":"","ast-hfb-above-header-display":"","ast-hfb-below-header-display":"","ast-hfb-mobile-header-display":"","site-post-title":"","ast-breadcrumbs-content":"","ast-featured-img":"","footer-sml-layout":"","theme-transparent-header-meta":"","adv-header-id-meta":"","stick-header-meta":"","header-above-stick-meta":"","header-main-stick-meta":"","header-below-stick-meta":"","astra-migrate-meta-layouts":"default","ast-page-background-enabled":"default","ast-page-background-meta":{"desktop":{"background-color":"var(--ast-global-color-4)","background-image":"","background-repeat":"repeat","background-position":"center center","background-size":"auto","background-attachment":"scroll","background-type":"","background-media":"","overlay-type":"","overlay-color":"","overlay-gradient":""},"tablet":{"background-color":"","background-image":"","background-repeat":"repeat","background-position":"center center","background-size":"auto","background-attachment":"scroll","background-type":"","background-media":"","overlay-type":"","overlay-color":"","overlay-gradient":""},"mobile":{"background-color":"","background-image":"","background-repeat":"repeat","background-position":"center center","background-size":"auto","background-attachment":"scroll","background-type":"","background-media":"","overlay-type":"","overlay-color":"","overlay-gradient":""}},"ast-content-background-meta":{"desktop":{"background-color":"var(--ast-global-color-5)","background-image":"","background-repeat":"repeat","background-position":"center center","background-size":"auto","background-attachment":"scroll","background-type":"","background-media":"","overlay-type":"","overlay-color":"","overlay-gradient":""},"tablet":{"background-color":"var(--ast-global-color-5)","background-image":"","background-repeat":"repeat","background-position":"center center","background-size":"auto","background-attachment":"scroll","background-type":"","background-media":"","overlay-type":"","overlay-color":"","overlay-gradient":""},"mobile":{"background-color":"var(--ast-global-color-5)","background-image":"","background-repeat":"repeat","background-position":"center center","background-size":"auto","background-attachment":"scroll","background-type":"","background-media":"","overlay-type":"","overlay-color":"","overlay-gradient":""}},"footnotes":""},"class_list":["post-9153","page","type-page","status-publish","has-post-thumbnail","hentry"],"yoast_head":"<!-- This site is optimized with the Yoast SEO plugin v26.0 - https:\/\/yoast.com\/wordpress\/plugins\/seo\/ -->\n<title>Sill\u00f3n M\u00e9dico DWG en AutoCAD, Colecci\u00f3n - iCADBLOCK<\/title>\n<meta name=\"description\" content=\"En esta p\u00e1gina proporcionaremos muchos modelos DWG de sillas m\u00e9dicas en AutoCAD. Seg\u00fan sus necesidades, puede encontrar muchos modelos 2D\" \/>\n<meta name=\"robots\" content=\"index, follow, max-snippet:-1, max-image-preview:large, max-video-preview:-1\" \/>\n<link rel=\"canonical\" href=\"https:\/\/icadblock.com\/es\/coleccion-muebles-dwg-autocad\/mobiliario-hospitalario-en-dwg\/sillon-medico-dwg\/\" \/>\n<meta property=\"og:locale\" content=\"es_ES\" \/>\n<meta property=\"og:type\" content=\"article\" \/>\n<meta property=\"og:title\" content=\"Sill\u00f3n M\u00e9dico DWG en AutoCAD, Colecci\u00f3n - iCADBLOCK\" \/>\n<meta property=\"og:description\" content=\"En esta p\u00e1gina proporcionaremos muchos modelos DWG de sillas m\u00e9dicas en AutoCAD. Seg\u00fan sus necesidades, puede encontrar muchos modelos 2D\" \/>\n<meta property=\"og:url\" content=\"https:\/\/icadblock.com\/es\/coleccion-muebles-dwg-autocad\/mobiliario-hospitalario-en-dwg\/sillon-medico-dwg\/\" \/>\n<meta property=\"og:site_name\" content=\"iCADBLOCK\" \/>\n<meta property=\"article:modified_time\" content=\"2023-12-18T09:21:59+00:00\" \/>\n<meta property=\"og:image\" content=\"https:\/\/icadblock.com\/wp-content\/uploads\/2022\/05\/medical-chair.webp\" \/>\n\t<meta property=\"og:image:width\" content=\"740\" \/>\n\t<meta property=\"og:image:height\" content=\"500\" \/>\n\t<meta property=\"og:image:type\" content=\"image\/webp\" \/>\n<meta name=\"twitter:card\" content=\"summary_large_image\" \/>\n<meta name=\"twitter:label1\" content=\"Tiempo de lectura\" \/>\n\t<meta name=\"twitter:data1\" content=\"2 minutos\" \/>\n<script type=\"application\/ld+json\" class=\"yoast-schema-graph\">{\"@context\":\"https:\/\/schema.org\",\"@graph\":[{\"@type\":\"WebPage\",\"@id\":\"https:\/\/icadblock.com\/es\/coleccion-muebles-dwg-autocad\/mobiliario-hospitalario-en-dwg\/sillon-medico-dwg\/\",\"url\":\"https:\/\/icadblock.com\/es\/coleccion-muebles-dwg-autocad\/mobiliario-hospitalario-en-dwg\/sillon-medico-dwg\/\",\"name\":\"Sill\u00f3n M\u00e9dico DWG en AutoCAD, Colecci\u00f3n - iCADBLOCK\",\"isPartOf\":{\"@id\":\"https:\/\/icadblock.com\/es\/#website\"},\"primaryImageOfPage\":{\"@id\":\"https:\/\/icadblock.com\/es\/coleccion-muebles-dwg-autocad\/mobiliario-hospitalario-en-dwg\/sillon-medico-dwg\/#primaryimage\"},\"image\":{\"@id\":\"https:\/\/icadblock.com\/es\/coleccion-muebles-dwg-autocad\/mobiliario-hospitalario-en-dwg\/sillon-medico-dwg\/#primaryimage\"},\"thumbnailUrl\":\"https:\/\/icadblock.com\/wp-content\/uploads\/2022\/05\/medical-chair.webp\",\"datePublished\":\"2022-05-12T07:42:04+00:00\",\"dateModified\":\"2023-12-18T09:21:59+00:00\",\"description\":\"En esta p\u00e1gina proporcionaremos muchos modelos DWG de sillas m\u00e9dicas en AutoCAD. Seg\u00fan sus necesidades, puede encontrar muchos modelos 2D\",\"breadcrumb\":{\"@id\":\"https:\/\/icadblock.com\/es\/coleccion-muebles-dwg-autocad\/mobiliario-hospitalario-en-dwg\/sillon-medico-dwg\/#breadcrumb\"},\"inLanguage\":\"es\",\"potentialAction\":[{\"@type\":\"ReadAction\",\"target\":[\"https:\/\/icadblock.com\/es\/coleccion-muebles-dwg-autocad\/mobiliario-hospitalario-en-dwg\/sillon-medico-dwg\/\"]}]},{\"@type\":\"ImageObject\",\"inLanguage\":\"es\",\"@id\":\"https:\/\/icadblock.com\/es\/coleccion-muebles-dwg-autocad\/mobiliario-hospitalario-en-dwg\/sillon-medico-dwg\/#primaryimage\",\"url\":\"https:\/\/icadblock.com\/wp-content\/uploads\/2022\/05\/medical-chair.webp\",\"contentUrl\":\"https:\/\/icadblock.com\/wp-content\/uploads\/2022\/05\/medical-chair.webp\",\"width\":740,\"height\":500,\"caption\":\"Sill\u00f3n M\u00e9dico DWG\"},{\"@type\":\"BreadcrumbList\",\"@id\":\"https:\/\/icadblock.com\/es\/coleccion-muebles-dwg-autocad\/mobiliario-hospitalario-en-dwg\/sillon-medico-dwg\/#breadcrumb\",\"itemListElement\":[{\"@type\":\"ListItem\",\"position\":1,\"name\":\"Home\",\"item\":\"https:\/\/icadblock.com\/es\/\"},{\"@type\":\"ListItem\",\"position\":2,\"name\":\"Colecci\u00f3n de muebles DWG en AutoCAD\",\"item\":\"https:\/\/icadblock.com\/es\/coleccion-muebles-dwg-autocad\/\"},{\"@type\":\"ListItem\",\"position\":3,\"name\":\"Mobiliario Hospitalario en DWG, Colecci\u00f3n completa\",\"item\":\"https:\/\/icadblock.com\/es\/coleccion-muebles-dwg-autocad\/mobiliario-hospitalario-en-dwg\/\"},{\"@type\":\"ListItem\",\"position\":4,\"name\":\"Sill\u00f3n M\u00e9dico DWG en AutoCAD, Colecci\u00f3n\"}]},{\"@type\":\"WebSite\",\"@id\":\"https:\/\/icadblock.com\/es\/#website\",\"url\":\"https:\/\/icadblock.com\/es\/\",\"name\":\"iCADBLOCK\",\"description\":\"CAD Block free download, 2d DWG models in plan\",\"publisher\":{\"@id\":\"https:\/\/icadblock.com\/es\/#organization\"},\"potentialAction\":[{\"@type\":\"SearchAction\",\"target\":{\"@type\":\"EntryPoint\",\"urlTemplate\":\"https:\/\/icadblock.com\/es\/?s={search_term_string}\"},\"query-input\":{\"@type\":\"PropertyValueSpecification\",\"valueRequired\":true,\"valueName\":\"search_term_string\"}}],\"inLanguage\":\"es\"},{\"@type\":\"Organization\",\"@id\":\"https:\/\/icadblock.com\/es\/#organization\",\"name\":\"icadblock\",\"url\":\"https:\/\/icadblock.com\/es\/\",\"logo\":{\"@type\":\"ImageObject\",\"inLanguage\":\"es\",\"@id\":\"https:\/\/icadblock.com\/es\/#\/schema\/logo\/image\/\",\"url\":\"https:\/\/icadblock.com\/wp-content\/uploads\/2022\/02\/LOGO.png\",\"contentUrl\":\"https:\/\/icadblock.com\/wp-content\/uploads\/2022\/02\/LOGO.png\",\"width\":546,\"height\":125,\"caption\":\"icadblock\"},\"image\":{\"@id\":\"https:\/\/icadblock.com\/es\/#\/schema\/logo\/image\/\"}}]}<\/script>\n<!-- \/ Yoast SEO plugin. -->","yoast_head_json":{"title":"Sill\u00f3n M\u00e9dico DWG en AutoCAD, Colecci\u00f3n - iCADBLOCK","description":"En esta p\u00e1gina proporcionaremos muchos modelos DWG de sillas m\u00e9dicas en AutoCAD. Seg\u00fan sus necesidades, puede encontrar muchos modelos 2D","robots":{"index":"index","follow":"follow","max-snippet":"max-snippet:-1","max-image-preview":"max-image-preview:large","max-video-preview":"max-video-preview:-1"},"canonical":"https:\/\/icadblock.com\/es\/coleccion-muebles-dwg-autocad\/mobiliario-hospitalario-en-dwg\/sillon-medico-dwg\/","og_locale":"es_ES","og_type":"article","og_title":"Sill\u00f3n M\u00e9dico DWG en AutoCAD, Colecci\u00f3n - iCADBLOCK","og_description":"En esta p\u00e1gina proporcionaremos muchos modelos DWG de sillas m\u00e9dicas en AutoCAD. Seg\u00fan sus necesidades, puede encontrar muchos modelos 2D","og_url":"https:\/\/icadblock.com\/es\/coleccion-muebles-dwg-autocad\/mobiliario-hospitalario-en-dwg\/sillon-medico-dwg\/","og_site_name":"iCADBLOCK","article_modified_time":"2023-12-18T09:21:59+00:00","og_image":[{"width":740,"height":500,"url":"https:\/\/icadblock.com\/wp-content\/uploads\/2022\/05\/medical-chair.webp","type":"image\/webp"}],"twitter_card":"summary_large_image","twitter_misc":{"Tiempo de lectura":"2 minutos"},"schema":{"@context":"https:\/\/schema.org","@graph":[{"@type":"WebPage","@id":"https:\/\/icadblock.com\/es\/coleccion-muebles-dwg-autocad\/mobiliario-hospitalario-en-dwg\/sillon-medico-dwg\/","url":"https:\/\/icadblock.com\/es\/coleccion-muebles-dwg-autocad\/mobiliario-hospitalario-en-dwg\/sillon-medico-dwg\/","name":"Sill\u00f3n M\u00e9dico DWG en AutoCAD, Colecci\u00f3n - iCADBLOCK","isPartOf":{"@id":"https:\/\/icadblock.com\/es\/#website"},"primaryImageOfPage":{"@id":"https:\/\/icadblock.com\/es\/coleccion-muebles-dwg-autocad\/mobiliario-hospitalario-en-dwg\/sillon-medico-dwg\/#primaryimage"},"image":{"@id":"https:\/\/icadblock.com\/es\/coleccion-muebles-dwg-autocad\/mobiliario-hospitalario-en-dwg\/sillon-medico-dwg\/#primaryimage"},"thumbnailUrl":"https:\/\/icadblock.com\/wp-content\/uploads\/2022\/05\/medical-chair.webp","datePublished":"2022-05-12T07:42:04+00:00","dateModified":"2023-12-18T09:21:59+00:00","description":"En esta p\u00e1gina proporcionaremos muchos modelos DWG de sillas m\u00e9dicas en AutoCAD. Seg\u00fan sus necesidades, puede encontrar muchos modelos 2D","breadcrumb":{"@id":"https:\/\/icadblock.com\/es\/coleccion-muebles-dwg-autocad\/mobiliario-hospitalario-en-dwg\/sillon-medico-dwg\/#breadcrumb"},"inLanguage":"es","potentialAction":[{"@type":"ReadAction","target":["https:\/\/icadblock.com\/es\/coleccion-muebles-dwg-autocad\/mobiliario-hospitalario-en-dwg\/sillon-medico-dwg\/"]}]},{"@type":"ImageObject","inLanguage":"es","@id":"https:\/\/icadblock.com\/es\/coleccion-muebles-dwg-autocad\/mobiliario-hospitalario-en-dwg\/sillon-medico-dwg\/#primaryimage","url":"https:\/\/icadblock.com\/wp-content\/uploads\/2022\/05\/medical-chair.webp","contentUrl":"https:\/\/icadblock.com\/wp-content\/uploads\/2022\/05\/medical-chair.webp","width":740,"height":500,"caption":"Sill\u00f3n M\u00e9dico DWG"},{"@type":"BreadcrumbList","@id":"https:\/\/icadblock.com\/es\/coleccion-muebles-dwg-autocad\/mobiliario-hospitalario-en-dwg\/sillon-medico-dwg\/#breadcrumb","itemListElement":[{"@type":"ListItem","position":1,"name":"Home","item":"https:\/\/icadblock.com\/es\/"},{"@type":"ListItem","position":2,"name":"Colecci\u00f3n de muebles DWG en AutoCAD","item":"https:\/\/icadblock.com\/es\/coleccion-muebles-dwg-autocad\/"},{"@type":"ListItem","position":3,"name":"Mobiliario Hospitalario en DWG, Colecci\u00f3n completa","item":"https:\/\/icadblock.com\/es\/coleccion-muebles-dwg-autocad\/mobiliario-hospitalario-en-dwg\/"},{"@type":"ListItem","position":4,"name":"Sill\u00f3n M\u00e9dico DWG en AutoCAD, Colecci\u00f3n"}]},{"@type":"WebSite","@id":"https:\/\/icadblock.com\/es\/#website","url":"https:\/\/icadblock.com\/es\/","name":"iCADBLOCK","description":"CAD Block free download, 2d DWG models in plan","publisher":{"@id":"https:\/\/icadblock.com\/es\/#organization"},"potentialAction":[{"@type":"SearchAction","target":{"@type":"EntryPoint","urlTemplate":"https:\/\/icadblock.com\/es\/?s={search_term_string}"},"query-input":{"@type":"PropertyValueSpecification","valueRequired":true,"valueName":"search_term_string"}}],"inLanguage":"es"},{"@type":"Organization","@id":"https:\/\/icadblock.com\/es\/#organization","name":"icadblock","url":"https:\/\/icadblock.com\/es\/","logo":{"@type":"ImageObject","inLanguage":"es","@id":"https:\/\/icadblock.com\/es\/#\/schema\/logo\/image\/","url":"https:\/\/icadblock.com\/wp-content\/uploads\/2022\/02\/LOGO.png","contentUrl":"https:\/\/icadblock.com\/wp-content\/uploads\/2022\/02\/LOGO.png","width":546,"height":125,"caption":"icadblock"},"image":{"@id":"https:\/\/icadblock.com\/es\/#\/schema\/logo\/image\/"}}]}},"_links":{"self":[{"href":"https:\/\/icadblock.com\/es\/wp-json\/wp\/v2\/pages\/9153","targetHints":{"allow":["GET"]}}],"collection":[{"href":"https:\/\/icadblock.com\/es\/wp-json\/wp\/v2\/pages"}],"about":[{"href":"https:\/\/icadblock.com\/es\/wp-json\/wp\/v2\/types\/page"}],"author":[{"embeddable":true,"href":"https:\/\/icadblock.com\/es\/wp-json\/wp\/v2\/users\/2"}],"replies":[{"embeddable":true,"href":"https:\/\/icadblock.com\/es\/wp-json\/wp\/v2\/comments?post=9153"}],"version-history":[{"count":5,"href":"https:\/\/icadblock.com\/es\/wp-json\/wp\/v2\/pages\/9153\/revisions"}],"predecessor-version":[{"id":9158,"href":"https:\/\/icadblock.com\/es\/wp-json\/wp\/v2\/pages\/9153\/revisions\/9158"}],"up":[{"embeddable":true,"href":"https:\/\/icadblock.com\/es\/wp-json\/wp\/v2\/pages\/9147"}],"wp:featuredmedia":[{"embeddable":true,"href":"https:\/\/icadblock.com\/es\/wp-json\/wp\/v2\/media\/8063"}],"wp:attachment":[{"href":"https:\/\/icadblock.com\/es\/wp-json\/wp\/v2\/media?parent=9153"}],"curies":[{"name":"wp","href":"https:\/\/api.w.org\/{rel}","templated":true}]}}