{"id":9159,"date":"2022-05-12T10:22:52","date_gmt":"2022-05-12T10:22:52","guid":{"rendered":"https:\/\/icadblock.com\/?page_id=9159"},"modified":"2023-12-18T09:28:35","modified_gmt":"2023-12-18T09:28:35","slug":"modelos-dwg-de-sillon-dental","status":"publish","type":"page","link":"https:\/\/icadblock.com\/es\/coleccion-muebles-dwg-autocad\/mobiliario-hospitalario-en-dwg\/sillon-medico-dwg\/modelos-dwg-de-sillon-dental\/","title":{"rendered":"Modelos DWG de Sill\u00f3n Dental en AutoCAD"},"content":{"rendered":"\t\t<div data-elementor-type=\"wp-page\" data-elementor-id=\"9159\" class=\"elementor elementor-9159 elementor-1867\" data-elementor-post-type=\"page\">\n\t\t\t\t\t\t<section class=\"elementor-section elementor-top-section elementor-element elementor-element-8f4e8eb elementor-section-boxed elementor-section-height-default elementor-section-height-default\" data-id=\"8f4e8eb\" data-element_type=\"section\">\n\t\t\t\t\t\t<div class=\"elementor-container elementor-column-gap-default\">\n\t\t\t\t\t<div class=\"elementor-column elementor-col-50 elementor-top-column elementor-element elementor-element-eef4124\" data-id=\"eef4124\" data-element_type=\"column\">\n\t\t\t<div class=\"elementor-widget-wrap elementor-element-populated\">\n\t\t\t\t\t\t<div class=\"elementor-element elementor-element-c409099 elementor-widget elementor-widget-text-editor\" data-id=\"c409099\" data-element_type=\"widget\" data-widget_type=\"text-editor.default\">\n\t\t\t\t<div class=\"elementor-widget-container\">\n\t\t\t<style>\/*! elementor - v3.21.0 - 30-04-2024 *\/\n.elementor-widget-text-editor.elementor-drop-cap-view-stacked .elementor-drop-cap{background-color:#69727d;color:#fff}.elementor-widget-text-editor.elementor-drop-cap-view-framed .elementor-drop-cap{color:#69727d;border:3px solid;background-color:transparent}.elementor-widget-text-editor:not(.elementor-drop-cap-view-default) .elementor-drop-cap{margin-top:8px}.elementor-widget-text-editor:not(.elementor-drop-cap-view-default) .elementor-drop-cap-letter{width:1em;height:1em}.elementor-widget-text-editor .elementor-drop-cap{float:left;text-align:center;line-height:1;font-size:50px}.elementor-widget-text-editor .elementor-drop-cap-letter{display:inline-block}<\/style>\t\t\t\t<p style=\"font-family: Roboto, sans-serif; font-size: 16px; font-weight: 400; font-style: normal;\">Aqu\u00ed, en esta p\u00e1gina, proporcionamos modelos <strong>DWG de sill\u00f3n dental en AutoCAD<\/strong>.<\/p><p style=\"font-family: Roboto, sans-serif; font-size: 16px; font-weight: 400; font-style: normal;\">Estos modelos DWG 2D se dibujan en vistas en planta y en alzado.<\/p><p style=\"font-family: Roboto, sans-serif; font-size: 16px; font-weight: 400; font-style: normal;\">Significa que puede utilizar las vistas superiores para amueblar su plano de planta.<\/p><p style=\"font-family: Roboto, sans-serif; font-size: 16px; font-weight: 400; font-style: normal;\">Por otro lado se pueden elegir las vistas en alzado (lateral, frontal, trasera) para utilizarlas en el dibujo en alzado como mueble.<\/p><p style=\"font-family: Roboto, sans-serif; font-size: 16px; font-weight: 400; font-style: normal;\">Como sabes, al dibujar una cl\u00ednica, y especialmente una cl\u00ednica dental en este caso, necesitar\u00e1 un bloque CAD de sill\u00f3n dental en su plano de planta y alzado.<\/p><p style=\"font-family: Roboto, sans-serif; font-size: 16px; font-weight: 400; font-style: normal;\">Echa un vistazo a los siguientes bloques CAD y elija los que mejor se adapten a sus necesidades.<\/p>\t\t\t\t\t\t<\/div>\n\t\t\t\t<\/div>\n\t\t\t\t<div class=\"elementor-element elementor-element-9e72367 elementor-widget elementor-widget-text-editor\" data-id=\"9e72367\" data-element_type=\"widget\" data-widget_type=\"text-editor.default\">\n\t\t\t\t<div class=\"elementor-widget-container\">\n\t\t\t\t\t\t\t<h2 style=\"font-family: var( --e-global-typography-primary-font-family ), Sans-serif; font-weight: var( --e-global-typography-primary-font-weight ); font-style: normal; -webkit-text-stroke-color: #000000; color: #e63d4e; stroke: #000000; text-shadow: rgba(0, 0, 0, 0.3) 0px 0px 10px;\" data-elementor-setting-key=\"title\" data-pen-placeholder=\"Type Here...\">Modelos DWG de Sill\u00f3n Dental<\/h2>\t\t\t\t\t\t<\/div>\n\t\t\t\t<\/div>\n\t\t\t\t<div class=\"elementor-element elementor-element-b057688 elementor-widget__width-initial elementor-widget elementor-widget-text-editor\" data-id=\"b057688\" data-element_type=\"widget\" data-widget_type=\"text-editor.default\">\n\t\t\t\t<div class=\"elementor-widget-container\">\n\t\t\t\t\t\t\t<p style=\"font-family: Roboto, sans-serif; font-size: 16px; font-weight: 400; font-style: normal;\">Tambi\u00e9n puede acceder a otros bloques CAD relacionados utilizando el siguiente enlace:<\/p><p style=\"font-family: Roboto, sans-serif; font-size: 16px; font-weight: 400; font-style: normal;\"><a href=\"https:\/\/icadblock.com\/es\/coleccion-muebles-dwg-autocad\/mobiliario-hospitalario-en-dwg\/sillon-medico-dwg\/\"><em><strong>Sill\u00f3n M\u00e9dico DWG en AutoCAD<\/strong><\/em><\/a><\/p><h3 style=\"font-style: normal;\"><span style=\"color: #0000ff;\">Notas adicionales:<\/span><\/h3><p style=\"font-family: Roboto, sans-serif; font-size: 16px; font-weight: 400; font-style: normal;\">El sill\u00f3n dental es un tipo de sill\u00f3n m\u00e9dico que est\u00e1 destinado a sostener el cuerpo de un paciente cuando se le realiza un procedimiento dental.<\/p><p style=\"font-family: Roboto, sans-serif; font-size: 16px; font-weight: 400; font-style: normal;\">Cuando vayas a dibujar una cl\u00ednica dental necesitar\u00e1s algunos muebles m\u00e9dicos para poder completar el plano de mobiliario.<\/p><p style=\"font-family: Roboto, sans-serif; font-size: 16px; font-weight: 400; font-style: normal;\">La mayor\u00eda de las veces no s\u00f3lo usamos estos bloques CAD para dibujar, sino que tambi\u00e9n puedes usarlos y obtener ayuda para crear un modelo 3D de la silla.<\/p>\t\t\t\t\t\t<\/div>\n\t\t\t\t<\/div>\n\t\t\t\t\t<\/div>\n\t\t<\/div>\n\t\t\t\t<div class=\"jet-sticky-column-sticky elementor-column elementor-col-50 elementor-top-column elementor-element elementor-element-a83d216\" data-jet-sticky-column-settings=\"{&quot;id&quot;:&quot;a83d216&quot;,&quot;sticky&quot;:true,&quot;topSpacing&quot;:50,&quot;bottomSpacing&quot;:50,&quot;stickyOn&quot;:[&quot;desktop&quot;,&quot;tablet&quot;]}\" data-id=\"a83d216\" data-element_type=\"column\">\n\t\t\t<div class=\"elementor-widget-wrap elementor-element-populated\">\n\t\t\t\t\t\t\t<\/div>\n\t\t<\/div>\n\t\t\t\t\t<\/div>\n\t\t<\/section>\n\t\t\t\t<\/div>\n\t\t","protected":false},"excerpt":{"rendered":"<p>Aqu\u00ed, en esta p\u00e1gina, proporcionamos modelos DWG de sill\u00f3n dental en AutoCAD. Estos modelos DWG 2D se dibujan en vistas [&hellip;]<\/p>\n","protected":false},"author":2,"featured_media":8064,"parent":9153,"menu_order":0,"comment_status":"closed","ping_status":"closed","template":"","meta":{"site-sidebar-layout":"default","site-content-layout":"","ast-site-content-layout":"","site-content-style":"default","site-sidebar-style":"default","ast-global-header-display":"","ast-banner-title-visibility":"","ast-main-header-display":"","ast-hfb-above-header-display":"","ast-hfb-below-header-display":"","ast-hfb-mobile-header-display":"","site-post-title":"","ast-breadcrumbs-content":"","ast-featured-img":"","footer-sml-layout":"","theme-transparent-header-meta":"","adv-header-id-meta":"","stick-header-meta":"","header-above-stick-meta":"","header-main-stick-meta":"","header-below-stick-meta":"","astra-migrate-meta-layouts":"default","ast-page-background-enabled":"default","ast-page-background-meta":{"desktop":{"background-color":"var(--ast-global-color-4)","background-image":"","background-repeat":"repeat","background-position":"center center","background-size":"auto","background-attachment":"scroll","background-type":"","background-media":"","overlay-type":"","overlay-color":"","overlay-gradient":""},"tablet":{"background-color":"","background-image":"","background-repeat":"repeat","background-position":"center center","background-size":"auto","background-attachment":"scroll","background-type":"","background-media":"","overlay-type":"","overlay-color":"","overlay-gradient":""},"mobile":{"background-color":"","background-image":"","background-repeat":"repeat","background-position":"center center","background-size":"auto","background-attachment":"scroll","background-type":"","background-media":"","overlay-type":"","overlay-color":"","overlay-gradient":""}},"ast-content-background-meta":{"desktop":{"background-color":"var(--ast-global-color-5)","background-image":"","background-repeat":"repeat","background-position":"center center","background-size":"auto","background-attachment":"scroll","background-type":"","background-media":"","overlay-type":"","overlay-color":"","overlay-gradient":""},"tablet":{"background-color":"var(--ast-global-color-5)","background-image":"","background-repeat":"repeat","background-position":"center center","background-size":"auto","background-attachment":"scroll","background-type":"","background-media":"","overlay-type":"","overlay-color":"","overlay-gradient":""},"mobile":{"background-color":"var(--ast-global-color-5)","background-image":"","background-repeat":"repeat","background-position":"center center","background-size":"auto","background-attachment":"scroll","background-type":"","background-media":"","overlay-type":"","overlay-color":"","overlay-gradient":""}},"footnotes":""},"class_list":["post-9159","page","type-page","status-publish","has-post-thumbnail","hentry"],"yoast_head":"<!-- This site is optimized with the Yoast SEO plugin v26.0 - https:\/\/yoast.com\/wordpress\/plugins\/seo\/ -->\n<title>Modelos DWG de Sill\u00f3n Dental en AutoCAD - iCADBLOCK<\/title>\n<meta name=\"description\" content=\"en esta p\u00e1gina, proporcionamos modelos DWG de sill\u00f3n dental en AutoCAD. Estos modelos DWG 2D se dibujan en vistas en planta y en alzado.\" \/>\n<meta name=\"robots\" content=\"index, follow, max-snippet:-1, max-image-preview:large, max-video-preview:-1\" \/>\n<link rel=\"canonical\" href=\"https:\/\/icadblock.com\/es\/coleccion-muebles-dwg-autocad\/mobiliario-hospitalario-en-dwg\/sillon-medico-dwg\/modelos-dwg-de-sillon-dental\/\" \/>\n<meta property=\"og:locale\" content=\"es_ES\" \/>\n<meta property=\"og:type\" content=\"article\" \/>\n<meta property=\"og:title\" content=\"Modelos DWG de Sill\u00f3n Dental en AutoCAD - iCADBLOCK\" \/>\n<meta property=\"og:description\" content=\"en esta p\u00e1gina, proporcionamos modelos DWG de sill\u00f3n dental en AutoCAD. Estos modelos DWG 2D se dibujan en vistas en planta y en alzado.\" \/>\n<meta property=\"og:url\" content=\"https:\/\/icadblock.com\/es\/coleccion-muebles-dwg-autocad\/mobiliario-hospitalario-en-dwg\/sillon-medico-dwg\/modelos-dwg-de-sillon-dental\/\" \/>\n<meta property=\"og:site_name\" content=\"iCADBLOCK\" \/>\n<meta property=\"article:modified_time\" content=\"2023-12-18T09:28:35+00:00\" \/>\n<meta property=\"og:image\" content=\"https:\/\/icadblock.com\/wp-content\/uploads\/2022\/05\/dental-chair.webp\" \/>\n\t<meta property=\"og:image:width\" content=\"740\" \/>\n\t<meta property=\"og:image:height\" content=\"500\" \/>\n\t<meta property=\"og:image:type\" content=\"image\/webp\" \/>\n<meta name=\"twitter:card\" content=\"summary_large_image\" \/>\n<meta name=\"twitter:label1\" content=\"Tiempo de lectura\" \/>\n\t<meta name=\"twitter:data1\" content=\"2 minutos\" \/>\n<script type=\"application\/ld+json\" class=\"yoast-schema-graph\">{\"@context\":\"https:\/\/schema.org\",\"@graph\":[{\"@type\":\"WebPage\",\"@id\":\"https:\/\/icadblock.com\/es\/coleccion-muebles-dwg-autocad\/mobiliario-hospitalario-en-dwg\/sillon-medico-dwg\/modelos-dwg-de-sillon-dental\/\",\"url\":\"https:\/\/icadblock.com\/es\/coleccion-muebles-dwg-autocad\/mobiliario-hospitalario-en-dwg\/sillon-medico-dwg\/modelos-dwg-de-sillon-dental\/\",\"name\":\"Modelos DWG de Sill\u00f3n Dental en AutoCAD - iCADBLOCK\",\"isPartOf\":{\"@id\":\"https:\/\/icadblock.com\/es\/#website\"},\"primaryImageOfPage\":{\"@id\":\"https:\/\/icadblock.com\/es\/coleccion-muebles-dwg-autocad\/mobiliario-hospitalario-en-dwg\/sillon-medico-dwg\/modelos-dwg-de-sillon-dental\/#primaryimage\"},\"image\":{\"@id\":\"https:\/\/icadblock.com\/es\/coleccion-muebles-dwg-autocad\/mobiliario-hospitalario-en-dwg\/sillon-medico-dwg\/modelos-dwg-de-sillon-dental\/#primaryimage\"},\"thumbnailUrl\":\"https:\/\/icadblock.com\/wp-content\/uploads\/2022\/05\/dental-chair.webp\",\"datePublished\":\"2022-05-12T10:22:52+00:00\",\"dateModified\":\"2023-12-18T09:28:35+00:00\",\"description\":\"en esta p\u00e1gina, proporcionamos modelos DWG de sill\u00f3n dental en AutoCAD. Estos modelos DWG 2D se dibujan en vistas en planta y en alzado.\",\"breadcrumb\":{\"@id\":\"https:\/\/icadblock.com\/es\/coleccion-muebles-dwg-autocad\/mobiliario-hospitalario-en-dwg\/sillon-medico-dwg\/modelos-dwg-de-sillon-dental\/#breadcrumb\"},\"inLanguage\":\"es\",\"potentialAction\":[{\"@type\":\"ReadAction\",\"target\":[\"https:\/\/icadblock.com\/es\/coleccion-muebles-dwg-autocad\/mobiliario-hospitalario-en-dwg\/sillon-medico-dwg\/modelos-dwg-de-sillon-dental\/\"]}]},{\"@type\":\"ImageObject\",\"inLanguage\":\"es\",\"@id\":\"https:\/\/icadblock.com\/es\/coleccion-muebles-dwg-autocad\/mobiliario-hospitalario-en-dwg\/sillon-medico-dwg\/modelos-dwg-de-sillon-dental\/#primaryimage\",\"url\":\"https:\/\/icadblock.com\/wp-content\/uploads\/2022\/05\/dental-chair.webp\",\"contentUrl\":\"https:\/\/icadblock.com\/wp-content\/uploads\/2022\/05\/dental-chair.webp\",\"width\":740,\"height\":500,\"caption\":\"Modelos DWG de Sill\u00f3n Dental\"},{\"@type\":\"BreadcrumbList\",\"@id\":\"https:\/\/icadblock.com\/es\/coleccion-muebles-dwg-autocad\/mobiliario-hospitalario-en-dwg\/sillon-medico-dwg\/modelos-dwg-de-sillon-dental\/#breadcrumb\",\"itemListElement\":[{\"@type\":\"ListItem\",\"position\":1,\"name\":\"Home\",\"item\":\"https:\/\/icadblock.com\/es\/\"},{\"@type\":\"ListItem\",\"position\":2,\"name\":\"Colecci\u00f3n de muebles DWG en AutoCAD\",\"item\":\"https:\/\/icadblock.com\/es\/coleccion-muebles-dwg-autocad\/\"},{\"@type\":\"ListItem\",\"position\":3,\"name\":\"Mobiliario Hospitalario en DWG, Colecci\u00f3n completa\",\"item\":\"https:\/\/icadblock.com\/es\/coleccion-muebles-dwg-autocad\/mobiliario-hospitalario-en-dwg\/\"},{\"@type\":\"ListItem\",\"position\":4,\"name\":\"Sill\u00f3n M\u00e9dico DWG en AutoCAD, Colecci\u00f3n\",\"item\":\"https:\/\/icadblock.com\/es\/coleccion-muebles-dwg-autocad\/mobiliario-hospitalario-en-dwg\/sillon-medico-dwg\/\"},{\"@type\":\"ListItem\",\"position\":5,\"name\":\"Modelos DWG de Sill\u00f3n Dental en AutoCAD\"}]},{\"@type\":\"WebSite\",\"@id\":\"https:\/\/icadblock.com\/es\/#website\",\"url\":\"https:\/\/icadblock.com\/es\/\",\"name\":\"iCADBLOCK\",\"description\":\"CAD Block free download, 2d DWG models in plan\",\"publisher\":{\"@id\":\"https:\/\/icadblock.com\/es\/#organization\"},\"potentialAction\":[{\"@type\":\"SearchAction\",\"target\":{\"@type\":\"EntryPoint\",\"urlTemplate\":\"https:\/\/icadblock.com\/es\/?s={search_term_string}\"},\"query-input\":{\"@type\":\"PropertyValueSpecification\",\"valueRequired\":true,\"valueName\":\"search_term_string\"}}],\"inLanguage\":\"es\"},{\"@type\":\"Organization\",\"@id\":\"https:\/\/icadblock.com\/es\/#organization\",\"name\":\"icadblock\",\"url\":\"https:\/\/icadblock.com\/es\/\",\"logo\":{\"@type\":\"ImageObject\",\"inLanguage\":\"es\",\"@id\":\"https:\/\/icadblock.com\/es\/#\/schema\/logo\/image\/\",\"url\":\"https:\/\/icadblock.com\/wp-content\/uploads\/2022\/02\/LOGO.png\",\"contentUrl\":\"https:\/\/icadblock.com\/wp-content\/uploads\/2022\/02\/LOGO.png\",\"width\":546,\"height\":125,\"caption\":\"icadblock\"},\"image\":{\"@id\":\"https:\/\/icadblock.com\/es\/#\/schema\/logo\/image\/\"}}]}<\/script>\n<!-- \/ Yoast SEO plugin. -->","yoast_head_json":{"title":"Modelos DWG de Sill\u00f3n Dental en AutoCAD - iCADBLOCK","description":"en esta p\u00e1gina, proporcionamos modelos DWG de sill\u00f3n dental en AutoCAD. Estos modelos DWG 2D se dibujan en vistas en planta y en alzado.","robots":{"index":"index","follow":"follow","max-snippet":"max-snippet:-1","max-image-preview":"max-image-preview:large","max-video-preview":"max-video-preview:-1"},"canonical":"https:\/\/icadblock.com\/es\/coleccion-muebles-dwg-autocad\/mobiliario-hospitalario-en-dwg\/sillon-medico-dwg\/modelos-dwg-de-sillon-dental\/","og_locale":"es_ES","og_type":"article","og_title":"Modelos DWG de Sill\u00f3n Dental en AutoCAD - iCADBLOCK","og_description":"en esta p\u00e1gina, proporcionamos modelos DWG de sill\u00f3n dental en AutoCAD. Estos modelos DWG 2D se dibujan en vistas en planta y en alzado.","og_url":"https:\/\/icadblock.com\/es\/coleccion-muebles-dwg-autocad\/mobiliario-hospitalario-en-dwg\/sillon-medico-dwg\/modelos-dwg-de-sillon-dental\/","og_site_name":"iCADBLOCK","article_modified_time":"2023-12-18T09:28:35+00:00","og_image":[{"width":740,"height":500,"url":"https:\/\/icadblock.com\/wp-content\/uploads\/2022\/05\/dental-chair.webp","type":"image\/webp"}],"twitter_card":"summary_large_image","twitter_misc":{"Tiempo de lectura":"2 minutos"},"schema":{"@context":"https:\/\/schema.org","@graph":[{"@type":"WebPage","@id":"https:\/\/icadblock.com\/es\/coleccion-muebles-dwg-autocad\/mobiliario-hospitalario-en-dwg\/sillon-medico-dwg\/modelos-dwg-de-sillon-dental\/","url":"https:\/\/icadblock.com\/es\/coleccion-muebles-dwg-autocad\/mobiliario-hospitalario-en-dwg\/sillon-medico-dwg\/modelos-dwg-de-sillon-dental\/","name":"Modelos DWG de Sill\u00f3n Dental en AutoCAD - iCADBLOCK","isPartOf":{"@id":"https:\/\/icadblock.com\/es\/#website"},"primaryImageOfPage":{"@id":"https:\/\/icadblock.com\/es\/coleccion-muebles-dwg-autocad\/mobiliario-hospitalario-en-dwg\/sillon-medico-dwg\/modelos-dwg-de-sillon-dental\/#primaryimage"},"image":{"@id":"https:\/\/icadblock.com\/es\/coleccion-muebles-dwg-autocad\/mobiliario-hospitalario-en-dwg\/sillon-medico-dwg\/modelos-dwg-de-sillon-dental\/#primaryimage"},"thumbnailUrl":"https:\/\/icadblock.com\/wp-content\/uploads\/2022\/05\/dental-chair.webp","datePublished":"2022-05-12T10:22:52+00:00","dateModified":"2023-12-18T09:28:35+00:00","description":"en esta p\u00e1gina, proporcionamos modelos DWG de sill\u00f3n dental en AutoCAD. Estos modelos DWG 2D se dibujan en vistas en planta y en alzado.","breadcrumb":{"@id":"https:\/\/icadblock.com\/es\/coleccion-muebles-dwg-autocad\/mobiliario-hospitalario-en-dwg\/sillon-medico-dwg\/modelos-dwg-de-sillon-dental\/#breadcrumb"},"inLanguage":"es","potentialAction":[{"@type":"ReadAction","target":["https:\/\/icadblock.com\/es\/coleccion-muebles-dwg-autocad\/mobiliario-hospitalario-en-dwg\/sillon-medico-dwg\/modelos-dwg-de-sillon-dental\/"]}]},{"@type":"ImageObject","inLanguage":"es","@id":"https:\/\/icadblock.com\/es\/coleccion-muebles-dwg-autocad\/mobiliario-hospitalario-en-dwg\/sillon-medico-dwg\/modelos-dwg-de-sillon-dental\/#primaryimage","url":"https:\/\/icadblock.com\/wp-content\/uploads\/2022\/05\/dental-chair.webp","contentUrl":"https:\/\/icadblock.com\/wp-content\/uploads\/2022\/05\/dental-chair.webp","width":740,"height":500,"caption":"Modelos DWG de Sill\u00f3n Dental"},{"@type":"BreadcrumbList","@id":"https:\/\/icadblock.com\/es\/coleccion-muebles-dwg-autocad\/mobiliario-hospitalario-en-dwg\/sillon-medico-dwg\/modelos-dwg-de-sillon-dental\/#breadcrumb","itemListElement":[{"@type":"ListItem","position":1,"name":"Home","item":"https:\/\/icadblock.com\/es\/"},{"@type":"ListItem","position":2,"name":"Colecci\u00f3n de muebles DWG en AutoCAD","item":"https:\/\/icadblock.com\/es\/coleccion-muebles-dwg-autocad\/"},{"@type":"ListItem","position":3,"name":"Mobiliario Hospitalario en DWG, Colecci\u00f3n completa","item":"https:\/\/icadblock.com\/es\/coleccion-muebles-dwg-autocad\/mobiliario-hospitalario-en-dwg\/"},{"@type":"ListItem","position":4,"name":"Sill\u00f3n M\u00e9dico DWG en AutoCAD, Colecci\u00f3n","item":"https:\/\/icadblock.com\/es\/coleccion-muebles-dwg-autocad\/mobiliario-hospitalario-en-dwg\/sillon-medico-dwg\/"},{"@type":"ListItem","position":5,"name":"Modelos DWG de Sill\u00f3n Dental en AutoCAD"}]},{"@type":"WebSite","@id":"https:\/\/icadblock.com\/es\/#website","url":"https:\/\/icadblock.com\/es\/","name":"iCADBLOCK","description":"CAD Block free download, 2d DWG models in plan","publisher":{"@id":"https:\/\/icadblock.com\/es\/#organization"},"potentialAction":[{"@type":"SearchAction","target":{"@type":"EntryPoint","urlTemplate":"https:\/\/icadblock.com\/es\/?s={search_term_string}"},"query-input":{"@type":"PropertyValueSpecification","valueRequired":true,"valueName":"search_term_string"}}],"inLanguage":"es"},{"@type":"Organization","@id":"https:\/\/icadblock.com\/es\/#organization","name":"icadblock","url":"https:\/\/icadblock.com\/es\/","logo":{"@type":"ImageObject","inLanguage":"es","@id":"https:\/\/icadblock.com\/es\/#\/schema\/logo\/image\/","url":"https:\/\/icadblock.com\/wp-content\/uploads\/2022\/02\/LOGO.png","contentUrl":"https:\/\/icadblock.com\/wp-content\/uploads\/2022\/02\/LOGO.png","width":546,"height":125,"caption":"icadblock"},"image":{"@id":"https:\/\/icadblock.com\/es\/#\/schema\/logo\/image\/"}}]}},"_links":{"self":[{"href":"https:\/\/icadblock.com\/es\/wp-json\/wp\/v2\/pages\/9159","targetHints":{"allow":["GET"]}}],"collection":[{"href":"https:\/\/icadblock.com\/es\/wp-json\/wp\/v2\/pages"}],"about":[{"href":"https:\/\/icadblock.com\/es\/wp-json\/wp\/v2\/types\/page"}],"author":[{"embeddable":true,"href":"https:\/\/icadblock.com\/es\/wp-json\/wp\/v2\/users\/2"}],"replies":[{"embeddable":true,"href":"https:\/\/icadblock.com\/es\/wp-json\/wp\/v2\/comments?post=9159"}],"version-history":[{"count":5,"href":"https:\/\/icadblock.com\/es\/wp-json\/wp\/v2\/pages\/9159\/revisions"}],"predecessor-version":[{"id":9164,"href":"https:\/\/icadblock.com\/es\/wp-json\/wp\/v2\/pages\/9159\/revisions\/9164"}],"up":[{"embeddable":true,"href":"https:\/\/icadblock.com\/es\/wp-json\/wp\/v2\/pages\/9153"}],"wp:featuredmedia":[{"embeddable":true,"href":"https:\/\/icadblock.com\/es\/wp-json\/wp\/v2\/media\/8064"}],"wp:attachment":[{"href":"https:\/\/icadblock.com\/es\/wp-json\/wp\/v2\/media?parent=9159"}],"curies":[{"name":"wp","href":"https:\/\/api.w.org\/{rel}","templated":true}]}}