{"id":9186,"date":"2022-05-25T08:05:54","date_gmt":"2022-05-25T08:05:54","guid":{"rendered":"https:\/\/icadblock.com\/?page_id=9186"},"modified":"2023-12-18T11:11:57","modified_gmt":"2023-12-18T11:11:57","slug":"plantas-de-interior-en-dwg","status":"publish","type":"page","link":"https:\/\/icadblock.com\/es\/coleccion-de-plantas-en-dwg-autocad\/plantas-de-interior-en-dwg\/","title":{"rendered":"Plantas de interior en DWG, colecci\u00f3n completa."},"content":{"rendered":"\t\t<div data-elementor-type=\"wp-page\" data-elementor-id=\"9186\" class=\"elementor elementor-9186 elementor-2446\" data-elementor-post-type=\"page\">\n\t\t\t\t\t\t<section class=\"elementor-section elementor-top-section elementor-element elementor-element-9a8ae12 elementor-section-boxed elementor-section-height-default elementor-section-height-default\" data-id=\"9a8ae12\" data-element_type=\"section\">\n\t\t\t\t\t\t<div class=\"elementor-container elementor-column-gap-default\">\n\t\t\t\t\t<div class=\"elementor-column elementor-col-50 elementor-top-column elementor-element elementor-element-bbcffcc\" data-id=\"bbcffcc\" data-element_type=\"column\">\n\t\t\t<div class=\"elementor-widget-wrap elementor-element-populated\">\n\t\t\t\t\t\t<div class=\"elementor-element elementor-element-9aded98 elementor-widget elementor-widget-text-editor\" data-id=\"9aded98\" data-element_type=\"widget\" data-widget_type=\"text-editor.default\">\n\t\t\t\t<div class=\"elementor-widget-container\">\n\t\t\t<style>\/*! elementor - v3.21.0 - 30-04-2024 *\/\n.elementor-widget-text-editor.elementor-drop-cap-view-stacked .elementor-drop-cap{background-color:#69727d;color:#fff}.elementor-widget-text-editor.elementor-drop-cap-view-framed .elementor-drop-cap{color:#69727d;border:3px solid;background-color:transparent}.elementor-widget-text-editor:not(.elementor-drop-cap-view-default) .elementor-drop-cap{margin-top:8px}.elementor-widget-text-editor:not(.elementor-drop-cap-view-default) .elementor-drop-cap-letter{width:1em;height:1em}.elementor-widget-text-editor .elementor-drop-cap{float:left;text-align:center;line-height:1;font-size:50px}.elementor-widget-text-editor .elementor-drop-cap-letter{display:inline-block}<\/style>\t\t\t\t<p style=\"font-family: Roboto, sans-serif; font-size: 16px; font-weight: 400; font-style: normal;\">En esta p\u00e1gina hemos decidido proporcionar muchas <strong>plantas de interior en DWG.<\/strong><\/p><p style=\"font-family: Roboto, sans-serif; font-size: 16px; font-weight: 400; font-style: normal;\">Estos bloques CAD se dibujan en vistas en planta y en alzado que le permiten utilizarlos en planos de muebles y tambi\u00e9n en alzado.<\/p><p style=\"font-family: Roboto, sans-serif; font-size: 16px; font-weight: 400; font-style: normal;\">Los bloques CAD de plantas de interior, tambi\u00e9n llamados plantas de interior, son tipos de modelos DWG que utilizamos para hacer nuestros dibujos de AutoCAD m\u00e1s hermosos y naturales.<\/p><p style=\"font-family: Roboto, sans-serif; font-size: 16px; font-weight: 400; font-style: normal;\">Si observa los siguientes bloques CAD, encontrar\u00e1 modelos 2D bien detallados que satisfacen sus necesidades.<\/p><p style=\"font-family: Roboto, sans-serif; font-size: 16px; font-weight: 400; font-style: normal;\">H\u00e1ganos saber si necesita tipos especiales de plantas de interior que no existen en la siguiente lista.<\/p>\t\t\t\t\t\t<\/div>\n\t\t\t\t<\/div>\n\t\t\t\t<div class=\"elementor-element elementor-element-1732ebf elementor-widget elementor-widget-heading\" data-id=\"1732ebf\" data-element_type=\"widget\" data-widget_type=\"heading.default\">\n\t\t\t\t<div class=\"elementor-widget-container\">\n\t\t\t<style>\/*! elementor - v3.21.0 - 30-04-2024 *\/\n.elementor-heading-title{padding:0;margin:0;line-height:1}.elementor-widget-heading .elementor-heading-title[class*=elementor-size-]>a{color:inherit;font-size:inherit;line-height:inherit}.elementor-widget-heading .elementor-heading-title.elementor-size-small{font-size:15px}.elementor-widget-heading .elementor-heading-title.elementor-size-medium{font-size:19px}.elementor-widget-heading .elementor-heading-title.elementor-size-large{font-size:29px}.elementor-widget-heading .elementor-heading-title.elementor-size-xl{font-size:39px}.elementor-widget-heading .elementor-heading-title.elementor-size-xxl{font-size:59px}<\/style><h2 class=\"elementor-heading-title elementor-size-default\">Plantas de interior en DWG<\/h2>\t\t<\/div>\n\t\t\t\t<\/div>\n\t\t\t\t<div class=\"elementor-element elementor-element-bcf27f9 elementor-widget elementor-widget-text-editor\" data-id=\"bcf27f9\" data-element_type=\"widget\" data-widget_type=\"text-editor.default\">\n\t\t\t\t<div class=\"elementor-widget-container\">\n\t\t\t\t\t\t\t<p style=\"font-family: Roboto, sans-serif; font-size: 16px; font-weight: 400; font-style: normal;\">Para encontrar muchos otros bloques CAD relacionados, haga clic en el siguiente enlace:<\/p><p style=\"font-family: Roboto, sans-serif; font-size: 16px; font-weight: 400; font-style: normal;\"><span style=\"font-size: 14pt; color: #ff0000;\"><span style=\"font-size: 18.6667px; font-weight: bold;\">*** <\/span><\/span><a href=\"https:\/\/icadblock.com\/es\/coleccion-de-plantas-en-dwg-autocad\/\"><em><strong>Colecci\u00f3n de plantas en DWG AutoCAD<\/strong><\/em><\/a><\/p><h3 style=\"font-style: normal;\"><span style=\"font-size: 20px; color: #0000ff;\">Notas:<\/span><\/h3><p style=\"font-family: Roboto, sans-serif; font-size: 16px; font-weight: 400; font-style: normal;\">Como se mencion\u00f3 anteriormente, el uso de plantas y especialmente plantas de interior en este caso le ayudar\u00e1 a crear un hermoso dibujo CAD.<\/p><p style=\"font-family: Roboto, sans-serif; font-size: 16px; font-weight: 400; font-style: normal;\">Quiz\u00e1s quieras poner una planta de interior sobre la mesa o en la esquina de una habitaci\u00f3n.<\/p><p style=\"font-family: Roboto, sans-serif; font-size: 16px; font-weight: 400; font-style: normal;\">Tenemos muchas plantas de interior como el \u00e1rbol del dinero (Pachira Aquatica), el higo de hoja de viol\u00edn (Ficus lyrata), la planta del caucho (Ficus elastica), el ave del para\u00edso gigante (Strelitzia nicolai), el drago de Madagascar (Dracaena marginata), la planta de ma\u00edz Dracaena. (Dracaena massangeana), palma de bamb\u00fa (chamaedorea seifrizii), filodendro de hoja de coraz\u00f3n (Philodendron hederaceum), Monstera (Monstera deliciosa) y etc&#8230; .<\/p>\t\t\t\t\t\t<\/div>\n\t\t\t\t<\/div>\n\t\t\t\t\t<\/div>\n\t\t<\/div>\n\t\t\t\t<div class=\"jet-sticky-column-sticky elementor-column elementor-col-50 elementor-top-column elementor-element elementor-element-9e39913\" data-jet-sticky-column-settings=\"{&quot;id&quot;:&quot;9e39913&quot;,&quot;sticky&quot;:true,&quot;topSpacing&quot;:50,&quot;bottomSpacing&quot;:50,&quot;stickyOn&quot;:[&quot;desktop&quot;,&quot;tablet&quot;]}\" data-id=\"9e39913\" data-element_type=\"column\">\n\t\t\t<div class=\"elementor-widget-wrap elementor-element-populated\">\n\t\t\t\t\t\t\t<\/div>\n\t\t<\/div>\n\t\t\t\t\t<\/div>\n\t\t<\/section>\n\t\t\t\t<\/div>\n\t\t","protected":false},"excerpt":{"rendered":"<p>En esta p\u00e1gina hemos decidido proporcionar muchas plantas de interior en DWG. Estos bloques CAD se dibujan en vistas en [&hellip;]<\/p>\n","protected":false},"author":2,"featured_media":8096,"parent":9007,"menu_order":0,"comment_status":"closed","ping_status":"closed","template":"","meta":{"site-sidebar-layout":"default","site-content-layout":"","ast-site-content-layout":"","site-content-style":"default","site-sidebar-style":"default","ast-global-header-display":"","ast-banner-title-visibility":"","ast-main-header-display":"","ast-hfb-above-header-display":"","ast-hfb-below-header-display":"","ast-hfb-mobile-header-display":"","site-post-title":"","ast-breadcrumbs-content":"","ast-featured-img":"","footer-sml-layout":"","theme-transparent-header-meta":"","adv-header-id-meta":"","stick-header-meta":"","header-above-stick-meta":"","header-main-stick-meta":"","header-below-stick-meta":"","astra-migrate-meta-layouts":"default","ast-page-background-enabled":"default","ast-page-background-meta":{"desktop":{"background-color":"var(--ast-global-color-4)","background-image":"","background-repeat":"repeat","background-position":"center center","background-size":"auto","background-attachment":"scroll","background-type":"","background-media":"","overlay-type":"","overlay-color":"","overlay-gradient":""},"tablet":{"background-color":"","background-image":"","background-repeat":"repeat","background-position":"center center","background-size":"auto","background-attachment":"scroll","background-type":"","background-media":"","overlay-type":"","overlay-color":"","overlay-gradient":""},"mobile":{"background-color":"","background-image":"","background-repeat":"repeat","background-position":"center center","background-size":"auto","background-attachment":"scroll","background-type":"","background-media":"","overlay-type":"","overlay-color":"","overlay-gradient":""}},"ast-content-background-meta":{"desktop":{"background-color":"var(--ast-global-color-5)","background-image":"","background-repeat":"repeat","background-position":"center center","background-size":"auto","background-attachment":"scroll","background-type":"","background-media":"","overlay-type":"","overlay-color":"","overlay-gradient":""},"tablet":{"background-color":"var(--ast-global-color-5)","background-image":"","background-repeat":"repeat","background-position":"center center","background-size":"auto","background-attachment":"scroll","background-type":"","background-media":"","overlay-type":"","overlay-color":"","overlay-gradient":""},"mobile":{"background-color":"var(--ast-global-color-5)","background-image":"","background-repeat":"repeat","background-position":"center center","background-size":"auto","background-attachment":"scroll","background-type":"","background-media":"","overlay-type":"","overlay-color":"","overlay-gradient":""}},"footnotes":""},"class_list":["post-9186","page","type-page","status-publish","has-post-thumbnail","hentry"],"yoast_head":"<!-- This site is optimized with the Yoast SEO plugin v26.0 - https:\/\/yoast.com\/wordpress\/plugins\/seo\/ -->\n<title>Plantas de interior en DWG, colecci\u00f3n completa. - iCADBLOCK<\/title>\n<meta name=\"description\" content=\"En esta p\u00e1gina hemos decidido proporcionar muchas plantas de interior en DWG. Estos bloques CAD se dibujan en vistas en planta y en alzado\" \/>\n<meta name=\"robots\" content=\"index, follow, max-snippet:-1, max-image-preview:large, max-video-preview:-1\" \/>\n<link rel=\"canonical\" href=\"https:\/\/icadblock.com\/es\/coleccion-de-plantas-en-dwg-autocad\/plantas-de-interior-en-dwg\/\" \/>\n<meta property=\"og:locale\" content=\"es_ES\" \/>\n<meta property=\"og:type\" content=\"article\" \/>\n<meta property=\"og:title\" content=\"Plantas de interior en DWG, colecci\u00f3n completa. - iCADBLOCK\" \/>\n<meta property=\"og:description\" content=\"En esta p\u00e1gina hemos decidido proporcionar muchas plantas de interior en DWG. Estos bloques CAD se dibujan en vistas en planta y en alzado\" \/>\n<meta property=\"og:url\" content=\"https:\/\/icadblock.com\/es\/coleccion-de-plantas-en-dwg-autocad\/plantas-de-interior-en-dwg\/\" \/>\n<meta property=\"og:site_name\" content=\"iCADBLOCK\" \/>\n<meta property=\"article:modified_time\" content=\"2023-12-18T11:11:57+00:00\" \/>\n<meta property=\"og:image\" content=\"https:\/\/icadblock.com\/wp-content\/uploads\/2022\/05\/indoor-plants.webp\" \/>\n\t<meta property=\"og:image:width\" content=\"740\" \/>\n\t<meta property=\"og:image:height\" content=\"500\" \/>\n\t<meta property=\"og:image:type\" content=\"image\/webp\" \/>\n<meta name=\"twitter:card\" content=\"summary_large_image\" \/>\n<meta name=\"twitter:label1\" content=\"Tiempo de lectura\" \/>\n\t<meta name=\"twitter:data1\" content=\"2 minutos\" \/>\n<script type=\"application\/ld+json\" class=\"yoast-schema-graph\">{\"@context\":\"https:\/\/schema.org\",\"@graph\":[{\"@type\":\"WebPage\",\"@id\":\"https:\/\/icadblock.com\/es\/coleccion-de-plantas-en-dwg-autocad\/plantas-de-interior-en-dwg\/\",\"url\":\"https:\/\/icadblock.com\/es\/coleccion-de-plantas-en-dwg-autocad\/plantas-de-interior-en-dwg\/\",\"name\":\"Plantas de interior en DWG, colecci\u00f3n completa. - iCADBLOCK\",\"isPartOf\":{\"@id\":\"https:\/\/icadblock.com\/es\/#website\"},\"primaryImageOfPage\":{\"@id\":\"https:\/\/icadblock.com\/es\/coleccion-de-plantas-en-dwg-autocad\/plantas-de-interior-en-dwg\/#primaryimage\"},\"image\":{\"@id\":\"https:\/\/icadblock.com\/es\/coleccion-de-plantas-en-dwg-autocad\/plantas-de-interior-en-dwg\/#primaryimage\"},\"thumbnailUrl\":\"https:\/\/icadblock.com\/wp-content\/uploads\/2022\/05\/indoor-plants.webp\",\"datePublished\":\"2022-05-25T08:05:54+00:00\",\"dateModified\":\"2023-12-18T11:11:57+00:00\",\"description\":\"En esta p\u00e1gina hemos decidido proporcionar muchas plantas de interior en DWG. Estos bloques CAD se dibujan en vistas en planta y en alzado\",\"breadcrumb\":{\"@id\":\"https:\/\/icadblock.com\/es\/coleccion-de-plantas-en-dwg-autocad\/plantas-de-interior-en-dwg\/#breadcrumb\"},\"inLanguage\":\"es\",\"potentialAction\":[{\"@type\":\"ReadAction\",\"target\":[\"https:\/\/icadblock.com\/es\/coleccion-de-plantas-en-dwg-autocad\/plantas-de-interior-en-dwg\/\"]}]},{\"@type\":\"ImageObject\",\"inLanguage\":\"es\",\"@id\":\"https:\/\/icadblock.com\/es\/coleccion-de-plantas-en-dwg-autocad\/plantas-de-interior-en-dwg\/#primaryimage\",\"url\":\"https:\/\/icadblock.com\/wp-content\/uploads\/2022\/05\/indoor-plants.webp\",\"contentUrl\":\"https:\/\/icadblock.com\/wp-content\/uploads\/2022\/05\/indoor-plants.webp\",\"width\":740,\"height\":500,\"caption\":\"Plantas de interior en DWG\"},{\"@type\":\"BreadcrumbList\",\"@id\":\"https:\/\/icadblock.com\/es\/coleccion-de-plantas-en-dwg-autocad\/plantas-de-interior-en-dwg\/#breadcrumb\",\"itemListElement\":[{\"@type\":\"ListItem\",\"position\":1,\"name\":\"Home\",\"item\":\"https:\/\/icadblock.com\/es\/\"},{\"@type\":\"ListItem\",\"position\":2,\"name\":\"Colecci\u00f3n de plantas en DWG AutoCAD\",\"item\":\"https:\/\/icadblock.com\/es\/coleccion-de-plantas-en-dwg-autocad\/\"},{\"@type\":\"ListItem\",\"position\":3,\"name\":\"Plantas de interior en DWG, colecci\u00f3n completa.\"}]},{\"@type\":\"WebSite\",\"@id\":\"https:\/\/icadblock.com\/es\/#website\",\"url\":\"https:\/\/icadblock.com\/es\/\",\"name\":\"iCADBLOCK\",\"description\":\"CAD Block free download, 2d DWG models in plan\",\"publisher\":{\"@id\":\"https:\/\/icadblock.com\/es\/#organization\"},\"potentialAction\":[{\"@type\":\"SearchAction\",\"target\":{\"@type\":\"EntryPoint\",\"urlTemplate\":\"https:\/\/icadblock.com\/es\/?s={search_term_string}\"},\"query-input\":{\"@type\":\"PropertyValueSpecification\",\"valueRequired\":true,\"valueName\":\"search_term_string\"}}],\"inLanguage\":\"es\"},{\"@type\":\"Organization\",\"@id\":\"https:\/\/icadblock.com\/es\/#organization\",\"name\":\"icadblock\",\"url\":\"https:\/\/icadblock.com\/es\/\",\"logo\":{\"@type\":\"ImageObject\",\"inLanguage\":\"es\",\"@id\":\"https:\/\/icadblock.com\/es\/#\/schema\/logo\/image\/\",\"url\":\"https:\/\/icadblock.com\/wp-content\/uploads\/2022\/02\/LOGO.png\",\"contentUrl\":\"https:\/\/icadblock.com\/wp-content\/uploads\/2022\/02\/LOGO.png\",\"width\":546,\"height\":125,\"caption\":\"icadblock\"},\"image\":{\"@id\":\"https:\/\/icadblock.com\/es\/#\/schema\/logo\/image\/\"}}]}<\/script>\n<!-- \/ Yoast SEO plugin. -->","yoast_head_json":{"title":"Plantas de interior en DWG, colecci\u00f3n completa. - iCADBLOCK","description":"En esta p\u00e1gina hemos decidido proporcionar muchas plantas de interior en DWG. Estos bloques CAD se dibujan en vistas en planta y en alzado","robots":{"index":"index","follow":"follow","max-snippet":"max-snippet:-1","max-image-preview":"max-image-preview:large","max-video-preview":"max-video-preview:-1"},"canonical":"https:\/\/icadblock.com\/es\/coleccion-de-plantas-en-dwg-autocad\/plantas-de-interior-en-dwg\/","og_locale":"es_ES","og_type":"article","og_title":"Plantas de interior en DWG, colecci\u00f3n completa. - iCADBLOCK","og_description":"En esta p\u00e1gina hemos decidido proporcionar muchas plantas de interior en DWG. Estos bloques CAD se dibujan en vistas en planta y en alzado","og_url":"https:\/\/icadblock.com\/es\/coleccion-de-plantas-en-dwg-autocad\/plantas-de-interior-en-dwg\/","og_site_name":"iCADBLOCK","article_modified_time":"2023-12-18T11:11:57+00:00","og_image":[{"width":740,"height":500,"url":"https:\/\/icadblock.com\/wp-content\/uploads\/2022\/05\/indoor-plants.webp","type":"image\/webp"}],"twitter_card":"summary_large_image","twitter_misc":{"Tiempo de lectura":"2 minutos"},"schema":{"@context":"https:\/\/schema.org","@graph":[{"@type":"WebPage","@id":"https:\/\/icadblock.com\/es\/coleccion-de-plantas-en-dwg-autocad\/plantas-de-interior-en-dwg\/","url":"https:\/\/icadblock.com\/es\/coleccion-de-plantas-en-dwg-autocad\/plantas-de-interior-en-dwg\/","name":"Plantas de interior en DWG, colecci\u00f3n completa. - iCADBLOCK","isPartOf":{"@id":"https:\/\/icadblock.com\/es\/#website"},"primaryImageOfPage":{"@id":"https:\/\/icadblock.com\/es\/coleccion-de-plantas-en-dwg-autocad\/plantas-de-interior-en-dwg\/#primaryimage"},"image":{"@id":"https:\/\/icadblock.com\/es\/coleccion-de-plantas-en-dwg-autocad\/plantas-de-interior-en-dwg\/#primaryimage"},"thumbnailUrl":"https:\/\/icadblock.com\/wp-content\/uploads\/2022\/05\/indoor-plants.webp","datePublished":"2022-05-25T08:05:54+00:00","dateModified":"2023-12-18T11:11:57+00:00","description":"En esta p\u00e1gina hemos decidido proporcionar muchas plantas de interior en DWG. Estos bloques CAD se dibujan en vistas en planta y en alzado","breadcrumb":{"@id":"https:\/\/icadblock.com\/es\/coleccion-de-plantas-en-dwg-autocad\/plantas-de-interior-en-dwg\/#breadcrumb"},"inLanguage":"es","potentialAction":[{"@type":"ReadAction","target":["https:\/\/icadblock.com\/es\/coleccion-de-plantas-en-dwg-autocad\/plantas-de-interior-en-dwg\/"]}]},{"@type":"ImageObject","inLanguage":"es","@id":"https:\/\/icadblock.com\/es\/coleccion-de-plantas-en-dwg-autocad\/plantas-de-interior-en-dwg\/#primaryimage","url":"https:\/\/icadblock.com\/wp-content\/uploads\/2022\/05\/indoor-plants.webp","contentUrl":"https:\/\/icadblock.com\/wp-content\/uploads\/2022\/05\/indoor-plants.webp","width":740,"height":500,"caption":"Plantas de interior en DWG"},{"@type":"BreadcrumbList","@id":"https:\/\/icadblock.com\/es\/coleccion-de-plantas-en-dwg-autocad\/plantas-de-interior-en-dwg\/#breadcrumb","itemListElement":[{"@type":"ListItem","position":1,"name":"Home","item":"https:\/\/icadblock.com\/es\/"},{"@type":"ListItem","position":2,"name":"Colecci\u00f3n de plantas en DWG AutoCAD","item":"https:\/\/icadblock.com\/es\/coleccion-de-plantas-en-dwg-autocad\/"},{"@type":"ListItem","position":3,"name":"Plantas de interior en DWG, colecci\u00f3n completa."}]},{"@type":"WebSite","@id":"https:\/\/icadblock.com\/es\/#website","url":"https:\/\/icadblock.com\/es\/","name":"iCADBLOCK","description":"CAD Block free download, 2d DWG models in plan","publisher":{"@id":"https:\/\/icadblock.com\/es\/#organization"},"potentialAction":[{"@type":"SearchAction","target":{"@type":"EntryPoint","urlTemplate":"https:\/\/icadblock.com\/es\/?s={search_term_string}"},"query-input":{"@type":"PropertyValueSpecification","valueRequired":true,"valueName":"search_term_string"}}],"inLanguage":"es"},{"@type":"Organization","@id":"https:\/\/icadblock.com\/es\/#organization","name":"icadblock","url":"https:\/\/icadblock.com\/es\/","logo":{"@type":"ImageObject","inLanguage":"es","@id":"https:\/\/icadblock.com\/es\/#\/schema\/logo\/image\/","url":"https:\/\/icadblock.com\/wp-content\/uploads\/2022\/02\/LOGO.png","contentUrl":"https:\/\/icadblock.com\/wp-content\/uploads\/2022\/02\/LOGO.png","width":546,"height":125,"caption":"icadblock"},"image":{"@id":"https:\/\/icadblock.com\/es\/#\/schema\/logo\/image\/"}}]}},"_links":{"self":[{"href":"https:\/\/icadblock.com\/es\/wp-json\/wp\/v2\/pages\/9186","targetHints":{"allow":["GET"]}}],"collection":[{"href":"https:\/\/icadblock.com\/es\/wp-json\/wp\/v2\/pages"}],"about":[{"href":"https:\/\/icadblock.com\/es\/wp-json\/wp\/v2\/types\/page"}],"author":[{"embeddable":true,"href":"https:\/\/icadblock.com\/es\/wp-json\/wp\/v2\/users\/2"}],"replies":[{"embeddable":true,"href":"https:\/\/icadblock.com\/es\/wp-json\/wp\/v2\/comments?post=9186"}],"version-history":[{"count":5,"href":"https:\/\/icadblock.com\/es\/wp-json\/wp\/v2\/pages\/9186\/revisions"}],"predecessor-version":[{"id":9191,"href":"https:\/\/icadblock.com\/es\/wp-json\/wp\/v2\/pages\/9186\/revisions\/9191"}],"up":[{"embeddable":true,"href":"https:\/\/icadblock.com\/es\/wp-json\/wp\/v2\/pages\/9007"}],"wp:featuredmedia":[{"embeddable":true,"href":"https:\/\/icadblock.com\/es\/wp-json\/wp\/v2\/media\/8096"}],"wp:attachment":[{"href":"https:\/\/icadblock.com\/es\/wp-json\/wp\/v2\/media?parent=9186"}],"curies":[{"name":"wp","href":"https:\/\/api.w.org\/{rel}","templated":true}]}}