{"id":9203,"date":"2022-05-30T11:29:53","date_gmt":"2022-05-30T11:29:53","guid":{"rendered":"https:\/\/icadblock.com\/?page_id=9203"},"modified":"2023-12-18T11:30:41","modified_gmt":"2023-12-18T11:30:41","slug":"cama-individual-en-dwg","status":"publish","type":"page","link":"https:\/\/icadblock.com\/es\/cama-individual-en-dwg\/","title":{"rendered":"Cama individual en DWG, colecci\u00f3n completa."},"content":{"rendered":"\t\t<div data-elementor-type=\"wp-page\" data-elementor-id=\"9203\" class=\"elementor elementor-9203 elementor-2561\" data-elementor-post-type=\"page\">\n\t\t\t\t\t\t<section class=\"elementor-section elementor-top-section elementor-element elementor-element-9954351 elementor-section-boxed elementor-section-height-default elementor-section-height-default\" data-id=\"9954351\" data-element_type=\"section\">\n\t\t\t\t\t\t<div class=\"elementor-container elementor-column-gap-default\">\n\t\t\t\t\t<div class=\"elementor-column elementor-col-50 elementor-top-column elementor-element elementor-element-a02c254\" data-id=\"a02c254\" data-element_type=\"column\">\n\t\t\t<div class=\"elementor-widget-wrap elementor-element-populated\">\n\t\t\t\t\t\t<div class=\"elementor-element elementor-element-3b051ae elementor-widget elementor-widget-text-editor\" data-id=\"3b051ae\" data-element_type=\"widget\" data-widget_type=\"text-editor.default\">\n\t\t\t\t<div class=\"elementor-widget-container\">\n\t\t\t<style>\/*! elementor - v3.21.0 - 30-04-2024 *\/\n.elementor-widget-text-editor.elementor-drop-cap-view-stacked .elementor-drop-cap{background-color:#69727d;color:#fff}.elementor-widget-text-editor.elementor-drop-cap-view-framed .elementor-drop-cap{color:#69727d;border:3px solid;background-color:transparent}.elementor-widget-text-editor:not(.elementor-drop-cap-view-default) .elementor-drop-cap{margin-top:8px}.elementor-widget-text-editor:not(.elementor-drop-cap-view-default) .elementor-drop-cap-letter{width:1em;height:1em}.elementor-widget-text-editor .elementor-drop-cap{float:left;text-align:center;line-height:1;font-size:50px}.elementor-widget-text-editor .elementor-drop-cap-letter{display:inline-block}<\/style>\t\t\t\t<p style=\"font-family: Roboto, sans-serif; font-size: 16px; font-weight: 400; font-style: normal;\">Aqu\u00ed, en esta p\u00e1gina, acceder\u00e1 a muchas <strong>camas individuales en DWG<\/strong>.<\/p><p style=\"font-family: Roboto, sans-serif; font-size: 16px; font-weight: 400; font-style: normal;\">Estos bloques CAD se dibujan en vistas en planta y en alzado.<\/p><p style=\"font-family: Roboto, sans-serif; font-size: 16px; font-weight: 400; font-style: normal;\">Puede encontrar bloques CAD 2D de forma gratuita, aunque algunos est\u00e1n disponibles para miembros premium.<\/p><p style=\"font-family: Roboto, sans-serif; font-size: 16px; font-weight: 400; font-style: normal;\">Si echa un vistazo a los siguientes modelos DWG, ver\u00e1 que la mayor\u00eda de estos bloques CAD 2D incluyen 4 vistas (superior, frontal, posterior y lateral).<\/p>\t\t\t\t\t\t<\/div>\n\t\t\t\t<\/div>\n\t\t\t\t<div class=\"elementor-element elementor-element-fb68b92 elementor-widget elementor-widget-heading\" data-id=\"fb68b92\" data-element_type=\"widget\" data-widget_type=\"heading.default\">\n\t\t\t\t<div class=\"elementor-widget-container\">\n\t\t\t<style>\/*! elementor - v3.21.0 - 30-04-2024 *\/\n.elementor-heading-title{padding:0;margin:0;line-height:1}.elementor-widget-heading .elementor-heading-title[class*=elementor-size-]>a{color:inherit;font-size:inherit;line-height:inherit}.elementor-widget-heading .elementor-heading-title.elementor-size-small{font-size:15px}.elementor-widget-heading .elementor-heading-title.elementor-size-medium{font-size:19px}.elementor-widget-heading .elementor-heading-title.elementor-size-large{font-size:29px}.elementor-widget-heading .elementor-heading-title.elementor-size-xl{font-size:39px}.elementor-widget-heading .elementor-heading-title.elementor-size-xxl{font-size:59px}<\/style><h2 class=\"elementor-heading-title elementor-size-default\">Cama individual en DWG<\/h2>\t\t<\/div>\n\t\t\t\t<\/div>\n\t\t\t\t<div class=\"elementor-element elementor-element-4e35750 elementor-widget elementor-widget-text-editor\" data-id=\"4e35750\" data-element_type=\"widget\" data-widget_type=\"text-editor.default\">\n\t\t\t\t<div class=\"elementor-widget-container\">\n\t\t\t\t\t\t\t<p style=\"font-family: Roboto, sans-serif; font-size: 16px; font-weight: 400; font-style: normal;\">Tambi\u00e9n puede buscar y descargar otros bloques CAD relacionados utilizando el siguiente enlace:<\/p><p style=\"font-family: Roboto, sans-serif; font-size: 16px; font-weight: 400; font-style: normal;\"><span style=\"font-size: 16px; color: #ff0000;\"><span style=\"font-size: 16px; font-weight: bold;\">*** Other <\/span><\/span><a href=\"https:\/\/icadblock.com\/es\/coleccion-muebles-dwg-autocad\/cama-en-dwg-autocad\/\"><em><strong>Camas en DWG AutoCAD<\/strong><\/em><\/a><\/p><p style=\"font-family: Roboto, sans-serif; font-size: 16px; font-weight: 400; font-style: normal;\"><span style=\"font-size: 16px; font-weight: bold;\"><em style=\"font-size: 16px;\">Also visit <\/em><\/span><a href=\"https:\/\/icadblock.com\/es\/coleccion-muebles-dwg-autocad\/cama-en-dwg-autocad\/cama-matrimonial-en-dwg\/\"><em><strong>Cama Matrimonial\u00a0en DWG<\/strong><\/em><\/a><\/p><h3 style=\"font-style: normal;\"><span style=\"font-size: 20px; color: #0000ff;\">Notas:<\/span><\/h3><p style=\"font-family: Roboto, sans-serif; font-size: 16px; font-weight: 400; font-style: normal;\">C\u00f3mo sabe, cu\u00e1ndo desea dibujar un plano de planta, necesitamos algunos bloques CAD para poder proporcionar sus dibujos CAD y, en realidad, le brinda una buena comprensi\u00f3n de los espacios.<\/p><p style=\"font-family: Roboto, sans-serif; font-size: 16px; font-weight: 400; font-style: normal;\">Al dise\u00f1ar un dormitorio no podemos ignorar la importancia de un bloque CAD para cama individual.<\/p><p style=\"font-family: Roboto, sans-serif; font-size: 16px; font-weight: 400; font-style: normal;\">Si observa los modelos DWG anteriores, descubrir\u00e1 que puede utilizar una cama en alzado en 3 vistas diferentes y facilita su trabajo.<\/p><p style=\"font-family: Roboto, sans-serif; font-size: 16px; font-weight: 400; font-style: normal;\">Tambi\u00e9n hemos intentado proporcionar bloques CAD con gran detalle para satisfacer sus necesidades.<\/p><p style=\"font-family: Roboto, sans-serif; font-size: 16px; font-weight: 400; font-style: normal;\">No olvide marcar y compartir esta p\u00e1gina, ya que proporcionaremos nuevos modelos DWG de camas individuales y eso significa que esta p\u00e1gina se actualizar\u00e1 constantemente.<\/p>\t\t\t\t\t\t<\/div>\n\t\t\t\t<\/div>\n\t\t\t\t\t<\/div>\n\t\t<\/div>\n\t\t\t\t<div class=\"jet-sticky-column-sticky elementor-column elementor-col-50 elementor-top-column elementor-element elementor-element-bab027d\" data-jet-sticky-column-settings=\"{&quot;id&quot;:&quot;bab027d&quot;,&quot;sticky&quot;:true,&quot;topSpacing&quot;:50,&quot;bottomSpacing&quot;:50,&quot;stickyOn&quot;:[&quot;desktop&quot;,&quot;tablet&quot;]}\" data-id=\"bab027d\" data-element_type=\"column\">\n\t\t\t<div class=\"elementor-widget-wrap elementor-element-populated\">\n\t\t\t\t\t\t\t<\/div>\n\t\t<\/div>\n\t\t\t\t\t<\/div>\n\t\t<\/section>\n\t\t\t\t<section class=\"elementor-section elementor-top-section elementor-element elementor-element-46b8ed3 elementor-section-boxed elementor-section-height-default elementor-section-height-default\" data-id=\"46b8ed3\" data-element_type=\"section\">\n\t\t\t\t\t\t<div class=\"elementor-container elementor-column-gap-default\">\n\t\t\t\t\t<div class=\"elementor-column elementor-col-100 elementor-top-column elementor-element elementor-element-a16a97a\" data-id=\"a16a97a\" data-element_type=\"column\">\n\t\t\t<div class=\"elementor-widget-wrap\">\n\t\t\t\t\t\t\t<\/div>\n\t\t<\/div>\n\t\t\t\t\t<\/div>\n\t\t<\/section>\n\t\t\t\t<\/div>\n\t\t","protected":false},"excerpt":{"rendered":"<p>Aqu\u00ed, en esta p\u00e1gina, acceder\u00e1 a muchas camas individuales en DWG. Estos bloques CAD se dibujan en vistas en planta [&hellip;]<\/p>\n","protected":false},"author":2,"featured_media":8113,"parent":0,"menu_order":0,"comment_status":"closed","ping_status":"closed","template":"","meta":{"site-sidebar-layout":"default","site-content-layout":"","ast-site-content-layout":"","site-content-style":"default","site-sidebar-style":"default","ast-global-header-display":"","ast-banner-title-visibility":"","ast-main-header-display":"","ast-hfb-above-header-display":"","ast-hfb-below-header-display":"","ast-hfb-mobile-header-display":"","site-post-title":"","ast-breadcrumbs-content":"","ast-featured-img":"","footer-sml-layout":"","theme-transparent-header-meta":"","adv-header-id-meta":"","stick-header-meta":"","header-above-stick-meta":"","header-main-stick-meta":"","header-below-stick-meta":"","astra-migrate-meta-layouts":"default","ast-page-background-enabled":"default","ast-page-background-meta":{"desktop":{"background-color":"var(--ast-global-color-4)","background-image":"","background-repeat":"repeat","background-position":"center center","background-size":"auto","background-attachment":"scroll","background-type":"","background-media":"","overlay-type":"","overlay-color":"","overlay-gradient":""},"tablet":{"background-color":"","background-image":"","background-repeat":"repeat","background-position":"center center","background-size":"auto","background-attachment":"scroll","background-type":"","background-media":"","overlay-type":"","overlay-color":"","overlay-gradient":""},"mobile":{"background-color":"","background-image":"","background-repeat":"repeat","background-position":"center center","background-size":"auto","background-attachment":"scroll","background-type":"","background-media":"","overlay-type":"","overlay-color":"","overlay-gradient":""}},"ast-content-background-meta":{"desktop":{"background-color":"var(--ast-global-color-5)","background-image":"","background-repeat":"repeat","background-position":"center center","background-size":"auto","background-attachment":"scroll","background-type":"","background-media":"","overlay-type":"","overlay-color":"","overlay-gradient":""},"tablet":{"background-color":"var(--ast-global-color-5)","background-image":"","background-repeat":"repeat","background-position":"center center","background-size":"auto","background-attachment":"scroll","background-type":"","background-media":"","overlay-type":"","overlay-color":"","overlay-gradient":""},"mobile":{"background-color":"var(--ast-global-color-5)","background-image":"","background-repeat":"repeat","background-position":"center center","background-size":"auto","background-attachment":"scroll","background-type":"","background-media":"","overlay-type":"","overlay-color":"","overlay-gradient":""}},"footnotes":""},"class_list":["post-9203","page","type-page","status-publish","has-post-thumbnail","hentry"],"yoast_head":"<!-- This site is optimized with the Yoast SEO plugin v26.0 - https:\/\/yoast.com\/wordpress\/plugins\/seo\/ -->\n<title>Cama individual en DWG, colecci\u00f3n completa. - iCADBLOCK<\/title>\n<meta name=\"description\" content=\"Aqu\u00ed, en esta p\u00e1gina, acceder\u00e1 a muchas camas individuales en DWG. Estos bloques CAD se dibujan en vistas en planta y en alzado.\" \/>\n<meta name=\"robots\" content=\"index, follow, max-snippet:-1, max-image-preview:large, max-video-preview:-1\" \/>\n<link rel=\"canonical\" href=\"https:\/\/icadblock.com\/es\/cama-individual-en-dwg\/\" \/>\n<meta property=\"og:locale\" content=\"es_ES\" \/>\n<meta property=\"og:type\" content=\"article\" \/>\n<meta property=\"og:title\" content=\"Cama individual en DWG, colecci\u00f3n completa. - iCADBLOCK\" \/>\n<meta property=\"og:description\" content=\"Aqu\u00ed, en esta p\u00e1gina, acceder\u00e1 a muchas camas individuales en DWG. Estos bloques CAD se dibujan en vistas en planta y en alzado.\" \/>\n<meta property=\"og:url\" content=\"https:\/\/icadblock.com\/es\/cama-individual-en-dwg\/\" \/>\n<meta property=\"og:site_name\" content=\"iCADBLOCK\" \/>\n<meta property=\"article:modified_time\" content=\"2023-12-18T11:30:41+00:00\" \/>\n<meta property=\"og:image\" content=\"https:\/\/icadblock.com\/wp-content\/uploads\/2022\/05\/single-bed.webp\" \/>\n\t<meta property=\"og:image:width\" content=\"740\" \/>\n\t<meta property=\"og:image:height\" content=\"500\" \/>\n\t<meta property=\"og:image:type\" content=\"image\/webp\" \/>\n<meta name=\"twitter:card\" content=\"summary_large_image\" \/>\n<meta name=\"twitter:label1\" content=\"Tiempo de lectura\" \/>\n\t<meta name=\"twitter:data1\" content=\"2 minutos\" \/>\n<script type=\"application\/ld+json\" class=\"yoast-schema-graph\">{\"@context\":\"https:\/\/schema.org\",\"@graph\":[{\"@type\":\"WebPage\",\"@id\":\"https:\/\/icadblock.com\/es\/cama-individual-en-dwg\/\",\"url\":\"https:\/\/icadblock.com\/es\/cama-individual-en-dwg\/\",\"name\":\"Cama individual en DWG, colecci\u00f3n completa. - iCADBLOCK\",\"isPartOf\":{\"@id\":\"https:\/\/icadblock.com\/es\/#website\"},\"primaryImageOfPage\":{\"@id\":\"https:\/\/icadblock.com\/es\/cama-individual-en-dwg\/#primaryimage\"},\"image\":{\"@id\":\"https:\/\/icadblock.com\/es\/cama-individual-en-dwg\/#primaryimage\"},\"thumbnailUrl\":\"https:\/\/icadblock.com\/wp-content\/uploads\/2022\/05\/single-bed.webp\",\"datePublished\":\"2022-05-30T11:29:53+00:00\",\"dateModified\":\"2023-12-18T11:30:41+00:00\",\"description\":\"Aqu\u00ed, en esta p\u00e1gina, acceder\u00e1 a muchas camas individuales en DWG. Estos bloques CAD se dibujan en vistas en planta y en alzado.\",\"breadcrumb\":{\"@id\":\"https:\/\/icadblock.com\/es\/cama-individual-en-dwg\/#breadcrumb\"},\"inLanguage\":\"es\",\"potentialAction\":[{\"@type\":\"ReadAction\",\"target\":[\"https:\/\/icadblock.com\/es\/cama-individual-en-dwg\/\"]}]},{\"@type\":\"ImageObject\",\"inLanguage\":\"es\",\"@id\":\"https:\/\/icadblock.com\/es\/cama-individual-en-dwg\/#primaryimage\",\"url\":\"https:\/\/icadblock.com\/wp-content\/uploads\/2022\/05\/single-bed.webp\",\"contentUrl\":\"https:\/\/icadblock.com\/wp-content\/uploads\/2022\/05\/single-bed.webp\",\"width\":740,\"height\":500,\"caption\":\"Cama individual en DWG\"},{\"@type\":\"BreadcrumbList\",\"@id\":\"https:\/\/icadblock.com\/es\/cama-individual-en-dwg\/#breadcrumb\",\"itemListElement\":[{\"@type\":\"ListItem\",\"position\":1,\"name\":\"Home\",\"item\":\"https:\/\/icadblock.com\/es\/\"},{\"@type\":\"ListItem\",\"position\":2,\"name\":\"Cama individual en DWG, colecci\u00f3n completa.\"}]},{\"@type\":\"WebSite\",\"@id\":\"https:\/\/icadblock.com\/es\/#website\",\"url\":\"https:\/\/icadblock.com\/es\/\",\"name\":\"iCADBLOCK\",\"description\":\"CAD Block free download, 2d DWG models in plan\",\"publisher\":{\"@id\":\"https:\/\/icadblock.com\/es\/#organization\"},\"potentialAction\":[{\"@type\":\"SearchAction\",\"target\":{\"@type\":\"EntryPoint\",\"urlTemplate\":\"https:\/\/icadblock.com\/es\/?s={search_term_string}\"},\"query-input\":{\"@type\":\"PropertyValueSpecification\",\"valueRequired\":true,\"valueName\":\"search_term_string\"}}],\"inLanguage\":\"es\"},{\"@type\":\"Organization\",\"@id\":\"https:\/\/icadblock.com\/es\/#organization\",\"name\":\"icadblock\",\"url\":\"https:\/\/icadblock.com\/es\/\",\"logo\":{\"@type\":\"ImageObject\",\"inLanguage\":\"es\",\"@id\":\"https:\/\/icadblock.com\/es\/#\/schema\/logo\/image\/\",\"url\":\"https:\/\/icadblock.com\/wp-content\/uploads\/2022\/02\/LOGO.png\",\"contentUrl\":\"https:\/\/icadblock.com\/wp-content\/uploads\/2022\/02\/LOGO.png\",\"width\":546,\"height\":125,\"caption\":\"icadblock\"},\"image\":{\"@id\":\"https:\/\/icadblock.com\/es\/#\/schema\/logo\/image\/\"}}]}<\/script>\n<!-- \/ Yoast SEO plugin. -->","yoast_head_json":{"title":"Cama individual en DWG, colecci\u00f3n completa. - iCADBLOCK","description":"Aqu\u00ed, en esta p\u00e1gina, acceder\u00e1 a muchas camas individuales en DWG. Estos bloques CAD se dibujan en vistas en planta y en alzado.","robots":{"index":"index","follow":"follow","max-snippet":"max-snippet:-1","max-image-preview":"max-image-preview:large","max-video-preview":"max-video-preview:-1"},"canonical":"https:\/\/icadblock.com\/es\/cama-individual-en-dwg\/","og_locale":"es_ES","og_type":"article","og_title":"Cama individual en DWG, colecci\u00f3n completa. - iCADBLOCK","og_description":"Aqu\u00ed, en esta p\u00e1gina, acceder\u00e1 a muchas camas individuales en DWG. Estos bloques CAD se dibujan en vistas en planta y en alzado.","og_url":"https:\/\/icadblock.com\/es\/cama-individual-en-dwg\/","og_site_name":"iCADBLOCK","article_modified_time":"2023-12-18T11:30:41+00:00","og_image":[{"width":740,"height":500,"url":"https:\/\/icadblock.com\/wp-content\/uploads\/2022\/05\/single-bed.webp","type":"image\/webp"}],"twitter_card":"summary_large_image","twitter_misc":{"Tiempo de lectura":"2 minutos"},"schema":{"@context":"https:\/\/schema.org","@graph":[{"@type":"WebPage","@id":"https:\/\/icadblock.com\/es\/cama-individual-en-dwg\/","url":"https:\/\/icadblock.com\/es\/cama-individual-en-dwg\/","name":"Cama individual en DWG, colecci\u00f3n completa. - iCADBLOCK","isPartOf":{"@id":"https:\/\/icadblock.com\/es\/#website"},"primaryImageOfPage":{"@id":"https:\/\/icadblock.com\/es\/cama-individual-en-dwg\/#primaryimage"},"image":{"@id":"https:\/\/icadblock.com\/es\/cama-individual-en-dwg\/#primaryimage"},"thumbnailUrl":"https:\/\/icadblock.com\/wp-content\/uploads\/2022\/05\/single-bed.webp","datePublished":"2022-05-30T11:29:53+00:00","dateModified":"2023-12-18T11:30:41+00:00","description":"Aqu\u00ed, en esta p\u00e1gina, acceder\u00e1 a muchas camas individuales en DWG. Estos bloques CAD se dibujan en vistas en planta y en alzado.","breadcrumb":{"@id":"https:\/\/icadblock.com\/es\/cama-individual-en-dwg\/#breadcrumb"},"inLanguage":"es","potentialAction":[{"@type":"ReadAction","target":["https:\/\/icadblock.com\/es\/cama-individual-en-dwg\/"]}]},{"@type":"ImageObject","inLanguage":"es","@id":"https:\/\/icadblock.com\/es\/cama-individual-en-dwg\/#primaryimage","url":"https:\/\/icadblock.com\/wp-content\/uploads\/2022\/05\/single-bed.webp","contentUrl":"https:\/\/icadblock.com\/wp-content\/uploads\/2022\/05\/single-bed.webp","width":740,"height":500,"caption":"Cama individual en DWG"},{"@type":"BreadcrumbList","@id":"https:\/\/icadblock.com\/es\/cama-individual-en-dwg\/#breadcrumb","itemListElement":[{"@type":"ListItem","position":1,"name":"Home","item":"https:\/\/icadblock.com\/es\/"},{"@type":"ListItem","position":2,"name":"Cama individual en DWG, colecci\u00f3n completa."}]},{"@type":"WebSite","@id":"https:\/\/icadblock.com\/es\/#website","url":"https:\/\/icadblock.com\/es\/","name":"iCADBLOCK","description":"CAD Block free download, 2d DWG models in plan","publisher":{"@id":"https:\/\/icadblock.com\/es\/#organization"},"potentialAction":[{"@type":"SearchAction","target":{"@type":"EntryPoint","urlTemplate":"https:\/\/icadblock.com\/es\/?s={search_term_string}"},"query-input":{"@type":"PropertyValueSpecification","valueRequired":true,"valueName":"search_term_string"}}],"inLanguage":"es"},{"@type":"Organization","@id":"https:\/\/icadblock.com\/es\/#organization","name":"icadblock","url":"https:\/\/icadblock.com\/es\/","logo":{"@type":"ImageObject","inLanguage":"es","@id":"https:\/\/icadblock.com\/es\/#\/schema\/logo\/image\/","url":"https:\/\/icadblock.com\/wp-content\/uploads\/2022\/02\/LOGO.png","contentUrl":"https:\/\/icadblock.com\/wp-content\/uploads\/2022\/02\/LOGO.png","width":546,"height":125,"caption":"icadblock"},"image":{"@id":"https:\/\/icadblock.com\/es\/#\/schema\/logo\/image\/"}}]}},"_links":{"self":[{"href":"https:\/\/icadblock.com\/es\/wp-json\/wp\/v2\/pages\/9203","targetHints":{"allow":["GET"]}}],"collection":[{"href":"https:\/\/icadblock.com\/es\/wp-json\/wp\/v2\/pages"}],"about":[{"href":"https:\/\/icadblock.com\/es\/wp-json\/wp\/v2\/types\/page"}],"author":[{"embeddable":true,"href":"https:\/\/icadblock.com\/es\/wp-json\/wp\/v2\/users\/2"}],"replies":[{"embeddable":true,"href":"https:\/\/icadblock.com\/es\/wp-json\/wp\/v2\/comments?post=9203"}],"version-history":[{"count":7,"href":"https:\/\/icadblock.com\/es\/wp-json\/wp\/v2\/pages\/9203\/revisions"}],"predecessor-version":[{"id":9210,"href":"https:\/\/icadblock.com\/es\/wp-json\/wp\/v2\/pages\/9203\/revisions\/9210"}],"wp:featuredmedia":[{"embeddable":true,"href":"https:\/\/icadblock.com\/es\/wp-json\/wp\/v2\/media\/8113"}],"wp:attachment":[{"href":"https:\/\/icadblock.com\/es\/wp-json\/wp\/v2\/media?parent=9203"}],"curies":[{"name":"wp","href":"https:\/\/api.w.org\/{rel}","templated":true}]}}