{"id":9288,"date":"2022-11-01T06:35:13","date_gmt":"2022-11-01T06:35:13","guid":{"rendered":"https:\/\/icadblock.com\/?page_id=9288"},"modified":"2023-12-23T09:56:46","modified_gmt":"2023-12-23T09:56:46","slug":"modelos-dwg-de-flores","status":"publish","type":"page","link":"https:\/\/icadblock.com\/es\/coleccion-de-plantas-en-dwg-autocad\/modelos-dwg-de-flores\/","title":{"rendered":"Modelos DWG de flores en planta y alzado."},"content":{"rendered":"\t\t<div data-elementor-type=\"wp-page\" data-elementor-id=\"9288\" class=\"elementor elementor-9288 elementor-3199\" data-elementor-post-type=\"page\">\n\t\t\t\t\t\t<section class=\"elementor-section elementor-top-section elementor-element elementor-element-abaa23d elementor-section-boxed elementor-section-height-default elementor-section-height-default\" data-id=\"abaa23d\" data-element_type=\"section\">\n\t\t\t\t\t\t<div class=\"elementor-container elementor-column-gap-default\">\n\t\t\t\t\t<div class=\"elementor-column elementor-col-50 elementor-top-column elementor-element elementor-element-deeb1e9\" data-id=\"deeb1e9\" data-element_type=\"column\">\n\t\t\t<div class=\"elementor-widget-wrap elementor-element-populated\">\n\t\t\t\t\t\t<div class=\"elementor-element elementor-element-a1b5ab5 elementor-widget elementor-widget-text-editor\" data-id=\"a1b5ab5\" data-element_type=\"widget\" data-widget_type=\"text-editor.default\">\n\t\t\t\t<div class=\"elementor-widget-container\">\n\t\t\t<style>\/*! elementor - v3.21.0 - 30-04-2024 *\/\n.elementor-widget-text-editor.elementor-drop-cap-view-stacked .elementor-drop-cap{background-color:#69727d;color:#fff}.elementor-widget-text-editor.elementor-drop-cap-view-framed .elementor-drop-cap{color:#69727d;border:3px solid;background-color:transparent}.elementor-widget-text-editor:not(.elementor-drop-cap-view-default) .elementor-drop-cap{margin-top:8px}.elementor-widget-text-editor:not(.elementor-drop-cap-view-default) .elementor-drop-cap-letter{width:1em;height:1em}.elementor-widget-text-editor .elementor-drop-cap{float:left;text-align:center;line-height:1;font-size:50px}.elementor-widget-text-editor .elementor-drop-cap-letter{display:inline-block}<\/style>\t\t\t\t<p>Aqu\u00ed proporcionamos una colecci\u00f3n completa de los modelos <strong>DWG de flores<\/strong> en vistas en planta y en alzado.<\/p><p>Puedes utilizar estos hermosos bloques CAD y hacer que tus dibujos sean m\u00e1s atractivos.<\/p><p>Aqu\u00ed, en esta p\u00e1gina, puede encontrar muchas flores que se pueden usar en dibujos de AutoCAD. Tambi\u00e9n puedes utilizarlos para crear modelos 3D.<\/p><p>Tenga en cuenta que actualizamos constantemente esta p\u00e1gina, por lo que es posible que desee marcarla como favorita.<\/p><p>Mire los siguientes modelos DWG y elija cada uno que se adapte a sus necesidades.<\/p>\t\t\t\t\t\t<\/div>\n\t\t\t\t<\/div>\n\t\t\t\t<div class=\"elementor-element elementor-element-e4a70ac elementor-widget elementor-widget-heading\" data-id=\"e4a70ac\" data-element_type=\"widget\" data-widget_type=\"heading.default\">\n\t\t\t\t<div class=\"elementor-widget-container\">\n\t\t\t<style>\/*! elementor - v3.21.0 - 30-04-2024 *\/\n.elementor-heading-title{padding:0;margin:0;line-height:1}.elementor-widget-heading .elementor-heading-title[class*=elementor-size-]>a{color:inherit;font-size:inherit;line-height:inherit}.elementor-widget-heading .elementor-heading-title.elementor-size-small{font-size:15px}.elementor-widget-heading .elementor-heading-title.elementor-size-medium{font-size:19px}.elementor-widget-heading .elementor-heading-title.elementor-size-large{font-size:29px}.elementor-widget-heading .elementor-heading-title.elementor-size-xl{font-size:39px}.elementor-widget-heading .elementor-heading-title.elementor-size-xxl{font-size:59px}<\/style><h2 class=\"elementor-heading-title elementor-size-default\">Modelos DWG de flores<\/h2>\t\t<\/div>\n\t\t\t\t<\/div>\n\t\t\t\t<div class=\"elementor-element elementor-element-9b95296 elementor-widget elementor-widget-text-editor\" data-id=\"9b95296\" data-element_type=\"widget\" data-widget_type=\"text-editor.default\">\n\t\t\t\t<div class=\"elementor-widget-container\">\n\t\t\t\t\t\t\t<p style=\"font-family: Roboto, sans-serif; font-size: 16px; font-weight: 400; font-style: normal;\">Adem\u00e1s, si haces clic en los enlaces siguientes, encontrar\u00e1s otros bloques relacionados:<\/p><p style=\"font-family: Roboto, sans-serif; font-size: 16px; font-weight: 400; font-style: normal;\"><span style=\"font-size: 16px; color: #0000ff;\"><span style=\"font-size: 16px; font-weight: bold;\"><em style=\"font-size: 16px;\">*** <\/em><\/span><\/span><a href=\"https:\/\/icadblock.com\/es\/coleccion-de-plantas-en-dwg-autocad\/\"><em><strong>Colecci\u00f3n de plantas en DWG<\/strong><\/em><\/a><\/p><p style=\"font-family: Roboto, sans-serif; font-size: 16px; font-weight: 400; font-style: normal;\"><span style=\"font-size: 16px; color: #0000ff;\"><span style=\"font-size: 16px; font-weight: bold;\"><em style=\"font-size: 16px;\">*** <\/em><\/span><\/span><a href=\"https:\/\/icadblock.com\/es\/coleccion-de-plantas-en-dwg-autocad\/puesto-de-flores-en-dwg-autocad\/\"><strong><em>Puesto de flores en DWG<\/em><\/strong><\/a><\/p><h3 style=\"font-style: normal;\"><span style=\"font-size: 20px; color: #0000ff;\">Notas:<\/span><\/h3><p style=\"font-family: Roboto, sans-serif; font-size: 16px; font-weight: 400; font-style: normal;\">Las flores juegan un papel muy importante en la decoraci\u00f3n de espacios interiores y exteriores.<\/p><p style=\"font-family: Roboto, sans-serif; font-size: 16px; font-weight: 400; font-style: normal;\">Por supuesto, si est\u00e1 dibujando un plano del sitio o un espacio verde, necesitar\u00e1 flores de jard\u00edn.<\/p><p style=\"font-family: Roboto, sans-serif; font-size: 16px; font-weight: 400; font-style: normal;\">Adem\u00e1s, cuando quieras dibujar un plano de planta puedes usar flores para decorar los espacios y hacer que tu dibujo luzca m\u00e1s hermoso.<\/p><p style=\"font-family: Roboto, sans-serif; font-size: 16px; font-weight: 400; font-style: normal;\">Puede agregar colores a las salas de estar y habitaciones familiares utilizando estas coloridas flores.<\/p><p style=\"font-family: Roboto, sans-serif; font-size: 16px; font-weight: 400; font-style: normal;\">Si desea dibujar un dormitorio en AutoCAD, puede utilizar un bloque CAD de flores y colocarlo al lado de las camas y en los cajones.<\/p><p style=\"font-family: Roboto, sans-serif; font-size: 16px; font-weight: 400; font-style: normal;\">Tambi\u00e9n es posible que desees poner una flor de mesa en la mesa de la consola.<\/p>\t\t\t\t\t\t<\/div>\n\t\t\t\t<\/div>\n\t\t\t\t\t<\/div>\n\t\t<\/div>\n\t\t\t\t<div class=\"jet-sticky-column-sticky elementor-column elementor-col-50 elementor-top-column elementor-element elementor-element-f66c308\" data-jet-sticky-column-settings=\"{&quot;id&quot;:&quot;f66c308&quot;,&quot;sticky&quot;:true,&quot;topSpacing&quot;:50,&quot;bottomSpacing&quot;:50,&quot;stickyOn&quot;:[&quot;desktop&quot;,&quot;tablet&quot;]}\" data-id=\"f66c308\" data-element_type=\"column\">\n\t\t\t<div class=\"elementor-widget-wrap elementor-element-populated\">\n\t\t\t\t\t\t\t<\/div>\n\t\t<\/div>\n\t\t\t\t\t<\/div>\n\t\t<\/section>\n\t\t\t\t<\/div>\n\t\t","protected":false},"excerpt":{"rendered":"<p>Aqu\u00ed proporcionamos una colecci\u00f3n completa de los modelos DWG de flores en vistas en planta y en alzado. Puedes utilizar [&hellip;]<\/p>\n","protected":false},"author":2,"featured_media":8171,"parent":9007,"menu_order":0,"comment_status":"closed","ping_status":"closed","template":"","meta":{"site-sidebar-layout":"default","site-content-layout":"","ast-site-content-layout":"","site-content-style":"default","site-sidebar-style":"default","ast-global-header-display":"","ast-banner-title-visibility":"","ast-main-header-display":"","ast-hfb-above-header-display":"","ast-hfb-below-header-display":"","ast-hfb-mobile-header-display":"","site-post-title":"","ast-breadcrumbs-content":"","ast-featured-img":"","footer-sml-layout":"","theme-transparent-header-meta":"","adv-header-id-meta":"","stick-header-meta":"","header-above-stick-meta":"","header-main-stick-meta":"","header-below-stick-meta":"","astra-migrate-meta-layouts":"default","ast-page-background-enabled":"default","ast-page-background-meta":{"desktop":{"background-color":"var(--ast-global-color-4)","background-image":"","background-repeat":"repeat","background-position":"center center","background-size":"auto","background-attachment":"scroll","background-type":"","background-media":"","overlay-type":"","overlay-color":"","overlay-gradient":""},"tablet":{"background-color":"","background-image":"","background-repeat":"repeat","background-position":"center center","background-size":"auto","background-attachment":"scroll","background-type":"","background-media":"","overlay-type":"","overlay-color":"","overlay-gradient":""},"mobile":{"background-color":"","background-image":"","background-repeat":"repeat","background-position":"center center","background-size":"auto","background-attachment":"scroll","background-type":"","background-media":"","overlay-type":"","overlay-color":"","overlay-gradient":""}},"ast-content-background-meta":{"desktop":{"background-color":"var(--ast-global-color-5)","background-image":"","background-repeat":"repeat","background-position":"center center","background-size":"auto","background-attachment":"scroll","background-type":"","background-media":"","overlay-type":"","overlay-color":"","overlay-gradient":""},"tablet":{"background-color":"var(--ast-global-color-5)","background-image":"","background-repeat":"repeat","background-position":"center center","background-size":"auto","background-attachment":"scroll","background-type":"","background-media":"","overlay-type":"","overlay-color":"","overlay-gradient":""},"mobile":{"background-color":"var(--ast-global-color-5)","background-image":"","background-repeat":"repeat","background-position":"center center","background-size":"auto","background-attachment":"scroll","background-type":"","background-media":"","overlay-type":"","overlay-color":"","overlay-gradient":""}},"footnotes":""},"class_list":["post-9288","page","type-page","status-publish","has-post-thumbnail","hentry"],"yoast_head":"<!-- This site is optimized with the Yoast SEO plugin v26.0 - https:\/\/yoast.com\/wordpress\/plugins\/seo\/ -->\n<title>Modelos DWG de flores en planta y alzado. - iCADBLOCK<\/title>\n<meta name=\"description\" content=\"Aqu\u00ed proporcionamos una colecci\u00f3n completa de los modelos DWG de flores en vistas en planta y en alzado. Puedes utilizar estos hermosos\" \/>\n<meta name=\"robots\" content=\"index, follow, max-snippet:-1, max-image-preview:large, max-video-preview:-1\" \/>\n<link rel=\"canonical\" href=\"https:\/\/icadblock.com\/es\/coleccion-de-plantas-en-dwg-autocad\/modelos-dwg-de-flores\/\" \/>\n<meta property=\"og:locale\" content=\"es_ES\" \/>\n<meta property=\"og:type\" content=\"article\" \/>\n<meta property=\"og:title\" content=\"Modelos DWG de flores en planta y alzado. - iCADBLOCK\" \/>\n<meta property=\"og:description\" content=\"Aqu\u00ed proporcionamos una colecci\u00f3n completa de los modelos DWG de flores en vistas en planta y en alzado. Puedes utilizar estos hermosos\" \/>\n<meta property=\"og:url\" content=\"https:\/\/icadblock.com\/es\/coleccion-de-plantas-en-dwg-autocad\/modelos-dwg-de-flores\/\" \/>\n<meta property=\"og:site_name\" content=\"iCADBLOCK\" \/>\n<meta property=\"article:modified_time\" content=\"2023-12-23T09:56:46+00:00\" \/>\n<meta property=\"og:image\" content=\"https:\/\/icadblock.com\/wp-content\/uploads\/2022\/10\/flower-AutoCAD.webp\" \/>\n\t<meta property=\"og:image:width\" content=\"740\" \/>\n\t<meta property=\"og:image:height\" content=\"500\" \/>\n\t<meta property=\"og:image:type\" content=\"image\/webp\" \/>\n<meta name=\"twitter:card\" content=\"summary_large_image\" \/>\n<meta name=\"twitter:label1\" content=\"Tiempo de lectura\" \/>\n\t<meta name=\"twitter:data1\" content=\"2 minutos\" \/>\n<script type=\"application\/ld+json\" class=\"yoast-schema-graph\">{\"@context\":\"https:\/\/schema.org\",\"@graph\":[{\"@type\":\"WebPage\",\"@id\":\"https:\/\/icadblock.com\/es\/coleccion-de-plantas-en-dwg-autocad\/modelos-dwg-de-flores\/\",\"url\":\"https:\/\/icadblock.com\/es\/coleccion-de-plantas-en-dwg-autocad\/modelos-dwg-de-flores\/\",\"name\":\"Modelos DWG de flores en planta y alzado. - iCADBLOCK\",\"isPartOf\":{\"@id\":\"https:\/\/icadblock.com\/es\/#website\"},\"primaryImageOfPage\":{\"@id\":\"https:\/\/icadblock.com\/es\/coleccion-de-plantas-en-dwg-autocad\/modelos-dwg-de-flores\/#primaryimage\"},\"image\":{\"@id\":\"https:\/\/icadblock.com\/es\/coleccion-de-plantas-en-dwg-autocad\/modelos-dwg-de-flores\/#primaryimage\"},\"thumbnailUrl\":\"https:\/\/icadblock.com\/wp-content\/uploads\/2022\/10\/flower-AutoCAD.webp\",\"datePublished\":\"2022-11-01T06:35:13+00:00\",\"dateModified\":\"2023-12-23T09:56:46+00:00\",\"description\":\"Aqu\u00ed proporcionamos una colecci\u00f3n completa de los modelos DWG de flores en vistas en planta y en alzado. Puedes utilizar estos hermosos\",\"breadcrumb\":{\"@id\":\"https:\/\/icadblock.com\/es\/coleccion-de-plantas-en-dwg-autocad\/modelos-dwg-de-flores\/#breadcrumb\"},\"inLanguage\":\"es\",\"potentialAction\":[{\"@type\":\"ReadAction\",\"target\":[\"https:\/\/icadblock.com\/es\/coleccion-de-plantas-en-dwg-autocad\/modelos-dwg-de-flores\/\"]}]},{\"@type\":\"ImageObject\",\"inLanguage\":\"es\",\"@id\":\"https:\/\/icadblock.com\/es\/coleccion-de-plantas-en-dwg-autocad\/modelos-dwg-de-flores\/#primaryimage\",\"url\":\"https:\/\/icadblock.com\/wp-content\/uploads\/2022\/10\/flower-AutoCAD.webp\",\"contentUrl\":\"https:\/\/icadblock.com\/wp-content\/uploads\/2022\/10\/flower-AutoCAD.webp\",\"width\":740,\"height\":500,\"caption\":\"Modelos DWG de flores\"},{\"@type\":\"BreadcrumbList\",\"@id\":\"https:\/\/icadblock.com\/es\/coleccion-de-plantas-en-dwg-autocad\/modelos-dwg-de-flores\/#breadcrumb\",\"itemListElement\":[{\"@type\":\"ListItem\",\"position\":1,\"name\":\"Home\",\"item\":\"https:\/\/icadblock.com\/es\/\"},{\"@type\":\"ListItem\",\"position\":2,\"name\":\"Colecci\u00f3n de plantas en DWG AutoCAD\",\"item\":\"https:\/\/icadblock.com\/es\/coleccion-de-plantas-en-dwg-autocad\/\"},{\"@type\":\"ListItem\",\"position\":3,\"name\":\"Modelos DWG de flores en planta y alzado.\"}]},{\"@type\":\"WebSite\",\"@id\":\"https:\/\/icadblock.com\/es\/#website\",\"url\":\"https:\/\/icadblock.com\/es\/\",\"name\":\"iCADBLOCK\",\"description\":\"CAD Block free download, 2d DWG models in plan\",\"publisher\":{\"@id\":\"https:\/\/icadblock.com\/es\/#organization\"},\"potentialAction\":[{\"@type\":\"SearchAction\",\"target\":{\"@type\":\"EntryPoint\",\"urlTemplate\":\"https:\/\/icadblock.com\/es\/?s={search_term_string}\"},\"query-input\":{\"@type\":\"PropertyValueSpecification\",\"valueRequired\":true,\"valueName\":\"search_term_string\"}}],\"inLanguage\":\"es\"},{\"@type\":\"Organization\",\"@id\":\"https:\/\/icadblock.com\/es\/#organization\",\"name\":\"icadblock\",\"url\":\"https:\/\/icadblock.com\/es\/\",\"logo\":{\"@type\":\"ImageObject\",\"inLanguage\":\"es\",\"@id\":\"https:\/\/icadblock.com\/es\/#\/schema\/logo\/image\/\",\"url\":\"https:\/\/icadblock.com\/wp-content\/uploads\/2022\/02\/LOGO.png\",\"contentUrl\":\"https:\/\/icadblock.com\/wp-content\/uploads\/2022\/02\/LOGO.png\",\"width\":546,\"height\":125,\"caption\":\"icadblock\"},\"image\":{\"@id\":\"https:\/\/icadblock.com\/es\/#\/schema\/logo\/image\/\"}}]}<\/script>\n<!-- \/ Yoast SEO plugin. -->","yoast_head_json":{"title":"Modelos DWG de flores en planta y alzado. - iCADBLOCK","description":"Aqu\u00ed proporcionamos una colecci\u00f3n completa de los modelos DWG de flores en vistas en planta y en alzado. Puedes utilizar estos hermosos","robots":{"index":"index","follow":"follow","max-snippet":"max-snippet:-1","max-image-preview":"max-image-preview:large","max-video-preview":"max-video-preview:-1"},"canonical":"https:\/\/icadblock.com\/es\/coleccion-de-plantas-en-dwg-autocad\/modelos-dwg-de-flores\/","og_locale":"es_ES","og_type":"article","og_title":"Modelos DWG de flores en planta y alzado. - iCADBLOCK","og_description":"Aqu\u00ed proporcionamos una colecci\u00f3n completa de los modelos DWG de flores en vistas en planta y en alzado. Puedes utilizar estos hermosos","og_url":"https:\/\/icadblock.com\/es\/coleccion-de-plantas-en-dwg-autocad\/modelos-dwg-de-flores\/","og_site_name":"iCADBLOCK","article_modified_time":"2023-12-23T09:56:46+00:00","og_image":[{"width":740,"height":500,"url":"https:\/\/icadblock.com\/wp-content\/uploads\/2022\/10\/flower-AutoCAD.webp","type":"image\/webp"}],"twitter_card":"summary_large_image","twitter_misc":{"Tiempo de lectura":"2 minutos"},"schema":{"@context":"https:\/\/schema.org","@graph":[{"@type":"WebPage","@id":"https:\/\/icadblock.com\/es\/coleccion-de-plantas-en-dwg-autocad\/modelos-dwg-de-flores\/","url":"https:\/\/icadblock.com\/es\/coleccion-de-plantas-en-dwg-autocad\/modelos-dwg-de-flores\/","name":"Modelos DWG de flores en planta y alzado. - iCADBLOCK","isPartOf":{"@id":"https:\/\/icadblock.com\/es\/#website"},"primaryImageOfPage":{"@id":"https:\/\/icadblock.com\/es\/coleccion-de-plantas-en-dwg-autocad\/modelos-dwg-de-flores\/#primaryimage"},"image":{"@id":"https:\/\/icadblock.com\/es\/coleccion-de-plantas-en-dwg-autocad\/modelos-dwg-de-flores\/#primaryimage"},"thumbnailUrl":"https:\/\/icadblock.com\/wp-content\/uploads\/2022\/10\/flower-AutoCAD.webp","datePublished":"2022-11-01T06:35:13+00:00","dateModified":"2023-12-23T09:56:46+00:00","description":"Aqu\u00ed proporcionamos una colecci\u00f3n completa de los modelos DWG de flores en vistas en planta y en alzado. Puedes utilizar estos hermosos","breadcrumb":{"@id":"https:\/\/icadblock.com\/es\/coleccion-de-plantas-en-dwg-autocad\/modelos-dwg-de-flores\/#breadcrumb"},"inLanguage":"es","potentialAction":[{"@type":"ReadAction","target":["https:\/\/icadblock.com\/es\/coleccion-de-plantas-en-dwg-autocad\/modelos-dwg-de-flores\/"]}]},{"@type":"ImageObject","inLanguage":"es","@id":"https:\/\/icadblock.com\/es\/coleccion-de-plantas-en-dwg-autocad\/modelos-dwg-de-flores\/#primaryimage","url":"https:\/\/icadblock.com\/wp-content\/uploads\/2022\/10\/flower-AutoCAD.webp","contentUrl":"https:\/\/icadblock.com\/wp-content\/uploads\/2022\/10\/flower-AutoCAD.webp","width":740,"height":500,"caption":"Modelos DWG de flores"},{"@type":"BreadcrumbList","@id":"https:\/\/icadblock.com\/es\/coleccion-de-plantas-en-dwg-autocad\/modelos-dwg-de-flores\/#breadcrumb","itemListElement":[{"@type":"ListItem","position":1,"name":"Home","item":"https:\/\/icadblock.com\/es\/"},{"@type":"ListItem","position":2,"name":"Colecci\u00f3n de plantas en DWG AutoCAD","item":"https:\/\/icadblock.com\/es\/coleccion-de-plantas-en-dwg-autocad\/"},{"@type":"ListItem","position":3,"name":"Modelos DWG de flores en planta y alzado."}]},{"@type":"WebSite","@id":"https:\/\/icadblock.com\/es\/#website","url":"https:\/\/icadblock.com\/es\/","name":"iCADBLOCK","description":"CAD Block free download, 2d DWG models in plan","publisher":{"@id":"https:\/\/icadblock.com\/es\/#organization"},"potentialAction":[{"@type":"SearchAction","target":{"@type":"EntryPoint","urlTemplate":"https:\/\/icadblock.com\/es\/?s={search_term_string}"},"query-input":{"@type":"PropertyValueSpecification","valueRequired":true,"valueName":"search_term_string"}}],"inLanguage":"es"},{"@type":"Organization","@id":"https:\/\/icadblock.com\/es\/#organization","name":"icadblock","url":"https:\/\/icadblock.com\/es\/","logo":{"@type":"ImageObject","inLanguage":"es","@id":"https:\/\/icadblock.com\/es\/#\/schema\/logo\/image\/","url":"https:\/\/icadblock.com\/wp-content\/uploads\/2022\/02\/LOGO.png","contentUrl":"https:\/\/icadblock.com\/wp-content\/uploads\/2022\/02\/LOGO.png","width":546,"height":125,"caption":"icadblock"},"image":{"@id":"https:\/\/icadblock.com\/es\/#\/schema\/logo\/image\/"}}]}},"_links":{"self":[{"href":"https:\/\/icadblock.com\/es\/wp-json\/wp\/v2\/pages\/9288","targetHints":{"allow":["GET"]}}],"collection":[{"href":"https:\/\/icadblock.com\/es\/wp-json\/wp\/v2\/pages"}],"about":[{"href":"https:\/\/icadblock.com\/es\/wp-json\/wp\/v2\/types\/page"}],"author":[{"embeddable":true,"href":"https:\/\/icadblock.com\/es\/wp-json\/wp\/v2\/users\/2"}],"replies":[{"embeddable":true,"href":"https:\/\/icadblock.com\/es\/wp-json\/wp\/v2\/comments?post=9288"}],"version-history":[{"count":5,"href":"https:\/\/icadblock.com\/es\/wp-json\/wp\/v2\/pages\/9288\/revisions"}],"predecessor-version":[{"id":9293,"href":"https:\/\/icadblock.com\/es\/wp-json\/wp\/v2\/pages\/9288\/revisions\/9293"}],"up":[{"embeddable":true,"href":"https:\/\/icadblock.com\/es\/wp-json\/wp\/v2\/pages\/9007"}],"wp:featuredmedia":[{"embeddable":true,"href":"https:\/\/icadblock.com\/es\/wp-json\/wp\/v2\/media\/8171"}],"wp:attachment":[{"href":"https:\/\/icadblock.com\/es\/wp-json\/wp\/v2\/media?parent=9288"}],"curies":[{"name":"wp","href":"https:\/\/api.w.org\/{rel}","templated":true}]}}