{"id":9309,"date":"2022-11-14T14:17:16","date_gmt":"2022-11-14T14:17:16","guid":{"rendered":"https:\/\/icadblock.com\/?page_id=9309"},"modified":"2023-12-23T10:22:46","modified_gmt":"2023-12-23T10:22:46","slug":"lavadora-en-dwg-coleccion-completa","status":"publish","type":"page","link":"https:\/\/icadblock.com\/es\/cocina-en-dwg\/electrodomesticos-de-cocina-en-dwg\/lavadora-en-dwg-coleccion-completa\/","title":{"rendered":"Lavadora en DWG, Colecci\u00f3n completa"},"content":{"rendered":"\t\t<div data-elementor-type=\"wp-page\" data-elementor-id=\"9309\" class=\"elementor elementor-9309 elementor-3285\" data-elementor-post-type=\"page\">\n\t\t\t\t\t\t<section class=\"elementor-section elementor-top-section elementor-element elementor-element-83713d8 elementor-section-boxed elementor-section-height-default elementor-section-height-default\" data-id=\"83713d8\" data-element_type=\"section\">\n\t\t\t\t\t\t<div class=\"elementor-container elementor-column-gap-default\">\n\t\t\t\t\t<div class=\"elementor-column elementor-col-50 elementor-top-column elementor-element elementor-element-8de94fc\" data-id=\"8de94fc\" data-element_type=\"column\">\n\t\t\t<div class=\"elementor-widget-wrap elementor-element-populated\">\n\t\t\t\t\t\t<div class=\"elementor-element elementor-element-892b3db elementor-widget elementor-widget-text-editor\" data-id=\"892b3db\" data-element_type=\"widget\" data-widget_type=\"text-editor.default\">\n\t\t\t\t<div class=\"elementor-widget-container\">\n\t\t\t<style>\/*! elementor - v3.21.0 - 30-04-2024 *\/\n.elementor-widget-text-editor.elementor-drop-cap-view-stacked .elementor-drop-cap{background-color:#69727d;color:#fff}.elementor-widget-text-editor.elementor-drop-cap-view-framed .elementor-drop-cap{color:#69727d;border:3px solid;background-color:transparent}.elementor-widget-text-editor:not(.elementor-drop-cap-view-default) .elementor-drop-cap{margin-top:8px}.elementor-widget-text-editor:not(.elementor-drop-cap-view-default) .elementor-drop-cap-letter{width:1em;height:1em}.elementor-widget-text-editor .elementor-drop-cap{float:left;text-align:center;line-height:1;font-size:50px}.elementor-widget-text-editor .elementor-drop-cap-letter{display:inline-block}<\/style>\t\t\t\t<p style=\"font-family: Roboto, sans-serif; font-size: 16px; font-weight: 400; font-style: normal;\">Aqu\u00ed, en esta p\u00e1gina, proporcionamos una colecci\u00f3n completa de\u00a0<strong>Lavadora\u00a0en DWG<\/strong>.<\/p><p style=\"font-family: Roboto, sans-serif; font-size: 16px; font-weight: 400; font-style: normal;\">Estos bloques CAD se dibujan en vistas en planta y en alzado.<\/p><p style=\"font-family: Roboto, sans-serif; font-size: 16px; font-weight: 400; font-style: normal;\">Puede utilizar estos modelos DWG en sus proyectos CAD.<\/p><p style=\"font-family: Roboto, sans-serif; font-size: 16px; font-weight: 400; font-style: normal;\">Incluso puedes utilizar estos modelos 2D para crear un modelo 3D de lavadora.<\/p><p style=\"font-family: Roboto, sans-serif; font-size: 16px; font-weight: 400; font-style: normal;\">Esta p\u00e1gina se actualizar\u00e1 constantemente, as\u00ed que no olvide marcarla como favorita.<\/p>\t\t\t\t\t\t<\/div>\n\t\t\t\t<\/div>\n\t\t\t\t<div class=\"elementor-element elementor-element-6210cfd elementor-widget elementor-widget-heading\" data-id=\"6210cfd\" data-element_type=\"widget\" data-widget_type=\"heading.default\">\n\t\t\t\t<div class=\"elementor-widget-container\">\n\t\t\t<style>\/*! elementor - v3.21.0 - 30-04-2024 *\/\n.elementor-heading-title{padding:0;margin:0;line-height:1}.elementor-widget-heading .elementor-heading-title[class*=elementor-size-]>a{color:inherit;font-size:inherit;line-height:inherit}.elementor-widget-heading .elementor-heading-title.elementor-size-small{font-size:15px}.elementor-widget-heading .elementor-heading-title.elementor-size-medium{font-size:19px}.elementor-widget-heading .elementor-heading-title.elementor-size-large{font-size:29px}.elementor-widget-heading .elementor-heading-title.elementor-size-xl{font-size:39px}.elementor-widget-heading .elementor-heading-title.elementor-size-xxl{font-size:59px}<\/style><h2 class=\"elementor-heading-title elementor-size-default\">Lavadora en DWG<\/h2>\t\t<\/div>\n\t\t\t\t<\/div>\n\t\t\t\t<div class=\"elementor-element elementor-element-7b94e09 elementor-widget elementor-widget-text-editor\" data-id=\"7b94e09\" data-element_type=\"widget\" data-widget_type=\"text-editor.default\">\n\t\t\t\t<div class=\"elementor-widget-container\">\n\t\t\t\t\t\t\t<p style=\"font-family: Roboto, sans-serif; font-size: 16px; font-weight: 400; font-style: normal;\">Puede hacer clic en los siguientes enlaces para descargar otros bloques CAD relacionados:<\/p><p style=\"font-family: Roboto, sans-serif; font-size: 16px; font-weight: 400; font-style: normal;\"><span style=\"font-size: 16px; color: #ff0000;\"><span style=\"font-size: 16px; font-weight: bold;\"><em style=\"font-size: 16px;\">*** <\/em><\/span><\/span><a href=\"https:\/\/icadblock.com\/es\/cocina-en-dwg\/electrodomesticos-de-cocina-en-dwg\/lavavajillas-en-dwg\/\"><em><strong>Lavavajillas en DWG<\/strong><\/em><\/a><\/p><p style=\"font-family: Roboto, sans-serif; font-size: 16px; font-weight: 400; font-style: normal;\"><span style=\"font-size: 16px; color: #ff0000;\"><span style=\"font-size: 16px; font-weight: bold;\"><em style=\"font-size: 16px;\">*** <\/em><\/span><\/span><a href=\"https:\/\/icadblock.com\/es\/cocina-en-dwg\/electrodomesticos-de-cocina-en-dwg\/horno-y-estufa-en-dwg\/\"><em><strong>Horno y Estufa en DWG<\/strong><\/em><\/a><\/p><h3 style=\"font-style: normal;\"><span style=\"font-size: 20px; color: #0000ff;\">Notas :<\/span><\/h3><p style=\"font-family: Roboto, sans-serif; font-size: 16px; font-weight: 400; font-style: normal;\">La lavadora es uno de los electrodom\u00e9sticos de la cocina.<\/p><p style=\"font-family: Roboto, sans-serif; font-size: 16px; font-weight: 400; font-style: normal;\">En general, puedes poner una lavadora en cualquier lugar de la cocina.<\/p><p style=\"font-family: Roboto, sans-serif; font-size: 16px; font-weight: 400; font-style: normal;\">Pero quiz\u00e1s colocar la Lavadora cerca del fregadero, sea una buena idea ya que es m\u00e1s f\u00e1cil conectarla al agua.<\/p><p style=\"font-family: Roboto, sans-serif; font-size: 16px; font-weight: 400; font-style: normal;\">Tambi\u00e9n poner la Lavadora al lado del lavavajillas puede ser una gran idea.<\/p><p style=\"font-family: Roboto, sans-serif; font-size: 16px; font-weight: 400; font-style: normal;\">Por supuesto, algunas personas ponen la lavadora en el ba\u00f1o.<\/p><p style=\"font-family: Roboto, sans-serif; font-size: 16px; font-weight: 400; font-style: normal;\">El bloque CAD Lavadora es uno de los bloques CAD m\u00e1s utilizados.<\/p><p style=\"font-family: Roboto, sans-serif; font-size: 16px; font-weight: 400; font-style: normal;\">Por ejemplo, cuando dibujes un plano de planta, lo necesitar\u00e1s para amueblar tu cocina.<\/p><p style=\"font-family: Roboto, sans-serif; font-size: 16px; font-weight: 400; font-style: normal;\">Para que puedas utilizar estos modelos DWG y hacer que tu dibujo sea m\u00e1s atractivo.<\/p>\t\t\t\t\t\t<\/div>\n\t\t\t\t<\/div>\n\t\t\t\t\t<\/div>\n\t\t<\/div>\n\t\t\t\t<div class=\"jet-sticky-column-sticky elementor-column elementor-col-50 elementor-top-column elementor-element elementor-element-13b208c\" data-jet-sticky-column-settings=\"{&quot;id&quot;:&quot;13b208c&quot;,&quot;sticky&quot;:true,&quot;topSpacing&quot;:50,&quot;bottomSpacing&quot;:50,&quot;stickyOn&quot;:[&quot;desktop&quot;,&quot;tablet&quot;]}\" data-id=\"13b208c\" data-element_type=\"column\">\n\t\t\t<div class=\"elementor-widget-wrap elementor-element-populated\">\n\t\t\t\t\t\t\t<\/div>\n\t\t<\/div>\n\t\t\t\t\t<\/div>\n\t\t<\/section>\n\t\t\t\t<\/div>\n\t\t","protected":false},"excerpt":{"rendered":"<p>Aqu\u00ed, en esta p\u00e1gina, proporcionamos una colecci\u00f3n completa de\u00a0Lavadora\u00a0en DWG. Estos bloques CAD se dibujan en vistas en planta y [&hellip;]<\/p>\n","protected":false},"author":2,"featured_media":8182,"parent":9243,"menu_order":0,"comment_status":"closed","ping_status":"closed","template":"","meta":{"site-sidebar-layout":"default","site-content-layout":"","ast-site-content-layout":"","site-content-style":"default","site-sidebar-style":"default","ast-global-header-display":"","ast-banner-title-visibility":"","ast-main-header-display":"","ast-hfb-above-header-display":"","ast-hfb-below-header-display":"","ast-hfb-mobile-header-display":"","site-post-title":"","ast-breadcrumbs-content":"","ast-featured-img":"","footer-sml-layout":"","theme-transparent-header-meta":"","adv-header-id-meta":"","stick-header-meta":"","header-above-stick-meta":"","header-main-stick-meta":"","header-below-stick-meta":"","astra-migrate-meta-layouts":"default","ast-page-background-enabled":"default","ast-page-background-meta":{"desktop":{"background-color":"var(--ast-global-color-4)","background-image":"","background-repeat":"repeat","background-position":"center center","background-size":"auto","background-attachment":"scroll","background-type":"","background-media":"","overlay-type":"","overlay-color":"","overlay-gradient":""},"tablet":{"background-color":"","background-image":"","background-repeat":"repeat","background-position":"center center","background-size":"auto","background-attachment":"scroll","background-type":"","background-media":"","overlay-type":"","overlay-color":"","overlay-gradient":""},"mobile":{"background-color":"","background-image":"","background-repeat":"repeat","background-position":"center center","background-size":"auto","background-attachment":"scroll","background-type":"","background-media":"","overlay-type":"","overlay-color":"","overlay-gradient":""}},"ast-content-background-meta":{"desktop":{"background-color":"var(--ast-global-color-5)","background-image":"","background-repeat":"repeat","background-position":"center center","background-size":"auto","background-attachment":"scroll","background-type":"","background-media":"","overlay-type":"","overlay-color":"","overlay-gradient":""},"tablet":{"background-color":"var(--ast-global-color-5)","background-image":"","background-repeat":"repeat","background-position":"center center","background-size":"auto","background-attachment":"scroll","background-type":"","background-media":"","overlay-type":"","overlay-color":"","overlay-gradient":""},"mobile":{"background-color":"var(--ast-global-color-5)","background-image":"","background-repeat":"repeat","background-position":"center center","background-size":"auto","background-attachment":"scroll","background-type":"","background-media":"","overlay-type":"","overlay-color":"","overlay-gradient":""}},"footnotes":""},"class_list":["post-9309","page","type-page","status-publish","has-post-thumbnail","hentry"],"yoast_head":"<!-- This site is optimized with the Yoast SEO plugin v26.0 - https:\/\/yoast.com\/wordpress\/plugins\/seo\/ -->\n<title>Lavadora en DWG, Colecci\u00f3n completa - iCADBLOCK<\/title>\n<meta name=\"description\" content=\"Aqu\u00ed, en esta p\u00e1gina, proporcionamos una colecci\u00f3n completa de\u00a0Lavadora\u00a0en DWG. Estos bloques CAD se dibujan en vistas en planta y en alzado.\" \/>\n<meta name=\"robots\" content=\"index, follow, max-snippet:-1, max-image-preview:large, max-video-preview:-1\" \/>\n<link rel=\"canonical\" href=\"https:\/\/icadblock.com\/es\/cocina-en-dwg\/electrodomesticos-de-cocina-en-dwg\/lavadora-en-dwg-coleccion-completa\/\" \/>\n<meta property=\"og:locale\" content=\"es_ES\" \/>\n<meta property=\"og:type\" content=\"article\" \/>\n<meta property=\"og:title\" content=\"Lavadora en DWG, Colecci\u00f3n completa - iCADBLOCK\" \/>\n<meta property=\"og:description\" content=\"Aqu\u00ed, en esta p\u00e1gina, proporcionamos una colecci\u00f3n completa de\u00a0Lavadora\u00a0en DWG. Estos bloques CAD se dibujan en vistas en planta y en alzado.\" \/>\n<meta property=\"og:url\" content=\"https:\/\/icadblock.com\/es\/cocina-en-dwg\/electrodomesticos-de-cocina-en-dwg\/lavadora-en-dwg-coleccion-completa\/\" \/>\n<meta property=\"og:site_name\" content=\"iCADBLOCK\" \/>\n<meta property=\"article:modified_time\" content=\"2023-12-23T10:22:46+00:00\" \/>\n<meta property=\"og:image\" content=\"https:\/\/icadblock.com\/wp-content\/uploads\/2022\/11\/washing-machine-dwg.webp\" \/>\n\t<meta property=\"og:image:width\" content=\"740\" \/>\n\t<meta property=\"og:image:height\" content=\"500\" \/>\n\t<meta property=\"og:image:type\" content=\"image\/webp\" \/>\n<meta name=\"twitter:card\" content=\"summary_large_image\" \/>\n<meta name=\"twitter:label1\" content=\"Tiempo de lectura\" \/>\n\t<meta name=\"twitter:data1\" content=\"2 minutos\" \/>\n<script type=\"application\/ld+json\" class=\"yoast-schema-graph\">{\"@context\":\"https:\/\/schema.org\",\"@graph\":[{\"@type\":\"WebPage\",\"@id\":\"https:\/\/icadblock.com\/es\/cocina-en-dwg\/electrodomesticos-de-cocina-en-dwg\/lavadora-en-dwg-coleccion-completa\/\",\"url\":\"https:\/\/icadblock.com\/es\/cocina-en-dwg\/electrodomesticos-de-cocina-en-dwg\/lavadora-en-dwg-coleccion-completa\/\",\"name\":\"Lavadora en DWG, Colecci\u00f3n completa - iCADBLOCK\",\"isPartOf\":{\"@id\":\"https:\/\/icadblock.com\/es\/#website\"},\"primaryImageOfPage\":{\"@id\":\"https:\/\/icadblock.com\/es\/cocina-en-dwg\/electrodomesticos-de-cocina-en-dwg\/lavadora-en-dwg-coleccion-completa\/#primaryimage\"},\"image\":{\"@id\":\"https:\/\/icadblock.com\/es\/cocina-en-dwg\/electrodomesticos-de-cocina-en-dwg\/lavadora-en-dwg-coleccion-completa\/#primaryimage\"},\"thumbnailUrl\":\"https:\/\/icadblock.com\/wp-content\/uploads\/2022\/11\/washing-machine-dwg.webp\",\"datePublished\":\"2022-11-14T14:17:16+00:00\",\"dateModified\":\"2023-12-23T10:22:46+00:00\",\"description\":\"Aqu\u00ed, en esta p\u00e1gina, proporcionamos una colecci\u00f3n completa de\u00a0Lavadora\u00a0en DWG. Estos bloques CAD se dibujan en vistas en planta y en alzado.\",\"breadcrumb\":{\"@id\":\"https:\/\/icadblock.com\/es\/cocina-en-dwg\/electrodomesticos-de-cocina-en-dwg\/lavadora-en-dwg-coleccion-completa\/#breadcrumb\"},\"inLanguage\":\"es\",\"potentialAction\":[{\"@type\":\"ReadAction\",\"target\":[\"https:\/\/icadblock.com\/es\/cocina-en-dwg\/electrodomesticos-de-cocina-en-dwg\/lavadora-en-dwg-coleccion-completa\/\"]}]},{\"@type\":\"ImageObject\",\"inLanguage\":\"es\",\"@id\":\"https:\/\/icadblock.com\/es\/cocina-en-dwg\/electrodomesticos-de-cocina-en-dwg\/lavadora-en-dwg-coleccion-completa\/#primaryimage\",\"url\":\"https:\/\/icadblock.com\/wp-content\/uploads\/2022\/11\/washing-machine-dwg.webp\",\"contentUrl\":\"https:\/\/icadblock.com\/wp-content\/uploads\/2022\/11\/washing-machine-dwg.webp\",\"width\":740,\"height\":500,\"caption\":\"Lavadora en DWG\"},{\"@type\":\"BreadcrumbList\",\"@id\":\"https:\/\/icadblock.com\/es\/cocina-en-dwg\/electrodomesticos-de-cocina-en-dwg\/lavadora-en-dwg-coleccion-completa\/#breadcrumb\",\"itemListElement\":[{\"@type\":\"ListItem\",\"position\":1,\"name\":\"Home\",\"item\":\"https:\/\/icadblock.com\/es\/\"},{\"@type\":\"ListItem\",\"position\":2,\"name\":\"Cocina en DWG, colecci\u00f3n completa.\",\"item\":\"https:\/\/icadblock.com\/es\/cocina-en-dwg\/\"},{\"@type\":\"ListItem\",\"position\":3,\"name\":\"Electrodom\u00e9sticos de cocina en DWG\",\"item\":\"https:\/\/icadblock.com\/es\/cocina-en-dwg\/electrodomesticos-de-cocina-en-dwg\/\"},{\"@type\":\"ListItem\",\"position\":4,\"name\":\"Lavadora en DWG, Colecci\u00f3n completa\"}]},{\"@type\":\"WebSite\",\"@id\":\"https:\/\/icadblock.com\/es\/#website\",\"url\":\"https:\/\/icadblock.com\/es\/\",\"name\":\"iCADBLOCK\",\"description\":\"CAD Block free download, 2d DWG models in plan\",\"publisher\":{\"@id\":\"https:\/\/icadblock.com\/es\/#organization\"},\"potentialAction\":[{\"@type\":\"SearchAction\",\"target\":{\"@type\":\"EntryPoint\",\"urlTemplate\":\"https:\/\/icadblock.com\/es\/?s={search_term_string}\"},\"query-input\":{\"@type\":\"PropertyValueSpecification\",\"valueRequired\":true,\"valueName\":\"search_term_string\"}}],\"inLanguage\":\"es\"},{\"@type\":\"Organization\",\"@id\":\"https:\/\/icadblock.com\/es\/#organization\",\"name\":\"icadblock\",\"url\":\"https:\/\/icadblock.com\/es\/\",\"logo\":{\"@type\":\"ImageObject\",\"inLanguage\":\"es\",\"@id\":\"https:\/\/icadblock.com\/es\/#\/schema\/logo\/image\/\",\"url\":\"https:\/\/icadblock.com\/wp-content\/uploads\/2022\/02\/LOGO.png\",\"contentUrl\":\"https:\/\/icadblock.com\/wp-content\/uploads\/2022\/02\/LOGO.png\",\"width\":546,\"height\":125,\"caption\":\"icadblock\"},\"image\":{\"@id\":\"https:\/\/icadblock.com\/es\/#\/schema\/logo\/image\/\"}}]}<\/script>\n<!-- \/ Yoast SEO plugin. -->","yoast_head_json":{"title":"Lavadora en DWG, Colecci\u00f3n completa - iCADBLOCK","description":"Aqu\u00ed, en esta p\u00e1gina, proporcionamos una colecci\u00f3n completa de\u00a0Lavadora\u00a0en DWG. Estos bloques CAD se dibujan en vistas en planta y en alzado.","robots":{"index":"index","follow":"follow","max-snippet":"max-snippet:-1","max-image-preview":"max-image-preview:large","max-video-preview":"max-video-preview:-1"},"canonical":"https:\/\/icadblock.com\/es\/cocina-en-dwg\/electrodomesticos-de-cocina-en-dwg\/lavadora-en-dwg-coleccion-completa\/","og_locale":"es_ES","og_type":"article","og_title":"Lavadora en DWG, Colecci\u00f3n completa - iCADBLOCK","og_description":"Aqu\u00ed, en esta p\u00e1gina, proporcionamos una colecci\u00f3n completa de\u00a0Lavadora\u00a0en DWG. Estos bloques CAD se dibujan en vistas en planta y en alzado.","og_url":"https:\/\/icadblock.com\/es\/cocina-en-dwg\/electrodomesticos-de-cocina-en-dwg\/lavadora-en-dwg-coleccion-completa\/","og_site_name":"iCADBLOCK","article_modified_time":"2023-12-23T10:22:46+00:00","og_image":[{"width":740,"height":500,"url":"https:\/\/icadblock.com\/wp-content\/uploads\/2022\/11\/washing-machine-dwg.webp","type":"image\/webp"}],"twitter_card":"summary_large_image","twitter_misc":{"Tiempo de lectura":"2 minutos"},"schema":{"@context":"https:\/\/schema.org","@graph":[{"@type":"WebPage","@id":"https:\/\/icadblock.com\/es\/cocina-en-dwg\/electrodomesticos-de-cocina-en-dwg\/lavadora-en-dwg-coleccion-completa\/","url":"https:\/\/icadblock.com\/es\/cocina-en-dwg\/electrodomesticos-de-cocina-en-dwg\/lavadora-en-dwg-coleccion-completa\/","name":"Lavadora en DWG, Colecci\u00f3n completa - iCADBLOCK","isPartOf":{"@id":"https:\/\/icadblock.com\/es\/#website"},"primaryImageOfPage":{"@id":"https:\/\/icadblock.com\/es\/cocina-en-dwg\/electrodomesticos-de-cocina-en-dwg\/lavadora-en-dwg-coleccion-completa\/#primaryimage"},"image":{"@id":"https:\/\/icadblock.com\/es\/cocina-en-dwg\/electrodomesticos-de-cocina-en-dwg\/lavadora-en-dwg-coleccion-completa\/#primaryimage"},"thumbnailUrl":"https:\/\/icadblock.com\/wp-content\/uploads\/2022\/11\/washing-machine-dwg.webp","datePublished":"2022-11-14T14:17:16+00:00","dateModified":"2023-12-23T10:22:46+00:00","description":"Aqu\u00ed, en esta p\u00e1gina, proporcionamos una colecci\u00f3n completa de\u00a0Lavadora\u00a0en DWG. Estos bloques CAD se dibujan en vistas en planta y en alzado.","breadcrumb":{"@id":"https:\/\/icadblock.com\/es\/cocina-en-dwg\/electrodomesticos-de-cocina-en-dwg\/lavadora-en-dwg-coleccion-completa\/#breadcrumb"},"inLanguage":"es","potentialAction":[{"@type":"ReadAction","target":["https:\/\/icadblock.com\/es\/cocina-en-dwg\/electrodomesticos-de-cocina-en-dwg\/lavadora-en-dwg-coleccion-completa\/"]}]},{"@type":"ImageObject","inLanguage":"es","@id":"https:\/\/icadblock.com\/es\/cocina-en-dwg\/electrodomesticos-de-cocina-en-dwg\/lavadora-en-dwg-coleccion-completa\/#primaryimage","url":"https:\/\/icadblock.com\/wp-content\/uploads\/2022\/11\/washing-machine-dwg.webp","contentUrl":"https:\/\/icadblock.com\/wp-content\/uploads\/2022\/11\/washing-machine-dwg.webp","width":740,"height":500,"caption":"Lavadora en DWG"},{"@type":"BreadcrumbList","@id":"https:\/\/icadblock.com\/es\/cocina-en-dwg\/electrodomesticos-de-cocina-en-dwg\/lavadora-en-dwg-coleccion-completa\/#breadcrumb","itemListElement":[{"@type":"ListItem","position":1,"name":"Home","item":"https:\/\/icadblock.com\/es\/"},{"@type":"ListItem","position":2,"name":"Cocina en DWG, colecci\u00f3n completa.","item":"https:\/\/icadblock.com\/es\/cocina-en-dwg\/"},{"@type":"ListItem","position":3,"name":"Electrodom\u00e9sticos de cocina en DWG","item":"https:\/\/icadblock.com\/es\/cocina-en-dwg\/electrodomesticos-de-cocina-en-dwg\/"},{"@type":"ListItem","position":4,"name":"Lavadora en DWG, Colecci\u00f3n completa"}]},{"@type":"WebSite","@id":"https:\/\/icadblock.com\/es\/#website","url":"https:\/\/icadblock.com\/es\/","name":"iCADBLOCK","description":"CAD Block free download, 2d DWG models in plan","publisher":{"@id":"https:\/\/icadblock.com\/es\/#organization"},"potentialAction":[{"@type":"SearchAction","target":{"@type":"EntryPoint","urlTemplate":"https:\/\/icadblock.com\/es\/?s={search_term_string}"},"query-input":{"@type":"PropertyValueSpecification","valueRequired":true,"valueName":"search_term_string"}}],"inLanguage":"es"},{"@type":"Organization","@id":"https:\/\/icadblock.com\/es\/#organization","name":"icadblock","url":"https:\/\/icadblock.com\/es\/","logo":{"@type":"ImageObject","inLanguage":"es","@id":"https:\/\/icadblock.com\/es\/#\/schema\/logo\/image\/","url":"https:\/\/icadblock.com\/wp-content\/uploads\/2022\/02\/LOGO.png","contentUrl":"https:\/\/icadblock.com\/wp-content\/uploads\/2022\/02\/LOGO.png","width":546,"height":125,"caption":"icadblock"},"image":{"@id":"https:\/\/icadblock.com\/es\/#\/schema\/logo\/image\/"}}]}},"_links":{"self":[{"href":"https:\/\/icadblock.com\/es\/wp-json\/wp\/v2\/pages\/9309","targetHints":{"allow":["GET"]}}],"collection":[{"href":"https:\/\/icadblock.com\/es\/wp-json\/wp\/v2\/pages"}],"about":[{"href":"https:\/\/icadblock.com\/es\/wp-json\/wp\/v2\/types\/page"}],"author":[{"embeddable":true,"href":"https:\/\/icadblock.com\/es\/wp-json\/wp\/v2\/users\/2"}],"replies":[{"embeddable":true,"href":"https:\/\/icadblock.com\/es\/wp-json\/wp\/v2\/comments?post=9309"}],"version-history":[{"count":4,"href":"https:\/\/icadblock.com\/es\/wp-json\/wp\/v2\/pages\/9309\/revisions"}],"predecessor-version":[{"id":9313,"href":"https:\/\/icadblock.com\/es\/wp-json\/wp\/v2\/pages\/9309\/revisions\/9313"}],"up":[{"embeddable":true,"href":"https:\/\/icadblock.com\/es\/wp-json\/wp\/v2\/pages\/9243"}],"wp:featuredmedia":[{"embeddable":true,"href":"https:\/\/icadblock.com\/es\/wp-json\/wp\/v2\/media\/8182"}],"wp:attachment":[{"href":"https:\/\/icadblock.com\/es\/wp-json\/wp\/v2\/media?parent=9309"}],"curies":[{"name":"wp","href":"https:\/\/api.w.org\/{rel}","templated":true}]}}