{"id":9314,"date":"2022-11-22T14:13:22","date_gmt":"2022-11-22T14:13:22","guid":{"rendered":"https:\/\/icadblock.com\/?page_id=9314"},"modified":"2023-12-23T10:31:29","modified_gmt":"2023-12-23T10:31:29","slug":"palmera-en-dwg","status":"publish","type":"page","link":"https:\/\/icadblock.com\/es\/coleccion-de-plantas-en-dwg-autocad\/arboles-en-dwg-autocad\/palmera-en-dwg\/","title":{"rendered":"Palmera en DWG, planta y alzado"},"content":{"rendered":"\t\t<div data-elementor-type=\"wp-page\" data-elementor-id=\"9314\" class=\"elementor elementor-9314 elementor-3301\" data-elementor-post-type=\"page\">\n\t\t\t\t\t\t<section class=\"elementor-section elementor-top-section elementor-element elementor-element-7776b3e elementor-section-boxed elementor-section-height-default elementor-section-height-default\" data-id=\"7776b3e\" data-element_type=\"section\">\n\t\t\t\t\t\t<div class=\"elementor-container elementor-column-gap-default\">\n\t\t\t\t\t<div class=\"elementor-column elementor-col-50 elementor-top-column elementor-element elementor-element-4d16109\" data-id=\"4d16109\" data-element_type=\"column\">\n\t\t\t<div class=\"elementor-widget-wrap elementor-element-populated\">\n\t\t\t\t\t\t<div class=\"elementor-element elementor-element-6227b9b elementor-widget elementor-widget-text-editor\" data-id=\"6227b9b\" data-element_type=\"widget\" data-widget_type=\"text-editor.default\">\n\t\t\t\t<div class=\"elementor-widget-container\">\n\t\t\t<style>\/*! elementor - v3.21.0 - 30-04-2024 *\/\n.elementor-widget-text-editor.elementor-drop-cap-view-stacked .elementor-drop-cap{background-color:#69727d;color:#fff}.elementor-widget-text-editor.elementor-drop-cap-view-framed .elementor-drop-cap{color:#69727d;border:3px solid;background-color:transparent}.elementor-widget-text-editor:not(.elementor-drop-cap-view-default) .elementor-drop-cap{margin-top:8px}.elementor-widget-text-editor:not(.elementor-drop-cap-view-default) .elementor-drop-cap-letter{width:1em;height:1em}.elementor-widget-text-editor .elementor-drop-cap{float:left;text-align:center;line-height:1;font-size:50px}.elementor-widget-text-editor .elementor-drop-cap-letter{display:inline-block}<\/style>\t\t\t\t<p>Aqu\u00ed, en esta p\u00e1gina, proporcionamos una <strong>palmera en DWG.<\/strong><\/p><p>Hay muchas palmeras DWG en vistas en planta y en alzado.<\/p><p>Mire los siguientes bloques CAD y elija los mejores modelos DWG que satisfagan sus necesidades.<\/p><p>No olvide marcar esta p\u00e1gina como favorita para futuras actualizaciones.<\/p>\t\t\t\t\t\t<\/div>\n\t\t\t\t<\/div>\n\t\t\t\t<div class=\"elementor-element elementor-element-0c0d698 elementor-widget elementor-widget-heading\" data-id=\"0c0d698\" data-element_type=\"widget\" data-widget_type=\"heading.default\">\n\t\t\t\t<div class=\"elementor-widget-container\">\n\t\t\t<style>\/*! elementor - v3.21.0 - 30-04-2024 *\/\n.elementor-heading-title{padding:0;margin:0;line-height:1}.elementor-widget-heading .elementor-heading-title[class*=elementor-size-]>a{color:inherit;font-size:inherit;line-height:inherit}.elementor-widget-heading .elementor-heading-title.elementor-size-small{font-size:15px}.elementor-widget-heading .elementor-heading-title.elementor-size-medium{font-size:19px}.elementor-widget-heading .elementor-heading-title.elementor-size-large{font-size:29px}.elementor-widget-heading .elementor-heading-title.elementor-size-xl{font-size:39px}.elementor-widget-heading .elementor-heading-title.elementor-size-xxl{font-size:59px}<\/style><h2 class=\"elementor-heading-title elementor-size-default\">Palmera en DWG<\/h2>\t\t<\/div>\n\t\t\t\t<\/div>\n\t\t\t\t<div class=\"elementor-element elementor-element-c5960bf elementor-widget elementor-widget-text-editor\" data-id=\"c5960bf\" data-element_type=\"widget\" data-widget_type=\"text-editor.default\">\n\t\t\t\t<div class=\"elementor-widget-container\">\n\t\t\t\t\t\t\t<p style=\"font-family: Roboto, sans-serif; font-size: 16px; font-weight: 400; font-style: normal;\">Adem\u00e1s, si desea descargar otros bloques CAD relacionados, puede hacer clic en los siguientes enlaces:<\/p><p style=\"font-family: Roboto, sans-serif; font-size: 16px; font-weight: 400; font-style: normal;\"><strong><span style=\"color: #ff0000;\">*** <\/span><a href=\"https:\/\/icadblock.com\/es\/coleccion-de-plantas-en-dwg-autocad\/arboles-en-dwg-autocad\/\"><em>\u00c1rboles en DWG AutoCAD<\/em><\/a><\/strong><\/p><p style=\"font-family: Roboto, sans-serif; font-size: 16px; font-weight: 400; font-style: normal;\"><strong><span style=\"color: #ff0000;\">*** <\/span><a href=\"https:\/\/icadblock.com\/es\/coleccion-de-plantas-en-dwg-autocad\/arboles-en-dwg-autocad\/pino-dwg-en-planta-y-alzado\/\"><em>Pino DWG en planta y alzado<\/em><\/a><\/strong><\/p><h3 style=\"font-style: normal;\"><span style=\"font-size: 20px; color: #0000ff;\">Notas:<\/span><\/h3><p style=\"font-family: Roboto, sans-serif; font-size: 16px; font-weight: 400; font-style: normal;\">Los \u00e1rboles juegan un papel importante en la composici\u00f3n del boceto.<\/p><p style=\"font-family: Roboto, sans-serif; font-size: 16px; font-weight: 400; font-style: normal;\">La palmera es uno de los \u00e1rboles m\u00e1s utilizados en los dibujos arquitect\u00f3nicos.<\/p><p style=\"font-family: Roboto, sans-serif; font-size: 16px; font-weight: 400; font-style: normal;\">La mayor\u00eda de los arquitectos utilizan Palm Tree CAD Block en sus dibujos para que se vean m\u00e1s hermosos.<\/p><p style=\"font-family: Roboto, sans-serif; font-size: 16px; font-weight: 400; font-style: normal;\">Adem\u00e1s, pueden crear espacios verdes, haciendo as\u00ed que los espacios sean m\u00e1s f\u00e1ciles de entender.<\/p><p style=\"font-family: Roboto, sans-serif; font-size: 16px; font-weight: 400; font-style: normal;\">Si est\u00e1 dibujando un plano del sitio, puede usar las vistas superiores de las palmeras y, en el caso de que desee dibujar un alzado del plano, puede usar las vistas en alzado.<\/p><p style=\"font-family: Roboto, sans-serif; font-size: 16px; font-weight: 400; font-style: normal;\">La mayor\u00eda de los arquitectos utilizan diferentes tipos de \u00e1rboles al dibujar la fachada y los colocan al lado de la fachada.<\/p><p style=\"font-family: Roboto, sans-serif; font-size: 16px; font-weight: 400; font-style: normal;\">As\u00ed que no pierda el tiempo y utilice estos hermosos bloques CAD en sus planos arquitect\u00f3nicos y de paisajismo.<\/p>\t\t\t\t\t\t<\/div>\n\t\t\t\t<\/div>\n\t\t\t\t\t<\/div>\n\t\t<\/div>\n\t\t\t\t<div class=\"jet-sticky-column-sticky elementor-column elementor-col-50 elementor-top-column elementor-element elementor-element-571d95b\" data-jet-sticky-column-settings=\"{&quot;id&quot;:&quot;571d95b&quot;,&quot;sticky&quot;:true,&quot;topSpacing&quot;:50,&quot;bottomSpacing&quot;:50,&quot;stickyOn&quot;:[&quot;desktop&quot;,&quot;tablet&quot;]}\" data-id=\"571d95b\" data-element_type=\"column\">\n\t\t\t<div class=\"elementor-widget-wrap elementor-element-populated\">\n\t\t\t\t\t\t\t<\/div>\n\t\t<\/div>\n\t\t\t\t\t<\/div>\n\t\t<\/section>\n\t\t\t\t<\/div>\n\t\t","protected":false},"excerpt":{"rendered":"<p>Aqu\u00ed, en esta p\u00e1gina, proporcionamos una palmera en DWG. Hay muchas palmeras DWG en vistas en planta y en alzado. [&hellip;]<\/p>\n","protected":false},"author":2,"featured_media":8184,"parent":9040,"menu_order":0,"comment_status":"closed","ping_status":"closed","template":"","meta":{"site-sidebar-layout":"default","site-content-layout":"","ast-site-content-layout":"","site-content-style":"default","site-sidebar-style":"default","ast-global-header-display":"","ast-banner-title-visibility":"","ast-main-header-display":"","ast-hfb-above-header-display":"","ast-hfb-below-header-display":"","ast-hfb-mobile-header-display":"","site-post-title":"","ast-breadcrumbs-content":"","ast-featured-img":"","footer-sml-layout":"","theme-transparent-header-meta":"","adv-header-id-meta":"","stick-header-meta":"","header-above-stick-meta":"","header-main-stick-meta":"","header-below-stick-meta":"","astra-migrate-meta-layouts":"default","ast-page-background-enabled":"default","ast-page-background-meta":{"desktop":{"background-color":"var(--ast-global-color-4)","background-image":"","background-repeat":"repeat","background-position":"center center","background-size":"auto","background-attachment":"scroll","background-type":"","background-media":"","overlay-type":"","overlay-color":"","overlay-gradient":""},"tablet":{"background-color":"","background-image":"","background-repeat":"repeat","background-position":"center center","background-size":"auto","background-attachment":"scroll","background-type":"","background-media":"","overlay-type":"","overlay-color":"","overlay-gradient":""},"mobile":{"background-color":"","background-image":"","background-repeat":"repeat","background-position":"center center","background-size":"auto","background-attachment":"scroll","background-type":"","background-media":"","overlay-type":"","overlay-color":"","overlay-gradient":""}},"ast-content-background-meta":{"desktop":{"background-color":"var(--ast-global-color-5)","background-image":"","background-repeat":"repeat","background-position":"center center","background-size":"auto","background-attachment":"scroll","background-type":"","background-media":"","overlay-type":"","overlay-color":"","overlay-gradient":""},"tablet":{"background-color":"var(--ast-global-color-5)","background-image":"","background-repeat":"repeat","background-position":"center center","background-size":"auto","background-attachment":"scroll","background-type":"","background-media":"","overlay-type":"","overlay-color":"","overlay-gradient":""},"mobile":{"background-color":"var(--ast-global-color-5)","background-image":"","background-repeat":"repeat","background-position":"center center","background-size":"auto","background-attachment":"scroll","background-type":"","background-media":"","overlay-type":"","overlay-color":"","overlay-gradient":""}},"footnotes":""},"class_list":["post-9314","page","type-page","status-publish","has-post-thumbnail","hentry"],"yoast_head":"<!-- This site is optimized with the Yoast SEO plugin v26.0 - https:\/\/yoast.com\/wordpress\/plugins\/seo\/ -->\n<title>Palmera en DWG, planta y alzado - iCADBLOCK<\/title>\n<meta name=\"description\" content=\"Aqu\u00ed, en esta p\u00e1gina, proporcionamos una palmera en DWG. Hay muchas palmeras DWG en vistas en planta y en alzado.\" \/>\n<meta name=\"robots\" content=\"index, follow, max-snippet:-1, max-image-preview:large, max-video-preview:-1\" \/>\n<link rel=\"canonical\" href=\"https:\/\/icadblock.com\/es\/coleccion-de-plantas-en-dwg-autocad\/arboles-en-dwg-autocad\/palmera-en-dwg\/\" \/>\n<meta property=\"og:locale\" content=\"es_ES\" \/>\n<meta property=\"og:type\" content=\"article\" \/>\n<meta property=\"og:title\" content=\"Palmera en DWG, planta y alzado - iCADBLOCK\" \/>\n<meta property=\"og:description\" content=\"Aqu\u00ed, en esta p\u00e1gina, proporcionamos una palmera en DWG. Hay muchas palmeras DWG en vistas en planta y en alzado.\" \/>\n<meta property=\"og:url\" content=\"https:\/\/icadblock.com\/es\/coleccion-de-plantas-en-dwg-autocad\/arboles-en-dwg-autocad\/palmera-en-dwg\/\" \/>\n<meta property=\"og:site_name\" content=\"iCADBLOCK\" \/>\n<meta property=\"article:modified_time\" content=\"2023-12-23T10:31:29+00:00\" \/>\n<meta property=\"og:image\" content=\"https:\/\/icadblock.com\/wp-content\/uploads\/2022\/11\/palm-tree.png\" \/>\n\t<meta property=\"og:image:width\" content=\"740\" \/>\n\t<meta property=\"og:image:height\" content=\"500\" \/>\n\t<meta property=\"og:image:type\" content=\"image\/png\" \/>\n<meta name=\"twitter:card\" content=\"summary_large_image\" \/>\n<meta name=\"twitter:label1\" content=\"Tiempo de lectura\" \/>\n\t<meta name=\"twitter:data1\" content=\"2 minutos\" \/>\n<script type=\"application\/ld+json\" class=\"yoast-schema-graph\">{\"@context\":\"https:\/\/schema.org\",\"@graph\":[{\"@type\":\"WebPage\",\"@id\":\"https:\/\/icadblock.com\/es\/coleccion-de-plantas-en-dwg-autocad\/arboles-en-dwg-autocad\/palmera-en-dwg\/\",\"url\":\"https:\/\/icadblock.com\/es\/coleccion-de-plantas-en-dwg-autocad\/arboles-en-dwg-autocad\/palmera-en-dwg\/\",\"name\":\"Palmera en DWG, planta y alzado - iCADBLOCK\",\"isPartOf\":{\"@id\":\"https:\/\/icadblock.com\/es\/#website\"},\"primaryImageOfPage\":{\"@id\":\"https:\/\/icadblock.com\/es\/coleccion-de-plantas-en-dwg-autocad\/arboles-en-dwg-autocad\/palmera-en-dwg\/#primaryimage\"},\"image\":{\"@id\":\"https:\/\/icadblock.com\/es\/coleccion-de-plantas-en-dwg-autocad\/arboles-en-dwg-autocad\/palmera-en-dwg\/#primaryimage\"},\"thumbnailUrl\":\"https:\/\/icadblock.com\/wp-content\/uploads\/2022\/11\/palm-tree.png\",\"datePublished\":\"2022-11-22T14:13:22+00:00\",\"dateModified\":\"2023-12-23T10:31:29+00:00\",\"description\":\"Aqu\u00ed, en esta p\u00e1gina, proporcionamos una palmera en DWG. Hay muchas palmeras DWG en vistas en planta y en alzado.\",\"breadcrumb\":{\"@id\":\"https:\/\/icadblock.com\/es\/coleccion-de-plantas-en-dwg-autocad\/arboles-en-dwg-autocad\/palmera-en-dwg\/#breadcrumb\"},\"inLanguage\":\"es\",\"potentialAction\":[{\"@type\":\"ReadAction\",\"target\":[\"https:\/\/icadblock.com\/es\/coleccion-de-plantas-en-dwg-autocad\/arboles-en-dwg-autocad\/palmera-en-dwg\/\"]}]},{\"@type\":\"ImageObject\",\"inLanguage\":\"es\",\"@id\":\"https:\/\/icadblock.com\/es\/coleccion-de-plantas-en-dwg-autocad\/arboles-en-dwg-autocad\/palmera-en-dwg\/#primaryimage\",\"url\":\"https:\/\/icadblock.com\/wp-content\/uploads\/2022\/11\/palm-tree.png\",\"contentUrl\":\"https:\/\/icadblock.com\/wp-content\/uploads\/2022\/11\/palm-tree.png\",\"width\":740,\"height\":500,\"caption\":\"Palmera en DWG\"},{\"@type\":\"BreadcrumbList\",\"@id\":\"https:\/\/icadblock.com\/es\/coleccion-de-plantas-en-dwg-autocad\/arboles-en-dwg-autocad\/palmera-en-dwg\/#breadcrumb\",\"itemListElement\":[{\"@type\":\"ListItem\",\"position\":1,\"name\":\"Home\",\"item\":\"https:\/\/icadblock.com\/es\/\"},{\"@type\":\"ListItem\",\"position\":2,\"name\":\"Colecci\u00f3n de plantas en DWG AutoCAD\",\"item\":\"https:\/\/icadblock.com\/es\/coleccion-de-plantas-en-dwg-autocad\/\"},{\"@type\":\"ListItem\",\"position\":3,\"name\":\"\u00c1rboles en DWG AutoCAD, colecci\u00f3n\",\"item\":\"https:\/\/icadblock.com\/es\/coleccion-de-plantas-en-dwg-autocad\/arboles-en-dwg-autocad\/\"},{\"@type\":\"ListItem\",\"position\":4,\"name\":\"Palmera en DWG, planta y alzado\"}]},{\"@type\":\"WebSite\",\"@id\":\"https:\/\/icadblock.com\/es\/#website\",\"url\":\"https:\/\/icadblock.com\/es\/\",\"name\":\"iCADBLOCK\",\"description\":\"CAD Block free download, 2d DWG models in plan\",\"publisher\":{\"@id\":\"https:\/\/icadblock.com\/es\/#organization\"},\"potentialAction\":[{\"@type\":\"SearchAction\",\"target\":{\"@type\":\"EntryPoint\",\"urlTemplate\":\"https:\/\/icadblock.com\/es\/?s={search_term_string}\"},\"query-input\":{\"@type\":\"PropertyValueSpecification\",\"valueRequired\":true,\"valueName\":\"search_term_string\"}}],\"inLanguage\":\"es\"},{\"@type\":\"Organization\",\"@id\":\"https:\/\/icadblock.com\/es\/#organization\",\"name\":\"icadblock\",\"url\":\"https:\/\/icadblock.com\/es\/\",\"logo\":{\"@type\":\"ImageObject\",\"inLanguage\":\"es\",\"@id\":\"https:\/\/icadblock.com\/es\/#\/schema\/logo\/image\/\",\"url\":\"https:\/\/icadblock.com\/wp-content\/uploads\/2022\/02\/LOGO.png\",\"contentUrl\":\"https:\/\/icadblock.com\/wp-content\/uploads\/2022\/02\/LOGO.png\",\"width\":546,\"height\":125,\"caption\":\"icadblock\"},\"image\":{\"@id\":\"https:\/\/icadblock.com\/es\/#\/schema\/logo\/image\/\"}}]}<\/script>\n<!-- \/ Yoast SEO plugin. -->","yoast_head_json":{"title":"Palmera en DWG, planta y alzado - iCADBLOCK","description":"Aqu\u00ed, en esta p\u00e1gina, proporcionamos una palmera en DWG. Hay muchas palmeras DWG en vistas en planta y en alzado.","robots":{"index":"index","follow":"follow","max-snippet":"max-snippet:-1","max-image-preview":"max-image-preview:large","max-video-preview":"max-video-preview:-1"},"canonical":"https:\/\/icadblock.com\/es\/coleccion-de-plantas-en-dwg-autocad\/arboles-en-dwg-autocad\/palmera-en-dwg\/","og_locale":"es_ES","og_type":"article","og_title":"Palmera en DWG, planta y alzado - iCADBLOCK","og_description":"Aqu\u00ed, en esta p\u00e1gina, proporcionamos una palmera en DWG. Hay muchas palmeras DWG en vistas en planta y en alzado.","og_url":"https:\/\/icadblock.com\/es\/coleccion-de-plantas-en-dwg-autocad\/arboles-en-dwg-autocad\/palmera-en-dwg\/","og_site_name":"iCADBLOCK","article_modified_time":"2023-12-23T10:31:29+00:00","og_image":[{"width":740,"height":500,"url":"https:\/\/icadblock.com\/wp-content\/uploads\/2022\/11\/palm-tree.png","type":"image\/png"}],"twitter_card":"summary_large_image","twitter_misc":{"Tiempo de lectura":"2 minutos"},"schema":{"@context":"https:\/\/schema.org","@graph":[{"@type":"WebPage","@id":"https:\/\/icadblock.com\/es\/coleccion-de-plantas-en-dwg-autocad\/arboles-en-dwg-autocad\/palmera-en-dwg\/","url":"https:\/\/icadblock.com\/es\/coleccion-de-plantas-en-dwg-autocad\/arboles-en-dwg-autocad\/palmera-en-dwg\/","name":"Palmera en DWG, planta y alzado - iCADBLOCK","isPartOf":{"@id":"https:\/\/icadblock.com\/es\/#website"},"primaryImageOfPage":{"@id":"https:\/\/icadblock.com\/es\/coleccion-de-plantas-en-dwg-autocad\/arboles-en-dwg-autocad\/palmera-en-dwg\/#primaryimage"},"image":{"@id":"https:\/\/icadblock.com\/es\/coleccion-de-plantas-en-dwg-autocad\/arboles-en-dwg-autocad\/palmera-en-dwg\/#primaryimage"},"thumbnailUrl":"https:\/\/icadblock.com\/wp-content\/uploads\/2022\/11\/palm-tree.png","datePublished":"2022-11-22T14:13:22+00:00","dateModified":"2023-12-23T10:31:29+00:00","description":"Aqu\u00ed, en esta p\u00e1gina, proporcionamos una palmera en DWG. Hay muchas palmeras DWG en vistas en planta y en alzado.","breadcrumb":{"@id":"https:\/\/icadblock.com\/es\/coleccion-de-plantas-en-dwg-autocad\/arboles-en-dwg-autocad\/palmera-en-dwg\/#breadcrumb"},"inLanguage":"es","potentialAction":[{"@type":"ReadAction","target":["https:\/\/icadblock.com\/es\/coleccion-de-plantas-en-dwg-autocad\/arboles-en-dwg-autocad\/palmera-en-dwg\/"]}]},{"@type":"ImageObject","inLanguage":"es","@id":"https:\/\/icadblock.com\/es\/coleccion-de-plantas-en-dwg-autocad\/arboles-en-dwg-autocad\/palmera-en-dwg\/#primaryimage","url":"https:\/\/icadblock.com\/wp-content\/uploads\/2022\/11\/palm-tree.png","contentUrl":"https:\/\/icadblock.com\/wp-content\/uploads\/2022\/11\/palm-tree.png","width":740,"height":500,"caption":"Palmera en DWG"},{"@type":"BreadcrumbList","@id":"https:\/\/icadblock.com\/es\/coleccion-de-plantas-en-dwg-autocad\/arboles-en-dwg-autocad\/palmera-en-dwg\/#breadcrumb","itemListElement":[{"@type":"ListItem","position":1,"name":"Home","item":"https:\/\/icadblock.com\/es\/"},{"@type":"ListItem","position":2,"name":"Colecci\u00f3n de plantas en DWG AutoCAD","item":"https:\/\/icadblock.com\/es\/coleccion-de-plantas-en-dwg-autocad\/"},{"@type":"ListItem","position":3,"name":"\u00c1rboles en DWG AutoCAD, colecci\u00f3n","item":"https:\/\/icadblock.com\/es\/coleccion-de-plantas-en-dwg-autocad\/arboles-en-dwg-autocad\/"},{"@type":"ListItem","position":4,"name":"Palmera en DWG, planta y alzado"}]},{"@type":"WebSite","@id":"https:\/\/icadblock.com\/es\/#website","url":"https:\/\/icadblock.com\/es\/","name":"iCADBLOCK","description":"CAD Block free download, 2d DWG models in plan","publisher":{"@id":"https:\/\/icadblock.com\/es\/#organization"},"potentialAction":[{"@type":"SearchAction","target":{"@type":"EntryPoint","urlTemplate":"https:\/\/icadblock.com\/es\/?s={search_term_string}"},"query-input":{"@type":"PropertyValueSpecification","valueRequired":true,"valueName":"search_term_string"}}],"inLanguage":"es"},{"@type":"Organization","@id":"https:\/\/icadblock.com\/es\/#organization","name":"icadblock","url":"https:\/\/icadblock.com\/es\/","logo":{"@type":"ImageObject","inLanguage":"es","@id":"https:\/\/icadblock.com\/es\/#\/schema\/logo\/image\/","url":"https:\/\/icadblock.com\/wp-content\/uploads\/2022\/02\/LOGO.png","contentUrl":"https:\/\/icadblock.com\/wp-content\/uploads\/2022\/02\/LOGO.png","width":546,"height":125,"caption":"icadblock"},"image":{"@id":"https:\/\/icadblock.com\/es\/#\/schema\/logo\/image\/"}}]}},"_links":{"self":[{"href":"https:\/\/icadblock.com\/es\/wp-json\/wp\/v2\/pages\/9314","targetHints":{"allow":["GET"]}}],"collection":[{"href":"https:\/\/icadblock.com\/es\/wp-json\/wp\/v2\/pages"}],"about":[{"href":"https:\/\/icadblock.com\/es\/wp-json\/wp\/v2\/types\/page"}],"author":[{"embeddable":true,"href":"https:\/\/icadblock.com\/es\/wp-json\/wp\/v2\/users\/2"}],"replies":[{"embeddable":true,"href":"https:\/\/icadblock.com\/es\/wp-json\/wp\/v2\/comments?post=9314"}],"version-history":[{"count":7,"href":"https:\/\/icadblock.com\/es\/wp-json\/wp\/v2\/pages\/9314\/revisions"}],"predecessor-version":[{"id":9321,"href":"https:\/\/icadblock.com\/es\/wp-json\/wp\/v2\/pages\/9314\/revisions\/9321"}],"up":[{"embeddable":true,"href":"https:\/\/icadblock.com\/es\/wp-json\/wp\/v2\/pages\/9040"}],"wp:featuredmedia":[{"embeddable":true,"href":"https:\/\/icadblock.com\/es\/wp-json\/wp\/v2\/media\/8184"}],"wp:attachment":[{"href":"https:\/\/icadblock.com\/es\/wp-json\/wp\/v2\/media?parent=9314"}],"curies":[{"name":"wp","href":"https:\/\/api.w.org\/{rel}","templated":true}]}}