{"id":9329,"date":"2023-04-24T10:48:20","date_gmt":"2023-04-24T10:48:20","guid":{"rendered":"https:\/\/icadblock.com\/?page_id=9329"},"modified":"2023-12-23T11:24:34","modified_gmt":"2023-12-23T11:24:34","slug":"almohada-en-dwg","status":"publish","type":"page","link":"https:\/\/icadblock.com\/es\/coleccion-muebles-dwg-autocad\/cama-en-dwg-autocad\/almohada-en-dwg\/","title":{"rendered":"Almohada en DWG, planta y alzado."},"content":{"rendered":"\t\t<div data-elementor-type=\"wp-page\" data-elementor-id=\"9329\" class=\"elementor elementor-9329 elementor-3451\" data-elementor-post-type=\"page\">\n\t\t\t\t\t\t<section class=\"elementor-section elementor-top-section elementor-element elementor-element-c9d093e elementor-section-boxed elementor-section-height-default elementor-section-height-default\" data-id=\"c9d093e\" data-element_type=\"section\">\n\t\t\t\t\t\t<div class=\"elementor-container elementor-column-gap-default\">\n\t\t\t\t\t<div class=\"elementor-column elementor-col-50 elementor-top-column elementor-element elementor-element-06af5af\" data-id=\"06af5af\" data-element_type=\"column\">\n\t\t\t<div class=\"elementor-widget-wrap elementor-element-populated\">\n\t\t\t\t\t\t<div class=\"elementor-element elementor-element-d26b386 elementor-widget elementor-widget-text-editor\" data-id=\"d26b386\" data-element_type=\"widget\" data-widget_type=\"text-editor.default\">\n\t\t\t\t<div class=\"elementor-widget-container\">\n\t\t\t<style>\/*! elementor - v3.21.0 - 30-04-2024 *\/\n.elementor-widget-text-editor.elementor-drop-cap-view-stacked .elementor-drop-cap{background-color:#69727d;color:#fff}.elementor-widget-text-editor.elementor-drop-cap-view-framed .elementor-drop-cap{color:#69727d;border:3px solid;background-color:transparent}.elementor-widget-text-editor:not(.elementor-drop-cap-view-default) .elementor-drop-cap{margin-top:8px}.elementor-widget-text-editor:not(.elementor-drop-cap-view-default) .elementor-drop-cap-letter{width:1em;height:1em}.elementor-widget-text-editor .elementor-drop-cap{float:left;text-align:center;line-height:1;font-size:50px}.elementor-widget-text-editor .elementor-drop-cap-letter{display:inline-block}<\/style>\t\t\t\t<p>Si buscas una colecci\u00f3n de <strong>Almohadas en DWG<\/strong>, est\u00e1s en el lugar correcto.<\/p><p>Aqu\u00ed puede encontrar muchas almohadas en DWG y en vistas en planta y en alzado que le ayudar\u00e1n a amueblar su plano de planta y sus alzados.<\/p><p>Mire los siguientes modelos DWG y encuentre el mejor dise\u00f1o que satisfaga sus necesidades y util\u00edcelo en sus dibujos.<\/p><p>Marque esta p\u00e1gina como favorita para obtener actualizaciones y otros modelos nuevos.<\/p>\t\t\t\t\t\t<\/div>\n\t\t\t\t<\/div>\n\t\t\t\t<div class=\"elementor-element elementor-element-06f7776 elementor-widget elementor-widget-heading\" data-id=\"06f7776\" data-element_type=\"widget\" data-widget_type=\"heading.default\">\n\t\t\t\t<div class=\"elementor-widget-container\">\n\t\t\t<style>\/*! elementor - v3.21.0 - 30-04-2024 *\/\n.elementor-heading-title{padding:0;margin:0;line-height:1}.elementor-widget-heading .elementor-heading-title[class*=elementor-size-]>a{color:inherit;font-size:inherit;line-height:inherit}.elementor-widget-heading .elementor-heading-title.elementor-size-small{font-size:15px}.elementor-widget-heading .elementor-heading-title.elementor-size-medium{font-size:19px}.elementor-widget-heading .elementor-heading-title.elementor-size-large{font-size:29px}.elementor-widget-heading .elementor-heading-title.elementor-size-xl{font-size:39px}.elementor-widget-heading .elementor-heading-title.elementor-size-xxl{font-size:59px}<\/style><h2 class=\"elementor-heading-title elementor-size-default\">Almohada en DWG<\/h2>\t\t<\/div>\n\t\t\t\t<\/div>\n\t\t\t\t<div class=\"elementor-element elementor-element-17b7df4 elementor-widget elementor-widget-text-editor\" data-id=\"17b7df4\" data-element_type=\"widget\" data-widget_type=\"text-editor.default\">\n\t\t\t\t<div class=\"elementor-widget-container\">\n\t\t\t\t\t\t\t<p style=\"font-style: normal; font-weight: 400; font-family: Roboto, sans-serif; font-size: 16px;\">Si est\u00e1 buscando otros bloques CAD relacionados, simplemente haga clic en los enlaces a continuaci\u00f3n:<\/p><p style=\"font-family: Roboto, sans-serif; font-size: 16px; font-weight: 400; font-style: normal;\"><strong><span style=\"color: #ff0000;\">***Other <\/span><a href=\"https:\/\/icadblock.com\/es\/coleccion-muebles-dwg-autocad\/\"><em>Colecci\u00f3n de muebles DWG<\/em><\/a><\/strong><\/p><p style=\"font-style: normal; font-weight: 400; font-family: Roboto, sans-serif; font-size: 16px;\"><span style=\"color: #ff0000; font-size: 16px;\"><strong>***Other <\/strong><\/span><a href=\"https:\/\/icadblock.com\/es\/coleccion-muebles-dwg-autocad\/cama-en-dwg-autocad\/\"><em><strong>Cama en DWG AutoCAD<\/strong><\/em><\/a><\/p><h3 style=\"font-style: normal;\"><span style=\"color: #0000ff;\">Notas de decoraci\u00f3n:<\/span><\/h3><p style=\"font-style: normal; font-weight: 400; font-family: Roboto, sans-serif; font-size: 16px;\">Hay diferentes tipos de almohadas, como almohadas decorativas, almohadas decorativas y otros tipos de almohadas.<\/p><p style=\"font-style: normal; font-weight: 400; font-family: Roboto, sans-serif; font-size: 16px;\">Como probablemente sepas, estos bloques se utilizan principalmente en los dibujos de dormitorios y, de hecho, en las camas que hemos colocado en el dormitorio como bloque CAD.<\/p><p style=\"font-style: normal; font-weight: 400; font-family: Roboto, sans-serif; font-size: 16px;\">Puedes colocar un bloque Pillow CAD en un cofre o ba\u00fal a los pies de la cama.<\/p><p style=\"font-style: normal; font-weight: 400; font-family: Roboto, sans-serif; font-size: 16px;\">Si desea que su dibujo sea m\u00e1s hermoso y, de hecho, m\u00e1s sensato, le recomiendo que utilice estos modelos DWG.<\/p><p style=\"font-style: normal; font-weight: 400; font-family: Roboto, sans-serif; font-size: 16px;\">H\u00e1ganos saber si est\u00e1 buscando otros bloques CAD.<\/p>\t\t\t\t\t\t<\/div>\n\t\t\t\t<\/div>\n\t\t\t\t\t<\/div>\n\t\t<\/div>\n\t\t\t\t<div class=\"jet-sticky-column-sticky elementor-column elementor-col-50 elementor-top-column elementor-element elementor-element-1ccdda1\" data-jet-sticky-column-settings=\"{&quot;id&quot;:&quot;1ccdda1&quot;,&quot;sticky&quot;:true,&quot;topSpacing&quot;:50,&quot;bottomSpacing&quot;:50,&quot;stickyOn&quot;:[&quot;desktop&quot;,&quot;tablet&quot;]}\" data-id=\"1ccdda1\" data-element_type=\"column\">\n\t\t\t<div class=\"elementor-widget-wrap elementor-element-populated\">\n\t\t\t\t\t\t\t<\/div>\n\t\t<\/div>\n\t\t\t\t\t<\/div>\n\t\t<\/section>\n\t\t\t\t<\/div>\n\t\t","protected":false},"excerpt":{"rendered":"<p>Si buscas una colecci\u00f3n de Almohadas en DWG, est\u00e1s en el lugar correcto. Aqu\u00ed puede encontrar muchas almohadas en DWG [&hellip;]<\/p>\n","protected":false},"author":2,"featured_media":8200,"parent":8964,"menu_order":0,"comment_status":"closed","ping_status":"closed","template":"","meta":{"site-sidebar-layout":"default","site-content-layout":"","ast-site-content-layout":"","site-content-style":"default","site-sidebar-style":"default","ast-global-header-display":"","ast-banner-title-visibility":"","ast-main-header-display":"","ast-hfb-above-header-display":"","ast-hfb-below-header-display":"","ast-hfb-mobile-header-display":"","site-post-title":"","ast-breadcrumbs-content":"","ast-featured-img":"","footer-sml-layout":"","theme-transparent-header-meta":"","adv-header-id-meta":"","stick-header-meta":"","header-above-stick-meta":"","header-main-stick-meta":"","header-below-stick-meta":"","astra-migrate-meta-layouts":"default","ast-page-background-enabled":"default","ast-page-background-meta":{"desktop":{"background-color":"var(--ast-global-color-4)","background-image":"","background-repeat":"repeat","background-position":"center center","background-size":"auto","background-attachment":"scroll","background-type":"","background-media":"","overlay-type":"","overlay-color":"","overlay-gradient":""},"tablet":{"background-color":"","background-image":"","background-repeat":"repeat","background-position":"center center","background-size":"auto","background-attachment":"scroll","background-type":"","background-media":"","overlay-type":"","overlay-color":"","overlay-gradient":""},"mobile":{"background-color":"","background-image":"","background-repeat":"repeat","background-position":"center center","background-size":"auto","background-attachment":"scroll","background-type":"","background-media":"","overlay-type":"","overlay-color":"","overlay-gradient":""}},"ast-content-background-meta":{"desktop":{"background-color":"var(--ast-global-color-5)","background-image":"","background-repeat":"repeat","background-position":"center center","background-size":"auto","background-attachment":"scroll","background-type":"","background-media":"","overlay-type":"","overlay-color":"","overlay-gradient":""},"tablet":{"background-color":"var(--ast-global-color-5)","background-image":"","background-repeat":"repeat","background-position":"center center","background-size":"auto","background-attachment":"scroll","background-type":"","background-media":"","overlay-type":"","overlay-color":"","overlay-gradient":""},"mobile":{"background-color":"var(--ast-global-color-5)","background-image":"","background-repeat":"repeat","background-position":"center center","background-size":"auto","background-attachment":"scroll","background-type":"","background-media":"","overlay-type":"","overlay-color":"","overlay-gradient":""}},"footnotes":""},"class_list":["post-9329","page","type-page","status-publish","has-post-thumbnail","hentry"],"yoast_head":"<!-- This site is optimized with the Yoast SEO plugin v26.0 - https:\/\/yoast.com\/wordpress\/plugins\/seo\/ -->\n<title>Almohada en DWG, planta y alzado. - iCADBLOCK<\/title>\n<meta name=\"description\" content=\"Si buscas una colecci\u00f3n de Almohadas en DWG, est\u00e1s en el lugar correcto. Aqu\u00ed puede encontrar muchas almohadas en DWG y en vistas en planta\" \/>\n<meta name=\"robots\" content=\"index, follow, max-snippet:-1, max-image-preview:large, max-video-preview:-1\" \/>\n<link rel=\"canonical\" href=\"https:\/\/icadblock.com\/es\/coleccion-muebles-dwg-autocad\/cama-en-dwg-autocad\/almohada-en-dwg\/\" \/>\n<meta property=\"og:locale\" content=\"es_ES\" \/>\n<meta property=\"og:type\" content=\"article\" \/>\n<meta property=\"og:title\" content=\"Almohada en DWG, planta y alzado. - iCADBLOCK\" \/>\n<meta property=\"og:description\" content=\"Si buscas una colecci\u00f3n de Almohadas en DWG, est\u00e1s en el lugar correcto. Aqu\u00ed puede encontrar muchas almohadas en DWG y en vistas en planta\" \/>\n<meta property=\"og:url\" content=\"https:\/\/icadblock.com\/es\/coleccion-muebles-dwg-autocad\/cama-en-dwg-autocad\/almohada-en-dwg\/\" \/>\n<meta property=\"og:site_name\" content=\"iCADBLOCK\" \/>\n<meta property=\"article:modified_time\" content=\"2023-12-23T11:24:34+00:00\" \/>\n<meta property=\"og:image\" content=\"https:\/\/icadblock.com\/wp-content\/uploads\/2023\/04\/pillow-cad-block.webp\" \/>\n\t<meta property=\"og:image:width\" content=\"740\" \/>\n\t<meta property=\"og:image:height\" content=\"500\" \/>\n\t<meta property=\"og:image:type\" content=\"image\/webp\" \/>\n<meta name=\"twitter:card\" content=\"summary_large_image\" \/>\n<meta name=\"twitter:label1\" content=\"Tiempo de lectura\" \/>\n\t<meta name=\"twitter:data1\" content=\"2 minutos\" \/>\n<script type=\"application\/ld+json\" class=\"yoast-schema-graph\">{\"@context\":\"https:\/\/schema.org\",\"@graph\":[{\"@type\":\"WebPage\",\"@id\":\"https:\/\/icadblock.com\/es\/coleccion-muebles-dwg-autocad\/cama-en-dwg-autocad\/almohada-en-dwg\/\",\"url\":\"https:\/\/icadblock.com\/es\/coleccion-muebles-dwg-autocad\/cama-en-dwg-autocad\/almohada-en-dwg\/\",\"name\":\"Almohada en DWG, planta y alzado. - iCADBLOCK\",\"isPartOf\":{\"@id\":\"https:\/\/icadblock.com\/es\/#website\"},\"primaryImageOfPage\":{\"@id\":\"https:\/\/icadblock.com\/es\/coleccion-muebles-dwg-autocad\/cama-en-dwg-autocad\/almohada-en-dwg\/#primaryimage\"},\"image\":{\"@id\":\"https:\/\/icadblock.com\/es\/coleccion-muebles-dwg-autocad\/cama-en-dwg-autocad\/almohada-en-dwg\/#primaryimage\"},\"thumbnailUrl\":\"https:\/\/icadblock.com\/wp-content\/uploads\/2023\/04\/pillow-cad-block.webp\",\"datePublished\":\"2023-04-24T10:48:20+00:00\",\"dateModified\":\"2023-12-23T11:24:34+00:00\",\"description\":\"Si buscas una colecci\u00f3n de Almohadas en DWG, est\u00e1s en el lugar correcto. Aqu\u00ed puede encontrar muchas almohadas en DWG y en vistas en planta\",\"breadcrumb\":{\"@id\":\"https:\/\/icadblock.com\/es\/coleccion-muebles-dwg-autocad\/cama-en-dwg-autocad\/almohada-en-dwg\/#breadcrumb\"},\"inLanguage\":\"es\",\"potentialAction\":[{\"@type\":\"ReadAction\",\"target\":[\"https:\/\/icadblock.com\/es\/coleccion-muebles-dwg-autocad\/cama-en-dwg-autocad\/almohada-en-dwg\/\"]}]},{\"@type\":\"ImageObject\",\"inLanguage\":\"es\",\"@id\":\"https:\/\/icadblock.com\/es\/coleccion-muebles-dwg-autocad\/cama-en-dwg-autocad\/almohada-en-dwg\/#primaryimage\",\"url\":\"https:\/\/icadblock.com\/wp-content\/uploads\/2023\/04\/pillow-cad-block.webp\",\"contentUrl\":\"https:\/\/icadblock.com\/wp-content\/uploads\/2023\/04\/pillow-cad-block.webp\",\"width\":740,\"height\":500,\"caption\":\"Almohada en DWG\"},{\"@type\":\"BreadcrumbList\",\"@id\":\"https:\/\/icadblock.com\/es\/coleccion-muebles-dwg-autocad\/cama-en-dwg-autocad\/almohada-en-dwg\/#breadcrumb\",\"itemListElement\":[{\"@type\":\"ListItem\",\"position\":1,\"name\":\"Home\",\"item\":\"https:\/\/icadblock.com\/es\/\"},{\"@type\":\"ListItem\",\"position\":2,\"name\":\"Colecci\u00f3n de muebles DWG en AutoCAD\",\"item\":\"https:\/\/icadblock.com\/es\/coleccion-muebles-dwg-autocad\/\"},{\"@type\":\"ListItem\",\"position\":3,\"name\":\"Cama en DWG AutoCAD, Colecci\u00f3n\",\"item\":\"https:\/\/icadblock.com\/es\/coleccion-muebles-dwg-autocad\/cama-en-dwg-autocad\/\"},{\"@type\":\"ListItem\",\"position\":4,\"name\":\"Almohada en DWG, planta y alzado.\"}]},{\"@type\":\"WebSite\",\"@id\":\"https:\/\/icadblock.com\/es\/#website\",\"url\":\"https:\/\/icadblock.com\/es\/\",\"name\":\"iCADBLOCK\",\"description\":\"CAD Block free download, 2d DWG models in plan\",\"publisher\":{\"@id\":\"https:\/\/icadblock.com\/es\/#organization\"},\"potentialAction\":[{\"@type\":\"SearchAction\",\"target\":{\"@type\":\"EntryPoint\",\"urlTemplate\":\"https:\/\/icadblock.com\/es\/?s={search_term_string}\"},\"query-input\":{\"@type\":\"PropertyValueSpecification\",\"valueRequired\":true,\"valueName\":\"search_term_string\"}}],\"inLanguage\":\"es\"},{\"@type\":\"Organization\",\"@id\":\"https:\/\/icadblock.com\/es\/#organization\",\"name\":\"icadblock\",\"url\":\"https:\/\/icadblock.com\/es\/\",\"logo\":{\"@type\":\"ImageObject\",\"inLanguage\":\"es\",\"@id\":\"https:\/\/icadblock.com\/es\/#\/schema\/logo\/image\/\",\"url\":\"https:\/\/icadblock.com\/wp-content\/uploads\/2022\/02\/LOGO.png\",\"contentUrl\":\"https:\/\/icadblock.com\/wp-content\/uploads\/2022\/02\/LOGO.png\",\"width\":546,\"height\":125,\"caption\":\"icadblock\"},\"image\":{\"@id\":\"https:\/\/icadblock.com\/es\/#\/schema\/logo\/image\/\"}}]}<\/script>\n<!-- \/ Yoast SEO plugin. -->","yoast_head_json":{"title":"Almohada en DWG, planta y alzado. - iCADBLOCK","description":"Si buscas una colecci\u00f3n de Almohadas en DWG, est\u00e1s en el lugar correcto. Aqu\u00ed puede encontrar muchas almohadas en DWG y en vistas en planta","robots":{"index":"index","follow":"follow","max-snippet":"max-snippet:-1","max-image-preview":"max-image-preview:large","max-video-preview":"max-video-preview:-1"},"canonical":"https:\/\/icadblock.com\/es\/coleccion-muebles-dwg-autocad\/cama-en-dwg-autocad\/almohada-en-dwg\/","og_locale":"es_ES","og_type":"article","og_title":"Almohada en DWG, planta y alzado. - iCADBLOCK","og_description":"Si buscas una colecci\u00f3n de Almohadas en DWG, est\u00e1s en el lugar correcto. Aqu\u00ed puede encontrar muchas almohadas en DWG y en vistas en planta","og_url":"https:\/\/icadblock.com\/es\/coleccion-muebles-dwg-autocad\/cama-en-dwg-autocad\/almohada-en-dwg\/","og_site_name":"iCADBLOCK","article_modified_time":"2023-12-23T11:24:34+00:00","og_image":[{"width":740,"height":500,"url":"https:\/\/icadblock.com\/wp-content\/uploads\/2023\/04\/pillow-cad-block.webp","type":"image\/webp"}],"twitter_card":"summary_large_image","twitter_misc":{"Tiempo de lectura":"2 minutos"},"schema":{"@context":"https:\/\/schema.org","@graph":[{"@type":"WebPage","@id":"https:\/\/icadblock.com\/es\/coleccion-muebles-dwg-autocad\/cama-en-dwg-autocad\/almohada-en-dwg\/","url":"https:\/\/icadblock.com\/es\/coleccion-muebles-dwg-autocad\/cama-en-dwg-autocad\/almohada-en-dwg\/","name":"Almohada en DWG, planta y alzado. - iCADBLOCK","isPartOf":{"@id":"https:\/\/icadblock.com\/es\/#website"},"primaryImageOfPage":{"@id":"https:\/\/icadblock.com\/es\/coleccion-muebles-dwg-autocad\/cama-en-dwg-autocad\/almohada-en-dwg\/#primaryimage"},"image":{"@id":"https:\/\/icadblock.com\/es\/coleccion-muebles-dwg-autocad\/cama-en-dwg-autocad\/almohada-en-dwg\/#primaryimage"},"thumbnailUrl":"https:\/\/icadblock.com\/wp-content\/uploads\/2023\/04\/pillow-cad-block.webp","datePublished":"2023-04-24T10:48:20+00:00","dateModified":"2023-12-23T11:24:34+00:00","description":"Si buscas una colecci\u00f3n de Almohadas en DWG, est\u00e1s en el lugar correcto. Aqu\u00ed puede encontrar muchas almohadas en DWG y en vistas en planta","breadcrumb":{"@id":"https:\/\/icadblock.com\/es\/coleccion-muebles-dwg-autocad\/cama-en-dwg-autocad\/almohada-en-dwg\/#breadcrumb"},"inLanguage":"es","potentialAction":[{"@type":"ReadAction","target":["https:\/\/icadblock.com\/es\/coleccion-muebles-dwg-autocad\/cama-en-dwg-autocad\/almohada-en-dwg\/"]}]},{"@type":"ImageObject","inLanguage":"es","@id":"https:\/\/icadblock.com\/es\/coleccion-muebles-dwg-autocad\/cama-en-dwg-autocad\/almohada-en-dwg\/#primaryimage","url":"https:\/\/icadblock.com\/wp-content\/uploads\/2023\/04\/pillow-cad-block.webp","contentUrl":"https:\/\/icadblock.com\/wp-content\/uploads\/2023\/04\/pillow-cad-block.webp","width":740,"height":500,"caption":"Almohada en DWG"},{"@type":"BreadcrumbList","@id":"https:\/\/icadblock.com\/es\/coleccion-muebles-dwg-autocad\/cama-en-dwg-autocad\/almohada-en-dwg\/#breadcrumb","itemListElement":[{"@type":"ListItem","position":1,"name":"Home","item":"https:\/\/icadblock.com\/es\/"},{"@type":"ListItem","position":2,"name":"Colecci\u00f3n de muebles DWG en AutoCAD","item":"https:\/\/icadblock.com\/es\/coleccion-muebles-dwg-autocad\/"},{"@type":"ListItem","position":3,"name":"Cama en DWG AutoCAD, Colecci\u00f3n","item":"https:\/\/icadblock.com\/es\/coleccion-muebles-dwg-autocad\/cama-en-dwg-autocad\/"},{"@type":"ListItem","position":4,"name":"Almohada en DWG, planta y alzado."}]},{"@type":"WebSite","@id":"https:\/\/icadblock.com\/es\/#website","url":"https:\/\/icadblock.com\/es\/","name":"iCADBLOCK","description":"CAD Block free download, 2d DWG models in plan","publisher":{"@id":"https:\/\/icadblock.com\/es\/#organization"},"potentialAction":[{"@type":"SearchAction","target":{"@type":"EntryPoint","urlTemplate":"https:\/\/icadblock.com\/es\/?s={search_term_string}"},"query-input":{"@type":"PropertyValueSpecification","valueRequired":true,"valueName":"search_term_string"}}],"inLanguage":"es"},{"@type":"Organization","@id":"https:\/\/icadblock.com\/es\/#organization","name":"icadblock","url":"https:\/\/icadblock.com\/es\/","logo":{"@type":"ImageObject","inLanguage":"es","@id":"https:\/\/icadblock.com\/es\/#\/schema\/logo\/image\/","url":"https:\/\/icadblock.com\/wp-content\/uploads\/2022\/02\/LOGO.png","contentUrl":"https:\/\/icadblock.com\/wp-content\/uploads\/2022\/02\/LOGO.png","width":546,"height":125,"caption":"icadblock"},"image":{"@id":"https:\/\/icadblock.com\/es\/#\/schema\/logo\/image\/"}}]}},"_links":{"self":[{"href":"https:\/\/icadblock.com\/es\/wp-json\/wp\/v2\/pages\/9329","targetHints":{"allow":["GET"]}}],"collection":[{"href":"https:\/\/icadblock.com\/es\/wp-json\/wp\/v2\/pages"}],"about":[{"href":"https:\/\/icadblock.com\/es\/wp-json\/wp\/v2\/types\/page"}],"author":[{"embeddable":true,"href":"https:\/\/icadblock.com\/es\/wp-json\/wp\/v2\/users\/2"}],"replies":[{"embeddable":true,"href":"https:\/\/icadblock.com\/es\/wp-json\/wp\/v2\/comments?post=9329"}],"version-history":[{"count":4,"href":"https:\/\/icadblock.com\/es\/wp-json\/wp\/v2\/pages\/9329\/revisions"}],"predecessor-version":[{"id":9333,"href":"https:\/\/icadblock.com\/es\/wp-json\/wp\/v2\/pages\/9329\/revisions\/9333"}],"up":[{"embeddable":true,"href":"https:\/\/icadblock.com\/es\/wp-json\/wp\/v2\/pages\/8964"}],"wp:featuredmedia":[{"embeddable":true,"href":"https:\/\/icadblock.com\/es\/wp-json\/wp\/v2\/media\/8200"}],"wp:attachment":[{"href":"https:\/\/icadblock.com\/es\/wp-json\/wp\/v2\/media?parent=9329"}],"curies":[{"name":"wp","href":"https:\/\/api.w.org\/{rel}","templated":true}]}}