{"id":9353,"date":"2023-05-01T15:29:18","date_gmt":"2023-05-01T15:29:18","guid":{"rendered":"https:\/\/icadblock.com\/?page_id=9353"},"modified":"2023-12-23T12:53:31","modified_gmt":"2023-12-23T12:53:31","slug":"mostrador-de-efectivo-en-dwg","status":"publish","type":"page","link":"https:\/\/icadblock.com\/es\/coleccion-muebles-dwg-autocad\/mobiliario-de-recepcion-en-dwg\/mostrador-de-efectivo-en-dwg\/","title":{"rendered":"Mostrador de efectivo en DWG, descarga gratuita"},"content":{"rendered":"\t\t<div data-elementor-type=\"wp-page\" data-elementor-id=\"9353\" class=\"elementor elementor-9353 elementor-3596\" data-elementor-post-type=\"page\">\n\t\t\t\t\t\t<section class=\"elementor-section elementor-top-section elementor-element elementor-element-c439174 elementor-section-boxed elementor-section-height-default elementor-section-height-default\" data-id=\"c439174\" data-element_type=\"section\">\n\t\t\t\t\t\t<div class=\"elementor-container elementor-column-gap-default\">\n\t\t\t\t\t<div class=\"elementor-column elementor-col-50 elementor-top-column elementor-element elementor-element-a22eb9c\" data-id=\"a22eb9c\" data-element_type=\"column\">\n\t\t\t<div class=\"elementor-widget-wrap elementor-element-populated\">\n\t\t\t\t\t\t<div class=\"elementor-element elementor-element-bf278dd elementor-widget elementor-widget-text-editor\" data-id=\"bf278dd\" data-element_type=\"widget\" data-widget_type=\"text-editor.default\">\n\t\t\t\t<div class=\"elementor-widget-container\">\n\t\t\t<style>\/*! elementor - v3.21.0 - 30-04-2024 *\/\n.elementor-widget-text-editor.elementor-drop-cap-view-stacked .elementor-drop-cap{background-color:#69727d;color:#fff}.elementor-widget-text-editor.elementor-drop-cap-view-framed .elementor-drop-cap{color:#69727d;border:3px solid;background-color:transparent}.elementor-widget-text-editor:not(.elementor-drop-cap-view-default) .elementor-drop-cap{margin-top:8px}.elementor-widget-text-editor:not(.elementor-drop-cap-view-default) .elementor-drop-cap-letter{width:1em;height:1em}.elementor-widget-text-editor .elementor-drop-cap{float:left;text-align:center;line-height:1;font-size:50px}.elementor-widget-text-editor .elementor-drop-cap-letter{display:inline-block}<\/style>\t\t\t\t<p>Aqu\u00ed puede encontrar una colecci\u00f3n de\u00a0<b>mostrador <\/b><b style=\"font-family: Roboto, sans-serif; font-size: 16px; font-style: normal; font-weight: 400;\">de efectivo en DWG.<\/b><\/p><p style=\"font-family: Roboto, sans-serif; font-size: 16px; font-weight: 400; font-style: normal;\">Estos bloques CAD se dibujan en vistas en planta y en alzado.<\/p><p style=\"font-family: Roboto, sans-serif; font-size: 16px; font-weight: 400; font-style: normal;\">Si est\u00e1 buscando un bloque CAD de mostrador\u00a0de efectivo en DWG para usar en su dibujo de AutoCAD, est\u00e1 en el lugar correcto.<\/p><p style=\"font-family: Roboto, sans-serif; font-size: 16px; font-weight: 400; font-style: normal;\">Hemos intentado proporcionar modelos DWG de alta calidad en diferentes tipos que puedan satisfacer sus necesidades.<\/p>\t\t\t\t\t\t<\/div>\n\t\t\t\t<\/div>\n\t\t\t\t<div class=\"elementor-element elementor-element-8327772 elementor-widget elementor-widget-heading\" data-id=\"8327772\" data-element_type=\"widget\" data-widget_type=\"heading.default\">\n\t\t\t\t<div class=\"elementor-widget-container\">\n\t\t\t<style>\/*! elementor - v3.21.0 - 30-04-2024 *\/\n.elementor-heading-title{padding:0;margin:0;line-height:1}.elementor-widget-heading .elementor-heading-title[class*=elementor-size-]>a{color:inherit;font-size:inherit;line-height:inherit}.elementor-widget-heading .elementor-heading-title.elementor-size-small{font-size:15px}.elementor-widget-heading .elementor-heading-title.elementor-size-medium{font-size:19px}.elementor-widget-heading .elementor-heading-title.elementor-size-large{font-size:29px}.elementor-widget-heading .elementor-heading-title.elementor-size-xl{font-size:39px}.elementor-widget-heading .elementor-heading-title.elementor-size-xxl{font-size:59px}<\/style><h2 class=\"elementor-heading-title elementor-size-default\">Mostrador de efectivo en DWG<\/h2>\t\t<\/div>\n\t\t\t\t<\/div>\n\t\t\t\t<div class=\"elementor-element elementor-element-0c0c173 elementor-widget elementor-widget-text-editor\" data-id=\"0c0c173\" data-element_type=\"widget\" data-widget_type=\"text-editor.default\">\n\t\t\t\t<div class=\"elementor-widget-container\">\n\t\t\t\t\t\t\t<p style=\"font-family: Roboto, sans-serif; font-size: 16px; font-weight: 400; font-style: normal;\">Adem\u00e1s de los modelos DWG anteriores, tambi\u00e9n puede descargar otros bloques CAD relacionados utilizando los siguientes enlaces:<\/p><p><span style=\"color: #ff0000;\"><strong>*** <\/strong><\/span><a href=\"https:\/\/icadblock.com\/es\/coleccion-muebles-dwg-autocad\/mobiliario-de-oficina-en-dwg\/\"><em><strong>Mobiliario de Oficina en DWG<\/strong><\/em><\/a><\/p><p><span style=\"color: #ff0000;\"><strong>*** <\/strong><\/span><a href=\"https:\/\/icadblock.com\/es\/coleccion-muebles-dwg-autocad\/mobiliario-de-recepcion-en-dwg\/\"><em><strong>Mobiliario de recepci\u00f3n en DWG<\/strong><\/em><\/a><\/p><h3 style=\"font-style: normal;\"><span style=\"font-size: 20px; color: #0000ff;\">Notas:<\/span><\/h3><p style=\"font-family: Roboto, sans-serif; font-size: 16px; font-weight: 400; font-style: normal;\">Cash Counter es uno de los bloques CAD m\u00e1s utilizados en dibujo. En realidad no podemos imaginar una tienda sin mostrador Cash. Por eso, conscientes de la importancia de este bloque CAD, los arquitectos lo utilizan como objeto de decoraci\u00f3n en sus dibujos.<\/p><p style=\"font-family: Roboto, sans-serif; font-size: 16px; font-weight: 400; font-style: normal;\">Si est\u00e1 dibujando un centro comercial o algo similar, es posible que desee saber d\u00f3nde colocar el mostrador de efectivo en su dibujo. El mejor lugar puede variar seg\u00fan el dibujo pero en general es mejor colocar el mostrador de efectivo en el sur o suroeste.<\/p><p style=\"font-family: Roboto, sans-serif; font-size: 16px; font-weight: 400; font-style: normal;\">Seg\u00fan la experiencia arquitect\u00f3nica, es mejor no colocar el mostrador de efectivo cerca de la puerta trasera o de la puerta principal.<\/p><p style=\"font-family: Roboto, sans-serif; font-size: 16px; font-weight: 400; font-style: normal;\">Utilice estos hermosos bloques CAD y haga que su dibujo sea m\u00e1s hermoso.<\/p>\t\t\t\t\t\t<\/div>\n\t\t\t\t<\/div>\n\t\t\t\t\t<\/div>\n\t\t<\/div>\n\t\t\t\t<div class=\"jet-sticky-column-sticky elementor-column elementor-col-50 elementor-top-column elementor-element elementor-element-81e10a2\" data-jet-sticky-column-settings=\"{&quot;id&quot;:&quot;81e10a2&quot;,&quot;sticky&quot;:true,&quot;topSpacing&quot;:50,&quot;bottomSpacing&quot;:50,&quot;stickyOn&quot;:[&quot;desktop&quot;,&quot;tablet&quot;]}\" data-id=\"81e10a2\" data-element_type=\"column\">\n\t\t\t<div class=\"elementor-widget-wrap elementor-element-populated\">\n\t\t\t\t\t\t\t<\/div>\n\t\t<\/div>\n\t\t\t\t\t<\/div>\n\t\t<\/section>\n\t\t\t\t<\/div>\n\t\t","protected":false},"excerpt":{"rendered":"<p>Aqu\u00ed puede encontrar una colecci\u00f3n de\u00a0mostrador de efectivo en DWG. Estos bloques CAD se dibujan en vistas en planta y [&hellip;]<\/p>\n","protected":false},"author":2,"featured_media":8220,"parent":9334,"menu_order":0,"comment_status":"closed","ping_status":"closed","template":"","meta":{"site-sidebar-layout":"default","site-content-layout":"","ast-site-content-layout":"","site-content-style":"default","site-sidebar-style":"default","ast-global-header-display":"","ast-banner-title-visibility":"","ast-main-header-display":"","ast-hfb-above-header-display":"","ast-hfb-below-header-display":"","ast-hfb-mobile-header-display":"","site-post-title":"","ast-breadcrumbs-content":"","ast-featured-img":"","footer-sml-layout":"","theme-transparent-header-meta":"","adv-header-id-meta":"","stick-header-meta":"","header-above-stick-meta":"","header-main-stick-meta":"","header-below-stick-meta":"","astra-migrate-meta-layouts":"default","ast-page-background-enabled":"default","ast-page-background-meta":{"desktop":{"background-color":"var(--ast-global-color-4)","background-image":"","background-repeat":"repeat","background-position":"center center","background-size":"auto","background-attachment":"scroll","background-type":"","background-media":"","overlay-type":"","overlay-color":"","overlay-gradient":""},"tablet":{"background-color":"","background-image":"","background-repeat":"repeat","background-position":"center center","background-size":"auto","background-attachment":"scroll","background-type":"","background-media":"","overlay-type":"","overlay-color":"","overlay-gradient":""},"mobile":{"background-color":"","background-image":"","background-repeat":"repeat","background-position":"center center","background-size":"auto","background-attachment":"scroll","background-type":"","background-media":"","overlay-type":"","overlay-color":"","overlay-gradient":""}},"ast-content-background-meta":{"desktop":{"background-color":"var(--ast-global-color-5)","background-image":"","background-repeat":"repeat","background-position":"center center","background-size":"auto","background-attachment":"scroll","background-type":"","background-media":"","overlay-type":"","overlay-color":"","overlay-gradient":""},"tablet":{"background-color":"var(--ast-global-color-5)","background-image":"","background-repeat":"repeat","background-position":"center center","background-size":"auto","background-attachment":"scroll","background-type":"","background-media":"","overlay-type":"","overlay-color":"","overlay-gradient":""},"mobile":{"background-color":"var(--ast-global-color-5)","background-image":"","background-repeat":"repeat","background-position":"center center","background-size":"auto","background-attachment":"scroll","background-type":"","background-media":"","overlay-type":"","overlay-color":"","overlay-gradient":""}},"footnotes":""},"class_list":["post-9353","page","type-page","status-publish","has-post-thumbnail","hentry"],"yoast_head":"<!-- This site is optimized with the Yoast SEO plugin v26.0 - https:\/\/yoast.com\/wordpress\/plugins\/seo\/ -->\n<title>Mostrador de efectivo en DWG, descarga gratuita - iCADBLOCK<\/title>\n<meta name=\"description\" content=\"Aqu\u00ed puede encontrar una colecci\u00f3n de\u00a0mostrador de efectivo en DWG. Estos bloques CAD se dibujan en vistas en planta y en alzado.\" \/>\n<meta name=\"robots\" content=\"index, follow, max-snippet:-1, max-image-preview:large, max-video-preview:-1\" \/>\n<link rel=\"canonical\" href=\"https:\/\/icadblock.com\/es\/coleccion-muebles-dwg-autocad\/mobiliario-de-recepcion-en-dwg\/mostrador-de-efectivo-en-dwg\/\" \/>\n<meta property=\"og:locale\" content=\"es_ES\" \/>\n<meta property=\"og:type\" content=\"article\" \/>\n<meta property=\"og:title\" content=\"Mostrador de efectivo en DWG, descarga gratuita - iCADBLOCK\" \/>\n<meta property=\"og:description\" content=\"Aqu\u00ed puede encontrar una colecci\u00f3n de\u00a0mostrador de efectivo en DWG. Estos bloques CAD se dibujan en vistas en planta y en alzado.\" \/>\n<meta property=\"og:url\" content=\"https:\/\/icadblock.com\/es\/coleccion-muebles-dwg-autocad\/mobiliario-de-recepcion-en-dwg\/mostrador-de-efectivo-en-dwg\/\" \/>\n<meta property=\"og:site_name\" content=\"iCADBLOCK\" \/>\n<meta property=\"article:modified_time\" content=\"2023-12-23T12:53:31+00:00\" \/>\n<meta property=\"og:image\" content=\"https:\/\/icadblock.com\/wp-content\/uploads\/2023\/05\/cash-counter.webp\" \/>\n\t<meta property=\"og:image:width\" content=\"1000\" \/>\n\t<meta property=\"og:image:height\" content=\"675\" \/>\n\t<meta property=\"og:image:type\" content=\"image\/webp\" \/>\n<meta name=\"twitter:card\" content=\"summary_large_image\" \/>\n<meta name=\"twitter:label1\" content=\"Tiempo de lectura\" \/>\n\t<meta name=\"twitter:data1\" content=\"2 minutos\" \/>\n<script type=\"application\/ld+json\" class=\"yoast-schema-graph\">{\"@context\":\"https:\/\/schema.org\",\"@graph\":[{\"@type\":\"WebPage\",\"@id\":\"https:\/\/icadblock.com\/es\/coleccion-muebles-dwg-autocad\/mobiliario-de-recepcion-en-dwg\/mostrador-de-efectivo-en-dwg\/\",\"url\":\"https:\/\/icadblock.com\/es\/coleccion-muebles-dwg-autocad\/mobiliario-de-recepcion-en-dwg\/mostrador-de-efectivo-en-dwg\/\",\"name\":\"Mostrador de efectivo en DWG, descarga gratuita - iCADBLOCK\",\"isPartOf\":{\"@id\":\"https:\/\/icadblock.com\/es\/#website\"},\"primaryImageOfPage\":{\"@id\":\"https:\/\/icadblock.com\/es\/coleccion-muebles-dwg-autocad\/mobiliario-de-recepcion-en-dwg\/mostrador-de-efectivo-en-dwg\/#primaryimage\"},\"image\":{\"@id\":\"https:\/\/icadblock.com\/es\/coleccion-muebles-dwg-autocad\/mobiliario-de-recepcion-en-dwg\/mostrador-de-efectivo-en-dwg\/#primaryimage\"},\"thumbnailUrl\":\"https:\/\/icadblock.com\/wp-content\/uploads\/2023\/05\/cash-counter.webp\",\"datePublished\":\"2023-05-01T15:29:18+00:00\",\"dateModified\":\"2023-12-23T12:53:31+00:00\",\"description\":\"Aqu\u00ed puede encontrar una colecci\u00f3n de\u00a0mostrador de efectivo en DWG. Estos bloques CAD se dibujan en vistas en planta y en alzado.\",\"breadcrumb\":{\"@id\":\"https:\/\/icadblock.com\/es\/coleccion-muebles-dwg-autocad\/mobiliario-de-recepcion-en-dwg\/mostrador-de-efectivo-en-dwg\/#breadcrumb\"},\"inLanguage\":\"es\",\"potentialAction\":[{\"@type\":\"ReadAction\",\"target\":[\"https:\/\/icadblock.com\/es\/coleccion-muebles-dwg-autocad\/mobiliario-de-recepcion-en-dwg\/mostrador-de-efectivo-en-dwg\/\"]}]},{\"@type\":\"ImageObject\",\"inLanguage\":\"es\",\"@id\":\"https:\/\/icadblock.com\/es\/coleccion-muebles-dwg-autocad\/mobiliario-de-recepcion-en-dwg\/mostrador-de-efectivo-en-dwg\/#primaryimage\",\"url\":\"https:\/\/icadblock.com\/wp-content\/uploads\/2023\/05\/cash-counter.webp\",\"contentUrl\":\"https:\/\/icadblock.com\/wp-content\/uploads\/2023\/05\/cash-counter.webp\",\"width\":1000,\"height\":675,\"caption\":\"Mostrador de efectivo en DWG\"},{\"@type\":\"BreadcrumbList\",\"@id\":\"https:\/\/icadblock.com\/es\/coleccion-muebles-dwg-autocad\/mobiliario-de-recepcion-en-dwg\/mostrador-de-efectivo-en-dwg\/#breadcrumb\",\"itemListElement\":[{\"@type\":\"ListItem\",\"position\":1,\"name\":\"Home\",\"item\":\"https:\/\/icadblock.com\/es\/\"},{\"@type\":\"ListItem\",\"position\":2,\"name\":\"Colecci\u00f3n de muebles DWG en AutoCAD\",\"item\":\"https:\/\/icadblock.com\/es\/coleccion-muebles-dwg-autocad\/\"},{\"@type\":\"ListItem\",\"position\":3,\"name\":\"Mobiliario de recepci\u00f3n en DWG AutoCAD\",\"item\":\"https:\/\/icadblock.com\/es\/coleccion-muebles-dwg-autocad\/mobiliario-de-recepcion-en-dwg\/\"},{\"@type\":\"ListItem\",\"position\":4,\"name\":\"Mostrador de efectivo en DWG, descarga gratuita\"}]},{\"@type\":\"WebSite\",\"@id\":\"https:\/\/icadblock.com\/es\/#website\",\"url\":\"https:\/\/icadblock.com\/es\/\",\"name\":\"iCADBLOCK\",\"description\":\"CAD Block free download, 2d DWG models in plan\",\"publisher\":{\"@id\":\"https:\/\/icadblock.com\/es\/#organization\"},\"potentialAction\":[{\"@type\":\"SearchAction\",\"target\":{\"@type\":\"EntryPoint\",\"urlTemplate\":\"https:\/\/icadblock.com\/es\/?s={search_term_string}\"},\"query-input\":{\"@type\":\"PropertyValueSpecification\",\"valueRequired\":true,\"valueName\":\"search_term_string\"}}],\"inLanguage\":\"es\"},{\"@type\":\"Organization\",\"@id\":\"https:\/\/icadblock.com\/es\/#organization\",\"name\":\"icadblock\",\"url\":\"https:\/\/icadblock.com\/es\/\",\"logo\":{\"@type\":\"ImageObject\",\"inLanguage\":\"es\",\"@id\":\"https:\/\/icadblock.com\/es\/#\/schema\/logo\/image\/\",\"url\":\"https:\/\/icadblock.com\/wp-content\/uploads\/2022\/02\/LOGO.png\",\"contentUrl\":\"https:\/\/icadblock.com\/wp-content\/uploads\/2022\/02\/LOGO.png\",\"width\":546,\"height\":125,\"caption\":\"icadblock\"},\"image\":{\"@id\":\"https:\/\/icadblock.com\/es\/#\/schema\/logo\/image\/\"}}]}<\/script>\n<!-- \/ Yoast SEO plugin. -->","yoast_head_json":{"title":"Mostrador de efectivo en DWG, descarga gratuita - iCADBLOCK","description":"Aqu\u00ed puede encontrar una colecci\u00f3n de\u00a0mostrador de efectivo en DWG. Estos bloques CAD se dibujan en vistas en planta y en alzado.","robots":{"index":"index","follow":"follow","max-snippet":"max-snippet:-1","max-image-preview":"max-image-preview:large","max-video-preview":"max-video-preview:-1"},"canonical":"https:\/\/icadblock.com\/es\/coleccion-muebles-dwg-autocad\/mobiliario-de-recepcion-en-dwg\/mostrador-de-efectivo-en-dwg\/","og_locale":"es_ES","og_type":"article","og_title":"Mostrador de efectivo en DWG, descarga gratuita - iCADBLOCK","og_description":"Aqu\u00ed puede encontrar una colecci\u00f3n de\u00a0mostrador de efectivo en DWG. Estos bloques CAD se dibujan en vistas en planta y en alzado.","og_url":"https:\/\/icadblock.com\/es\/coleccion-muebles-dwg-autocad\/mobiliario-de-recepcion-en-dwg\/mostrador-de-efectivo-en-dwg\/","og_site_name":"iCADBLOCK","article_modified_time":"2023-12-23T12:53:31+00:00","og_image":[{"width":1000,"height":675,"url":"https:\/\/icadblock.com\/wp-content\/uploads\/2023\/05\/cash-counter.webp","type":"image\/webp"}],"twitter_card":"summary_large_image","twitter_misc":{"Tiempo de lectura":"2 minutos"},"schema":{"@context":"https:\/\/schema.org","@graph":[{"@type":"WebPage","@id":"https:\/\/icadblock.com\/es\/coleccion-muebles-dwg-autocad\/mobiliario-de-recepcion-en-dwg\/mostrador-de-efectivo-en-dwg\/","url":"https:\/\/icadblock.com\/es\/coleccion-muebles-dwg-autocad\/mobiliario-de-recepcion-en-dwg\/mostrador-de-efectivo-en-dwg\/","name":"Mostrador de efectivo en DWG, descarga gratuita - iCADBLOCK","isPartOf":{"@id":"https:\/\/icadblock.com\/es\/#website"},"primaryImageOfPage":{"@id":"https:\/\/icadblock.com\/es\/coleccion-muebles-dwg-autocad\/mobiliario-de-recepcion-en-dwg\/mostrador-de-efectivo-en-dwg\/#primaryimage"},"image":{"@id":"https:\/\/icadblock.com\/es\/coleccion-muebles-dwg-autocad\/mobiliario-de-recepcion-en-dwg\/mostrador-de-efectivo-en-dwg\/#primaryimage"},"thumbnailUrl":"https:\/\/icadblock.com\/wp-content\/uploads\/2023\/05\/cash-counter.webp","datePublished":"2023-05-01T15:29:18+00:00","dateModified":"2023-12-23T12:53:31+00:00","description":"Aqu\u00ed puede encontrar una colecci\u00f3n de\u00a0mostrador de efectivo en DWG. Estos bloques CAD se dibujan en vistas en planta y en alzado.","breadcrumb":{"@id":"https:\/\/icadblock.com\/es\/coleccion-muebles-dwg-autocad\/mobiliario-de-recepcion-en-dwg\/mostrador-de-efectivo-en-dwg\/#breadcrumb"},"inLanguage":"es","potentialAction":[{"@type":"ReadAction","target":["https:\/\/icadblock.com\/es\/coleccion-muebles-dwg-autocad\/mobiliario-de-recepcion-en-dwg\/mostrador-de-efectivo-en-dwg\/"]}]},{"@type":"ImageObject","inLanguage":"es","@id":"https:\/\/icadblock.com\/es\/coleccion-muebles-dwg-autocad\/mobiliario-de-recepcion-en-dwg\/mostrador-de-efectivo-en-dwg\/#primaryimage","url":"https:\/\/icadblock.com\/wp-content\/uploads\/2023\/05\/cash-counter.webp","contentUrl":"https:\/\/icadblock.com\/wp-content\/uploads\/2023\/05\/cash-counter.webp","width":1000,"height":675,"caption":"Mostrador de efectivo en DWG"},{"@type":"BreadcrumbList","@id":"https:\/\/icadblock.com\/es\/coleccion-muebles-dwg-autocad\/mobiliario-de-recepcion-en-dwg\/mostrador-de-efectivo-en-dwg\/#breadcrumb","itemListElement":[{"@type":"ListItem","position":1,"name":"Home","item":"https:\/\/icadblock.com\/es\/"},{"@type":"ListItem","position":2,"name":"Colecci\u00f3n de muebles DWG en AutoCAD","item":"https:\/\/icadblock.com\/es\/coleccion-muebles-dwg-autocad\/"},{"@type":"ListItem","position":3,"name":"Mobiliario de recepci\u00f3n en DWG AutoCAD","item":"https:\/\/icadblock.com\/es\/coleccion-muebles-dwg-autocad\/mobiliario-de-recepcion-en-dwg\/"},{"@type":"ListItem","position":4,"name":"Mostrador de efectivo en DWG, descarga gratuita"}]},{"@type":"WebSite","@id":"https:\/\/icadblock.com\/es\/#website","url":"https:\/\/icadblock.com\/es\/","name":"iCADBLOCK","description":"CAD Block free download, 2d DWG models in plan","publisher":{"@id":"https:\/\/icadblock.com\/es\/#organization"},"potentialAction":[{"@type":"SearchAction","target":{"@type":"EntryPoint","urlTemplate":"https:\/\/icadblock.com\/es\/?s={search_term_string}"},"query-input":{"@type":"PropertyValueSpecification","valueRequired":true,"valueName":"search_term_string"}}],"inLanguage":"es"},{"@type":"Organization","@id":"https:\/\/icadblock.com\/es\/#organization","name":"icadblock","url":"https:\/\/icadblock.com\/es\/","logo":{"@type":"ImageObject","inLanguage":"es","@id":"https:\/\/icadblock.com\/es\/#\/schema\/logo\/image\/","url":"https:\/\/icadblock.com\/wp-content\/uploads\/2022\/02\/LOGO.png","contentUrl":"https:\/\/icadblock.com\/wp-content\/uploads\/2022\/02\/LOGO.png","width":546,"height":125,"caption":"icadblock"},"image":{"@id":"https:\/\/icadblock.com\/es\/#\/schema\/logo\/image\/"}}]}},"_links":{"self":[{"href":"https:\/\/icadblock.com\/es\/wp-json\/wp\/v2\/pages\/9353","targetHints":{"allow":["GET"]}}],"collection":[{"href":"https:\/\/icadblock.com\/es\/wp-json\/wp\/v2\/pages"}],"about":[{"href":"https:\/\/icadblock.com\/es\/wp-json\/wp\/v2\/types\/page"}],"author":[{"embeddable":true,"href":"https:\/\/icadblock.com\/es\/wp-json\/wp\/v2\/users\/2"}],"replies":[{"embeddable":true,"href":"https:\/\/icadblock.com\/es\/wp-json\/wp\/v2\/comments?post=9353"}],"version-history":[{"count":8,"href":"https:\/\/icadblock.com\/es\/wp-json\/wp\/v2\/pages\/9353\/revisions"}],"predecessor-version":[{"id":9361,"href":"https:\/\/icadblock.com\/es\/wp-json\/wp\/v2\/pages\/9353\/revisions\/9361"}],"up":[{"embeddable":true,"href":"https:\/\/icadblock.com\/es\/wp-json\/wp\/v2\/pages\/9334"}],"wp:featuredmedia":[{"embeddable":true,"href":"https:\/\/icadblock.com\/es\/wp-json\/wp\/v2\/media\/8220"}],"wp:attachment":[{"href":"https:\/\/icadblock.com\/es\/wp-json\/wp\/v2\/media?parent=9353"}],"curies":[{"name":"wp","href":"https:\/\/api.w.org\/{rel}","templated":true}]}}