{"id":9412,"date":"2023-05-08T07:03:10","date_gmt":"2023-05-08T07:03:10","guid":{"rendered":"https:\/\/icadblock.com\/?page_id=9412"},"modified":"2023-12-24T07:25:42","modified_gmt":"2023-12-24T07:25:42","slug":"fregadero-de-cocina-en-dwg","status":"publish","type":"page","link":"https:\/\/icadblock.com\/es\/cocina-en-dwg\/electrodomesticos-de-cocina-en-dwg\/fregadero-de-cocina-en-dwg\/","title":{"rendered":"Fregadero de cocina en DWG AutoCAD, planta y alzado."},"content":{"rendered":"\t\t<div data-elementor-type=\"wp-page\" data-elementor-id=\"9412\" class=\"elementor elementor-9412 elementor-3848\" data-elementor-post-type=\"page\">\n\t\t\t\t\t\t<section class=\"elementor-section elementor-top-section elementor-element elementor-element-888c2f5 elementor-section-boxed elementor-section-height-default elementor-section-height-default\" data-id=\"888c2f5\" data-element_type=\"section\">\n\t\t\t\t\t\t<div class=\"elementor-container elementor-column-gap-default\">\n\t\t\t\t\t<div class=\"elementor-column elementor-col-50 elementor-top-column elementor-element elementor-element-c9a783e\" data-id=\"c9a783e\" data-element_type=\"column\">\n\t\t\t<div class=\"elementor-widget-wrap elementor-element-populated\">\n\t\t\t\t\t\t<div class=\"elementor-element elementor-element-f922661 elementor-widget elementor-widget-text-editor\" data-id=\"f922661\" data-element_type=\"widget\" data-widget_type=\"text-editor.default\">\n\t\t\t\t<div class=\"elementor-widget-container\">\n\t\t\t<style>\/*! elementor - v3.21.0 - 30-04-2024 *\/\n.elementor-widget-text-editor.elementor-drop-cap-view-stacked .elementor-drop-cap{background-color:#69727d;color:#fff}.elementor-widget-text-editor.elementor-drop-cap-view-framed .elementor-drop-cap{color:#69727d;border:3px solid;background-color:transparent}.elementor-widget-text-editor:not(.elementor-drop-cap-view-default) .elementor-drop-cap{margin-top:8px}.elementor-widget-text-editor:not(.elementor-drop-cap-view-default) .elementor-drop-cap-letter{width:1em;height:1em}.elementor-widget-text-editor .elementor-drop-cap{float:left;text-align:center;line-height:1;font-size:50px}.elementor-widget-text-editor .elementor-drop-cap-letter{display:inline-block}<\/style>\t\t\t\t<p style=\"font-family: Roboto, sans-serif; font-size: 16px; font-weight: 400; font-style: normal;\">Si est\u00e1 buscando una colecci\u00f3n de bloques CAD para <strong>fregaderos de cocina en DWG<\/strong>, est\u00e1 en el lugar correcto.<\/p><p style=\"font-family: Roboto, sans-serif; font-size: 16px; font-weight: 400; font-style: normal;\">Aqu\u00ed, en esta p\u00e1gina, hemos proporcionado muchos modelos DWG de fregaderos de cocina en vistas en planta y en alzado.<\/p><p style=\"font-family: Roboto, sans-serif; font-size: 16px; font-weight: 400; font-style: normal;\">Como sabes, los fregaderos de cocina est\u00e1n dise\u00f1ados en diferentes tipos y formas, por lo que, de acuerdo con esto, puedes encontrar el mejor modelo 2d que se adapte a tus necesidades.<\/p><p style=\"font-family: Roboto, sans-serif; font-size: 16px; font-weight: 400; font-style: normal;\">A continuaci\u00f3n enumeramos algunos fregaderos de cocina y marque esta p\u00e1gina como favorita para que pueda volver a nuestro sitio web y obtener m\u00e1s bloques CAD interesantes.<\/p>\t\t\t\t\t\t<\/div>\n\t\t\t\t<\/div>\n\t\t\t\t<div class=\"elementor-element elementor-element-b51f197 elementor-widget elementor-widget-text-editor\" data-id=\"b51f197\" data-element_type=\"widget\" data-widget_type=\"text-editor.default\">\n\t\t\t\t<div class=\"elementor-widget-container\">\n\t\t\t\t\t\t\t<p><\/p>\t\t\t\t\t\t<\/div>\n\t\t\t\t<\/div>\n\t\t\t\t<div class=\"elementor-element elementor-element-a69f4c9 elementor-widget elementor-widget-heading\" data-id=\"a69f4c9\" data-element_type=\"widget\" data-widget_type=\"heading.default\">\n\t\t\t\t<div class=\"elementor-widget-container\">\n\t\t\t<style>\/*! elementor - v3.21.0 - 30-04-2024 *\/\n.elementor-heading-title{padding:0;margin:0;line-height:1}.elementor-widget-heading .elementor-heading-title[class*=elementor-size-]>a{color:inherit;font-size:inherit;line-height:inherit}.elementor-widget-heading .elementor-heading-title.elementor-size-small{font-size:15px}.elementor-widget-heading .elementor-heading-title.elementor-size-medium{font-size:19px}.elementor-widget-heading .elementor-heading-title.elementor-size-large{font-size:29px}.elementor-widget-heading .elementor-heading-title.elementor-size-xl{font-size:39px}.elementor-widget-heading .elementor-heading-title.elementor-size-xxl{font-size:59px}<\/style><h2 class=\"elementor-heading-title elementor-size-default\">Fregadero de cocina en DWG<\/h2>\t\t<\/div>\n\t\t\t\t<\/div>\n\t\t\t\t<div class=\"elementor-element elementor-element-f50455d elementor-widget elementor-widget-text-editor\" data-id=\"f50455d\" data-element_type=\"widget\" data-widget_type=\"text-editor.default\">\n\t\t\t\t<div class=\"elementor-widget-container\">\n\t\t\t\t\t\t\t<p style=\"font-family: Roboto, sans-serif; font-size: 16px; font-weight: 400; font-style: normal;\">Si est\u00e1 buscando otros bloques CAD relacionados, haga clic en los enlaces a continuaci\u00f3n:<\/p><p style=\"font-family: Roboto, sans-serif; font-size: 16px; font-weight: 400; font-style: normal;\"><span style=\"font-size: 16px; font-weight: bold; color: #ff0000;\">*** <\/span><a href=\"https:\/\/icadblock.com\/es\/cocina-en-dwg\/electrodomesticos-de-cocina-en-dwg\/lavadora-en-dwg-coleccion-completa\/\"><em><strong>Lavadora en DWG<\/strong><\/em><\/a><\/p><p style=\"font-family: Roboto, sans-serif; font-size: 16px; font-weight: 400; font-style: normal;\"><span style=\"font-size: 16px; font-weight: bold; color: #ff0000;\">***\u00a0 <\/span><a href=\"https:\/\/icadblock.com\/es\/cocina-en-dwg\/electrodomesticos-de-cocina-en-dwg\/lavavajillas-en-dwg\/\"><em><strong>Lavavajillas en DWG<\/strong><\/em><\/a><\/p><h3 style=\"font-style: normal;\"><span style=\"font-size: 20px; color: #0000ff;\">Notas:<\/span><\/h3><p style=\"font-family: Roboto, sans-serif; font-size: 16px; font-weight: 400; font-style: normal;\">Si est\u00e1 dibujando un plano de planta y quiere saber d\u00f3nde colocar este bloque CAD para fregadero de cocina, tenemos algunas reglas para usted.<\/p><p style=\"font-family: Roboto, sans-serif; font-size: 16px; font-weight: 400; font-style: normal;\">Seg\u00fan el pa\u00eds en el que vivas, puede variar en algunas condiciones, pero generalmente en una cocina que es lo suficientemente grande, puedes usar dos tipos de fregadero.<\/p><p style=\"font-family: Roboto, sans-serif; font-size: 16px; font-weight: 400; font-style: normal;\">Uno es el gran fregadero principal que puedes colocar de tal forma que mire hacia el comedor y tambi\u00e9n puedes colocar un lavavajillas al lado.<\/p><p style=\"font-family: Roboto, sans-serif; font-size: 16px; font-weight: 400; font-style: normal;\">El segundo, que puede ser m\u00e1s peque\u00f1o, se puede utilizar para lavarse las manos y preparar alimentos.<\/p><p style=\"font-family: Roboto, sans-serif; font-size: 16px; font-weight: 400; font-style: normal;\">Generalmente, la direcci\u00f3n noreste puede ser el mejor lugar para colocar un fregadero de cocina.<\/p>\t\t\t\t\t\t<\/div>\n\t\t\t\t<\/div>\n\t\t\t\t\t<\/div>\n\t\t<\/div>\n\t\t\t\t<div class=\"jet-sticky-column-sticky elementor-column elementor-col-50 elementor-top-column elementor-element elementor-element-4502b71\" data-jet-sticky-column-settings=\"{&quot;id&quot;:&quot;4502b71&quot;,&quot;sticky&quot;:true,&quot;topSpacing&quot;:50,&quot;bottomSpacing&quot;:50,&quot;stickyOn&quot;:[&quot;desktop&quot;,&quot;tablet&quot;]}\" data-id=\"4502b71\" data-element_type=\"column\">\n\t\t\t<div class=\"elementor-widget-wrap elementor-element-populated\">\n\t\t\t\t\t\t\t<\/div>\n\t\t<\/div>\n\t\t\t\t\t<\/div>\n\t\t<\/section>\n\t\t\t\t<\/div>\n\t\t","protected":false},"excerpt":{"rendered":"<p>Si est\u00e1 buscando una colecci\u00f3n de bloques CAD para fregaderos de cocina en DWG, est\u00e1 en el lugar correcto. Aqu\u00ed, [&hellip;]<\/p>\n","protected":false},"author":2,"featured_media":8246,"parent":9243,"menu_order":0,"comment_status":"closed","ping_status":"closed","template":"","meta":{"site-sidebar-layout":"default","site-content-layout":"","ast-site-content-layout":"","site-content-style":"default","site-sidebar-style":"default","ast-global-header-display":"","ast-banner-title-visibility":"","ast-main-header-display":"","ast-hfb-above-header-display":"","ast-hfb-below-header-display":"","ast-hfb-mobile-header-display":"","site-post-title":"","ast-breadcrumbs-content":"","ast-featured-img":"","footer-sml-layout":"","theme-transparent-header-meta":"","adv-header-id-meta":"","stick-header-meta":"","header-above-stick-meta":"","header-main-stick-meta":"","header-below-stick-meta":"","astra-migrate-meta-layouts":"default","ast-page-background-enabled":"default","ast-page-background-meta":{"desktop":{"background-color":"var(--ast-global-color-4)","background-image":"","background-repeat":"repeat","background-position":"center center","background-size":"auto","background-attachment":"scroll","background-type":"","background-media":"","overlay-type":"","overlay-color":"","overlay-gradient":""},"tablet":{"background-color":"","background-image":"","background-repeat":"repeat","background-position":"center center","background-size":"auto","background-attachment":"scroll","background-type":"","background-media":"","overlay-type":"","overlay-color":"","overlay-gradient":""},"mobile":{"background-color":"","background-image":"","background-repeat":"repeat","background-position":"center center","background-size":"auto","background-attachment":"scroll","background-type":"","background-media":"","overlay-type":"","overlay-color":"","overlay-gradient":""}},"ast-content-background-meta":{"desktop":{"background-color":"var(--ast-global-color-5)","background-image":"","background-repeat":"repeat","background-position":"center center","background-size":"auto","background-attachment":"scroll","background-type":"","background-media":"","overlay-type":"","overlay-color":"","overlay-gradient":""},"tablet":{"background-color":"var(--ast-global-color-5)","background-image":"","background-repeat":"repeat","background-position":"center center","background-size":"auto","background-attachment":"scroll","background-type":"","background-media":"","overlay-type":"","overlay-color":"","overlay-gradient":""},"mobile":{"background-color":"var(--ast-global-color-5)","background-image":"","background-repeat":"repeat","background-position":"center center","background-size":"auto","background-attachment":"scroll","background-type":"","background-media":"","overlay-type":"","overlay-color":"","overlay-gradient":""}},"footnotes":""},"class_list":["post-9412","page","type-page","status-publish","has-post-thumbnail","hentry"],"yoast_head":"<!-- This site is optimized with the Yoast SEO plugin v26.0 - https:\/\/yoast.com\/wordpress\/plugins\/seo\/ -->\n<title>Fregadero de cocina en DWG AutoCAD, planta y alzado. - iCADBLOCK<\/title>\n<meta name=\"description\" content=\"Si est\u00e1 buscando una colecci\u00f3n de bloques CAD para fregaderos de cocina en DWG, est\u00e1 en el lugar correcto.Aqu\u00ed, en esta p\u00e1gina, hemos\" \/>\n<meta name=\"robots\" content=\"index, follow, max-snippet:-1, max-image-preview:large, max-video-preview:-1\" \/>\n<link rel=\"canonical\" href=\"https:\/\/icadblock.com\/es\/cocina-en-dwg\/electrodomesticos-de-cocina-en-dwg\/fregadero-de-cocina-en-dwg\/\" \/>\n<meta property=\"og:locale\" content=\"es_ES\" \/>\n<meta property=\"og:type\" content=\"article\" \/>\n<meta property=\"og:title\" content=\"Fregadero de cocina en DWG AutoCAD, planta y alzado. - iCADBLOCK\" \/>\n<meta property=\"og:description\" content=\"Si est\u00e1 buscando una colecci\u00f3n de bloques CAD para fregaderos de cocina en DWG, est\u00e1 en el lugar correcto.Aqu\u00ed, en esta p\u00e1gina, hemos\" \/>\n<meta property=\"og:url\" content=\"https:\/\/icadblock.com\/es\/cocina-en-dwg\/electrodomesticos-de-cocina-en-dwg\/fregadero-de-cocina-en-dwg\/\" \/>\n<meta property=\"og:site_name\" content=\"iCADBLOCK\" \/>\n<meta property=\"article:modified_time\" content=\"2023-12-24T07:25:42+00:00\" \/>\n<meta property=\"og:image\" content=\"https:\/\/icadblock.com\/wp-content\/uploads\/2023\/05\/kitchen-sink-autocad.webp\" \/>\n\t<meta property=\"og:image:width\" content=\"1000\" \/>\n\t<meta property=\"og:image:height\" content=\"675\" \/>\n\t<meta property=\"og:image:type\" content=\"image\/webp\" \/>\n<meta name=\"twitter:card\" content=\"summary_large_image\" \/>\n<meta name=\"twitter:label1\" content=\"Tiempo de lectura\" \/>\n\t<meta name=\"twitter:data1\" content=\"2 minutos\" \/>\n<script type=\"application\/ld+json\" class=\"yoast-schema-graph\">{\"@context\":\"https:\/\/schema.org\",\"@graph\":[{\"@type\":\"WebPage\",\"@id\":\"https:\/\/icadblock.com\/es\/cocina-en-dwg\/electrodomesticos-de-cocina-en-dwg\/fregadero-de-cocina-en-dwg\/\",\"url\":\"https:\/\/icadblock.com\/es\/cocina-en-dwg\/electrodomesticos-de-cocina-en-dwg\/fregadero-de-cocina-en-dwg\/\",\"name\":\"Fregadero de cocina en DWG AutoCAD, planta y alzado. - iCADBLOCK\",\"isPartOf\":{\"@id\":\"https:\/\/icadblock.com\/es\/#website\"},\"primaryImageOfPage\":{\"@id\":\"https:\/\/icadblock.com\/es\/cocina-en-dwg\/electrodomesticos-de-cocina-en-dwg\/fregadero-de-cocina-en-dwg\/#primaryimage\"},\"image\":{\"@id\":\"https:\/\/icadblock.com\/es\/cocina-en-dwg\/electrodomesticos-de-cocina-en-dwg\/fregadero-de-cocina-en-dwg\/#primaryimage\"},\"thumbnailUrl\":\"https:\/\/icadblock.com\/wp-content\/uploads\/2023\/05\/kitchen-sink-autocad.webp\",\"datePublished\":\"2023-05-08T07:03:10+00:00\",\"dateModified\":\"2023-12-24T07:25:42+00:00\",\"description\":\"Si est\u00e1 buscando una colecci\u00f3n de bloques CAD para fregaderos de cocina en DWG, est\u00e1 en el lugar correcto.Aqu\u00ed, en esta p\u00e1gina, hemos\",\"breadcrumb\":{\"@id\":\"https:\/\/icadblock.com\/es\/cocina-en-dwg\/electrodomesticos-de-cocina-en-dwg\/fregadero-de-cocina-en-dwg\/#breadcrumb\"},\"inLanguage\":\"es\",\"potentialAction\":[{\"@type\":\"ReadAction\",\"target\":[\"https:\/\/icadblock.com\/es\/cocina-en-dwg\/electrodomesticos-de-cocina-en-dwg\/fregadero-de-cocina-en-dwg\/\"]}]},{\"@type\":\"ImageObject\",\"inLanguage\":\"es\",\"@id\":\"https:\/\/icadblock.com\/es\/cocina-en-dwg\/electrodomesticos-de-cocina-en-dwg\/fregadero-de-cocina-en-dwg\/#primaryimage\",\"url\":\"https:\/\/icadblock.com\/wp-content\/uploads\/2023\/05\/kitchen-sink-autocad.webp\",\"contentUrl\":\"https:\/\/icadblock.com\/wp-content\/uploads\/2023\/05\/kitchen-sink-autocad.webp\",\"width\":1000,\"height\":675,\"caption\":\"Fregadero de cocina en DWG\"},{\"@type\":\"BreadcrumbList\",\"@id\":\"https:\/\/icadblock.com\/es\/cocina-en-dwg\/electrodomesticos-de-cocina-en-dwg\/fregadero-de-cocina-en-dwg\/#breadcrumb\",\"itemListElement\":[{\"@type\":\"ListItem\",\"position\":1,\"name\":\"Home\",\"item\":\"https:\/\/icadblock.com\/es\/\"},{\"@type\":\"ListItem\",\"position\":2,\"name\":\"Cocina en DWG, colecci\u00f3n completa.\",\"item\":\"https:\/\/icadblock.com\/es\/cocina-en-dwg\/\"},{\"@type\":\"ListItem\",\"position\":3,\"name\":\"Electrodom\u00e9sticos de cocina en DWG\",\"item\":\"https:\/\/icadblock.com\/es\/cocina-en-dwg\/electrodomesticos-de-cocina-en-dwg\/\"},{\"@type\":\"ListItem\",\"position\":4,\"name\":\"Fregadero de cocina en DWG AutoCAD, planta y alzado.\"}]},{\"@type\":\"WebSite\",\"@id\":\"https:\/\/icadblock.com\/es\/#website\",\"url\":\"https:\/\/icadblock.com\/es\/\",\"name\":\"iCADBLOCK\",\"description\":\"CAD Block free download, 2d DWG models in plan\",\"publisher\":{\"@id\":\"https:\/\/icadblock.com\/es\/#organization\"},\"potentialAction\":[{\"@type\":\"SearchAction\",\"target\":{\"@type\":\"EntryPoint\",\"urlTemplate\":\"https:\/\/icadblock.com\/es\/?s={search_term_string}\"},\"query-input\":{\"@type\":\"PropertyValueSpecification\",\"valueRequired\":true,\"valueName\":\"search_term_string\"}}],\"inLanguage\":\"es\"},{\"@type\":\"Organization\",\"@id\":\"https:\/\/icadblock.com\/es\/#organization\",\"name\":\"icadblock\",\"url\":\"https:\/\/icadblock.com\/es\/\",\"logo\":{\"@type\":\"ImageObject\",\"inLanguage\":\"es\",\"@id\":\"https:\/\/icadblock.com\/es\/#\/schema\/logo\/image\/\",\"url\":\"https:\/\/icadblock.com\/wp-content\/uploads\/2022\/02\/LOGO.png\",\"contentUrl\":\"https:\/\/icadblock.com\/wp-content\/uploads\/2022\/02\/LOGO.png\",\"width\":546,\"height\":125,\"caption\":\"icadblock\"},\"image\":{\"@id\":\"https:\/\/icadblock.com\/es\/#\/schema\/logo\/image\/\"}}]}<\/script>\n<!-- \/ Yoast SEO plugin. -->","yoast_head_json":{"title":"Fregadero de cocina en DWG AutoCAD, planta y alzado. - iCADBLOCK","description":"Si est\u00e1 buscando una colecci\u00f3n de bloques CAD para fregaderos de cocina en DWG, est\u00e1 en el lugar correcto.Aqu\u00ed, en esta p\u00e1gina, hemos","robots":{"index":"index","follow":"follow","max-snippet":"max-snippet:-1","max-image-preview":"max-image-preview:large","max-video-preview":"max-video-preview:-1"},"canonical":"https:\/\/icadblock.com\/es\/cocina-en-dwg\/electrodomesticos-de-cocina-en-dwg\/fregadero-de-cocina-en-dwg\/","og_locale":"es_ES","og_type":"article","og_title":"Fregadero de cocina en DWG AutoCAD, planta y alzado. - iCADBLOCK","og_description":"Si est\u00e1 buscando una colecci\u00f3n de bloques CAD para fregaderos de cocina en DWG, est\u00e1 en el lugar correcto.Aqu\u00ed, en esta p\u00e1gina, hemos","og_url":"https:\/\/icadblock.com\/es\/cocina-en-dwg\/electrodomesticos-de-cocina-en-dwg\/fregadero-de-cocina-en-dwg\/","og_site_name":"iCADBLOCK","article_modified_time":"2023-12-24T07:25:42+00:00","og_image":[{"width":1000,"height":675,"url":"https:\/\/icadblock.com\/wp-content\/uploads\/2023\/05\/kitchen-sink-autocad.webp","type":"image\/webp"}],"twitter_card":"summary_large_image","twitter_misc":{"Tiempo de lectura":"2 minutos"},"schema":{"@context":"https:\/\/schema.org","@graph":[{"@type":"WebPage","@id":"https:\/\/icadblock.com\/es\/cocina-en-dwg\/electrodomesticos-de-cocina-en-dwg\/fregadero-de-cocina-en-dwg\/","url":"https:\/\/icadblock.com\/es\/cocina-en-dwg\/electrodomesticos-de-cocina-en-dwg\/fregadero-de-cocina-en-dwg\/","name":"Fregadero de cocina en DWG AutoCAD, planta y alzado. - iCADBLOCK","isPartOf":{"@id":"https:\/\/icadblock.com\/es\/#website"},"primaryImageOfPage":{"@id":"https:\/\/icadblock.com\/es\/cocina-en-dwg\/electrodomesticos-de-cocina-en-dwg\/fregadero-de-cocina-en-dwg\/#primaryimage"},"image":{"@id":"https:\/\/icadblock.com\/es\/cocina-en-dwg\/electrodomesticos-de-cocina-en-dwg\/fregadero-de-cocina-en-dwg\/#primaryimage"},"thumbnailUrl":"https:\/\/icadblock.com\/wp-content\/uploads\/2023\/05\/kitchen-sink-autocad.webp","datePublished":"2023-05-08T07:03:10+00:00","dateModified":"2023-12-24T07:25:42+00:00","description":"Si est\u00e1 buscando una colecci\u00f3n de bloques CAD para fregaderos de cocina en DWG, est\u00e1 en el lugar correcto.Aqu\u00ed, en esta p\u00e1gina, hemos","breadcrumb":{"@id":"https:\/\/icadblock.com\/es\/cocina-en-dwg\/electrodomesticos-de-cocina-en-dwg\/fregadero-de-cocina-en-dwg\/#breadcrumb"},"inLanguage":"es","potentialAction":[{"@type":"ReadAction","target":["https:\/\/icadblock.com\/es\/cocina-en-dwg\/electrodomesticos-de-cocina-en-dwg\/fregadero-de-cocina-en-dwg\/"]}]},{"@type":"ImageObject","inLanguage":"es","@id":"https:\/\/icadblock.com\/es\/cocina-en-dwg\/electrodomesticos-de-cocina-en-dwg\/fregadero-de-cocina-en-dwg\/#primaryimage","url":"https:\/\/icadblock.com\/wp-content\/uploads\/2023\/05\/kitchen-sink-autocad.webp","contentUrl":"https:\/\/icadblock.com\/wp-content\/uploads\/2023\/05\/kitchen-sink-autocad.webp","width":1000,"height":675,"caption":"Fregadero de cocina en DWG"},{"@type":"BreadcrumbList","@id":"https:\/\/icadblock.com\/es\/cocina-en-dwg\/electrodomesticos-de-cocina-en-dwg\/fregadero-de-cocina-en-dwg\/#breadcrumb","itemListElement":[{"@type":"ListItem","position":1,"name":"Home","item":"https:\/\/icadblock.com\/es\/"},{"@type":"ListItem","position":2,"name":"Cocina en DWG, colecci\u00f3n completa.","item":"https:\/\/icadblock.com\/es\/cocina-en-dwg\/"},{"@type":"ListItem","position":3,"name":"Electrodom\u00e9sticos de cocina en DWG","item":"https:\/\/icadblock.com\/es\/cocina-en-dwg\/electrodomesticos-de-cocina-en-dwg\/"},{"@type":"ListItem","position":4,"name":"Fregadero de cocina en DWG AutoCAD, planta y alzado."}]},{"@type":"WebSite","@id":"https:\/\/icadblock.com\/es\/#website","url":"https:\/\/icadblock.com\/es\/","name":"iCADBLOCK","description":"CAD Block free download, 2d DWG models in plan","publisher":{"@id":"https:\/\/icadblock.com\/es\/#organization"},"potentialAction":[{"@type":"SearchAction","target":{"@type":"EntryPoint","urlTemplate":"https:\/\/icadblock.com\/es\/?s={search_term_string}"},"query-input":{"@type":"PropertyValueSpecification","valueRequired":true,"valueName":"search_term_string"}}],"inLanguage":"es"},{"@type":"Organization","@id":"https:\/\/icadblock.com\/es\/#organization","name":"icadblock","url":"https:\/\/icadblock.com\/es\/","logo":{"@type":"ImageObject","inLanguage":"es","@id":"https:\/\/icadblock.com\/es\/#\/schema\/logo\/image\/","url":"https:\/\/icadblock.com\/wp-content\/uploads\/2022\/02\/LOGO.png","contentUrl":"https:\/\/icadblock.com\/wp-content\/uploads\/2022\/02\/LOGO.png","width":546,"height":125,"caption":"icadblock"},"image":{"@id":"https:\/\/icadblock.com\/es\/#\/schema\/logo\/image\/"}}]}},"_links":{"self":[{"href":"https:\/\/icadblock.com\/es\/wp-json\/wp\/v2\/pages\/9412","targetHints":{"allow":["GET"]}}],"collection":[{"href":"https:\/\/icadblock.com\/es\/wp-json\/wp\/v2\/pages"}],"about":[{"href":"https:\/\/icadblock.com\/es\/wp-json\/wp\/v2\/types\/page"}],"author":[{"embeddable":true,"href":"https:\/\/icadblock.com\/es\/wp-json\/wp\/v2\/users\/2"}],"replies":[{"embeddable":true,"href":"https:\/\/icadblock.com\/es\/wp-json\/wp\/v2\/comments?post=9412"}],"version-history":[{"count":5,"href":"https:\/\/icadblock.com\/es\/wp-json\/wp\/v2\/pages\/9412\/revisions"}],"predecessor-version":[{"id":9417,"href":"https:\/\/icadblock.com\/es\/wp-json\/wp\/v2\/pages\/9412\/revisions\/9417"}],"up":[{"embeddable":true,"href":"https:\/\/icadblock.com\/es\/wp-json\/wp\/v2\/pages\/9243"}],"wp:featuredmedia":[{"embeddable":true,"href":"https:\/\/icadblock.com\/es\/wp-json\/wp\/v2\/media\/8246"}],"wp:attachment":[{"href":"https:\/\/icadblock.com\/es\/wp-json\/wp\/v2\/media?parent=9412"}],"curies":[{"name":"wp","href":"https:\/\/api.w.org\/{rel}","templated":true}]}}