{"id":9436,"date":"2023-05-20T12:17:24","date_gmt":"2023-05-20T12:17:24","guid":{"rendered":"https:\/\/icadblock.com\/?page_id=9436"},"modified":"2023-12-24T08:04:19","modified_gmt":"2023-12-24T08:04:19","slug":"grifo-de-cocina-en-dwg","status":"publish","type":"page","link":"https:\/\/icadblock.com\/es\/coleccion-de-grifos-en-dwg\/grifo-de-cocina-en-dwg\/","title":{"rendered":"Grifo de Cocina en DWG AutoCAD"},"content":{"rendered":"\t\t<div data-elementor-type=\"wp-page\" data-elementor-id=\"9436\" class=\"elementor elementor-9436 elementor-4577\" data-elementor-post-type=\"page\">\n\t\t\t\t\t\t<section class=\"elementor-section elementor-top-section elementor-element elementor-element-5dbc8d09 elementor-section-boxed elementor-section-height-default elementor-section-height-default\" data-id=\"5dbc8d09\" data-element_type=\"section\">\n\t\t\t\t\t\t<div class=\"elementor-container elementor-column-gap-default\">\n\t\t\t\t\t<div class=\"elementor-column elementor-col-50 elementor-top-column elementor-element elementor-element-2dd849a9\" data-id=\"2dd849a9\" data-element_type=\"column\">\n\t\t\t<div class=\"elementor-widget-wrap elementor-element-populated\">\n\t\t\t\t\t\t<div class=\"elementor-element elementor-element-697590b4 elementor-widget elementor-widget-text-editor\" data-id=\"697590b4\" data-element_type=\"widget\" data-widget_type=\"text-editor.default\">\n\t\t\t\t<div class=\"elementor-widget-container\">\n\t\t\t<style>\/*! elementor - v3.21.0 - 30-04-2024 *\/\n.elementor-widget-text-editor.elementor-drop-cap-view-stacked .elementor-drop-cap{background-color:#69727d;color:#fff}.elementor-widget-text-editor.elementor-drop-cap-view-framed .elementor-drop-cap{color:#69727d;border:3px solid;background-color:transparent}.elementor-widget-text-editor:not(.elementor-drop-cap-view-default) .elementor-drop-cap{margin-top:8px}.elementor-widget-text-editor:not(.elementor-drop-cap-view-default) .elementor-drop-cap-letter{width:1em;height:1em}.elementor-widget-text-editor .elementor-drop-cap{float:left;text-align:center;line-height:1;font-size:50px}.elementor-widget-text-editor .elementor-drop-cap-letter{display:inline-block}<\/style>\t\t\t\t<p>Esta p\u00e1gina est\u00e1 dedicada a la colecci\u00f3n de <strong>grifos de cocina en DWG.<\/strong><br \/>Estos modelos 2D se proporcionan en formato DWG y puede descargarlos y utilizarlos en sus proyectos.<\/p><p>Puede utilizar las vistas superiores en los planos de planta y las vistas de alzado se proporcionan para crear elevaciones.<\/p><p>Mire los siguientes bloques CAD y elija cada uno que se adapte a su prop\u00f3sito de dibujo.<\/p>\t\t\t\t\t\t<\/div>\n\t\t\t\t<\/div>\n\t\t\t\t<div class=\"elementor-element elementor-element-944cba3 elementor-widget elementor-widget-text-editor\" data-id=\"944cba3\" data-element_type=\"widget\" data-widget_type=\"text-editor.default\">\n\t\t\t\t<div class=\"elementor-widget-container\">\n\t\t\t\t\t\t\t<p><\/p>\t\t\t\t\t\t<\/div>\n\t\t\t\t<\/div>\n\t\t\t\t<div class=\"elementor-element elementor-element-9d31438 elementor-widget elementor-widget-heading\" data-id=\"9d31438\" data-element_type=\"widget\" data-widget_type=\"heading.default\">\n\t\t\t\t<div class=\"elementor-widget-container\">\n\t\t\t<style>\/*! elementor - v3.21.0 - 30-04-2024 *\/\n.elementor-heading-title{padding:0;margin:0;line-height:1}.elementor-widget-heading .elementor-heading-title[class*=elementor-size-]>a{color:inherit;font-size:inherit;line-height:inherit}.elementor-widget-heading .elementor-heading-title.elementor-size-small{font-size:15px}.elementor-widget-heading .elementor-heading-title.elementor-size-medium{font-size:19px}.elementor-widget-heading .elementor-heading-title.elementor-size-large{font-size:29px}.elementor-widget-heading .elementor-heading-title.elementor-size-xl{font-size:39px}.elementor-widget-heading .elementor-heading-title.elementor-size-xxl{font-size:59px}<\/style><h2 class=\"elementor-heading-title elementor-size-default\">Grifo de Cocina en DWG<\/h2>\t\t<\/div>\n\t\t\t\t<\/div>\n\t\t\t\t<div class=\"elementor-element elementor-element-653059c elementor-widget elementor-widget-text-editor\" data-id=\"653059c\" data-element_type=\"widget\" data-widget_type=\"text-editor.default\">\n\t\t\t\t<div class=\"elementor-widget-container\">\n\t\t\t\t\t\t\t<p><\/p>\t\t\t\t\t\t<\/div>\n\t\t\t\t<\/div>\n\t\t\t\t<div class=\"elementor-element elementor-element-4fde911 elementor-widget elementor-widget-text-editor\" data-id=\"4fde911\" data-element_type=\"widget\" data-widget_type=\"text-editor.default\">\n\t\t\t\t<div class=\"elementor-widget-container\">\n\t\t\t\t\t\t\t<p>Haga clic en los enlaces a continuaci\u00f3n si est\u00e1 buscando otros bloques CAD \u00fatiles en categor\u00edas relacionadas:<\/p><p><a href=\"https:\/\/icadblock.com\/es\/cocina-en-dwg\/electrodomesticos-de-cocina-en-dwg\/\"><em><strong>Electrodom\u00e9sticos de cocina en DWG<\/strong><\/em><\/a><\/p><h3><span style=\"color: #0000ff;\">Notas:<\/span><\/h3><p>Si est\u00e1s dibujando un espacio de cocina, nunca puedes dejarla sin Grifo.<\/p><p>El bloque CAD para grifos de cocina es uno de los bloques CAD m\u00e1s utilizados en el dibujo.<\/p><p>Los arquitectos utilizan Faucet en vistas en planta y en alzado seg\u00fan sus necesidades.<\/p><p>Adem\u00e1s de utilizar estos modelos DWG en dibujos de AutoCAD, es posible que tambi\u00e9n desee utilizar estos modelos 2D y crear un modelo 3D del grifo.<\/p><p>Considere los modelos proporcionados en esta p\u00e1gina y av\u00edsenos si est\u00e1 buscando bloques CAD relacionados que no pudo encontrar en esta p\u00e1gina y sitio web.<\/p><p>Descarga estos hermosos bloques CAD y haz que tu dibujo luzca m\u00e1s hermoso.<\/p>\t\t\t\t\t\t<\/div>\n\t\t\t\t<\/div>\n\t\t\t\t\t<\/div>\n\t\t<\/div>\n\t\t\t\t<div class=\"jet-sticky-column-sticky elementor-column elementor-col-50 elementor-top-column elementor-element elementor-element-ef618a3\" data-jet-sticky-column-settings=\"{&quot;id&quot;:&quot;ef618a3&quot;,&quot;sticky&quot;:true,&quot;topSpacing&quot;:50,&quot;bottomSpacing&quot;:50,&quot;stickyOn&quot;:[&quot;desktop&quot;,&quot;tablet&quot;]}\" data-id=\"ef618a3\" data-element_type=\"column\">\n\t\t\t<div class=\"elementor-widget-wrap elementor-element-populated\">\n\t\t\t\t\t\t\t<\/div>\n\t\t<\/div>\n\t\t\t\t\t<\/div>\n\t\t<\/section>\n\t\t\t\t<\/div>\n\t\t","protected":false},"excerpt":{"rendered":"<p>Esta p\u00e1gina est\u00e1 dedicada a la colecci\u00f3n de grifos de cocina en DWG. Estos modelos 2D se proporcionan en formato [&hellip;]<\/p>\n","protected":false},"author":2,"featured_media":8266,"parent":9430,"menu_order":0,"comment_status":"closed","ping_status":"closed","template":"","meta":{"site-sidebar-layout":"default","site-content-layout":"","ast-site-content-layout":"","site-content-style":"default","site-sidebar-style":"default","ast-global-header-display":"","ast-banner-title-visibility":"","ast-main-header-display":"","ast-hfb-above-header-display":"","ast-hfb-below-header-display":"","ast-hfb-mobile-header-display":"","site-post-title":"","ast-breadcrumbs-content":"","ast-featured-img":"","footer-sml-layout":"","theme-transparent-header-meta":"","adv-header-id-meta":"","stick-header-meta":"","header-above-stick-meta":"","header-main-stick-meta":"","header-below-stick-meta":"","astra-migrate-meta-layouts":"default","ast-page-background-enabled":"default","ast-page-background-meta":{"desktop":{"background-color":"var(--ast-global-color-4)","background-image":"","background-repeat":"repeat","background-position":"center center","background-size":"auto","background-attachment":"scroll","background-type":"","background-media":"","overlay-type":"","overlay-color":"","overlay-gradient":""},"tablet":{"background-color":"","background-image":"","background-repeat":"repeat","background-position":"center center","background-size":"auto","background-attachment":"scroll","background-type":"","background-media":"","overlay-type":"","overlay-color":"","overlay-gradient":""},"mobile":{"background-color":"","background-image":"","background-repeat":"repeat","background-position":"center center","background-size":"auto","background-attachment":"scroll","background-type":"","background-media":"","overlay-type":"","overlay-color":"","overlay-gradient":""}},"ast-content-background-meta":{"desktop":{"background-color":"var(--ast-global-color-5)","background-image":"","background-repeat":"repeat","background-position":"center center","background-size":"auto","background-attachment":"scroll","background-type":"","background-media":"","overlay-type":"","overlay-color":"","overlay-gradient":""},"tablet":{"background-color":"var(--ast-global-color-5)","background-image":"","background-repeat":"repeat","background-position":"center center","background-size":"auto","background-attachment":"scroll","background-type":"","background-media":"","overlay-type":"","overlay-color":"","overlay-gradient":""},"mobile":{"background-color":"var(--ast-global-color-5)","background-image":"","background-repeat":"repeat","background-position":"center center","background-size":"auto","background-attachment":"scroll","background-type":"","background-media":"","overlay-type":"","overlay-color":"","overlay-gradient":""}},"footnotes":""},"class_list":["post-9436","page","type-page","status-publish","has-post-thumbnail","hentry"],"yoast_head":"<!-- This site is optimized with the Yoast SEO plugin v26.0 - https:\/\/yoast.com\/wordpress\/plugins\/seo\/ -->\n<title>Grifo de Cocina en DWG AutoCAD - iCADBLOCK<\/title>\n<meta name=\"description\" content=\"Esta p\u00e1gina est\u00e1 dedicada a la colecci\u00f3n de grifos de cocina en DWG. Estos modelos 2D se proporcionan en formato DWG y puede descargarlos\" \/>\n<meta name=\"robots\" content=\"index, follow, max-snippet:-1, max-image-preview:large, max-video-preview:-1\" \/>\n<link rel=\"canonical\" href=\"https:\/\/icadblock.com\/es\/coleccion-de-grifos-en-dwg\/grifo-de-cocina-en-dwg\/\" \/>\n<meta property=\"og:locale\" content=\"es_ES\" \/>\n<meta property=\"og:type\" content=\"article\" \/>\n<meta property=\"og:title\" content=\"Grifo de Cocina en DWG AutoCAD - iCADBLOCK\" \/>\n<meta property=\"og:description\" content=\"Esta p\u00e1gina est\u00e1 dedicada a la colecci\u00f3n de grifos de cocina en DWG. Estos modelos 2D se proporcionan en formato DWG y puede descargarlos\" \/>\n<meta property=\"og:url\" content=\"https:\/\/icadblock.com\/es\/coleccion-de-grifos-en-dwg\/grifo-de-cocina-en-dwg\/\" \/>\n<meta property=\"og:site_name\" content=\"iCADBLOCK\" \/>\n<meta property=\"article:modified_time\" content=\"2023-12-24T08:04:19+00:00\" \/>\n<meta property=\"og:image\" content=\"https:\/\/icadblock.com\/wp-content\/uploads\/2023\/05\/kitchen-faucet-CAD.webp\" \/>\n\t<meta property=\"og:image:width\" content=\"1000\" \/>\n\t<meta property=\"og:image:height\" content=\"675\" \/>\n\t<meta property=\"og:image:type\" content=\"image\/webp\" \/>\n<meta name=\"twitter:card\" content=\"summary_large_image\" \/>\n<meta name=\"twitter:label1\" content=\"Tiempo de lectura\" \/>\n\t<meta name=\"twitter:data1\" content=\"2 minutos\" \/>\n<script type=\"application\/ld+json\" class=\"yoast-schema-graph\">{\"@context\":\"https:\/\/schema.org\",\"@graph\":[{\"@type\":\"WebPage\",\"@id\":\"https:\/\/icadblock.com\/es\/coleccion-de-grifos-en-dwg\/grifo-de-cocina-en-dwg\/\",\"url\":\"https:\/\/icadblock.com\/es\/coleccion-de-grifos-en-dwg\/grifo-de-cocina-en-dwg\/\",\"name\":\"Grifo de Cocina en DWG AutoCAD - iCADBLOCK\",\"isPartOf\":{\"@id\":\"https:\/\/icadblock.com\/es\/#website\"},\"primaryImageOfPage\":{\"@id\":\"https:\/\/icadblock.com\/es\/coleccion-de-grifos-en-dwg\/grifo-de-cocina-en-dwg\/#primaryimage\"},\"image\":{\"@id\":\"https:\/\/icadblock.com\/es\/coleccion-de-grifos-en-dwg\/grifo-de-cocina-en-dwg\/#primaryimage\"},\"thumbnailUrl\":\"https:\/\/icadblock.com\/wp-content\/uploads\/2023\/05\/kitchen-faucet-CAD.webp\",\"datePublished\":\"2023-05-20T12:17:24+00:00\",\"dateModified\":\"2023-12-24T08:04:19+00:00\",\"description\":\"Esta p\u00e1gina est\u00e1 dedicada a la colecci\u00f3n de grifos de cocina en DWG. Estos modelos 2D se proporcionan en formato DWG y puede descargarlos\",\"breadcrumb\":{\"@id\":\"https:\/\/icadblock.com\/es\/coleccion-de-grifos-en-dwg\/grifo-de-cocina-en-dwg\/#breadcrumb\"},\"inLanguage\":\"es\",\"potentialAction\":[{\"@type\":\"ReadAction\",\"target\":[\"https:\/\/icadblock.com\/es\/coleccion-de-grifos-en-dwg\/grifo-de-cocina-en-dwg\/\"]}]},{\"@type\":\"ImageObject\",\"inLanguage\":\"es\",\"@id\":\"https:\/\/icadblock.com\/es\/coleccion-de-grifos-en-dwg\/grifo-de-cocina-en-dwg\/#primaryimage\",\"url\":\"https:\/\/icadblock.com\/wp-content\/uploads\/2023\/05\/kitchen-faucet-CAD.webp\",\"contentUrl\":\"https:\/\/icadblock.com\/wp-content\/uploads\/2023\/05\/kitchen-faucet-CAD.webp\",\"width\":1000,\"height\":675,\"caption\":\"Grifo de Cocina en DWG AutoCAD\"},{\"@type\":\"BreadcrumbList\",\"@id\":\"https:\/\/icadblock.com\/es\/coleccion-de-grifos-en-dwg\/grifo-de-cocina-en-dwg\/#breadcrumb\",\"itemListElement\":[{\"@type\":\"ListItem\",\"position\":1,\"name\":\"Home\",\"item\":\"https:\/\/icadblock.com\/es\/\"},{\"@type\":\"ListItem\",\"position\":2,\"name\":\"colecci\u00f3n de Grifos en DWG, descarga gratuita\",\"item\":\"https:\/\/icadblock.com\/es\/coleccion-de-grifos-en-dwg\/\"},{\"@type\":\"ListItem\",\"position\":3,\"name\":\"Grifo de Cocina en DWG AutoCAD\"}]},{\"@type\":\"WebSite\",\"@id\":\"https:\/\/icadblock.com\/es\/#website\",\"url\":\"https:\/\/icadblock.com\/es\/\",\"name\":\"iCADBLOCK\",\"description\":\"CAD Block free download, 2d DWG models in plan\",\"publisher\":{\"@id\":\"https:\/\/icadblock.com\/es\/#organization\"},\"potentialAction\":[{\"@type\":\"SearchAction\",\"target\":{\"@type\":\"EntryPoint\",\"urlTemplate\":\"https:\/\/icadblock.com\/es\/?s={search_term_string}\"},\"query-input\":{\"@type\":\"PropertyValueSpecification\",\"valueRequired\":true,\"valueName\":\"search_term_string\"}}],\"inLanguage\":\"es\"},{\"@type\":\"Organization\",\"@id\":\"https:\/\/icadblock.com\/es\/#organization\",\"name\":\"icadblock\",\"url\":\"https:\/\/icadblock.com\/es\/\",\"logo\":{\"@type\":\"ImageObject\",\"inLanguage\":\"es\",\"@id\":\"https:\/\/icadblock.com\/es\/#\/schema\/logo\/image\/\",\"url\":\"https:\/\/icadblock.com\/wp-content\/uploads\/2022\/02\/LOGO.png\",\"contentUrl\":\"https:\/\/icadblock.com\/wp-content\/uploads\/2022\/02\/LOGO.png\",\"width\":546,\"height\":125,\"caption\":\"icadblock\"},\"image\":{\"@id\":\"https:\/\/icadblock.com\/es\/#\/schema\/logo\/image\/\"}}]}<\/script>\n<!-- \/ Yoast SEO plugin. -->","yoast_head_json":{"title":"Grifo de Cocina en DWG AutoCAD - iCADBLOCK","description":"Esta p\u00e1gina est\u00e1 dedicada a la colecci\u00f3n de grifos de cocina en DWG. Estos modelos 2D se proporcionan en formato DWG y puede descargarlos","robots":{"index":"index","follow":"follow","max-snippet":"max-snippet:-1","max-image-preview":"max-image-preview:large","max-video-preview":"max-video-preview:-1"},"canonical":"https:\/\/icadblock.com\/es\/coleccion-de-grifos-en-dwg\/grifo-de-cocina-en-dwg\/","og_locale":"es_ES","og_type":"article","og_title":"Grifo de Cocina en DWG AutoCAD - iCADBLOCK","og_description":"Esta p\u00e1gina est\u00e1 dedicada a la colecci\u00f3n de grifos de cocina en DWG. Estos modelos 2D se proporcionan en formato DWG y puede descargarlos","og_url":"https:\/\/icadblock.com\/es\/coleccion-de-grifos-en-dwg\/grifo-de-cocina-en-dwg\/","og_site_name":"iCADBLOCK","article_modified_time":"2023-12-24T08:04:19+00:00","og_image":[{"width":1000,"height":675,"url":"https:\/\/icadblock.com\/wp-content\/uploads\/2023\/05\/kitchen-faucet-CAD.webp","type":"image\/webp"}],"twitter_card":"summary_large_image","twitter_misc":{"Tiempo de lectura":"2 minutos"},"schema":{"@context":"https:\/\/schema.org","@graph":[{"@type":"WebPage","@id":"https:\/\/icadblock.com\/es\/coleccion-de-grifos-en-dwg\/grifo-de-cocina-en-dwg\/","url":"https:\/\/icadblock.com\/es\/coleccion-de-grifos-en-dwg\/grifo-de-cocina-en-dwg\/","name":"Grifo de Cocina en DWG AutoCAD - iCADBLOCK","isPartOf":{"@id":"https:\/\/icadblock.com\/es\/#website"},"primaryImageOfPage":{"@id":"https:\/\/icadblock.com\/es\/coleccion-de-grifos-en-dwg\/grifo-de-cocina-en-dwg\/#primaryimage"},"image":{"@id":"https:\/\/icadblock.com\/es\/coleccion-de-grifos-en-dwg\/grifo-de-cocina-en-dwg\/#primaryimage"},"thumbnailUrl":"https:\/\/icadblock.com\/wp-content\/uploads\/2023\/05\/kitchen-faucet-CAD.webp","datePublished":"2023-05-20T12:17:24+00:00","dateModified":"2023-12-24T08:04:19+00:00","description":"Esta p\u00e1gina est\u00e1 dedicada a la colecci\u00f3n de grifos de cocina en DWG. Estos modelos 2D se proporcionan en formato DWG y puede descargarlos","breadcrumb":{"@id":"https:\/\/icadblock.com\/es\/coleccion-de-grifos-en-dwg\/grifo-de-cocina-en-dwg\/#breadcrumb"},"inLanguage":"es","potentialAction":[{"@type":"ReadAction","target":["https:\/\/icadblock.com\/es\/coleccion-de-grifos-en-dwg\/grifo-de-cocina-en-dwg\/"]}]},{"@type":"ImageObject","inLanguage":"es","@id":"https:\/\/icadblock.com\/es\/coleccion-de-grifos-en-dwg\/grifo-de-cocina-en-dwg\/#primaryimage","url":"https:\/\/icadblock.com\/wp-content\/uploads\/2023\/05\/kitchen-faucet-CAD.webp","contentUrl":"https:\/\/icadblock.com\/wp-content\/uploads\/2023\/05\/kitchen-faucet-CAD.webp","width":1000,"height":675,"caption":"Grifo de Cocina en DWG AutoCAD"},{"@type":"BreadcrumbList","@id":"https:\/\/icadblock.com\/es\/coleccion-de-grifos-en-dwg\/grifo-de-cocina-en-dwg\/#breadcrumb","itemListElement":[{"@type":"ListItem","position":1,"name":"Home","item":"https:\/\/icadblock.com\/es\/"},{"@type":"ListItem","position":2,"name":"colecci\u00f3n de Grifos en DWG, descarga gratuita","item":"https:\/\/icadblock.com\/es\/coleccion-de-grifos-en-dwg\/"},{"@type":"ListItem","position":3,"name":"Grifo de Cocina en DWG AutoCAD"}]},{"@type":"WebSite","@id":"https:\/\/icadblock.com\/es\/#website","url":"https:\/\/icadblock.com\/es\/","name":"iCADBLOCK","description":"CAD Block free download, 2d DWG models in plan","publisher":{"@id":"https:\/\/icadblock.com\/es\/#organization"},"potentialAction":[{"@type":"SearchAction","target":{"@type":"EntryPoint","urlTemplate":"https:\/\/icadblock.com\/es\/?s={search_term_string}"},"query-input":{"@type":"PropertyValueSpecification","valueRequired":true,"valueName":"search_term_string"}}],"inLanguage":"es"},{"@type":"Organization","@id":"https:\/\/icadblock.com\/es\/#organization","name":"icadblock","url":"https:\/\/icadblock.com\/es\/","logo":{"@type":"ImageObject","inLanguage":"es","@id":"https:\/\/icadblock.com\/es\/#\/schema\/logo\/image\/","url":"https:\/\/icadblock.com\/wp-content\/uploads\/2022\/02\/LOGO.png","contentUrl":"https:\/\/icadblock.com\/wp-content\/uploads\/2022\/02\/LOGO.png","width":546,"height":125,"caption":"icadblock"},"image":{"@id":"https:\/\/icadblock.com\/es\/#\/schema\/logo\/image\/"}}]}},"_links":{"self":[{"href":"https:\/\/icadblock.com\/es\/wp-json\/wp\/v2\/pages\/9436","targetHints":{"allow":["GET"]}}],"collection":[{"href":"https:\/\/icadblock.com\/es\/wp-json\/wp\/v2\/pages"}],"about":[{"href":"https:\/\/icadblock.com\/es\/wp-json\/wp\/v2\/types\/page"}],"author":[{"embeddable":true,"href":"https:\/\/icadblock.com\/es\/wp-json\/wp\/v2\/users\/2"}],"replies":[{"embeddable":true,"href":"https:\/\/icadblock.com\/es\/wp-json\/wp\/v2\/comments?post=9436"}],"version-history":[{"count":6,"href":"https:\/\/icadblock.com\/es\/wp-json\/wp\/v2\/pages\/9436\/revisions"}],"predecessor-version":[{"id":9442,"href":"https:\/\/icadblock.com\/es\/wp-json\/wp\/v2\/pages\/9436\/revisions\/9442"}],"up":[{"embeddable":true,"href":"https:\/\/icadblock.com\/es\/wp-json\/wp\/v2\/pages\/9430"}],"wp:featuredmedia":[{"embeddable":true,"href":"https:\/\/icadblock.com\/es\/wp-json\/wp\/v2\/media\/8266"}],"wp:attachment":[{"href":"https:\/\/icadblock.com\/es\/wp-json\/wp\/v2\/media?parent=9436"}],"curies":[{"name":"wp","href":"https:\/\/api.w.org\/{rel}","templated":true}]}}