{"id":9443,"date":"2023-05-20T12:36:25","date_gmt":"2023-05-20T12:36:25","guid":{"rendered":"https:\/\/icadblock.com\/?page_id=9443"},"modified":"2023-12-24T08:16:23","modified_gmt":"2023-12-24T08:16:23","slug":"griferia-de-bano-modelo-dwg","status":"publish","type":"page","link":"https:\/\/icadblock.com\/es\/coleccion-de-grifos-en-dwg\/griferia-de-bano-modelo-dwg\/","title":{"rendered":"Grifer\u00eda de ba\u00f1o modelo DWG en planta y alzado."},"content":{"rendered":"\t\t<div data-elementor-type=\"wp-page\" data-elementor-id=\"9443\" class=\"elementor elementor-9443 elementor-4580\" data-elementor-post-type=\"page\">\n\t\t\t\t\t\t<section class=\"elementor-section elementor-top-section elementor-element elementor-element-1386562b elementor-section-boxed elementor-section-height-default elementor-section-height-default\" data-id=\"1386562b\" data-element_type=\"section\">\n\t\t\t\t\t\t<div class=\"elementor-container elementor-column-gap-default\">\n\t\t\t\t\t<div class=\"elementor-column elementor-col-50 elementor-top-column elementor-element elementor-element-39a679\" data-id=\"39a679\" data-element_type=\"column\">\n\t\t\t<div class=\"elementor-widget-wrap elementor-element-populated\">\n\t\t\t\t\t\t<div class=\"elementor-element elementor-element-b6b7673 elementor-widget elementor-widget-text-editor\" data-id=\"b6b7673\" data-element_type=\"widget\" data-widget_type=\"text-editor.default\">\n\t\t\t\t<div class=\"elementor-widget-container\">\n\t\t\t<style>\/*! elementor - v3.21.0 - 30-04-2024 *\/\n.elementor-widget-text-editor.elementor-drop-cap-view-stacked .elementor-drop-cap{background-color:#69727d;color:#fff}.elementor-widget-text-editor.elementor-drop-cap-view-framed .elementor-drop-cap{color:#69727d;border:3px solid;background-color:transparent}.elementor-widget-text-editor:not(.elementor-drop-cap-view-default) .elementor-drop-cap{margin-top:8px}.elementor-widget-text-editor:not(.elementor-drop-cap-view-default) .elementor-drop-cap-letter{width:1em;height:1em}.elementor-widget-text-editor .elementor-drop-cap{float:left;text-align:center;line-height:1;font-size:50px}.elementor-widget-text-editor .elementor-drop-cap-letter{display:inline-block}<\/style>\t\t\t\t<p>Si est\u00e1 buscando una colecci\u00f3n de bloques CAD de <strong>grifos de ba\u00f1o en DWG<\/strong>, est\u00e1 en el lugar correcto.<\/p><p>Aqu\u00ed puede encontrar muchos grifos de ba\u00f1o en vistas en planta y en alzado.<\/p><p>Puede utilizar estos modelos DWG en su dibujo.<\/p><p>Tambi\u00e9n hemos incluido los grifos de ducha en esta categor\u00eda que puedes descargar y usar.<\/p><p>Los siguientes bloques CAD se proporcionan en esta categor\u00eda y puede buscar los que mejor se adapten a sus necesidades.<\/p>\t\t\t\t\t\t<\/div>\n\t\t\t\t<\/div>\n\t\t\t\t<div class=\"elementor-element elementor-element-776ee48 elementor-widget elementor-widget-text-editor\" data-id=\"776ee48\" data-element_type=\"widget\" data-widget_type=\"text-editor.default\">\n\t\t\t\t<div class=\"elementor-widget-container\">\n\t\t\t\t\t\t\t<p><\/p>\t\t\t\t\t\t<\/div>\n\t\t\t\t<\/div>\n\t\t\t\t<div class=\"elementor-element elementor-element-61e1ae3 elementor-widget elementor-widget-heading\" data-id=\"61e1ae3\" data-element_type=\"widget\" data-widget_type=\"heading.default\">\n\t\t\t\t<div class=\"elementor-widget-container\">\n\t\t\t<style>\/*! elementor - v3.21.0 - 30-04-2024 *\/\n.elementor-heading-title{padding:0;margin:0;line-height:1}.elementor-widget-heading .elementor-heading-title[class*=elementor-size-]>a{color:inherit;font-size:inherit;line-height:inherit}.elementor-widget-heading .elementor-heading-title.elementor-size-small{font-size:15px}.elementor-widget-heading .elementor-heading-title.elementor-size-medium{font-size:19px}.elementor-widget-heading .elementor-heading-title.elementor-size-large{font-size:29px}.elementor-widget-heading .elementor-heading-title.elementor-size-xl{font-size:39px}.elementor-widget-heading .elementor-heading-title.elementor-size-xxl{font-size:59px}<\/style><h2 class=\"elementor-heading-title elementor-size-default\">Grifer\u00eda de ba\u00f1o modelo DWG<\/h2>\t\t<\/div>\n\t\t\t\t<\/div>\n\t\t\t\t<div class=\"elementor-element elementor-element-0887ab1 elementor-widget elementor-widget-text-editor\" data-id=\"0887ab1\" data-element_type=\"widget\" data-widget_type=\"text-editor.default\">\n\t\t\t\t<div class=\"elementor-widget-container\">\n\t\t\t\t\t\t\t<p><\/p>\t\t\t\t\t\t<\/div>\n\t\t\t\t<\/div>\n\t\t\t\t<div class=\"elementor-element elementor-element-8a1d0ab elementor-widget elementor-widget-text-editor\" data-id=\"8a1d0ab\" data-element_type=\"widget\" data-widget_type=\"text-editor.default\">\n\t\t\t\t<div class=\"elementor-widget-container\">\n\t\t\t\t\t\t\t<p>Haga clic en los enlaces a continuaci\u00f3n para ver otros bloques CAD relacionados:<\/p><p><a href=\"https:\/\/icadblock.com\/es\/bano-dwg-en-planta-y-alzado\/inodoro-en-dwg\/\"><em><strong>Inodoro en DWG<\/strong><\/em><\/a><\/p><p><a href=\"https:\/\/icadblock.com\/es\/bano-dwg-en-planta-y-alzado\/coleccion-de-baneras-en-dwg\/\"><em><strong>Colecci\u00f3n de ba\u00f1eras en DWG<\/strong><\/em><\/a><\/p><p>Si est\u00e1 buscando otros bloques CAD relacionados, consulte la lista de categor\u00edas que se encuentra en la parte superior del sitio web y es posible que tambi\u00e9n desee utilizar la herramienta de b\u00fasqueda y obtener el modelo DWG que satisfaga sus necesidades.<\/p><h3><span style=\"color: #0000ff;\">Notas:<\/span><\/h3><p>El bloque CAD de grifo de ba\u00f1o es uno de los bloques CAD \u00fatiles en dibujos de arquitectura.<\/p><p>La mayor\u00eda de los bloques CAD proporcionados en esta categor\u00eda se dibujan en 4 vistas y, en algunos casos, en 5 vistas, lo que es adecuado para cualquier prop\u00f3sito de dibujo.<\/p><p>Adem\u00e1s de eso, puedes usar estos modelos 2D y crear un modelo 3D del grifo del ba\u00f1o.<\/p><p>H\u00e1ganos saber si necesita un tipo espec\u00edfico de grifo que no pudo encontrar en esta p\u00e1gina.<\/p>\t\t\t\t\t\t<\/div>\n\t\t\t\t<\/div>\n\t\t\t\t\t<\/div>\n\t\t<\/div>\n\t\t\t\t<div class=\"jet-sticky-column-sticky elementor-column elementor-col-50 elementor-top-column elementor-element elementor-element-84e577a\" data-jet-sticky-column-settings=\"{&quot;id&quot;:&quot;84e577a&quot;,&quot;sticky&quot;:true,&quot;topSpacing&quot;:50,&quot;bottomSpacing&quot;:50,&quot;stickyOn&quot;:[&quot;desktop&quot;,&quot;tablet&quot;]}\" data-id=\"84e577a\" data-element_type=\"column\">\n\t\t\t<div class=\"elementor-widget-wrap elementor-element-populated\">\n\t\t\t\t\t\t\t<\/div>\n\t\t<\/div>\n\t\t\t\t\t<\/div>\n\t\t<\/section>\n\t\t\t\t<\/div>\n\t\t","protected":false},"excerpt":{"rendered":"<p>Si est\u00e1 buscando una colecci\u00f3n de bloques CAD de grifos de ba\u00f1o en DWG, est\u00e1 en el lugar correcto. Aqu\u00ed [&hellip;]<\/p>\n","protected":false},"author":2,"featured_media":8267,"parent":9430,"menu_order":0,"comment_status":"closed","ping_status":"closed","template":"","meta":{"site-sidebar-layout":"default","site-content-layout":"","ast-site-content-layout":"","site-content-style":"default","site-sidebar-style":"default","ast-global-header-display":"","ast-banner-title-visibility":"","ast-main-header-display":"","ast-hfb-above-header-display":"","ast-hfb-below-header-display":"","ast-hfb-mobile-header-display":"","site-post-title":"","ast-breadcrumbs-content":"","ast-featured-img":"","footer-sml-layout":"","theme-transparent-header-meta":"","adv-header-id-meta":"","stick-header-meta":"","header-above-stick-meta":"","header-main-stick-meta":"","header-below-stick-meta":"","astra-migrate-meta-layouts":"default","ast-page-background-enabled":"default","ast-page-background-meta":{"desktop":{"background-color":"var(--ast-global-color-4)","background-image":"","background-repeat":"repeat","background-position":"center center","background-size":"auto","background-attachment":"scroll","background-type":"","background-media":"","overlay-type":"","overlay-color":"","overlay-gradient":""},"tablet":{"background-color":"","background-image":"","background-repeat":"repeat","background-position":"center center","background-size":"auto","background-attachment":"scroll","background-type":"","background-media":"","overlay-type":"","overlay-color":"","overlay-gradient":""},"mobile":{"background-color":"","background-image":"","background-repeat":"repeat","background-position":"center center","background-size":"auto","background-attachment":"scroll","background-type":"","background-media":"","overlay-type":"","overlay-color":"","overlay-gradient":""}},"ast-content-background-meta":{"desktop":{"background-color":"var(--ast-global-color-5)","background-image":"","background-repeat":"repeat","background-position":"center center","background-size":"auto","background-attachment":"scroll","background-type":"","background-media":"","overlay-type":"","overlay-color":"","overlay-gradient":""},"tablet":{"background-color":"var(--ast-global-color-5)","background-image":"","background-repeat":"repeat","background-position":"center center","background-size":"auto","background-attachment":"scroll","background-type":"","background-media":"","overlay-type":"","overlay-color":"","overlay-gradient":""},"mobile":{"background-color":"var(--ast-global-color-5)","background-image":"","background-repeat":"repeat","background-position":"center center","background-size":"auto","background-attachment":"scroll","background-type":"","background-media":"","overlay-type":"","overlay-color":"","overlay-gradient":""}},"footnotes":""},"class_list":["post-9443","page","type-page","status-publish","has-post-thumbnail","hentry"],"yoast_head":"<!-- This site is optimized with the Yoast SEO plugin v26.0 - https:\/\/yoast.com\/wordpress\/plugins\/seo\/ -->\n<title>Grifer\u00eda de ba\u00f1o modelo DWG en planta y alzado. - iCADBLOCK<\/title>\n<meta name=\"description\" content=\"Si est\u00e1 buscando una colecci\u00f3n de bloques CAD de grifos de ba\u00f1o en DWG, est\u00e1 en el lugar correcto.Aqu\u00ed puede encontrar muchos grifos de ba\u00f1o\" \/>\n<meta name=\"robots\" content=\"index, follow, max-snippet:-1, max-image-preview:large, max-video-preview:-1\" \/>\n<link rel=\"canonical\" href=\"https:\/\/icadblock.com\/es\/coleccion-de-grifos-en-dwg\/griferia-de-bano-modelo-dwg\/\" \/>\n<meta property=\"og:locale\" content=\"es_ES\" \/>\n<meta property=\"og:type\" content=\"article\" \/>\n<meta property=\"og:title\" content=\"Grifer\u00eda de ba\u00f1o modelo DWG en planta y alzado. - iCADBLOCK\" \/>\n<meta property=\"og:description\" content=\"Si est\u00e1 buscando una colecci\u00f3n de bloques CAD de grifos de ba\u00f1o en DWG, est\u00e1 en el lugar correcto.Aqu\u00ed puede encontrar muchos grifos de ba\u00f1o\" \/>\n<meta property=\"og:url\" content=\"https:\/\/icadblock.com\/es\/coleccion-de-grifos-en-dwg\/griferia-de-bano-modelo-dwg\/\" \/>\n<meta property=\"og:site_name\" content=\"iCADBLOCK\" \/>\n<meta property=\"article:modified_time\" content=\"2023-12-24T08:16:23+00:00\" \/>\n<meta property=\"og:image\" content=\"https:\/\/icadblock.com\/wp-content\/uploads\/2023\/05\/bathroom-faucet-CAD.webp\" \/>\n\t<meta property=\"og:image:width\" content=\"1000\" \/>\n\t<meta property=\"og:image:height\" content=\"675\" \/>\n\t<meta property=\"og:image:type\" content=\"image\/webp\" \/>\n<meta name=\"twitter:card\" content=\"summary_large_image\" \/>\n<meta name=\"twitter:label1\" content=\"Tiempo de lectura\" \/>\n\t<meta name=\"twitter:data1\" content=\"2 minutos\" \/>\n<script type=\"application\/ld+json\" class=\"yoast-schema-graph\">{\"@context\":\"https:\/\/schema.org\",\"@graph\":[{\"@type\":\"WebPage\",\"@id\":\"https:\/\/icadblock.com\/es\/coleccion-de-grifos-en-dwg\/griferia-de-bano-modelo-dwg\/\",\"url\":\"https:\/\/icadblock.com\/es\/coleccion-de-grifos-en-dwg\/griferia-de-bano-modelo-dwg\/\",\"name\":\"Grifer\u00eda de ba\u00f1o modelo DWG en planta y alzado. - iCADBLOCK\",\"isPartOf\":{\"@id\":\"https:\/\/icadblock.com\/es\/#website\"},\"primaryImageOfPage\":{\"@id\":\"https:\/\/icadblock.com\/es\/coleccion-de-grifos-en-dwg\/griferia-de-bano-modelo-dwg\/#primaryimage\"},\"image\":{\"@id\":\"https:\/\/icadblock.com\/es\/coleccion-de-grifos-en-dwg\/griferia-de-bano-modelo-dwg\/#primaryimage\"},\"thumbnailUrl\":\"https:\/\/icadblock.com\/wp-content\/uploads\/2023\/05\/bathroom-faucet-CAD.webp\",\"datePublished\":\"2023-05-20T12:36:25+00:00\",\"dateModified\":\"2023-12-24T08:16:23+00:00\",\"description\":\"Si est\u00e1 buscando una colecci\u00f3n de bloques CAD de grifos de ba\u00f1o en DWG, est\u00e1 en el lugar correcto.Aqu\u00ed puede encontrar muchos grifos de ba\u00f1o\",\"breadcrumb\":{\"@id\":\"https:\/\/icadblock.com\/es\/coleccion-de-grifos-en-dwg\/griferia-de-bano-modelo-dwg\/#breadcrumb\"},\"inLanguage\":\"es\",\"potentialAction\":[{\"@type\":\"ReadAction\",\"target\":[\"https:\/\/icadblock.com\/es\/coleccion-de-grifos-en-dwg\/griferia-de-bano-modelo-dwg\/\"]}]},{\"@type\":\"ImageObject\",\"inLanguage\":\"es\",\"@id\":\"https:\/\/icadblock.com\/es\/coleccion-de-grifos-en-dwg\/griferia-de-bano-modelo-dwg\/#primaryimage\",\"url\":\"https:\/\/icadblock.com\/wp-content\/uploads\/2023\/05\/bathroom-faucet-CAD.webp\",\"contentUrl\":\"https:\/\/icadblock.com\/wp-content\/uploads\/2023\/05\/bathroom-faucet-CAD.webp\",\"width\":1000,\"height\":675,\"caption\":\"Grifer\u00eda de ba\u00f1o modelo DWG\"},{\"@type\":\"BreadcrumbList\",\"@id\":\"https:\/\/icadblock.com\/es\/coleccion-de-grifos-en-dwg\/griferia-de-bano-modelo-dwg\/#breadcrumb\",\"itemListElement\":[{\"@type\":\"ListItem\",\"position\":1,\"name\":\"Home\",\"item\":\"https:\/\/icadblock.com\/es\/\"},{\"@type\":\"ListItem\",\"position\":2,\"name\":\"colecci\u00f3n de Grifos en DWG, descarga gratuita\",\"item\":\"https:\/\/icadblock.com\/es\/coleccion-de-grifos-en-dwg\/\"},{\"@type\":\"ListItem\",\"position\":3,\"name\":\"Grifer\u00eda de ba\u00f1o modelo DWG en planta y alzado.\"}]},{\"@type\":\"WebSite\",\"@id\":\"https:\/\/icadblock.com\/es\/#website\",\"url\":\"https:\/\/icadblock.com\/es\/\",\"name\":\"iCADBLOCK\",\"description\":\"CAD Block free download, 2d DWG models in plan\",\"publisher\":{\"@id\":\"https:\/\/icadblock.com\/es\/#organization\"},\"potentialAction\":[{\"@type\":\"SearchAction\",\"target\":{\"@type\":\"EntryPoint\",\"urlTemplate\":\"https:\/\/icadblock.com\/es\/?s={search_term_string}\"},\"query-input\":{\"@type\":\"PropertyValueSpecification\",\"valueRequired\":true,\"valueName\":\"search_term_string\"}}],\"inLanguage\":\"es\"},{\"@type\":\"Organization\",\"@id\":\"https:\/\/icadblock.com\/es\/#organization\",\"name\":\"icadblock\",\"url\":\"https:\/\/icadblock.com\/es\/\",\"logo\":{\"@type\":\"ImageObject\",\"inLanguage\":\"es\",\"@id\":\"https:\/\/icadblock.com\/es\/#\/schema\/logo\/image\/\",\"url\":\"https:\/\/icadblock.com\/wp-content\/uploads\/2022\/02\/LOGO.png\",\"contentUrl\":\"https:\/\/icadblock.com\/wp-content\/uploads\/2022\/02\/LOGO.png\",\"width\":546,\"height\":125,\"caption\":\"icadblock\"},\"image\":{\"@id\":\"https:\/\/icadblock.com\/es\/#\/schema\/logo\/image\/\"}}]}<\/script>\n<!-- \/ Yoast SEO plugin. -->","yoast_head_json":{"title":"Grifer\u00eda de ba\u00f1o modelo DWG en planta y alzado. - iCADBLOCK","description":"Si est\u00e1 buscando una colecci\u00f3n de bloques CAD de grifos de ba\u00f1o en DWG, est\u00e1 en el lugar correcto.Aqu\u00ed puede encontrar muchos grifos de ba\u00f1o","robots":{"index":"index","follow":"follow","max-snippet":"max-snippet:-1","max-image-preview":"max-image-preview:large","max-video-preview":"max-video-preview:-1"},"canonical":"https:\/\/icadblock.com\/es\/coleccion-de-grifos-en-dwg\/griferia-de-bano-modelo-dwg\/","og_locale":"es_ES","og_type":"article","og_title":"Grifer\u00eda de ba\u00f1o modelo DWG en planta y alzado. - iCADBLOCK","og_description":"Si est\u00e1 buscando una colecci\u00f3n de bloques CAD de grifos de ba\u00f1o en DWG, est\u00e1 en el lugar correcto.Aqu\u00ed puede encontrar muchos grifos de ba\u00f1o","og_url":"https:\/\/icadblock.com\/es\/coleccion-de-grifos-en-dwg\/griferia-de-bano-modelo-dwg\/","og_site_name":"iCADBLOCK","article_modified_time":"2023-12-24T08:16:23+00:00","og_image":[{"width":1000,"height":675,"url":"https:\/\/icadblock.com\/wp-content\/uploads\/2023\/05\/bathroom-faucet-CAD.webp","type":"image\/webp"}],"twitter_card":"summary_large_image","twitter_misc":{"Tiempo de lectura":"2 minutos"},"schema":{"@context":"https:\/\/schema.org","@graph":[{"@type":"WebPage","@id":"https:\/\/icadblock.com\/es\/coleccion-de-grifos-en-dwg\/griferia-de-bano-modelo-dwg\/","url":"https:\/\/icadblock.com\/es\/coleccion-de-grifos-en-dwg\/griferia-de-bano-modelo-dwg\/","name":"Grifer\u00eda de ba\u00f1o modelo DWG en planta y alzado. - iCADBLOCK","isPartOf":{"@id":"https:\/\/icadblock.com\/es\/#website"},"primaryImageOfPage":{"@id":"https:\/\/icadblock.com\/es\/coleccion-de-grifos-en-dwg\/griferia-de-bano-modelo-dwg\/#primaryimage"},"image":{"@id":"https:\/\/icadblock.com\/es\/coleccion-de-grifos-en-dwg\/griferia-de-bano-modelo-dwg\/#primaryimage"},"thumbnailUrl":"https:\/\/icadblock.com\/wp-content\/uploads\/2023\/05\/bathroom-faucet-CAD.webp","datePublished":"2023-05-20T12:36:25+00:00","dateModified":"2023-12-24T08:16:23+00:00","description":"Si est\u00e1 buscando una colecci\u00f3n de bloques CAD de grifos de ba\u00f1o en DWG, est\u00e1 en el lugar correcto.Aqu\u00ed puede encontrar muchos grifos de ba\u00f1o","breadcrumb":{"@id":"https:\/\/icadblock.com\/es\/coleccion-de-grifos-en-dwg\/griferia-de-bano-modelo-dwg\/#breadcrumb"},"inLanguage":"es","potentialAction":[{"@type":"ReadAction","target":["https:\/\/icadblock.com\/es\/coleccion-de-grifos-en-dwg\/griferia-de-bano-modelo-dwg\/"]}]},{"@type":"ImageObject","inLanguage":"es","@id":"https:\/\/icadblock.com\/es\/coleccion-de-grifos-en-dwg\/griferia-de-bano-modelo-dwg\/#primaryimage","url":"https:\/\/icadblock.com\/wp-content\/uploads\/2023\/05\/bathroom-faucet-CAD.webp","contentUrl":"https:\/\/icadblock.com\/wp-content\/uploads\/2023\/05\/bathroom-faucet-CAD.webp","width":1000,"height":675,"caption":"Grifer\u00eda de ba\u00f1o modelo DWG"},{"@type":"BreadcrumbList","@id":"https:\/\/icadblock.com\/es\/coleccion-de-grifos-en-dwg\/griferia-de-bano-modelo-dwg\/#breadcrumb","itemListElement":[{"@type":"ListItem","position":1,"name":"Home","item":"https:\/\/icadblock.com\/es\/"},{"@type":"ListItem","position":2,"name":"colecci\u00f3n de Grifos en DWG, descarga gratuita","item":"https:\/\/icadblock.com\/es\/coleccion-de-grifos-en-dwg\/"},{"@type":"ListItem","position":3,"name":"Grifer\u00eda de ba\u00f1o modelo DWG en planta y alzado."}]},{"@type":"WebSite","@id":"https:\/\/icadblock.com\/es\/#website","url":"https:\/\/icadblock.com\/es\/","name":"iCADBLOCK","description":"CAD Block free download, 2d DWG models in plan","publisher":{"@id":"https:\/\/icadblock.com\/es\/#organization"},"potentialAction":[{"@type":"SearchAction","target":{"@type":"EntryPoint","urlTemplate":"https:\/\/icadblock.com\/es\/?s={search_term_string}"},"query-input":{"@type":"PropertyValueSpecification","valueRequired":true,"valueName":"search_term_string"}}],"inLanguage":"es"},{"@type":"Organization","@id":"https:\/\/icadblock.com\/es\/#organization","name":"icadblock","url":"https:\/\/icadblock.com\/es\/","logo":{"@type":"ImageObject","inLanguage":"es","@id":"https:\/\/icadblock.com\/es\/#\/schema\/logo\/image\/","url":"https:\/\/icadblock.com\/wp-content\/uploads\/2022\/02\/LOGO.png","contentUrl":"https:\/\/icadblock.com\/wp-content\/uploads\/2022\/02\/LOGO.png","width":546,"height":125,"caption":"icadblock"},"image":{"@id":"https:\/\/icadblock.com\/es\/#\/schema\/logo\/image\/"}}]}},"_links":{"self":[{"href":"https:\/\/icadblock.com\/es\/wp-json\/wp\/v2\/pages\/9443","targetHints":{"allow":["GET"]}}],"collection":[{"href":"https:\/\/icadblock.com\/es\/wp-json\/wp\/v2\/pages"}],"about":[{"href":"https:\/\/icadblock.com\/es\/wp-json\/wp\/v2\/types\/page"}],"author":[{"embeddable":true,"href":"https:\/\/icadblock.com\/es\/wp-json\/wp\/v2\/users\/2"}],"replies":[{"embeddable":true,"href":"https:\/\/icadblock.com\/es\/wp-json\/wp\/v2\/comments?post=9443"}],"version-history":[{"count":5,"href":"https:\/\/icadblock.com\/es\/wp-json\/wp\/v2\/pages\/9443\/revisions"}],"predecessor-version":[{"id":9447,"href":"https:\/\/icadblock.com\/es\/wp-json\/wp\/v2\/pages\/9443\/revisions\/9447"}],"up":[{"embeddable":true,"href":"https:\/\/icadblock.com\/es\/wp-json\/wp\/v2\/pages\/9430"}],"wp:featuredmedia":[{"embeddable":true,"href":"https:\/\/icadblock.com\/es\/wp-json\/wp\/v2\/media\/8267"}],"wp:attachment":[{"href":"https:\/\/icadblock.com\/es\/wp-json\/wp\/v2\/media?parent=9443"}],"curies":[{"name":"wp","href":"https:\/\/api.w.org\/{rel}","templated":true}]}}