{"id":9449,"date":"2023-05-21T13:40:19","date_gmt":"2023-05-21T13:40:19","guid":{"rendered":"https:\/\/icadblock.com\/?page_id=9449"},"modified":"2023-12-24T08:29:30","modified_gmt":"2023-12-24T08:29:30","slug":"lustre-en-dwg-autocad","status":"publish","type":"page","link":"https:\/\/icadblock.com\/es\/iluminacion-dwg-en-autocad\/lustre-en-dwg-autocad\/","title":{"rendered":"lustre en DWG AutoCAD, descarga gratuita"},"content":{"rendered":"\t\t<div data-elementor-type=\"wp-page\" data-elementor-id=\"9449\" class=\"elementor elementor-9449 elementor-4650\" data-elementor-post-type=\"page\">\n\t\t\t\t\t\t<section class=\"elementor-section elementor-top-section elementor-element elementor-element-29476de1 elementor-section-boxed elementor-section-height-default elementor-section-height-default\" data-id=\"29476de1\" data-element_type=\"section\">\n\t\t\t\t\t\t<div class=\"elementor-container elementor-column-gap-default\">\n\t\t\t\t\t<div class=\"elementor-column elementor-col-50 elementor-top-column elementor-element elementor-element-62354d9e\" data-id=\"62354d9e\" data-element_type=\"column\">\n\t\t\t<div class=\"elementor-widget-wrap elementor-element-populated\">\n\t\t\t\t\t\t<div class=\"elementor-element elementor-element-7c7db1c5 elementor-widget elementor-widget-text-editor\" data-id=\"7c7db1c5\" data-element_type=\"widget\" data-widget_type=\"text-editor.default\">\n\t\t\t\t<div class=\"elementor-widget-container\">\n\t\t\t<style>\/*! elementor - v3.21.0 - 30-04-2024 *\/\n.elementor-widget-text-editor.elementor-drop-cap-view-stacked .elementor-drop-cap{background-color:#69727d;color:#fff}.elementor-widget-text-editor.elementor-drop-cap-view-framed .elementor-drop-cap{color:#69727d;border:3px solid;background-color:transparent}.elementor-widget-text-editor:not(.elementor-drop-cap-view-default) .elementor-drop-cap{margin-top:8px}.elementor-widget-text-editor:not(.elementor-drop-cap-view-default) .elementor-drop-cap-letter{width:1em;height:1em}.elementor-widget-text-editor .elementor-drop-cap{float:left;text-align:center;line-height:1;font-size:50px}.elementor-widget-text-editor .elementor-drop-cap-letter{display:inline-block}<\/style>\t\t\t\t<p>Aqu\u00ed, en esta p\u00e1gina, proporcionaremos una colecci\u00f3n completa <strong>de bloques CAD de lustre en DWG.<\/strong><\/p><p>Estos hermosos bloques CAD est\u00e1n dibujados en vistas en planta y en alzado.<\/p><p>Puede utilizar estos modelos 2D en sus dibujos de AutoCAD.<\/p><p>Tambi\u00e9n es posible utilizar estos modelos DWG para crear modelos 3D.<\/p><p>Vamos a agregar otros hermosos bloques CAD en esta categor\u00eda, por lo que le sugiero que marque esta p\u00e1gina para futuras actualizaciones.<\/p>\t\t\t\t\t\t<\/div>\n\t\t\t\t<\/div>\n\t\t\t\t<div class=\"elementor-element elementor-element-b5070c2 elementor-widget elementor-widget-heading\" data-id=\"b5070c2\" data-element_type=\"widget\" data-widget_type=\"heading.default\">\n\t\t\t\t<div class=\"elementor-widget-container\">\n\t\t\t<style>\/*! elementor - v3.21.0 - 30-04-2024 *\/\n.elementor-heading-title{padding:0;margin:0;line-height:1}.elementor-widget-heading .elementor-heading-title[class*=elementor-size-]>a{color:inherit;font-size:inherit;line-height:inherit}.elementor-widget-heading .elementor-heading-title.elementor-size-small{font-size:15px}.elementor-widget-heading .elementor-heading-title.elementor-size-medium{font-size:19px}.elementor-widget-heading .elementor-heading-title.elementor-size-large{font-size:29px}.elementor-widget-heading .elementor-heading-title.elementor-size-xl{font-size:39px}.elementor-widget-heading .elementor-heading-title.elementor-size-xxl{font-size:59px}<\/style><h2 class=\"elementor-heading-title elementor-size-default\">lustre en DWG AutoCAD<\/h2>\t\t<\/div>\n\t\t\t\t<\/div>\n\t\t\t\t<div class=\"elementor-element elementor-element-adce009 elementor-widget elementor-widget-text-editor\" data-id=\"adce009\" data-element_type=\"widget\" data-widget_type=\"text-editor.default\">\n\t\t\t\t<div class=\"elementor-widget-container\">\n\t\t\t\t\t\t\t<p><\/p>\t\t\t\t\t\t<\/div>\n\t\t\t\t<\/div>\n\t\t\t\t<div class=\"elementor-element elementor-element-9e60122 elementor-widget elementor-widget-text-editor\" data-id=\"9e60122\" data-element_type=\"widget\" data-widget_type=\"text-editor.default\">\n\t\t\t\t<div class=\"elementor-widget-container\">\n\t\t\t\t\t\t\t<p>Si est\u00e1 buscando otros bloques CAD relacionados, haga clic en los enlaces a continuaci\u00f3n:<\/p><p><span style=\"color: #ff0000;\"><strong>*** <\/strong><\/span><a href=\"https:\/\/icadblock.com\/es\/iluminacion-dwg-en-autocad\/lampara-colgante-en-dwg-autocad\/\"><em><strong>Lampara colgante en DWG<\/strong><\/em><\/a><\/p><p><span style=\"color: #ff0000;\"><strong>*** <\/strong><\/span><a href=\"https:\/\/icadblock.com\/es\/iluminacion-dwg-en-autocad\/aplique-de-pared-en-dwg\/\"><em><strong>Aplique de pared en DWG<\/strong><\/em><\/a><\/p><h3><span style=\"color: #0000ff;\">Notas:<\/span><\/h3><p>Como sabes el lustre es una l\u00e1mpara colgante decorativa con ramas que est\u00e1n hechas para bombillas y en algunos casos para velas.<\/p><p>Puede utilizar un bloque CAD de lustre en sus dibujos y hacerlo lucir m\u00e1s hermoso.<\/p><p>La mayor\u00eda de los arquitectos utilizan estos bloques CAD para dise\u00f1ar un comedor, aunque pueden utilizarse en cualquier habitaci\u00f3n, como el dormitorio y la sala de estar.<\/p><p>La entrada puede ser otro lugar para usar el lustre.<\/p><p>Mire los modelos DWG proporcionados en esta p\u00e1gina y av\u00edsenos si necesita un modelo espec\u00edfico que no puede encontrar en el sitio web.<\/p>\t\t\t\t\t\t<\/div>\n\t\t\t\t<\/div>\n\t\t\t\t\t<\/div>\n\t\t<\/div>\n\t\t\t\t<div class=\"jet-sticky-column-sticky elementor-column elementor-col-50 elementor-top-column elementor-element elementor-element-ba79816\" data-jet-sticky-column-settings=\"{&quot;id&quot;:&quot;ba79816&quot;,&quot;sticky&quot;:true,&quot;topSpacing&quot;:50,&quot;bottomSpacing&quot;:50,&quot;stickyOn&quot;:[&quot;desktop&quot;,&quot;tablet&quot;]}\" data-id=\"ba79816\" data-element_type=\"column\">\n\t\t\t<div class=\"elementor-widget-wrap elementor-element-populated\">\n\t\t\t\t\t\t\t<\/div>\n\t\t<\/div>\n\t\t\t\t\t<\/div>\n\t\t<\/section>\n\t\t\t\t<\/div>\n\t\t","protected":false},"excerpt":{"rendered":"<p>Aqu\u00ed, en esta p\u00e1gina, proporcionaremos una colecci\u00f3n completa de bloques CAD de lustre en DWG. Estos hermosos bloques CAD est\u00e1n [&hellip;]<\/p>\n","protected":false},"author":2,"featured_media":8269,"parent":9116,"menu_order":0,"comment_status":"closed","ping_status":"closed","template":"","meta":{"site-sidebar-layout":"default","site-content-layout":"","ast-site-content-layout":"","site-content-style":"default","site-sidebar-style":"default","ast-global-header-display":"","ast-banner-title-visibility":"","ast-main-header-display":"","ast-hfb-above-header-display":"","ast-hfb-below-header-display":"","ast-hfb-mobile-header-display":"","site-post-title":"","ast-breadcrumbs-content":"","ast-featured-img":"","footer-sml-layout":"","theme-transparent-header-meta":"","adv-header-id-meta":"","stick-header-meta":"","header-above-stick-meta":"","header-main-stick-meta":"","header-below-stick-meta":"","astra-migrate-meta-layouts":"default","ast-page-background-enabled":"default","ast-page-background-meta":{"desktop":{"background-color":"var(--ast-global-color-4)","background-image":"","background-repeat":"repeat","background-position":"center center","background-size":"auto","background-attachment":"scroll","background-type":"","background-media":"","overlay-type":"","overlay-color":"","overlay-gradient":""},"tablet":{"background-color":"","background-image":"","background-repeat":"repeat","background-position":"center center","background-size":"auto","background-attachment":"scroll","background-type":"","background-media":"","overlay-type":"","overlay-color":"","overlay-gradient":""},"mobile":{"background-color":"","background-image":"","background-repeat":"repeat","background-position":"center center","background-size":"auto","background-attachment":"scroll","background-type":"","background-media":"","overlay-type":"","overlay-color":"","overlay-gradient":""}},"ast-content-background-meta":{"desktop":{"background-color":"var(--ast-global-color-5)","background-image":"","background-repeat":"repeat","background-position":"center center","background-size":"auto","background-attachment":"scroll","background-type":"","background-media":"","overlay-type":"","overlay-color":"","overlay-gradient":""},"tablet":{"background-color":"var(--ast-global-color-5)","background-image":"","background-repeat":"repeat","background-position":"center center","background-size":"auto","background-attachment":"scroll","background-type":"","background-media":"","overlay-type":"","overlay-color":"","overlay-gradient":""},"mobile":{"background-color":"var(--ast-global-color-5)","background-image":"","background-repeat":"repeat","background-position":"center center","background-size":"auto","background-attachment":"scroll","background-type":"","background-media":"","overlay-type":"","overlay-color":"","overlay-gradient":""}},"footnotes":""},"class_list":["post-9449","page","type-page","status-publish","has-post-thumbnail","hentry"],"yoast_head":"<!-- This site is optimized with the Yoast SEO plugin v26.0 - https:\/\/yoast.com\/wordpress\/plugins\/seo\/ -->\n<title>lustre en DWG AutoCAD, descarga gratuita - iCADBLOCK<\/title>\n<meta name=\"description\" content=\"Aqu\u00ed, en esta p\u00e1gina, proporcionaremos una colecci\u00f3n completa de bloques CAD de lustre en DWG. Estos hermosos bloques CAD est\u00e1n dibujados\" \/>\n<meta name=\"robots\" content=\"index, follow, max-snippet:-1, max-image-preview:large, max-video-preview:-1\" \/>\n<link rel=\"canonical\" href=\"https:\/\/icadblock.com\/es\/iluminacion-dwg-en-autocad\/lustre-en-dwg-autocad\/\" \/>\n<meta property=\"og:locale\" content=\"es_ES\" \/>\n<meta property=\"og:type\" content=\"article\" \/>\n<meta property=\"og:title\" content=\"lustre en DWG AutoCAD, descarga gratuita - iCADBLOCK\" \/>\n<meta property=\"og:description\" content=\"Aqu\u00ed, en esta p\u00e1gina, proporcionaremos una colecci\u00f3n completa de bloques CAD de lustre en DWG. Estos hermosos bloques CAD est\u00e1n dibujados\" \/>\n<meta property=\"og:url\" content=\"https:\/\/icadblock.com\/es\/iluminacion-dwg-en-autocad\/lustre-en-dwg-autocad\/\" \/>\n<meta property=\"og:site_name\" content=\"iCADBLOCK\" \/>\n<meta property=\"article:modified_time\" content=\"2023-12-24T08:29:30+00:00\" \/>\n<meta property=\"og:image\" content=\"https:\/\/icadblock.com\/wp-content\/uploads\/2023\/05\/chandelier-Autocad.webp\" \/>\n\t<meta property=\"og:image:width\" content=\"1000\" \/>\n\t<meta property=\"og:image:height\" content=\"675\" \/>\n\t<meta property=\"og:image:type\" content=\"image\/webp\" \/>\n<meta name=\"twitter:card\" content=\"summary_large_image\" \/>\n<meta name=\"twitter:label1\" content=\"Tiempo de lectura\" \/>\n\t<meta name=\"twitter:data1\" content=\"2 minutos\" \/>\n<script type=\"application\/ld+json\" class=\"yoast-schema-graph\">{\"@context\":\"https:\/\/schema.org\",\"@graph\":[{\"@type\":\"WebPage\",\"@id\":\"https:\/\/icadblock.com\/es\/iluminacion-dwg-en-autocad\/lustre-en-dwg-autocad\/\",\"url\":\"https:\/\/icadblock.com\/es\/iluminacion-dwg-en-autocad\/lustre-en-dwg-autocad\/\",\"name\":\"lustre en DWG AutoCAD, descarga gratuita - iCADBLOCK\",\"isPartOf\":{\"@id\":\"https:\/\/icadblock.com\/es\/#website\"},\"primaryImageOfPage\":{\"@id\":\"https:\/\/icadblock.com\/es\/iluminacion-dwg-en-autocad\/lustre-en-dwg-autocad\/#primaryimage\"},\"image\":{\"@id\":\"https:\/\/icadblock.com\/es\/iluminacion-dwg-en-autocad\/lustre-en-dwg-autocad\/#primaryimage\"},\"thumbnailUrl\":\"https:\/\/icadblock.com\/wp-content\/uploads\/2023\/05\/chandelier-Autocad.webp\",\"datePublished\":\"2023-05-21T13:40:19+00:00\",\"dateModified\":\"2023-12-24T08:29:30+00:00\",\"description\":\"Aqu\u00ed, en esta p\u00e1gina, proporcionaremos una colecci\u00f3n completa de bloques CAD de lustre en DWG. Estos hermosos bloques CAD est\u00e1n dibujados\",\"breadcrumb\":{\"@id\":\"https:\/\/icadblock.com\/es\/iluminacion-dwg-en-autocad\/lustre-en-dwg-autocad\/#breadcrumb\"},\"inLanguage\":\"es\",\"potentialAction\":[{\"@type\":\"ReadAction\",\"target\":[\"https:\/\/icadblock.com\/es\/iluminacion-dwg-en-autocad\/lustre-en-dwg-autocad\/\"]}]},{\"@type\":\"ImageObject\",\"inLanguage\":\"es\",\"@id\":\"https:\/\/icadblock.com\/es\/iluminacion-dwg-en-autocad\/lustre-en-dwg-autocad\/#primaryimage\",\"url\":\"https:\/\/icadblock.com\/wp-content\/uploads\/2023\/05\/chandelier-Autocad.webp\",\"contentUrl\":\"https:\/\/icadblock.com\/wp-content\/uploads\/2023\/05\/chandelier-Autocad.webp\",\"width\":1000,\"height\":675,\"caption\":\"lustre en DWG AutoCAD\"},{\"@type\":\"BreadcrumbList\",\"@id\":\"https:\/\/icadblock.com\/es\/iluminacion-dwg-en-autocad\/lustre-en-dwg-autocad\/#breadcrumb\",\"itemListElement\":[{\"@type\":\"ListItem\",\"position\":1,\"name\":\"Home\",\"item\":\"https:\/\/icadblock.com\/es\/\"},{\"@type\":\"ListItem\",\"position\":2,\"name\":\"Iluminaci\u00f3n DWG en AutoCAD, colecci\u00f3n\",\"item\":\"https:\/\/icadblock.com\/es\/iluminacion-dwg-en-autocad\/\"},{\"@type\":\"ListItem\",\"position\":3,\"name\":\"lustre en DWG AutoCAD, descarga gratuita\"}]},{\"@type\":\"WebSite\",\"@id\":\"https:\/\/icadblock.com\/es\/#website\",\"url\":\"https:\/\/icadblock.com\/es\/\",\"name\":\"iCADBLOCK\",\"description\":\"CAD Block free download, 2d DWG models in plan\",\"publisher\":{\"@id\":\"https:\/\/icadblock.com\/es\/#organization\"},\"potentialAction\":[{\"@type\":\"SearchAction\",\"target\":{\"@type\":\"EntryPoint\",\"urlTemplate\":\"https:\/\/icadblock.com\/es\/?s={search_term_string}\"},\"query-input\":{\"@type\":\"PropertyValueSpecification\",\"valueRequired\":true,\"valueName\":\"search_term_string\"}}],\"inLanguage\":\"es\"},{\"@type\":\"Organization\",\"@id\":\"https:\/\/icadblock.com\/es\/#organization\",\"name\":\"icadblock\",\"url\":\"https:\/\/icadblock.com\/es\/\",\"logo\":{\"@type\":\"ImageObject\",\"inLanguage\":\"es\",\"@id\":\"https:\/\/icadblock.com\/es\/#\/schema\/logo\/image\/\",\"url\":\"https:\/\/icadblock.com\/wp-content\/uploads\/2022\/02\/LOGO.png\",\"contentUrl\":\"https:\/\/icadblock.com\/wp-content\/uploads\/2022\/02\/LOGO.png\",\"width\":546,\"height\":125,\"caption\":\"icadblock\"},\"image\":{\"@id\":\"https:\/\/icadblock.com\/es\/#\/schema\/logo\/image\/\"}}]}<\/script>\n<!-- \/ Yoast SEO plugin. -->","yoast_head_json":{"title":"lustre en DWG AutoCAD, descarga gratuita - iCADBLOCK","description":"Aqu\u00ed, en esta p\u00e1gina, proporcionaremos una colecci\u00f3n completa de bloques CAD de lustre en DWG. Estos hermosos bloques CAD est\u00e1n dibujados","robots":{"index":"index","follow":"follow","max-snippet":"max-snippet:-1","max-image-preview":"max-image-preview:large","max-video-preview":"max-video-preview:-1"},"canonical":"https:\/\/icadblock.com\/es\/iluminacion-dwg-en-autocad\/lustre-en-dwg-autocad\/","og_locale":"es_ES","og_type":"article","og_title":"lustre en DWG AutoCAD, descarga gratuita - iCADBLOCK","og_description":"Aqu\u00ed, en esta p\u00e1gina, proporcionaremos una colecci\u00f3n completa de bloques CAD de lustre en DWG. Estos hermosos bloques CAD est\u00e1n dibujados","og_url":"https:\/\/icadblock.com\/es\/iluminacion-dwg-en-autocad\/lustre-en-dwg-autocad\/","og_site_name":"iCADBLOCK","article_modified_time":"2023-12-24T08:29:30+00:00","og_image":[{"width":1000,"height":675,"url":"https:\/\/icadblock.com\/wp-content\/uploads\/2023\/05\/chandelier-Autocad.webp","type":"image\/webp"}],"twitter_card":"summary_large_image","twitter_misc":{"Tiempo de lectura":"2 minutos"},"schema":{"@context":"https:\/\/schema.org","@graph":[{"@type":"WebPage","@id":"https:\/\/icadblock.com\/es\/iluminacion-dwg-en-autocad\/lustre-en-dwg-autocad\/","url":"https:\/\/icadblock.com\/es\/iluminacion-dwg-en-autocad\/lustre-en-dwg-autocad\/","name":"lustre en DWG AutoCAD, descarga gratuita - iCADBLOCK","isPartOf":{"@id":"https:\/\/icadblock.com\/es\/#website"},"primaryImageOfPage":{"@id":"https:\/\/icadblock.com\/es\/iluminacion-dwg-en-autocad\/lustre-en-dwg-autocad\/#primaryimage"},"image":{"@id":"https:\/\/icadblock.com\/es\/iluminacion-dwg-en-autocad\/lustre-en-dwg-autocad\/#primaryimage"},"thumbnailUrl":"https:\/\/icadblock.com\/wp-content\/uploads\/2023\/05\/chandelier-Autocad.webp","datePublished":"2023-05-21T13:40:19+00:00","dateModified":"2023-12-24T08:29:30+00:00","description":"Aqu\u00ed, en esta p\u00e1gina, proporcionaremos una colecci\u00f3n completa de bloques CAD de lustre en DWG. Estos hermosos bloques CAD est\u00e1n dibujados","breadcrumb":{"@id":"https:\/\/icadblock.com\/es\/iluminacion-dwg-en-autocad\/lustre-en-dwg-autocad\/#breadcrumb"},"inLanguage":"es","potentialAction":[{"@type":"ReadAction","target":["https:\/\/icadblock.com\/es\/iluminacion-dwg-en-autocad\/lustre-en-dwg-autocad\/"]}]},{"@type":"ImageObject","inLanguage":"es","@id":"https:\/\/icadblock.com\/es\/iluminacion-dwg-en-autocad\/lustre-en-dwg-autocad\/#primaryimage","url":"https:\/\/icadblock.com\/wp-content\/uploads\/2023\/05\/chandelier-Autocad.webp","contentUrl":"https:\/\/icadblock.com\/wp-content\/uploads\/2023\/05\/chandelier-Autocad.webp","width":1000,"height":675,"caption":"lustre en DWG AutoCAD"},{"@type":"BreadcrumbList","@id":"https:\/\/icadblock.com\/es\/iluminacion-dwg-en-autocad\/lustre-en-dwg-autocad\/#breadcrumb","itemListElement":[{"@type":"ListItem","position":1,"name":"Home","item":"https:\/\/icadblock.com\/es\/"},{"@type":"ListItem","position":2,"name":"Iluminaci\u00f3n DWG en AutoCAD, colecci\u00f3n","item":"https:\/\/icadblock.com\/es\/iluminacion-dwg-en-autocad\/"},{"@type":"ListItem","position":3,"name":"lustre en DWG AutoCAD, descarga gratuita"}]},{"@type":"WebSite","@id":"https:\/\/icadblock.com\/es\/#website","url":"https:\/\/icadblock.com\/es\/","name":"iCADBLOCK","description":"CAD Block free download, 2d DWG models in plan","publisher":{"@id":"https:\/\/icadblock.com\/es\/#organization"},"potentialAction":[{"@type":"SearchAction","target":{"@type":"EntryPoint","urlTemplate":"https:\/\/icadblock.com\/es\/?s={search_term_string}"},"query-input":{"@type":"PropertyValueSpecification","valueRequired":true,"valueName":"search_term_string"}}],"inLanguage":"es"},{"@type":"Organization","@id":"https:\/\/icadblock.com\/es\/#organization","name":"icadblock","url":"https:\/\/icadblock.com\/es\/","logo":{"@type":"ImageObject","inLanguage":"es","@id":"https:\/\/icadblock.com\/es\/#\/schema\/logo\/image\/","url":"https:\/\/icadblock.com\/wp-content\/uploads\/2022\/02\/LOGO.png","contentUrl":"https:\/\/icadblock.com\/wp-content\/uploads\/2022\/02\/LOGO.png","width":546,"height":125,"caption":"icadblock"},"image":{"@id":"https:\/\/icadblock.com\/es\/#\/schema\/logo\/image\/"}}]}},"_links":{"self":[{"href":"https:\/\/icadblock.com\/es\/wp-json\/wp\/v2\/pages\/9449","targetHints":{"allow":["GET"]}}],"collection":[{"href":"https:\/\/icadblock.com\/es\/wp-json\/wp\/v2\/pages"}],"about":[{"href":"https:\/\/icadblock.com\/es\/wp-json\/wp\/v2\/types\/page"}],"author":[{"embeddable":true,"href":"https:\/\/icadblock.com\/es\/wp-json\/wp\/v2\/users\/2"}],"replies":[{"embeddable":true,"href":"https:\/\/icadblock.com\/es\/wp-json\/wp\/v2\/comments?post=9449"}],"version-history":[{"count":5,"href":"https:\/\/icadblock.com\/es\/wp-json\/wp\/v2\/pages\/9449\/revisions"}],"predecessor-version":[{"id":9454,"href":"https:\/\/icadblock.com\/es\/wp-json\/wp\/v2\/pages\/9449\/revisions\/9454"}],"up":[{"embeddable":true,"href":"https:\/\/icadblock.com\/es\/wp-json\/wp\/v2\/pages\/9116"}],"wp:featuredmedia":[{"embeddable":true,"href":"https:\/\/icadblock.com\/es\/wp-json\/wp\/v2\/media\/8269"}],"wp:attachment":[{"href":"https:\/\/icadblock.com\/es\/wp-json\/wp\/v2\/media?parent=9449"}],"curies":[{"name":"wp","href":"https:\/\/api.w.org\/{rel}","templated":true}]}}