{"id":9455,"date":"2023-05-23T07:44:11","date_gmt":"2023-05-23T07:44:11","guid":{"rendered":"https:\/\/icadblock.com\/?page_id=9455"},"modified":"2024-02-04T14:02:42","modified_gmt":"2024-02-04T14:02:42","slug":"manija-en-dwg-autocad-descarga-gratuita","status":"publish","type":"page","link":"https:\/\/icadblock.com\/es\/manija-en-dwg-autocad-descarga-gratuita\/","title":{"rendered":"Manija en DWG AutoCAD, descarga gratuita"},"content":{"rendered":"\t\t<div data-elementor-type=\"wp-page\" data-elementor-id=\"9455\" class=\"elementor elementor-9455 elementor-4721\" data-elementor-post-type=\"page\">\n\t\t\t\t\t\t<section class=\"elementor-section elementor-top-section elementor-element elementor-element-63cd75a1 elementor-section-boxed elementor-section-height-default elementor-section-height-default\" data-id=\"63cd75a1\" data-element_type=\"section\">\n\t\t\t\t\t\t<div class=\"elementor-container elementor-column-gap-default\">\n\t\t\t\t\t<div class=\"elementor-column elementor-col-50 elementor-top-column elementor-element elementor-element-478df109\" data-id=\"478df109\" data-element_type=\"column\">\n\t\t\t<div class=\"elementor-widget-wrap elementor-element-populated\">\n\t\t\t\t\t\t<div class=\"elementor-element elementor-element-48c9f7c4 elementor-widget elementor-widget-text-editor\" data-id=\"48c9f7c4\" data-element_type=\"widget\" data-widget_type=\"text-editor.default\">\n\t\t\t\t<div class=\"elementor-widget-container\">\n\t\t\t<style>\/*! elementor - v3.21.0 - 30-04-2024 *\/\n.elementor-widget-text-editor.elementor-drop-cap-view-stacked .elementor-drop-cap{background-color:#69727d;color:#fff}.elementor-widget-text-editor.elementor-drop-cap-view-framed .elementor-drop-cap{color:#69727d;border:3px solid;background-color:transparent}.elementor-widget-text-editor:not(.elementor-drop-cap-view-default) .elementor-drop-cap{margin-top:8px}.elementor-widget-text-editor:not(.elementor-drop-cap-view-default) .elementor-drop-cap-letter{width:1em;height:1em}.elementor-widget-text-editor .elementor-drop-cap{float:left;text-align:center;line-height:1;font-size:50px}.elementor-widget-text-editor .elementor-drop-cap-letter{display:inline-block}<\/style>\t\t\t\t<p>Aqu\u00ed, en esta p\u00e1gina, proporcionamos la colecci\u00f3n de bloques Handle CAD en AutoCAD.<\/p><p>Si observa los siguientes bloques CAD, podr\u00e1 ver que cada modelo est\u00e1 dibujado en vista en planta y en alzado, lo que puede ayudarle en dibujos 2D, as\u00ed como en la creaci\u00f3n de modelos 3D.<\/p><p>Tenga en cuenta que vamos a agregar m\u00e1s modelos DWG de manijas en esta p\u00e1gina, as\u00ed que no dude en marcar esta p\u00e1gina como favorita.<\/p>\t\t\t\t\t\t<\/div>\n\t\t\t\t<\/div>\n\t\t\t\t<div class=\"elementor-element elementor-element-0707a75 elementor-widget elementor-widget-heading\" data-id=\"0707a75\" data-element_type=\"widget\" data-widget_type=\"heading.default\">\n\t\t\t\t<div class=\"elementor-widget-container\">\n\t\t\t<style>\/*! elementor - v3.21.0 - 30-04-2024 *\/\n.elementor-heading-title{padding:0;margin:0;line-height:1}.elementor-widget-heading .elementor-heading-title[class*=elementor-size-]>a{color:inherit;font-size:inherit;line-height:inherit}.elementor-widget-heading .elementor-heading-title.elementor-size-small{font-size:15px}.elementor-widget-heading .elementor-heading-title.elementor-size-medium{font-size:19px}.elementor-widget-heading .elementor-heading-title.elementor-size-large{font-size:29px}.elementor-widget-heading .elementor-heading-title.elementor-size-xl{font-size:39px}.elementor-widget-heading .elementor-heading-title.elementor-size-xxl{font-size:59px}<\/style><h2 class=\"elementor-heading-title elementor-size-default\">Manija en DWG<\/h2>\t\t<\/div>\n\t\t\t\t<\/div>\n\t\t\t\t<div class=\"elementor-element elementor-element-4190280 elementor-widget elementor-widget-text-editor\" data-id=\"4190280\" data-element_type=\"widget\" data-widget_type=\"text-editor.default\">\n\t\t\t\t<div class=\"elementor-widget-container\">\n\t\t\t\t\t\t\t<p><\/p>\t\t\t\t\t\t<\/div>\n\t\t\t\t<\/div>\n\t\t\t\t<div class=\"elementor-element elementor-element-3c1b48b elementor-widget elementor-widget-text-editor\" data-id=\"3c1b48b\" data-element_type=\"widget\" data-widget_type=\"text-editor.default\">\n\t\t\t\t<div class=\"elementor-widget-container\">\n\t\t\t\t\t\t\t<p>Haga clic en los enlaces a continuaci\u00f3n si est\u00e1 buscando otros bloques CAD relacionados:<\/p><p><span style=\"color: #ff0000;\"><strong><em>*** <\/em><\/strong><\/span><a href=\"https:\/\/icadblock.com\/es\/cocina-en-dwg\/electrodomesticos-de-cocina-en-dwg\/\"><em><strong>Electrodom\u00e9sticos de cocina en DWG<\/strong><\/em><\/a><\/p><h3><span style=\"color: #0000ff;\">Notas:<\/span><\/h3><p>Hay muchas manijas y aqu\u00ed, en esta categor\u00eda, hemos incluido dos de los bloques CAD m\u00e1s \u00fatiles: manijas de puertas y manijas y perillas de gabinetes.<\/p><p>Esperamos que estos modelos 2D puedan satisfacer sus necesidades en sus dibujos.<\/p>\t\t\t\t\t\t<\/div>\n\t\t\t\t<\/div>\n\t\t\t\t\t<\/div>\n\t\t<\/div>\n\t\t\t\t<div class=\"jet-sticky-column-sticky elementor-column elementor-col-50 elementor-top-column elementor-element elementor-element-fabd240\" data-jet-sticky-column-settings=\"{&quot;id&quot;:&quot;fabd240&quot;,&quot;sticky&quot;:true,&quot;topSpacing&quot;:50,&quot;bottomSpacing&quot;:50,&quot;stickyOn&quot;:[&quot;desktop&quot;,&quot;tablet&quot;]}\" data-id=\"fabd240\" data-element_type=\"column\">\n\t\t\t<div class=\"elementor-widget-wrap elementor-element-populated\">\n\t\t\t\t\t\t\t<\/div>\n\t\t<\/div>\n\t\t\t\t\t<\/div>\n\t\t<\/section>\n\t\t\t\t<\/div>\n\t\t","protected":false},"excerpt":{"rendered":"<p>Aqu\u00ed, en esta p\u00e1gina, proporcionamos la colecci\u00f3n de bloques Handle CAD en AutoCAD. Si observa los siguientes bloques CAD, podr\u00e1 [&hellip;]<\/p>\n","protected":false},"author":2,"featured_media":8280,"parent":0,"menu_order":0,"comment_status":"closed","ping_status":"closed","template":"","meta":{"site-sidebar-layout":"default","site-content-layout":"","ast-site-content-layout":"","site-content-style":"default","site-sidebar-style":"default","ast-global-header-display":"","ast-banner-title-visibility":"","ast-main-header-display":"","ast-hfb-above-header-display":"","ast-hfb-below-header-display":"","ast-hfb-mobile-header-display":"","site-post-title":"","ast-breadcrumbs-content":"","ast-featured-img":"","footer-sml-layout":"","theme-transparent-header-meta":"","adv-header-id-meta":"","stick-header-meta":"","header-above-stick-meta":"","header-main-stick-meta":"","header-below-stick-meta":"","astra-migrate-meta-layouts":"default","ast-page-background-enabled":"default","ast-page-background-meta":{"desktop":{"background-color":"var(--ast-global-color-4)","background-image":"","background-repeat":"repeat","background-position":"center center","background-size":"auto","background-attachment":"scroll","background-type":"","background-media":"","overlay-type":"","overlay-color":"","overlay-gradient":""},"tablet":{"background-color":"","background-image":"","background-repeat":"repeat","background-position":"center center","background-size":"auto","background-attachment":"scroll","background-type":"","background-media":"","overlay-type":"","overlay-color":"","overlay-gradient":""},"mobile":{"background-color":"","background-image":"","background-repeat":"repeat","background-position":"center center","background-size":"auto","background-attachment":"scroll","background-type":"","background-media":"","overlay-type":"","overlay-color":"","overlay-gradient":""}},"ast-content-background-meta":{"desktop":{"background-color":"var(--ast-global-color-5)","background-image":"","background-repeat":"repeat","background-position":"center center","background-size":"auto","background-attachment":"scroll","background-type":"","background-media":"","overlay-type":"","overlay-color":"","overlay-gradient":""},"tablet":{"background-color":"var(--ast-global-color-5)","background-image":"","background-repeat":"repeat","background-position":"center center","background-size":"auto","background-attachment":"scroll","background-type":"","background-media":"","overlay-type":"","overlay-color":"","overlay-gradient":""},"mobile":{"background-color":"var(--ast-global-color-5)","background-image":"","background-repeat":"repeat","background-position":"center center","background-size":"auto","background-attachment":"scroll","background-type":"","background-media":"","overlay-type":"","overlay-color":"","overlay-gradient":""}},"footnotes":""},"class_list":["post-9455","page","type-page","status-publish","has-post-thumbnail","hentry"],"yoast_head":"<!-- This site is optimized with the Yoast SEO plugin v26.0 - https:\/\/yoast.com\/wordpress\/plugins\/seo\/ -->\n<title>Manija en DWG AutoCAD, descarga gratuita - iCADBLOCK<\/title>\n<meta name=\"description\" content=\"Aqu\u00ed, en esta p\u00e1gina, proporcionamos la colecci\u00f3n de bloques Handle CAD en AutoCAD.Si observa los siguientes bloques CAD,\" \/>\n<meta name=\"robots\" content=\"index, follow, max-snippet:-1, max-image-preview:large, max-video-preview:-1\" \/>\n<link rel=\"canonical\" href=\"https:\/\/icadblock.com\/es\/manija-en-dwg-autocad-descarga-gratuita\/\" \/>\n<meta property=\"og:locale\" content=\"es_ES\" \/>\n<meta property=\"og:type\" content=\"article\" \/>\n<meta property=\"og:title\" content=\"Manija en DWG AutoCAD, descarga gratuita - iCADBLOCK\" \/>\n<meta property=\"og:description\" content=\"Aqu\u00ed, en esta p\u00e1gina, proporcionamos la colecci\u00f3n de bloques Handle CAD en AutoCAD.Si observa los siguientes bloques CAD,\" \/>\n<meta property=\"og:url\" content=\"https:\/\/icadblock.com\/es\/manija-en-dwg-autocad-descarga-gratuita\/\" \/>\n<meta property=\"og:site_name\" content=\"iCADBLOCK\" \/>\n<meta property=\"article:modified_time\" content=\"2024-02-04T14:02:42+00:00\" \/>\n<meta property=\"og:image\" content=\"https:\/\/icadblock.com\/wp-content\/uploads\/2023\/05\/handle-AutoCAD.webp\" \/>\n\t<meta property=\"og:image:width\" content=\"1000\" \/>\n\t<meta property=\"og:image:height\" content=\"675\" \/>\n\t<meta property=\"og:image:type\" content=\"image\/webp\" \/>\n<meta name=\"twitter:card\" content=\"summary_large_image\" \/>\n<meta name=\"twitter:label1\" content=\"Tiempo de lectura\" \/>\n\t<meta name=\"twitter:data1\" content=\"2 minutos\" \/>\n<script type=\"application\/ld+json\" class=\"yoast-schema-graph\">{\"@context\":\"https:\/\/schema.org\",\"@graph\":[{\"@type\":\"WebPage\",\"@id\":\"https:\/\/icadblock.com\/es\/manija-en-dwg-autocad-descarga-gratuita\/\",\"url\":\"https:\/\/icadblock.com\/es\/manija-en-dwg-autocad-descarga-gratuita\/\",\"name\":\"Manija en DWG AutoCAD, descarga gratuita - iCADBLOCK\",\"isPartOf\":{\"@id\":\"https:\/\/icadblock.com\/es\/#website\"},\"primaryImageOfPage\":{\"@id\":\"https:\/\/icadblock.com\/es\/manija-en-dwg-autocad-descarga-gratuita\/#primaryimage\"},\"image\":{\"@id\":\"https:\/\/icadblock.com\/es\/manija-en-dwg-autocad-descarga-gratuita\/#primaryimage\"},\"thumbnailUrl\":\"https:\/\/icadblock.com\/wp-content\/uploads\/2023\/05\/handle-AutoCAD.webp\",\"datePublished\":\"2023-05-23T07:44:11+00:00\",\"dateModified\":\"2024-02-04T14:02:42+00:00\",\"description\":\"Aqu\u00ed, en esta p\u00e1gina, proporcionamos la colecci\u00f3n de bloques Handle CAD en AutoCAD.Si observa los siguientes bloques CAD,\",\"breadcrumb\":{\"@id\":\"https:\/\/icadblock.com\/es\/manija-en-dwg-autocad-descarga-gratuita\/#breadcrumb\"},\"inLanguage\":\"es\",\"potentialAction\":[{\"@type\":\"ReadAction\",\"target\":[\"https:\/\/icadblock.com\/es\/manija-en-dwg-autocad-descarga-gratuita\/\"]}]},{\"@type\":\"ImageObject\",\"inLanguage\":\"es\",\"@id\":\"https:\/\/icadblock.com\/es\/manija-en-dwg-autocad-descarga-gratuita\/#primaryimage\",\"url\":\"https:\/\/icadblock.com\/wp-content\/uploads\/2023\/05\/handle-AutoCAD.webp\",\"contentUrl\":\"https:\/\/icadblock.com\/wp-content\/uploads\/2023\/05\/handle-AutoCAD.webp\",\"width\":1000,\"height\":675,\"caption\":\"Handle CAD block\"},{\"@type\":\"BreadcrumbList\",\"@id\":\"https:\/\/icadblock.com\/es\/manija-en-dwg-autocad-descarga-gratuita\/#breadcrumb\",\"itemListElement\":[{\"@type\":\"ListItem\",\"position\":1,\"name\":\"Home\",\"item\":\"https:\/\/icadblock.com\/es\/\"},{\"@type\":\"ListItem\",\"position\":2,\"name\":\"Manija en DWG AutoCAD, descarga gratuita\"}]},{\"@type\":\"WebSite\",\"@id\":\"https:\/\/icadblock.com\/es\/#website\",\"url\":\"https:\/\/icadblock.com\/es\/\",\"name\":\"iCADBLOCK\",\"description\":\"CAD Block free download, 2d DWG models in plan\",\"publisher\":{\"@id\":\"https:\/\/icadblock.com\/es\/#organization\"},\"potentialAction\":[{\"@type\":\"SearchAction\",\"target\":{\"@type\":\"EntryPoint\",\"urlTemplate\":\"https:\/\/icadblock.com\/es\/?s={search_term_string}\"},\"query-input\":{\"@type\":\"PropertyValueSpecification\",\"valueRequired\":true,\"valueName\":\"search_term_string\"}}],\"inLanguage\":\"es\"},{\"@type\":\"Organization\",\"@id\":\"https:\/\/icadblock.com\/es\/#organization\",\"name\":\"icadblock\",\"url\":\"https:\/\/icadblock.com\/es\/\",\"logo\":{\"@type\":\"ImageObject\",\"inLanguage\":\"es\",\"@id\":\"https:\/\/icadblock.com\/es\/#\/schema\/logo\/image\/\",\"url\":\"https:\/\/icadblock.com\/wp-content\/uploads\/2022\/02\/LOGO.png\",\"contentUrl\":\"https:\/\/icadblock.com\/wp-content\/uploads\/2022\/02\/LOGO.png\",\"width\":546,\"height\":125,\"caption\":\"icadblock\"},\"image\":{\"@id\":\"https:\/\/icadblock.com\/es\/#\/schema\/logo\/image\/\"}}]}<\/script>\n<!-- \/ Yoast SEO plugin. -->","yoast_head_json":{"title":"Manija en DWG AutoCAD, descarga gratuita - iCADBLOCK","description":"Aqu\u00ed, en esta p\u00e1gina, proporcionamos la colecci\u00f3n de bloques Handle CAD en AutoCAD.Si observa los siguientes bloques CAD,","robots":{"index":"index","follow":"follow","max-snippet":"max-snippet:-1","max-image-preview":"max-image-preview:large","max-video-preview":"max-video-preview:-1"},"canonical":"https:\/\/icadblock.com\/es\/manija-en-dwg-autocad-descarga-gratuita\/","og_locale":"es_ES","og_type":"article","og_title":"Manija en DWG AutoCAD, descarga gratuita - iCADBLOCK","og_description":"Aqu\u00ed, en esta p\u00e1gina, proporcionamos la colecci\u00f3n de bloques Handle CAD en AutoCAD.Si observa los siguientes bloques CAD,","og_url":"https:\/\/icadblock.com\/es\/manija-en-dwg-autocad-descarga-gratuita\/","og_site_name":"iCADBLOCK","article_modified_time":"2024-02-04T14:02:42+00:00","og_image":[{"width":1000,"height":675,"url":"https:\/\/icadblock.com\/wp-content\/uploads\/2023\/05\/handle-AutoCAD.webp","type":"image\/webp"}],"twitter_card":"summary_large_image","twitter_misc":{"Tiempo de lectura":"2 minutos"},"schema":{"@context":"https:\/\/schema.org","@graph":[{"@type":"WebPage","@id":"https:\/\/icadblock.com\/es\/manija-en-dwg-autocad-descarga-gratuita\/","url":"https:\/\/icadblock.com\/es\/manija-en-dwg-autocad-descarga-gratuita\/","name":"Manija en DWG AutoCAD, descarga gratuita - iCADBLOCK","isPartOf":{"@id":"https:\/\/icadblock.com\/es\/#website"},"primaryImageOfPage":{"@id":"https:\/\/icadblock.com\/es\/manija-en-dwg-autocad-descarga-gratuita\/#primaryimage"},"image":{"@id":"https:\/\/icadblock.com\/es\/manija-en-dwg-autocad-descarga-gratuita\/#primaryimage"},"thumbnailUrl":"https:\/\/icadblock.com\/wp-content\/uploads\/2023\/05\/handle-AutoCAD.webp","datePublished":"2023-05-23T07:44:11+00:00","dateModified":"2024-02-04T14:02:42+00:00","description":"Aqu\u00ed, en esta p\u00e1gina, proporcionamos la colecci\u00f3n de bloques Handle CAD en AutoCAD.Si observa los siguientes bloques CAD,","breadcrumb":{"@id":"https:\/\/icadblock.com\/es\/manija-en-dwg-autocad-descarga-gratuita\/#breadcrumb"},"inLanguage":"es","potentialAction":[{"@type":"ReadAction","target":["https:\/\/icadblock.com\/es\/manija-en-dwg-autocad-descarga-gratuita\/"]}]},{"@type":"ImageObject","inLanguage":"es","@id":"https:\/\/icadblock.com\/es\/manija-en-dwg-autocad-descarga-gratuita\/#primaryimage","url":"https:\/\/icadblock.com\/wp-content\/uploads\/2023\/05\/handle-AutoCAD.webp","contentUrl":"https:\/\/icadblock.com\/wp-content\/uploads\/2023\/05\/handle-AutoCAD.webp","width":1000,"height":675,"caption":"Handle CAD block"},{"@type":"BreadcrumbList","@id":"https:\/\/icadblock.com\/es\/manija-en-dwg-autocad-descarga-gratuita\/#breadcrumb","itemListElement":[{"@type":"ListItem","position":1,"name":"Home","item":"https:\/\/icadblock.com\/es\/"},{"@type":"ListItem","position":2,"name":"Manija en DWG AutoCAD, descarga gratuita"}]},{"@type":"WebSite","@id":"https:\/\/icadblock.com\/es\/#website","url":"https:\/\/icadblock.com\/es\/","name":"iCADBLOCK","description":"CAD Block free download, 2d DWG models in plan","publisher":{"@id":"https:\/\/icadblock.com\/es\/#organization"},"potentialAction":[{"@type":"SearchAction","target":{"@type":"EntryPoint","urlTemplate":"https:\/\/icadblock.com\/es\/?s={search_term_string}"},"query-input":{"@type":"PropertyValueSpecification","valueRequired":true,"valueName":"search_term_string"}}],"inLanguage":"es"},{"@type":"Organization","@id":"https:\/\/icadblock.com\/es\/#organization","name":"icadblock","url":"https:\/\/icadblock.com\/es\/","logo":{"@type":"ImageObject","inLanguage":"es","@id":"https:\/\/icadblock.com\/es\/#\/schema\/logo\/image\/","url":"https:\/\/icadblock.com\/wp-content\/uploads\/2022\/02\/LOGO.png","contentUrl":"https:\/\/icadblock.com\/wp-content\/uploads\/2022\/02\/LOGO.png","width":546,"height":125,"caption":"icadblock"},"image":{"@id":"https:\/\/icadblock.com\/es\/#\/schema\/logo\/image\/"}}]}},"_links":{"self":[{"href":"https:\/\/icadblock.com\/es\/wp-json\/wp\/v2\/pages\/9455","targetHints":{"allow":["GET"]}}],"collection":[{"href":"https:\/\/icadblock.com\/es\/wp-json\/wp\/v2\/pages"}],"about":[{"href":"https:\/\/icadblock.com\/es\/wp-json\/wp\/v2\/types\/page"}],"author":[{"embeddable":true,"href":"https:\/\/icadblock.com\/es\/wp-json\/wp\/v2\/users\/2"}],"replies":[{"embeddable":true,"href":"https:\/\/icadblock.com\/es\/wp-json\/wp\/v2\/comments?post=9455"}],"version-history":[{"count":4,"href":"https:\/\/icadblock.com\/es\/wp-json\/wp\/v2\/pages\/9455\/revisions"}],"predecessor-version":[{"id":10811,"href":"https:\/\/icadblock.com\/es\/wp-json\/wp\/v2\/pages\/9455\/revisions\/10811"}],"wp:featuredmedia":[{"embeddable":true,"href":"https:\/\/icadblock.com\/es\/wp-json\/wp\/v2\/media\/8280"}],"wp:attachment":[{"href":"https:\/\/icadblock.com\/es\/wp-json\/wp\/v2\/media?parent=9455"}],"curies":[{"name":"wp","href":"https:\/\/api.w.org\/{rel}","templated":true}]}}