{"id":9465,"date":"2023-05-23T12:11:20","date_gmt":"2023-05-23T12:11:20","guid":{"rendered":"https:\/\/icadblock.com\/?page_id=9465"},"modified":"2023-12-24T09:12:40","modified_gmt":"2023-12-24T09:12:40","slug":"tirador-de-armario-dwg","status":"publish","type":"page","link":"https:\/\/icadblock.com\/es\/manija-en-dwg-autocad-descarga-gratuita\/tirador-de-armario-dwg\/","title":{"rendered":"Tirador de armario DWG en planta y alzado"},"content":{"rendered":"\t\t<div data-elementor-type=\"wp-page\" data-elementor-id=\"9465\" class=\"elementor elementor-9465 elementor-4730\" data-elementor-post-type=\"page\">\n\t\t\t\t\t\t<section class=\"elementor-section elementor-top-section elementor-element elementor-element-3e787dcb elementor-section-boxed elementor-section-height-default elementor-section-height-default\" data-id=\"3e787dcb\" data-element_type=\"section\">\n\t\t\t\t\t\t<div class=\"elementor-container elementor-column-gap-default\">\n\t\t\t\t\t<div class=\"elementor-column elementor-col-50 elementor-top-column elementor-element elementor-element-3d7528da\" data-id=\"3d7528da\" data-element_type=\"column\">\n\t\t\t<div class=\"elementor-widget-wrap elementor-element-populated\">\n\t\t\t\t\t\t<div class=\"elementor-element elementor-element-7c54428f elementor-widget elementor-widget-text-editor\" data-id=\"7c54428f\" data-element_type=\"widget\" data-widget_type=\"text-editor.default\">\n\t\t\t\t<div class=\"elementor-widget-container\">\n\t\t\t<style>\/*! elementor - v3.21.0 - 30-04-2024 *\/\n.elementor-widget-text-editor.elementor-drop-cap-view-stacked .elementor-drop-cap{background-color:#69727d;color:#fff}.elementor-widget-text-editor.elementor-drop-cap-view-framed .elementor-drop-cap{color:#69727d;border:3px solid;background-color:transparent}.elementor-widget-text-editor:not(.elementor-drop-cap-view-default) .elementor-drop-cap{margin-top:8px}.elementor-widget-text-editor:not(.elementor-drop-cap-view-default) .elementor-drop-cap-letter{width:1em;height:1em}.elementor-widget-text-editor .elementor-drop-cap{float:left;text-align:center;line-height:1;font-size:50px}.elementor-widget-text-editor .elementor-drop-cap-letter{display:inline-block}<\/style>\t\t\t\t<p>Esta p\u00e1gina est\u00e1 dedicada a la colecci\u00f3n de <strong>manijas para gabinetes DWG<\/strong> en vistas en planta y en alzado.<\/p><p>Hemos intentado proporcionar modelos DWG de alta calidad.<\/p><p>La manija del gabinete del bloque CAD es otro tipo de manija y, adem\u00e1s de la manija de la puerta, es uno de los bloques CAD m\u00e1s utilizados por los arquitectos.<\/p><p>Hemos proporcionado diferentes tipos de manijas para gabinetes y puede encontrar el mejor modelo DWG que se adapte a su objetivo de dise\u00f1o.<\/p>\t\t\t\t\t\t<\/div>\n\t\t\t\t<\/div>\n\t\t\t\t<div class=\"elementor-element elementor-element-ca2518d elementor-widget elementor-widget-heading\" data-id=\"ca2518d\" data-element_type=\"widget\" data-widget_type=\"heading.default\">\n\t\t\t\t<div class=\"elementor-widget-container\">\n\t\t\t<style>\/*! elementor - v3.21.0 - 30-04-2024 *\/\n.elementor-heading-title{padding:0;margin:0;line-height:1}.elementor-widget-heading .elementor-heading-title[class*=elementor-size-]>a{color:inherit;font-size:inherit;line-height:inherit}.elementor-widget-heading .elementor-heading-title.elementor-size-small{font-size:15px}.elementor-widget-heading .elementor-heading-title.elementor-size-medium{font-size:19px}.elementor-widget-heading .elementor-heading-title.elementor-size-large{font-size:29px}.elementor-widget-heading .elementor-heading-title.elementor-size-xl{font-size:39px}.elementor-widget-heading .elementor-heading-title.elementor-size-xxl{font-size:59px}<\/style><h2 class=\"elementor-heading-title elementor-size-default\">Tirador de armario DWG<\/h2>\t\t<\/div>\n\t\t\t\t<\/div>\n\t\t\t\t<div class=\"elementor-element elementor-element-0959e09 elementor-widget elementor-widget-text-editor\" data-id=\"0959e09\" data-element_type=\"widget\" data-widget_type=\"text-editor.default\">\n\t\t\t\t<div class=\"elementor-widget-container\">\n\t\t\t\t\t\t\t<p><\/p>\t\t\t\t\t\t<\/div>\n\t\t\t\t<\/div>\n\t\t\t\t<div class=\"elementor-element elementor-element-3ac3a52 elementor-widget elementor-widget-text-editor\" data-id=\"3ac3a52\" data-element_type=\"widget\" data-widget_type=\"text-editor.default\">\n\t\t\t\t<div class=\"elementor-widget-container\">\n\t\t\t\t\t\t\t<p>Si est\u00e1 buscando otros bloques CAD relacionados, haga clic en el siguiente enlace:<\/p><p><span style=\"color: #ff0000;\"><strong>*** <\/strong><\/span><a href=\"https:\/\/icadblock.com\/es\/manija-de-puerta-en-dwg\/\"><em><strong>Manija de puerta en DWG<\/strong><\/em><\/a><\/p><h3><span style=\"color: #0000ff;\">Notas:<\/span><\/h3><p>Hoy en d\u00eda, los tiradores de los armarios desempe\u00f1an un papel importante en la decoraci\u00f3n del hogar.<\/p><p>Teniendo en cuenta la importancia de estos tiradores, los arquitectos intentan utilizar los mejores dise\u00f1os modernos que se adapten a sus necesidades.<\/p><p>Algunos arquitectos prefieren utilizar modelos simples y otros quieren utilizar modelos complejos seg\u00fan su dise\u00f1o.<\/p><p>Respecto a estos dos grupos de arquitectos hemos proporcionado tiradores de armarios simples y complejos.<\/p><p>Como arquitecto profesional, puede utilizar nuestros bloques CAD y hacer que su dise\u00f1o luzca m\u00e1s hermoso y llame la atenci\u00f3n.<\/p><p>Esta p\u00e1gina se actualizar\u00e1 constantemente, as\u00ed que marque esta p\u00e1gina como favorita para futuras actualizaciones.<\/p><p>H\u00e1ganos saber si no encuentra el bloque CAD que est\u00e1 buscando.<\/p>\t\t\t\t\t\t<\/div>\n\t\t\t\t<\/div>\n\t\t\t\t\t<\/div>\n\t\t<\/div>\n\t\t\t\t<div class=\"jet-sticky-column-sticky elementor-column elementor-col-50 elementor-top-column elementor-element elementor-element-92417fc\" data-jet-sticky-column-settings=\"{&quot;id&quot;:&quot;92417fc&quot;,&quot;sticky&quot;:true,&quot;topSpacing&quot;:50,&quot;bottomSpacing&quot;:50,&quot;stickyOn&quot;:[&quot;desktop&quot;,&quot;tablet&quot;]}\" data-id=\"92417fc\" data-element_type=\"column\">\n\t\t\t<div class=\"elementor-widget-wrap elementor-element-populated\">\n\t\t\t\t\t\t\t<\/div>\n\t\t<\/div>\n\t\t\t\t\t<\/div>\n\t\t<\/section>\n\t\t\t\t<\/div>\n\t\t","protected":false},"excerpt":{"rendered":"<p>Esta p\u00e1gina est\u00e1 dedicada a la colecci\u00f3n de manijas para gabinetes DWG en vistas en planta y en alzado. Hemos [&hellip;]<\/p>\n","protected":false},"author":2,"featured_media":8283,"parent":9455,"menu_order":0,"comment_status":"closed","ping_status":"closed","template":"","meta":{"site-sidebar-layout":"default","site-content-layout":"","ast-site-content-layout":"","site-content-style":"default","site-sidebar-style":"default","ast-global-header-display":"","ast-banner-title-visibility":"","ast-main-header-display":"","ast-hfb-above-header-display":"","ast-hfb-below-header-display":"","ast-hfb-mobile-header-display":"","site-post-title":"","ast-breadcrumbs-content":"","ast-featured-img":"","footer-sml-layout":"","theme-transparent-header-meta":"","adv-header-id-meta":"","stick-header-meta":"","header-above-stick-meta":"","header-main-stick-meta":"","header-below-stick-meta":"","astra-migrate-meta-layouts":"default","ast-page-background-enabled":"default","ast-page-background-meta":{"desktop":{"background-color":"var(--ast-global-color-4)","background-image":"","background-repeat":"repeat","background-position":"center center","background-size":"auto","background-attachment":"scroll","background-type":"","background-media":"","overlay-type":"","overlay-color":"","overlay-gradient":""},"tablet":{"background-color":"","background-image":"","background-repeat":"repeat","background-position":"center center","background-size":"auto","background-attachment":"scroll","background-type":"","background-media":"","overlay-type":"","overlay-color":"","overlay-gradient":""},"mobile":{"background-color":"","background-image":"","background-repeat":"repeat","background-position":"center center","background-size":"auto","background-attachment":"scroll","background-type":"","background-media":"","overlay-type":"","overlay-color":"","overlay-gradient":""}},"ast-content-background-meta":{"desktop":{"background-color":"var(--ast-global-color-5)","background-image":"","background-repeat":"repeat","background-position":"center center","background-size":"auto","background-attachment":"scroll","background-type":"","background-media":"","overlay-type":"","overlay-color":"","overlay-gradient":""},"tablet":{"background-color":"var(--ast-global-color-5)","background-image":"","background-repeat":"repeat","background-position":"center center","background-size":"auto","background-attachment":"scroll","background-type":"","background-media":"","overlay-type":"","overlay-color":"","overlay-gradient":""},"mobile":{"background-color":"var(--ast-global-color-5)","background-image":"","background-repeat":"repeat","background-position":"center center","background-size":"auto","background-attachment":"scroll","background-type":"","background-media":"","overlay-type":"","overlay-color":"","overlay-gradient":""}},"footnotes":""},"class_list":["post-9465","page","type-page","status-publish","has-post-thumbnail","hentry"],"yoast_head":"<!-- This site is optimized with the Yoast SEO plugin v26.0 - https:\/\/yoast.com\/wordpress\/plugins\/seo\/ -->\n<title>Tirador de armario DWG en planta y alzado - iCADBLOCK<\/title>\n<meta name=\"description\" content=\"Esta p\u00e1gina est\u00e1 dedicada a la colecci\u00f3n de manijas para gabinetes DWG en vistas en planta y en alzado. Hemos intentado proporcionar modelos\" \/>\n<meta name=\"robots\" content=\"index, follow, max-snippet:-1, max-image-preview:large, max-video-preview:-1\" \/>\n<link rel=\"canonical\" href=\"https:\/\/icadblock.com\/es\/manija-en-dwg-autocad-descarga-gratuita\/tirador-de-armario-dwg\/\" \/>\n<meta property=\"og:locale\" content=\"es_ES\" \/>\n<meta property=\"og:type\" content=\"article\" \/>\n<meta property=\"og:title\" content=\"Tirador de armario DWG en planta y alzado - iCADBLOCK\" \/>\n<meta property=\"og:description\" content=\"Esta p\u00e1gina est\u00e1 dedicada a la colecci\u00f3n de manijas para gabinetes DWG en vistas en planta y en alzado. Hemos intentado proporcionar modelos\" \/>\n<meta property=\"og:url\" content=\"https:\/\/icadblock.com\/es\/manija-en-dwg-autocad-descarga-gratuita\/tirador-de-armario-dwg\/\" \/>\n<meta property=\"og:site_name\" content=\"iCADBLOCK\" \/>\n<meta property=\"article:modified_time\" content=\"2023-12-24T09:12:40+00:00\" \/>\n<meta property=\"og:image\" content=\"https:\/\/icadblock.com\/wp-content\/uploads\/2023\/05\/cabinet-handle-cad.webp\" \/>\n\t<meta property=\"og:image:width\" content=\"1000\" \/>\n\t<meta property=\"og:image:height\" content=\"675\" \/>\n\t<meta property=\"og:image:type\" content=\"image\/webp\" \/>\n<meta name=\"twitter:card\" content=\"summary_large_image\" \/>\n<meta name=\"twitter:label1\" content=\"Tiempo de lectura\" \/>\n\t<meta name=\"twitter:data1\" content=\"2 minutos\" \/>\n<script type=\"application\/ld+json\" class=\"yoast-schema-graph\">{\"@context\":\"https:\/\/schema.org\",\"@graph\":[{\"@type\":\"WebPage\",\"@id\":\"https:\/\/icadblock.com\/es\/manija-en-dwg-autocad-descarga-gratuita\/tirador-de-armario-dwg\/\",\"url\":\"https:\/\/icadblock.com\/es\/manija-en-dwg-autocad-descarga-gratuita\/tirador-de-armario-dwg\/\",\"name\":\"Tirador de armario DWG en planta y alzado - iCADBLOCK\",\"isPartOf\":{\"@id\":\"https:\/\/icadblock.com\/es\/#website\"},\"primaryImageOfPage\":{\"@id\":\"https:\/\/icadblock.com\/es\/manija-en-dwg-autocad-descarga-gratuita\/tirador-de-armario-dwg\/#primaryimage\"},\"image\":{\"@id\":\"https:\/\/icadblock.com\/es\/manija-en-dwg-autocad-descarga-gratuita\/tirador-de-armario-dwg\/#primaryimage\"},\"thumbnailUrl\":\"https:\/\/icadblock.com\/wp-content\/uploads\/2023\/05\/cabinet-handle-cad.webp\",\"datePublished\":\"2023-05-23T12:11:20+00:00\",\"dateModified\":\"2023-12-24T09:12:40+00:00\",\"description\":\"Esta p\u00e1gina est\u00e1 dedicada a la colecci\u00f3n de manijas para gabinetes DWG en vistas en planta y en alzado. Hemos intentado proporcionar modelos\",\"breadcrumb\":{\"@id\":\"https:\/\/icadblock.com\/es\/manija-en-dwg-autocad-descarga-gratuita\/tirador-de-armario-dwg\/#breadcrumb\"},\"inLanguage\":\"es\",\"potentialAction\":[{\"@type\":\"ReadAction\",\"target\":[\"https:\/\/icadblock.com\/es\/manija-en-dwg-autocad-descarga-gratuita\/tirador-de-armario-dwg\/\"]}]},{\"@type\":\"ImageObject\",\"inLanguage\":\"es\",\"@id\":\"https:\/\/icadblock.com\/es\/manija-en-dwg-autocad-descarga-gratuita\/tirador-de-armario-dwg\/#primaryimage\",\"url\":\"https:\/\/icadblock.com\/wp-content\/uploads\/2023\/05\/cabinet-handle-cad.webp\",\"contentUrl\":\"https:\/\/icadblock.com\/wp-content\/uploads\/2023\/05\/cabinet-handle-cad.webp\",\"width\":1000,\"height\":675,\"caption\":\"Tirador de armario DWG\"},{\"@type\":\"BreadcrumbList\",\"@id\":\"https:\/\/icadblock.com\/es\/manija-en-dwg-autocad-descarga-gratuita\/tirador-de-armario-dwg\/#breadcrumb\",\"itemListElement\":[{\"@type\":\"ListItem\",\"position\":1,\"name\":\"Home\",\"item\":\"https:\/\/icadblock.com\/es\/\"},{\"@type\":\"ListItem\",\"position\":2,\"name\":\"Manija en DWG AutoCAD, descarga gratuita\",\"item\":\"https:\/\/icadblock.com\/es\/manija-en-dwg-autocad-descarga-gratuita\/\"},{\"@type\":\"ListItem\",\"position\":3,\"name\":\"Tirador de armario DWG en planta y alzado\"}]},{\"@type\":\"WebSite\",\"@id\":\"https:\/\/icadblock.com\/es\/#website\",\"url\":\"https:\/\/icadblock.com\/es\/\",\"name\":\"iCADBLOCK\",\"description\":\"CAD Block free download, 2d DWG models in plan\",\"publisher\":{\"@id\":\"https:\/\/icadblock.com\/es\/#organization\"},\"potentialAction\":[{\"@type\":\"SearchAction\",\"target\":{\"@type\":\"EntryPoint\",\"urlTemplate\":\"https:\/\/icadblock.com\/es\/?s={search_term_string}\"},\"query-input\":{\"@type\":\"PropertyValueSpecification\",\"valueRequired\":true,\"valueName\":\"search_term_string\"}}],\"inLanguage\":\"es\"},{\"@type\":\"Organization\",\"@id\":\"https:\/\/icadblock.com\/es\/#organization\",\"name\":\"icadblock\",\"url\":\"https:\/\/icadblock.com\/es\/\",\"logo\":{\"@type\":\"ImageObject\",\"inLanguage\":\"es\",\"@id\":\"https:\/\/icadblock.com\/es\/#\/schema\/logo\/image\/\",\"url\":\"https:\/\/icadblock.com\/wp-content\/uploads\/2022\/02\/LOGO.png\",\"contentUrl\":\"https:\/\/icadblock.com\/wp-content\/uploads\/2022\/02\/LOGO.png\",\"width\":546,\"height\":125,\"caption\":\"icadblock\"},\"image\":{\"@id\":\"https:\/\/icadblock.com\/es\/#\/schema\/logo\/image\/\"}}]}<\/script>\n<!-- \/ Yoast SEO plugin. -->","yoast_head_json":{"title":"Tirador de armario DWG en planta y alzado - iCADBLOCK","description":"Esta p\u00e1gina est\u00e1 dedicada a la colecci\u00f3n de manijas para gabinetes DWG en vistas en planta y en alzado. Hemos intentado proporcionar modelos","robots":{"index":"index","follow":"follow","max-snippet":"max-snippet:-1","max-image-preview":"max-image-preview:large","max-video-preview":"max-video-preview:-1"},"canonical":"https:\/\/icadblock.com\/es\/manija-en-dwg-autocad-descarga-gratuita\/tirador-de-armario-dwg\/","og_locale":"es_ES","og_type":"article","og_title":"Tirador de armario DWG en planta y alzado - iCADBLOCK","og_description":"Esta p\u00e1gina est\u00e1 dedicada a la colecci\u00f3n de manijas para gabinetes DWG en vistas en planta y en alzado. Hemos intentado proporcionar modelos","og_url":"https:\/\/icadblock.com\/es\/manija-en-dwg-autocad-descarga-gratuita\/tirador-de-armario-dwg\/","og_site_name":"iCADBLOCK","article_modified_time":"2023-12-24T09:12:40+00:00","og_image":[{"width":1000,"height":675,"url":"https:\/\/icadblock.com\/wp-content\/uploads\/2023\/05\/cabinet-handle-cad.webp","type":"image\/webp"}],"twitter_card":"summary_large_image","twitter_misc":{"Tiempo de lectura":"2 minutos"},"schema":{"@context":"https:\/\/schema.org","@graph":[{"@type":"WebPage","@id":"https:\/\/icadblock.com\/es\/manija-en-dwg-autocad-descarga-gratuita\/tirador-de-armario-dwg\/","url":"https:\/\/icadblock.com\/es\/manija-en-dwg-autocad-descarga-gratuita\/tirador-de-armario-dwg\/","name":"Tirador de armario DWG en planta y alzado - iCADBLOCK","isPartOf":{"@id":"https:\/\/icadblock.com\/es\/#website"},"primaryImageOfPage":{"@id":"https:\/\/icadblock.com\/es\/manija-en-dwg-autocad-descarga-gratuita\/tirador-de-armario-dwg\/#primaryimage"},"image":{"@id":"https:\/\/icadblock.com\/es\/manija-en-dwg-autocad-descarga-gratuita\/tirador-de-armario-dwg\/#primaryimage"},"thumbnailUrl":"https:\/\/icadblock.com\/wp-content\/uploads\/2023\/05\/cabinet-handle-cad.webp","datePublished":"2023-05-23T12:11:20+00:00","dateModified":"2023-12-24T09:12:40+00:00","description":"Esta p\u00e1gina est\u00e1 dedicada a la colecci\u00f3n de manijas para gabinetes DWG en vistas en planta y en alzado. Hemos intentado proporcionar modelos","breadcrumb":{"@id":"https:\/\/icadblock.com\/es\/manija-en-dwg-autocad-descarga-gratuita\/tirador-de-armario-dwg\/#breadcrumb"},"inLanguage":"es","potentialAction":[{"@type":"ReadAction","target":["https:\/\/icadblock.com\/es\/manija-en-dwg-autocad-descarga-gratuita\/tirador-de-armario-dwg\/"]}]},{"@type":"ImageObject","inLanguage":"es","@id":"https:\/\/icadblock.com\/es\/manija-en-dwg-autocad-descarga-gratuita\/tirador-de-armario-dwg\/#primaryimage","url":"https:\/\/icadblock.com\/wp-content\/uploads\/2023\/05\/cabinet-handle-cad.webp","contentUrl":"https:\/\/icadblock.com\/wp-content\/uploads\/2023\/05\/cabinet-handle-cad.webp","width":1000,"height":675,"caption":"Tirador de armario DWG"},{"@type":"BreadcrumbList","@id":"https:\/\/icadblock.com\/es\/manija-en-dwg-autocad-descarga-gratuita\/tirador-de-armario-dwg\/#breadcrumb","itemListElement":[{"@type":"ListItem","position":1,"name":"Home","item":"https:\/\/icadblock.com\/es\/"},{"@type":"ListItem","position":2,"name":"Manija en DWG AutoCAD, descarga gratuita","item":"https:\/\/icadblock.com\/es\/manija-en-dwg-autocad-descarga-gratuita\/"},{"@type":"ListItem","position":3,"name":"Tirador de armario DWG en planta y alzado"}]},{"@type":"WebSite","@id":"https:\/\/icadblock.com\/es\/#website","url":"https:\/\/icadblock.com\/es\/","name":"iCADBLOCK","description":"CAD Block free download, 2d DWG models in plan","publisher":{"@id":"https:\/\/icadblock.com\/es\/#organization"},"potentialAction":[{"@type":"SearchAction","target":{"@type":"EntryPoint","urlTemplate":"https:\/\/icadblock.com\/es\/?s={search_term_string}"},"query-input":{"@type":"PropertyValueSpecification","valueRequired":true,"valueName":"search_term_string"}}],"inLanguage":"es"},{"@type":"Organization","@id":"https:\/\/icadblock.com\/es\/#organization","name":"icadblock","url":"https:\/\/icadblock.com\/es\/","logo":{"@type":"ImageObject","inLanguage":"es","@id":"https:\/\/icadblock.com\/es\/#\/schema\/logo\/image\/","url":"https:\/\/icadblock.com\/wp-content\/uploads\/2022\/02\/LOGO.png","contentUrl":"https:\/\/icadblock.com\/wp-content\/uploads\/2022\/02\/LOGO.png","width":546,"height":125,"caption":"icadblock"},"image":{"@id":"https:\/\/icadblock.com\/es\/#\/schema\/logo\/image\/"}}]}},"_links":{"self":[{"href":"https:\/\/icadblock.com\/es\/wp-json\/wp\/v2\/pages\/9465","targetHints":{"allow":["GET"]}}],"collection":[{"href":"https:\/\/icadblock.com\/es\/wp-json\/wp\/v2\/pages"}],"about":[{"href":"https:\/\/icadblock.com\/es\/wp-json\/wp\/v2\/types\/page"}],"author":[{"embeddable":true,"href":"https:\/\/icadblock.com\/es\/wp-json\/wp\/v2\/users\/2"}],"replies":[{"embeddable":true,"href":"https:\/\/icadblock.com\/es\/wp-json\/wp\/v2\/comments?post=9465"}],"version-history":[{"count":5,"href":"https:\/\/icadblock.com\/es\/wp-json\/wp\/v2\/pages\/9465\/revisions"}],"predecessor-version":[{"id":9470,"href":"https:\/\/icadblock.com\/es\/wp-json\/wp\/v2\/pages\/9465\/revisions\/9470"}],"up":[{"embeddable":true,"href":"https:\/\/icadblock.com\/es\/wp-json\/wp\/v2\/pages\/9455"}],"wp:featuredmedia":[{"embeddable":true,"href":"https:\/\/icadblock.com\/es\/wp-json\/wp\/v2\/media\/8283"}],"wp:attachment":[{"href":"https:\/\/icadblock.com\/es\/wp-json\/wp\/v2\/media?parent=9465"}],"curies":[{"name":"wp","href":"https:\/\/api.w.org\/{rel}","templated":true}]}}