{"id":9548,"date":"2023-06-25T15:26:01","date_gmt":"2023-06-25T15:26:01","guid":{"rendered":"https:\/\/icadblock.com\/?page_id=9548"},"modified":"2023-12-24T13:01:44","modified_gmt":"2023-12-24T13:01:44","slug":"bolsa-en-dwg","status":"publish","type":"page","link":"https:\/\/icadblock.com\/es\/ropa-dwg-en-planta-y-alzado\/bolsa-en-dwg\/","title":{"rendered":"Bolsa en DWG, planta y alzado."},"content":{"rendered":"\t\t<div data-elementor-type=\"wp-page\" data-elementor-id=\"9548\" class=\"elementor elementor-9548 elementor-5201\" data-elementor-post-type=\"page\">\n\t\t\t\t\t\t<section class=\"elementor-section elementor-top-section elementor-element elementor-element-56f7e069 elementor-section-boxed elementor-section-height-default elementor-section-height-default\" data-id=\"56f7e069\" data-element_type=\"section\">\n\t\t\t\t\t\t<div class=\"elementor-container elementor-column-gap-default\">\n\t\t\t\t\t<div class=\"elementor-column elementor-col-50 elementor-top-column elementor-element elementor-element-7f6b55ba\" data-id=\"7f6b55ba\" data-element_type=\"column\">\n\t\t\t<div class=\"elementor-widget-wrap elementor-element-populated\">\n\t\t\t\t\t\t<div class=\"elementor-element elementor-element-4fb4d378 elementor-widget elementor-widget-text-editor\" data-id=\"4fb4d378\" data-element_type=\"widget\" data-widget_type=\"text-editor.default\">\n\t\t\t\t<div class=\"elementor-widget-container\">\n\t\t\t<style>\/*! elementor - v3.21.0 - 30-04-2024 *\/\n.elementor-widget-text-editor.elementor-drop-cap-view-stacked .elementor-drop-cap{background-color:#69727d;color:#fff}.elementor-widget-text-editor.elementor-drop-cap-view-framed .elementor-drop-cap{color:#69727d;border:3px solid;background-color:transparent}.elementor-widget-text-editor:not(.elementor-drop-cap-view-default) .elementor-drop-cap{margin-top:8px}.elementor-widget-text-editor:not(.elementor-drop-cap-view-default) .elementor-drop-cap-letter{width:1em;height:1em}.elementor-widget-text-editor .elementor-drop-cap{float:left;text-align:center;line-height:1;font-size:50px}.elementor-widget-text-editor .elementor-drop-cap-letter{display:inline-block}<\/style>\t\t\t\t<p>Aqu\u00ed en esta p\u00e1gina hemos proporcionado la <strong>bolsa en DWG.<\/strong><\/p><p>Tenemos muchos bolsos en esta p\u00e1gina, como bolsos de mano, carteras, bolsos de lona, bolsos para computadora port\u00e1til, maletines, bolsos Hobo, bolsos de mano, bolsos de mensajero, mochilas, ri\u00f1oneras, bolsos de fin de semana, bolsos de hombro, etc.<\/p><p>Marque esta p\u00e1gina como favorita, ya que la actualizaremos en un futuro pr\u00f3ximo para que pueda visitar nuestro sitio web nuevamente y obtener nuevos modelos DWG \u00fatiles.<\/p>\t\t\t\t\t\t<\/div>\n\t\t\t\t<\/div>\n\t\t\t\t<div class=\"elementor-element elementor-element-7db43ee elementor-widget elementor-widget-heading\" data-id=\"7db43ee\" data-element_type=\"widget\" data-widget_type=\"heading.default\">\n\t\t\t\t<div class=\"elementor-widget-container\">\n\t\t\t<style>\/*! elementor - v3.21.0 - 30-04-2024 *\/\n.elementor-heading-title{padding:0;margin:0;line-height:1}.elementor-widget-heading .elementor-heading-title[class*=elementor-size-]>a{color:inherit;font-size:inherit;line-height:inherit}.elementor-widget-heading .elementor-heading-title.elementor-size-small{font-size:15px}.elementor-widget-heading .elementor-heading-title.elementor-size-medium{font-size:19px}.elementor-widget-heading .elementor-heading-title.elementor-size-large{font-size:29px}.elementor-widget-heading .elementor-heading-title.elementor-size-xl{font-size:39px}.elementor-widget-heading .elementor-heading-title.elementor-size-xxl{font-size:59px}<\/style><h2 class=\"elementor-heading-title elementor-size-default\">Bolsa en DWG<\/h2>\t\t<\/div>\n\t\t\t\t<\/div>\n\t\t\t\t<div class=\"elementor-element elementor-element-c435cd4 elementor-widget elementor-widget-text-editor\" data-id=\"c435cd4\" data-element_type=\"widget\" data-widget_type=\"text-editor.default\">\n\t\t\t\t<div class=\"elementor-widget-container\">\n\t\t\t\t\t\t\t<p>Si buscas otros Bloques CAD relacionados te sugerimos los siguientes enlaces:<\/p><p>Puedes descargar otras prendas en la p\u00e1gina <a href=\"https:\/\/icadblock.com\/es\/ropa-dwg-en-planta-y-alzado\/\"><em><strong>ropa DWG<\/strong><\/em><\/a>.<\/p><p>Tambi\u00e9n puede descargar bloques CAD de zapatos en la p\u00e1gina <a href=\"https:\/\/icadblock.com\/es\/ropa-dwg-en-planta-y-alzado\/coleccion-de-zapatos-en-dwg\/\"><em><strong>Zapatos DWG<\/strong><\/em><\/a>.<\/p><h3><span style=\"color: #0000ff;\">Notas:<\/span><\/h3><p>Bloque CAD de bolsa en uno de los modelos DWG que se utilizan en la mayor\u00eda de los dibujos de los arquitectos.<\/p><p>Puedes utilizarlos en el armario y colocarlos en los espacios destinados a ellos.<\/p><p>Puedes colocarlo sobre una mesa o silla o en cualquier lugar de tu dibujo.<\/p><p>Por ejemplo, si est\u00e1s dibujando un centro comercial, puedes colocarlos en los estantes de bolsas para mostrar que el espacio es una tienda de bolsas.<\/p><p>Como puede ver, el modelo DWG de bolsa es uno de los modelos 2D m\u00e1s utilizados en un dibujo.<\/p>\t\t\t\t\t\t<\/div>\n\t\t\t\t<\/div>\n\t\t\t\t\t<\/div>\n\t\t<\/div>\n\t\t\t\t<div class=\"jet-sticky-column-sticky elementor-column elementor-col-50 elementor-top-column elementor-element elementor-element-01cb2b2\" data-jet-sticky-column-settings=\"{&quot;id&quot;:&quot;01cb2b2&quot;,&quot;sticky&quot;:true,&quot;topSpacing&quot;:50,&quot;bottomSpacing&quot;:50,&quot;stickyOn&quot;:[&quot;desktop&quot;,&quot;tablet&quot;]}\" data-id=\"01cb2b2\" data-element_type=\"column\">\n\t\t\t<div class=\"elementor-widget-wrap elementor-element-populated\">\n\t\t\t\t\t\t\t<\/div>\n\t\t<\/div>\n\t\t\t\t\t<\/div>\n\t\t<\/section>\n\t\t\t\t<\/div>\n\t\t","protected":false},"excerpt":{"rendered":"<p>Aqu\u00ed en esta p\u00e1gina hemos proporcionado la bolsa en DWG. Tenemos muchos bolsos en esta p\u00e1gina, como bolsos de mano, [&hellip;]<\/p>\n","protected":false},"author":2,"featured_media":8340,"parent":9533,"menu_order":0,"comment_status":"closed","ping_status":"closed","template":"","meta":{"site-sidebar-layout":"default","site-content-layout":"","ast-site-content-layout":"","site-content-style":"default","site-sidebar-style":"default","ast-global-header-display":"","ast-banner-title-visibility":"","ast-main-header-display":"","ast-hfb-above-header-display":"","ast-hfb-below-header-display":"","ast-hfb-mobile-header-display":"","site-post-title":"","ast-breadcrumbs-content":"","ast-featured-img":"","footer-sml-layout":"","theme-transparent-header-meta":"","adv-header-id-meta":"","stick-header-meta":"","header-above-stick-meta":"","header-main-stick-meta":"","header-below-stick-meta":"","astra-migrate-meta-layouts":"default","ast-page-background-enabled":"default","ast-page-background-meta":{"desktop":{"background-color":"var(--ast-global-color-4)","background-image":"","background-repeat":"repeat","background-position":"center center","background-size":"auto","background-attachment":"scroll","background-type":"","background-media":"","overlay-type":"","overlay-color":"","overlay-gradient":""},"tablet":{"background-color":"","background-image":"","background-repeat":"repeat","background-position":"center center","background-size":"auto","background-attachment":"scroll","background-type":"","background-media":"","overlay-type":"","overlay-color":"","overlay-gradient":""},"mobile":{"background-color":"","background-image":"","background-repeat":"repeat","background-position":"center center","background-size":"auto","background-attachment":"scroll","background-type":"","background-media":"","overlay-type":"","overlay-color":"","overlay-gradient":""}},"ast-content-background-meta":{"desktop":{"background-color":"var(--ast-global-color-5)","background-image":"","background-repeat":"repeat","background-position":"center center","background-size":"auto","background-attachment":"scroll","background-type":"","background-media":"","overlay-type":"","overlay-color":"","overlay-gradient":""},"tablet":{"background-color":"var(--ast-global-color-5)","background-image":"","background-repeat":"repeat","background-position":"center center","background-size":"auto","background-attachment":"scroll","background-type":"","background-media":"","overlay-type":"","overlay-color":"","overlay-gradient":""},"mobile":{"background-color":"var(--ast-global-color-5)","background-image":"","background-repeat":"repeat","background-position":"center center","background-size":"auto","background-attachment":"scroll","background-type":"","background-media":"","overlay-type":"","overlay-color":"","overlay-gradient":""}},"footnotes":""},"class_list":["post-9548","page","type-page","status-publish","has-post-thumbnail","hentry"],"yoast_head":"<!-- This site is optimized with the Yoast SEO plugin v26.0 - https:\/\/yoast.com\/wordpress\/plugins\/seo\/ -->\n<title>Bolsa en DWG, planta y alzado. - iCADBLOCK<\/title>\n<meta name=\"description\" content=\"Aqu\u00ed en esta p\u00e1gina hemos proporcionado la bolsa en DWG. Tenemos muchos bolsos en esta p\u00e1gina, como bolsos de mano, carteras, bolsos de lona,\" \/>\n<meta name=\"robots\" content=\"index, follow, max-snippet:-1, max-image-preview:large, max-video-preview:-1\" \/>\n<link rel=\"canonical\" href=\"https:\/\/icadblock.com\/es\/ropa-dwg-en-planta-y-alzado\/bolsa-en-dwg\/\" \/>\n<meta property=\"og:locale\" content=\"es_ES\" \/>\n<meta property=\"og:type\" content=\"article\" \/>\n<meta property=\"og:title\" content=\"Bolsa en DWG, planta y alzado. - iCADBLOCK\" \/>\n<meta property=\"og:description\" content=\"Aqu\u00ed en esta p\u00e1gina hemos proporcionado la bolsa en DWG. Tenemos muchos bolsos en esta p\u00e1gina, como bolsos de mano, carteras, bolsos de lona,\" \/>\n<meta property=\"og:url\" content=\"https:\/\/icadblock.com\/es\/ropa-dwg-en-planta-y-alzado\/bolsa-en-dwg\/\" \/>\n<meta property=\"og:site_name\" content=\"iCADBLOCK\" \/>\n<meta property=\"article:modified_time\" content=\"2023-12-24T13:01:44+00:00\" \/>\n<meta property=\"og:image\" content=\"https:\/\/icadblock.com\/wp-content\/uploads\/2023\/06\/bags-DWG.webp\" \/>\n\t<meta property=\"og:image:width\" content=\"1000\" \/>\n\t<meta property=\"og:image:height\" content=\"675\" \/>\n\t<meta property=\"og:image:type\" content=\"image\/webp\" \/>\n<meta name=\"twitter:card\" content=\"summary_large_image\" \/>\n<meta name=\"twitter:label1\" content=\"Tiempo de lectura\" \/>\n\t<meta name=\"twitter:data1\" content=\"2 minutos\" \/>\n<script type=\"application\/ld+json\" class=\"yoast-schema-graph\">{\"@context\":\"https:\/\/schema.org\",\"@graph\":[{\"@type\":\"WebPage\",\"@id\":\"https:\/\/icadblock.com\/es\/ropa-dwg-en-planta-y-alzado\/bolsa-en-dwg\/\",\"url\":\"https:\/\/icadblock.com\/es\/ropa-dwg-en-planta-y-alzado\/bolsa-en-dwg\/\",\"name\":\"Bolsa en DWG, planta y alzado. - iCADBLOCK\",\"isPartOf\":{\"@id\":\"https:\/\/icadblock.com\/es\/#website\"},\"primaryImageOfPage\":{\"@id\":\"https:\/\/icadblock.com\/es\/ropa-dwg-en-planta-y-alzado\/bolsa-en-dwg\/#primaryimage\"},\"image\":{\"@id\":\"https:\/\/icadblock.com\/es\/ropa-dwg-en-planta-y-alzado\/bolsa-en-dwg\/#primaryimage\"},\"thumbnailUrl\":\"https:\/\/icadblock.com\/wp-content\/uploads\/2023\/06\/bags-DWG.webp\",\"datePublished\":\"2023-06-25T15:26:01+00:00\",\"dateModified\":\"2023-12-24T13:01:44+00:00\",\"description\":\"Aqu\u00ed en esta p\u00e1gina hemos proporcionado la bolsa en DWG. Tenemos muchos bolsos en esta p\u00e1gina, como bolsos de mano, carteras, bolsos de lona,\",\"breadcrumb\":{\"@id\":\"https:\/\/icadblock.com\/es\/ropa-dwg-en-planta-y-alzado\/bolsa-en-dwg\/#breadcrumb\"},\"inLanguage\":\"es\",\"potentialAction\":[{\"@type\":\"ReadAction\",\"target\":[\"https:\/\/icadblock.com\/es\/ropa-dwg-en-planta-y-alzado\/bolsa-en-dwg\/\"]}]},{\"@type\":\"ImageObject\",\"inLanguage\":\"es\",\"@id\":\"https:\/\/icadblock.com\/es\/ropa-dwg-en-planta-y-alzado\/bolsa-en-dwg\/#primaryimage\",\"url\":\"https:\/\/icadblock.com\/wp-content\/uploads\/2023\/06\/bags-DWG.webp\",\"contentUrl\":\"https:\/\/icadblock.com\/wp-content\/uploads\/2023\/06\/bags-DWG.webp\",\"width\":1000,\"height\":675,\"caption\":\"Bolsa en DWG\"},{\"@type\":\"BreadcrumbList\",\"@id\":\"https:\/\/icadblock.com\/es\/ropa-dwg-en-planta-y-alzado\/bolsa-en-dwg\/#breadcrumb\",\"itemListElement\":[{\"@type\":\"ListItem\",\"position\":1,\"name\":\"Home\",\"item\":\"https:\/\/icadblock.com\/es\/\"},{\"@type\":\"ListItem\",\"position\":2,\"name\":\"Ropa DWG en planta y alzado.\",\"item\":\"https:\/\/icadblock.com\/es\/ropa-dwg-en-planta-y-alzado\/\"},{\"@type\":\"ListItem\",\"position\":3,\"name\":\"Bolsa en DWG, planta y alzado.\"}]},{\"@type\":\"WebSite\",\"@id\":\"https:\/\/icadblock.com\/es\/#website\",\"url\":\"https:\/\/icadblock.com\/es\/\",\"name\":\"iCADBLOCK\",\"description\":\"CAD Block free download, 2d DWG models in plan\",\"publisher\":{\"@id\":\"https:\/\/icadblock.com\/es\/#organization\"},\"potentialAction\":[{\"@type\":\"SearchAction\",\"target\":{\"@type\":\"EntryPoint\",\"urlTemplate\":\"https:\/\/icadblock.com\/es\/?s={search_term_string}\"},\"query-input\":{\"@type\":\"PropertyValueSpecification\",\"valueRequired\":true,\"valueName\":\"search_term_string\"}}],\"inLanguage\":\"es\"},{\"@type\":\"Organization\",\"@id\":\"https:\/\/icadblock.com\/es\/#organization\",\"name\":\"icadblock\",\"url\":\"https:\/\/icadblock.com\/es\/\",\"logo\":{\"@type\":\"ImageObject\",\"inLanguage\":\"es\",\"@id\":\"https:\/\/icadblock.com\/es\/#\/schema\/logo\/image\/\",\"url\":\"https:\/\/icadblock.com\/wp-content\/uploads\/2022\/02\/LOGO.png\",\"contentUrl\":\"https:\/\/icadblock.com\/wp-content\/uploads\/2022\/02\/LOGO.png\",\"width\":546,\"height\":125,\"caption\":\"icadblock\"},\"image\":{\"@id\":\"https:\/\/icadblock.com\/es\/#\/schema\/logo\/image\/\"}}]}<\/script>\n<!-- \/ Yoast SEO plugin. -->","yoast_head_json":{"title":"Bolsa en DWG, planta y alzado. - iCADBLOCK","description":"Aqu\u00ed en esta p\u00e1gina hemos proporcionado la bolsa en DWG. Tenemos muchos bolsos en esta p\u00e1gina, como bolsos de mano, carteras, bolsos de lona,","robots":{"index":"index","follow":"follow","max-snippet":"max-snippet:-1","max-image-preview":"max-image-preview:large","max-video-preview":"max-video-preview:-1"},"canonical":"https:\/\/icadblock.com\/es\/ropa-dwg-en-planta-y-alzado\/bolsa-en-dwg\/","og_locale":"es_ES","og_type":"article","og_title":"Bolsa en DWG, planta y alzado. - iCADBLOCK","og_description":"Aqu\u00ed en esta p\u00e1gina hemos proporcionado la bolsa en DWG. Tenemos muchos bolsos en esta p\u00e1gina, como bolsos de mano, carteras, bolsos de lona,","og_url":"https:\/\/icadblock.com\/es\/ropa-dwg-en-planta-y-alzado\/bolsa-en-dwg\/","og_site_name":"iCADBLOCK","article_modified_time":"2023-12-24T13:01:44+00:00","og_image":[{"width":1000,"height":675,"url":"https:\/\/icadblock.com\/wp-content\/uploads\/2023\/06\/bags-DWG.webp","type":"image\/webp"}],"twitter_card":"summary_large_image","twitter_misc":{"Tiempo de lectura":"2 minutos"},"schema":{"@context":"https:\/\/schema.org","@graph":[{"@type":"WebPage","@id":"https:\/\/icadblock.com\/es\/ropa-dwg-en-planta-y-alzado\/bolsa-en-dwg\/","url":"https:\/\/icadblock.com\/es\/ropa-dwg-en-planta-y-alzado\/bolsa-en-dwg\/","name":"Bolsa en DWG, planta y alzado. - iCADBLOCK","isPartOf":{"@id":"https:\/\/icadblock.com\/es\/#website"},"primaryImageOfPage":{"@id":"https:\/\/icadblock.com\/es\/ropa-dwg-en-planta-y-alzado\/bolsa-en-dwg\/#primaryimage"},"image":{"@id":"https:\/\/icadblock.com\/es\/ropa-dwg-en-planta-y-alzado\/bolsa-en-dwg\/#primaryimage"},"thumbnailUrl":"https:\/\/icadblock.com\/wp-content\/uploads\/2023\/06\/bags-DWG.webp","datePublished":"2023-06-25T15:26:01+00:00","dateModified":"2023-12-24T13:01:44+00:00","description":"Aqu\u00ed en esta p\u00e1gina hemos proporcionado la bolsa en DWG. Tenemos muchos bolsos en esta p\u00e1gina, como bolsos de mano, carteras, bolsos de lona,","breadcrumb":{"@id":"https:\/\/icadblock.com\/es\/ropa-dwg-en-planta-y-alzado\/bolsa-en-dwg\/#breadcrumb"},"inLanguage":"es","potentialAction":[{"@type":"ReadAction","target":["https:\/\/icadblock.com\/es\/ropa-dwg-en-planta-y-alzado\/bolsa-en-dwg\/"]}]},{"@type":"ImageObject","inLanguage":"es","@id":"https:\/\/icadblock.com\/es\/ropa-dwg-en-planta-y-alzado\/bolsa-en-dwg\/#primaryimage","url":"https:\/\/icadblock.com\/wp-content\/uploads\/2023\/06\/bags-DWG.webp","contentUrl":"https:\/\/icadblock.com\/wp-content\/uploads\/2023\/06\/bags-DWG.webp","width":1000,"height":675,"caption":"Bolsa en DWG"},{"@type":"BreadcrumbList","@id":"https:\/\/icadblock.com\/es\/ropa-dwg-en-planta-y-alzado\/bolsa-en-dwg\/#breadcrumb","itemListElement":[{"@type":"ListItem","position":1,"name":"Home","item":"https:\/\/icadblock.com\/es\/"},{"@type":"ListItem","position":2,"name":"Ropa DWG en planta y alzado.","item":"https:\/\/icadblock.com\/es\/ropa-dwg-en-planta-y-alzado\/"},{"@type":"ListItem","position":3,"name":"Bolsa en DWG, planta y alzado."}]},{"@type":"WebSite","@id":"https:\/\/icadblock.com\/es\/#website","url":"https:\/\/icadblock.com\/es\/","name":"iCADBLOCK","description":"CAD Block free download, 2d DWG models in plan","publisher":{"@id":"https:\/\/icadblock.com\/es\/#organization"},"potentialAction":[{"@type":"SearchAction","target":{"@type":"EntryPoint","urlTemplate":"https:\/\/icadblock.com\/es\/?s={search_term_string}"},"query-input":{"@type":"PropertyValueSpecification","valueRequired":true,"valueName":"search_term_string"}}],"inLanguage":"es"},{"@type":"Organization","@id":"https:\/\/icadblock.com\/es\/#organization","name":"icadblock","url":"https:\/\/icadblock.com\/es\/","logo":{"@type":"ImageObject","inLanguage":"es","@id":"https:\/\/icadblock.com\/es\/#\/schema\/logo\/image\/","url":"https:\/\/icadblock.com\/wp-content\/uploads\/2022\/02\/LOGO.png","contentUrl":"https:\/\/icadblock.com\/wp-content\/uploads\/2022\/02\/LOGO.png","width":546,"height":125,"caption":"icadblock"},"image":{"@id":"https:\/\/icadblock.com\/es\/#\/schema\/logo\/image\/"}}]}},"_links":{"self":[{"href":"https:\/\/icadblock.com\/es\/wp-json\/wp\/v2\/pages\/9548","targetHints":{"allow":["GET"]}}],"collection":[{"href":"https:\/\/icadblock.com\/es\/wp-json\/wp\/v2\/pages"}],"about":[{"href":"https:\/\/icadblock.com\/es\/wp-json\/wp\/v2\/types\/page"}],"author":[{"embeddable":true,"href":"https:\/\/icadblock.com\/es\/wp-json\/wp\/v2\/users\/2"}],"replies":[{"embeddable":true,"href":"https:\/\/icadblock.com\/es\/wp-json\/wp\/v2\/comments?post=9548"}],"version-history":[{"count":5,"href":"https:\/\/icadblock.com\/es\/wp-json\/wp\/v2\/pages\/9548\/revisions"}],"predecessor-version":[{"id":9553,"href":"https:\/\/icadblock.com\/es\/wp-json\/wp\/v2\/pages\/9548\/revisions\/9553"}],"up":[{"embeddable":true,"href":"https:\/\/icadblock.com\/es\/wp-json\/wp\/v2\/pages\/9533"}],"wp:featuredmedia":[{"embeddable":true,"href":"https:\/\/icadblock.com\/es\/wp-json\/wp\/v2\/media\/8340"}],"wp:attachment":[{"href":"https:\/\/icadblock.com\/es\/wp-json\/wp\/v2\/media?parent=9548"}],"curies":[{"name":"wp","href":"https:\/\/api.w.org\/{rel}","templated":true}]}}