{"id":9571,"date":"2023-07-01T11:12:05","date_gmt":"2023-07-01T11:12:05","guid":{"rendered":"https:\/\/icadblock.com\/?page_id=9571"},"modified":"2023-12-25T07:03:37","modified_gmt":"2023-12-25T07:03:37","slug":"ventanas-en-dwg","status":"publish","type":"page","link":"https:\/\/icadblock.com\/es\/ventanas-en-dwg\/","title":{"rendered":"Colecci\u00f3n de ventanas en DWG, descargar"},"content":{"rendered":"\t\t<div data-elementor-type=\"wp-page\" data-elementor-id=\"9571\" class=\"elementor elementor-9571 elementor-5326\" data-elementor-post-type=\"page\">\n\t\t\t\t\t\t<section class=\"elementor-section elementor-top-section elementor-element elementor-element-76cffeba elementor-section-boxed elementor-section-height-default elementor-section-height-default\" data-id=\"76cffeba\" data-element_type=\"section\">\n\t\t\t\t\t\t<div class=\"elementor-container elementor-column-gap-default\">\n\t\t\t\t\t<div class=\"elementor-column elementor-col-50 elementor-top-column elementor-element elementor-element-54b6cb10\" data-id=\"54b6cb10\" data-element_type=\"column\">\n\t\t\t<div class=\"elementor-widget-wrap elementor-element-populated\">\n\t\t\t\t\t\t<div class=\"elementor-element elementor-element-ac1fec7 elementor-widget elementor-widget-text-editor\" data-id=\"ac1fec7\" data-element_type=\"widget\" data-widget_type=\"text-editor.default\">\n\t\t\t\t<div class=\"elementor-widget-container\">\n\t\t\t<style>\/*! elementor - v3.21.0 - 30-04-2024 *\/\n.elementor-widget-text-editor.elementor-drop-cap-view-stacked .elementor-drop-cap{background-color:#69727d;color:#fff}.elementor-widget-text-editor.elementor-drop-cap-view-framed .elementor-drop-cap{color:#69727d;border:3px solid;background-color:transparent}.elementor-widget-text-editor:not(.elementor-drop-cap-view-default) .elementor-drop-cap{margin-top:8px}.elementor-widget-text-editor:not(.elementor-drop-cap-view-default) .elementor-drop-cap-letter{width:1em;height:1em}.elementor-widget-text-editor .elementor-drop-cap{float:left;text-align:center;line-height:1;font-size:50px}.elementor-widget-text-editor .elementor-drop-cap-letter{display:inline-block}<\/style>\t\t\t\t<p>Aqu\u00ed, en esta p\u00e1gina, proporcionaremos la Colecci\u00f3n de <strong>ventanas en DWG<\/strong>.<\/p><p>Hemos intentado ofrecer diferentes tipos de ventanas para diferentes prop\u00f3sitos de dise\u00f1o.<\/p><p>Aqu\u00ed podr\u00e1 encontrar ventanas tradicionales, ventanas de estilo romano, ventanas con contraventanas, ventanas de dise\u00f1o con rejas, etc&#8230;<\/p><p>Mire los siguientes bloques CAD y descargue cada uno que satisfaga sus necesidades.<\/p>\t\t\t\t\t\t<\/div>\n\t\t\t\t<\/div>\n\t\t\t\t<div class=\"elementor-element elementor-element-d81b22b elementor-widget elementor-widget-heading\" data-id=\"d81b22b\" data-element_type=\"widget\" data-widget_type=\"heading.default\">\n\t\t\t\t<div class=\"elementor-widget-container\">\n\t\t\t<style>\/*! elementor - v3.21.0 - 30-04-2024 *\/\n.elementor-heading-title{padding:0;margin:0;line-height:1}.elementor-widget-heading .elementor-heading-title[class*=elementor-size-]>a{color:inherit;font-size:inherit;line-height:inherit}.elementor-widget-heading .elementor-heading-title.elementor-size-small{font-size:15px}.elementor-widget-heading .elementor-heading-title.elementor-size-medium{font-size:19px}.elementor-widget-heading .elementor-heading-title.elementor-size-large{font-size:29px}.elementor-widget-heading .elementor-heading-title.elementor-size-xl{font-size:39px}.elementor-widget-heading .elementor-heading-title.elementor-size-xxl{font-size:59px}<\/style><h2 class=\"elementor-heading-title elementor-size-default\">Ventanas en DWG<\/h2>\t\t<\/div>\n\t\t\t\t<\/div>\n\t\t\t\t<div class=\"elementor-element elementor-element-3eb4508 elementor-widget elementor-widget-text-editor\" data-id=\"3eb4508\" data-element_type=\"widget\" data-widget_type=\"text-editor.default\">\n\t\t\t\t<div class=\"elementor-widget-container\">\n\t\t\t\t\t\t\t<p>Es posible que desee descargar otros bloques CAD relacionados, por ejemplo, puertas. Para hacerlo, puede encontrarlos en la <a href=\"https:\/\/icadblock.com\/es\/puerta-en-dwg-autocad\/\"><em><strong>Puerta en DWG<\/strong><\/em><\/a>.<\/p><p>Tambi\u00e9n puede descargar algunas puertas correderas visitando la p\u00e1gina Colecci\u00f3n de <a href=\"https:\/\/icadblock.com\/es\/puertas-correderas-en-dwg\/\"><em><strong>puertas correderas en DWG<\/strong><\/em><\/a>.<\/p><h3><span style=\"color: #0000ff;\">Notas:<\/span><\/h3><p>Nunca podr\u00e1s imaginar un plano de planta sin ventanas. Aunque los modelos DWG proporcionados en esta p\u00e1gina no se pueden usar como bloque CAD para usar en un plano de planta, ya que los arquitectos usan una l\u00ednea dentro de las paredes (tres l\u00edneas paralelas) para mostrarlas.<\/p><p>Pero tenga en cuenta que necesitar\u00e1 las vistas en alzado de las ventanas, que son los bloques CAD m\u00e1s utilizados.<\/p><p>Puede utilizar un bloque CAD de ventana en vista en alzado para mostrar m\u00e1s detalles sobre la ventana utilizada en el dibujo.<\/p><p>Marque esta p\u00e1gina para futuras actualizaciones y tambi\u00e9n cont\u00e1ctenos para informarnos si necesita otros tipos de ventanas que no puede encontrar en este sitio web.<\/p>\t\t\t\t\t\t<\/div>\n\t\t\t\t<\/div>\n\t\t\t\t\t<\/div>\n\t\t<\/div>\n\t\t\t\t<div class=\"jet-sticky-column-sticky elementor-column elementor-col-50 elementor-top-column elementor-element elementor-element-38806c6\" data-jet-sticky-column-settings=\"{&quot;id&quot;:&quot;38806c6&quot;,&quot;sticky&quot;:true,&quot;topSpacing&quot;:50,&quot;bottomSpacing&quot;:50,&quot;stickyOn&quot;:[&quot;desktop&quot;,&quot;tablet&quot;]}\" data-id=\"38806c6\" data-element_type=\"column\">\n\t\t\t<div class=\"elementor-widget-wrap elementor-element-populated\">\n\t\t\t\t\t\t\t<\/div>\n\t\t<\/div>\n\t\t\t\t\t<\/div>\n\t\t<\/section>\n\t\t\t\t<\/div>\n\t\t","protected":false},"excerpt":{"rendered":"<p>Aqu\u00ed, en esta p\u00e1gina, proporcionaremos la Colecci\u00f3n de ventanas en DWG. Hemos intentado ofrecer diferentes tipos de ventanas para diferentes [&hellip;]<\/p>\n","protected":false},"author":2,"featured_media":8356,"parent":0,"menu_order":0,"comment_status":"closed","ping_status":"closed","template":"","meta":{"site-sidebar-layout":"default","site-content-layout":"","ast-site-content-layout":"","site-content-style":"default","site-sidebar-style":"default","ast-global-header-display":"","ast-banner-title-visibility":"","ast-main-header-display":"","ast-hfb-above-header-display":"","ast-hfb-below-header-display":"","ast-hfb-mobile-header-display":"","site-post-title":"","ast-breadcrumbs-content":"","ast-featured-img":"","footer-sml-layout":"","theme-transparent-header-meta":"","adv-header-id-meta":"","stick-header-meta":"","header-above-stick-meta":"","header-main-stick-meta":"","header-below-stick-meta":"","astra-migrate-meta-layouts":"default","ast-page-background-enabled":"default","ast-page-background-meta":{"desktop":{"background-color":"var(--ast-global-color-4)","background-image":"","background-repeat":"repeat","background-position":"center center","background-size":"auto","background-attachment":"scroll","background-type":"","background-media":"","overlay-type":"","overlay-color":"","overlay-gradient":""},"tablet":{"background-color":"","background-image":"","background-repeat":"repeat","background-position":"center center","background-size":"auto","background-attachment":"scroll","background-type":"","background-media":"","overlay-type":"","overlay-color":"","overlay-gradient":""},"mobile":{"background-color":"","background-image":"","background-repeat":"repeat","background-position":"center center","background-size":"auto","background-attachment":"scroll","background-type":"","background-media":"","overlay-type":"","overlay-color":"","overlay-gradient":""}},"ast-content-background-meta":{"desktop":{"background-color":"var(--ast-global-color-5)","background-image":"","background-repeat":"repeat","background-position":"center center","background-size":"auto","background-attachment":"scroll","background-type":"","background-media":"","overlay-type":"","overlay-color":"","overlay-gradient":""},"tablet":{"background-color":"var(--ast-global-color-5)","background-image":"","background-repeat":"repeat","background-position":"center center","background-size":"auto","background-attachment":"scroll","background-type":"","background-media":"","overlay-type":"","overlay-color":"","overlay-gradient":""},"mobile":{"background-color":"var(--ast-global-color-5)","background-image":"","background-repeat":"repeat","background-position":"center center","background-size":"auto","background-attachment":"scroll","background-type":"","background-media":"","overlay-type":"","overlay-color":"","overlay-gradient":""}},"footnotes":""},"class_list":["post-9571","page","type-page","status-publish","has-post-thumbnail","hentry"],"yoast_head":"<!-- This site is optimized with the Yoast SEO plugin v26.0 - https:\/\/yoast.com\/wordpress\/plugins\/seo\/ -->\n<title>Colecci\u00f3n de ventanas en DWG, descargar - iCADBLOCK<\/title>\n<meta name=\"description\" content=\"Aqu\u00ed, en esta p\u00e1gina, proporcionaremos la Colecci\u00f3n de ventanas en DWG. Hemos intentado ofrecer diferentes tipos de ventanas para diferentes\" \/>\n<meta name=\"robots\" content=\"index, follow, max-snippet:-1, max-image-preview:large, max-video-preview:-1\" \/>\n<link rel=\"canonical\" href=\"https:\/\/icadblock.com\/es\/ventanas-en-dwg\/\" \/>\n<meta property=\"og:locale\" content=\"es_ES\" \/>\n<meta property=\"og:type\" content=\"article\" \/>\n<meta property=\"og:title\" content=\"Colecci\u00f3n de ventanas en DWG, descargar - iCADBLOCK\" \/>\n<meta property=\"og:description\" content=\"Aqu\u00ed, en esta p\u00e1gina, proporcionaremos la Colecci\u00f3n de ventanas en DWG. Hemos intentado ofrecer diferentes tipos de ventanas para diferentes\" \/>\n<meta property=\"og:url\" content=\"https:\/\/icadblock.com\/es\/ventanas-en-dwg\/\" \/>\n<meta property=\"og:site_name\" content=\"iCADBLOCK\" \/>\n<meta property=\"article:modified_time\" content=\"2023-12-25T07:03:37+00:00\" \/>\n<meta property=\"og:image\" content=\"https:\/\/icadblock.com\/wp-content\/uploads\/2023\/07\/window-DWG.webp\" \/>\n\t<meta property=\"og:image:width\" content=\"1000\" \/>\n\t<meta property=\"og:image:height\" content=\"675\" \/>\n\t<meta property=\"og:image:type\" content=\"image\/webp\" \/>\n<meta name=\"twitter:card\" content=\"summary_large_image\" \/>\n<meta name=\"twitter:label1\" content=\"Tiempo de lectura\" \/>\n\t<meta name=\"twitter:data1\" content=\"2 minutos\" \/>\n<script type=\"application\/ld+json\" class=\"yoast-schema-graph\">{\"@context\":\"https:\/\/schema.org\",\"@graph\":[{\"@type\":\"WebPage\",\"@id\":\"https:\/\/icadblock.com\/es\/ventanas-en-dwg\/\",\"url\":\"https:\/\/icadblock.com\/es\/ventanas-en-dwg\/\",\"name\":\"Colecci\u00f3n de ventanas en DWG, descargar - iCADBLOCK\",\"isPartOf\":{\"@id\":\"https:\/\/icadblock.com\/es\/#website\"},\"primaryImageOfPage\":{\"@id\":\"https:\/\/icadblock.com\/es\/ventanas-en-dwg\/#primaryimage\"},\"image\":{\"@id\":\"https:\/\/icadblock.com\/es\/ventanas-en-dwg\/#primaryimage\"},\"thumbnailUrl\":\"https:\/\/icadblock.com\/wp-content\/uploads\/2023\/07\/window-DWG.webp\",\"datePublished\":\"2023-07-01T11:12:05+00:00\",\"dateModified\":\"2023-12-25T07:03:37+00:00\",\"description\":\"Aqu\u00ed, en esta p\u00e1gina, proporcionaremos la Colecci\u00f3n de ventanas en DWG. Hemos intentado ofrecer diferentes tipos de ventanas para diferentes\",\"breadcrumb\":{\"@id\":\"https:\/\/icadblock.com\/es\/ventanas-en-dwg\/#breadcrumb\"},\"inLanguage\":\"es\",\"potentialAction\":[{\"@type\":\"ReadAction\",\"target\":[\"https:\/\/icadblock.com\/es\/ventanas-en-dwg\/\"]}]},{\"@type\":\"ImageObject\",\"inLanguage\":\"es\",\"@id\":\"https:\/\/icadblock.com\/es\/ventanas-en-dwg\/#primaryimage\",\"url\":\"https:\/\/icadblock.com\/wp-content\/uploads\/2023\/07\/window-DWG.webp\",\"contentUrl\":\"https:\/\/icadblock.com\/wp-content\/uploads\/2023\/07\/window-DWG.webp\",\"width\":1000,\"height\":675,\"caption\":\"ventanas en DWG\"},{\"@type\":\"BreadcrumbList\",\"@id\":\"https:\/\/icadblock.com\/es\/ventanas-en-dwg\/#breadcrumb\",\"itemListElement\":[{\"@type\":\"ListItem\",\"position\":1,\"name\":\"Home\",\"item\":\"https:\/\/icadblock.com\/es\/\"},{\"@type\":\"ListItem\",\"position\":2,\"name\":\"Colecci\u00f3n de ventanas en DWG, descargar\"}]},{\"@type\":\"WebSite\",\"@id\":\"https:\/\/icadblock.com\/es\/#website\",\"url\":\"https:\/\/icadblock.com\/es\/\",\"name\":\"iCADBLOCK\",\"description\":\"CAD Block free download, 2d DWG models in plan\",\"publisher\":{\"@id\":\"https:\/\/icadblock.com\/es\/#organization\"},\"potentialAction\":[{\"@type\":\"SearchAction\",\"target\":{\"@type\":\"EntryPoint\",\"urlTemplate\":\"https:\/\/icadblock.com\/es\/?s={search_term_string}\"},\"query-input\":{\"@type\":\"PropertyValueSpecification\",\"valueRequired\":true,\"valueName\":\"search_term_string\"}}],\"inLanguage\":\"es\"},{\"@type\":\"Organization\",\"@id\":\"https:\/\/icadblock.com\/es\/#organization\",\"name\":\"icadblock\",\"url\":\"https:\/\/icadblock.com\/es\/\",\"logo\":{\"@type\":\"ImageObject\",\"inLanguage\":\"es\",\"@id\":\"https:\/\/icadblock.com\/es\/#\/schema\/logo\/image\/\",\"url\":\"https:\/\/icadblock.com\/wp-content\/uploads\/2022\/02\/LOGO.png\",\"contentUrl\":\"https:\/\/icadblock.com\/wp-content\/uploads\/2022\/02\/LOGO.png\",\"width\":546,\"height\":125,\"caption\":\"icadblock\"},\"image\":{\"@id\":\"https:\/\/icadblock.com\/es\/#\/schema\/logo\/image\/\"}}]}<\/script>\n<!-- \/ Yoast SEO plugin. -->","yoast_head_json":{"title":"Colecci\u00f3n de ventanas en DWG, descargar - iCADBLOCK","description":"Aqu\u00ed, en esta p\u00e1gina, proporcionaremos la Colecci\u00f3n de ventanas en DWG. Hemos intentado ofrecer diferentes tipos de ventanas para diferentes","robots":{"index":"index","follow":"follow","max-snippet":"max-snippet:-1","max-image-preview":"max-image-preview:large","max-video-preview":"max-video-preview:-1"},"canonical":"https:\/\/icadblock.com\/es\/ventanas-en-dwg\/","og_locale":"es_ES","og_type":"article","og_title":"Colecci\u00f3n de ventanas en DWG, descargar - iCADBLOCK","og_description":"Aqu\u00ed, en esta p\u00e1gina, proporcionaremos la Colecci\u00f3n de ventanas en DWG. Hemos intentado ofrecer diferentes tipos de ventanas para diferentes","og_url":"https:\/\/icadblock.com\/es\/ventanas-en-dwg\/","og_site_name":"iCADBLOCK","article_modified_time":"2023-12-25T07:03:37+00:00","og_image":[{"width":1000,"height":675,"url":"https:\/\/icadblock.com\/wp-content\/uploads\/2023\/07\/window-DWG.webp","type":"image\/webp"}],"twitter_card":"summary_large_image","twitter_misc":{"Tiempo de lectura":"2 minutos"},"schema":{"@context":"https:\/\/schema.org","@graph":[{"@type":"WebPage","@id":"https:\/\/icadblock.com\/es\/ventanas-en-dwg\/","url":"https:\/\/icadblock.com\/es\/ventanas-en-dwg\/","name":"Colecci\u00f3n de ventanas en DWG, descargar - iCADBLOCK","isPartOf":{"@id":"https:\/\/icadblock.com\/es\/#website"},"primaryImageOfPage":{"@id":"https:\/\/icadblock.com\/es\/ventanas-en-dwg\/#primaryimage"},"image":{"@id":"https:\/\/icadblock.com\/es\/ventanas-en-dwg\/#primaryimage"},"thumbnailUrl":"https:\/\/icadblock.com\/wp-content\/uploads\/2023\/07\/window-DWG.webp","datePublished":"2023-07-01T11:12:05+00:00","dateModified":"2023-12-25T07:03:37+00:00","description":"Aqu\u00ed, en esta p\u00e1gina, proporcionaremos la Colecci\u00f3n de ventanas en DWG. Hemos intentado ofrecer diferentes tipos de ventanas para diferentes","breadcrumb":{"@id":"https:\/\/icadblock.com\/es\/ventanas-en-dwg\/#breadcrumb"},"inLanguage":"es","potentialAction":[{"@type":"ReadAction","target":["https:\/\/icadblock.com\/es\/ventanas-en-dwg\/"]}]},{"@type":"ImageObject","inLanguage":"es","@id":"https:\/\/icadblock.com\/es\/ventanas-en-dwg\/#primaryimage","url":"https:\/\/icadblock.com\/wp-content\/uploads\/2023\/07\/window-DWG.webp","contentUrl":"https:\/\/icadblock.com\/wp-content\/uploads\/2023\/07\/window-DWG.webp","width":1000,"height":675,"caption":"ventanas en DWG"},{"@type":"BreadcrumbList","@id":"https:\/\/icadblock.com\/es\/ventanas-en-dwg\/#breadcrumb","itemListElement":[{"@type":"ListItem","position":1,"name":"Home","item":"https:\/\/icadblock.com\/es\/"},{"@type":"ListItem","position":2,"name":"Colecci\u00f3n de ventanas en DWG, descargar"}]},{"@type":"WebSite","@id":"https:\/\/icadblock.com\/es\/#website","url":"https:\/\/icadblock.com\/es\/","name":"iCADBLOCK","description":"CAD Block free download, 2d DWG models in plan","publisher":{"@id":"https:\/\/icadblock.com\/es\/#organization"},"potentialAction":[{"@type":"SearchAction","target":{"@type":"EntryPoint","urlTemplate":"https:\/\/icadblock.com\/es\/?s={search_term_string}"},"query-input":{"@type":"PropertyValueSpecification","valueRequired":true,"valueName":"search_term_string"}}],"inLanguage":"es"},{"@type":"Organization","@id":"https:\/\/icadblock.com\/es\/#organization","name":"icadblock","url":"https:\/\/icadblock.com\/es\/","logo":{"@type":"ImageObject","inLanguage":"es","@id":"https:\/\/icadblock.com\/es\/#\/schema\/logo\/image\/","url":"https:\/\/icadblock.com\/wp-content\/uploads\/2022\/02\/LOGO.png","contentUrl":"https:\/\/icadblock.com\/wp-content\/uploads\/2022\/02\/LOGO.png","width":546,"height":125,"caption":"icadblock"},"image":{"@id":"https:\/\/icadblock.com\/es\/#\/schema\/logo\/image\/"}}]}},"_links":{"self":[{"href":"https:\/\/icadblock.com\/es\/wp-json\/wp\/v2\/pages\/9571","targetHints":{"allow":["GET"]}}],"collection":[{"href":"https:\/\/icadblock.com\/es\/wp-json\/wp\/v2\/pages"}],"about":[{"href":"https:\/\/icadblock.com\/es\/wp-json\/wp\/v2\/types\/page"}],"author":[{"embeddable":true,"href":"https:\/\/icadblock.com\/es\/wp-json\/wp\/v2\/users\/2"}],"replies":[{"embeddable":true,"href":"https:\/\/icadblock.com\/es\/wp-json\/wp\/v2\/comments?post=9571"}],"version-history":[{"count":6,"href":"https:\/\/icadblock.com\/es\/wp-json\/wp\/v2\/pages\/9571\/revisions"}],"predecessor-version":[{"id":9577,"href":"https:\/\/icadblock.com\/es\/wp-json\/wp\/v2\/pages\/9571\/revisions\/9577"}],"wp:featuredmedia":[{"embeddable":true,"href":"https:\/\/icadblock.com\/es\/wp-json\/wp\/v2\/media\/8356"}],"wp:attachment":[{"href":"https:\/\/icadblock.com\/es\/wp-json\/wp\/v2\/media?parent=9571"}],"curies":[{"name":"wp","href":"https:\/\/api.w.org\/{rel}","templated":true}]}}