{"id":9608,"date":"2023-07-16T10:35:22","date_gmt":"2023-07-16T10:35:22","guid":{"rendered":"https:\/\/icadblock.com\/?page_id=9608"},"modified":"2023-12-25T09:13:17","modified_gmt":"2023-12-25T09:13:17","slug":"cocina-pequena-en-dwg","status":"publish","type":"page","link":"https:\/\/icadblock.com\/es\/cocina-en-dwg\/cocina-pequena-en-dwg\/","title":{"rendered":"Cocina peque\u00f1a en DWG AutoCAD"},"content":{"rendered":"\t\t<div data-elementor-type=\"wp-page\" data-elementor-id=\"9608\" class=\"elementor elementor-9608 elementor-5737\" data-elementor-post-type=\"page\">\n\t\t\t\t\t\t<section class=\"elementor-section elementor-top-section elementor-element elementor-element-3d8a4f72 elementor-section-boxed elementor-section-height-default elementor-section-height-default\" data-id=\"3d8a4f72\" data-element_type=\"section\">\n\t\t\t\t\t\t<div class=\"elementor-container elementor-column-gap-default\">\n\t\t\t\t\t<div class=\"elementor-column elementor-col-50 elementor-top-column elementor-element elementor-element-6b262d09\" data-id=\"6b262d09\" data-element_type=\"column\">\n\t\t\t<div class=\"elementor-widget-wrap elementor-element-populated\">\n\t\t\t\t\t\t<div class=\"elementor-element elementor-element-394d36ba elementor-widget elementor-widget-text-editor\" data-id=\"394d36ba\" data-element_type=\"widget\" data-widget_type=\"text-editor.default\">\n\t\t\t\t<div class=\"elementor-widget-container\">\n\t\t\t<style>\/*! elementor - v3.21.0 - 30-04-2024 *\/\n.elementor-widget-text-editor.elementor-drop-cap-view-stacked .elementor-drop-cap{background-color:#69727d;color:#fff}.elementor-widget-text-editor.elementor-drop-cap-view-framed .elementor-drop-cap{color:#69727d;border:3px solid;background-color:transparent}.elementor-widget-text-editor:not(.elementor-drop-cap-view-default) .elementor-drop-cap{margin-top:8px}.elementor-widget-text-editor:not(.elementor-drop-cap-view-default) .elementor-drop-cap-letter{width:1em;height:1em}.elementor-widget-text-editor .elementor-drop-cap{float:left;text-align:center;line-height:1;font-size:50px}.elementor-widget-text-editor .elementor-drop-cap-letter{display:inline-block}<\/style>\t\t\t\t<p>Aqu\u00ed, en esta p\u00e1gina, proporcionaremos la colecci\u00f3n de bloques CAD de <strong>Cocina peque\u00f1a en DWG<\/strong>.<\/p><p>La mayor\u00eda de estos modelos DWG se dibujan en vistas en planta y en alzado.<\/p><p>Hoy en d\u00eda, considerando el hecho importante de que los espacios van a ser m\u00e1s peque\u00f1os, el bloque CAD de cocina es uno de los modelos DWG m\u00e1s utilizados cuando se trata de dibujar una casa.<\/p><p>En esta colecci\u00f3n puedes encontrar diferentes dise\u00f1os de cocina americana en vistas superior, frontal y lateral.<\/p><p>Mire los siguientes modelos 2D y elija el que se adapte a sus necesidades.<\/p>\t\t\t\t\t\t<\/div>\n\t\t\t\t<\/div>\n\t\t\t\t<div class=\"elementor-element elementor-element-02526d0 elementor-widget elementor-widget-heading\" data-id=\"02526d0\" data-element_type=\"widget\" data-widget_type=\"heading.default\">\n\t\t\t\t<div class=\"elementor-widget-container\">\n\t\t\t<style>\/*! elementor - v3.21.0 - 30-04-2024 *\/\n.elementor-heading-title{padding:0;margin:0;line-height:1}.elementor-widget-heading .elementor-heading-title[class*=elementor-size-]>a{color:inherit;font-size:inherit;line-height:inherit}.elementor-widget-heading .elementor-heading-title.elementor-size-small{font-size:15px}.elementor-widget-heading .elementor-heading-title.elementor-size-medium{font-size:19px}.elementor-widget-heading .elementor-heading-title.elementor-size-large{font-size:29px}.elementor-widget-heading .elementor-heading-title.elementor-size-xl{font-size:39px}.elementor-widget-heading .elementor-heading-title.elementor-size-xxl{font-size:59px}<\/style><h2 class=\"elementor-heading-title elementor-size-default\">Cocina peque\u00f1a en DWG <\/h2>\t\t<\/div>\n\t\t\t\t<\/div>\n\t\t\t\t<div class=\"elementor-element elementor-element-2cec29c elementor-widget elementor-widget-text-editor\" data-id=\"2cec29c\" data-element_type=\"widget\" data-widget_type=\"text-editor.default\">\n\t\t\t\t<div class=\"elementor-widget-container\">\n\t\t\t\t\t\t\t<p>Se proporcionan los siguientes enlaces para descargar m\u00e1s bloques CAD relacionados:<\/p><p>Puede descargar electrodom\u00e9sticos de cocina desde la p\u00e1gina <a href=\"https:\/\/icadblock.com\/es\/cocina-en-dwg\/electrodomesticos-de-cocina-en-dwg\/\"><em><strong>Electrodom\u00e9sticos de cocina en DWG<\/strong><\/em><\/a>.<\/p><p>Las mesas de comedor tambi\u00e9n est\u00e1n disponibles en la colecci\u00f3n <a href=\"https:\/\/icadblock.com\/es\/coleccion-muebles-dwg-autocad\/tabla-en-dwg-autocad\/mesa-de-comedor-dwg\/\"><em><strong>Mesa de Comedor DWG<\/strong><\/em><\/a>.<\/p><h3><span style=\"color: #0000ff;\">Notas:<\/span><\/h3><p>La Cocina peque\u00f1a americana es una peque\u00f1a cocina y \u00e1rea para cocinar.<\/p><p>Puedes encontrar los electrodom\u00e9sticos principales en una peque\u00f1a cocina. Una peque\u00f1a cocina suele incluir un frigor\u00edfico y un microondas.<\/p><p>En algunos casos tambi\u00e9n podr\u00e1s encontrar un fregadero y un horno.<\/p><p>Como este tipo de cocina es peque\u00f1a, tendr\u00e1s menos espacio de almacenamiento.<\/p><p>Si est\u00e1 dise\u00f1ando un \u00e1rea peque\u00f1a como un motel, habitaciones de hotel, dormitorios o edificios de oficinas, definitivamente necesitar\u00e1 uno de estos modelos de cocina.<\/p><p>En la mayor\u00eda de dise\u00f1os la disposici\u00f3n de los electrodom\u00e9sticos es similar.<\/p><p>Es posible que desees colocar m\u00e1s electrodom\u00e9sticos en una cocina en forma de L.<\/p>\t\t\t\t\t\t<\/div>\n\t\t\t\t<\/div>\n\t\t\t\t\t<\/div>\n\t\t<\/div>\n\t\t\t\t<div class=\"jet-sticky-column-sticky elementor-column elementor-col-50 elementor-top-column elementor-element elementor-element-788ab10\" data-jet-sticky-column-settings=\"{&quot;id&quot;:&quot;788ab10&quot;,&quot;sticky&quot;:true,&quot;topSpacing&quot;:50,&quot;bottomSpacing&quot;:50,&quot;stickyOn&quot;:[&quot;desktop&quot;,&quot;tablet&quot;]}\" data-id=\"788ab10\" data-element_type=\"column\">\n\t\t\t<div class=\"elementor-widget-wrap elementor-element-populated\">\n\t\t\t\t\t\t\t<\/div>\n\t\t<\/div>\n\t\t\t\t\t<\/div>\n\t\t<\/section>\n\t\t\t\t<\/div>\n\t\t","protected":false},"excerpt":{"rendered":"<p>Aqu\u00ed, en esta p\u00e1gina, proporcionaremos la colecci\u00f3n de bloques CAD de Cocina peque\u00f1a en DWG. La mayor\u00eda de estos modelos [&hellip;]<\/p>\n","protected":false},"author":2,"featured_media":8425,"parent":9237,"menu_order":0,"comment_status":"closed","ping_status":"closed","template":"","meta":{"site-sidebar-layout":"default","site-content-layout":"","ast-site-content-layout":"","site-content-style":"default","site-sidebar-style":"default","ast-global-header-display":"","ast-banner-title-visibility":"","ast-main-header-display":"","ast-hfb-above-header-display":"","ast-hfb-below-header-display":"","ast-hfb-mobile-header-display":"","site-post-title":"","ast-breadcrumbs-content":"","ast-featured-img":"","footer-sml-layout":"","theme-transparent-header-meta":"","adv-header-id-meta":"","stick-header-meta":"","header-above-stick-meta":"","header-main-stick-meta":"","header-below-stick-meta":"","astra-migrate-meta-layouts":"default","ast-page-background-enabled":"default","ast-page-background-meta":{"desktop":{"background-color":"var(--ast-global-color-4)","background-image":"","background-repeat":"repeat","background-position":"center center","background-size":"auto","background-attachment":"scroll","background-type":"","background-media":"","overlay-type":"","overlay-color":"","overlay-gradient":""},"tablet":{"background-color":"","background-image":"","background-repeat":"repeat","background-position":"center center","background-size":"auto","background-attachment":"scroll","background-type":"","background-media":"","overlay-type":"","overlay-color":"","overlay-gradient":""},"mobile":{"background-color":"","background-image":"","background-repeat":"repeat","background-position":"center center","background-size":"auto","background-attachment":"scroll","background-type":"","background-media":"","overlay-type":"","overlay-color":"","overlay-gradient":""}},"ast-content-background-meta":{"desktop":{"background-color":"var(--ast-global-color-5)","background-image":"","background-repeat":"repeat","background-position":"center center","background-size":"auto","background-attachment":"scroll","background-type":"","background-media":"","overlay-type":"","overlay-color":"","overlay-gradient":""},"tablet":{"background-color":"var(--ast-global-color-5)","background-image":"","background-repeat":"repeat","background-position":"center center","background-size":"auto","background-attachment":"scroll","background-type":"","background-media":"","overlay-type":"","overlay-color":"","overlay-gradient":""},"mobile":{"background-color":"var(--ast-global-color-5)","background-image":"","background-repeat":"repeat","background-position":"center center","background-size":"auto","background-attachment":"scroll","background-type":"","background-media":"","overlay-type":"","overlay-color":"","overlay-gradient":""}},"footnotes":""},"class_list":["post-9608","page","type-page","status-publish","has-post-thumbnail","hentry"],"yoast_head":"<!-- This site is optimized with the Yoast SEO plugin v26.0 - https:\/\/yoast.com\/wordpress\/plugins\/seo\/ -->\n<title>Cocina peque\u00f1a en DWG AutoCAD - iCADBLOCK<\/title>\n<meta name=\"description\" content=\"Aqu\u00ed, en esta p\u00e1gina, proporcionaremos la colecci\u00f3n de bloques CAD de Cocina peque\u00f1a en DWG. La mayor\u00eda de estos modelos DWG se dibujan\" \/>\n<meta name=\"robots\" content=\"index, follow, max-snippet:-1, max-image-preview:large, max-video-preview:-1\" \/>\n<link rel=\"canonical\" href=\"https:\/\/icadblock.com\/es\/cocina-en-dwg\/cocina-pequena-en-dwg\/\" \/>\n<meta property=\"og:locale\" content=\"es_ES\" \/>\n<meta property=\"og:type\" content=\"article\" \/>\n<meta property=\"og:title\" content=\"Cocina peque\u00f1a en DWG AutoCAD - iCADBLOCK\" \/>\n<meta property=\"og:description\" content=\"Aqu\u00ed, en esta p\u00e1gina, proporcionaremos la colecci\u00f3n de bloques CAD de Cocina peque\u00f1a en DWG. La mayor\u00eda de estos modelos DWG se dibujan\" \/>\n<meta property=\"og:url\" content=\"https:\/\/icadblock.com\/es\/cocina-en-dwg\/cocina-pequena-en-dwg\/\" \/>\n<meta property=\"og:site_name\" content=\"iCADBLOCK\" \/>\n<meta property=\"article:modified_time\" content=\"2023-12-25T09:13:17+00:00\" \/>\n<meta property=\"og:image\" content=\"https:\/\/icadblock.com\/wp-content\/uploads\/2023\/07\/kitchenette-AutoCAD.webp\" \/>\n\t<meta property=\"og:image:width\" content=\"1000\" \/>\n\t<meta property=\"og:image:height\" content=\"675\" \/>\n\t<meta property=\"og:image:type\" content=\"image\/webp\" \/>\n<meta name=\"twitter:card\" content=\"summary_large_image\" \/>\n<meta name=\"twitter:label1\" content=\"Tiempo de lectura\" \/>\n\t<meta name=\"twitter:data1\" content=\"2 minutos\" \/>\n<script type=\"application\/ld+json\" class=\"yoast-schema-graph\">{\"@context\":\"https:\/\/schema.org\",\"@graph\":[{\"@type\":\"WebPage\",\"@id\":\"https:\/\/icadblock.com\/es\/cocina-en-dwg\/cocina-pequena-en-dwg\/\",\"url\":\"https:\/\/icadblock.com\/es\/cocina-en-dwg\/cocina-pequena-en-dwg\/\",\"name\":\"Cocina peque\u00f1a en DWG AutoCAD - iCADBLOCK\",\"isPartOf\":{\"@id\":\"https:\/\/icadblock.com\/es\/#website\"},\"primaryImageOfPage\":{\"@id\":\"https:\/\/icadblock.com\/es\/cocina-en-dwg\/cocina-pequena-en-dwg\/#primaryimage\"},\"image\":{\"@id\":\"https:\/\/icadblock.com\/es\/cocina-en-dwg\/cocina-pequena-en-dwg\/#primaryimage\"},\"thumbnailUrl\":\"https:\/\/icadblock.com\/wp-content\/uploads\/2023\/07\/kitchenette-AutoCAD.webp\",\"datePublished\":\"2023-07-16T10:35:22+00:00\",\"dateModified\":\"2023-12-25T09:13:17+00:00\",\"description\":\"Aqu\u00ed, en esta p\u00e1gina, proporcionaremos la colecci\u00f3n de bloques CAD de Cocina peque\u00f1a en DWG. La mayor\u00eda de estos modelos DWG se dibujan\",\"breadcrumb\":{\"@id\":\"https:\/\/icadblock.com\/es\/cocina-en-dwg\/cocina-pequena-en-dwg\/#breadcrumb\"},\"inLanguage\":\"es\",\"potentialAction\":[{\"@type\":\"ReadAction\",\"target\":[\"https:\/\/icadblock.com\/es\/cocina-en-dwg\/cocina-pequena-en-dwg\/\"]}]},{\"@type\":\"ImageObject\",\"inLanguage\":\"es\",\"@id\":\"https:\/\/icadblock.com\/es\/cocina-en-dwg\/cocina-pequena-en-dwg\/#primaryimage\",\"url\":\"https:\/\/icadblock.com\/wp-content\/uploads\/2023\/07\/kitchenette-AutoCAD.webp\",\"contentUrl\":\"https:\/\/icadblock.com\/wp-content\/uploads\/2023\/07\/kitchenette-AutoCAD.webp\",\"width\":1000,\"height\":675,\"caption\":\"Cocina peque\u00f1a en DWG\"},{\"@type\":\"BreadcrumbList\",\"@id\":\"https:\/\/icadblock.com\/es\/cocina-en-dwg\/cocina-pequena-en-dwg\/#breadcrumb\",\"itemListElement\":[{\"@type\":\"ListItem\",\"position\":1,\"name\":\"Home\",\"item\":\"https:\/\/icadblock.com\/es\/\"},{\"@type\":\"ListItem\",\"position\":2,\"name\":\"Cocina en DWG, colecci\u00f3n completa.\",\"item\":\"https:\/\/icadblock.com\/es\/cocina-en-dwg\/\"},{\"@type\":\"ListItem\",\"position\":3,\"name\":\"Cocina peque\u00f1a en DWG AutoCAD\"}]},{\"@type\":\"WebSite\",\"@id\":\"https:\/\/icadblock.com\/es\/#website\",\"url\":\"https:\/\/icadblock.com\/es\/\",\"name\":\"iCADBLOCK\",\"description\":\"CAD Block free download, 2d DWG models in plan\",\"publisher\":{\"@id\":\"https:\/\/icadblock.com\/es\/#organization\"},\"potentialAction\":[{\"@type\":\"SearchAction\",\"target\":{\"@type\":\"EntryPoint\",\"urlTemplate\":\"https:\/\/icadblock.com\/es\/?s={search_term_string}\"},\"query-input\":{\"@type\":\"PropertyValueSpecification\",\"valueRequired\":true,\"valueName\":\"search_term_string\"}}],\"inLanguage\":\"es\"},{\"@type\":\"Organization\",\"@id\":\"https:\/\/icadblock.com\/es\/#organization\",\"name\":\"icadblock\",\"url\":\"https:\/\/icadblock.com\/es\/\",\"logo\":{\"@type\":\"ImageObject\",\"inLanguage\":\"es\",\"@id\":\"https:\/\/icadblock.com\/es\/#\/schema\/logo\/image\/\",\"url\":\"https:\/\/icadblock.com\/wp-content\/uploads\/2022\/02\/LOGO.png\",\"contentUrl\":\"https:\/\/icadblock.com\/wp-content\/uploads\/2022\/02\/LOGO.png\",\"width\":546,\"height\":125,\"caption\":\"icadblock\"},\"image\":{\"@id\":\"https:\/\/icadblock.com\/es\/#\/schema\/logo\/image\/\"}}]}<\/script>\n<!-- \/ Yoast SEO plugin. -->","yoast_head_json":{"title":"Cocina peque\u00f1a en DWG AutoCAD - iCADBLOCK","description":"Aqu\u00ed, en esta p\u00e1gina, proporcionaremos la colecci\u00f3n de bloques CAD de Cocina peque\u00f1a en DWG. La mayor\u00eda de estos modelos DWG se dibujan","robots":{"index":"index","follow":"follow","max-snippet":"max-snippet:-1","max-image-preview":"max-image-preview:large","max-video-preview":"max-video-preview:-1"},"canonical":"https:\/\/icadblock.com\/es\/cocina-en-dwg\/cocina-pequena-en-dwg\/","og_locale":"es_ES","og_type":"article","og_title":"Cocina peque\u00f1a en DWG AutoCAD - iCADBLOCK","og_description":"Aqu\u00ed, en esta p\u00e1gina, proporcionaremos la colecci\u00f3n de bloques CAD de Cocina peque\u00f1a en DWG. La mayor\u00eda de estos modelos DWG se dibujan","og_url":"https:\/\/icadblock.com\/es\/cocina-en-dwg\/cocina-pequena-en-dwg\/","og_site_name":"iCADBLOCK","article_modified_time":"2023-12-25T09:13:17+00:00","og_image":[{"width":1000,"height":675,"url":"https:\/\/icadblock.com\/wp-content\/uploads\/2023\/07\/kitchenette-AutoCAD.webp","type":"image\/webp"}],"twitter_card":"summary_large_image","twitter_misc":{"Tiempo de lectura":"2 minutos"},"schema":{"@context":"https:\/\/schema.org","@graph":[{"@type":"WebPage","@id":"https:\/\/icadblock.com\/es\/cocina-en-dwg\/cocina-pequena-en-dwg\/","url":"https:\/\/icadblock.com\/es\/cocina-en-dwg\/cocina-pequena-en-dwg\/","name":"Cocina peque\u00f1a en DWG AutoCAD - iCADBLOCK","isPartOf":{"@id":"https:\/\/icadblock.com\/es\/#website"},"primaryImageOfPage":{"@id":"https:\/\/icadblock.com\/es\/cocina-en-dwg\/cocina-pequena-en-dwg\/#primaryimage"},"image":{"@id":"https:\/\/icadblock.com\/es\/cocina-en-dwg\/cocina-pequena-en-dwg\/#primaryimage"},"thumbnailUrl":"https:\/\/icadblock.com\/wp-content\/uploads\/2023\/07\/kitchenette-AutoCAD.webp","datePublished":"2023-07-16T10:35:22+00:00","dateModified":"2023-12-25T09:13:17+00:00","description":"Aqu\u00ed, en esta p\u00e1gina, proporcionaremos la colecci\u00f3n de bloques CAD de Cocina peque\u00f1a en DWG. La mayor\u00eda de estos modelos DWG se dibujan","breadcrumb":{"@id":"https:\/\/icadblock.com\/es\/cocina-en-dwg\/cocina-pequena-en-dwg\/#breadcrumb"},"inLanguage":"es","potentialAction":[{"@type":"ReadAction","target":["https:\/\/icadblock.com\/es\/cocina-en-dwg\/cocina-pequena-en-dwg\/"]}]},{"@type":"ImageObject","inLanguage":"es","@id":"https:\/\/icadblock.com\/es\/cocina-en-dwg\/cocina-pequena-en-dwg\/#primaryimage","url":"https:\/\/icadblock.com\/wp-content\/uploads\/2023\/07\/kitchenette-AutoCAD.webp","contentUrl":"https:\/\/icadblock.com\/wp-content\/uploads\/2023\/07\/kitchenette-AutoCAD.webp","width":1000,"height":675,"caption":"Cocina peque\u00f1a en DWG"},{"@type":"BreadcrumbList","@id":"https:\/\/icadblock.com\/es\/cocina-en-dwg\/cocina-pequena-en-dwg\/#breadcrumb","itemListElement":[{"@type":"ListItem","position":1,"name":"Home","item":"https:\/\/icadblock.com\/es\/"},{"@type":"ListItem","position":2,"name":"Cocina en DWG, colecci\u00f3n completa.","item":"https:\/\/icadblock.com\/es\/cocina-en-dwg\/"},{"@type":"ListItem","position":3,"name":"Cocina peque\u00f1a en DWG AutoCAD"}]},{"@type":"WebSite","@id":"https:\/\/icadblock.com\/es\/#website","url":"https:\/\/icadblock.com\/es\/","name":"iCADBLOCK","description":"CAD Block free download, 2d DWG models in plan","publisher":{"@id":"https:\/\/icadblock.com\/es\/#organization"},"potentialAction":[{"@type":"SearchAction","target":{"@type":"EntryPoint","urlTemplate":"https:\/\/icadblock.com\/es\/?s={search_term_string}"},"query-input":{"@type":"PropertyValueSpecification","valueRequired":true,"valueName":"search_term_string"}}],"inLanguage":"es"},{"@type":"Organization","@id":"https:\/\/icadblock.com\/es\/#organization","name":"icadblock","url":"https:\/\/icadblock.com\/es\/","logo":{"@type":"ImageObject","inLanguage":"es","@id":"https:\/\/icadblock.com\/es\/#\/schema\/logo\/image\/","url":"https:\/\/icadblock.com\/wp-content\/uploads\/2022\/02\/LOGO.png","contentUrl":"https:\/\/icadblock.com\/wp-content\/uploads\/2022\/02\/LOGO.png","width":546,"height":125,"caption":"icadblock"},"image":{"@id":"https:\/\/icadblock.com\/es\/#\/schema\/logo\/image\/"}}]}},"_links":{"self":[{"href":"https:\/\/icadblock.com\/es\/wp-json\/wp\/v2\/pages\/9608","targetHints":{"allow":["GET"]}}],"collection":[{"href":"https:\/\/icadblock.com\/es\/wp-json\/wp\/v2\/pages"}],"about":[{"href":"https:\/\/icadblock.com\/es\/wp-json\/wp\/v2\/types\/page"}],"author":[{"embeddable":true,"href":"https:\/\/icadblock.com\/es\/wp-json\/wp\/v2\/users\/2"}],"replies":[{"embeddable":true,"href":"https:\/\/icadblock.com\/es\/wp-json\/wp\/v2\/comments?post=9608"}],"version-history":[{"count":4,"href":"https:\/\/icadblock.com\/es\/wp-json\/wp\/v2\/pages\/9608\/revisions"}],"predecessor-version":[{"id":9612,"href":"https:\/\/icadblock.com\/es\/wp-json\/wp\/v2\/pages\/9608\/revisions\/9612"}],"up":[{"embeddable":true,"href":"https:\/\/icadblock.com\/es\/wp-json\/wp\/v2\/pages\/9237"}],"wp:featuredmedia":[{"embeddable":true,"href":"https:\/\/icadblock.com\/es\/wp-json\/wp\/v2\/media\/8425"}],"wp:attachment":[{"href":"https:\/\/icadblock.com\/es\/wp-json\/wp\/v2\/media?parent=9608"}],"curies":[{"name":"wp","href":"https:\/\/api.w.org\/{rel}","templated":true}]}}