{"id":9613,"date":"2023-07-16T12:42:31","date_gmt":"2023-07-16T12:42:31","guid":{"rendered":"https:\/\/icadblock.com\/?page_id=9613"},"modified":"2023-12-25T13:40:42","modified_gmt":"2023-12-25T13:40:42","slug":"bloques-cad-tv-dwg","status":"publish","type":"page","link":"https:\/\/icadblock.com\/es\/bloques-cad-tv-dwg\/","title":{"rendered":"Bloques cad TV DWG en planta y alzado."},"content":{"rendered":"\t\t<div data-elementor-type=\"wp-page\" data-elementor-id=\"9613\" class=\"elementor elementor-9613 elementor-5746\" data-elementor-post-type=\"page\">\n\t\t\t\t\t\t<section class=\"elementor-section elementor-top-section elementor-element elementor-element-3faa4a20 elementor-section-boxed elementor-section-height-default elementor-section-height-default\" data-id=\"3faa4a20\" data-element_type=\"section\">\n\t\t\t\t\t\t<div class=\"elementor-container elementor-column-gap-default\">\n\t\t\t\t\t<div class=\"elementor-column elementor-col-50 elementor-top-column elementor-element elementor-element-5d5abce6\" data-id=\"5d5abce6\" data-element_type=\"column\">\n\t\t\t<div class=\"elementor-widget-wrap elementor-element-populated\">\n\t\t\t\t\t\t<div class=\"elementor-element elementor-element-7baa987 elementor-widget elementor-widget-text-editor\" data-id=\"7baa987\" data-element_type=\"widget\" data-widget_type=\"text-editor.default\">\n\t\t\t\t<div class=\"elementor-widget-container\">\n\t\t\t<style>\/*! elementor - v3.21.0 - 30-04-2024 *\/\n.elementor-widget-text-editor.elementor-drop-cap-view-stacked .elementor-drop-cap{background-color:#69727d;color:#fff}.elementor-widget-text-editor.elementor-drop-cap-view-framed .elementor-drop-cap{color:#69727d;border:3px solid;background-color:transparent}.elementor-widget-text-editor:not(.elementor-drop-cap-view-default) .elementor-drop-cap{margin-top:8px}.elementor-widget-text-editor:not(.elementor-drop-cap-view-default) .elementor-drop-cap-letter{width:1em;height:1em}.elementor-widget-text-editor .elementor-drop-cap{float:left;text-align:center;line-height:1;font-size:50px}.elementor-widget-text-editor .elementor-drop-cap-letter{display:inline-block}<\/style>\t\t\t\t<p>Aqu\u00ed, en esta p\u00e1gina, proporcionamos la colecci\u00f3n de bloques CAD de TV en planta y alzado.<\/p><p>Tenemos muchos modelos de TV DWG que puedes descargar y usar en tus proyectos CAD.<\/p><p>Los arquitectos que dibujan un plano de planta pueden utilizar estos modelos 2D en sus dibujos.<\/p><p>Tambi\u00e9n puede utilizar estos modelos DWG para crear un modelo 3D del televisor.<\/p><p>Mire los bloques CAD a continuaci\u00f3n y descargue cualquier archivo que se acerque a sus pensamientos e ideas.<\/p>\t\t\t\t\t\t<\/div>\n\t\t\t\t<\/div>\n\t\t\t\t<div class=\"elementor-element elementor-element-5b6b83b elementor-widget elementor-widget-heading\" data-id=\"5b6b83b\" data-element_type=\"widget\" data-widget_type=\"heading.default\">\n\t\t\t\t<div class=\"elementor-widget-container\">\n\t\t\t<style>\/*! elementor - v3.21.0 - 30-04-2024 *\/\n.elementor-heading-title{padding:0;margin:0;line-height:1}.elementor-widget-heading .elementor-heading-title[class*=elementor-size-]>a{color:inherit;font-size:inherit;line-height:inherit}.elementor-widget-heading .elementor-heading-title.elementor-size-small{font-size:15px}.elementor-widget-heading .elementor-heading-title.elementor-size-medium{font-size:19px}.elementor-widget-heading .elementor-heading-title.elementor-size-large{font-size:29px}.elementor-widget-heading .elementor-heading-title.elementor-size-xl{font-size:39px}.elementor-widget-heading .elementor-heading-title.elementor-size-xxl{font-size:59px}<\/style><h2 class=\"elementor-heading-title elementor-size-default\">Bloques cad TV DWG<\/h2>\t\t<\/div>\n\t\t\t\t<\/div>\n\t\t\t\t<div class=\"elementor-element elementor-element-4a5ffd6 elementor-widget elementor-widget-text-editor\" data-id=\"4a5ffd6\" data-element_type=\"widget\" data-widget_type=\"text-editor.default\">\n\t\t\t\t<div class=\"elementor-widget-container\">\n\t\t\t\t\t\t\t<p>Tambi\u00e9n puede descargar otros bloques CAD relacionados, como: <a href=\"https:\/\/icadblock.com\/es\/coleccion-muebles-dwg-autocad\/mueble-para-tv-en-dwg\/\"><em><strong>Mueble para TV en Dwg<\/strong><\/em><\/a>.<\/p><p>Es posible que tambi\u00e9n necesites descargar otros <a href=\"https:\/\/icadblock.com\/es\/coleccion-muebles-dwg-autocad\/\"><em><strong>Colecci\u00f3n de muebles DWG<\/strong><\/em><\/a>.<\/p><h3 class=\"LC20lb MBeuO DKV0Md\"><span style=\"color: #3366ff;\">\u00bfD\u00f3nde colocar un televisor?<\/span><\/h3><p>La televisi\u00f3n es un sistema electr\u00f3nico que se utiliza en la mayor\u00eda de los lugares.<\/p><p>Nunca puedes imaginar una casa sin un televisor.<\/p><p>Teniendo en cuenta la importancia de este sistema electr\u00f3nico, los arquitectos utilizan un modelo TV DWG en sus dibujos para dar una mejor comprensi\u00f3n del espacio.<\/p><p>Si eres arquitecto y quieres saber d\u00f3nde colocar este bloque CAD en tu dibujo, debemos decirte que la direcci\u00f3n sureste en el sal\u00f3n puede ser una gran idea.<\/p><p>Adem\u00e1s, en el dormitorio se prefiere la esquina sureste.<\/p>\t\t\t\t\t\t<\/div>\n\t\t\t\t<\/div>\n\t\t\t\t\t<\/div>\n\t\t<\/div>\n\t\t\t\t<div class=\"jet-sticky-column-sticky elementor-column elementor-col-50 elementor-top-column elementor-element elementor-element-a60a7d7\" data-jet-sticky-column-settings=\"{&quot;id&quot;:&quot;a60a7d7&quot;,&quot;sticky&quot;:true,&quot;topSpacing&quot;:50,&quot;bottomSpacing&quot;:50,&quot;stickyOn&quot;:[&quot;desktop&quot;,&quot;tablet&quot;]}\" data-id=\"a60a7d7\" data-element_type=\"column\">\n\t\t\t<div class=\"elementor-widget-wrap elementor-element-populated\">\n\t\t\t\t\t\t\t<\/div>\n\t\t<\/div>\n\t\t\t\t\t<\/div>\n\t\t<\/section>\n\t\t\t\t<\/div>\n\t\t","protected":false},"excerpt":{"rendered":"<p>Aqu\u00ed, en esta p\u00e1gina, proporcionamos la colecci\u00f3n de bloques CAD de TV en planta y alzado. Tenemos muchos modelos de [&hellip;]<\/p>\n","protected":false},"author":2,"featured_media":8428,"parent":0,"menu_order":0,"comment_status":"closed","ping_status":"closed","template":"","meta":{"site-sidebar-layout":"default","site-content-layout":"","ast-site-content-layout":"","site-content-style":"default","site-sidebar-style":"default","ast-global-header-display":"","ast-banner-title-visibility":"","ast-main-header-display":"","ast-hfb-above-header-display":"","ast-hfb-below-header-display":"","ast-hfb-mobile-header-display":"","site-post-title":"","ast-breadcrumbs-content":"","ast-featured-img":"","footer-sml-layout":"","theme-transparent-header-meta":"","adv-header-id-meta":"","stick-header-meta":"","header-above-stick-meta":"","header-main-stick-meta":"","header-below-stick-meta":"","astra-migrate-meta-layouts":"default","ast-page-background-enabled":"default","ast-page-background-meta":{"desktop":{"background-color":"var(--ast-global-color-4)","background-image":"","background-repeat":"repeat","background-position":"center center","background-size":"auto","background-attachment":"scroll","background-type":"","background-media":"","overlay-type":"","overlay-color":"","overlay-gradient":""},"tablet":{"background-color":"","background-image":"","background-repeat":"repeat","background-position":"center center","background-size":"auto","background-attachment":"scroll","background-type":"","background-media":"","overlay-type":"","overlay-color":"","overlay-gradient":""},"mobile":{"background-color":"","background-image":"","background-repeat":"repeat","background-position":"center center","background-size":"auto","background-attachment":"scroll","background-type":"","background-media":"","overlay-type":"","overlay-color":"","overlay-gradient":""}},"ast-content-background-meta":{"desktop":{"background-color":"var(--ast-global-color-5)","background-image":"","background-repeat":"repeat","background-position":"center center","background-size":"auto","background-attachment":"scroll","background-type":"","background-media":"","overlay-type":"","overlay-color":"","overlay-gradient":""},"tablet":{"background-color":"var(--ast-global-color-5)","background-image":"","background-repeat":"repeat","background-position":"center center","background-size":"auto","background-attachment":"scroll","background-type":"","background-media":"","overlay-type":"","overlay-color":"","overlay-gradient":""},"mobile":{"background-color":"var(--ast-global-color-5)","background-image":"","background-repeat":"repeat","background-position":"center center","background-size":"auto","background-attachment":"scroll","background-type":"","background-media":"","overlay-type":"","overlay-color":"","overlay-gradient":""}},"footnotes":""},"class_list":["post-9613","page","type-page","status-publish","has-post-thumbnail","hentry"],"yoast_head":"<!-- This site is optimized with the Yoast SEO plugin v26.0 - https:\/\/yoast.com\/wordpress\/plugins\/seo\/ -->\n<title>Bloques cad TV DWG en planta y alzado. - iCADBLOCK<\/title>\n<meta name=\"description\" content=\"Aqu\u00ed, en esta p\u00e1gina, proporcionamos la colecci\u00f3n de bloques CAD de TV en planta y alzado. Tenemos muchos modelos de TV DWG que\" \/>\n<meta name=\"robots\" content=\"index, follow, max-snippet:-1, max-image-preview:large, max-video-preview:-1\" \/>\n<link rel=\"canonical\" href=\"https:\/\/icadblock.com\/es\/bloques-cad-tv-dwg\/\" \/>\n<meta property=\"og:locale\" content=\"es_ES\" \/>\n<meta property=\"og:type\" content=\"article\" \/>\n<meta property=\"og:title\" content=\"Bloques cad TV DWG en planta y alzado. - iCADBLOCK\" \/>\n<meta property=\"og:description\" content=\"Aqu\u00ed, en esta p\u00e1gina, proporcionamos la colecci\u00f3n de bloques CAD de TV en planta y alzado. Tenemos muchos modelos de TV DWG que\" \/>\n<meta property=\"og:url\" content=\"https:\/\/icadblock.com\/es\/bloques-cad-tv-dwg\/\" \/>\n<meta property=\"og:site_name\" content=\"iCADBLOCK\" \/>\n<meta property=\"article:modified_time\" content=\"2023-12-25T13:40:42+00:00\" \/>\n<meta property=\"og:image\" content=\"https:\/\/icadblock.com\/wp-content\/uploads\/2023\/07\/TV-AutoCAD.webp\" \/>\n\t<meta property=\"og:image:width\" content=\"1000\" \/>\n\t<meta property=\"og:image:height\" content=\"675\" \/>\n\t<meta property=\"og:image:type\" content=\"image\/webp\" \/>\n<meta name=\"twitter:card\" content=\"summary_large_image\" \/>\n<meta name=\"twitter:label1\" content=\"Tiempo de lectura\" \/>\n\t<meta name=\"twitter:data1\" content=\"2 minutos\" \/>\n<script type=\"application\/ld+json\" class=\"yoast-schema-graph\">{\"@context\":\"https:\/\/schema.org\",\"@graph\":[{\"@type\":\"WebPage\",\"@id\":\"https:\/\/icadblock.com\/es\/bloques-cad-tv-dwg\/\",\"url\":\"https:\/\/icadblock.com\/es\/bloques-cad-tv-dwg\/\",\"name\":\"Bloques cad TV DWG en planta y alzado. - iCADBLOCK\",\"isPartOf\":{\"@id\":\"https:\/\/icadblock.com\/es\/#website\"},\"primaryImageOfPage\":{\"@id\":\"https:\/\/icadblock.com\/es\/bloques-cad-tv-dwg\/#primaryimage\"},\"image\":{\"@id\":\"https:\/\/icadblock.com\/es\/bloques-cad-tv-dwg\/#primaryimage\"},\"thumbnailUrl\":\"https:\/\/icadblock.com\/wp-content\/uploads\/2023\/07\/TV-AutoCAD.webp\",\"datePublished\":\"2023-07-16T12:42:31+00:00\",\"dateModified\":\"2023-12-25T13:40:42+00:00\",\"description\":\"Aqu\u00ed, en esta p\u00e1gina, proporcionamos la colecci\u00f3n de bloques CAD de TV en planta y alzado. Tenemos muchos modelos de TV DWG que\",\"breadcrumb\":{\"@id\":\"https:\/\/icadblock.com\/es\/bloques-cad-tv-dwg\/#breadcrumb\"},\"inLanguage\":\"es\",\"potentialAction\":[{\"@type\":\"ReadAction\",\"target\":[\"https:\/\/icadblock.com\/es\/bloques-cad-tv-dwg\/\"]}]},{\"@type\":\"ImageObject\",\"inLanguage\":\"es\",\"@id\":\"https:\/\/icadblock.com\/es\/bloques-cad-tv-dwg\/#primaryimage\",\"url\":\"https:\/\/icadblock.com\/wp-content\/uploads\/2023\/07\/TV-AutoCAD.webp\",\"contentUrl\":\"https:\/\/icadblock.com\/wp-content\/uploads\/2023\/07\/TV-AutoCAD.webp\",\"width\":1000,\"height\":675,\"caption\":\"Bloques cad TV DWG\"},{\"@type\":\"BreadcrumbList\",\"@id\":\"https:\/\/icadblock.com\/es\/bloques-cad-tv-dwg\/#breadcrumb\",\"itemListElement\":[{\"@type\":\"ListItem\",\"position\":1,\"name\":\"Home\",\"item\":\"https:\/\/icadblock.com\/es\/\"},{\"@type\":\"ListItem\",\"position\":2,\"name\":\"Bloques cad TV DWG en planta y alzado.\"}]},{\"@type\":\"WebSite\",\"@id\":\"https:\/\/icadblock.com\/es\/#website\",\"url\":\"https:\/\/icadblock.com\/es\/\",\"name\":\"iCADBLOCK\",\"description\":\"CAD Block free download, 2d DWG models in plan\",\"publisher\":{\"@id\":\"https:\/\/icadblock.com\/es\/#organization\"},\"potentialAction\":[{\"@type\":\"SearchAction\",\"target\":{\"@type\":\"EntryPoint\",\"urlTemplate\":\"https:\/\/icadblock.com\/es\/?s={search_term_string}\"},\"query-input\":{\"@type\":\"PropertyValueSpecification\",\"valueRequired\":true,\"valueName\":\"search_term_string\"}}],\"inLanguage\":\"es\"},{\"@type\":\"Organization\",\"@id\":\"https:\/\/icadblock.com\/es\/#organization\",\"name\":\"icadblock\",\"url\":\"https:\/\/icadblock.com\/es\/\",\"logo\":{\"@type\":\"ImageObject\",\"inLanguage\":\"es\",\"@id\":\"https:\/\/icadblock.com\/es\/#\/schema\/logo\/image\/\",\"url\":\"https:\/\/icadblock.com\/wp-content\/uploads\/2022\/02\/LOGO.png\",\"contentUrl\":\"https:\/\/icadblock.com\/wp-content\/uploads\/2022\/02\/LOGO.png\",\"width\":546,\"height\":125,\"caption\":\"icadblock\"},\"image\":{\"@id\":\"https:\/\/icadblock.com\/es\/#\/schema\/logo\/image\/\"}}]}<\/script>\n<!-- \/ Yoast SEO plugin. -->","yoast_head_json":{"title":"Bloques cad TV DWG en planta y alzado. - iCADBLOCK","description":"Aqu\u00ed, en esta p\u00e1gina, proporcionamos la colecci\u00f3n de bloques CAD de TV en planta y alzado. Tenemos muchos modelos de TV DWG que","robots":{"index":"index","follow":"follow","max-snippet":"max-snippet:-1","max-image-preview":"max-image-preview:large","max-video-preview":"max-video-preview:-1"},"canonical":"https:\/\/icadblock.com\/es\/bloques-cad-tv-dwg\/","og_locale":"es_ES","og_type":"article","og_title":"Bloques cad TV DWG en planta y alzado. - iCADBLOCK","og_description":"Aqu\u00ed, en esta p\u00e1gina, proporcionamos la colecci\u00f3n de bloques CAD de TV en planta y alzado. Tenemos muchos modelos de TV DWG que","og_url":"https:\/\/icadblock.com\/es\/bloques-cad-tv-dwg\/","og_site_name":"iCADBLOCK","article_modified_time":"2023-12-25T13:40:42+00:00","og_image":[{"width":1000,"height":675,"url":"https:\/\/icadblock.com\/wp-content\/uploads\/2023\/07\/TV-AutoCAD.webp","type":"image\/webp"}],"twitter_card":"summary_large_image","twitter_misc":{"Tiempo de lectura":"2 minutos"},"schema":{"@context":"https:\/\/schema.org","@graph":[{"@type":"WebPage","@id":"https:\/\/icadblock.com\/es\/bloques-cad-tv-dwg\/","url":"https:\/\/icadblock.com\/es\/bloques-cad-tv-dwg\/","name":"Bloques cad TV DWG en planta y alzado. - iCADBLOCK","isPartOf":{"@id":"https:\/\/icadblock.com\/es\/#website"},"primaryImageOfPage":{"@id":"https:\/\/icadblock.com\/es\/bloques-cad-tv-dwg\/#primaryimage"},"image":{"@id":"https:\/\/icadblock.com\/es\/bloques-cad-tv-dwg\/#primaryimage"},"thumbnailUrl":"https:\/\/icadblock.com\/wp-content\/uploads\/2023\/07\/TV-AutoCAD.webp","datePublished":"2023-07-16T12:42:31+00:00","dateModified":"2023-12-25T13:40:42+00:00","description":"Aqu\u00ed, en esta p\u00e1gina, proporcionamos la colecci\u00f3n de bloques CAD de TV en planta y alzado. Tenemos muchos modelos de TV DWG que","breadcrumb":{"@id":"https:\/\/icadblock.com\/es\/bloques-cad-tv-dwg\/#breadcrumb"},"inLanguage":"es","potentialAction":[{"@type":"ReadAction","target":["https:\/\/icadblock.com\/es\/bloques-cad-tv-dwg\/"]}]},{"@type":"ImageObject","inLanguage":"es","@id":"https:\/\/icadblock.com\/es\/bloques-cad-tv-dwg\/#primaryimage","url":"https:\/\/icadblock.com\/wp-content\/uploads\/2023\/07\/TV-AutoCAD.webp","contentUrl":"https:\/\/icadblock.com\/wp-content\/uploads\/2023\/07\/TV-AutoCAD.webp","width":1000,"height":675,"caption":"Bloques cad TV DWG"},{"@type":"BreadcrumbList","@id":"https:\/\/icadblock.com\/es\/bloques-cad-tv-dwg\/#breadcrumb","itemListElement":[{"@type":"ListItem","position":1,"name":"Home","item":"https:\/\/icadblock.com\/es\/"},{"@type":"ListItem","position":2,"name":"Bloques cad TV DWG en planta y alzado."}]},{"@type":"WebSite","@id":"https:\/\/icadblock.com\/es\/#website","url":"https:\/\/icadblock.com\/es\/","name":"iCADBLOCK","description":"CAD Block free download, 2d DWG models in plan","publisher":{"@id":"https:\/\/icadblock.com\/es\/#organization"},"potentialAction":[{"@type":"SearchAction","target":{"@type":"EntryPoint","urlTemplate":"https:\/\/icadblock.com\/es\/?s={search_term_string}"},"query-input":{"@type":"PropertyValueSpecification","valueRequired":true,"valueName":"search_term_string"}}],"inLanguage":"es"},{"@type":"Organization","@id":"https:\/\/icadblock.com\/es\/#organization","name":"icadblock","url":"https:\/\/icadblock.com\/es\/","logo":{"@type":"ImageObject","inLanguage":"es","@id":"https:\/\/icadblock.com\/es\/#\/schema\/logo\/image\/","url":"https:\/\/icadblock.com\/wp-content\/uploads\/2022\/02\/LOGO.png","contentUrl":"https:\/\/icadblock.com\/wp-content\/uploads\/2022\/02\/LOGO.png","width":546,"height":125,"caption":"icadblock"},"image":{"@id":"https:\/\/icadblock.com\/es\/#\/schema\/logo\/image\/"}}]}},"_links":{"self":[{"href":"https:\/\/icadblock.com\/es\/wp-json\/wp\/v2\/pages\/9613","targetHints":{"allow":["GET"]}}],"collection":[{"href":"https:\/\/icadblock.com\/es\/wp-json\/wp\/v2\/pages"}],"about":[{"href":"https:\/\/icadblock.com\/es\/wp-json\/wp\/v2\/types\/page"}],"author":[{"embeddable":true,"href":"https:\/\/icadblock.com\/es\/wp-json\/wp\/v2\/users\/2"}],"replies":[{"embeddable":true,"href":"https:\/\/icadblock.com\/es\/wp-json\/wp\/v2\/comments?post=9613"}],"version-history":[{"count":4,"href":"https:\/\/icadblock.com\/es\/wp-json\/wp\/v2\/pages\/9613\/revisions"}],"predecessor-version":[{"id":9617,"href":"https:\/\/icadblock.com\/es\/wp-json\/wp\/v2\/pages\/9613\/revisions\/9617"}],"wp:featuredmedia":[{"embeddable":true,"href":"https:\/\/icadblock.com\/es\/wp-json\/wp\/v2\/media\/8428"}],"wp:attachment":[{"href":"https:\/\/icadblock.com\/es\/wp-json\/wp\/v2\/media?parent=9613"}],"curies":[{"name":"wp","href":"https:\/\/api.w.org\/{rel}","templated":true}]}}