{"id":9627,"date":"2023-07-20T08:42:00","date_gmt":"2023-07-20T08:42:00","guid":{"rendered":"https:\/\/icadblock.com\/?page_id=9627"},"modified":"2023-12-26T11:22:03","modified_gmt":"2023-12-26T11:22:03","slug":"bloque-cad-de-altavoz-en-dwg","status":"publish","type":"page","link":"https:\/\/icadblock.com\/es\/bloque-cad-de-altavoz-en-dwg\/","title":{"rendered":"Bloque CAD de altavoz en DWG, Descargar"},"content":{"rendered":"\t\t<div data-elementor-type=\"wp-page\" data-elementor-id=\"9627\" class=\"elementor elementor-9627 elementor-5811\" data-elementor-post-type=\"page\">\n\t\t\t\t\t\t<section class=\"elementor-section elementor-top-section elementor-element elementor-element-c7f82f0 elementor-section-boxed elementor-section-height-default elementor-section-height-default\" data-id=\"c7f82f0\" data-element_type=\"section\">\n\t\t\t\t\t\t<div class=\"elementor-container elementor-column-gap-default\">\n\t\t\t\t\t<div class=\"elementor-column elementor-col-50 elementor-top-column elementor-element elementor-element-70242b64\" data-id=\"70242b64\" data-element_type=\"column\">\n\t\t\t<div class=\"elementor-widget-wrap elementor-element-populated\">\n\t\t\t\t\t\t<div class=\"elementor-element elementor-element-628bd5d2 elementor-widget elementor-widget-text-editor\" data-id=\"628bd5d2\" data-element_type=\"widget\" data-widget_type=\"text-editor.default\">\n\t\t\t\t<div class=\"elementor-widget-container\">\n\t\t\t<style>\/*! elementor - v3.21.0 - 30-04-2024 *\/\n.elementor-widget-text-editor.elementor-drop-cap-view-stacked .elementor-drop-cap{background-color:#69727d;color:#fff}.elementor-widget-text-editor.elementor-drop-cap-view-framed .elementor-drop-cap{color:#69727d;border:3px solid;background-color:transparent}.elementor-widget-text-editor:not(.elementor-drop-cap-view-default) .elementor-drop-cap{margin-top:8px}.elementor-widget-text-editor:not(.elementor-drop-cap-view-default) .elementor-drop-cap-letter{width:1em;height:1em}.elementor-widget-text-editor .elementor-drop-cap{float:left;text-align:center;line-height:1;font-size:50px}.elementor-widget-text-editor .elementor-drop-cap-letter{display:inline-block}<\/style>\t\t\t\t<p>Aqu\u00ed, en esta p\u00e1gina, proporcionamos la colecci\u00f3n de <strong>bloques CAD de altavoces en DWG<\/strong>.<\/p><p>Esta colecci\u00f3n contiene muchos parlantes en formato DWG.<\/p><p>Como puede ver, la mayor\u00eda de estos bloques CAD se dibujan en vistas superior, frontal y lateral.<\/p><p>Usando estos modelos 2D tambi\u00e9n puedes crear un modelo 3D del altavoz.<\/p><p>Mire los siguientes bloques CAD y descargue cualquier archivo que satisfaga sus necesidades.<\/p>\t\t\t\t\t\t<\/div>\n\t\t\t\t<\/div>\n\t\t\t\t<div class=\"elementor-element elementor-element-cb0aa6f elementor-widget elementor-widget-heading\" data-id=\"cb0aa6f\" data-element_type=\"widget\" data-widget_type=\"heading.default\">\n\t\t\t\t<div class=\"elementor-widget-container\">\n\t\t\t<style>\/*! elementor - v3.21.0 - 30-04-2024 *\/\n.elementor-heading-title{padding:0;margin:0;line-height:1}.elementor-widget-heading .elementor-heading-title[class*=elementor-size-]>a{color:inherit;font-size:inherit;line-height:inherit}.elementor-widget-heading .elementor-heading-title.elementor-size-small{font-size:15px}.elementor-widget-heading .elementor-heading-title.elementor-size-medium{font-size:19px}.elementor-widget-heading .elementor-heading-title.elementor-size-large{font-size:29px}.elementor-widget-heading .elementor-heading-title.elementor-size-xl{font-size:39px}.elementor-widget-heading .elementor-heading-title.elementor-size-xxl{font-size:59px}<\/style><h2 class=\"elementor-heading-title elementor-size-default\">Bloque CAD de altavoz en DWG<\/h2>\t\t<\/div>\n\t\t\t\t<\/div>\n\t\t\t\t<div class=\"elementor-element elementor-element-daecc60 elementor-widget elementor-widget-text-editor\" data-id=\"daecc60\" data-element_type=\"widget\" data-widget_type=\"text-editor.default\">\n\t\t\t\t<div class=\"elementor-widget-container\">\n\t\t\t\t\t\t\t<p>Tambi\u00e9n hay muchos otros bloques CAD relacionados que puede encontrar en los enlaces siguientes:<\/p><p><a href=\"https:\/\/icadblock.com\/es\/bloques-cad-tv-dwg\/\"><em><strong>Bloques cad TV DWG<\/strong><\/em><\/a><\/p><h3><span style=\"color: #0000ff;\">Notas:<\/span><\/h3><p>El altavoz es un dispositivo electroac\u00fastico que puedes encontrar en la mayor\u00eda de casas y oficinas.<\/p><p>Puedes utilizar un bloque CAD de altavoz de computadora en tu dibujo.<\/p><p>Existen diferentes tipos y formas de parlantes, como parlantes para computadora, parlantes de piso que se usan en configuraciones de cine en casa y otros tipos que puede usar seg\u00fan sus necesidades.<\/p><p>Como puede ver en la Colecci\u00f3n anterior, hemos intentado ofrecer una variedad de oradores. Pero si est\u00e1 buscando un tipo espec\u00edfico de altavoz que necesita usar en su dibujo pero desafortunadamente no lo hemos proporcionado en este sitio web, cont\u00e1ctenos y h\u00e1ganoslo saber.<\/p>\t\t\t\t\t\t<\/div>\n\t\t\t\t<\/div>\n\t\t\t\t\t<\/div>\n\t\t<\/div>\n\t\t\t\t<div class=\"jet-sticky-column-sticky elementor-column elementor-col-50 elementor-top-column elementor-element elementor-element-131ffcc\" data-jet-sticky-column-settings=\"{&quot;id&quot;:&quot;131ffcc&quot;,&quot;sticky&quot;:true,&quot;topSpacing&quot;:50,&quot;bottomSpacing&quot;:50,&quot;stickyOn&quot;:[&quot;desktop&quot;,&quot;tablet&quot;]}\" data-id=\"131ffcc\" data-element_type=\"column\">\n\t\t\t<div class=\"elementor-widget-wrap elementor-element-populated\">\n\t\t\t\t\t\t\t<\/div>\n\t\t<\/div>\n\t\t\t\t\t<\/div>\n\t\t<\/section>\n\t\t\t\t<\/div>\n\t\t","protected":false},"excerpt":{"rendered":"<p>Aqu\u00ed, en esta p\u00e1gina, proporcionamos la colecci\u00f3n de bloques CAD de altavoces en DWG. Esta colecci\u00f3n contiene muchos parlantes en [&hellip;]<\/p>\n","protected":false},"author":2,"featured_media":8435,"parent":0,"menu_order":0,"comment_status":"closed","ping_status":"closed","template":"","meta":{"site-sidebar-layout":"default","site-content-layout":"","ast-site-content-layout":"","site-content-style":"default","site-sidebar-style":"default","ast-global-header-display":"","ast-banner-title-visibility":"","ast-main-header-display":"","ast-hfb-above-header-display":"","ast-hfb-below-header-display":"","ast-hfb-mobile-header-display":"","site-post-title":"","ast-breadcrumbs-content":"","ast-featured-img":"","footer-sml-layout":"","theme-transparent-header-meta":"","adv-header-id-meta":"","stick-header-meta":"","header-above-stick-meta":"","header-main-stick-meta":"","header-below-stick-meta":"","astra-migrate-meta-layouts":"default","ast-page-background-enabled":"default","ast-page-background-meta":{"desktop":{"background-color":"var(--ast-global-color-4)","background-image":"","background-repeat":"repeat","background-position":"center center","background-size":"auto","background-attachment":"scroll","background-type":"","background-media":"","overlay-type":"","overlay-color":"","overlay-gradient":""},"tablet":{"background-color":"","background-image":"","background-repeat":"repeat","background-position":"center center","background-size":"auto","background-attachment":"scroll","background-type":"","background-media":"","overlay-type":"","overlay-color":"","overlay-gradient":""},"mobile":{"background-color":"","background-image":"","background-repeat":"repeat","background-position":"center center","background-size":"auto","background-attachment":"scroll","background-type":"","background-media":"","overlay-type":"","overlay-color":"","overlay-gradient":""}},"ast-content-background-meta":{"desktop":{"background-color":"var(--ast-global-color-5)","background-image":"","background-repeat":"repeat","background-position":"center center","background-size":"auto","background-attachment":"scroll","background-type":"","background-media":"","overlay-type":"","overlay-color":"","overlay-gradient":""},"tablet":{"background-color":"var(--ast-global-color-5)","background-image":"","background-repeat":"repeat","background-position":"center center","background-size":"auto","background-attachment":"scroll","background-type":"","background-media":"","overlay-type":"","overlay-color":"","overlay-gradient":""},"mobile":{"background-color":"var(--ast-global-color-5)","background-image":"","background-repeat":"repeat","background-position":"center center","background-size":"auto","background-attachment":"scroll","background-type":"","background-media":"","overlay-type":"","overlay-color":"","overlay-gradient":""}},"footnotes":""},"class_list":["post-9627","page","type-page","status-publish","has-post-thumbnail","hentry"],"yoast_head":"<!-- This site is optimized with the Yoast SEO plugin v26.0 - https:\/\/yoast.com\/wordpress\/plugins\/seo\/ -->\n<title>Bloque CAD de altavoz en DWG, Descargar - iCADBLOCK<\/title>\n<meta name=\"description\" content=\"en esta p\u00e1gina, proporcionamos la colecci\u00f3n de bloques CAD de altavoces en DWG. Esta colecci\u00f3n contiene muchos parlantes en formato DWG.\" \/>\n<meta name=\"robots\" content=\"index, follow, max-snippet:-1, max-image-preview:large, max-video-preview:-1\" \/>\n<link rel=\"canonical\" href=\"https:\/\/icadblock.com\/es\/bloque-cad-de-altavoz-en-dwg\/\" \/>\n<meta property=\"og:locale\" content=\"es_ES\" \/>\n<meta property=\"og:type\" content=\"article\" \/>\n<meta property=\"og:title\" content=\"Bloque CAD de altavoz en DWG, Descargar - iCADBLOCK\" \/>\n<meta property=\"og:description\" content=\"en esta p\u00e1gina, proporcionamos la colecci\u00f3n de bloques CAD de altavoces en DWG. Esta colecci\u00f3n contiene muchos parlantes en formato DWG.\" \/>\n<meta property=\"og:url\" content=\"https:\/\/icadblock.com\/es\/bloque-cad-de-altavoz-en-dwg\/\" \/>\n<meta property=\"og:site_name\" content=\"iCADBLOCK\" \/>\n<meta property=\"article:modified_time\" content=\"2023-12-26T11:22:03+00:00\" \/>\n<meta property=\"og:image\" content=\"https:\/\/icadblock.com\/wp-content\/uploads\/2023\/07\/speaker-AutoCAD.webp\" \/>\n\t<meta property=\"og:image:width\" content=\"1000\" \/>\n\t<meta property=\"og:image:height\" content=\"675\" \/>\n\t<meta property=\"og:image:type\" content=\"image\/webp\" \/>\n<meta name=\"twitter:card\" content=\"summary_large_image\" \/>\n<meta name=\"twitter:label1\" content=\"Tiempo de lectura\" \/>\n\t<meta name=\"twitter:data1\" content=\"2 minutos\" \/>\n<script type=\"application\/ld+json\" class=\"yoast-schema-graph\">{\"@context\":\"https:\/\/schema.org\",\"@graph\":[{\"@type\":\"WebPage\",\"@id\":\"https:\/\/icadblock.com\/es\/bloque-cad-de-altavoz-en-dwg\/\",\"url\":\"https:\/\/icadblock.com\/es\/bloque-cad-de-altavoz-en-dwg\/\",\"name\":\"Bloque CAD de altavoz en DWG, Descargar - iCADBLOCK\",\"isPartOf\":{\"@id\":\"https:\/\/icadblock.com\/es\/#website\"},\"primaryImageOfPage\":{\"@id\":\"https:\/\/icadblock.com\/es\/bloque-cad-de-altavoz-en-dwg\/#primaryimage\"},\"image\":{\"@id\":\"https:\/\/icadblock.com\/es\/bloque-cad-de-altavoz-en-dwg\/#primaryimage\"},\"thumbnailUrl\":\"https:\/\/icadblock.com\/wp-content\/uploads\/2023\/07\/speaker-AutoCAD.webp\",\"datePublished\":\"2023-07-20T08:42:00+00:00\",\"dateModified\":\"2023-12-26T11:22:03+00:00\",\"description\":\"en esta p\u00e1gina, proporcionamos la colecci\u00f3n de bloques CAD de altavoces en DWG. Esta colecci\u00f3n contiene muchos parlantes en formato DWG.\",\"breadcrumb\":{\"@id\":\"https:\/\/icadblock.com\/es\/bloque-cad-de-altavoz-en-dwg\/#breadcrumb\"},\"inLanguage\":\"es\",\"potentialAction\":[{\"@type\":\"ReadAction\",\"target\":[\"https:\/\/icadblock.com\/es\/bloque-cad-de-altavoz-en-dwg\/\"]}]},{\"@type\":\"ImageObject\",\"inLanguage\":\"es\",\"@id\":\"https:\/\/icadblock.com\/es\/bloque-cad-de-altavoz-en-dwg\/#primaryimage\",\"url\":\"https:\/\/icadblock.com\/wp-content\/uploads\/2023\/07\/speaker-AutoCAD.webp\",\"contentUrl\":\"https:\/\/icadblock.com\/wp-content\/uploads\/2023\/07\/speaker-AutoCAD.webp\",\"width\":1000,\"height\":675,\"caption\":\"altavoz en DWG\"},{\"@type\":\"BreadcrumbList\",\"@id\":\"https:\/\/icadblock.com\/es\/bloque-cad-de-altavoz-en-dwg\/#breadcrumb\",\"itemListElement\":[{\"@type\":\"ListItem\",\"position\":1,\"name\":\"Home\",\"item\":\"https:\/\/icadblock.com\/es\/\"},{\"@type\":\"ListItem\",\"position\":2,\"name\":\"Bloque CAD de altavoz en DWG, Descargar\"}]},{\"@type\":\"WebSite\",\"@id\":\"https:\/\/icadblock.com\/es\/#website\",\"url\":\"https:\/\/icadblock.com\/es\/\",\"name\":\"iCADBLOCK\",\"description\":\"CAD Block free download, 2d DWG models in plan\",\"publisher\":{\"@id\":\"https:\/\/icadblock.com\/es\/#organization\"},\"potentialAction\":[{\"@type\":\"SearchAction\",\"target\":{\"@type\":\"EntryPoint\",\"urlTemplate\":\"https:\/\/icadblock.com\/es\/?s={search_term_string}\"},\"query-input\":{\"@type\":\"PropertyValueSpecification\",\"valueRequired\":true,\"valueName\":\"search_term_string\"}}],\"inLanguage\":\"es\"},{\"@type\":\"Organization\",\"@id\":\"https:\/\/icadblock.com\/es\/#organization\",\"name\":\"icadblock\",\"url\":\"https:\/\/icadblock.com\/es\/\",\"logo\":{\"@type\":\"ImageObject\",\"inLanguage\":\"es\",\"@id\":\"https:\/\/icadblock.com\/es\/#\/schema\/logo\/image\/\",\"url\":\"https:\/\/icadblock.com\/wp-content\/uploads\/2022\/02\/LOGO.png\",\"contentUrl\":\"https:\/\/icadblock.com\/wp-content\/uploads\/2022\/02\/LOGO.png\",\"width\":546,\"height\":125,\"caption\":\"icadblock\"},\"image\":{\"@id\":\"https:\/\/icadblock.com\/es\/#\/schema\/logo\/image\/\"}}]}<\/script>\n<!-- \/ Yoast SEO plugin. -->","yoast_head_json":{"title":"Bloque CAD de altavoz en DWG, Descargar - iCADBLOCK","description":"en esta p\u00e1gina, proporcionamos la colecci\u00f3n de bloques CAD de altavoces en DWG. Esta colecci\u00f3n contiene muchos parlantes en formato DWG.","robots":{"index":"index","follow":"follow","max-snippet":"max-snippet:-1","max-image-preview":"max-image-preview:large","max-video-preview":"max-video-preview:-1"},"canonical":"https:\/\/icadblock.com\/es\/bloque-cad-de-altavoz-en-dwg\/","og_locale":"es_ES","og_type":"article","og_title":"Bloque CAD de altavoz en DWG, Descargar - iCADBLOCK","og_description":"en esta p\u00e1gina, proporcionamos la colecci\u00f3n de bloques CAD de altavoces en DWG. Esta colecci\u00f3n contiene muchos parlantes en formato DWG.","og_url":"https:\/\/icadblock.com\/es\/bloque-cad-de-altavoz-en-dwg\/","og_site_name":"iCADBLOCK","article_modified_time":"2023-12-26T11:22:03+00:00","og_image":[{"width":1000,"height":675,"url":"https:\/\/icadblock.com\/wp-content\/uploads\/2023\/07\/speaker-AutoCAD.webp","type":"image\/webp"}],"twitter_card":"summary_large_image","twitter_misc":{"Tiempo de lectura":"2 minutos"},"schema":{"@context":"https:\/\/schema.org","@graph":[{"@type":"WebPage","@id":"https:\/\/icadblock.com\/es\/bloque-cad-de-altavoz-en-dwg\/","url":"https:\/\/icadblock.com\/es\/bloque-cad-de-altavoz-en-dwg\/","name":"Bloque CAD de altavoz en DWG, Descargar - iCADBLOCK","isPartOf":{"@id":"https:\/\/icadblock.com\/es\/#website"},"primaryImageOfPage":{"@id":"https:\/\/icadblock.com\/es\/bloque-cad-de-altavoz-en-dwg\/#primaryimage"},"image":{"@id":"https:\/\/icadblock.com\/es\/bloque-cad-de-altavoz-en-dwg\/#primaryimage"},"thumbnailUrl":"https:\/\/icadblock.com\/wp-content\/uploads\/2023\/07\/speaker-AutoCAD.webp","datePublished":"2023-07-20T08:42:00+00:00","dateModified":"2023-12-26T11:22:03+00:00","description":"en esta p\u00e1gina, proporcionamos la colecci\u00f3n de bloques CAD de altavoces en DWG. Esta colecci\u00f3n contiene muchos parlantes en formato DWG.","breadcrumb":{"@id":"https:\/\/icadblock.com\/es\/bloque-cad-de-altavoz-en-dwg\/#breadcrumb"},"inLanguage":"es","potentialAction":[{"@type":"ReadAction","target":["https:\/\/icadblock.com\/es\/bloque-cad-de-altavoz-en-dwg\/"]}]},{"@type":"ImageObject","inLanguage":"es","@id":"https:\/\/icadblock.com\/es\/bloque-cad-de-altavoz-en-dwg\/#primaryimage","url":"https:\/\/icadblock.com\/wp-content\/uploads\/2023\/07\/speaker-AutoCAD.webp","contentUrl":"https:\/\/icadblock.com\/wp-content\/uploads\/2023\/07\/speaker-AutoCAD.webp","width":1000,"height":675,"caption":"altavoz en DWG"},{"@type":"BreadcrumbList","@id":"https:\/\/icadblock.com\/es\/bloque-cad-de-altavoz-en-dwg\/#breadcrumb","itemListElement":[{"@type":"ListItem","position":1,"name":"Home","item":"https:\/\/icadblock.com\/es\/"},{"@type":"ListItem","position":2,"name":"Bloque CAD de altavoz en DWG, Descargar"}]},{"@type":"WebSite","@id":"https:\/\/icadblock.com\/es\/#website","url":"https:\/\/icadblock.com\/es\/","name":"iCADBLOCK","description":"CAD Block free download, 2d DWG models in plan","publisher":{"@id":"https:\/\/icadblock.com\/es\/#organization"},"potentialAction":[{"@type":"SearchAction","target":{"@type":"EntryPoint","urlTemplate":"https:\/\/icadblock.com\/es\/?s={search_term_string}"},"query-input":{"@type":"PropertyValueSpecification","valueRequired":true,"valueName":"search_term_string"}}],"inLanguage":"es"},{"@type":"Organization","@id":"https:\/\/icadblock.com\/es\/#organization","name":"icadblock","url":"https:\/\/icadblock.com\/es\/","logo":{"@type":"ImageObject","inLanguage":"es","@id":"https:\/\/icadblock.com\/es\/#\/schema\/logo\/image\/","url":"https:\/\/icadblock.com\/wp-content\/uploads\/2022\/02\/LOGO.png","contentUrl":"https:\/\/icadblock.com\/wp-content\/uploads\/2022\/02\/LOGO.png","width":546,"height":125,"caption":"icadblock"},"image":{"@id":"https:\/\/icadblock.com\/es\/#\/schema\/logo\/image\/"}}]}},"_links":{"self":[{"href":"https:\/\/icadblock.com\/es\/wp-json\/wp\/v2\/pages\/9627","targetHints":{"allow":["GET"]}}],"collection":[{"href":"https:\/\/icadblock.com\/es\/wp-json\/wp\/v2\/pages"}],"about":[{"href":"https:\/\/icadblock.com\/es\/wp-json\/wp\/v2\/types\/page"}],"author":[{"embeddable":true,"href":"https:\/\/icadblock.com\/es\/wp-json\/wp\/v2\/users\/2"}],"replies":[{"embeddable":true,"href":"https:\/\/icadblock.com\/es\/wp-json\/wp\/v2\/comments?post=9627"}],"version-history":[{"count":5,"href":"https:\/\/icadblock.com\/es\/wp-json\/wp\/v2\/pages\/9627\/revisions"}],"predecessor-version":[{"id":9633,"href":"https:\/\/icadblock.com\/es\/wp-json\/wp\/v2\/pages\/9627\/revisions\/9633"}],"wp:featuredmedia":[{"embeddable":true,"href":"https:\/\/icadblock.com\/es\/wp-json\/wp\/v2\/media\/8435"}],"wp:attachment":[{"href":"https:\/\/icadblock.com\/es\/wp-json\/wp\/v2\/media?parent=9627"}],"curies":[{"name":"wp","href":"https:\/\/api.w.org\/{rel}","templated":true}]}}