{"id":9682,"date":"2023-08-10T11:40:14","date_gmt":"2023-08-10T11:40:14","guid":{"rendered":"https:\/\/icadblock.com\/?page_id=9682"},"modified":"2023-12-26T14:38:08","modified_gmt":"2023-12-26T14:38:08","slug":"arte-mural-en-planta-y-alzado","status":"publish","type":"page","link":"https:\/\/icadblock.com\/es\/decoracion-en-dwg-planta-y-alzado\/arte-mural-en-planta-y-alzado\/","title":{"rendered":"Modelos DWG de arte mural en planta y alzado"},"content":{"rendered":"\t\t<div data-elementor-type=\"wp-page\" data-elementor-id=\"9682\" class=\"elementor elementor-9682 elementor-6228\" data-elementor-post-type=\"page\">\n\t\t\t\t\t\t<section class=\"elementor-section elementor-top-section elementor-element elementor-element-7516d604 elementor-section-boxed elementor-section-height-default elementor-section-height-default\" data-id=\"7516d604\" data-element_type=\"section\">\n\t\t\t\t\t\t<div class=\"elementor-container elementor-column-gap-default\">\n\t\t\t\t\t<div class=\"elementor-column elementor-col-50 elementor-top-column elementor-element elementor-element-4ce0ce7c\" data-id=\"4ce0ce7c\" data-element_type=\"column\">\n\t\t\t<div class=\"elementor-widget-wrap elementor-element-populated\">\n\t\t\t\t\t\t<div class=\"elementor-element elementor-element-3d80e70e elementor-widget elementor-widget-text-editor\" data-id=\"3d80e70e\" data-element_type=\"widget\" data-widget_type=\"text-editor.default\">\n\t\t\t\t<div class=\"elementor-widget-container\">\n\t\t\t<style>\/*! elementor - v3.21.0 - 30-04-2024 *\/\n.elementor-widget-text-editor.elementor-drop-cap-view-stacked .elementor-drop-cap{background-color:#69727d;color:#fff}.elementor-widget-text-editor.elementor-drop-cap-view-framed .elementor-drop-cap{color:#69727d;border:3px solid;background-color:transparent}.elementor-widget-text-editor:not(.elementor-drop-cap-view-default) .elementor-drop-cap{margin-top:8px}.elementor-widget-text-editor:not(.elementor-drop-cap-view-default) .elementor-drop-cap-letter{width:1em;height:1em}.elementor-widget-text-editor .elementor-drop-cap{float:left;text-align:center;line-height:1;font-size:50px}.elementor-widget-text-editor .elementor-drop-cap-letter{display:inline-block}<\/style>\t\t\t\t<p>Aqu\u00ed, en esta p\u00e1gina, proporcionamos la colecci\u00f3n de bloques CAD <strong>de arte mural en formato DWG<\/strong>.<\/p><p>Puede descargar muchas pinturas en lienzo, artes murales geom\u00e9tricas, artes murales de plantas, pinturas de p\u00e1jaros, etc.<\/p><p>Estos bloques CAD se dibujan en vistas en alzado y puedes utilizarlos en tu dibujo.<\/p><p>Tenga en cuenta que vamos a agregar m\u00e1s modelos DWG hermosos en esta categor\u00eda, as\u00ed que no dude en marcar esta p\u00e1gina como favorita.<\/p>\t\t\t\t\t\t<\/div>\n\t\t\t\t<\/div>\n\t\t\t\t<div class=\"elementor-element elementor-element-3958b83 elementor-widget elementor-widget-heading\" data-id=\"3958b83\" data-element_type=\"widget\" data-widget_type=\"heading.default\">\n\t\t\t\t<div class=\"elementor-widget-container\">\n\t\t\t<style>\/*! elementor - v3.21.0 - 30-04-2024 *\/\n.elementor-heading-title{padding:0;margin:0;line-height:1}.elementor-widget-heading .elementor-heading-title[class*=elementor-size-]>a{color:inherit;font-size:inherit;line-height:inherit}.elementor-widget-heading .elementor-heading-title.elementor-size-small{font-size:15px}.elementor-widget-heading .elementor-heading-title.elementor-size-medium{font-size:19px}.elementor-widget-heading .elementor-heading-title.elementor-size-large{font-size:29px}.elementor-widget-heading .elementor-heading-title.elementor-size-xl{font-size:39px}.elementor-widget-heading .elementor-heading-title.elementor-size-xxl{font-size:59px}<\/style><h2 class=\"elementor-heading-title elementor-size-default\">Modelos DWG de arte mural<\/h2>\t\t<\/div>\n\t\t\t\t<\/div>\n\t\t\t\t<div class=\"elementor-element elementor-element-fbc9973 elementor-widget elementor-widget-text-editor\" data-id=\"fbc9973\" data-element_type=\"widget\" data-widget_type=\"text-editor.default\">\n\t\t\t\t<div class=\"elementor-widget-container\">\n\t\t\t\t\t\t\t<p>Puede descargar otros modelos DWG de decoraci\u00f3n de la categor\u00eda <a href=\"https:\/\/icadblock.com\/es\/decoracion-en-dwg-planta-y-alzado\/\"><em><strong>Bloques CAD de decoraci\u00f3n<\/strong><\/em><\/a>.<\/p><h3><span style=\"color: #0000ff;\">Notas:<\/span><\/h3><p>El arte mural es un tipo de decoraci\u00f3n. Cualquier art\u00edculo de arte, como lienzos o impresiones enmarcadas, se considera arte mural.<\/p><p>Puede utilizar Wall art CAD Block y hacer que su dibujo se vea m\u00e1s hermoso.<\/p><p>Los arquitectos que dibujan el plano de elevaci\u00f3n del muro utilizan este tipo de bloques CAD en el muro.<\/p><p>Si est\u00e1 dise\u00f1ando una casa moderna, es posible que desee utilizar pinturas modernas. Estas pinturas incluyen principalmente pinturas de \u00e1rboles que se incluyen dentro de 2 o 3 marcos separados.<\/p><p>Los retratos son otra idea interesante para montar en la pared.<\/p><p>Pintar animales, especialmente p\u00e1jaros, es otro arte mural.<\/p><p>Mire los bloques CAD anteriores y descargue cualquier archivo que crea que puede satisfacer sus necesidades.<\/p>\t\t\t\t\t\t<\/div>\n\t\t\t\t<\/div>\n\t\t\t\t\t<\/div>\n\t\t<\/div>\n\t\t\t\t<div class=\"jet-sticky-column-sticky elementor-column elementor-col-50 elementor-top-column elementor-element elementor-element-29a4fb7\" data-jet-sticky-column-settings=\"{&quot;id&quot;:&quot;29a4fb7&quot;,&quot;sticky&quot;:true,&quot;topSpacing&quot;:50,&quot;bottomSpacing&quot;:50,&quot;stickyOn&quot;:[&quot;desktop&quot;,&quot;tablet&quot;]}\" data-id=\"29a4fb7\" data-element_type=\"column\">\n\t\t\t<div class=\"elementor-widget-wrap elementor-element-populated\">\n\t\t\t\t\t\t\t<\/div>\n\t\t<\/div>\n\t\t\t\t\t<\/div>\n\t\t<\/section>\n\t\t\t\t<\/div>\n\t\t","protected":false},"excerpt":{"rendered":"<p>Aqu\u00ed, en esta p\u00e1gina, proporcionamos la colecci\u00f3n de bloques CAD de arte mural en formato DWG. Puede descargar muchas pinturas [&hellip;]<\/p>\n","protected":false},"author":2,"featured_media":8497,"parent":9676,"menu_order":0,"comment_status":"closed","ping_status":"closed","template":"","meta":{"site-sidebar-layout":"default","site-content-layout":"","ast-site-content-layout":"","site-content-style":"default","site-sidebar-style":"default","ast-global-header-display":"","ast-banner-title-visibility":"","ast-main-header-display":"","ast-hfb-above-header-display":"","ast-hfb-below-header-display":"","ast-hfb-mobile-header-display":"","site-post-title":"","ast-breadcrumbs-content":"","ast-featured-img":"","footer-sml-layout":"","theme-transparent-header-meta":"","adv-header-id-meta":"","stick-header-meta":"","header-above-stick-meta":"","header-main-stick-meta":"","header-below-stick-meta":"","astra-migrate-meta-layouts":"default","ast-page-background-enabled":"default","ast-page-background-meta":{"desktop":{"background-color":"var(--ast-global-color-4)","background-image":"","background-repeat":"repeat","background-position":"center center","background-size":"auto","background-attachment":"scroll","background-type":"","background-media":"","overlay-type":"","overlay-color":"","overlay-gradient":""},"tablet":{"background-color":"","background-image":"","background-repeat":"repeat","background-position":"center center","background-size":"auto","background-attachment":"scroll","background-type":"","background-media":"","overlay-type":"","overlay-color":"","overlay-gradient":""},"mobile":{"background-color":"","background-image":"","background-repeat":"repeat","background-position":"center center","background-size":"auto","background-attachment":"scroll","background-type":"","background-media":"","overlay-type":"","overlay-color":"","overlay-gradient":""}},"ast-content-background-meta":{"desktop":{"background-color":"var(--ast-global-color-5)","background-image":"","background-repeat":"repeat","background-position":"center center","background-size":"auto","background-attachment":"scroll","background-type":"","background-media":"","overlay-type":"","overlay-color":"","overlay-gradient":""},"tablet":{"background-color":"var(--ast-global-color-5)","background-image":"","background-repeat":"repeat","background-position":"center center","background-size":"auto","background-attachment":"scroll","background-type":"","background-media":"","overlay-type":"","overlay-color":"","overlay-gradient":""},"mobile":{"background-color":"var(--ast-global-color-5)","background-image":"","background-repeat":"repeat","background-position":"center center","background-size":"auto","background-attachment":"scroll","background-type":"","background-media":"","overlay-type":"","overlay-color":"","overlay-gradient":""}},"footnotes":""},"class_list":["post-9682","page","type-page","status-publish","has-post-thumbnail","hentry"],"yoast_head":"<!-- This site is optimized with the Yoast SEO plugin v26.0 - https:\/\/yoast.com\/wordpress\/plugins\/seo\/ -->\n<title>Modelos DWG de arte mural en planta y alzado - iCADBLOCK<\/title>\n<meta name=\"description\" content=\"Aqu\u00ed, en esta p\u00e1gina, proporcionamos la colecci\u00f3n de bloques CAD de arte mural en formato DWG. Puede descargar muchas pinturas en lienzo\" \/>\n<meta name=\"robots\" content=\"index, follow, max-snippet:-1, max-image-preview:large, max-video-preview:-1\" \/>\n<link rel=\"canonical\" href=\"https:\/\/icadblock.com\/es\/decoracion-en-dwg-planta-y-alzado\/arte-mural-en-planta-y-alzado\/\" \/>\n<meta property=\"og:locale\" content=\"es_ES\" \/>\n<meta property=\"og:type\" content=\"article\" \/>\n<meta property=\"og:title\" content=\"Modelos DWG de arte mural en planta y alzado - iCADBLOCK\" \/>\n<meta property=\"og:description\" content=\"Aqu\u00ed, en esta p\u00e1gina, proporcionamos la colecci\u00f3n de bloques CAD de arte mural en formato DWG. Puede descargar muchas pinturas en lienzo\" \/>\n<meta property=\"og:url\" content=\"https:\/\/icadblock.com\/es\/decoracion-en-dwg-planta-y-alzado\/arte-mural-en-planta-y-alzado\/\" \/>\n<meta property=\"og:site_name\" content=\"iCADBLOCK\" \/>\n<meta property=\"article:modified_time\" content=\"2023-12-26T14:38:08+00:00\" \/>\n<meta property=\"og:image\" content=\"https:\/\/icadblock.com\/wp-content\/uploads\/2023\/08\/wall-arts-AutoCAD.webp\" \/>\n\t<meta property=\"og:image:width\" content=\"1000\" \/>\n\t<meta property=\"og:image:height\" content=\"675\" \/>\n\t<meta property=\"og:image:type\" content=\"image\/webp\" \/>\n<meta name=\"twitter:card\" content=\"summary_large_image\" \/>\n<meta name=\"twitter:label1\" content=\"Tiempo de lectura\" \/>\n\t<meta name=\"twitter:data1\" content=\"4 minutos\" \/>\n<script type=\"application\/ld+json\" class=\"yoast-schema-graph\">{\"@context\":\"https:\/\/schema.org\",\"@graph\":[{\"@type\":\"WebPage\",\"@id\":\"https:\/\/icadblock.com\/es\/decoracion-en-dwg-planta-y-alzado\/arte-mural-en-planta-y-alzado\/\",\"url\":\"https:\/\/icadblock.com\/es\/decoracion-en-dwg-planta-y-alzado\/arte-mural-en-planta-y-alzado\/\",\"name\":\"Modelos DWG de arte mural en planta y alzado - iCADBLOCK\",\"isPartOf\":{\"@id\":\"https:\/\/icadblock.com\/es\/#website\"},\"primaryImageOfPage\":{\"@id\":\"https:\/\/icadblock.com\/es\/decoracion-en-dwg-planta-y-alzado\/arte-mural-en-planta-y-alzado\/#primaryimage\"},\"image\":{\"@id\":\"https:\/\/icadblock.com\/es\/decoracion-en-dwg-planta-y-alzado\/arte-mural-en-planta-y-alzado\/#primaryimage\"},\"thumbnailUrl\":\"https:\/\/icadblock.com\/wp-content\/uploads\/2023\/08\/wall-arts-AutoCAD.webp\",\"datePublished\":\"2023-08-10T11:40:14+00:00\",\"dateModified\":\"2023-12-26T14:38:08+00:00\",\"description\":\"Aqu\u00ed, en esta p\u00e1gina, proporcionamos la colecci\u00f3n de bloques CAD de arte mural en formato DWG. Puede descargar muchas pinturas en lienzo\",\"breadcrumb\":{\"@id\":\"https:\/\/icadblock.com\/es\/decoracion-en-dwg-planta-y-alzado\/arte-mural-en-planta-y-alzado\/#breadcrumb\"},\"inLanguage\":\"es\",\"potentialAction\":[{\"@type\":\"ReadAction\",\"target\":[\"https:\/\/icadblock.com\/es\/decoracion-en-dwg-planta-y-alzado\/arte-mural-en-planta-y-alzado\/\"]}]},{\"@type\":\"ImageObject\",\"inLanguage\":\"es\",\"@id\":\"https:\/\/icadblock.com\/es\/decoracion-en-dwg-planta-y-alzado\/arte-mural-en-planta-y-alzado\/#primaryimage\",\"url\":\"https:\/\/icadblock.com\/wp-content\/uploads\/2023\/08\/wall-arts-AutoCAD.webp\",\"contentUrl\":\"https:\/\/icadblock.com\/wp-content\/uploads\/2023\/08\/wall-arts-AutoCAD.webp\",\"width\":1000,\"height\":675,\"caption\":\"arte mural en planta y alzado\"},{\"@type\":\"BreadcrumbList\",\"@id\":\"https:\/\/icadblock.com\/es\/decoracion-en-dwg-planta-y-alzado\/arte-mural-en-planta-y-alzado\/#breadcrumb\",\"itemListElement\":[{\"@type\":\"ListItem\",\"position\":1,\"name\":\"Home\",\"item\":\"https:\/\/icadblock.com\/es\/\"},{\"@type\":\"ListItem\",\"position\":2,\"name\":\"Decoraci\u00f3n en DWG, planta y alzado.\",\"item\":\"https:\/\/icadblock.com\/es\/decoracion-en-dwg-planta-y-alzado\/\"},{\"@type\":\"ListItem\",\"position\":3,\"name\":\"Modelos DWG de arte mural en planta y alzado\"}]},{\"@type\":\"WebSite\",\"@id\":\"https:\/\/icadblock.com\/es\/#website\",\"url\":\"https:\/\/icadblock.com\/es\/\",\"name\":\"iCADBLOCK\",\"description\":\"CAD Block free download, 2d DWG models in plan\",\"publisher\":{\"@id\":\"https:\/\/icadblock.com\/es\/#organization\"},\"potentialAction\":[{\"@type\":\"SearchAction\",\"target\":{\"@type\":\"EntryPoint\",\"urlTemplate\":\"https:\/\/icadblock.com\/es\/?s={search_term_string}\"},\"query-input\":{\"@type\":\"PropertyValueSpecification\",\"valueRequired\":true,\"valueName\":\"search_term_string\"}}],\"inLanguage\":\"es\"},{\"@type\":\"Organization\",\"@id\":\"https:\/\/icadblock.com\/es\/#organization\",\"name\":\"icadblock\",\"url\":\"https:\/\/icadblock.com\/es\/\",\"logo\":{\"@type\":\"ImageObject\",\"inLanguage\":\"es\",\"@id\":\"https:\/\/icadblock.com\/es\/#\/schema\/logo\/image\/\",\"url\":\"https:\/\/icadblock.com\/wp-content\/uploads\/2022\/02\/LOGO.png\",\"contentUrl\":\"https:\/\/icadblock.com\/wp-content\/uploads\/2022\/02\/LOGO.png\",\"width\":546,\"height\":125,\"caption\":\"icadblock\"},\"image\":{\"@id\":\"https:\/\/icadblock.com\/es\/#\/schema\/logo\/image\/\"}}]}<\/script>\n<!-- \/ Yoast SEO plugin. -->","yoast_head_json":{"title":"Modelos DWG de arte mural en planta y alzado - iCADBLOCK","description":"Aqu\u00ed, en esta p\u00e1gina, proporcionamos la colecci\u00f3n de bloques CAD de arte mural en formato DWG. Puede descargar muchas pinturas en lienzo","robots":{"index":"index","follow":"follow","max-snippet":"max-snippet:-1","max-image-preview":"max-image-preview:large","max-video-preview":"max-video-preview:-1"},"canonical":"https:\/\/icadblock.com\/es\/decoracion-en-dwg-planta-y-alzado\/arte-mural-en-planta-y-alzado\/","og_locale":"es_ES","og_type":"article","og_title":"Modelos DWG de arte mural en planta y alzado - iCADBLOCK","og_description":"Aqu\u00ed, en esta p\u00e1gina, proporcionamos la colecci\u00f3n de bloques CAD de arte mural en formato DWG. Puede descargar muchas pinturas en lienzo","og_url":"https:\/\/icadblock.com\/es\/decoracion-en-dwg-planta-y-alzado\/arte-mural-en-planta-y-alzado\/","og_site_name":"iCADBLOCK","article_modified_time":"2023-12-26T14:38:08+00:00","og_image":[{"width":1000,"height":675,"url":"https:\/\/icadblock.com\/wp-content\/uploads\/2023\/08\/wall-arts-AutoCAD.webp","type":"image\/webp"}],"twitter_card":"summary_large_image","twitter_misc":{"Tiempo de lectura":"4 minutos"},"schema":{"@context":"https:\/\/schema.org","@graph":[{"@type":"WebPage","@id":"https:\/\/icadblock.com\/es\/decoracion-en-dwg-planta-y-alzado\/arte-mural-en-planta-y-alzado\/","url":"https:\/\/icadblock.com\/es\/decoracion-en-dwg-planta-y-alzado\/arte-mural-en-planta-y-alzado\/","name":"Modelos DWG de arte mural en planta y alzado - iCADBLOCK","isPartOf":{"@id":"https:\/\/icadblock.com\/es\/#website"},"primaryImageOfPage":{"@id":"https:\/\/icadblock.com\/es\/decoracion-en-dwg-planta-y-alzado\/arte-mural-en-planta-y-alzado\/#primaryimage"},"image":{"@id":"https:\/\/icadblock.com\/es\/decoracion-en-dwg-planta-y-alzado\/arte-mural-en-planta-y-alzado\/#primaryimage"},"thumbnailUrl":"https:\/\/icadblock.com\/wp-content\/uploads\/2023\/08\/wall-arts-AutoCAD.webp","datePublished":"2023-08-10T11:40:14+00:00","dateModified":"2023-12-26T14:38:08+00:00","description":"Aqu\u00ed, en esta p\u00e1gina, proporcionamos la colecci\u00f3n de bloques CAD de arte mural en formato DWG. Puede descargar muchas pinturas en lienzo","breadcrumb":{"@id":"https:\/\/icadblock.com\/es\/decoracion-en-dwg-planta-y-alzado\/arte-mural-en-planta-y-alzado\/#breadcrumb"},"inLanguage":"es","potentialAction":[{"@type":"ReadAction","target":["https:\/\/icadblock.com\/es\/decoracion-en-dwg-planta-y-alzado\/arte-mural-en-planta-y-alzado\/"]}]},{"@type":"ImageObject","inLanguage":"es","@id":"https:\/\/icadblock.com\/es\/decoracion-en-dwg-planta-y-alzado\/arte-mural-en-planta-y-alzado\/#primaryimage","url":"https:\/\/icadblock.com\/wp-content\/uploads\/2023\/08\/wall-arts-AutoCAD.webp","contentUrl":"https:\/\/icadblock.com\/wp-content\/uploads\/2023\/08\/wall-arts-AutoCAD.webp","width":1000,"height":675,"caption":"arte mural en planta y alzado"},{"@type":"BreadcrumbList","@id":"https:\/\/icadblock.com\/es\/decoracion-en-dwg-planta-y-alzado\/arte-mural-en-planta-y-alzado\/#breadcrumb","itemListElement":[{"@type":"ListItem","position":1,"name":"Home","item":"https:\/\/icadblock.com\/es\/"},{"@type":"ListItem","position":2,"name":"Decoraci\u00f3n en DWG, planta y alzado.","item":"https:\/\/icadblock.com\/es\/decoracion-en-dwg-planta-y-alzado\/"},{"@type":"ListItem","position":3,"name":"Modelos DWG de arte mural en planta y alzado"}]},{"@type":"WebSite","@id":"https:\/\/icadblock.com\/es\/#website","url":"https:\/\/icadblock.com\/es\/","name":"iCADBLOCK","description":"CAD Block free download, 2d DWG models in plan","publisher":{"@id":"https:\/\/icadblock.com\/es\/#organization"},"potentialAction":[{"@type":"SearchAction","target":{"@type":"EntryPoint","urlTemplate":"https:\/\/icadblock.com\/es\/?s={search_term_string}"},"query-input":{"@type":"PropertyValueSpecification","valueRequired":true,"valueName":"search_term_string"}}],"inLanguage":"es"},{"@type":"Organization","@id":"https:\/\/icadblock.com\/es\/#organization","name":"icadblock","url":"https:\/\/icadblock.com\/es\/","logo":{"@type":"ImageObject","inLanguage":"es","@id":"https:\/\/icadblock.com\/es\/#\/schema\/logo\/image\/","url":"https:\/\/icadblock.com\/wp-content\/uploads\/2022\/02\/LOGO.png","contentUrl":"https:\/\/icadblock.com\/wp-content\/uploads\/2022\/02\/LOGO.png","width":546,"height":125,"caption":"icadblock"},"image":{"@id":"https:\/\/icadblock.com\/es\/#\/schema\/logo\/image\/"}}]}},"_links":{"self":[{"href":"https:\/\/icadblock.com\/es\/wp-json\/wp\/v2\/pages\/9682","targetHints":{"allow":["GET"]}}],"collection":[{"href":"https:\/\/icadblock.com\/es\/wp-json\/wp\/v2\/pages"}],"about":[{"href":"https:\/\/icadblock.com\/es\/wp-json\/wp\/v2\/types\/page"}],"author":[{"embeddable":true,"href":"https:\/\/icadblock.com\/es\/wp-json\/wp\/v2\/users\/2"}],"replies":[{"embeddable":true,"href":"https:\/\/icadblock.com\/es\/wp-json\/wp\/v2\/comments?post=9682"}],"version-history":[{"count":5,"href":"https:\/\/icadblock.com\/es\/wp-json\/wp\/v2\/pages\/9682\/revisions"}],"predecessor-version":[{"id":9687,"href":"https:\/\/icadblock.com\/es\/wp-json\/wp\/v2\/pages\/9682\/revisions\/9687"}],"up":[{"embeddable":true,"href":"https:\/\/icadblock.com\/es\/wp-json\/wp\/v2\/pages\/9676"}],"wp:featuredmedia":[{"embeddable":true,"href":"https:\/\/icadblock.com\/es\/wp-json\/wp\/v2\/media\/8497"}],"wp:attachment":[{"href":"https:\/\/icadblock.com\/es\/wp-json\/wp\/v2\/media?parent=9682"}],"curies":[{"name":"wp","href":"https:\/\/api.w.org\/{rel}","templated":true}]}}