{"id":9693,"date":"2023-08-19T06:28:15","date_gmt":"2023-08-19T06:28:15","guid":{"rendered":"https:\/\/icadblock.com\/?page_id=9693"},"modified":"2023-12-27T08:07:55","modified_gmt":"2023-12-27T08:07:55","slug":"espejo-en-dwg","status":"publish","type":"page","link":"https:\/\/icadblock.com\/es\/decoracion-en-dwg-planta-y-alzado\/espejo-en-dwg\/","title":{"rendered":"Espejo en DWG, colecci\u00f3n CAD Block"},"content":{"rendered":"\t\t<div data-elementor-type=\"wp-page\" data-elementor-id=\"9693\" class=\"elementor elementor-9693 elementor-6311\" data-elementor-post-type=\"page\">\n\t\t\t\t\t\t<section class=\"elementor-section elementor-top-section elementor-element elementor-element-4e1d30bf elementor-section-boxed elementor-section-height-default elementor-section-height-default\" data-id=\"4e1d30bf\" data-element_type=\"section\">\n\t\t\t\t\t\t<div class=\"elementor-container elementor-column-gap-default\">\n\t\t\t\t\t<div class=\"elementor-column elementor-col-50 elementor-top-column elementor-element elementor-element-53db966b\" data-id=\"53db966b\" data-element_type=\"column\">\n\t\t\t<div class=\"elementor-widget-wrap elementor-element-populated\">\n\t\t\t\t\t\t<div class=\"elementor-element elementor-element-5a3a0e10 elementor-widget elementor-widget-text-editor\" data-id=\"5a3a0e10\" data-element_type=\"widget\" data-widget_type=\"text-editor.default\">\n\t\t\t\t<div class=\"elementor-widget-container\">\n\t\t\t<style>\/*! elementor - v3.21.0 - 30-04-2024 *\/\n.elementor-widget-text-editor.elementor-drop-cap-view-stacked .elementor-drop-cap{background-color:#69727d;color:#fff}.elementor-widget-text-editor.elementor-drop-cap-view-framed .elementor-drop-cap{color:#69727d;border:3px solid;background-color:transparent}.elementor-widget-text-editor:not(.elementor-drop-cap-view-default) .elementor-drop-cap{margin-top:8px}.elementor-widget-text-editor:not(.elementor-drop-cap-view-default) .elementor-drop-cap-letter{width:1em;height:1em}.elementor-widget-text-editor .elementor-drop-cap{float:left;text-align:center;line-height:1;font-size:50px}.elementor-widget-text-editor .elementor-drop-cap-letter{display:inline-block}<\/style>\t\t\t\t<p>Aqu\u00ed, en esta p\u00e1gina, proporcionamos una colecci\u00f3n de bloques CAD <strong>espejo en DWG<\/strong>.<\/p><p>Hay diferentes tipos de espejos que puedes descargar y usar en tu dibujo.<\/p><p>Queremos agregar m\u00e1s espejos de calidad a esta categor\u00eda, por lo que es posible que desees marcar esta p\u00e1gina para futuras actualizaciones.<\/p><p>Mire los bloques CAD a continuaci\u00f3n y descargue cualquier archivo que crea que puede satisfacer sus necesidades.<\/p>\t\t\t\t\t\t<\/div>\n\t\t\t\t<\/div>\n\t\t\t\t<div class=\"elementor-element elementor-element-bab9fa4 elementor-widget elementor-widget-heading\" data-id=\"bab9fa4\" data-element_type=\"widget\" data-widget_type=\"heading.default\">\n\t\t\t\t<div class=\"elementor-widget-container\">\n\t\t\t<style>\/*! elementor - v3.21.0 - 30-04-2024 *\/\n.elementor-heading-title{padding:0;margin:0;line-height:1}.elementor-widget-heading .elementor-heading-title[class*=elementor-size-]>a{color:inherit;font-size:inherit;line-height:inherit}.elementor-widget-heading .elementor-heading-title.elementor-size-small{font-size:15px}.elementor-widget-heading .elementor-heading-title.elementor-size-medium{font-size:19px}.elementor-widget-heading .elementor-heading-title.elementor-size-large{font-size:29px}.elementor-widget-heading .elementor-heading-title.elementor-size-xl{font-size:39px}.elementor-widget-heading .elementor-heading-title.elementor-size-xxl{font-size:59px}<\/style><h2 class=\"elementor-heading-title elementor-size-default\">Espejo en DWG<\/h2>\t\t<\/div>\n\t\t\t\t<\/div>\n\t\t\t\t<div class=\"elementor-element elementor-element-6cf6c17 elementor-widget elementor-widget-text-editor\" data-id=\"6cf6c17\" data-element_type=\"widget\" data-widget_type=\"text-editor.default\">\n\t\t\t\t<div class=\"elementor-widget-container\">\n\t\t\t\t\t\t\t<p>Tambi\u00e9n puede descargar otros elementos de decoraci\u00f3n, como <a href=\"https:\/\/icadblock.com\/es\/decoracion-en-dwg-planta-y-alzado\/arte-mural-en-planta-y-alzado\/\"><em><strong>bloques CAD de arte mural<\/strong><\/em><\/a> y <a href=\"https:\/\/icadblock.com\/es\/cortina-en-dwg\/\"><em><strong>bloques CAD de cortinas<\/strong><\/em><\/a>, y otros <a href=\"https:\/\/icadblock.com\/es\/decoracion-en-dwg-planta-y-alzado\/\"><em><strong>bloques CAD de decoraci\u00f3n<\/strong><\/em><\/a>.<\/p><h3><span style=\"color: #0000ff;\">Notas:<\/span><\/h3><p>Los espejos juegan un papel importante en el dise\u00f1o del hogar.<\/p><p>La mayor\u00eda de los arquitectos utilizan Mirror CAD Block en sus dibujos.<\/p><p>Colgar un espejo en la pared es una idea muy com\u00fan para la colocaci\u00f3n de espejos.<\/p><p>Es mejor colocar espejos en las paredes norte u este.<\/p><p>Si desea utilizar un espejo en su dormitorio, evite colocarlo frente a su cama o frente a la puerta.<\/p><p>Colocar un espejo cerca de una ventana puede ser una buena idea.<\/p><p>Algunos arquitectos utilizan una mesa consola para colocarle un espejo. Tenemos algunos modelos DWG de mesa consola que puede encontrar en la p\u00e1gina Bloque CAD de mesa consola.<\/p><p>H\u00e1ganos saber si est\u00e1 buscando un tipo espec\u00edfico de espejo que no puede encontrar en este sitio web.<\/p>\t\t\t\t\t\t<\/div>\n\t\t\t\t<\/div>\n\t\t\t\t\t<\/div>\n\t\t<\/div>\n\t\t\t\t<div class=\"jet-sticky-column-sticky elementor-column elementor-col-50 elementor-top-column elementor-element elementor-element-b590942\" data-jet-sticky-column-settings=\"{&quot;id&quot;:&quot;b590942&quot;,&quot;sticky&quot;:true,&quot;topSpacing&quot;:50,&quot;bottomSpacing&quot;:50,&quot;stickyOn&quot;:[&quot;desktop&quot;,&quot;tablet&quot;]}\" data-id=\"b590942\" data-element_type=\"column\">\n\t\t\t<div class=\"elementor-widget-wrap elementor-element-populated\">\n\t\t\t\t\t\t\t<\/div>\n\t\t<\/div>\n\t\t\t\t\t<\/div>\n\t\t<\/section>\n\t\t\t\t<\/div>\n\t\t","protected":false},"excerpt":{"rendered":"<p>Aqu\u00ed, en esta p\u00e1gina, proporcionamos una colecci\u00f3n de bloques CAD espejo en DWG. Hay diferentes tipos de espejos que puedes [&hellip;]<\/p>\n","protected":false},"author":2,"featured_media":8510,"parent":9676,"menu_order":0,"comment_status":"closed","ping_status":"closed","template":"","meta":{"site-sidebar-layout":"default","site-content-layout":"","ast-site-content-layout":"","site-content-style":"default","site-sidebar-style":"default","ast-global-header-display":"","ast-banner-title-visibility":"","ast-main-header-display":"","ast-hfb-above-header-display":"","ast-hfb-below-header-display":"","ast-hfb-mobile-header-display":"","site-post-title":"","ast-breadcrumbs-content":"","ast-featured-img":"","footer-sml-layout":"","theme-transparent-header-meta":"","adv-header-id-meta":"","stick-header-meta":"","header-above-stick-meta":"","header-main-stick-meta":"","header-below-stick-meta":"","astra-migrate-meta-layouts":"default","ast-page-background-enabled":"default","ast-page-background-meta":{"desktop":{"background-color":"var(--ast-global-color-4)","background-image":"","background-repeat":"repeat","background-position":"center center","background-size":"auto","background-attachment":"scroll","background-type":"","background-media":"","overlay-type":"","overlay-color":"","overlay-gradient":""},"tablet":{"background-color":"","background-image":"","background-repeat":"repeat","background-position":"center center","background-size":"auto","background-attachment":"scroll","background-type":"","background-media":"","overlay-type":"","overlay-color":"","overlay-gradient":""},"mobile":{"background-color":"","background-image":"","background-repeat":"repeat","background-position":"center center","background-size":"auto","background-attachment":"scroll","background-type":"","background-media":"","overlay-type":"","overlay-color":"","overlay-gradient":""}},"ast-content-background-meta":{"desktop":{"background-color":"var(--ast-global-color-5)","background-image":"","background-repeat":"repeat","background-position":"center center","background-size":"auto","background-attachment":"scroll","background-type":"","background-media":"","overlay-type":"","overlay-color":"","overlay-gradient":""},"tablet":{"background-color":"var(--ast-global-color-5)","background-image":"","background-repeat":"repeat","background-position":"center center","background-size":"auto","background-attachment":"scroll","background-type":"","background-media":"","overlay-type":"","overlay-color":"","overlay-gradient":""},"mobile":{"background-color":"var(--ast-global-color-5)","background-image":"","background-repeat":"repeat","background-position":"center center","background-size":"auto","background-attachment":"scroll","background-type":"","background-media":"","overlay-type":"","overlay-color":"","overlay-gradient":""}},"footnotes":""},"class_list":["post-9693","page","type-page","status-publish","has-post-thumbnail","hentry"],"yoast_head":"<!-- This site is optimized with the Yoast SEO plugin v26.0 - https:\/\/yoast.com\/wordpress\/plugins\/seo\/ -->\n<title>Espejo en DWG, colecci\u00f3n CAD Block - iCADBLOCK<\/title>\n<meta name=\"description\" content=\"Aqu\u00ed, en esta p\u00e1gina, proporcionamos una colecci\u00f3n de bloques CAD espejo en DWG. Hay diferentes tipos de espejos que puedes descargar y usar\" \/>\n<meta name=\"robots\" content=\"index, follow, max-snippet:-1, max-image-preview:large, max-video-preview:-1\" \/>\n<link rel=\"canonical\" href=\"https:\/\/icadblock.com\/es\/decoracion-en-dwg-planta-y-alzado\/espejo-en-dwg\/\" \/>\n<meta property=\"og:locale\" content=\"es_ES\" \/>\n<meta property=\"og:type\" content=\"article\" \/>\n<meta property=\"og:title\" content=\"Espejo en DWG, colecci\u00f3n CAD Block - iCADBLOCK\" \/>\n<meta property=\"og:description\" content=\"Aqu\u00ed, en esta p\u00e1gina, proporcionamos una colecci\u00f3n de bloques CAD espejo en DWG. Hay diferentes tipos de espejos que puedes descargar y usar\" \/>\n<meta property=\"og:url\" content=\"https:\/\/icadblock.com\/es\/decoracion-en-dwg-planta-y-alzado\/espejo-en-dwg\/\" \/>\n<meta property=\"og:site_name\" content=\"iCADBLOCK\" \/>\n<meta property=\"article:modified_time\" content=\"2023-12-27T08:07:55+00:00\" \/>\n<meta property=\"og:image\" content=\"https:\/\/icadblock.com\/wp-content\/uploads\/2023\/08\/mirror-CAD-block.webp\" \/>\n\t<meta property=\"og:image:width\" content=\"1000\" \/>\n\t<meta property=\"og:image:height\" content=\"675\" \/>\n\t<meta property=\"og:image:type\" content=\"image\/webp\" \/>\n<meta name=\"twitter:card\" content=\"summary_large_image\" \/>\n<meta name=\"twitter:label1\" content=\"Tiempo de lectura\" \/>\n\t<meta name=\"twitter:data1\" content=\"2 minutos\" \/>\n<script type=\"application\/ld+json\" class=\"yoast-schema-graph\">{\"@context\":\"https:\/\/schema.org\",\"@graph\":[{\"@type\":\"WebPage\",\"@id\":\"https:\/\/icadblock.com\/es\/decoracion-en-dwg-planta-y-alzado\/espejo-en-dwg\/\",\"url\":\"https:\/\/icadblock.com\/es\/decoracion-en-dwg-planta-y-alzado\/espejo-en-dwg\/\",\"name\":\"Espejo en DWG, colecci\u00f3n CAD Block - iCADBLOCK\",\"isPartOf\":{\"@id\":\"https:\/\/icadblock.com\/es\/#website\"},\"primaryImageOfPage\":{\"@id\":\"https:\/\/icadblock.com\/es\/decoracion-en-dwg-planta-y-alzado\/espejo-en-dwg\/#primaryimage\"},\"image\":{\"@id\":\"https:\/\/icadblock.com\/es\/decoracion-en-dwg-planta-y-alzado\/espejo-en-dwg\/#primaryimage\"},\"thumbnailUrl\":\"https:\/\/icadblock.com\/wp-content\/uploads\/2023\/08\/mirror-CAD-block.webp\",\"datePublished\":\"2023-08-19T06:28:15+00:00\",\"dateModified\":\"2023-12-27T08:07:55+00:00\",\"description\":\"Aqu\u00ed, en esta p\u00e1gina, proporcionamos una colecci\u00f3n de bloques CAD espejo en DWG. Hay diferentes tipos de espejos que puedes descargar y usar\",\"breadcrumb\":{\"@id\":\"https:\/\/icadblock.com\/es\/decoracion-en-dwg-planta-y-alzado\/espejo-en-dwg\/#breadcrumb\"},\"inLanguage\":\"es\",\"potentialAction\":[{\"@type\":\"ReadAction\",\"target\":[\"https:\/\/icadblock.com\/es\/decoracion-en-dwg-planta-y-alzado\/espejo-en-dwg\/\"]}]},{\"@type\":\"ImageObject\",\"inLanguage\":\"es\",\"@id\":\"https:\/\/icadblock.com\/es\/decoracion-en-dwg-planta-y-alzado\/espejo-en-dwg\/#primaryimage\",\"url\":\"https:\/\/icadblock.com\/wp-content\/uploads\/2023\/08\/mirror-CAD-block.webp\",\"contentUrl\":\"https:\/\/icadblock.com\/wp-content\/uploads\/2023\/08\/mirror-CAD-block.webp\",\"width\":1000,\"height\":675,\"caption\":\"Espejo en DWG\"},{\"@type\":\"BreadcrumbList\",\"@id\":\"https:\/\/icadblock.com\/es\/decoracion-en-dwg-planta-y-alzado\/espejo-en-dwg\/#breadcrumb\",\"itemListElement\":[{\"@type\":\"ListItem\",\"position\":1,\"name\":\"Home\",\"item\":\"https:\/\/icadblock.com\/es\/\"},{\"@type\":\"ListItem\",\"position\":2,\"name\":\"Decoraci\u00f3n en DWG, planta y alzado.\",\"item\":\"https:\/\/icadblock.com\/es\/decoracion-en-dwg-planta-y-alzado\/\"},{\"@type\":\"ListItem\",\"position\":3,\"name\":\"Espejo en DWG, colecci\u00f3n CAD Block\"}]},{\"@type\":\"WebSite\",\"@id\":\"https:\/\/icadblock.com\/es\/#website\",\"url\":\"https:\/\/icadblock.com\/es\/\",\"name\":\"iCADBLOCK\",\"description\":\"CAD Block free download, 2d DWG models in plan\",\"publisher\":{\"@id\":\"https:\/\/icadblock.com\/es\/#organization\"},\"potentialAction\":[{\"@type\":\"SearchAction\",\"target\":{\"@type\":\"EntryPoint\",\"urlTemplate\":\"https:\/\/icadblock.com\/es\/?s={search_term_string}\"},\"query-input\":{\"@type\":\"PropertyValueSpecification\",\"valueRequired\":true,\"valueName\":\"search_term_string\"}}],\"inLanguage\":\"es\"},{\"@type\":\"Organization\",\"@id\":\"https:\/\/icadblock.com\/es\/#organization\",\"name\":\"icadblock\",\"url\":\"https:\/\/icadblock.com\/es\/\",\"logo\":{\"@type\":\"ImageObject\",\"inLanguage\":\"es\",\"@id\":\"https:\/\/icadblock.com\/es\/#\/schema\/logo\/image\/\",\"url\":\"https:\/\/icadblock.com\/wp-content\/uploads\/2022\/02\/LOGO.png\",\"contentUrl\":\"https:\/\/icadblock.com\/wp-content\/uploads\/2022\/02\/LOGO.png\",\"width\":546,\"height\":125,\"caption\":\"icadblock\"},\"image\":{\"@id\":\"https:\/\/icadblock.com\/es\/#\/schema\/logo\/image\/\"}}]}<\/script>\n<!-- \/ Yoast SEO plugin. -->","yoast_head_json":{"title":"Espejo en DWG, colecci\u00f3n CAD Block - iCADBLOCK","description":"Aqu\u00ed, en esta p\u00e1gina, proporcionamos una colecci\u00f3n de bloques CAD espejo en DWG. Hay diferentes tipos de espejos que puedes descargar y usar","robots":{"index":"index","follow":"follow","max-snippet":"max-snippet:-1","max-image-preview":"max-image-preview:large","max-video-preview":"max-video-preview:-1"},"canonical":"https:\/\/icadblock.com\/es\/decoracion-en-dwg-planta-y-alzado\/espejo-en-dwg\/","og_locale":"es_ES","og_type":"article","og_title":"Espejo en DWG, colecci\u00f3n CAD Block - iCADBLOCK","og_description":"Aqu\u00ed, en esta p\u00e1gina, proporcionamos una colecci\u00f3n de bloques CAD espejo en DWG. Hay diferentes tipos de espejos que puedes descargar y usar","og_url":"https:\/\/icadblock.com\/es\/decoracion-en-dwg-planta-y-alzado\/espejo-en-dwg\/","og_site_name":"iCADBLOCK","article_modified_time":"2023-12-27T08:07:55+00:00","og_image":[{"width":1000,"height":675,"url":"https:\/\/icadblock.com\/wp-content\/uploads\/2023\/08\/mirror-CAD-block.webp","type":"image\/webp"}],"twitter_card":"summary_large_image","twitter_misc":{"Tiempo de lectura":"2 minutos"},"schema":{"@context":"https:\/\/schema.org","@graph":[{"@type":"WebPage","@id":"https:\/\/icadblock.com\/es\/decoracion-en-dwg-planta-y-alzado\/espejo-en-dwg\/","url":"https:\/\/icadblock.com\/es\/decoracion-en-dwg-planta-y-alzado\/espejo-en-dwg\/","name":"Espejo en DWG, colecci\u00f3n CAD Block - iCADBLOCK","isPartOf":{"@id":"https:\/\/icadblock.com\/es\/#website"},"primaryImageOfPage":{"@id":"https:\/\/icadblock.com\/es\/decoracion-en-dwg-planta-y-alzado\/espejo-en-dwg\/#primaryimage"},"image":{"@id":"https:\/\/icadblock.com\/es\/decoracion-en-dwg-planta-y-alzado\/espejo-en-dwg\/#primaryimage"},"thumbnailUrl":"https:\/\/icadblock.com\/wp-content\/uploads\/2023\/08\/mirror-CAD-block.webp","datePublished":"2023-08-19T06:28:15+00:00","dateModified":"2023-12-27T08:07:55+00:00","description":"Aqu\u00ed, en esta p\u00e1gina, proporcionamos una colecci\u00f3n de bloques CAD espejo en DWG. Hay diferentes tipos de espejos que puedes descargar y usar","breadcrumb":{"@id":"https:\/\/icadblock.com\/es\/decoracion-en-dwg-planta-y-alzado\/espejo-en-dwg\/#breadcrumb"},"inLanguage":"es","potentialAction":[{"@type":"ReadAction","target":["https:\/\/icadblock.com\/es\/decoracion-en-dwg-planta-y-alzado\/espejo-en-dwg\/"]}]},{"@type":"ImageObject","inLanguage":"es","@id":"https:\/\/icadblock.com\/es\/decoracion-en-dwg-planta-y-alzado\/espejo-en-dwg\/#primaryimage","url":"https:\/\/icadblock.com\/wp-content\/uploads\/2023\/08\/mirror-CAD-block.webp","contentUrl":"https:\/\/icadblock.com\/wp-content\/uploads\/2023\/08\/mirror-CAD-block.webp","width":1000,"height":675,"caption":"Espejo en DWG"},{"@type":"BreadcrumbList","@id":"https:\/\/icadblock.com\/es\/decoracion-en-dwg-planta-y-alzado\/espejo-en-dwg\/#breadcrumb","itemListElement":[{"@type":"ListItem","position":1,"name":"Home","item":"https:\/\/icadblock.com\/es\/"},{"@type":"ListItem","position":2,"name":"Decoraci\u00f3n en DWG, planta y alzado.","item":"https:\/\/icadblock.com\/es\/decoracion-en-dwg-planta-y-alzado\/"},{"@type":"ListItem","position":3,"name":"Espejo en DWG, colecci\u00f3n CAD Block"}]},{"@type":"WebSite","@id":"https:\/\/icadblock.com\/es\/#website","url":"https:\/\/icadblock.com\/es\/","name":"iCADBLOCK","description":"CAD Block free download, 2d DWG models in plan","publisher":{"@id":"https:\/\/icadblock.com\/es\/#organization"},"potentialAction":[{"@type":"SearchAction","target":{"@type":"EntryPoint","urlTemplate":"https:\/\/icadblock.com\/es\/?s={search_term_string}"},"query-input":{"@type":"PropertyValueSpecification","valueRequired":true,"valueName":"search_term_string"}}],"inLanguage":"es"},{"@type":"Organization","@id":"https:\/\/icadblock.com\/es\/#organization","name":"icadblock","url":"https:\/\/icadblock.com\/es\/","logo":{"@type":"ImageObject","inLanguage":"es","@id":"https:\/\/icadblock.com\/es\/#\/schema\/logo\/image\/","url":"https:\/\/icadblock.com\/wp-content\/uploads\/2022\/02\/LOGO.png","contentUrl":"https:\/\/icadblock.com\/wp-content\/uploads\/2022\/02\/LOGO.png","width":546,"height":125,"caption":"icadblock"},"image":{"@id":"https:\/\/icadblock.com\/es\/#\/schema\/logo\/image\/"}}]}},"_links":{"self":[{"href":"https:\/\/icadblock.com\/es\/wp-json\/wp\/v2\/pages\/9693","targetHints":{"allow":["GET"]}}],"collection":[{"href":"https:\/\/icadblock.com\/es\/wp-json\/wp\/v2\/pages"}],"about":[{"href":"https:\/\/icadblock.com\/es\/wp-json\/wp\/v2\/types\/page"}],"author":[{"embeddable":true,"href":"https:\/\/icadblock.com\/es\/wp-json\/wp\/v2\/users\/2"}],"replies":[{"embeddable":true,"href":"https:\/\/icadblock.com\/es\/wp-json\/wp\/v2\/comments?post=9693"}],"version-history":[{"count":4,"href":"https:\/\/icadblock.com\/es\/wp-json\/wp\/v2\/pages\/9693\/revisions"}],"predecessor-version":[{"id":9697,"href":"https:\/\/icadblock.com\/es\/wp-json\/wp\/v2\/pages\/9693\/revisions\/9697"}],"up":[{"embeddable":true,"href":"https:\/\/icadblock.com\/es\/wp-json\/wp\/v2\/pages\/9676"}],"wp:featuredmedia":[{"embeddable":true,"href":"https:\/\/icadblock.com\/es\/wp-json\/wp\/v2\/media\/8510"}],"wp:attachment":[{"href":"https:\/\/icadblock.com\/es\/wp-json\/wp\/v2\/media?parent=9693"}],"curies":[{"name":"wp","href":"https:\/\/api.w.org\/{rel}","templated":true}]}}