{"id":9715,"date":"2023-08-21T09:25:24","date_gmt":"2023-08-21T09:25:24","guid":{"rendered":"https:\/\/icadblock.com\/?page_id=9715"},"modified":"2023-12-27T08:52:35","modified_gmt":"2023-12-27T08:52:35","slug":"bloque-cad-de-kayak","status":"publish","type":"page","link":"https:\/\/icadblock.com\/es\/vehiculos-en-dwg\/barco-dwg-bloques-cad\/bloque-cad-de-kayak\/","title":{"rendered":"Bloque cad de kayak en la parte superior, frontal, trasera y lateral"},"content":{"rendered":"\t\t<div data-elementor-type=\"wp-page\" data-elementor-id=\"9715\" class=\"elementor elementor-9715 elementor-6374\" data-elementor-post-type=\"page\">\n\t\t\t\t\t\t<section class=\"elementor-section elementor-top-section elementor-element elementor-element-2b61411f elementor-section-boxed elementor-section-height-default elementor-section-height-default\" data-id=\"2b61411f\" data-element_type=\"section\">\n\t\t\t\t\t\t<div class=\"elementor-container elementor-column-gap-default\">\n\t\t\t\t\t<div class=\"elementor-column elementor-col-50 elementor-top-column elementor-element elementor-element-61a18b3\" data-id=\"61a18b3\" data-element_type=\"column\">\n\t\t\t<div class=\"elementor-widget-wrap elementor-element-populated\">\n\t\t\t\t\t\t<div class=\"elementor-element elementor-element-38784ef elementor-widget elementor-widget-text-editor\" data-id=\"38784ef\" data-element_type=\"widget\" data-widget_type=\"text-editor.default\">\n\t\t\t\t<div class=\"elementor-widget-container\">\n\t\t\t<style>\/*! elementor - v3.21.0 - 30-04-2024 *\/\n.elementor-widget-text-editor.elementor-drop-cap-view-stacked .elementor-drop-cap{background-color:#69727d;color:#fff}.elementor-widget-text-editor.elementor-drop-cap-view-framed .elementor-drop-cap{color:#69727d;border:3px solid;background-color:transparent}.elementor-widget-text-editor:not(.elementor-drop-cap-view-default) .elementor-drop-cap{margin-top:8px}.elementor-widget-text-editor:not(.elementor-drop-cap-view-default) .elementor-drop-cap-letter{width:1em;height:1em}.elementor-widget-text-editor .elementor-drop-cap{float:left;text-align:center;line-height:1;font-size:50px}.elementor-widget-text-editor .elementor-drop-cap-letter{display:inline-block}<\/style>\t\t\t\t<p>Aqu\u00ed, en esta p\u00e1gina, proporcionamos bloques CAD DWG de Kayak en vistas superior, frontal, posterior y lateral.<\/p><p>Aqu\u00ed puedes buscar y descargar kayaks con remos y remeros y utilizarlos en tu dibujo.<\/p><p>Hay tantos bloques CAD de kayak que puedes descargar cualquier archivo que satisfaga tus necesidades.<\/p><p>Dibujar estos modelos 2D en vistas en planta y en alzado permite crear un modelo 3D del kayak.<\/p>\t\t\t\t\t\t<\/div>\n\t\t\t\t<\/div>\n\t\t\t\t<div class=\"elementor-element elementor-element-518d05e elementor-widget elementor-widget-heading\" data-id=\"518d05e\" data-element_type=\"widget\" data-widget_type=\"heading.default\">\n\t\t\t\t<div class=\"elementor-widget-container\">\n\t\t\t<style>\/*! elementor - v3.21.0 - 30-04-2024 *\/\n.elementor-heading-title{padding:0;margin:0;line-height:1}.elementor-widget-heading .elementor-heading-title[class*=elementor-size-]>a{color:inherit;font-size:inherit;line-height:inherit}.elementor-widget-heading .elementor-heading-title.elementor-size-small{font-size:15px}.elementor-widget-heading .elementor-heading-title.elementor-size-medium{font-size:19px}.elementor-widget-heading .elementor-heading-title.elementor-size-large{font-size:29px}.elementor-widget-heading .elementor-heading-title.elementor-size-xl{font-size:39px}.elementor-widget-heading .elementor-heading-title.elementor-size-xxl{font-size:59px}<\/style><h2 class=\"elementor-heading-title elementor-size-default\">Bloque cad de kayak<\/h2>\t\t<\/div>\n\t\t\t\t<\/div>\n\t\t\t\t<div class=\"elementor-element elementor-element-79e0d21 elementor-widget elementor-widget-text-editor\" data-id=\"79e0d21\" data-element_type=\"widget\" data-widget_type=\"text-editor.default\">\n\t\t\t\t<div class=\"elementor-widget-container\">\n\t\t\t\t\t\t\t<p>Si est\u00e1 buscando otros tipos de embarcaciones, puede encontrarlas en Bloques CAD de <a href=\"https:\/\/icadblock.com\/es\/vehiculos-en-dwg\/barco-dwg-bloques-cad\/canoa-dwg\/\"><em><strong>canoa DWG<\/strong><\/em><\/a> y <a href=\"https:\/\/icadblock.com\/es\/vehiculos-en-dwg\/barco-dwg-bloques-cad\/lancha-rapida-en-dwg\/\"><em><strong>Bloques CAD de lancha r\u00e1pida<\/strong><\/em><\/a>.<\/p><h3><span style=\"color: #0000ff;\">Notas:<\/span><\/h3><p>El kayak es un barco parecido a una canoa que puedes utilizar en tu dibujo.<\/p><p>Si est\u00e1s dise\u00f1ando lugares recreativos y deportivos, puedes utilizar este tipo de embarcaciones.<\/p><p>Hay diferentes tipos de kayaks que puedes elegir seg\u00fan tu idea de dise\u00f1o.<\/p><p>Hemos intentado abarcar todos los tipos de kayaks en esta categor\u00eda, pero si buscas un tipo de embarcaci\u00f3n en concreto, puedes contactar con nosotros y contarnos qu\u00e9 necesitas.<\/p><p>El uso de Kayak DWG CAD Blocks har\u00e1 que su dibujo sea m\u00e1s hermoso y podr\u00e1 brindar m\u00e1s informaci\u00f3n sobre su dise\u00f1o al cliente.<\/p><p>Descargue y utilice estos bloques CAD de alta calidad y disfrute.<\/p>\t\t\t\t\t\t<\/div>\n\t\t\t\t<\/div>\n\t\t\t\t\t<\/div>\n\t\t<\/div>\n\t\t\t\t<div class=\"jet-sticky-column-sticky elementor-column elementor-col-50 elementor-top-column elementor-element elementor-element-434302d\" data-jet-sticky-column-settings=\"{&quot;id&quot;:&quot;434302d&quot;,&quot;sticky&quot;:true,&quot;topSpacing&quot;:50,&quot;bottomSpacing&quot;:50,&quot;stickyOn&quot;:[&quot;desktop&quot;,&quot;tablet&quot;]}\" data-id=\"434302d\" data-element_type=\"column\">\n\t\t\t<div class=\"elementor-widget-wrap elementor-element-populated\">\n\t\t\t\t\t\t\t<\/div>\n\t\t<\/div>\n\t\t\t\t\t<\/div>\n\t\t<\/section>\n\t\t\t\t<\/div>\n\t\t","protected":false},"excerpt":{"rendered":"<p>Aqu\u00ed, en esta p\u00e1gina, proporcionamos bloques CAD DWG de Kayak en vistas superior, frontal, posterior y lateral. Aqu\u00ed puedes buscar [&hellip;]<\/p>\n","protected":false},"author":2,"featured_media":8522,"parent":9698,"menu_order":0,"comment_status":"closed","ping_status":"closed","template":"","meta":{"site-sidebar-layout":"default","site-content-layout":"","ast-site-content-layout":"","site-content-style":"default","site-sidebar-style":"default","ast-global-header-display":"","ast-banner-title-visibility":"","ast-main-header-display":"","ast-hfb-above-header-display":"","ast-hfb-below-header-display":"","ast-hfb-mobile-header-display":"","site-post-title":"","ast-breadcrumbs-content":"","ast-featured-img":"","footer-sml-layout":"","theme-transparent-header-meta":"","adv-header-id-meta":"","stick-header-meta":"","header-above-stick-meta":"","header-main-stick-meta":"","header-below-stick-meta":"","astra-migrate-meta-layouts":"default","ast-page-background-enabled":"default","ast-page-background-meta":{"desktop":{"background-color":"var(--ast-global-color-4)","background-image":"","background-repeat":"repeat","background-position":"center center","background-size":"auto","background-attachment":"scroll","background-type":"","background-media":"","overlay-type":"","overlay-color":"","overlay-gradient":""},"tablet":{"background-color":"","background-image":"","background-repeat":"repeat","background-position":"center center","background-size":"auto","background-attachment":"scroll","background-type":"","background-media":"","overlay-type":"","overlay-color":"","overlay-gradient":""},"mobile":{"background-color":"","background-image":"","background-repeat":"repeat","background-position":"center center","background-size":"auto","background-attachment":"scroll","background-type":"","background-media":"","overlay-type":"","overlay-color":"","overlay-gradient":""}},"ast-content-background-meta":{"desktop":{"background-color":"var(--ast-global-color-5)","background-image":"","background-repeat":"repeat","background-position":"center center","background-size":"auto","background-attachment":"scroll","background-type":"","background-media":"","overlay-type":"","overlay-color":"","overlay-gradient":""},"tablet":{"background-color":"var(--ast-global-color-5)","background-image":"","background-repeat":"repeat","background-position":"center center","background-size":"auto","background-attachment":"scroll","background-type":"","background-media":"","overlay-type":"","overlay-color":"","overlay-gradient":""},"mobile":{"background-color":"var(--ast-global-color-5)","background-image":"","background-repeat":"repeat","background-position":"center center","background-size":"auto","background-attachment":"scroll","background-type":"","background-media":"","overlay-type":"","overlay-color":"","overlay-gradient":""}},"footnotes":""},"class_list":["post-9715","page","type-page","status-publish","has-post-thumbnail","hentry"],"yoast_head":"<!-- This site is optimized with the Yoast SEO plugin v26.0 - https:\/\/yoast.com\/wordpress\/plugins\/seo\/ -->\n<title>Bloque cad de kayak en la parte superior, frontal, trasera y lateral - iCADBLOCK<\/title>\n<meta name=\"description\" content=\"en esta p\u00e1gina, proporcionamos bloques CAD DWG de Kayak en vistas superior, frontal, posterior y lateral.Aqu\u00ed puedes buscar y descargar\" \/>\n<meta name=\"robots\" content=\"index, follow, max-snippet:-1, max-image-preview:large, max-video-preview:-1\" \/>\n<link rel=\"canonical\" href=\"https:\/\/icadblock.com\/es\/vehiculos-en-dwg\/barco-dwg-bloques-cad\/bloque-cad-de-kayak\/\" \/>\n<meta property=\"og:locale\" content=\"es_ES\" \/>\n<meta property=\"og:type\" content=\"article\" \/>\n<meta property=\"og:title\" content=\"Bloque cad de kayak en la parte superior, frontal, trasera y lateral - iCADBLOCK\" \/>\n<meta property=\"og:description\" content=\"en esta p\u00e1gina, proporcionamos bloques CAD DWG de Kayak en vistas superior, frontal, posterior y lateral.Aqu\u00ed puedes buscar y descargar\" \/>\n<meta property=\"og:url\" content=\"https:\/\/icadblock.com\/es\/vehiculos-en-dwg\/barco-dwg-bloques-cad\/bloque-cad-de-kayak\/\" \/>\n<meta property=\"og:site_name\" content=\"iCADBLOCK\" \/>\n<meta property=\"article:modified_time\" content=\"2023-12-27T08:52:35+00:00\" \/>\n<meta property=\"og:image\" content=\"https:\/\/icadblock.com\/wp-content\/uploads\/2023\/08\/kayak-CAD-Blocks.webp\" \/>\n\t<meta property=\"og:image:width\" content=\"1000\" \/>\n\t<meta property=\"og:image:height\" content=\"675\" \/>\n\t<meta property=\"og:image:type\" content=\"image\/webp\" \/>\n<meta name=\"twitter:card\" content=\"summary_large_image\" \/>\n<meta name=\"twitter:label1\" content=\"Tiempo de lectura\" \/>\n\t<meta name=\"twitter:data1\" content=\"2 minutos\" \/>\n<script type=\"application\/ld+json\" class=\"yoast-schema-graph\">{\"@context\":\"https:\/\/schema.org\",\"@graph\":[{\"@type\":\"WebPage\",\"@id\":\"https:\/\/icadblock.com\/es\/vehiculos-en-dwg\/barco-dwg-bloques-cad\/bloque-cad-de-kayak\/\",\"url\":\"https:\/\/icadblock.com\/es\/vehiculos-en-dwg\/barco-dwg-bloques-cad\/bloque-cad-de-kayak\/\",\"name\":\"Bloque cad de kayak en la parte superior, frontal, trasera y lateral - iCADBLOCK\",\"isPartOf\":{\"@id\":\"https:\/\/icadblock.com\/es\/#website\"},\"primaryImageOfPage\":{\"@id\":\"https:\/\/icadblock.com\/es\/vehiculos-en-dwg\/barco-dwg-bloques-cad\/bloque-cad-de-kayak\/#primaryimage\"},\"image\":{\"@id\":\"https:\/\/icadblock.com\/es\/vehiculos-en-dwg\/barco-dwg-bloques-cad\/bloque-cad-de-kayak\/#primaryimage\"},\"thumbnailUrl\":\"https:\/\/icadblock.com\/wp-content\/uploads\/2023\/08\/kayak-CAD-Blocks.webp\",\"datePublished\":\"2023-08-21T09:25:24+00:00\",\"dateModified\":\"2023-12-27T08:52:35+00:00\",\"description\":\"en esta p\u00e1gina, proporcionamos bloques CAD DWG de Kayak en vistas superior, frontal, posterior y lateral.Aqu\u00ed puedes buscar y descargar\",\"breadcrumb\":{\"@id\":\"https:\/\/icadblock.com\/es\/vehiculos-en-dwg\/barco-dwg-bloques-cad\/bloque-cad-de-kayak\/#breadcrumb\"},\"inLanguage\":\"es\",\"potentialAction\":[{\"@type\":\"ReadAction\",\"target\":[\"https:\/\/icadblock.com\/es\/vehiculos-en-dwg\/barco-dwg-bloques-cad\/bloque-cad-de-kayak\/\"]}]},{\"@type\":\"ImageObject\",\"inLanguage\":\"es\",\"@id\":\"https:\/\/icadblock.com\/es\/vehiculos-en-dwg\/barco-dwg-bloques-cad\/bloque-cad-de-kayak\/#primaryimage\",\"url\":\"https:\/\/icadblock.com\/wp-content\/uploads\/2023\/08\/kayak-CAD-Blocks.webp\",\"contentUrl\":\"https:\/\/icadblock.com\/wp-content\/uploads\/2023\/08\/kayak-CAD-Blocks.webp\",\"width\":1000,\"height\":675,\"caption\":\"Bloque cad de kayak\"},{\"@type\":\"BreadcrumbList\",\"@id\":\"https:\/\/icadblock.com\/es\/vehiculos-en-dwg\/barco-dwg-bloques-cad\/bloque-cad-de-kayak\/#breadcrumb\",\"itemListElement\":[{\"@type\":\"ListItem\",\"position\":1,\"name\":\"Home\",\"item\":\"https:\/\/icadblock.com\/es\/\"},{\"@type\":\"ListItem\",\"position\":2,\"name\":\"Veh\u00edculos en DWG, planta y alzado.\",\"item\":\"https:\/\/icadblock.com\/es\/vehiculos-en-dwg\/\"},{\"@type\":\"ListItem\",\"position\":3,\"name\":\"Barco DWG Bloques CAD en planta y alzado\",\"item\":\"https:\/\/icadblock.com\/es\/vehiculos-en-dwg\/barco-dwg-bloques-cad\/\"},{\"@type\":\"ListItem\",\"position\":4,\"name\":\"Bloque cad de kayak en la parte superior, frontal, trasera y lateral\"}]},{\"@type\":\"WebSite\",\"@id\":\"https:\/\/icadblock.com\/es\/#website\",\"url\":\"https:\/\/icadblock.com\/es\/\",\"name\":\"iCADBLOCK\",\"description\":\"CAD Block free download, 2d DWG models in plan\",\"publisher\":{\"@id\":\"https:\/\/icadblock.com\/es\/#organization\"},\"potentialAction\":[{\"@type\":\"SearchAction\",\"target\":{\"@type\":\"EntryPoint\",\"urlTemplate\":\"https:\/\/icadblock.com\/es\/?s={search_term_string}\"},\"query-input\":{\"@type\":\"PropertyValueSpecification\",\"valueRequired\":true,\"valueName\":\"search_term_string\"}}],\"inLanguage\":\"es\"},{\"@type\":\"Organization\",\"@id\":\"https:\/\/icadblock.com\/es\/#organization\",\"name\":\"icadblock\",\"url\":\"https:\/\/icadblock.com\/es\/\",\"logo\":{\"@type\":\"ImageObject\",\"inLanguage\":\"es\",\"@id\":\"https:\/\/icadblock.com\/es\/#\/schema\/logo\/image\/\",\"url\":\"https:\/\/icadblock.com\/wp-content\/uploads\/2022\/02\/LOGO.png\",\"contentUrl\":\"https:\/\/icadblock.com\/wp-content\/uploads\/2022\/02\/LOGO.png\",\"width\":546,\"height\":125,\"caption\":\"icadblock\"},\"image\":{\"@id\":\"https:\/\/icadblock.com\/es\/#\/schema\/logo\/image\/\"}}]}<\/script>\n<!-- \/ Yoast SEO plugin. -->","yoast_head_json":{"title":"Bloque cad de kayak en la parte superior, frontal, trasera y lateral - iCADBLOCK","description":"en esta p\u00e1gina, proporcionamos bloques CAD DWG de Kayak en vistas superior, frontal, posterior y lateral.Aqu\u00ed puedes buscar y descargar","robots":{"index":"index","follow":"follow","max-snippet":"max-snippet:-1","max-image-preview":"max-image-preview:large","max-video-preview":"max-video-preview:-1"},"canonical":"https:\/\/icadblock.com\/es\/vehiculos-en-dwg\/barco-dwg-bloques-cad\/bloque-cad-de-kayak\/","og_locale":"es_ES","og_type":"article","og_title":"Bloque cad de kayak en la parte superior, frontal, trasera y lateral - iCADBLOCK","og_description":"en esta p\u00e1gina, proporcionamos bloques CAD DWG de Kayak en vistas superior, frontal, posterior y lateral.Aqu\u00ed puedes buscar y descargar","og_url":"https:\/\/icadblock.com\/es\/vehiculos-en-dwg\/barco-dwg-bloques-cad\/bloque-cad-de-kayak\/","og_site_name":"iCADBLOCK","article_modified_time":"2023-12-27T08:52:35+00:00","og_image":[{"width":1000,"height":675,"url":"https:\/\/icadblock.com\/wp-content\/uploads\/2023\/08\/kayak-CAD-Blocks.webp","type":"image\/webp"}],"twitter_card":"summary_large_image","twitter_misc":{"Tiempo de lectura":"2 minutos"},"schema":{"@context":"https:\/\/schema.org","@graph":[{"@type":"WebPage","@id":"https:\/\/icadblock.com\/es\/vehiculos-en-dwg\/barco-dwg-bloques-cad\/bloque-cad-de-kayak\/","url":"https:\/\/icadblock.com\/es\/vehiculos-en-dwg\/barco-dwg-bloques-cad\/bloque-cad-de-kayak\/","name":"Bloque cad de kayak en la parte superior, frontal, trasera y lateral - iCADBLOCK","isPartOf":{"@id":"https:\/\/icadblock.com\/es\/#website"},"primaryImageOfPage":{"@id":"https:\/\/icadblock.com\/es\/vehiculos-en-dwg\/barco-dwg-bloques-cad\/bloque-cad-de-kayak\/#primaryimage"},"image":{"@id":"https:\/\/icadblock.com\/es\/vehiculos-en-dwg\/barco-dwg-bloques-cad\/bloque-cad-de-kayak\/#primaryimage"},"thumbnailUrl":"https:\/\/icadblock.com\/wp-content\/uploads\/2023\/08\/kayak-CAD-Blocks.webp","datePublished":"2023-08-21T09:25:24+00:00","dateModified":"2023-12-27T08:52:35+00:00","description":"en esta p\u00e1gina, proporcionamos bloques CAD DWG de Kayak en vistas superior, frontal, posterior y lateral.Aqu\u00ed puedes buscar y descargar","breadcrumb":{"@id":"https:\/\/icadblock.com\/es\/vehiculos-en-dwg\/barco-dwg-bloques-cad\/bloque-cad-de-kayak\/#breadcrumb"},"inLanguage":"es","potentialAction":[{"@type":"ReadAction","target":["https:\/\/icadblock.com\/es\/vehiculos-en-dwg\/barco-dwg-bloques-cad\/bloque-cad-de-kayak\/"]}]},{"@type":"ImageObject","inLanguage":"es","@id":"https:\/\/icadblock.com\/es\/vehiculos-en-dwg\/barco-dwg-bloques-cad\/bloque-cad-de-kayak\/#primaryimage","url":"https:\/\/icadblock.com\/wp-content\/uploads\/2023\/08\/kayak-CAD-Blocks.webp","contentUrl":"https:\/\/icadblock.com\/wp-content\/uploads\/2023\/08\/kayak-CAD-Blocks.webp","width":1000,"height":675,"caption":"Bloque cad de kayak"},{"@type":"BreadcrumbList","@id":"https:\/\/icadblock.com\/es\/vehiculos-en-dwg\/barco-dwg-bloques-cad\/bloque-cad-de-kayak\/#breadcrumb","itemListElement":[{"@type":"ListItem","position":1,"name":"Home","item":"https:\/\/icadblock.com\/es\/"},{"@type":"ListItem","position":2,"name":"Veh\u00edculos en DWG, planta y alzado.","item":"https:\/\/icadblock.com\/es\/vehiculos-en-dwg\/"},{"@type":"ListItem","position":3,"name":"Barco DWG Bloques CAD en planta y alzado","item":"https:\/\/icadblock.com\/es\/vehiculos-en-dwg\/barco-dwg-bloques-cad\/"},{"@type":"ListItem","position":4,"name":"Bloque cad de kayak en la parte superior, frontal, trasera y lateral"}]},{"@type":"WebSite","@id":"https:\/\/icadblock.com\/es\/#website","url":"https:\/\/icadblock.com\/es\/","name":"iCADBLOCK","description":"CAD Block free download, 2d DWG models in plan","publisher":{"@id":"https:\/\/icadblock.com\/es\/#organization"},"potentialAction":[{"@type":"SearchAction","target":{"@type":"EntryPoint","urlTemplate":"https:\/\/icadblock.com\/es\/?s={search_term_string}"},"query-input":{"@type":"PropertyValueSpecification","valueRequired":true,"valueName":"search_term_string"}}],"inLanguage":"es"},{"@type":"Organization","@id":"https:\/\/icadblock.com\/es\/#organization","name":"icadblock","url":"https:\/\/icadblock.com\/es\/","logo":{"@type":"ImageObject","inLanguage":"es","@id":"https:\/\/icadblock.com\/es\/#\/schema\/logo\/image\/","url":"https:\/\/icadblock.com\/wp-content\/uploads\/2022\/02\/LOGO.png","contentUrl":"https:\/\/icadblock.com\/wp-content\/uploads\/2022\/02\/LOGO.png","width":546,"height":125,"caption":"icadblock"},"image":{"@id":"https:\/\/icadblock.com\/es\/#\/schema\/logo\/image\/"}}]}},"_links":{"self":[{"href":"https:\/\/icadblock.com\/es\/wp-json\/wp\/v2\/pages\/9715","targetHints":{"allow":["GET"]}}],"collection":[{"href":"https:\/\/icadblock.com\/es\/wp-json\/wp\/v2\/pages"}],"about":[{"href":"https:\/\/icadblock.com\/es\/wp-json\/wp\/v2\/types\/page"}],"author":[{"embeddable":true,"href":"https:\/\/icadblock.com\/es\/wp-json\/wp\/v2\/users\/2"}],"replies":[{"embeddable":true,"href":"https:\/\/icadblock.com\/es\/wp-json\/wp\/v2\/comments?post=9715"}],"version-history":[{"count":4,"href":"https:\/\/icadblock.com\/es\/wp-json\/wp\/v2\/pages\/9715\/revisions"}],"predecessor-version":[{"id":9719,"href":"https:\/\/icadblock.com\/es\/wp-json\/wp\/v2\/pages\/9715\/revisions\/9719"}],"up":[{"embeddable":true,"href":"https:\/\/icadblock.com\/es\/wp-json\/wp\/v2\/pages\/9698"}],"wp:featuredmedia":[{"embeddable":true,"href":"https:\/\/icadblock.com\/es\/wp-json\/wp\/v2\/media\/8522"}],"wp:attachment":[{"href":"https:\/\/icadblock.com\/es\/wp-json\/wp\/v2\/media?parent=9715"}],"curies":[{"name":"wp","href":"https:\/\/api.w.org\/{rel}","templated":true}]}}