{"id":9720,"date":"2023-08-22T13:31:56","date_gmt":"2023-08-22T13:31:56","guid":{"rendered":"https:\/\/icadblock.com\/?page_id=9720"},"modified":"2023-12-27T08:58:12","modified_gmt":"2023-12-27T08:58:12","slug":"reloj-en-dwg-autocad","status":"publish","type":"page","link":"https:\/\/icadblock.com\/es\/decoracion-en-dwg-planta-y-alzado\/reloj-en-dwg-autocad\/","title":{"rendered":"Reloj en DWG AutoCAD, planta y alzado."},"content":{"rendered":"\t\t<div data-elementor-type=\"wp-page\" data-elementor-id=\"9720\" class=\"elementor elementor-9720 elementor-6403\" data-elementor-post-type=\"page\">\n\t\t\t\t\t\t<section class=\"elementor-section elementor-top-section elementor-element elementor-element-638e982 elementor-section-boxed elementor-section-height-default elementor-section-height-default\" data-id=\"638e982\" data-element_type=\"section\">\n\t\t\t\t\t\t<div class=\"elementor-container elementor-column-gap-default\">\n\t\t\t\t\t<div class=\"elementor-column elementor-col-50 elementor-top-column elementor-element elementor-element-22e8819f\" data-id=\"22e8819f\" data-element_type=\"column\">\n\t\t\t<div class=\"elementor-widget-wrap elementor-element-populated\">\n\t\t\t\t\t\t<div class=\"elementor-element elementor-element-3cf08ca9 elementor-widget elementor-widget-text-editor\" data-id=\"3cf08ca9\" data-element_type=\"widget\" data-widget_type=\"text-editor.default\">\n\t\t\t\t<div class=\"elementor-widget-container\">\n\t\t\t<style>\/*! elementor - v3.21.0 - 30-04-2024 *\/\n.elementor-widget-text-editor.elementor-drop-cap-view-stacked .elementor-drop-cap{background-color:#69727d;color:#fff}.elementor-widget-text-editor.elementor-drop-cap-view-framed .elementor-drop-cap{color:#69727d;border:3px solid;background-color:transparent}.elementor-widget-text-editor:not(.elementor-drop-cap-view-default) .elementor-drop-cap{margin-top:8px}.elementor-widget-text-editor:not(.elementor-drop-cap-view-default) .elementor-drop-cap-letter{width:1em;height:1em}.elementor-widget-text-editor .elementor-drop-cap{float:left;text-align:center;line-height:1;font-size:50px}.elementor-widget-text-editor .elementor-drop-cap-letter{display:inline-block}<\/style>\t\t\t\t<p>Aqu\u00ed en esta p\u00e1gina hemos proporcionado un <strong>reloj en DWG AutoCAD<\/strong> en planta y alzado.<br \/><br \/>En esta categor\u00eda hay muchos relojes de diferentes tipos y formas.<br \/><br \/>Puede buscar y descargar relojes despertadores, relojes de pared, relojes de abuelo, relojes de mesa, etc.<br \/><br \/>Mire los siguientes bloques CAD y descargue cualquier archivo que satisfaga sus necesidades.<br \/><br \/>Es posible que tambi\u00e9n desee marcar esta p\u00e1gina como favorita para futuras actualizaciones.<\/p>\t\t\t\t\t\t<\/div>\n\t\t\t\t<\/div>\n\t\t\t\t<div class=\"elementor-element elementor-element-592f83c elementor-widget elementor-widget-heading\" data-id=\"592f83c\" data-element_type=\"widget\" data-widget_type=\"heading.default\">\n\t\t\t\t<div class=\"elementor-widget-container\">\n\t\t\t<style>\/*! elementor - v3.21.0 - 30-04-2024 *\/\n.elementor-heading-title{padding:0;margin:0;line-height:1}.elementor-widget-heading .elementor-heading-title[class*=elementor-size-]>a{color:inherit;font-size:inherit;line-height:inherit}.elementor-widget-heading .elementor-heading-title.elementor-size-small{font-size:15px}.elementor-widget-heading .elementor-heading-title.elementor-size-medium{font-size:19px}.elementor-widget-heading .elementor-heading-title.elementor-size-large{font-size:29px}.elementor-widget-heading .elementor-heading-title.elementor-size-xl{font-size:39px}.elementor-widget-heading .elementor-heading-title.elementor-size-xxl{font-size:59px}<\/style><h2 class=\"elementor-heading-title elementor-size-default\">Reloj en DWG<\/h2>\t\t<\/div>\n\t\t\t\t<\/div>\n\t\t\t\t<div class=\"elementor-element elementor-element-7efb8b4 elementor-widget elementor-widget-text-editor\" data-id=\"7efb8b4\" data-element_type=\"widget\" data-widget_type=\"text-editor.default\">\n\t\t\t\t<div class=\"elementor-widget-container\">\n\t\t\t\t\t\t\t<p>Tambi\u00e9n puedes descargar otros<a href=\"https:\/\/icadblock.com\/es\/decoracion-en-dwg-planta-y-alzado\/\"><em><strong> bloques CAD de decoraci\u00f3n<\/strong><\/em><\/a>.<\/p><h3><span style=\"color: #0000ff;\">Notas:<\/span><\/h3><p>El reloj es uno de los elementos de decoraci\u00f3n que puedes encontrar en la mayor\u00eda de lugares.<\/p><p>Si quieres utilizar un reloj de pie, colocarlo delante de la entrada puede ser una buena idea.<\/p><p>Hay relojes que est\u00e1n hechos para colocar sobre la mesa, llamados relojes de sobremesa.<\/p><p>Es mejor colocar un reloj de pared en las paredes norte o noreste.<\/p><p>El uso de Clock DWG CAD Block en un dibujo har\u00e1 que el dibujo se vea m\u00e1s hermoso y profesional.<\/p><p>Aqu\u00ed hemos intentado cubrir todos los tipos de relojes, pero es probable que est\u00e9s buscando un tipo de reloj espec\u00edfico que no est\u00e9 incluido en nuestro archivo, as\u00ed que no dudes en contactarnos y decirnos qu\u00e9 quieres.<\/p>\t\t\t\t\t\t<\/div>\n\t\t\t\t<\/div>\n\t\t\t\t\t<\/div>\n\t\t<\/div>\n\t\t\t\t<div class=\"jet-sticky-column-sticky elementor-column elementor-col-50 elementor-top-column elementor-element elementor-element-9caedec\" data-jet-sticky-column-settings=\"{&quot;id&quot;:&quot;9caedec&quot;,&quot;sticky&quot;:true,&quot;topSpacing&quot;:50,&quot;bottomSpacing&quot;:50,&quot;stickyOn&quot;:[&quot;desktop&quot;,&quot;tablet&quot;]}\" data-id=\"9caedec\" data-element_type=\"column\">\n\t\t\t<div class=\"elementor-widget-wrap elementor-element-populated\">\n\t\t\t\t\t\t\t<\/div>\n\t\t<\/div>\n\t\t\t\t\t<\/div>\n\t\t<\/section>\n\t\t\t\t<\/div>\n\t\t","protected":false},"excerpt":{"rendered":"<p>Aqu\u00ed en esta p\u00e1gina hemos proporcionado un reloj en DWG AutoCAD en planta y alzado. En esta categor\u00eda hay muchos [&hellip;]<\/p>\n","protected":false},"author":2,"featured_media":8526,"parent":9676,"menu_order":0,"comment_status":"closed","ping_status":"closed","template":"","meta":{"site-sidebar-layout":"default","site-content-layout":"","ast-site-content-layout":"","site-content-style":"default","site-sidebar-style":"default","ast-global-header-display":"","ast-banner-title-visibility":"","ast-main-header-display":"","ast-hfb-above-header-display":"","ast-hfb-below-header-display":"","ast-hfb-mobile-header-display":"","site-post-title":"","ast-breadcrumbs-content":"","ast-featured-img":"","footer-sml-layout":"","theme-transparent-header-meta":"","adv-header-id-meta":"","stick-header-meta":"","header-above-stick-meta":"","header-main-stick-meta":"","header-below-stick-meta":"","astra-migrate-meta-layouts":"default","ast-page-background-enabled":"default","ast-page-background-meta":{"desktop":{"background-color":"var(--ast-global-color-4)","background-image":"","background-repeat":"repeat","background-position":"center center","background-size":"auto","background-attachment":"scroll","background-type":"","background-media":"","overlay-type":"","overlay-color":"","overlay-gradient":""},"tablet":{"background-color":"","background-image":"","background-repeat":"repeat","background-position":"center center","background-size":"auto","background-attachment":"scroll","background-type":"","background-media":"","overlay-type":"","overlay-color":"","overlay-gradient":""},"mobile":{"background-color":"","background-image":"","background-repeat":"repeat","background-position":"center center","background-size":"auto","background-attachment":"scroll","background-type":"","background-media":"","overlay-type":"","overlay-color":"","overlay-gradient":""}},"ast-content-background-meta":{"desktop":{"background-color":"var(--ast-global-color-5)","background-image":"","background-repeat":"repeat","background-position":"center center","background-size":"auto","background-attachment":"scroll","background-type":"","background-media":"","overlay-type":"","overlay-color":"","overlay-gradient":""},"tablet":{"background-color":"var(--ast-global-color-5)","background-image":"","background-repeat":"repeat","background-position":"center center","background-size":"auto","background-attachment":"scroll","background-type":"","background-media":"","overlay-type":"","overlay-color":"","overlay-gradient":""},"mobile":{"background-color":"var(--ast-global-color-5)","background-image":"","background-repeat":"repeat","background-position":"center center","background-size":"auto","background-attachment":"scroll","background-type":"","background-media":"","overlay-type":"","overlay-color":"","overlay-gradient":""}},"footnotes":""},"class_list":["post-9720","page","type-page","status-publish","has-post-thumbnail","hentry"],"yoast_head":"<!-- This site is optimized with the Yoast SEO plugin v26.0 - https:\/\/yoast.com\/wordpress\/plugins\/seo\/ -->\n<title>Reloj en DWG AutoCAD, planta y alzado. - iCADBLOCK<\/title>\n<meta name=\"description\" content=\"en esta p\u00e1gina hemos proporcionado un reloj en DWG AutoCAD en planta y alzado.En esta categor\u00eda hay muchos relojes de diferentes tipos\" \/>\n<meta name=\"robots\" content=\"index, follow, max-snippet:-1, max-image-preview:large, max-video-preview:-1\" \/>\n<link rel=\"canonical\" href=\"https:\/\/icadblock.com\/es\/decoracion-en-dwg-planta-y-alzado\/reloj-en-dwg-autocad\/\" \/>\n<meta property=\"og:locale\" content=\"es_ES\" \/>\n<meta property=\"og:type\" content=\"article\" \/>\n<meta property=\"og:title\" content=\"Reloj en DWG AutoCAD, planta y alzado. - iCADBLOCK\" \/>\n<meta property=\"og:description\" content=\"en esta p\u00e1gina hemos proporcionado un reloj en DWG AutoCAD en planta y alzado.En esta categor\u00eda hay muchos relojes de diferentes tipos\" \/>\n<meta property=\"og:url\" content=\"https:\/\/icadblock.com\/es\/decoracion-en-dwg-planta-y-alzado\/reloj-en-dwg-autocad\/\" \/>\n<meta property=\"og:site_name\" content=\"iCADBLOCK\" \/>\n<meta property=\"article:modified_time\" content=\"2023-12-27T08:58:12+00:00\" \/>\n<meta property=\"og:image\" content=\"https:\/\/icadblock.com\/wp-content\/uploads\/2023\/08\/Clock-AutoCAD.webp\" \/>\n\t<meta property=\"og:image:width\" content=\"1000\" \/>\n\t<meta property=\"og:image:height\" content=\"675\" \/>\n\t<meta property=\"og:image:type\" content=\"image\/webp\" \/>\n<meta name=\"twitter:card\" content=\"summary_large_image\" \/>\n<meta name=\"twitter:label1\" content=\"Tiempo de lectura\" \/>\n\t<meta name=\"twitter:data1\" content=\"2 minutos\" \/>\n<script type=\"application\/ld+json\" class=\"yoast-schema-graph\">{\"@context\":\"https:\/\/schema.org\",\"@graph\":[{\"@type\":\"WebPage\",\"@id\":\"https:\/\/icadblock.com\/es\/decoracion-en-dwg-planta-y-alzado\/reloj-en-dwg-autocad\/\",\"url\":\"https:\/\/icadblock.com\/es\/decoracion-en-dwg-planta-y-alzado\/reloj-en-dwg-autocad\/\",\"name\":\"Reloj en DWG AutoCAD, planta y alzado. - iCADBLOCK\",\"isPartOf\":{\"@id\":\"https:\/\/icadblock.com\/es\/#website\"},\"primaryImageOfPage\":{\"@id\":\"https:\/\/icadblock.com\/es\/decoracion-en-dwg-planta-y-alzado\/reloj-en-dwg-autocad\/#primaryimage\"},\"image\":{\"@id\":\"https:\/\/icadblock.com\/es\/decoracion-en-dwg-planta-y-alzado\/reloj-en-dwg-autocad\/#primaryimage\"},\"thumbnailUrl\":\"https:\/\/icadblock.com\/wp-content\/uploads\/2023\/08\/Clock-AutoCAD.webp\",\"datePublished\":\"2023-08-22T13:31:56+00:00\",\"dateModified\":\"2023-12-27T08:58:12+00:00\",\"description\":\"en esta p\u00e1gina hemos proporcionado un reloj en DWG AutoCAD en planta y alzado.En esta categor\u00eda hay muchos relojes de diferentes tipos\",\"breadcrumb\":{\"@id\":\"https:\/\/icadblock.com\/es\/decoracion-en-dwg-planta-y-alzado\/reloj-en-dwg-autocad\/#breadcrumb\"},\"inLanguage\":\"es\",\"potentialAction\":[{\"@type\":\"ReadAction\",\"target\":[\"https:\/\/icadblock.com\/es\/decoracion-en-dwg-planta-y-alzado\/reloj-en-dwg-autocad\/\"]}]},{\"@type\":\"ImageObject\",\"inLanguage\":\"es\",\"@id\":\"https:\/\/icadblock.com\/es\/decoracion-en-dwg-planta-y-alzado\/reloj-en-dwg-autocad\/#primaryimage\",\"url\":\"https:\/\/icadblock.com\/wp-content\/uploads\/2023\/08\/Clock-AutoCAD.webp\",\"contentUrl\":\"https:\/\/icadblock.com\/wp-content\/uploads\/2023\/08\/Clock-AutoCAD.webp\",\"width\":1000,\"height\":675,\"caption\":\"Reloj en DWG AutoCAD\"},{\"@type\":\"BreadcrumbList\",\"@id\":\"https:\/\/icadblock.com\/es\/decoracion-en-dwg-planta-y-alzado\/reloj-en-dwg-autocad\/#breadcrumb\",\"itemListElement\":[{\"@type\":\"ListItem\",\"position\":1,\"name\":\"Home\",\"item\":\"https:\/\/icadblock.com\/es\/\"},{\"@type\":\"ListItem\",\"position\":2,\"name\":\"Decoraci\u00f3n en DWG, planta y alzado.\",\"item\":\"https:\/\/icadblock.com\/es\/decoracion-en-dwg-planta-y-alzado\/\"},{\"@type\":\"ListItem\",\"position\":3,\"name\":\"Reloj en DWG AutoCAD, planta y alzado.\"}]},{\"@type\":\"WebSite\",\"@id\":\"https:\/\/icadblock.com\/es\/#website\",\"url\":\"https:\/\/icadblock.com\/es\/\",\"name\":\"iCADBLOCK\",\"description\":\"CAD Block free download, 2d DWG models in plan\",\"publisher\":{\"@id\":\"https:\/\/icadblock.com\/es\/#organization\"},\"potentialAction\":[{\"@type\":\"SearchAction\",\"target\":{\"@type\":\"EntryPoint\",\"urlTemplate\":\"https:\/\/icadblock.com\/es\/?s={search_term_string}\"},\"query-input\":{\"@type\":\"PropertyValueSpecification\",\"valueRequired\":true,\"valueName\":\"search_term_string\"}}],\"inLanguage\":\"es\"},{\"@type\":\"Organization\",\"@id\":\"https:\/\/icadblock.com\/es\/#organization\",\"name\":\"icadblock\",\"url\":\"https:\/\/icadblock.com\/es\/\",\"logo\":{\"@type\":\"ImageObject\",\"inLanguage\":\"es\",\"@id\":\"https:\/\/icadblock.com\/es\/#\/schema\/logo\/image\/\",\"url\":\"https:\/\/icadblock.com\/wp-content\/uploads\/2022\/02\/LOGO.png\",\"contentUrl\":\"https:\/\/icadblock.com\/wp-content\/uploads\/2022\/02\/LOGO.png\",\"width\":546,\"height\":125,\"caption\":\"icadblock\"},\"image\":{\"@id\":\"https:\/\/icadblock.com\/es\/#\/schema\/logo\/image\/\"}}]}<\/script>\n<!-- \/ Yoast SEO plugin. -->","yoast_head_json":{"title":"Reloj en DWG AutoCAD, planta y alzado. - iCADBLOCK","description":"en esta p\u00e1gina hemos proporcionado un reloj en DWG AutoCAD en planta y alzado.En esta categor\u00eda hay muchos relojes de diferentes tipos","robots":{"index":"index","follow":"follow","max-snippet":"max-snippet:-1","max-image-preview":"max-image-preview:large","max-video-preview":"max-video-preview:-1"},"canonical":"https:\/\/icadblock.com\/es\/decoracion-en-dwg-planta-y-alzado\/reloj-en-dwg-autocad\/","og_locale":"es_ES","og_type":"article","og_title":"Reloj en DWG AutoCAD, planta y alzado. - iCADBLOCK","og_description":"en esta p\u00e1gina hemos proporcionado un reloj en DWG AutoCAD en planta y alzado.En esta categor\u00eda hay muchos relojes de diferentes tipos","og_url":"https:\/\/icadblock.com\/es\/decoracion-en-dwg-planta-y-alzado\/reloj-en-dwg-autocad\/","og_site_name":"iCADBLOCK","article_modified_time":"2023-12-27T08:58:12+00:00","og_image":[{"width":1000,"height":675,"url":"https:\/\/icadblock.com\/wp-content\/uploads\/2023\/08\/Clock-AutoCAD.webp","type":"image\/webp"}],"twitter_card":"summary_large_image","twitter_misc":{"Tiempo de lectura":"2 minutos"},"schema":{"@context":"https:\/\/schema.org","@graph":[{"@type":"WebPage","@id":"https:\/\/icadblock.com\/es\/decoracion-en-dwg-planta-y-alzado\/reloj-en-dwg-autocad\/","url":"https:\/\/icadblock.com\/es\/decoracion-en-dwg-planta-y-alzado\/reloj-en-dwg-autocad\/","name":"Reloj en DWG AutoCAD, planta y alzado. - iCADBLOCK","isPartOf":{"@id":"https:\/\/icadblock.com\/es\/#website"},"primaryImageOfPage":{"@id":"https:\/\/icadblock.com\/es\/decoracion-en-dwg-planta-y-alzado\/reloj-en-dwg-autocad\/#primaryimage"},"image":{"@id":"https:\/\/icadblock.com\/es\/decoracion-en-dwg-planta-y-alzado\/reloj-en-dwg-autocad\/#primaryimage"},"thumbnailUrl":"https:\/\/icadblock.com\/wp-content\/uploads\/2023\/08\/Clock-AutoCAD.webp","datePublished":"2023-08-22T13:31:56+00:00","dateModified":"2023-12-27T08:58:12+00:00","description":"en esta p\u00e1gina hemos proporcionado un reloj en DWG AutoCAD en planta y alzado.En esta categor\u00eda hay muchos relojes de diferentes tipos","breadcrumb":{"@id":"https:\/\/icadblock.com\/es\/decoracion-en-dwg-planta-y-alzado\/reloj-en-dwg-autocad\/#breadcrumb"},"inLanguage":"es","potentialAction":[{"@type":"ReadAction","target":["https:\/\/icadblock.com\/es\/decoracion-en-dwg-planta-y-alzado\/reloj-en-dwg-autocad\/"]}]},{"@type":"ImageObject","inLanguage":"es","@id":"https:\/\/icadblock.com\/es\/decoracion-en-dwg-planta-y-alzado\/reloj-en-dwg-autocad\/#primaryimage","url":"https:\/\/icadblock.com\/wp-content\/uploads\/2023\/08\/Clock-AutoCAD.webp","contentUrl":"https:\/\/icadblock.com\/wp-content\/uploads\/2023\/08\/Clock-AutoCAD.webp","width":1000,"height":675,"caption":"Reloj en DWG AutoCAD"},{"@type":"BreadcrumbList","@id":"https:\/\/icadblock.com\/es\/decoracion-en-dwg-planta-y-alzado\/reloj-en-dwg-autocad\/#breadcrumb","itemListElement":[{"@type":"ListItem","position":1,"name":"Home","item":"https:\/\/icadblock.com\/es\/"},{"@type":"ListItem","position":2,"name":"Decoraci\u00f3n en DWG, planta y alzado.","item":"https:\/\/icadblock.com\/es\/decoracion-en-dwg-planta-y-alzado\/"},{"@type":"ListItem","position":3,"name":"Reloj en DWG AutoCAD, planta y alzado."}]},{"@type":"WebSite","@id":"https:\/\/icadblock.com\/es\/#website","url":"https:\/\/icadblock.com\/es\/","name":"iCADBLOCK","description":"CAD Block free download, 2d DWG models in plan","publisher":{"@id":"https:\/\/icadblock.com\/es\/#organization"},"potentialAction":[{"@type":"SearchAction","target":{"@type":"EntryPoint","urlTemplate":"https:\/\/icadblock.com\/es\/?s={search_term_string}"},"query-input":{"@type":"PropertyValueSpecification","valueRequired":true,"valueName":"search_term_string"}}],"inLanguage":"es"},{"@type":"Organization","@id":"https:\/\/icadblock.com\/es\/#organization","name":"icadblock","url":"https:\/\/icadblock.com\/es\/","logo":{"@type":"ImageObject","inLanguage":"es","@id":"https:\/\/icadblock.com\/es\/#\/schema\/logo\/image\/","url":"https:\/\/icadblock.com\/wp-content\/uploads\/2022\/02\/LOGO.png","contentUrl":"https:\/\/icadblock.com\/wp-content\/uploads\/2022\/02\/LOGO.png","width":546,"height":125,"caption":"icadblock"},"image":{"@id":"https:\/\/icadblock.com\/es\/#\/schema\/logo\/image\/"}}]}},"_links":{"self":[{"href":"https:\/\/icadblock.com\/es\/wp-json\/wp\/v2\/pages\/9720","targetHints":{"allow":["GET"]}}],"collection":[{"href":"https:\/\/icadblock.com\/es\/wp-json\/wp\/v2\/pages"}],"about":[{"href":"https:\/\/icadblock.com\/es\/wp-json\/wp\/v2\/types\/page"}],"author":[{"embeddable":true,"href":"https:\/\/icadblock.com\/es\/wp-json\/wp\/v2\/users\/2"}],"replies":[{"embeddable":true,"href":"https:\/\/icadblock.com\/es\/wp-json\/wp\/v2\/comments?post=9720"}],"version-history":[{"count":4,"href":"https:\/\/icadblock.com\/es\/wp-json\/wp\/v2\/pages\/9720\/revisions"}],"predecessor-version":[{"id":9724,"href":"https:\/\/icadblock.com\/es\/wp-json\/wp\/v2\/pages\/9720\/revisions\/9724"}],"up":[{"embeddable":true,"href":"https:\/\/icadblock.com\/es\/wp-json\/wp\/v2\/pages\/9676"}],"wp:featuredmedia":[{"embeddable":true,"href":"https:\/\/icadblock.com\/es\/wp-json\/wp\/v2\/media\/8526"}],"wp:attachment":[{"href":"https:\/\/icadblock.com\/es\/wp-json\/wp\/v2\/media?parent=9720"}],"curies":[{"name":"wp","href":"https:\/\/api.w.org\/{rel}","templated":true}]}}