{"id":9748,"date":"2023-09-22T15:56:42","date_gmt":"2023-09-22T15:56:42","guid":{"rendered":"https:\/\/icadblock.com\/?page_id=9748"},"modified":"2023-12-27T09:43:37","modified_gmt":"2023-12-27T09:43:37","slug":"personas-sentadas-en-dwg","status":"publish","type":"page","link":"https:\/\/icadblock.com\/es\/personas-en-dwg-autocad\/personas-sentadas-en-dwg\/","title":{"rendered":"Personas sentadas en DWG, colecci\u00f3n de bloques CAD"},"content":{"rendered":"\t\t<div data-elementor-type=\"wp-page\" data-elementor-id=\"9748\" class=\"elementor elementor-9748 elementor-6554\" data-elementor-post-type=\"page\">\n\t\t\t\t\t\t<section class=\"elementor-section elementor-top-section elementor-element elementor-element-558ed8cf elementor-section-boxed elementor-section-height-default elementor-section-height-default\" data-id=\"558ed8cf\" data-element_type=\"section\">\n\t\t\t\t\t\t<div class=\"elementor-container elementor-column-gap-default\">\n\t\t\t\t\t<div class=\"elementor-column elementor-col-50 elementor-top-column elementor-element elementor-element-52f9086\" data-id=\"52f9086\" data-element_type=\"column\">\n\t\t\t<div class=\"elementor-widget-wrap elementor-element-populated\">\n\t\t\t\t\t\t<div class=\"elementor-element elementor-element-57469326 elementor-widget elementor-widget-text-editor\" data-id=\"57469326\" data-element_type=\"widget\" data-widget_type=\"text-editor.default\">\n\t\t\t\t<div class=\"elementor-widget-container\">\n\t\t\t<style>\/*! elementor - v3.21.0 - 30-04-2024 *\/\n.elementor-widget-text-editor.elementor-drop-cap-view-stacked .elementor-drop-cap{background-color:#69727d;color:#fff}.elementor-widget-text-editor.elementor-drop-cap-view-framed .elementor-drop-cap{color:#69727d;border:3px solid;background-color:transparent}.elementor-widget-text-editor:not(.elementor-drop-cap-view-default) .elementor-drop-cap{margin-top:8px}.elementor-widget-text-editor:not(.elementor-drop-cap-view-default) .elementor-drop-cap-letter{width:1em;height:1em}.elementor-widget-text-editor .elementor-drop-cap{float:left;text-align:center;line-height:1;font-size:50px}.elementor-widget-text-editor .elementor-drop-cap-letter{display:inline-block}<\/style>\t\t\t\t<p>Aqu\u00ed, en esta p\u00e1gina, proporcionamos la colecci\u00f3n de bloques CAD de <strong>personas sentadas en DWG<\/strong>.<\/p><p>Estos bloques CAD de alta calidad se dibujan en vistas en planta y en alzado.<\/p><p>En esta categor\u00eda puede encontrar modelos DWG de hombres sentados, mujeres sentadas y ni\u00f1os sentados.<\/p><p>Como sabes existen diferentes estilos de sentarse que hemos intentado abarcar todos los estilos posibles.<\/p>\t\t\t\t\t\t<\/div>\n\t\t\t\t<\/div>\n\t\t\t\t<div class=\"elementor-element elementor-element-8a9d22f elementor-widget elementor-widget-heading\" data-id=\"8a9d22f\" data-element_type=\"widget\" data-widget_type=\"heading.default\">\n\t\t\t\t<div class=\"elementor-widget-container\">\n\t\t\t<style>\/*! elementor - v3.21.0 - 30-04-2024 *\/\n.elementor-heading-title{padding:0;margin:0;line-height:1}.elementor-widget-heading .elementor-heading-title[class*=elementor-size-]>a{color:inherit;font-size:inherit;line-height:inherit}.elementor-widget-heading .elementor-heading-title.elementor-size-small{font-size:15px}.elementor-widget-heading .elementor-heading-title.elementor-size-medium{font-size:19px}.elementor-widget-heading .elementor-heading-title.elementor-size-large{font-size:29px}.elementor-widget-heading .elementor-heading-title.elementor-size-xl{font-size:39px}.elementor-widget-heading .elementor-heading-title.elementor-size-xxl{font-size:59px}<\/style><h2 class=\"elementor-heading-title elementor-size-default\">Personas sentadas en DWG<\/h2>\t\t<\/div>\n\t\t\t\t<\/div>\n\t\t\t\t<div class=\"elementor-element elementor-element-b318ff0 elementor-widget elementor-widget-text-editor\" data-id=\"b318ff0\" data-element_type=\"widget\" data-widget_type=\"text-editor.default\">\n\t\t\t\t<div class=\"elementor-widget-container\">\n\t\t\t\t\t\t\t<p>Si est\u00e1 buscando modelos DWG de otras personas, puede encontrarlos en la p\u00e1gina <a href=\"https:\/\/icadblock.com\/es\/personas-en-dwg-autocad\/\"><em><strong>Personas en DWG AutoCAD<\/strong><\/em><\/a>.<\/p><h3><span style=\"color: #0000ff;\">Notas:<\/span><\/h3><p>Si usted es un arquitecto que quiere proporcionar un dibujo profesional, definitivamente necesitar\u00e1 utilizar bloques CAD de personas en su dibujo.<\/p><p>Uno de los bloques CAD m\u00e1s utilizados a este respecto es el bloque CAD Personas sentadas.<\/p><p>Puede utilizar diferentes posiciones para sentarse seg\u00fan su idea de dise\u00f1o. Por ejemplo, sentarse derecho, con las piernas cruzadas, reclinado, con los tobillos cruzados, agarrando los apoyabrazos, con los brazos cruzados, en silla de montar, con las manos apoyadas en el regazo, de rodillas, en el punto muerto, con las piernas cruzadas y rebotando, con las manos cruzadas sobre el regazo, con las manos entrelazadas sobre el regazo y otras posiciones.<\/p><p>Mire los bloques CAD anteriores y descargue cualquier modelo que satisfaga sus necesidades.<\/p><p>Marque esta p\u00e1gina para futuras actualizaciones, ya que la actualizamos constantemente y h\u00e1ganos saber si est\u00e1 buscando una posici\u00f3n para sentarse espec\u00edfica que no puede encontrar aqu\u00ed.<\/p>\t\t\t\t\t\t<\/div>\n\t\t\t\t<\/div>\n\t\t\t\t\t<\/div>\n\t\t<\/div>\n\t\t\t\t<div class=\"jet-sticky-column-sticky elementor-column elementor-col-50 elementor-top-column elementor-element elementor-element-0a97386\" data-jet-sticky-column-settings=\"{&quot;id&quot;:&quot;0a97386&quot;,&quot;sticky&quot;:true,&quot;topSpacing&quot;:50,&quot;bottomSpacing&quot;:50,&quot;stickyOn&quot;:[&quot;desktop&quot;,&quot;tablet&quot;]}\" data-id=\"0a97386\" data-element_type=\"column\">\n\t\t\t<div class=\"elementor-widget-wrap elementor-element-populated\">\n\t\t\t\t\t\t\t<\/div>\n\t\t<\/div>\n\t\t\t\t\t<\/div>\n\t\t<\/section>\n\t\t\t\t<\/div>\n\t\t","protected":false},"excerpt":{"rendered":"<p>Aqu\u00ed, en esta p\u00e1gina, proporcionamos la colecci\u00f3n de bloques CAD de personas sentadas en DWG. Estos bloques CAD de alta [&hellip;]<\/p>\n","protected":false},"author":2,"featured_media":8544,"parent":9743,"menu_order":0,"comment_status":"closed","ping_status":"closed","template":"","meta":{"site-sidebar-layout":"default","site-content-layout":"","ast-site-content-layout":"","site-content-style":"default","site-sidebar-style":"default","ast-global-header-display":"","ast-banner-title-visibility":"","ast-main-header-display":"","ast-hfb-above-header-display":"","ast-hfb-below-header-display":"","ast-hfb-mobile-header-display":"","site-post-title":"","ast-breadcrumbs-content":"","ast-featured-img":"","footer-sml-layout":"","theme-transparent-header-meta":"","adv-header-id-meta":"","stick-header-meta":"","header-above-stick-meta":"","header-main-stick-meta":"","header-below-stick-meta":"","astra-migrate-meta-layouts":"default","ast-page-background-enabled":"default","ast-page-background-meta":{"desktop":{"background-color":"var(--ast-global-color-4)","background-image":"","background-repeat":"repeat","background-position":"center center","background-size":"auto","background-attachment":"scroll","background-type":"","background-media":"","overlay-type":"","overlay-color":"","overlay-gradient":""},"tablet":{"background-color":"","background-image":"","background-repeat":"repeat","background-position":"center center","background-size":"auto","background-attachment":"scroll","background-type":"","background-media":"","overlay-type":"","overlay-color":"","overlay-gradient":""},"mobile":{"background-color":"","background-image":"","background-repeat":"repeat","background-position":"center center","background-size":"auto","background-attachment":"scroll","background-type":"","background-media":"","overlay-type":"","overlay-color":"","overlay-gradient":""}},"ast-content-background-meta":{"desktop":{"background-color":"var(--ast-global-color-5)","background-image":"","background-repeat":"repeat","background-position":"center center","background-size":"auto","background-attachment":"scroll","background-type":"","background-media":"","overlay-type":"","overlay-color":"","overlay-gradient":""},"tablet":{"background-color":"var(--ast-global-color-5)","background-image":"","background-repeat":"repeat","background-position":"center center","background-size":"auto","background-attachment":"scroll","background-type":"","background-media":"","overlay-type":"","overlay-color":"","overlay-gradient":""},"mobile":{"background-color":"var(--ast-global-color-5)","background-image":"","background-repeat":"repeat","background-position":"center center","background-size":"auto","background-attachment":"scroll","background-type":"","background-media":"","overlay-type":"","overlay-color":"","overlay-gradient":""}},"footnotes":""},"class_list":["post-9748","page","type-page","status-publish","has-post-thumbnail","hentry"],"yoast_head":"<!-- This site is optimized with the Yoast SEO plugin v26.0 - https:\/\/yoast.com\/wordpress\/plugins\/seo\/ -->\n<title>Personas sentadas en DWG, colecci\u00f3n de bloques CAD - iCADBLOCK<\/title>\n<meta name=\"description\" content=\"Aqu\u00ed, en esta p\u00e1gina, proporcionamos la colecci\u00f3n de bloques CAD de personas sentadas en DWG.Estos bloques CAD de alta calidad se dibujan en\" \/>\n<meta name=\"robots\" content=\"index, follow, max-snippet:-1, max-image-preview:large, max-video-preview:-1\" \/>\n<link rel=\"canonical\" href=\"https:\/\/icadblock.com\/es\/personas-en-dwg-autocad\/personas-sentadas-en-dwg\/\" \/>\n<meta property=\"og:locale\" content=\"es_ES\" \/>\n<meta property=\"og:type\" content=\"article\" \/>\n<meta property=\"og:title\" content=\"Personas sentadas en DWG, colecci\u00f3n de bloques CAD - iCADBLOCK\" \/>\n<meta property=\"og:description\" content=\"Aqu\u00ed, en esta p\u00e1gina, proporcionamos la colecci\u00f3n de bloques CAD de personas sentadas en DWG.Estos bloques CAD de alta calidad se dibujan en\" \/>\n<meta property=\"og:url\" content=\"https:\/\/icadblock.com\/es\/personas-en-dwg-autocad\/personas-sentadas-en-dwg\/\" \/>\n<meta property=\"og:site_name\" content=\"iCADBLOCK\" \/>\n<meta property=\"article:modified_time\" content=\"2023-12-27T09:43:37+00:00\" \/>\n<meta property=\"og:image\" content=\"https:\/\/icadblock.com\/wp-content\/uploads\/2023\/09\/people-seating-DWG.webp\" \/>\n\t<meta property=\"og:image:width\" content=\"1000\" \/>\n\t<meta property=\"og:image:height\" content=\"675\" \/>\n\t<meta property=\"og:image:type\" content=\"image\/webp\" \/>\n<meta name=\"twitter:card\" content=\"summary_large_image\" \/>\n<meta name=\"twitter:label1\" content=\"Tiempo de lectura\" \/>\n\t<meta name=\"twitter:data1\" content=\"2 minutos\" \/>\n<script type=\"application\/ld+json\" class=\"yoast-schema-graph\">{\"@context\":\"https:\/\/schema.org\",\"@graph\":[{\"@type\":\"WebPage\",\"@id\":\"https:\/\/icadblock.com\/es\/personas-en-dwg-autocad\/personas-sentadas-en-dwg\/\",\"url\":\"https:\/\/icadblock.com\/es\/personas-en-dwg-autocad\/personas-sentadas-en-dwg\/\",\"name\":\"Personas sentadas en DWG, colecci\u00f3n de bloques CAD - iCADBLOCK\",\"isPartOf\":{\"@id\":\"https:\/\/icadblock.com\/es\/#website\"},\"primaryImageOfPage\":{\"@id\":\"https:\/\/icadblock.com\/es\/personas-en-dwg-autocad\/personas-sentadas-en-dwg\/#primaryimage\"},\"image\":{\"@id\":\"https:\/\/icadblock.com\/es\/personas-en-dwg-autocad\/personas-sentadas-en-dwg\/#primaryimage\"},\"thumbnailUrl\":\"https:\/\/icadblock.com\/wp-content\/uploads\/2023\/09\/people-seating-DWG.webp\",\"datePublished\":\"2023-09-22T15:56:42+00:00\",\"dateModified\":\"2023-12-27T09:43:37+00:00\",\"description\":\"Aqu\u00ed, en esta p\u00e1gina, proporcionamos la colecci\u00f3n de bloques CAD de personas sentadas en DWG.Estos bloques CAD de alta calidad se dibujan en\",\"breadcrumb\":{\"@id\":\"https:\/\/icadblock.com\/es\/personas-en-dwg-autocad\/personas-sentadas-en-dwg\/#breadcrumb\"},\"inLanguage\":\"es\",\"potentialAction\":[{\"@type\":\"ReadAction\",\"target\":[\"https:\/\/icadblock.com\/es\/personas-en-dwg-autocad\/personas-sentadas-en-dwg\/\"]}]},{\"@type\":\"ImageObject\",\"inLanguage\":\"es\",\"@id\":\"https:\/\/icadblock.com\/es\/personas-en-dwg-autocad\/personas-sentadas-en-dwg\/#primaryimage\",\"url\":\"https:\/\/icadblock.com\/wp-content\/uploads\/2023\/09\/people-seating-DWG.webp\",\"contentUrl\":\"https:\/\/icadblock.com\/wp-content\/uploads\/2023\/09\/people-seating-DWG.webp\",\"width\":1000,\"height\":675,\"caption\":\"Personas sentadas en DWG\"},{\"@type\":\"BreadcrumbList\",\"@id\":\"https:\/\/icadblock.com\/es\/personas-en-dwg-autocad\/personas-sentadas-en-dwg\/#breadcrumb\",\"itemListElement\":[{\"@type\":\"ListItem\",\"position\":1,\"name\":\"Home\",\"item\":\"https:\/\/icadblock.com\/es\/\"},{\"@type\":\"ListItem\",\"position\":2,\"name\":\"Personas en DWG AutoCAD, planta y alzado.\",\"item\":\"https:\/\/icadblock.com\/es\/personas-en-dwg-autocad\/\"},{\"@type\":\"ListItem\",\"position\":3,\"name\":\"Personas sentadas en DWG, colecci\u00f3n de bloques CAD\"}]},{\"@type\":\"WebSite\",\"@id\":\"https:\/\/icadblock.com\/es\/#website\",\"url\":\"https:\/\/icadblock.com\/es\/\",\"name\":\"iCADBLOCK\",\"description\":\"CAD Block free download, 2d DWG models in plan\",\"publisher\":{\"@id\":\"https:\/\/icadblock.com\/es\/#organization\"},\"potentialAction\":[{\"@type\":\"SearchAction\",\"target\":{\"@type\":\"EntryPoint\",\"urlTemplate\":\"https:\/\/icadblock.com\/es\/?s={search_term_string}\"},\"query-input\":{\"@type\":\"PropertyValueSpecification\",\"valueRequired\":true,\"valueName\":\"search_term_string\"}}],\"inLanguage\":\"es\"},{\"@type\":\"Organization\",\"@id\":\"https:\/\/icadblock.com\/es\/#organization\",\"name\":\"icadblock\",\"url\":\"https:\/\/icadblock.com\/es\/\",\"logo\":{\"@type\":\"ImageObject\",\"inLanguage\":\"es\",\"@id\":\"https:\/\/icadblock.com\/es\/#\/schema\/logo\/image\/\",\"url\":\"https:\/\/icadblock.com\/wp-content\/uploads\/2022\/02\/LOGO.png\",\"contentUrl\":\"https:\/\/icadblock.com\/wp-content\/uploads\/2022\/02\/LOGO.png\",\"width\":546,\"height\":125,\"caption\":\"icadblock\"},\"image\":{\"@id\":\"https:\/\/icadblock.com\/es\/#\/schema\/logo\/image\/\"}}]}<\/script>\n<!-- \/ Yoast SEO plugin. -->","yoast_head_json":{"title":"Personas sentadas en DWG, colecci\u00f3n de bloques CAD - iCADBLOCK","description":"Aqu\u00ed, en esta p\u00e1gina, proporcionamos la colecci\u00f3n de bloques CAD de personas sentadas en DWG.Estos bloques CAD de alta calidad se dibujan en","robots":{"index":"index","follow":"follow","max-snippet":"max-snippet:-1","max-image-preview":"max-image-preview:large","max-video-preview":"max-video-preview:-1"},"canonical":"https:\/\/icadblock.com\/es\/personas-en-dwg-autocad\/personas-sentadas-en-dwg\/","og_locale":"es_ES","og_type":"article","og_title":"Personas sentadas en DWG, colecci\u00f3n de bloques CAD - iCADBLOCK","og_description":"Aqu\u00ed, en esta p\u00e1gina, proporcionamos la colecci\u00f3n de bloques CAD de personas sentadas en DWG.Estos bloques CAD de alta calidad se dibujan en","og_url":"https:\/\/icadblock.com\/es\/personas-en-dwg-autocad\/personas-sentadas-en-dwg\/","og_site_name":"iCADBLOCK","article_modified_time":"2023-12-27T09:43:37+00:00","og_image":[{"width":1000,"height":675,"url":"https:\/\/icadblock.com\/wp-content\/uploads\/2023\/09\/people-seating-DWG.webp","type":"image\/webp"}],"twitter_card":"summary_large_image","twitter_misc":{"Tiempo de lectura":"2 minutos"},"schema":{"@context":"https:\/\/schema.org","@graph":[{"@type":"WebPage","@id":"https:\/\/icadblock.com\/es\/personas-en-dwg-autocad\/personas-sentadas-en-dwg\/","url":"https:\/\/icadblock.com\/es\/personas-en-dwg-autocad\/personas-sentadas-en-dwg\/","name":"Personas sentadas en DWG, colecci\u00f3n de bloques CAD - iCADBLOCK","isPartOf":{"@id":"https:\/\/icadblock.com\/es\/#website"},"primaryImageOfPage":{"@id":"https:\/\/icadblock.com\/es\/personas-en-dwg-autocad\/personas-sentadas-en-dwg\/#primaryimage"},"image":{"@id":"https:\/\/icadblock.com\/es\/personas-en-dwg-autocad\/personas-sentadas-en-dwg\/#primaryimage"},"thumbnailUrl":"https:\/\/icadblock.com\/wp-content\/uploads\/2023\/09\/people-seating-DWG.webp","datePublished":"2023-09-22T15:56:42+00:00","dateModified":"2023-12-27T09:43:37+00:00","description":"Aqu\u00ed, en esta p\u00e1gina, proporcionamos la colecci\u00f3n de bloques CAD de personas sentadas en DWG.Estos bloques CAD de alta calidad se dibujan en","breadcrumb":{"@id":"https:\/\/icadblock.com\/es\/personas-en-dwg-autocad\/personas-sentadas-en-dwg\/#breadcrumb"},"inLanguage":"es","potentialAction":[{"@type":"ReadAction","target":["https:\/\/icadblock.com\/es\/personas-en-dwg-autocad\/personas-sentadas-en-dwg\/"]}]},{"@type":"ImageObject","inLanguage":"es","@id":"https:\/\/icadblock.com\/es\/personas-en-dwg-autocad\/personas-sentadas-en-dwg\/#primaryimage","url":"https:\/\/icadblock.com\/wp-content\/uploads\/2023\/09\/people-seating-DWG.webp","contentUrl":"https:\/\/icadblock.com\/wp-content\/uploads\/2023\/09\/people-seating-DWG.webp","width":1000,"height":675,"caption":"Personas sentadas en DWG"},{"@type":"BreadcrumbList","@id":"https:\/\/icadblock.com\/es\/personas-en-dwg-autocad\/personas-sentadas-en-dwg\/#breadcrumb","itemListElement":[{"@type":"ListItem","position":1,"name":"Home","item":"https:\/\/icadblock.com\/es\/"},{"@type":"ListItem","position":2,"name":"Personas en DWG AutoCAD, planta y alzado.","item":"https:\/\/icadblock.com\/es\/personas-en-dwg-autocad\/"},{"@type":"ListItem","position":3,"name":"Personas sentadas en DWG, colecci\u00f3n de bloques CAD"}]},{"@type":"WebSite","@id":"https:\/\/icadblock.com\/es\/#website","url":"https:\/\/icadblock.com\/es\/","name":"iCADBLOCK","description":"CAD Block free download, 2d DWG models in plan","publisher":{"@id":"https:\/\/icadblock.com\/es\/#organization"},"potentialAction":[{"@type":"SearchAction","target":{"@type":"EntryPoint","urlTemplate":"https:\/\/icadblock.com\/es\/?s={search_term_string}"},"query-input":{"@type":"PropertyValueSpecification","valueRequired":true,"valueName":"search_term_string"}}],"inLanguage":"es"},{"@type":"Organization","@id":"https:\/\/icadblock.com\/es\/#organization","name":"icadblock","url":"https:\/\/icadblock.com\/es\/","logo":{"@type":"ImageObject","inLanguage":"es","@id":"https:\/\/icadblock.com\/es\/#\/schema\/logo\/image\/","url":"https:\/\/icadblock.com\/wp-content\/uploads\/2022\/02\/LOGO.png","contentUrl":"https:\/\/icadblock.com\/wp-content\/uploads\/2022\/02\/LOGO.png","width":546,"height":125,"caption":"icadblock"},"image":{"@id":"https:\/\/icadblock.com\/es\/#\/schema\/logo\/image\/"}}]}},"_links":{"self":[{"href":"https:\/\/icadblock.com\/es\/wp-json\/wp\/v2\/pages\/9748","targetHints":{"allow":["GET"]}}],"collection":[{"href":"https:\/\/icadblock.com\/es\/wp-json\/wp\/v2\/pages"}],"about":[{"href":"https:\/\/icadblock.com\/es\/wp-json\/wp\/v2\/types\/page"}],"author":[{"embeddable":true,"href":"https:\/\/icadblock.com\/es\/wp-json\/wp\/v2\/users\/2"}],"replies":[{"embeddable":true,"href":"https:\/\/icadblock.com\/es\/wp-json\/wp\/v2\/comments?post=9748"}],"version-history":[{"count":4,"href":"https:\/\/icadblock.com\/es\/wp-json\/wp\/v2\/pages\/9748\/revisions"}],"predecessor-version":[{"id":9752,"href":"https:\/\/icadblock.com\/es\/wp-json\/wp\/v2\/pages\/9748\/revisions\/9752"}],"up":[{"embeddable":true,"href":"https:\/\/icadblock.com\/es\/wp-json\/wp\/v2\/pages\/9743"}],"wp:featuredmedia":[{"embeddable":true,"href":"https:\/\/icadblock.com\/es\/wp-json\/wp\/v2\/media\/8544"}],"wp:attachment":[{"href":"https:\/\/icadblock.com\/es\/wp-json\/wp\/v2\/media?parent=9748"}],"curies":[{"name":"wp","href":"https:\/\/api.w.org\/{rel}","templated":true}]}}