{"id":9753,"date":"2023-09-23T15:58:47","date_gmt":"2023-09-23T15:58:47","guid":{"rendered":"https:\/\/icadblock.com\/?page_id=9753"},"modified":"2023-12-27T09:49:52","modified_gmt":"2023-12-27T09:49:52","slug":"personas-caminando-en-dwg","status":"publish","type":"page","link":"https:\/\/icadblock.com\/es\/personas-en-dwg-autocad\/personas-caminando-en-dwg\/","title":{"rendered":"Personas caminando en DWG, Descargar"},"content":{"rendered":"\t\t<div data-elementor-type=\"wp-page\" data-elementor-id=\"9753\" class=\"elementor elementor-9753 elementor-6572\" data-elementor-post-type=\"page\">\n\t\t\t\t\t\t<section class=\"elementor-section elementor-top-section elementor-element elementor-element-35f3ec01 elementor-section-boxed elementor-section-height-default elementor-section-height-default\" data-id=\"35f3ec01\" data-element_type=\"section\">\n\t\t\t\t\t\t<div class=\"elementor-container elementor-column-gap-default\">\n\t\t\t\t\t<div class=\"elementor-column elementor-col-50 elementor-top-column elementor-element elementor-element-65cd7bde\" data-id=\"65cd7bde\" data-element_type=\"column\">\n\t\t\t<div class=\"elementor-widget-wrap elementor-element-populated\">\n\t\t\t\t\t\t<div class=\"elementor-element elementor-element-16b09294 elementor-widget elementor-widget-text-editor\" data-id=\"16b09294\" data-element_type=\"widget\" data-widget_type=\"text-editor.default\">\n\t\t\t\t<div class=\"elementor-widget-container\">\n\t\t\t<style>\/*! elementor - v3.21.0 - 30-04-2024 *\/\n.elementor-widget-text-editor.elementor-drop-cap-view-stacked .elementor-drop-cap{background-color:#69727d;color:#fff}.elementor-widget-text-editor.elementor-drop-cap-view-framed .elementor-drop-cap{color:#69727d;border:3px solid;background-color:transparent}.elementor-widget-text-editor:not(.elementor-drop-cap-view-default) .elementor-drop-cap{margin-top:8px}.elementor-widget-text-editor:not(.elementor-drop-cap-view-default) .elementor-drop-cap-letter{width:1em;height:1em}.elementor-widget-text-editor .elementor-drop-cap{float:left;text-align:center;line-height:1;font-size:50px}.elementor-widget-text-editor .elementor-drop-cap-letter{display:inline-block}<\/style>\t\t\t\t<p>Aqu\u00ed en esta p\u00e1gina hemos proporcionado <strong>personas caminando en DWG<\/strong>.<\/p><p>Puede utilizar estos modelos DWG en planta y alzado.<\/p><p>Si buscas modelos 2D de personas de alta calidad, est\u00e1s en el lugar correcto.<\/p><p>Mire los siguientes bloques CAD y descargue cualquier archivo que satisfaga sus necesidades.<\/p>\t\t\t\t\t\t<\/div>\n\t\t\t\t<\/div>\n\t\t\t\t<div class=\"elementor-element elementor-element-e398b7d elementor-widget elementor-widget-heading\" data-id=\"e398b7d\" data-element_type=\"widget\" data-widget_type=\"heading.default\">\n\t\t\t\t<div class=\"elementor-widget-container\">\n\t\t\t<style>\/*! elementor - v3.21.0 - 30-04-2024 *\/\n.elementor-heading-title{padding:0;margin:0;line-height:1}.elementor-widget-heading .elementor-heading-title[class*=elementor-size-]>a{color:inherit;font-size:inherit;line-height:inherit}.elementor-widget-heading .elementor-heading-title.elementor-size-small{font-size:15px}.elementor-widget-heading .elementor-heading-title.elementor-size-medium{font-size:19px}.elementor-widget-heading .elementor-heading-title.elementor-size-large{font-size:29px}.elementor-widget-heading .elementor-heading-title.elementor-size-xl{font-size:39px}.elementor-widget-heading .elementor-heading-title.elementor-size-xxl{font-size:59px}<\/style><h2 class=\"elementor-heading-title elementor-size-default\">Personas caminando en DWG<\/h2>\t\t<\/div>\n\t\t\t\t<\/div>\n\t\t\t\t<div class=\"elementor-element elementor-element-bd097b9 elementor-widget elementor-widget-text-editor\" data-id=\"bd097b9\" data-element_type=\"widget\" data-widget_type=\"text-editor.default\">\n\t\t\t\t<div class=\"elementor-widget-container\">\n\t\t\t\t\t\t\t<p>Hay muchos bloques CAD relacionados en esta categor\u00eda que puede encontrar en este sitio web.<\/p><p>Por ejemplo, puedes encontrar <a href=\"https:\/\/icadblock.com\/es\/personas-en-dwg-autocad\/personas-sentadas-en-dwg\/\"><em><strong>personas sentadas en DWG<\/strong> <\/em><\/a>y usarlo en tu dibujo.<\/p><h3><span style=\"color: #0000ff;\">Notas:<\/span><\/h3><p>Si desea proporcionar un dise\u00f1o hermoso, no hay duda de que debe utilizar modelos 2D de personas en su dibujo.<\/p><p>El uso de modelos 2D de personas en un dibujo brindar\u00e1 m\u00e1s informaci\u00f3n sobre el espacio y, en este sentido, el uso de People Walking CAD Block es uno de los modelos DWG m\u00e1s utilizados en el dibujo.<\/p><p>Puede utilizar personas en poses para caminar en centros comerciales, oficinas, espacios educativos y otros lugares relacionados.<\/p><p>Si necesita bloques CAD de personas \u00fanicas, no dude en contactarnos.<\/p><p>Tenga en cuenta que planeamos actualizar esta p\u00e1gina a lo largo del a\u00f1o, por lo que es posible que desee marcar este sitio web como favorito para futuras actualizaciones.<\/p>\t\t\t\t\t\t<\/div>\n\t\t\t\t<\/div>\n\t\t\t\t\t<\/div>\n\t\t<\/div>\n\t\t\t\t<div class=\"jet-sticky-column-sticky elementor-column elementor-col-50 elementor-top-column elementor-element elementor-element-9551d1f\" data-jet-sticky-column-settings=\"{&quot;id&quot;:&quot;9551d1f&quot;,&quot;sticky&quot;:true,&quot;topSpacing&quot;:50,&quot;bottomSpacing&quot;:50,&quot;stickyOn&quot;:[&quot;desktop&quot;,&quot;tablet&quot;]}\" data-id=\"9551d1f\" data-element_type=\"column\">\n\t\t\t<div class=\"elementor-widget-wrap elementor-element-populated\">\n\t\t\t\t\t\t\t<\/div>\n\t\t<\/div>\n\t\t\t\t\t<\/div>\n\t\t<\/section>\n\t\t\t\t<\/div>\n\t\t","protected":false},"excerpt":{"rendered":"<p>Aqu\u00ed en esta p\u00e1gina hemos proporcionado personas caminando en DWG. Puede utilizar estos modelos DWG en planta y alzado. Si [&hellip;]<\/p>\n","protected":false},"author":2,"featured_media":8547,"parent":9743,"menu_order":0,"comment_status":"closed","ping_status":"closed","template":"","meta":{"site-sidebar-layout":"default","site-content-layout":"","ast-site-content-layout":"","site-content-style":"default","site-sidebar-style":"default","ast-global-header-display":"","ast-banner-title-visibility":"","ast-main-header-display":"","ast-hfb-above-header-display":"","ast-hfb-below-header-display":"","ast-hfb-mobile-header-display":"","site-post-title":"","ast-breadcrumbs-content":"","ast-featured-img":"","footer-sml-layout":"","theme-transparent-header-meta":"","adv-header-id-meta":"","stick-header-meta":"","header-above-stick-meta":"","header-main-stick-meta":"","header-below-stick-meta":"","astra-migrate-meta-layouts":"default","ast-page-background-enabled":"default","ast-page-background-meta":{"desktop":{"background-color":"var(--ast-global-color-4)","background-image":"","background-repeat":"repeat","background-position":"center center","background-size":"auto","background-attachment":"scroll","background-type":"","background-media":"","overlay-type":"","overlay-color":"","overlay-gradient":""},"tablet":{"background-color":"","background-image":"","background-repeat":"repeat","background-position":"center center","background-size":"auto","background-attachment":"scroll","background-type":"","background-media":"","overlay-type":"","overlay-color":"","overlay-gradient":""},"mobile":{"background-color":"","background-image":"","background-repeat":"repeat","background-position":"center center","background-size":"auto","background-attachment":"scroll","background-type":"","background-media":"","overlay-type":"","overlay-color":"","overlay-gradient":""}},"ast-content-background-meta":{"desktop":{"background-color":"var(--ast-global-color-5)","background-image":"","background-repeat":"repeat","background-position":"center center","background-size":"auto","background-attachment":"scroll","background-type":"","background-media":"","overlay-type":"","overlay-color":"","overlay-gradient":""},"tablet":{"background-color":"var(--ast-global-color-5)","background-image":"","background-repeat":"repeat","background-position":"center center","background-size":"auto","background-attachment":"scroll","background-type":"","background-media":"","overlay-type":"","overlay-color":"","overlay-gradient":""},"mobile":{"background-color":"var(--ast-global-color-5)","background-image":"","background-repeat":"repeat","background-position":"center center","background-size":"auto","background-attachment":"scroll","background-type":"","background-media":"","overlay-type":"","overlay-color":"","overlay-gradient":""}},"footnotes":""},"class_list":["post-9753","page","type-page","status-publish","has-post-thumbnail","hentry"],"yoast_head":"<!-- This site is optimized with the Yoast SEO plugin v26.0 - https:\/\/yoast.com\/wordpress\/plugins\/seo\/ -->\n<title>Personas caminando en DWG, Descargar - iCADBLOCK<\/title>\n<meta name=\"description\" content=\"Aqu\u00ed en esta p\u00e1gina hemos proporcionado personas caminando en DWG. Puede utilizar estos modelos DWG en planta y alzado.\" \/>\n<meta name=\"robots\" content=\"index, follow, max-snippet:-1, max-image-preview:large, max-video-preview:-1\" \/>\n<link rel=\"canonical\" href=\"https:\/\/icadblock.com\/es\/personas-en-dwg-autocad\/personas-caminando-en-dwg\/\" \/>\n<meta property=\"og:locale\" content=\"es_ES\" \/>\n<meta property=\"og:type\" content=\"article\" \/>\n<meta property=\"og:title\" content=\"Personas caminando en DWG, Descargar - iCADBLOCK\" \/>\n<meta property=\"og:description\" content=\"Aqu\u00ed en esta p\u00e1gina hemos proporcionado personas caminando en DWG. Puede utilizar estos modelos DWG en planta y alzado.\" \/>\n<meta property=\"og:url\" content=\"https:\/\/icadblock.com\/es\/personas-en-dwg-autocad\/personas-caminando-en-dwg\/\" \/>\n<meta property=\"og:site_name\" content=\"iCADBLOCK\" \/>\n<meta property=\"article:modified_time\" content=\"2023-12-27T09:49:52+00:00\" \/>\n<meta property=\"og:image\" content=\"https:\/\/icadblock.com\/wp-content\/uploads\/2023\/09\/people-walking-AutoCAD.webp\" \/>\n\t<meta property=\"og:image:width\" content=\"1000\" \/>\n\t<meta property=\"og:image:height\" content=\"675\" \/>\n\t<meta property=\"og:image:type\" content=\"image\/webp\" \/>\n<meta name=\"twitter:card\" content=\"summary_large_image\" \/>\n<meta name=\"twitter:label1\" content=\"Tiempo de lectura\" \/>\n\t<meta name=\"twitter:data1\" content=\"2 minutos\" \/>\n<script type=\"application\/ld+json\" class=\"yoast-schema-graph\">{\"@context\":\"https:\/\/schema.org\",\"@graph\":[{\"@type\":\"WebPage\",\"@id\":\"https:\/\/icadblock.com\/es\/personas-en-dwg-autocad\/personas-caminando-en-dwg\/\",\"url\":\"https:\/\/icadblock.com\/es\/personas-en-dwg-autocad\/personas-caminando-en-dwg\/\",\"name\":\"Personas caminando en DWG, Descargar - iCADBLOCK\",\"isPartOf\":{\"@id\":\"https:\/\/icadblock.com\/es\/#website\"},\"primaryImageOfPage\":{\"@id\":\"https:\/\/icadblock.com\/es\/personas-en-dwg-autocad\/personas-caminando-en-dwg\/#primaryimage\"},\"image\":{\"@id\":\"https:\/\/icadblock.com\/es\/personas-en-dwg-autocad\/personas-caminando-en-dwg\/#primaryimage\"},\"thumbnailUrl\":\"https:\/\/icadblock.com\/wp-content\/uploads\/2023\/09\/people-walking-AutoCAD.webp\",\"datePublished\":\"2023-09-23T15:58:47+00:00\",\"dateModified\":\"2023-12-27T09:49:52+00:00\",\"description\":\"Aqu\u00ed en esta p\u00e1gina hemos proporcionado personas caminando en DWG. Puede utilizar estos modelos DWG en planta y alzado.\",\"breadcrumb\":{\"@id\":\"https:\/\/icadblock.com\/es\/personas-en-dwg-autocad\/personas-caminando-en-dwg\/#breadcrumb\"},\"inLanguage\":\"es\",\"potentialAction\":[{\"@type\":\"ReadAction\",\"target\":[\"https:\/\/icadblock.com\/es\/personas-en-dwg-autocad\/personas-caminando-en-dwg\/\"]}]},{\"@type\":\"ImageObject\",\"inLanguage\":\"es\",\"@id\":\"https:\/\/icadblock.com\/es\/personas-en-dwg-autocad\/personas-caminando-en-dwg\/#primaryimage\",\"url\":\"https:\/\/icadblock.com\/wp-content\/uploads\/2023\/09\/people-walking-AutoCAD.webp\",\"contentUrl\":\"https:\/\/icadblock.com\/wp-content\/uploads\/2023\/09\/people-walking-AutoCAD.webp\",\"width\":1000,\"height\":675,\"caption\":\"Personas caminando en DWG\"},{\"@type\":\"BreadcrumbList\",\"@id\":\"https:\/\/icadblock.com\/es\/personas-en-dwg-autocad\/personas-caminando-en-dwg\/#breadcrumb\",\"itemListElement\":[{\"@type\":\"ListItem\",\"position\":1,\"name\":\"Home\",\"item\":\"https:\/\/icadblock.com\/es\/\"},{\"@type\":\"ListItem\",\"position\":2,\"name\":\"Personas en DWG AutoCAD, planta y alzado.\",\"item\":\"https:\/\/icadblock.com\/es\/personas-en-dwg-autocad\/\"},{\"@type\":\"ListItem\",\"position\":3,\"name\":\"Personas caminando en DWG, Descargar\"}]},{\"@type\":\"WebSite\",\"@id\":\"https:\/\/icadblock.com\/es\/#website\",\"url\":\"https:\/\/icadblock.com\/es\/\",\"name\":\"iCADBLOCK\",\"description\":\"CAD Block free download, 2d DWG models in plan\",\"publisher\":{\"@id\":\"https:\/\/icadblock.com\/es\/#organization\"},\"potentialAction\":[{\"@type\":\"SearchAction\",\"target\":{\"@type\":\"EntryPoint\",\"urlTemplate\":\"https:\/\/icadblock.com\/es\/?s={search_term_string}\"},\"query-input\":{\"@type\":\"PropertyValueSpecification\",\"valueRequired\":true,\"valueName\":\"search_term_string\"}}],\"inLanguage\":\"es\"},{\"@type\":\"Organization\",\"@id\":\"https:\/\/icadblock.com\/es\/#organization\",\"name\":\"icadblock\",\"url\":\"https:\/\/icadblock.com\/es\/\",\"logo\":{\"@type\":\"ImageObject\",\"inLanguage\":\"es\",\"@id\":\"https:\/\/icadblock.com\/es\/#\/schema\/logo\/image\/\",\"url\":\"https:\/\/icadblock.com\/wp-content\/uploads\/2022\/02\/LOGO.png\",\"contentUrl\":\"https:\/\/icadblock.com\/wp-content\/uploads\/2022\/02\/LOGO.png\",\"width\":546,\"height\":125,\"caption\":\"icadblock\"},\"image\":{\"@id\":\"https:\/\/icadblock.com\/es\/#\/schema\/logo\/image\/\"}}]}<\/script>\n<!-- \/ Yoast SEO plugin. -->","yoast_head_json":{"title":"Personas caminando en DWG, Descargar - iCADBLOCK","description":"Aqu\u00ed en esta p\u00e1gina hemos proporcionado personas caminando en DWG. Puede utilizar estos modelos DWG en planta y alzado.","robots":{"index":"index","follow":"follow","max-snippet":"max-snippet:-1","max-image-preview":"max-image-preview:large","max-video-preview":"max-video-preview:-1"},"canonical":"https:\/\/icadblock.com\/es\/personas-en-dwg-autocad\/personas-caminando-en-dwg\/","og_locale":"es_ES","og_type":"article","og_title":"Personas caminando en DWG, Descargar - iCADBLOCK","og_description":"Aqu\u00ed en esta p\u00e1gina hemos proporcionado personas caminando en DWG. Puede utilizar estos modelos DWG en planta y alzado.","og_url":"https:\/\/icadblock.com\/es\/personas-en-dwg-autocad\/personas-caminando-en-dwg\/","og_site_name":"iCADBLOCK","article_modified_time":"2023-12-27T09:49:52+00:00","og_image":[{"width":1000,"height":675,"url":"https:\/\/icadblock.com\/wp-content\/uploads\/2023\/09\/people-walking-AutoCAD.webp","type":"image\/webp"}],"twitter_card":"summary_large_image","twitter_misc":{"Tiempo de lectura":"2 minutos"},"schema":{"@context":"https:\/\/schema.org","@graph":[{"@type":"WebPage","@id":"https:\/\/icadblock.com\/es\/personas-en-dwg-autocad\/personas-caminando-en-dwg\/","url":"https:\/\/icadblock.com\/es\/personas-en-dwg-autocad\/personas-caminando-en-dwg\/","name":"Personas caminando en DWG, Descargar - iCADBLOCK","isPartOf":{"@id":"https:\/\/icadblock.com\/es\/#website"},"primaryImageOfPage":{"@id":"https:\/\/icadblock.com\/es\/personas-en-dwg-autocad\/personas-caminando-en-dwg\/#primaryimage"},"image":{"@id":"https:\/\/icadblock.com\/es\/personas-en-dwg-autocad\/personas-caminando-en-dwg\/#primaryimage"},"thumbnailUrl":"https:\/\/icadblock.com\/wp-content\/uploads\/2023\/09\/people-walking-AutoCAD.webp","datePublished":"2023-09-23T15:58:47+00:00","dateModified":"2023-12-27T09:49:52+00:00","description":"Aqu\u00ed en esta p\u00e1gina hemos proporcionado personas caminando en DWG. Puede utilizar estos modelos DWG en planta y alzado.","breadcrumb":{"@id":"https:\/\/icadblock.com\/es\/personas-en-dwg-autocad\/personas-caminando-en-dwg\/#breadcrumb"},"inLanguage":"es","potentialAction":[{"@type":"ReadAction","target":["https:\/\/icadblock.com\/es\/personas-en-dwg-autocad\/personas-caminando-en-dwg\/"]}]},{"@type":"ImageObject","inLanguage":"es","@id":"https:\/\/icadblock.com\/es\/personas-en-dwg-autocad\/personas-caminando-en-dwg\/#primaryimage","url":"https:\/\/icadblock.com\/wp-content\/uploads\/2023\/09\/people-walking-AutoCAD.webp","contentUrl":"https:\/\/icadblock.com\/wp-content\/uploads\/2023\/09\/people-walking-AutoCAD.webp","width":1000,"height":675,"caption":"Personas caminando en DWG"},{"@type":"BreadcrumbList","@id":"https:\/\/icadblock.com\/es\/personas-en-dwg-autocad\/personas-caminando-en-dwg\/#breadcrumb","itemListElement":[{"@type":"ListItem","position":1,"name":"Home","item":"https:\/\/icadblock.com\/es\/"},{"@type":"ListItem","position":2,"name":"Personas en DWG AutoCAD, planta y alzado.","item":"https:\/\/icadblock.com\/es\/personas-en-dwg-autocad\/"},{"@type":"ListItem","position":3,"name":"Personas caminando en DWG, Descargar"}]},{"@type":"WebSite","@id":"https:\/\/icadblock.com\/es\/#website","url":"https:\/\/icadblock.com\/es\/","name":"iCADBLOCK","description":"CAD Block free download, 2d DWG models in plan","publisher":{"@id":"https:\/\/icadblock.com\/es\/#organization"},"potentialAction":[{"@type":"SearchAction","target":{"@type":"EntryPoint","urlTemplate":"https:\/\/icadblock.com\/es\/?s={search_term_string}"},"query-input":{"@type":"PropertyValueSpecification","valueRequired":true,"valueName":"search_term_string"}}],"inLanguage":"es"},{"@type":"Organization","@id":"https:\/\/icadblock.com\/es\/#organization","name":"icadblock","url":"https:\/\/icadblock.com\/es\/","logo":{"@type":"ImageObject","inLanguage":"es","@id":"https:\/\/icadblock.com\/es\/#\/schema\/logo\/image\/","url":"https:\/\/icadblock.com\/wp-content\/uploads\/2022\/02\/LOGO.png","contentUrl":"https:\/\/icadblock.com\/wp-content\/uploads\/2022\/02\/LOGO.png","width":546,"height":125,"caption":"icadblock"},"image":{"@id":"https:\/\/icadblock.com\/es\/#\/schema\/logo\/image\/"}}]}},"_links":{"self":[{"href":"https:\/\/icadblock.com\/es\/wp-json\/wp\/v2\/pages\/9753","targetHints":{"allow":["GET"]}}],"collection":[{"href":"https:\/\/icadblock.com\/es\/wp-json\/wp\/v2\/pages"}],"about":[{"href":"https:\/\/icadblock.com\/es\/wp-json\/wp\/v2\/types\/page"}],"author":[{"embeddable":true,"href":"https:\/\/icadblock.com\/es\/wp-json\/wp\/v2\/users\/2"}],"replies":[{"embeddable":true,"href":"https:\/\/icadblock.com\/es\/wp-json\/wp\/v2\/comments?post=9753"}],"version-history":[{"count":5,"href":"https:\/\/icadblock.com\/es\/wp-json\/wp\/v2\/pages\/9753\/revisions"}],"predecessor-version":[{"id":9758,"href":"https:\/\/icadblock.com\/es\/wp-json\/wp\/v2\/pages\/9753\/revisions\/9758"}],"up":[{"embeddable":true,"href":"https:\/\/icadblock.com\/es\/wp-json\/wp\/v2\/pages\/9743"}],"wp:featuredmedia":[{"embeddable":true,"href":"https:\/\/icadblock.com\/es\/wp-json\/wp\/v2\/media\/8547"}],"wp:attachment":[{"href":"https:\/\/icadblock.com\/es\/wp-json\/wp\/v2\/media?parent=9753"}],"curies":[{"name":"wp","href":"https:\/\/api.w.org\/{rel}","templated":true}]}}