{"id":9759,"date":"2023-09-26T10:59:54","date_gmt":"2023-09-26T10:59:54","guid":{"rendered":"https:\/\/icadblock.com\/?page_id=9759"},"modified":"2023-12-27T10:07:46","modified_gmt":"2023-12-27T10:07:46","slug":"personas-de-pie-en","status":"publish","type":"page","link":"https:\/\/icadblock.com\/es\/personas-en-dwg-autocad\/personas-de-pie-en\/","title":{"rendered":"Personas de pie en DWG, vistas en planta y en alzado."},"content":{"rendered":"\t\t<div data-elementor-type=\"wp-page\" data-elementor-id=\"9759\" class=\"elementor elementor-9759 elementor-6600\" data-elementor-post-type=\"page\">\n\t\t\t\t\t\t<section class=\"elementor-section elementor-top-section elementor-element elementor-element-7c1dda17 elementor-section-boxed elementor-section-height-default elementor-section-height-default\" data-id=\"7c1dda17\" data-element_type=\"section\">\n\t\t\t\t\t\t<div class=\"elementor-container elementor-column-gap-default\">\n\t\t\t\t\t<div class=\"elementor-column elementor-col-50 elementor-top-column elementor-element elementor-element-b491f3f\" data-id=\"b491f3f\" data-element_type=\"column\">\n\t\t\t<div class=\"elementor-widget-wrap elementor-element-populated\">\n\t\t\t\t\t\t<div class=\"elementor-element elementor-element-1ff86049 elementor-widget elementor-widget-text-editor\" data-id=\"1ff86049\" data-element_type=\"widget\" data-widget_type=\"text-editor.default\">\n\t\t\t\t<div class=\"elementor-widget-container\">\n\t\t\t<style>\/*! elementor - v3.21.0 - 30-04-2024 *\/\n.elementor-widget-text-editor.elementor-drop-cap-view-stacked .elementor-drop-cap{background-color:#69727d;color:#fff}.elementor-widget-text-editor.elementor-drop-cap-view-framed .elementor-drop-cap{color:#69727d;border:3px solid;background-color:transparent}.elementor-widget-text-editor:not(.elementor-drop-cap-view-default) .elementor-drop-cap{margin-top:8px}.elementor-widget-text-editor:not(.elementor-drop-cap-view-default) .elementor-drop-cap-letter{width:1em;height:1em}.elementor-widget-text-editor .elementor-drop-cap{float:left;text-align:center;line-height:1;font-size:50px}.elementor-widget-text-editor .elementor-drop-cap-letter{display:inline-block}<\/style>\t\t\t\t<p>Aqu\u00ed, en esta p\u00e1gina, puede descargar la colecci\u00f3n de bloques CAD de <strong>personas de pie en dwg<\/strong>.<br \/>Hemos intentado proporcionar bloques CAD de alta calidad en formato DWG.<\/p><p>Puede descargar y utilizar estos bloques CAD en su dibujo.<\/p><p>Aqu\u00ed puedes ver a muchas personas paradas en diferentes posiciones.<\/p>\t\t\t\t\t\t<\/div>\n\t\t\t\t<\/div>\n\t\t\t\t<div class=\"elementor-element elementor-element-8523895 elementor-widget elementor-widget-heading\" data-id=\"8523895\" data-element_type=\"widget\" data-widget_type=\"heading.default\">\n\t\t\t\t<div class=\"elementor-widget-container\">\n\t\t\t<style>\/*! elementor - v3.21.0 - 30-04-2024 *\/\n.elementor-heading-title{padding:0;margin:0;line-height:1}.elementor-widget-heading .elementor-heading-title[class*=elementor-size-]>a{color:inherit;font-size:inherit;line-height:inherit}.elementor-widget-heading .elementor-heading-title.elementor-size-small{font-size:15px}.elementor-widget-heading .elementor-heading-title.elementor-size-medium{font-size:19px}.elementor-widget-heading .elementor-heading-title.elementor-size-large{font-size:29px}.elementor-widget-heading .elementor-heading-title.elementor-size-xl{font-size:39px}.elementor-widget-heading .elementor-heading-title.elementor-size-xxl{font-size:59px}<\/style><h2 class=\"elementor-heading-title elementor-size-default\">Personas de pie en DWG<\/h2>\t\t<\/div>\n\t\t\t\t<\/div>\n\t\t\t\t<div class=\"elementor-element elementor-element-081ef71 elementor-widget__width-initial elementor-widget elementor-widget-text-editor\" data-id=\"081ef71\" data-element_type=\"widget\" data-widget_type=\"text-editor.default\">\n\t\t\t\t<div class=\"elementor-widget-container\">\n\t\t\t\t\t\t\t<p>Si desea descargar otros modelos DWG de hombres y mujeres, puede visitar la <a href=\"https:\/\/icadblock.com\/es\/personas-en-dwg-autocad\/\"><em><strong>Personas en DWG AutoCAD<\/strong><\/em><\/a>.<\/p><h3><span style=\"color: #0000ff;\">Notas:<\/span><\/h3><p>La mayor\u00eda de los arquitectos utilizan personas paradas en CAD Block en sus dibujos para animar el espacio.<\/p><p>Puede utilizar estos modelos 2D en la mayor\u00eda de los proyectos arquitect\u00f3nicos. Por ejemplo, si est\u00e1 dibujando el plano de un centro comercial, puede utilizar personas en 2D en pose de pie alrededor del centro comercial.<\/p><p>La vista superior se proporciona para usar en el plano de planta.<\/p><p>Las otras vistas (Frontal, trasera y laterales) se proporcionan para usar en plano de alzado.<\/p><p>Como puede ver aqu\u00ed, hemos proporcionado muchos bloques CAD de hombres y mujeres en detalle y, ciertamente, el uso de estos hermosos modelos DWG le ayudar\u00e1 a proporcionar un dibujo profesional.<\/p><p>Tenga en cuenta que vamos a agregar m\u00e1s bloques CAD en esta categor\u00eda, por lo que es posible que desee marcar esta p\u00e1gina para futuras actualizaciones.<\/p><p>Descargue estos modelos DWG y ahorre tiempo.<\/p>\t\t\t\t\t\t<\/div>\n\t\t\t\t<\/div>\n\t\t\t\t\t<\/div>\n\t\t<\/div>\n\t\t\t\t<div class=\"jet-sticky-column-sticky elementor-column elementor-col-50 elementor-top-column elementor-element elementor-element-1e484bc\" data-jet-sticky-column-settings=\"{&quot;id&quot;:&quot;1e484bc&quot;,&quot;sticky&quot;:true,&quot;topSpacing&quot;:50,&quot;bottomSpacing&quot;:50,&quot;stickyOn&quot;:[&quot;desktop&quot;,&quot;tablet&quot;]}\" data-id=\"1e484bc\" data-element_type=\"column\">\n\t\t\t<div class=\"elementor-widget-wrap elementor-element-populated\">\n\t\t\t\t\t\t\t<\/div>\n\t\t<\/div>\n\t\t\t\t\t<\/div>\n\t\t<\/section>\n\t\t\t\t<\/div>\n\t\t","protected":false},"excerpt":{"rendered":"<p>Aqu\u00ed, en esta p\u00e1gina, puede descargar la colecci\u00f3n de bloques CAD de personas de pie en dwg. Hemos intentado proporcionar [&hellip;]<\/p>\n","protected":false},"author":2,"featured_media":8551,"parent":9743,"menu_order":0,"comment_status":"closed","ping_status":"closed","template":"","meta":{"site-sidebar-layout":"default","site-content-layout":"","ast-site-content-layout":"","site-content-style":"default","site-sidebar-style":"default","ast-global-header-display":"","ast-banner-title-visibility":"","ast-main-header-display":"","ast-hfb-above-header-display":"","ast-hfb-below-header-display":"","ast-hfb-mobile-header-display":"","site-post-title":"","ast-breadcrumbs-content":"","ast-featured-img":"","footer-sml-layout":"","theme-transparent-header-meta":"","adv-header-id-meta":"","stick-header-meta":"","header-above-stick-meta":"","header-main-stick-meta":"","header-below-stick-meta":"","astra-migrate-meta-layouts":"default","ast-page-background-enabled":"default","ast-page-background-meta":{"desktop":{"background-color":"var(--ast-global-color-4)","background-image":"","background-repeat":"repeat","background-position":"center center","background-size":"auto","background-attachment":"scroll","background-type":"","background-media":"","overlay-type":"","overlay-color":"","overlay-gradient":""},"tablet":{"background-color":"","background-image":"","background-repeat":"repeat","background-position":"center center","background-size":"auto","background-attachment":"scroll","background-type":"","background-media":"","overlay-type":"","overlay-color":"","overlay-gradient":""},"mobile":{"background-color":"","background-image":"","background-repeat":"repeat","background-position":"center center","background-size":"auto","background-attachment":"scroll","background-type":"","background-media":"","overlay-type":"","overlay-color":"","overlay-gradient":""}},"ast-content-background-meta":{"desktop":{"background-color":"var(--ast-global-color-5)","background-image":"","background-repeat":"repeat","background-position":"center center","background-size":"auto","background-attachment":"scroll","background-type":"","background-media":"","overlay-type":"","overlay-color":"","overlay-gradient":""},"tablet":{"background-color":"var(--ast-global-color-5)","background-image":"","background-repeat":"repeat","background-position":"center center","background-size":"auto","background-attachment":"scroll","background-type":"","background-media":"","overlay-type":"","overlay-color":"","overlay-gradient":""},"mobile":{"background-color":"var(--ast-global-color-5)","background-image":"","background-repeat":"repeat","background-position":"center center","background-size":"auto","background-attachment":"scroll","background-type":"","background-media":"","overlay-type":"","overlay-color":"","overlay-gradient":""}},"footnotes":""},"class_list":["post-9759","page","type-page","status-publish","has-post-thumbnail","hentry"],"yoast_head":"<!-- This site is optimized with the Yoast SEO plugin v26.0 - https:\/\/yoast.com\/wordpress\/plugins\/seo\/ -->\n<title>Personas de pie en DWG, vistas en planta y en alzado. - iCADBLOCK<\/title>\n<meta name=\"description\" content=\"en esta p\u00e1gina, puede descargar la colecci\u00f3n de bloques CAD de personas de pie en dwg.Hemos intentado proporcionar bloques CAD de alta\" \/>\n<meta name=\"robots\" content=\"index, follow, max-snippet:-1, max-image-preview:large, max-video-preview:-1\" \/>\n<link rel=\"canonical\" href=\"https:\/\/icadblock.com\/es\/personas-en-dwg-autocad\/personas-de-pie-en\/\" \/>\n<meta property=\"og:locale\" content=\"es_ES\" \/>\n<meta property=\"og:type\" content=\"article\" \/>\n<meta property=\"og:title\" content=\"Personas de pie en DWG, vistas en planta y en alzado. - iCADBLOCK\" \/>\n<meta property=\"og:description\" content=\"en esta p\u00e1gina, puede descargar la colecci\u00f3n de bloques CAD de personas de pie en dwg.Hemos intentado proporcionar bloques CAD de alta\" \/>\n<meta property=\"og:url\" content=\"https:\/\/icadblock.com\/es\/personas-en-dwg-autocad\/personas-de-pie-en\/\" \/>\n<meta property=\"og:site_name\" content=\"iCADBLOCK\" \/>\n<meta property=\"article:modified_time\" content=\"2023-12-27T10:07:46+00:00\" \/>\n<meta property=\"og:image\" content=\"https:\/\/icadblock.com\/wp-content\/uploads\/2023\/09\/people-standing-DWG.webp\" \/>\n\t<meta property=\"og:image:width\" content=\"1000\" \/>\n\t<meta property=\"og:image:height\" content=\"675\" \/>\n\t<meta property=\"og:image:type\" content=\"image\/webp\" \/>\n<meta name=\"twitter:card\" content=\"summary_large_image\" \/>\n<meta name=\"twitter:label1\" content=\"Tiempo de lectura\" \/>\n\t<meta name=\"twitter:data1\" content=\"2 minutos\" \/>\n<script type=\"application\/ld+json\" class=\"yoast-schema-graph\">{\"@context\":\"https:\/\/schema.org\",\"@graph\":[{\"@type\":\"WebPage\",\"@id\":\"https:\/\/icadblock.com\/es\/personas-en-dwg-autocad\/personas-de-pie-en\/\",\"url\":\"https:\/\/icadblock.com\/es\/personas-en-dwg-autocad\/personas-de-pie-en\/\",\"name\":\"Personas de pie en DWG, vistas en planta y en alzado. - iCADBLOCK\",\"isPartOf\":{\"@id\":\"https:\/\/icadblock.com\/es\/#website\"},\"primaryImageOfPage\":{\"@id\":\"https:\/\/icadblock.com\/es\/personas-en-dwg-autocad\/personas-de-pie-en\/#primaryimage\"},\"image\":{\"@id\":\"https:\/\/icadblock.com\/es\/personas-en-dwg-autocad\/personas-de-pie-en\/#primaryimage\"},\"thumbnailUrl\":\"https:\/\/icadblock.com\/wp-content\/uploads\/2023\/09\/people-standing-DWG.webp\",\"datePublished\":\"2023-09-26T10:59:54+00:00\",\"dateModified\":\"2023-12-27T10:07:46+00:00\",\"description\":\"en esta p\u00e1gina, puede descargar la colecci\u00f3n de bloques CAD de personas de pie en dwg.Hemos intentado proporcionar bloques CAD de alta\",\"breadcrumb\":{\"@id\":\"https:\/\/icadblock.com\/es\/personas-en-dwg-autocad\/personas-de-pie-en\/#breadcrumb\"},\"inLanguage\":\"es\",\"potentialAction\":[{\"@type\":\"ReadAction\",\"target\":[\"https:\/\/icadblock.com\/es\/personas-en-dwg-autocad\/personas-de-pie-en\/\"]}]},{\"@type\":\"ImageObject\",\"inLanguage\":\"es\",\"@id\":\"https:\/\/icadblock.com\/es\/personas-en-dwg-autocad\/personas-de-pie-en\/#primaryimage\",\"url\":\"https:\/\/icadblock.com\/wp-content\/uploads\/2023\/09\/people-standing-DWG.webp\",\"contentUrl\":\"https:\/\/icadblock.com\/wp-content\/uploads\/2023\/09\/people-standing-DWG.webp\",\"width\":1000,\"height\":675,\"caption\":\"Personas de pie en DWG\"},{\"@type\":\"BreadcrumbList\",\"@id\":\"https:\/\/icadblock.com\/es\/personas-en-dwg-autocad\/personas-de-pie-en\/#breadcrumb\",\"itemListElement\":[{\"@type\":\"ListItem\",\"position\":1,\"name\":\"Home\",\"item\":\"https:\/\/icadblock.com\/es\/\"},{\"@type\":\"ListItem\",\"position\":2,\"name\":\"Personas en DWG AutoCAD, planta y alzado.\",\"item\":\"https:\/\/icadblock.com\/es\/personas-en-dwg-autocad\/\"},{\"@type\":\"ListItem\",\"position\":3,\"name\":\"Personas de pie en DWG, vistas en planta y en alzado.\"}]},{\"@type\":\"WebSite\",\"@id\":\"https:\/\/icadblock.com\/es\/#website\",\"url\":\"https:\/\/icadblock.com\/es\/\",\"name\":\"iCADBLOCK\",\"description\":\"CAD Block free download, 2d DWG models in plan\",\"publisher\":{\"@id\":\"https:\/\/icadblock.com\/es\/#organization\"},\"potentialAction\":[{\"@type\":\"SearchAction\",\"target\":{\"@type\":\"EntryPoint\",\"urlTemplate\":\"https:\/\/icadblock.com\/es\/?s={search_term_string}\"},\"query-input\":{\"@type\":\"PropertyValueSpecification\",\"valueRequired\":true,\"valueName\":\"search_term_string\"}}],\"inLanguage\":\"es\"},{\"@type\":\"Organization\",\"@id\":\"https:\/\/icadblock.com\/es\/#organization\",\"name\":\"icadblock\",\"url\":\"https:\/\/icadblock.com\/es\/\",\"logo\":{\"@type\":\"ImageObject\",\"inLanguage\":\"es\",\"@id\":\"https:\/\/icadblock.com\/es\/#\/schema\/logo\/image\/\",\"url\":\"https:\/\/icadblock.com\/wp-content\/uploads\/2022\/02\/LOGO.png\",\"contentUrl\":\"https:\/\/icadblock.com\/wp-content\/uploads\/2022\/02\/LOGO.png\",\"width\":546,\"height\":125,\"caption\":\"icadblock\"},\"image\":{\"@id\":\"https:\/\/icadblock.com\/es\/#\/schema\/logo\/image\/\"}}]}<\/script>\n<!-- \/ Yoast SEO plugin. -->","yoast_head_json":{"title":"Personas de pie en DWG, vistas en planta y en alzado. - iCADBLOCK","description":"en esta p\u00e1gina, puede descargar la colecci\u00f3n de bloques CAD de personas de pie en dwg.Hemos intentado proporcionar bloques CAD de alta","robots":{"index":"index","follow":"follow","max-snippet":"max-snippet:-1","max-image-preview":"max-image-preview:large","max-video-preview":"max-video-preview:-1"},"canonical":"https:\/\/icadblock.com\/es\/personas-en-dwg-autocad\/personas-de-pie-en\/","og_locale":"es_ES","og_type":"article","og_title":"Personas de pie en DWG, vistas en planta y en alzado. - iCADBLOCK","og_description":"en esta p\u00e1gina, puede descargar la colecci\u00f3n de bloques CAD de personas de pie en dwg.Hemos intentado proporcionar bloques CAD de alta","og_url":"https:\/\/icadblock.com\/es\/personas-en-dwg-autocad\/personas-de-pie-en\/","og_site_name":"iCADBLOCK","article_modified_time":"2023-12-27T10:07:46+00:00","og_image":[{"width":1000,"height":675,"url":"https:\/\/icadblock.com\/wp-content\/uploads\/2023\/09\/people-standing-DWG.webp","type":"image\/webp"}],"twitter_card":"summary_large_image","twitter_misc":{"Tiempo de lectura":"2 minutos"},"schema":{"@context":"https:\/\/schema.org","@graph":[{"@type":"WebPage","@id":"https:\/\/icadblock.com\/es\/personas-en-dwg-autocad\/personas-de-pie-en\/","url":"https:\/\/icadblock.com\/es\/personas-en-dwg-autocad\/personas-de-pie-en\/","name":"Personas de pie en DWG, vistas en planta y en alzado. - iCADBLOCK","isPartOf":{"@id":"https:\/\/icadblock.com\/es\/#website"},"primaryImageOfPage":{"@id":"https:\/\/icadblock.com\/es\/personas-en-dwg-autocad\/personas-de-pie-en\/#primaryimage"},"image":{"@id":"https:\/\/icadblock.com\/es\/personas-en-dwg-autocad\/personas-de-pie-en\/#primaryimage"},"thumbnailUrl":"https:\/\/icadblock.com\/wp-content\/uploads\/2023\/09\/people-standing-DWG.webp","datePublished":"2023-09-26T10:59:54+00:00","dateModified":"2023-12-27T10:07:46+00:00","description":"en esta p\u00e1gina, puede descargar la colecci\u00f3n de bloques CAD de personas de pie en dwg.Hemos intentado proporcionar bloques CAD de alta","breadcrumb":{"@id":"https:\/\/icadblock.com\/es\/personas-en-dwg-autocad\/personas-de-pie-en\/#breadcrumb"},"inLanguage":"es","potentialAction":[{"@type":"ReadAction","target":["https:\/\/icadblock.com\/es\/personas-en-dwg-autocad\/personas-de-pie-en\/"]}]},{"@type":"ImageObject","inLanguage":"es","@id":"https:\/\/icadblock.com\/es\/personas-en-dwg-autocad\/personas-de-pie-en\/#primaryimage","url":"https:\/\/icadblock.com\/wp-content\/uploads\/2023\/09\/people-standing-DWG.webp","contentUrl":"https:\/\/icadblock.com\/wp-content\/uploads\/2023\/09\/people-standing-DWG.webp","width":1000,"height":675,"caption":"Personas de pie en DWG"},{"@type":"BreadcrumbList","@id":"https:\/\/icadblock.com\/es\/personas-en-dwg-autocad\/personas-de-pie-en\/#breadcrumb","itemListElement":[{"@type":"ListItem","position":1,"name":"Home","item":"https:\/\/icadblock.com\/es\/"},{"@type":"ListItem","position":2,"name":"Personas en DWG AutoCAD, planta y alzado.","item":"https:\/\/icadblock.com\/es\/personas-en-dwg-autocad\/"},{"@type":"ListItem","position":3,"name":"Personas de pie en DWG, vistas en planta y en alzado."}]},{"@type":"WebSite","@id":"https:\/\/icadblock.com\/es\/#website","url":"https:\/\/icadblock.com\/es\/","name":"iCADBLOCK","description":"CAD Block free download, 2d DWG models in plan","publisher":{"@id":"https:\/\/icadblock.com\/es\/#organization"},"potentialAction":[{"@type":"SearchAction","target":{"@type":"EntryPoint","urlTemplate":"https:\/\/icadblock.com\/es\/?s={search_term_string}"},"query-input":{"@type":"PropertyValueSpecification","valueRequired":true,"valueName":"search_term_string"}}],"inLanguage":"es"},{"@type":"Organization","@id":"https:\/\/icadblock.com\/es\/#organization","name":"icadblock","url":"https:\/\/icadblock.com\/es\/","logo":{"@type":"ImageObject","inLanguage":"es","@id":"https:\/\/icadblock.com\/es\/#\/schema\/logo\/image\/","url":"https:\/\/icadblock.com\/wp-content\/uploads\/2022\/02\/LOGO.png","contentUrl":"https:\/\/icadblock.com\/wp-content\/uploads\/2022\/02\/LOGO.png","width":546,"height":125,"caption":"icadblock"},"image":{"@id":"https:\/\/icadblock.com\/es\/#\/schema\/logo\/image\/"}}]}},"_links":{"self":[{"href":"https:\/\/icadblock.com\/es\/wp-json\/wp\/v2\/pages\/9759","targetHints":{"allow":["GET"]}}],"collection":[{"href":"https:\/\/icadblock.com\/es\/wp-json\/wp\/v2\/pages"}],"about":[{"href":"https:\/\/icadblock.com\/es\/wp-json\/wp\/v2\/types\/page"}],"author":[{"embeddable":true,"href":"https:\/\/icadblock.com\/es\/wp-json\/wp\/v2\/users\/2"}],"replies":[{"embeddable":true,"href":"https:\/\/icadblock.com\/es\/wp-json\/wp\/v2\/comments?post=9759"}],"version-history":[{"count":6,"href":"https:\/\/icadblock.com\/es\/wp-json\/wp\/v2\/pages\/9759\/revisions"}],"predecessor-version":[{"id":9765,"href":"https:\/\/icadblock.com\/es\/wp-json\/wp\/v2\/pages\/9759\/revisions\/9765"}],"up":[{"embeddable":true,"href":"https:\/\/icadblock.com\/es\/wp-json\/wp\/v2\/pages\/9743"}],"wp:featuredmedia":[{"embeddable":true,"href":"https:\/\/icadblock.com\/es\/wp-json\/wp\/v2\/media\/8551"}],"wp:attachment":[{"href":"https:\/\/icadblock.com\/es\/wp-json\/wp\/v2\/media?parent=9759"}],"curies":[{"name":"wp","href":"https:\/\/api.w.org\/{rel}","templated":true}]}}