{"id":9772,"date":"2023-09-28T12:32:11","date_gmt":"2023-09-28T12:32:11","guid":{"rendered":"https:\/\/icadblock.com\/?page_id=9772"},"modified":"2023-12-27T12:29:48","modified_gmt":"2023-12-27T12:29:48","slug":"guitarra-en-dwg-tapa-y-frente","status":"publish","type":"page","link":"https:\/\/icadblock.com\/es\/instrumentos-musicales-en-dwg\/guitarra-en-dwg-tapa-y-frente\/","title":{"rendered":"Guitarra en DWG, tapa y frente."},"content":{"rendered":"\t\t<div data-elementor-type=\"wp-page\" data-elementor-id=\"9772\" class=\"elementor elementor-9772 elementor-6679\" data-elementor-post-type=\"page\">\n\t\t\t\t\t\t<section class=\"elementor-section elementor-top-section elementor-element elementor-element-6cd34d4e elementor-section-boxed elementor-section-height-default elementor-section-height-default\" data-id=\"6cd34d4e\" data-element_type=\"section\">\n\t\t\t\t\t\t<div class=\"elementor-container elementor-column-gap-default\">\n\t\t\t\t\t<div class=\"elementor-column elementor-col-50 elementor-top-column elementor-element elementor-element-3c976337\" data-id=\"3c976337\" data-element_type=\"column\">\n\t\t\t<div class=\"elementor-widget-wrap elementor-element-populated\">\n\t\t\t\t\t\t<div class=\"elementor-element elementor-element-64904520 elementor-widget elementor-widget-text-editor\" data-id=\"64904520\" data-element_type=\"widget\" data-widget_type=\"text-editor.default\">\n\t\t\t\t<div class=\"elementor-widget-container\">\n\t\t\t<style>\/*! elementor - v3.21.0 - 30-04-2024 *\/\n.elementor-widget-text-editor.elementor-drop-cap-view-stacked .elementor-drop-cap{background-color:#69727d;color:#fff}.elementor-widget-text-editor.elementor-drop-cap-view-framed .elementor-drop-cap{color:#69727d;border:3px solid;background-color:transparent}.elementor-widget-text-editor:not(.elementor-drop-cap-view-default) .elementor-drop-cap{margin-top:8px}.elementor-widget-text-editor:not(.elementor-drop-cap-view-default) .elementor-drop-cap-letter{width:1em;height:1em}.elementor-widget-text-editor .elementor-drop-cap{float:left;text-align:center;line-height:1;font-size:50px}.elementor-widget-text-editor .elementor-drop-cap-letter{display:inline-block}<\/style>\t\t\t\t<p>Aqu\u00ed, en esta p\u00e1gina, proporcionamos la colecci\u00f3n de bloques CAD de <strong>guitarra en DWG<\/strong>.<\/p><p>Estos bloques CAD se dibujan en vistas en planta y en alzado.<\/p><p>Si observa los bloques CAD a continuaci\u00f3n, ver\u00e1 que hemos hecho todo lo posible para dibujar estos modelos DWG.<\/p><p>Como puedes ver existen diferentes tipos de guitarras con diferentes formas para diferentes gustos.<\/p>\t\t\t\t\t\t<\/div>\n\t\t\t\t<\/div>\n\t\t\t\t<div class=\"elementor-element elementor-element-7704268 elementor-widget elementor-widget-heading\" data-id=\"7704268\" data-element_type=\"widget\" data-widget_type=\"heading.default\">\n\t\t\t\t<div class=\"elementor-widget-container\">\n\t\t\t<style>\/*! elementor - v3.21.0 - 30-04-2024 *\/\n.elementor-heading-title{padding:0;margin:0;line-height:1}.elementor-widget-heading .elementor-heading-title[class*=elementor-size-]>a{color:inherit;font-size:inherit;line-height:inherit}.elementor-widget-heading .elementor-heading-title.elementor-size-small{font-size:15px}.elementor-widget-heading .elementor-heading-title.elementor-size-medium{font-size:19px}.elementor-widget-heading .elementor-heading-title.elementor-size-large{font-size:29px}.elementor-widget-heading .elementor-heading-title.elementor-size-xl{font-size:39px}.elementor-widget-heading .elementor-heading-title.elementor-size-xxl{font-size:59px}<\/style><h2 class=\"elementor-heading-title elementor-size-default\">Guitarra en DWG<\/h2>\t\t<\/div>\n\t\t\t\t<\/div>\n\t\t\t\t<div class=\"elementor-element elementor-element-6b10b64 elementor-widget elementor-widget-text-editor\" data-id=\"6b10b64\" data-element_type=\"widget\" data-widget_type=\"text-editor.default\">\n\t\t\t\t<div class=\"elementor-widget-container\">\n\t\t\t\t\t\t\t<p>Tenemos muchos otros bloques CAD relacionados en este sitio web que quiz\u00e1s quieras descargar y usar en tus dibujos.<\/p><p>Por ejemplo, puede descargar otros <a href=\"https:\/\/icadblock.com\/es\/instrumentos-musicales-en-dwg\/\"><em><strong>bloques CAD de instrumentos musicales<\/strong><\/em><\/a>, como el <a href=\"https:\/\/icadblock.com\/es\/instrumentos-musicales-en-dwg\/piano-en-dwg\/\"><em><strong>bloque CAD de piano<\/strong><\/em><\/a>.<\/p><h3><span style=\"color: #0000ff;\">Notas:<\/span><\/h3><p>Los modelos 2D de guitarra y piano son instrumentos musicales que los arquitectos utilizan en la mayor\u00eda de sus dibujos.<\/p><p>Algunos arquitectos y dise\u00f1adores utilizan el bloque CAD de guitarra como elemento de decoraci\u00f3n. Por ejemplo montar la guitarra en la pared puede ser una gran idea en este caso.<\/p><p>Una guitarra colgante puede ser otra forma de utilizar este instrumento como elemento decorativo.<\/p><p>Tambi\u00e9n puedes colocar una guitarra ac\u00fastica sobre una mesa de madera.<\/p><p>Tenga en cuenta que estamos planeando agregar m\u00e1s modelos de guitarra 2D a esta p\u00e1gina y es posible que desee volver a visitar este sitio web y ver un dise\u00f1o \u00fanico e interesante en esta categor\u00eda.<\/p>\t\t\t\t\t\t<\/div>\n\t\t\t\t<\/div>\n\t\t\t\t\t<\/div>\n\t\t<\/div>\n\t\t\t\t<div class=\"jet-sticky-column-sticky elementor-column elementor-col-50 elementor-top-column elementor-element elementor-element-8596181\" data-jet-sticky-column-settings=\"{&quot;id&quot;:&quot;8596181&quot;,&quot;sticky&quot;:true,&quot;topSpacing&quot;:50,&quot;bottomSpacing&quot;:50,&quot;stickyOn&quot;:[&quot;desktop&quot;,&quot;tablet&quot;]}\" data-id=\"8596181\" data-element_type=\"column\">\n\t\t\t<div class=\"elementor-widget-wrap elementor-element-populated\">\n\t\t\t\t\t\t\t<\/div>\n\t\t<\/div>\n\t\t\t\t\t<\/div>\n\t\t<\/section>\n\t\t\t\t<\/div>\n\t\t","protected":false},"excerpt":{"rendered":"<p>Aqu\u00ed, en esta p\u00e1gina, proporcionamos la colecci\u00f3n de bloques CAD de guitarra en DWG. Estos bloques CAD se dibujan en [&hellip;]<\/p>\n","protected":false},"author":2,"featured_media":8568,"parent":9731,"menu_order":0,"comment_status":"closed","ping_status":"closed","template":"","meta":{"site-sidebar-layout":"default","site-content-layout":"","ast-site-content-layout":"","site-content-style":"default","site-sidebar-style":"default","ast-global-header-display":"","ast-banner-title-visibility":"","ast-main-header-display":"","ast-hfb-above-header-display":"","ast-hfb-below-header-display":"","ast-hfb-mobile-header-display":"","site-post-title":"","ast-breadcrumbs-content":"","ast-featured-img":"","footer-sml-layout":"","theme-transparent-header-meta":"","adv-header-id-meta":"","stick-header-meta":"","header-above-stick-meta":"","header-main-stick-meta":"","header-below-stick-meta":"","astra-migrate-meta-layouts":"default","ast-page-background-enabled":"default","ast-page-background-meta":{"desktop":{"background-color":"var(--ast-global-color-4)","background-image":"","background-repeat":"repeat","background-position":"center center","background-size":"auto","background-attachment":"scroll","background-type":"","background-media":"","overlay-type":"","overlay-color":"","overlay-gradient":""},"tablet":{"background-color":"","background-image":"","background-repeat":"repeat","background-position":"center center","background-size":"auto","background-attachment":"scroll","background-type":"","background-media":"","overlay-type":"","overlay-color":"","overlay-gradient":""},"mobile":{"background-color":"","background-image":"","background-repeat":"repeat","background-position":"center center","background-size":"auto","background-attachment":"scroll","background-type":"","background-media":"","overlay-type":"","overlay-color":"","overlay-gradient":""}},"ast-content-background-meta":{"desktop":{"background-color":"var(--ast-global-color-5)","background-image":"","background-repeat":"repeat","background-position":"center center","background-size":"auto","background-attachment":"scroll","background-type":"","background-media":"","overlay-type":"","overlay-color":"","overlay-gradient":""},"tablet":{"background-color":"var(--ast-global-color-5)","background-image":"","background-repeat":"repeat","background-position":"center center","background-size":"auto","background-attachment":"scroll","background-type":"","background-media":"","overlay-type":"","overlay-color":"","overlay-gradient":""},"mobile":{"background-color":"var(--ast-global-color-5)","background-image":"","background-repeat":"repeat","background-position":"center center","background-size":"auto","background-attachment":"scroll","background-type":"","background-media":"","overlay-type":"","overlay-color":"","overlay-gradient":""}},"footnotes":""},"class_list":["post-9772","page","type-page","status-publish","has-post-thumbnail","hentry"],"yoast_head":"<!-- This site is optimized with the Yoast SEO plugin v26.0 - https:\/\/yoast.com\/wordpress\/plugins\/seo\/ -->\n<title>Guitarra en DWG, tapa y frente. - iCADBLOCK<\/title>\n<meta name=\"description\" content=\"en esta p\u00e1gina, proporcionamos la colecci\u00f3n de bloques CAD de guitarra en DWG.Estos bloques CAD se dibujan en vistas en planta y en alzado.\" \/>\n<meta name=\"robots\" content=\"index, follow, max-snippet:-1, max-image-preview:large, max-video-preview:-1\" \/>\n<link rel=\"canonical\" href=\"https:\/\/icadblock.com\/es\/instrumentos-musicales-en-dwg\/guitarra-en-dwg-tapa-y-frente\/\" \/>\n<meta property=\"og:locale\" content=\"es_ES\" \/>\n<meta property=\"og:type\" content=\"article\" \/>\n<meta property=\"og:title\" content=\"Guitarra en DWG, tapa y frente. - iCADBLOCK\" \/>\n<meta property=\"og:description\" content=\"en esta p\u00e1gina, proporcionamos la colecci\u00f3n de bloques CAD de guitarra en DWG.Estos bloques CAD se dibujan en vistas en planta y en alzado.\" \/>\n<meta property=\"og:url\" content=\"https:\/\/icadblock.com\/es\/instrumentos-musicales-en-dwg\/guitarra-en-dwg-tapa-y-frente\/\" \/>\n<meta property=\"og:site_name\" content=\"iCADBLOCK\" \/>\n<meta property=\"article:modified_time\" content=\"2023-12-27T12:29:48+00:00\" \/>\n<meta property=\"og:image\" content=\"https:\/\/icadblock.com\/wp-content\/uploads\/2023\/09\/guitar-dwg.webp\" \/>\n\t<meta property=\"og:image:width\" content=\"1000\" \/>\n\t<meta property=\"og:image:height\" content=\"675\" \/>\n\t<meta property=\"og:image:type\" content=\"image\/webp\" \/>\n<meta name=\"twitter:card\" content=\"summary_large_image\" \/>\n<meta name=\"twitter:label1\" content=\"Tiempo de lectura\" \/>\n\t<meta name=\"twitter:data1\" content=\"2 minutos\" \/>\n<script type=\"application\/ld+json\" class=\"yoast-schema-graph\">{\"@context\":\"https:\/\/schema.org\",\"@graph\":[{\"@type\":\"WebPage\",\"@id\":\"https:\/\/icadblock.com\/es\/instrumentos-musicales-en-dwg\/guitarra-en-dwg-tapa-y-frente\/\",\"url\":\"https:\/\/icadblock.com\/es\/instrumentos-musicales-en-dwg\/guitarra-en-dwg-tapa-y-frente\/\",\"name\":\"Guitarra en DWG, tapa y frente. - iCADBLOCK\",\"isPartOf\":{\"@id\":\"https:\/\/icadblock.com\/es\/#website\"},\"primaryImageOfPage\":{\"@id\":\"https:\/\/icadblock.com\/es\/instrumentos-musicales-en-dwg\/guitarra-en-dwg-tapa-y-frente\/#primaryimage\"},\"image\":{\"@id\":\"https:\/\/icadblock.com\/es\/instrumentos-musicales-en-dwg\/guitarra-en-dwg-tapa-y-frente\/#primaryimage\"},\"thumbnailUrl\":\"https:\/\/icadblock.com\/wp-content\/uploads\/2023\/09\/guitar-dwg.webp\",\"datePublished\":\"2023-09-28T12:32:11+00:00\",\"dateModified\":\"2023-12-27T12:29:48+00:00\",\"description\":\"en esta p\u00e1gina, proporcionamos la colecci\u00f3n de bloques CAD de guitarra en DWG.Estos bloques CAD se dibujan en vistas en planta y en alzado.\",\"breadcrumb\":{\"@id\":\"https:\/\/icadblock.com\/es\/instrumentos-musicales-en-dwg\/guitarra-en-dwg-tapa-y-frente\/#breadcrumb\"},\"inLanguage\":\"es\",\"potentialAction\":[{\"@type\":\"ReadAction\",\"target\":[\"https:\/\/icadblock.com\/es\/instrumentos-musicales-en-dwg\/guitarra-en-dwg-tapa-y-frente\/\"]}]},{\"@type\":\"ImageObject\",\"inLanguage\":\"es\",\"@id\":\"https:\/\/icadblock.com\/es\/instrumentos-musicales-en-dwg\/guitarra-en-dwg-tapa-y-frente\/#primaryimage\",\"url\":\"https:\/\/icadblock.com\/wp-content\/uploads\/2023\/09\/guitar-dwg.webp\",\"contentUrl\":\"https:\/\/icadblock.com\/wp-content\/uploads\/2023\/09\/guitar-dwg.webp\",\"width\":1000,\"height\":675,\"caption\":\"Guitarra en DWG\"},{\"@type\":\"BreadcrumbList\",\"@id\":\"https:\/\/icadblock.com\/es\/instrumentos-musicales-en-dwg\/guitarra-en-dwg-tapa-y-frente\/#breadcrumb\",\"itemListElement\":[{\"@type\":\"ListItem\",\"position\":1,\"name\":\"Home\",\"item\":\"https:\/\/icadblock.com\/es\/\"},{\"@type\":\"ListItem\",\"position\":2,\"name\":\"Instrumentos musicales en DWG AutoCAD\",\"item\":\"https:\/\/icadblock.com\/es\/instrumentos-musicales-en-dwg\/\"},{\"@type\":\"ListItem\",\"position\":3,\"name\":\"Guitarra en DWG, tapa y frente.\"}]},{\"@type\":\"WebSite\",\"@id\":\"https:\/\/icadblock.com\/es\/#website\",\"url\":\"https:\/\/icadblock.com\/es\/\",\"name\":\"iCADBLOCK\",\"description\":\"CAD Block free download, 2d DWG models in plan\",\"publisher\":{\"@id\":\"https:\/\/icadblock.com\/es\/#organization\"},\"potentialAction\":[{\"@type\":\"SearchAction\",\"target\":{\"@type\":\"EntryPoint\",\"urlTemplate\":\"https:\/\/icadblock.com\/es\/?s={search_term_string}\"},\"query-input\":{\"@type\":\"PropertyValueSpecification\",\"valueRequired\":true,\"valueName\":\"search_term_string\"}}],\"inLanguage\":\"es\"},{\"@type\":\"Organization\",\"@id\":\"https:\/\/icadblock.com\/es\/#organization\",\"name\":\"icadblock\",\"url\":\"https:\/\/icadblock.com\/es\/\",\"logo\":{\"@type\":\"ImageObject\",\"inLanguage\":\"es\",\"@id\":\"https:\/\/icadblock.com\/es\/#\/schema\/logo\/image\/\",\"url\":\"https:\/\/icadblock.com\/wp-content\/uploads\/2022\/02\/LOGO.png\",\"contentUrl\":\"https:\/\/icadblock.com\/wp-content\/uploads\/2022\/02\/LOGO.png\",\"width\":546,\"height\":125,\"caption\":\"icadblock\"},\"image\":{\"@id\":\"https:\/\/icadblock.com\/es\/#\/schema\/logo\/image\/\"}}]}<\/script>\n<!-- \/ Yoast SEO plugin. -->","yoast_head_json":{"title":"Guitarra en DWG, tapa y frente. - iCADBLOCK","description":"en esta p\u00e1gina, proporcionamos la colecci\u00f3n de bloques CAD de guitarra en DWG.Estos bloques CAD se dibujan en vistas en planta y en alzado.","robots":{"index":"index","follow":"follow","max-snippet":"max-snippet:-1","max-image-preview":"max-image-preview:large","max-video-preview":"max-video-preview:-1"},"canonical":"https:\/\/icadblock.com\/es\/instrumentos-musicales-en-dwg\/guitarra-en-dwg-tapa-y-frente\/","og_locale":"es_ES","og_type":"article","og_title":"Guitarra en DWG, tapa y frente. - iCADBLOCK","og_description":"en esta p\u00e1gina, proporcionamos la colecci\u00f3n de bloques CAD de guitarra en DWG.Estos bloques CAD se dibujan en vistas en planta y en alzado.","og_url":"https:\/\/icadblock.com\/es\/instrumentos-musicales-en-dwg\/guitarra-en-dwg-tapa-y-frente\/","og_site_name":"iCADBLOCK","article_modified_time":"2023-12-27T12:29:48+00:00","og_image":[{"width":1000,"height":675,"url":"https:\/\/icadblock.com\/wp-content\/uploads\/2023\/09\/guitar-dwg.webp","type":"image\/webp"}],"twitter_card":"summary_large_image","twitter_misc":{"Tiempo de lectura":"2 minutos"},"schema":{"@context":"https:\/\/schema.org","@graph":[{"@type":"WebPage","@id":"https:\/\/icadblock.com\/es\/instrumentos-musicales-en-dwg\/guitarra-en-dwg-tapa-y-frente\/","url":"https:\/\/icadblock.com\/es\/instrumentos-musicales-en-dwg\/guitarra-en-dwg-tapa-y-frente\/","name":"Guitarra en DWG, tapa y frente. - iCADBLOCK","isPartOf":{"@id":"https:\/\/icadblock.com\/es\/#website"},"primaryImageOfPage":{"@id":"https:\/\/icadblock.com\/es\/instrumentos-musicales-en-dwg\/guitarra-en-dwg-tapa-y-frente\/#primaryimage"},"image":{"@id":"https:\/\/icadblock.com\/es\/instrumentos-musicales-en-dwg\/guitarra-en-dwg-tapa-y-frente\/#primaryimage"},"thumbnailUrl":"https:\/\/icadblock.com\/wp-content\/uploads\/2023\/09\/guitar-dwg.webp","datePublished":"2023-09-28T12:32:11+00:00","dateModified":"2023-12-27T12:29:48+00:00","description":"en esta p\u00e1gina, proporcionamos la colecci\u00f3n de bloques CAD de guitarra en DWG.Estos bloques CAD se dibujan en vistas en planta y en alzado.","breadcrumb":{"@id":"https:\/\/icadblock.com\/es\/instrumentos-musicales-en-dwg\/guitarra-en-dwg-tapa-y-frente\/#breadcrumb"},"inLanguage":"es","potentialAction":[{"@type":"ReadAction","target":["https:\/\/icadblock.com\/es\/instrumentos-musicales-en-dwg\/guitarra-en-dwg-tapa-y-frente\/"]}]},{"@type":"ImageObject","inLanguage":"es","@id":"https:\/\/icadblock.com\/es\/instrumentos-musicales-en-dwg\/guitarra-en-dwg-tapa-y-frente\/#primaryimage","url":"https:\/\/icadblock.com\/wp-content\/uploads\/2023\/09\/guitar-dwg.webp","contentUrl":"https:\/\/icadblock.com\/wp-content\/uploads\/2023\/09\/guitar-dwg.webp","width":1000,"height":675,"caption":"Guitarra en DWG"},{"@type":"BreadcrumbList","@id":"https:\/\/icadblock.com\/es\/instrumentos-musicales-en-dwg\/guitarra-en-dwg-tapa-y-frente\/#breadcrumb","itemListElement":[{"@type":"ListItem","position":1,"name":"Home","item":"https:\/\/icadblock.com\/es\/"},{"@type":"ListItem","position":2,"name":"Instrumentos musicales en DWG AutoCAD","item":"https:\/\/icadblock.com\/es\/instrumentos-musicales-en-dwg\/"},{"@type":"ListItem","position":3,"name":"Guitarra en DWG, tapa y frente."}]},{"@type":"WebSite","@id":"https:\/\/icadblock.com\/es\/#website","url":"https:\/\/icadblock.com\/es\/","name":"iCADBLOCK","description":"CAD Block free download, 2d DWG models in plan","publisher":{"@id":"https:\/\/icadblock.com\/es\/#organization"},"potentialAction":[{"@type":"SearchAction","target":{"@type":"EntryPoint","urlTemplate":"https:\/\/icadblock.com\/es\/?s={search_term_string}"},"query-input":{"@type":"PropertyValueSpecification","valueRequired":true,"valueName":"search_term_string"}}],"inLanguage":"es"},{"@type":"Organization","@id":"https:\/\/icadblock.com\/es\/#organization","name":"icadblock","url":"https:\/\/icadblock.com\/es\/","logo":{"@type":"ImageObject","inLanguage":"es","@id":"https:\/\/icadblock.com\/es\/#\/schema\/logo\/image\/","url":"https:\/\/icadblock.com\/wp-content\/uploads\/2022\/02\/LOGO.png","contentUrl":"https:\/\/icadblock.com\/wp-content\/uploads\/2022\/02\/LOGO.png","width":546,"height":125,"caption":"icadblock"},"image":{"@id":"https:\/\/icadblock.com\/es\/#\/schema\/logo\/image\/"}}]}},"_links":{"self":[{"href":"https:\/\/icadblock.com\/es\/wp-json\/wp\/v2\/pages\/9772","targetHints":{"allow":["GET"]}}],"collection":[{"href":"https:\/\/icadblock.com\/es\/wp-json\/wp\/v2\/pages"}],"about":[{"href":"https:\/\/icadblock.com\/es\/wp-json\/wp\/v2\/types\/page"}],"author":[{"embeddable":true,"href":"https:\/\/icadblock.com\/es\/wp-json\/wp\/v2\/users\/2"}],"replies":[{"embeddable":true,"href":"https:\/\/icadblock.com\/es\/wp-json\/wp\/v2\/comments?post=9772"}],"version-history":[{"count":4,"href":"https:\/\/icadblock.com\/es\/wp-json\/wp\/v2\/pages\/9772\/revisions"}],"predecessor-version":[{"id":9776,"href":"https:\/\/icadblock.com\/es\/wp-json\/wp\/v2\/pages\/9772\/revisions\/9776"}],"up":[{"embeddable":true,"href":"https:\/\/icadblock.com\/es\/wp-json\/wp\/v2\/pages\/9731"}],"wp:featuredmedia":[{"embeddable":true,"href":"https:\/\/icadblock.com\/es\/wp-json\/wp\/v2\/media\/8568"}],"wp:attachment":[{"href":"https:\/\/icadblock.com\/es\/wp-json\/wp\/v2\/media?parent=9772"}],"curies":[{"name":"wp","href":"https:\/\/api.w.org\/{rel}","templated":true}]}}