{"id":9777,"date":"2023-09-28T13:44:20","date_gmt":"2023-09-28T13:44:20","guid":{"rendered":"https:\/\/icadblock.com\/?page_id=9777"},"modified":"2023-12-27T12:34:33","modified_gmt":"2023-12-27T12:34:33","slug":"trabajador-de-la-construccion-en-dwg","status":"publish","type":"page","link":"https:\/\/icadblock.com\/es\/personas-en-dwg-autocad\/trabajador-de-la-construccion-en-dwg\/","title":{"rendered":"Trabajador de la construcci\u00f3n en DWG AutoCAD"},"content":{"rendered":"\t\t<div data-elementor-type=\"wp-page\" data-elementor-id=\"9777\" class=\"elementor elementor-9777 elementor-6691\" data-elementor-post-type=\"page\">\n\t\t\t\t\t\t<section class=\"elementor-section elementor-top-section elementor-element elementor-element-22cc8432 elementor-section-boxed elementor-section-height-default elementor-section-height-default\" data-id=\"22cc8432\" data-element_type=\"section\">\n\t\t\t\t\t\t<div class=\"elementor-container elementor-column-gap-default\">\n\t\t\t\t\t<div class=\"elementor-column elementor-col-50 elementor-top-column elementor-element elementor-element-1669e1fb\" data-id=\"1669e1fb\" data-element_type=\"column\">\n\t\t\t<div class=\"elementor-widget-wrap elementor-element-populated\">\n\t\t\t\t\t\t<div class=\"elementor-element elementor-element-1ab4191d elementor-widget elementor-widget-text-editor\" data-id=\"1ab4191d\" data-element_type=\"widget\" data-widget_type=\"text-editor.default\">\n\t\t\t\t<div class=\"elementor-widget-container\">\n\t\t\t<style>\/*! elementor - v3.21.0 - 30-04-2024 *\/\n.elementor-widget-text-editor.elementor-drop-cap-view-stacked .elementor-drop-cap{background-color:#69727d;color:#fff}.elementor-widget-text-editor.elementor-drop-cap-view-framed .elementor-drop-cap{color:#69727d;border:3px solid;background-color:transparent}.elementor-widget-text-editor:not(.elementor-drop-cap-view-default) .elementor-drop-cap{margin-top:8px}.elementor-widget-text-editor:not(.elementor-drop-cap-view-default) .elementor-drop-cap-letter{width:1em;height:1em}.elementor-widget-text-editor .elementor-drop-cap{float:left;text-align:center;line-height:1;font-size:50px}.elementor-widget-text-editor .elementor-drop-cap-letter{display:inline-block}<\/style>\t\t\t\t<p>Aqu\u00ed, en esta p\u00e1gina, puede descargar la colecci\u00f3n de bloques CAD de <strong>trabajadores de la construcci\u00f3n en DWG<\/strong>.<\/p><p>Puede encontrar muchos modelos DWG en vistas en planta y en alzado.<\/p><p>Existen diferentes tipos de trabajadores como alba\u00f1iles, aparejadores, herreros, alba\u00f1iles, reparadores, electricistas, carpinteros, fontaneros, etc.<\/p><p>Hemos intentado cubrir a la mayor\u00eda de los trabajadores de la construcci\u00f3n en esta categor\u00eda y tambi\u00e9n estamos haciendo todo lo posible para proporcionar m\u00e1s bloques CAD exclusivos en esta categor\u00eda para que pueda marcar esta p\u00e1gina para futuras actualizaciones.<\/p>\t\t\t\t\t\t<\/div>\n\t\t\t\t<\/div>\n\t\t\t\t<div class=\"elementor-element elementor-element-e18187b elementor-widget elementor-widget-heading\" data-id=\"e18187b\" data-element_type=\"widget\" data-widget_type=\"heading.default\">\n\t\t\t\t<div class=\"elementor-widget-container\">\n\t\t\t<style>\/*! elementor - v3.21.0 - 30-04-2024 *\/\n.elementor-heading-title{padding:0;margin:0;line-height:1}.elementor-widget-heading .elementor-heading-title[class*=elementor-size-]>a{color:inherit;font-size:inherit;line-height:inherit}.elementor-widget-heading .elementor-heading-title.elementor-size-small{font-size:15px}.elementor-widget-heading .elementor-heading-title.elementor-size-medium{font-size:19px}.elementor-widget-heading .elementor-heading-title.elementor-size-large{font-size:29px}.elementor-widget-heading .elementor-heading-title.elementor-size-xl{font-size:39px}.elementor-widget-heading .elementor-heading-title.elementor-size-xxl{font-size:59px}<\/style><h2 class=\"elementor-heading-title elementor-size-default\">Trabajador de la construcci\u00f3n en DWG<\/h2>\t\t<\/div>\n\t\t\t\t<\/div>\n\t\t\t\t<div class=\"elementor-element elementor-element-6a82f0a elementor-widget elementor-widget-text-editor\" data-id=\"6a82f0a\" data-element_type=\"widget\" data-widget_type=\"text-editor.default\">\n\t\t\t\t<div class=\"elementor-widget-container\">\n\t\t\t\t\t\t\t<p>Si est\u00e1 buscando bloques CAD de otras personas, puede encontrarlos en <a href=\"https:\/\/icadblock.com\/es\/personas-en-dwg-autocad\/\"><em><strong>Personas en DWG<\/strong><\/em><\/a>.<\/p><h3><span style=\"color: #0000ff;\">Notas:<\/span><\/h3><p>En la mayor\u00eda de los proyectos CAD profesionales es posible que necesite algunos trabajadores para brindar m\u00e1s informaci\u00f3n sobre el espacio.<\/p><p>El bloque CAD para trabajadores de la construcci\u00f3n es uno de esos bloques CAD m\u00e1s utilizados entre arquitectos y dise\u00f1adores.<\/p><p>Si buscas modelos DWG bonitos y de alta calidad, est\u00e1s en el lugar correcto.<\/p><p>Puede descargar los bloques CAD anteriores y utilizarlos en su dibujo para atraer clientes.<\/p><p>Tambi\u00e9n estamos esperando tus sugerencias y si no encuentras el archivo que deseas en esta p\u00e1gina, cont\u00e1ctanos y cu\u00e9ntanos lo que deseas e intentaremos agregar ese modelo lo antes posible.<\/p>\t\t\t\t\t\t<\/div>\n\t\t\t\t<\/div>\n\t\t\t\t\t<\/div>\n\t\t<\/div>\n\t\t\t\t<div class=\"jet-sticky-column-sticky elementor-column elementor-col-50 elementor-top-column elementor-element elementor-element-fb7799e\" data-jet-sticky-column-settings=\"{&quot;id&quot;:&quot;fb7799e&quot;,&quot;sticky&quot;:true,&quot;topSpacing&quot;:50,&quot;bottomSpacing&quot;:50,&quot;stickyOn&quot;:[&quot;desktop&quot;,&quot;tablet&quot;]}\" data-id=\"fb7799e\" data-element_type=\"column\">\n\t\t\t<div class=\"elementor-widget-wrap elementor-element-populated\">\n\t\t\t\t\t\t\t<\/div>\n\t\t<\/div>\n\t\t\t\t\t<\/div>\n\t\t<\/section>\n\t\t\t\t<\/div>\n\t\t","protected":false},"excerpt":{"rendered":"<p>Aqu\u00ed, en esta p\u00e1gina, puede descargar la colecci\u00f3n de bloques CAD de trabajadores de la construcci\u00f3n en DWG. Puede encontrar [&hellip;]<\/p>\n","protected":false},"author":2,"featured_media":8569,"parent":9743,"menu_order":0,"comment_status":"closed","ping_status":"closed","template":"","meta":{"site-sidebar-layout":"default","site-content-layout":"","ast-site-content-layout":"","site-content-style":"default","site-sidebar-style":"default","ast-global-header-display":"","ast-banner-title-visibility":"","ast-main-header-display":"","ast-hfb-above-header-display":"","ast-hfb-below-header-display":"","ast-hfb-mobile-header-display":"","site-post-title":"","ast-breadcrumbs-content":"","ast-featured-img":"","footer-sml-layout":"","theme-transparent-header-meta":"","adv-header-id-meta":"","stick-header-meta":"","header-above-stick-meta":"","header-main-stick-meta":"","header-below-stick-meta":"","astra-migrate-meta-layouts":"default","ast-page-background-enabled":"default","ast-page-background-meta":{"desktop":{"background-color":"var(--ast-global-color-4)","background-image":"","background-repeat":"repeat","background-position":"center center","background-size":"auto","background-attachment":"scroll","background-type":"","background-media":"","overlay-type":"","overlay-color":"","overlay-gradient":""},"tablet":{"background-color":"","background-image":"","background-repeat":"repeat","background-position":"center center","background-size":"auto","background-attachment":"scroll","background-type":"","background-media":"","overlay-type":"","overlay-color":"","overlay-gradient":""},"mobile":{"background-color":"","background-image":"","background-repeat":"repeat","background-position":"center center","background-size":"auto","background-attachment":"scroll","background-type":"","background-media":"","overlay-type":"","overlay-color":"","overlay-gradient":""}},"ast-content-background-meta":{"desktop":{"background-color":"var(--ast-global-color-5)","background-image":"","background-repeat":"repeat","background-position":"center center","background-size":"auto","background-attachment":"scroll","background-type":"","background-media":"","overlay-type":"","overlay-color":"","overlay-gradient":""},"tablet":{"background-color":"var(--ast-global-color-5)","background-image":"","background-repeat":"repeat","background-position":"center center","background-size":"auto","background-attachment":"scroll","background-type":"","background-media":"","overlay-type":"","overlay-color":"","overlay-gradient":""},"mobile":{"background-color":"var(--ast-global-color-5)","background-image":"","background-repeat":"repeat","background-position":"center center","background-size":"auto","background-attachment":"scroll","background-type":"","background-media":"","overlay-type":"","overlay-color":"","overlay-gradient":""}},"footnotes":""},"class_list":["post-9777","page","type-page","status-publish","has-post-thumbnail","hentry"],"yoast_head":"<!-- This site is optimized with the Yoast SEO plugin v26.0 - https:\/\/yoast.com\/wordpress\/plugins\/seo\/ -->\n<title>Trabajador de la construcci\u00f3n en DWG AutoCAD - iCADBLOCK<\/title>\n<meta name=\"description\" content=\"Aqu\u00ed, en esta p\u00e1gina, puede descargar la colecci\u00f3n de bloques CAD de trabajadores de la construcci\u00f3n en DWG.Puede encontrar muchos modelos\" \/>\n<meta name=\"robots\" content=\"index, follow, max-snippet:-1, max-image-preview:large, max-video-preview:-1\" \/>\n<link rel=\"canonical\" href=\"https:\/\/icadblock.com\/es\/personas-en-dwg-autocad\/trabajador-de-la-construccion-en-dwg\/\" \/>\n<meta property=\"og:locale\" content=\"es_ES\" \/>\n<meta property=\"og:type\" content=\"article\" \/>\n<meta property=\"og:title\" content=\"Trabajador de la construcci\u00f3n en DWG AutoCAD - iCADBLOCK\" \/>\n<meta property=\"og:description\" content=\"Aqu\u00ed, en esta p\u00e1gina, puede descargar la colecci\u00f3n de bloques CAD de trabajadores de la construcci\u00f3n en DWG.Puede encontrar muchos modelos\" \/>\n<meta property=\"og:url\" content=\"https:\/\/icadblock.com\/es\/personas-en-dwg-autocad\/trabajador-de-la-construccion-en-dwg\/\" \/>\n<meta property=\"og:site_name\" content=\"iCADBLOCK\" \/>\n<meta property=\"article:modified_time\" content=\"2023-12-27T12:34:33+00:00\" \/>\n<meta property=\"og:image\" content=\"https:\/\/icadblock.com\/wp-content\/uploads\/2023\/09\/construction-worker.webp\" \/>\n\t<meta property=\"og:image:width\" content=\"1000\" \/>\n\t<meta property=\"og:image:height\" content=\"675\" \/>\n\t<meta property=\"og:image:type\" content=\"image\/webp\" \/>\n<meta name=\"twitter:card\" content=\"summary_large_image\" \/>\n<meta name=\"twitter:label1\" content=\"Tiempo de lectura\" \/>\n\t<meta name=\"twitter:data1\" content=\"2 minutos\" \/>\n<script type=\"application\/ld+json\" class=\"yoast-schema-graph\">{\"@context\":\"https:\/\/schema.org\",\"@graph\":[{\"@type\":\"WebPage\",\"@id\":\"https:\/\/icadblock.com\/es\/personas-en-dwg-autocad\/trabajador-de-la-construccion-en-dwg\/\",\"url\":\"https:\/\/icadblock.com\/es\/personas-en-dwg-autocad\/trabajador-de-la-construccion-en-dwg\/\",\"name\":\"Trabajador de la construcci\u00f3n en DWG AutoCAD - iCADBLOCK\",\"isPartOf\":{\"@id\":\"https:\/\/icadblock.com\/es\/#website\"},\"primaryImageOfPage\":{\"@id\":\"https:\/\/icadblock.com\/es\/personas-en-dwg-autocad\/trabajador-de-la-construccion-en-dwg\/#primaryimage\"},\"image\":{\"@id\":\"https:\/\/icadblock.com\/es\/personas-en-dwg-autocad\/trabajador-de-la-construccion-en-dwg\/#primaryimage\"},\"thumbnailUrl\":\"https:\/\/icadblock.com\/wp-content\/uploads\/2023\/09\/construction-worker.webp\",\"datePublished\":\"2023-09-28T13:44:20+00:00\",\"dateModified\":\"2023-12-27T12:34:33+00:00\",\"description\":\"Aqu\u00ed, en esta p\u00e1gina, puede descargar la colecci\u00f3n de bloques CAD de trabajadores de la construcci\u00f3n en DWG.Puede encontrar muchos modelos\",\"breadcrumb\":{\"@id\":\"https:\/\/icadblock.com\/es\/personas-en-dwg-autocad\/trabajador-de-la-construccion-en-dwg\/#breadcrumb\"},\"inLanguage\":\"es\",\"potentialAction\":[{\"@type\":\"ReadAction\",\"target\":[\"https:\/\/icadblock.com\/es\/personas-en-dwg-autocad\/trabajador-de-la-construccion-en-dwg\/\"]}]},{\"@type\":\"ImageObject\",\"inLanguage\":\"es\",\"@id\":\"https:\/\/icadblock.com\/es\/personas-en-dwg-autocad\/trabajador-de-la-construccion-en-dwg\/#primaryimage\",\"url\":\"https:\/\/icadblock.com\/wp-content\/uploads\/2023\/09\/construction-worker.webp\",\"contentUrl\":\"https:\/\/icadblock.com\/wp-content\/uploads\/2023\/09\/construction-worker.webp\",\"width\":1000,\"height\":675,\"caption\":\"Trabajador de la construcci\u00f3n en DWG\"},{\"@type\":\"BreadcrumbList\",\"@id\":\"https:\/\/icadblock.com\/es\/personas-en-dwg-autocad\/trabajador-de-la-construccion-en-dwg\/#breadcrumb\",\"itemListElement\":[{\"@type\":\"ListItem\",\"position\":1,\"name\":\"Home\",\"item\":\"https:\/\/icadblock.com\/es\/\"},{\"@type\":\"ListItem\",\"position\":2,\"name\":\"Personas en DWG AutoCAD, planta y alzado.\",\"item\":\"https:\/\/icadblock.com\/es\/personas-en-dwg-autocad\/\"},{\"@type\":\"ListItem\",\"position\":3,\"name\":\"Trabajador de la construcci\u00f3n en DWG AutoCAD\"}]},{\"@type\":\"WebSite\",\"@id\":\"https:\/\/icadblock.com\/es\/#website\",\"url\":\"https:\/\/icadblock.com\/es\/\",\"name\":\"iCADBLOCK\",\"description\":\"CAD Block free download, 2d DWG models in plan\",\"publisher\":{\"@id\":\"https:\/\/icadblock.com\/es\/#organization\"},\"potentialAction\":[{\"@type\":\"SearchAction\",\"target\":{\"@type\":\"EntryPoint\",\"urlTemplate\":\"https:\/\/icadblock.com\/es\/?s={search_term_string}\"},\"query-input\":{\"@type\":\"PropertyValueSpecification\",\"valueRequired\":true,\"valueName\":\"search_term_string\"}}],\"inLanguage\":\"es\"},{\"@type\":\"Organization\",\"@id\":\"https:\/\/icadblock.com\/es\/#organization\",\"name\":\"icadblock\",\"url\":\"https:\/\/icadblock.com\/es\/\",\"logo\":{\"@type\":\"ImageObject\",\"inLanguage\":\"es\",\"@id\":\"https:\/\/icadblock.com\/es\/#\/schema\/logo\/image\/\",\"url\":\"https:\/\/icadblock.com\/wp-content\/uploads\/2022\/02\/LOGO.png\",\"contentUrl\":\"https:\/\/icadblock.com\/wp-content\/uploads\/2022\/02\/LOGO.png\",\"width\":546,\"height\":125,\"caption\":\"icadblock\"},\"image\":{\"@id\":\"https:\/\/icadblock.com\/es\/#\/schema\/logo\/image\/\"}}]}<\/script>\n<!-- \/ Yoast SEO plugin. -->","yoast_head_json":{"title":"Trabajador de la construcci\u00f3n en DWG AutoCAD - iCADBLOCK","description":"Aqu\u00ed, en esta p\u00e1gina, puede descargar la colecci\u00f3n de bloques CAD de trabajadores de la construcci\u00f3n en DWG.Puede encontrar muchos modelos","robots":{"index":"index","follow":"follow","max-snippet":"max-snippet:-1","max-image-preview":"max-image-preview:large","max-video-preview":"max-video-preview:-1"},"canonical":"https:\/\/icadblock.com\/es\/personas-en-dwg-autocad\/trabajador-de-la-construccion-en-dwg\/","og_locale":"es_ES","og_type":"article","og_title":"Trabajador de la construcci\u00f3n en DWG AutoCAD - iCADBLOCK","og_description":"Aqu\u00ed, en esta p\u00e1gina, puede descargar la colecci\u00f3n de bloques CAD de trabajadores de la construcci\u00f3n en DWG.Puede encontrar muchos modelos","og_url":"https:\/\/icadblock.com\/es\/personas-en-dwg-autocad\/trabajador-de-la-construccion-en-dwg\/","og_site_name":"iCADBLOCK","article_modified_time":"2023-12-27T12:34:33+00:00","og_image":[{"width":1000,"height":675,"url":"https:\/\/icadblock.com\/wp-content\/uploads\/2023\/09\/construction-worker.webp","type":"image\/webp"}],"twitter_card":"summary_large_image","twitter_misc":{"Tiempo de lectura":"2 minutos"},"schema":{"@context":"https:\/\/schema.org","@graph":[{"@type":"WebPage","@id":"https:\/\/icadblock.com\/es\/personas-en-dwg-autocad\/trabajador-de-la-construccion-en-dwg\/","url":"https:\/\/icadblock.com\/es\/personas-en-dwg-autocad\/trabajador-de-la-construccion-en-dwg\/","name":"Trabajador de la construcci\u00f3n en DWG AutoCAD - iCADBLOCK","isPartOf":{"@id":"https:\/\/icadblock.com\/es\/#website"},"primaryImageOfPage":{"@id":"https:\/\/icadblock.com\/es\/personas-en-dwg-autocad\/trabajador-de-la-construccion-en-dwg\/#primaryimage"},"image":{"@id":"https:\/\/icadblock.com\/es\/personas-en-dwg-autocad\/trabajador-de-la-construccion-en-dwg\/#primaryimage"},"thumbnailUrl":"https:\/\/icadblock.com\/wp-content\/uploads\/2023\/09\/construction-worker.webp","datePublished":"2023-09-28T13:44:20+00:00","dateModified":"2023-12-27T12:34:33+00:00","description":"Aqu\u00ed, en esta p\u00e1gina, puede descargar la colecci\u00f3n de bloques CAD de trabajadores de la construcci\u00f3n en DWG.Puede encontrar muchos modelos","breadcrumb":{"@id":"https:\/\/icadblock.com\/es\/personas-en-dwg-autocad\/trabajador-de-la-construccion-en-dwg\/#breadcrumb"},"inLanguage":"es","potentialAction":[{"@type":"ReadAction","target":["https:\/\/icadblock.com\/es\/personas-en-dwg-autocad\/trabajador-de-la-construccion-en-dwg\/"]}]},{"@type":"ImageObject","inLanguage":"es","@id":"https:\/\/icadblock.com\/es\/personas-en-dwg-autocad\/trabajador-de-la-construccion-en-dwg\/#primaryimage","url":"https:\/\/icadblock.com\/wp-content\/uploads\/2023\/09\/construction-worker.webp","contentUrl":"https:\/\/icadblock.com\/wp-content\/uploads\/2023\/09\/construction-worker.webp","width":1000,"height":675,"caption":"Trabajador de la construcci\u00f3n en DWG"},{"@type":"BreadcrumbList","@id":"https:\/\/icadblock.com\/es\/personas-en-dwg-autocad\/trabajador-de-la-construccion-en-dwg\/#breadcrumb","itemListElement":[{"@type":"ListItem","position":1,"name":"Home","item":"https:\/\/icadblock.com\/es\/"},{"@type":"ListItem","position":2,"name":"Personas en DWG AutoCAD, planta y alzado.","item":"https:\/\/icadblock.com\/es\/personas-en-dwg-autocad\/"},{"@type":"ListItem","position":3,"name":"Trabajador de la construcci\u00f3n en DWG AutoCAD"}]},{"@type":"WebSite","@id":"https:\/\/icadblock.com\/es\/#website","url":"https:\/\/icadblock.com\/es\/","name":"iCADBLOCK","description":"CAD Block free download, 2d DWG models in plan","publisher":{"@id":"https:\/\/icadblock.com\/es\/#organization"},"potentialAction":[{"@type":"SearchAction","target":{"@type":"EntryPoint","urlTemplate":"https:\/\/icadblock.com\/es\/?s={search_term_string}"},"query-input":{"@type":"PropertyValueSpecification","valueRequired":true,"valueName":"search_term_string"}}],"inLanguage":"es"},{"@type":"Organization","@id":"https:\/\/icadblock.com\/es\/#organization","name":"icadblock","url":"https:\/\/icadblock.com\/es\/","logo":{"@type":"ImageObject","inLanguage":"es","@id":"https:\/\/icadblock.com\/es\/#\/schema\/logo\/image\/","url":"https:\/\/icadblock.com\/wp-content\/uploads\/2022\/02\/LOGO.png","contentUrl":"https:\/\/icadblock.com\/wp-content\/uploads\/2022\/02\/LOGO.png","width":546,"height":125,"caption":"icadblock"},"image":{"@id":"https:\/\/icadblock.com\/es\/#\/schema\/logo\/image\/"}}]}},"_links":{"self":[{"href":"https:\/\/icadblock.com\/es\/wp-json\/wp\/v2\/pages\/9777","targetHints":{"allow":["GET"]}}],"collection":[{"href":"https:\/\/icadblock.com\/es\/wp-json\/wp\/v2\/pages"}],"about":[{"href":"https:\/\/icadblock.com\/es\/wp-json\/wp\/v2\/types\/page"}],"author":[{"embeddable":true,"href":"https:\/\/icadblock.com\/es\/wp-json\/wp\/v2\/users\/2"}],"replies":[{"embeddable":true,"href":"https:\/\/icadblock.com\/es\/wp-json\/wp\/v2\/comments?post=9777"}],"version-history":[{"count":4,"href":"https:\/\/icadblock.com\/es\/wp-json\/wp\/v2\/pages\/9777\/revisions"}],"predecessor-version":[{"id":9781,"href":"https:\/\/icadblock.com\/es\/wp-json\/wp\/v2\/pages\/9777\/revisions\/9781"}],"up":[{"embeddable":true,"href":"https:\/\/icadblock.com\/es\/wp-json\/wp\/v2\/pages\/9743"}],"wp:featuredmedia":[{"embeddable":true,"href":"https:\/\/icadblock.com\/es\/wp-json\/wp\/v2\/media\/8569"}],"wp:attachment":[{"href":"https:\/\/icadblock.com\/es\/wp-json\/wp\/v2\/media?parent=9777"}],"curies":[{"name":"wp","href":"https:\/\/api.w.org\/{rel}","templated":true}]}}