{"id":9792,"date":"2023-10-03T08:12:20","date_gmt":"2023-10-03T08:12:20","guid":{"rendered":"https:\/\/icadblock.com\/?page_id=9792"},"modified":"2023-12-27T12:55:19","modified_gmt":"2023-12-27T12:55:19","slug":"violin-dwg-cad-bloques","status":"publish","type":"page","link":"https:\/\/icadblock.com\/es\/instrumentos-musicales-en-dwg\/violin-dwg-cad-bloques\/","title":{"rendered":"Viol\u00edn DWG CAD Bloques en planta y alzado"},"content":{"rendered":"\t\t<div data-elementor-type=\"wp-page\" data-elementor-id=\"9792\" class=\"elementor elementor-9792 elementor-6869\" data-elementor-post-type=\"page\">\n\t\t\t\t\t\t<section class=\"elementor-section elementor-top-section elementor-element elementor-element-7936729 elementor-section-boxed elementor-section-height-default elementor-section-height-default\" data-id=\"7936729\" data-element_type=\"section\">\n\t\t\t\t\t\t<div class=\"elementor-container elementor-column-gap-default\">\n\t\t\t\t\t<div class=\"elementor-column elementor-col-50 elementor-top-column elementor-element elementor-element-7d011814\" data-id=\"7d011814\" data-element_type=\"column\">\n\t\t\t<div class=\"elementor-widget-wrap elementor-element-populated\">\n\t\t\t\t\t\t<div class=\"elementor-element elementor-element-426a84f8 elementor-widget elementor-widget-text-editor\" data-id=\"426a84f8\" data-element_type=\"widget\" data-widget_type=\"text-editor.default\">\n\t\t\t\t<div class=\"elementor-widget-container\">\n\t\t\t<style>\/*! elementor - v3.21.0 - 30-04-2024 *\/\n.elementor-widget-text-editor.elementor-drop-cap-view-stacked .elementor-drop-cap{background-color:#69727d;color:#fff}.elementor-widget-text-editor.elementor-drop-cap-view-framed .elementor-drop-cap{color:#69727d;border:3px solid;background-color:transparent}.elementor-widget-text-editor:not(.elementor-drop-cap-view-default) .elementor-drop-cap{margin-top:8px}.elementor-widget-text-editor:not(.elementor-drop-cap-view-default) .elementor-drop-cap-letter{width:1em;height:1em}.elementor-widget-text-editor .elementor-drop-cap{float:left;text-align:center;line-height:1;font-size:50px}.elementor-widget-text-editor .elementor-drop-cap-letter{display:inline-block}<\/style>\t\t\t\t<p>Aqu\u00ed, en esta p\u00e1gina, hemos proporcionado muchos bloques CAD <strong>DWG de viol\u00edn<\/strong> en planta y alzado.<br \/><br \/>El viol\u00edn es uno de los instrumentos musicales que puedes utilizar en tu dibujo.<br \/><br \/>Como puede ver, la mayor\u00eda de estos dibujos 2D de alta calidad est\u00e1n dibujados en vistas superior, frontal, posterior y lateral, lo que le ayuda a utilizar estos dibujos seg\u00fan sus necesidades.<\/p>\t\t\t\t\t\t<\/div>\n\t\t\t\t<\/div>\n\t\t\t\t<div class=\"elementor-element elementor-element-dc507b6 elementor-widget elementor-widget-heading\" data-id=\"dc507b6\" data-element_type=\"widget\" data-widget_type=\"heading.default\">\n\t\t\t\t<div class=\"elementor-widget-container\">\n\t\t\t<style>\/*! elementor - v3.21.0 - 30-04-2024 *\/\n.elementor-heading-title{padding:0;margin:0;line-height:1}.elementor-widget-heading .elementor-heading-title[class*=elementor-size-]>a{color:inherit;font-size:inherit;line-height:inherit}.elementor-widget-heading .elementor-heading-title.elementor-size-small{font-size:15px}.elementor-widget-heading .elementor-heading-title.elementor-size-medium{font-size:19px}.elementor-widget-heading .elementor-heading-title.elementor-size-large{font-size:29px}.elementor-widget-heading .elementor-heading-title.elementor-size-xl{font-size:39px}.elementor-widget-heading .elementor-heading-title.elementor-size-xxl{font-size:59px}<\/style><h2 class=\"elementor-heading-title elementor-size-default\">Viol\u00edn DWG CAD Bloques<\/h2>\t\t<\/div>\n\t\t\t\t<\/div>\n\t\t\t\t<div class=\"elementor-element elementor-element-1d73775 elementor-widget elementor-widget-text-editor\" data-id=\"1d73775\" data-element_type=\"widget\" data-widget_type=\"text-editor.default\">\n\t\t\t\t<div class=\"elementor-widget-container\">\n\t\t\t\t\t\t\t<p>Si busca en este sitio web, puede encontrar otros <a href=\"https:\/\/icadblock.com\/es\/instrumentos-musicales-en-dwg\/\"><em><strong>bloques CAD de instrumentos musicales<\/strong><\/em><\/a>.<\/p><p>M\u00fasica y arquitectura han estado relacionadas desde la antig\u00fcedad.<\/p><p>Si miras edificios complejos, si prestas atenci\u00f3n, puedes encontrar se\u00f1ales de instrumentos musicales en ellos.<\/p><p>Cuando se trata de dibujar un plano de planta, usted, como arquitecto, puede utilizar estos modelos 2D para decorar su dise\u00f1o.<\/p><p>Hemos intentado cubrir todo tipo de violines, pero si cree que estos bloques CAD no son lo que desea, cont\u00e1ctenos, h\u00e1ganoslo saber e intentaremos completar nuestro archivo.<\/p><p>Marque esta p\u00e1gina para futuras actualizaciones y otros modelos de viol\u00edn DWG.<\/p>\t\t\t\t\t\t<\/div>\n\t\t\t\t<\/div>\n\t\t\t\t\t<\/div>\n\t\t<\/div>\n\t\t\t\t<div class=\"jet-sticky-column-sticky elementor-column elementor-col-50 elementor-top-column elementor-element elementor-element-fe972e3\" data-jet-sticky-column-settings=\"{&quot;id&quot;:&quot;fe972e3&quot;,&quot;sticky&quot;:true,&quot;topSpacing&quot;:50,&quot;bottomSpacing&quot;:50,&quot;stickyOn&quot;:[&quot;desktop&quot;,&quot;tablet&quot;]}\" data-id=\"fe972e3\" data-element_type=\"column\">\n\t\t\t<div class=\"elementor-widget-wrap elementor-element-populated\">\n\t\t\t\t\t\t\t<\/div>\n\t\t<\/div>\n\t\t\t\t\t<\/div>\n\t\t<\/section>\n\t\t\t\t<\/div>\n\t\t","protected":false},"excerpt":{"rendered":"<p>Aqu\u00ed, en esta p\u00e1gina, hemos proporcionado muchos bloques CAD DWG de viol\u00edn en planta y alzado. El viol\u00edn es uno [&hellip;]<\/p>\n","protected":false},"author":2,"featured_media":8602,"parent":9731,"menu_order":0,"comment_status":"closed","ping_status":"closed","template":"","meta":{"site-sidebar-layout":"default","site-content-layout":"","ast-site-content-layout":"","site-content-style":"default","site-sidebar-style":"default","ast-global-header-display":"","ast-banner-title-visibility":"","ast-main-header-display":"","ast-hfb-above-header-display":"","ast-hfb-below-header-display":"","ast-hfb-mobile-header-display":"","site-post-title":"","ast-breadcrumbs-content":"","ast-featured-img":"","footer-sml-layout":"","theme-transparent-header-meta":"","adv-header-id-meta":"","stick-header-meta":"","header-above-stick-meta":"","header-main-stick-meta":"","header-below-stick-meta":"","astra-migrate-meta-layouts":"default","ast-page-background-enabled":"default","ast-page-background-meta":{"desktop":{"background-color":"var(--ast-global-color-4)","background-image":"","background-repeat":"repeat","background-position":"center center","background-size":"auto","background-attachment":"scroll","background-type":"","background-media":"","overlay-type":"","overlay-color":"","overlay-gradient":""},"tablet":{"background-color":"","background-image":"","background-repeat":"repeat","background-position":"center center","background-size":"auto","background-attachment":"scroll","background-type":"","background-media":"","overlay-type":"","overlay-color":"","overlay-gradient":""},"mobile":{"background-color":"","background-image":"","background-repeat":"repeat","background-position":"center center","background-size":"auto","background-attachment":"scroll","background-type":"","background-media":"","overlay-type":"","overlay-color":"","overlay-gradient":""}},"ast-content-background-meta":{"desktop":{"background-color":"var(--ast-global-color-5)","background-image":"","background-repeat":"repeat","background-position":"center center","background-size":"auto","background-attachment":"scroll","background-type":"","background-media":"","overlay-type":"","overlay-color":"","overlay-gradient":""},"tablet":{"background-color":"var(--ast-global-color-5)","background-image":"","background-repeat":"repeat","background-position":"center center","background-size":"auto","background-attachment":"scroll","background-type":"","background-media":"","overlay-type":"","overlay-color":"","overlay-gradient":""},"mobile":{"background-color":"var(--ast-global-color-5)","background-image":"","background-repeat":"repeat","background-position":"center center","background-size":"auto","background-attachment":"scroll","background-type":"","background-media":"","overlay-type":"","overlay-color":"","overlay-gradient":""}},"footnotes":""},"class_list":["post-9792","page","type-page","status-publish","has-post-thumbnail","hentry"],"yoast_head":"<!-- This site is optimized with the Yoast SEO plugin v26.0 - https:\/\/yoast.com\/wordpress\/plugins\/seo\/ -->\n<title>Viol\u00edn DWG CAD Bloques en planta y alzado - iCADBLOCK<\/title>\n<meta name=\"description\" content=\"Aqu\u00ed, en esta p\u00e1gina, hemos proporcionado muchos bloques CAD DWG de viol\u00edn en planta y alzado.El viol\u00edn es uno de los instrumentos musicales\" \/>\n<meta name=\"robots\" content=\"index, follow, max-snippet:-1, max-image-preview:large, max-video-preview:-1\" \/>\n<link rel=\"canonical\" href=\"https:\/\/icadblock.com\/es\/instrumentos-musicales-en-dwg\/violin-dwg-cad-bloques\/\" \/>\n<meta property=\"og:locale\" content=\"es_ES\" \/>\n<meta property=\"og:type\" content=\"article\" \/>\n<meta property=\"og:title\" content=\"Viol\u00edn DWG CAD Bloques en planta y alzado - iCADBLOCK\" \/>\n<meta property=\"og:description\" content=\"Aqu\u00ed, en esta p\u00e1gina, hemos proporcionado muchos bloques CAD DWG de viol\u00edn en planta y alzado.El viol\u00edn es uno de los instrumentos musicales\" \/>\n<meta property=\"og:url\" content=\"https:\/\/icadblock.com\/es\/instrumentos-musicales-en-dwg\/violin-dwg-cad-bloques\/\" \/>\n<meta property=\"og:site_name\" content=\"iCADBLOCK\" \/>\n<meta property=\"article:modified_time\" content=\"2023-12-27T12:55:19+00:00\" \/>\n<meta property=\"og:image\" content=\"https:\/\/icadblock.com\/wp-content\/uploads\/2023\/10\/violin-AutoCAD.webp\" \/>\n\t<meta property=\"og:image:width\" content=\"1000\" \/>\n\t<meta property=\"og:image:height\" content=\"675\" \/>\n\t<meta property=\"og:image:type\" content=\"image\/webp\" \/>\n<meta name=\"twitter:card\" content=\"summary_large_image\" \/>\n<meta name=\"twitter:label1\" content=\"Tiempo de lectura\" \/>\n\t<meta name=\"twitter:data1\" content=\"1 minuto\" \/>\n<script type=\"application\/ld+json\" class=\"yoast-schema-graph\">{\"@context\":\"https:\/\/schema.org\",\"@graph\":[{\"@type\":\"WebPage\",\"@id\":\"https:\/\/icadblock.com\/es\/instrumentos-musicales-en-dwg\/violin-dwg-cad-bloques\/\",\"url\":\"https:\/\/icadblock.com\/es\/instrumentos-musicales-en-dwg\/violin-dwg-cad-bloques\/\",\"name\":\"Viol\u00edn DWG CAD Bloques en planta y alzado - iCADBLOCK\",\"isPartOf\":{\"@id\":\"https:\/\/icadblock.com\/es\/#website\"},\"primaryImageOfPage\":{\"@id\":\"https:\/\/icadblock.com\/es\/instrumentos-musicales-en-dwg\/violin-dwg-cad-bloques\/#primaryimage\"},\"image\":{\"@id\":\"https:\/\/icadblock.com\/es\/instrumentos-musicales-en-dwg\/violin-dwg-cad-bloques\/#primaryimage\"},\"thumbnailUrl\":\"https:\/\/icadblock.com\/wp-content\/uploads\/2023\/10\/violin-AutoCAD.webp\",\"datePublished\":\"2023-10-03T08:12:20+00:00\",\"dateModified\":\"2023-12-27T12:55:19+00:00\",\"description\":\"Aqu\u00ed, en esta p\u00e1gina, hemos proporcionado muchos bloques CAD DWG de viol\u00edn en planta y alzado.El viol\u00edn es uno de los instrumentos musicales\",\"breadcrumb\":{\"@id\":\"https:\/\/icadblock.com\/es\/instrumentos-musicales-en-dwg\/violin-dwg-cad-bloques\/#breadcrumb\"},\"inLanguage\":\"es\",\"potentialAction\":[{\"@type\":\"ReadAction\",\"target\":[\"https:\/\/icadblock.com\/es\/instrumentos-musicales-en-dwg\/violin-dwg-cad-bloques\/\"]}]},{\"@type\":\"ImageObject\",\"inLanguage\":\"es\",\"@id\":\"https:\/\/icadblock.com\/es\/instrumentos-musicales-en-dwg\/violin-dwg-cad-bloques\/#primaryimage\",\"url\":\"https:\/\/icadblock.com\/wp-content\/uploads\/2023\/10\/violin-AutoCAD.webp\",\"contentUrl\":\"https:\/\/icadblock.com\/wp-content\/uploads\/2023\/10\/violin-AutoCAD.webp\",\"width\":1000,\"height\":675,\"caption\":\"Viol\u00edn DWG\"},{\"@type\":\"BreadcrumbList\",\"@id\":\"https:\/\/icadblock.com\/es\/instrumentos-musicales-en-dwg\/violin-dwg-cad-bloques\/#breadcrumb\",\"itemListElement\":[{\"@type\":\"ListItem\",\"position\":1,\"name\":\"Home\",\"item\":\"https:\/\/icadblock.com\/es\/\"},{\"@type\":\"ListItem\",\"position\":2,\"name\":\"Instrumentos musicales en DWG AutoCAD\",\"item\":\"https:\/\/icadblock.com\/es\/instrumentos-musicales-en-dwg\/\"},{\"@type\":\"ListItem\",\"position\":3,\"name\":\"Viol\u00edn DWG CAD Bloques en planta y alzado\"}]},{\"@type\":\"WebSite\",\"@id\":\"https:\/\/icadblock.com\/es\/#website\",\"url\":\"https:\/\/icadblock.com\/es\/\",\"name\":\"iCADBLOCK\",\"description\":\"CAD Block free download, 2d DWG models in plan\",\"publisher\":{\"@id\":\"https:\/\/icadblock.com\/es\/#organization\"},\"potentialAction\":[{\"@type\":\"SearchAction\",\"target\":{\"@type\":\"EntryPoint\",\"urlTemplate\":\"https:\/\/icadblock.com\/es\/?s={search_term_string}\"},\"query-input\":{\"@type\":\"PropertyValueSpecification\",\"valueRequired\":true,\"valueName\":\"search_term_string\"}}],\"inLanguage\":\"es\"},{\"@type\":\"Organization\",\"@id\":\"https:\/\/icadblock.com\/es\/#organization\",\"name\":\"icadblock\",\"url\":\"https:\/\/icadblock.com\/es\/\",\"logo\":{\"@type\":\"ImageObject\",\"inLanguage\":\"es\",\"@id\":\"https:\/\/icadblock.com\/es\/#\/schema\/logo\/image\/\",\"url\":\"https:\/\/icadblock.com\/wp-content\/uploads\/2022\/02\/LOGO.png\",\"contentUrl\":\"https:\/\/icadblock.com\/wp-content\/uploads\/2022\/02\/LOGO.png\",\"width\":546,\"height\":125,\"caption\":\"icadblock\"},\"image\":{\"@id\":\"https:\/\/icadblock.com\/es\/#\/schema\/logo\/image\/\"}}]}<\/script>\n<!-- \/ Yoast SEO plugin. -->","yoast_head_json":{"title":"Viol\u00edn DWG CAD Bloques en planta y alzado - iCADBLOCK","description":"Aqu\u00ed, en esta p\u00e1gina, hemos proporcionado muchos bloques CAD DWG de viol\u00edn en planta y alzado.El viol\u00edn es uno de los instrumentos musicales","robots":{"index":"index","follow":"follow","max-snippet":"max-snippet:-1","max-image-preview":"max-image-preview:large","max-video-preview":"max-video-preview:-1"},"canonical":"https:\/\/icadblock.com\/es\/instrumentos-musicales-en-dwg\/violin-dwg-cad-bloques\/","og_locale":"es_ES","og_type":"article","og_title":"Viol\u00edn DWG CAD Bloques en planta y alzado - iCADBLOCK","og_description":"Aqu\u00ed, en esta p\u00e1gina, hemos proporcionado muchos bloques CAD DWG de viol\u00edn en planta y alzado.El viol\u00edn es uno de los instrumentos musicales","og_url":"https:\/\/icadblock.com\/es\/instrumentos-musicales-en-dwg\/violin-dwg-cad-bloques\/","og_site_name":"iCADBLOCK","article_modified_time":"2023-12-27T12:55:19+00:00","og_image":[{"width":1000,"height":675,"url":"https:\/\/icadblock.com\/wp-content\/uploads\/2023\/10\/violin-AutoCAD.webp","type":"image\/webp"}],"twitter_card":"summary_large_image","twitter_misc":{"Tiempo de lectura":"1 minuto"},"schema":{"@context":"https:\/\/schema.org","@graph":[{"@type":"WebPage","@id":"https:\/\/icadblock.com\/es\/instrumentos-musicales-en-dwg\/violin-dwg-cad-bloques\/","url":"https:\/\/icadblock.com\/es\/instrumentos-musicales-en-dwg\/violin-dwg-cad-bloques\/","name":"Viol\u00edn DWG CAD Bloques en planta y alzado - iCADBLOCK","isPartOf":{"@id":"https:\/\/icadblock.com\/es\/#website"},"primaryImageOfPage":{"@id":"https:\/\/icadblock.com\/es\/instrumentos-musicales-en-dwg\/violin-dwg-cad-bloques\/#primaryimage"},"image":{"@id":"https:\/\/icadblock.com\/es\/instrumentos-musicales-en-dwg\/violin-dwg-cad-bloques\/#primaryimage"},"thumbnailUrl":"https:\/\/icadblock.com\/wp-content\/uploads\/2023\/10\/violin-AutoCAD.webp","datePublished":"2023-10-03T08:12:20+00:00","dateModified":"2023-12-27T12:55:19+00:00","description":"Aqu\u00ed, en esta p\u00e1gina, hemos proporcionado muchos bloques CAD DWG de viol\u00edn en planta y alzado.El viol\u00edn es uno de los instrumentos musicales","breadcrumb":{"@id":"https:\/\/icadblock.com\/es\/instrumentos-musicales-en-dwg\/violin-dwg-cad-bloques\/#breadcrumb"},"inLanguage":"es","potentialAction":[{"@type":"ReadAction","target":["https:\/\/icadblock.com\/es\/instrumentos-musicales-en-dwg\/violin-dwg-cad-bloques\/"]}]},{"@type":"ImageObject","inLanguage":"es","@id":"https:\/\/icadblock.com\/es\/instrumentos-musicales-en-dwg\/violin-dwg-cad-bloques\/#primaryimage","url":"https:\/\/icadblock.com\/wp-content\/uploads\/2023\/10\/violin-AutoCAD.webp","contentUrl":"https:\/\/icadblock.com\/wp-content\/uploads\/2023\/10\/violin-AutoCAD.webp","width":1000,"height":675,"caption":"Viol\u00edn DWG"},{"@type":"BreadcrumbList","@id":"https:\/\/icadblock.com\/es\/instrumentos-musicales-en-dwg\/violin-dwg-cad-bloques\/#breadcrumb","itemListElement":[{"@type":"ListItem","position":1,"name":"Home","item":"https:\/\/icadblock.com\/es\/"},{"@type":"ListItem","position":2,"name":"Instrumentos musicales en DWG AutoCAD","item":"https:\/\/icadblock.com\/es\/instrumentos-musicales-en-dwg\/"},{"@type":"ListItem","position":3,"name":"Viol\u00edn DWG CAD Bloques en planta y alzado"}]},{"@type":"WebSite","@id":"https:\/\/icadblock.com\/es\/#website","url":"https:\/\/icadblock.com\/es\/","name":"iCADBLOCK","description":"CAD Block free download, 2d DWG models in plan","publisher":{"@id":"https:\/\/icadblock.com\/es\/#organization"},"potentialAction":[{"@type":"SearchAction","target":{"@type":"EntryPoint","urlTemplate":"https:\/\/icadblock.com\/es\/?s={search_term_string}"},"query-input":{"@type":"PropertyValueSpecification","valueRequired":true,"valueName":"search_term_string"}}],"inLanguage":"es"},{"@type":"Organization","@id":"https:\/\/icadblock.com\/es\/#organization","name":"icadblock","url":"https:\/\/icadblock.com\/es\/","logo":{"@type":"ImageObject","inLanguage":"es","@id":"https:\/\/icadblock.com\/es\/#\/schema\/logo\/image\/","url":"https:\/\/icadblock.com\/wp-content\/uploads\/2022\/02\/LOGO.png","contentUrl":"https:\/\/icadblock.com\/wp-content\/uploads\/2022\/02\/LOGO.png","width":546,"height":125,"caption":"icadblock"},"image":{"@id":"https:\/\/icadblock.com\/es\/#\/schema\/logo\/image\/"}}]}},"_links":{"self":[{"href":"https:\/\/icadblock.com\/es\/wp-json\/wp\/v2\/pages\/9792","targetHints":{"allow":["GET"]}}],"collection":[{"href":"https:\/\/icadblock.com\/es\/wp-json\/wp\/v2\/pages"}],"about":[{"href":"https:\/\/icadblock.com\/es\/wp-json\/wp\/v2\/types\/page"}],"author":[{"embeddable":true,"href":"https:\/\/icadblock.com\/es\/wp-json\/wp\/v2\/users\/2"}],"replies":[{"embeddable":true,"href":"https:\/\/icadblock.com\/es\/wp-json\/wp\/v2\/comments?post=9792"}],"version-history":[{"count":4,"href":"https:\/\/icadblock.com\/es\/wp-json\/wp\/v2\/pages\/9792\/revisions"}],"predecessor-version":[{"id":9796,"href":"https:\/\/icadblock.com\/es\/wp-json\/wp\/v2\/pages\/9792\/revisions\/9796"}],"up":[{"embeddable":true,"href":"https:\/\/icadblock.com\/es\/wp-json\/wp\/v2\/pages\/9731"}],"wp:featuredmedia":[{"embeddable":true,"href":"https:\/\/icadblock.com\/es\/wp-json\/wp\/v2\/media\/8602"}],"wp:attachment":[{"href":"https:\/\/icadblock.com\/es\/wp-json\/wp\/v2\/media?parent=9792"}],"curies":[{"name":"wp","href":"https:\/\/api.w.org\/{rel}","templated":true}]}}