{"id":9817,"date":"2023-10-17T13:08:39","date_gmt":"2023-10-17T13:08:39","guid":{"rendered":"https:\/\/icadblock.com\/?page_id=9817"},"modified":"2023-12-28T12:00:56","modified_gmt":"2023-12-28T12:00:56","slug":"tambor-en-dwg","status":"publish","type":"page","link":"https:\/\/icadblock.com\/es\/instrumentos-musicales-en-dwg\/tambor-en-dwg\/","title":{"rendered":"Tambor en DWG, colecci\u00f3n de bloques CAD"},"content":{"rendered":"\t\t<div data-elementor-type=\"wp-page\" data-elementor-id=\"9817\" class=\"elementor elementor-9817 elementor-7043\" data-elementor-post-type=\"page\">\n\t\t\t\t\t\t<section class=\"elementor-section elementor-top-section elementor-element elementor-element-4eb59d71 elementor-section-boxed elementor-section-height-default elementor-section-height-default\" data-id=\"4eb59d71\" data-element_type=\"section\">\n\t\t\t\t\t\t<div class=\"elementor-container elementor-column-gap-default\">\n\t\t\t\t\t<div class=\"elementor-column elementor-col-50 elementor-top-column elementor-element elementor-element-3f8b7602\" data-id=\"3f8b7602\" data-element_type=\"column\">\n\t\t\t<div class=\"elementor-widget-wrap elementor-element-populated\">\n\t\t\t\t\t\t<div class=\"elementor-element elementor-element-5f5f6517 elementor-widget elementor-widget-text-editor\" data-id=\"5f5f6517\" data-element_type=\"widget\" data-widget_type=\"text-editor.default\">\n\t\t\t\t<div class=\"elementor-widget-container\">\n\t\t\t<style>\/*! elementor - v3.21.0 - 30-04-2024 *\/\n.elementor-widget-text-editor.elementor-drop-cap-view-stacked .elementor-drop-cap{background-color:#69727d;color:#fff}.elementor-widget-text-editor.elementor-drop-cap-view-framed .elementor-drop-cap{color:#69727d;border:3px solid;background-color:transparent}.elementor-widget-text-editor:not(.elementor-drop-cap-view-default) .elementor-drop-cap{margin-top:8px}.elementor-widget-text-editor:not(.elementor-drop-cap-view-default) .elementor-drop-cap-letter{width:1em;height:1em}.elementor-widget-text-editor .elementor-drop-cap{float:left;text-align:center;line-height:1;font-size:50px}.elementor-widget-text-editor .elementor-drop-cap-letter{display:inline-block}<\/style>\t\t\t\t<p>Aqu\u00ed, en esta p\u00e1gina, proporcionamos la colecci\u00f3n de bloques CAD de <strong>tambor en DWG<\/strong>.<\/p><p>Casi la mayor\u00eda de estos dibujos en 2D est\u00e1n dibujados en planta y alzado.<\/p><p>Hemos intentado proporcionar muchas bater\u00edas para que pueda utilizarlas seg\u00fan sus necesidades.<\/p><p>Mire los siguientes dibujos en 2D y descargue el archivo que desee.<\/p>\t\t\t\t\t\t<\/div>\n\t\t\t\t<\/div>\n\t\t\t\t<div class=\"elementor-element elementor-element-36a87e5 elementor-widget elementor-widget-heading\" data-id=\"36a87e5\" data-element_type=\"widget\" data-widget_type=\"heading.default\">\n\t\t\t\t<div class=\"elementor-widget-container\">\n\t\t\t<style>\/*! elementor - v3.21.0 - 30-04-2024 *\/\n.elementor-heading-title{padding:0;margin:0;line-height:1}.elementor-widget-heading .elementor-heading-title[class*=elementor-size-]>a{color:inherit;font-size:inherit;line-height:inherit}.elementor-widget-heading .elementor-heading-title.elementor-size-small{font-size:15px}.elementor-widget-heading .elementor-heading-title.elementor-size-medium{font-size:19px}.elementor-widget-heading .elementor-heading-title.elementor-size-large{font-size:29px}.elementor-widget-heading .elementor-heading-title.elementor-size-xl{font-size:39px}.elementor-widget-heading .elementor-heading-title.elementor-size-xxl{font-size:59px}<\/style><h2 class=\"elementor-heading-title elementor-size-default\">Tambor en DWG<\/h2>\t\t<\/div>\n\t\t\t\t<\/div>\n\t\t\t\t<div class=\"elementor-element elementor-element-c2daeb4 elementor-widget elementor-widget-text-editor\" data-id=\"c2daeb4\" data-element_type=\"widget\" data-widget_type=\"text-editor.default\">\n\t\t\t\t<div class=\"elementor-widget-container\">\n\t\t\t\t\t\t\t<p>Tambi\u00e9n puede descargar otros <a href=\"https:\/\/icadblock.com\/es\/instrumentos-musicales-en-dwg\/\"><em><strong>bloques CAD de instrumentos musicales<\/strong><\/em><\/a>.<\/p><p>Por ejemplo, puede descargar modelos 2D de guitarras de la colecci\u00f3n <a href=\"https:\/\/icadblock.com\/es\/instrumentos-musicales-en-dwg\/guitarra-en-dwg-tapa-y-frente\/\"><em><strong>Guitarra en DWG<\/strong><\/em><\/a> o es posible que tambi\u00e9n necesite descargar Piano de la colecci\u00f3n <a href=\"https:\/\/icadblock.com\/es\/instrumentos-musicales-en-dwg\/piano-en-dwg\/\"><em><strong>Piano en DWG<\/strong><\/em><\/a>.<\/p><h3><span style=\"color: #0000ff;\">Notas:<\/span><\/h3><p>Los tambores son uno de los instrumentos musicales m\u00e1s utilizados y cuando se trata de dise\u00f1ar un centro de m\u00fasica o lugares similares, usted, como arquitecto, probablemente necesitar\u00e1 utilizar Drum CAD Block en su dibujo.<\/p><p>Aqu\u00ed podr\u00e1 encontrar una colecci\u00f3n de tambores, platillos y otros instrumentos auxiliares de percusi\u00f3n.<\/p><p>Si buscas dibujos completos esta p\u00e1gina es para ti.<\/p><p>Descarga estos modelos DWG y \u00fasalos en tu dibujo para hacerlo m\u00e1s hermoso.<\/p><p>Marque esta p\u00e1gina como favorita para futuras actualizaciones. Esperamos sus sugerencias. Cont\u00e1ctenos y h\u00e1ganos saber si est\u00e1 buscando un tipo espec\u00edfico de tambor u otro instrumento musical.<\/p>\t\t\t\t\t\t<\/div>\n\t\t\t\t<\/div>\n\t\t\t\t\t<\/div>\n\t\t<\/div>\n\t\t\t\t<div class=\"jet-sticky-column-sticky elementor-column elementor-col-50 elementor-top-column elementor-element elementor-element-9f86344\" data-jet-sticky-column-settings=\"{&quot;id&quot;:&quot;9f86344&quot;,&quot;sticky&quot;:true,&quot;topSpacing&quot;:50,&quot;bottomSpacing&quot;:50,&quot;stickyOn&quot;:[&quot;desktop&quot;,&quot;tablet&quot;]}\" data-id=\"9f86344\" data-element_type=\"column\">\n\t\t\t<div class=\"elementor-widget-wrap elementor-element-populated\">\n\t\t\t\t\t\t\t<\/div>\n\t\t<\/div>\n\t\t\t\t\t<\/div>\n\t\t<\/section>\n\t\t\t\t<\/div>\n\t\t","protected":false},"excerpt":{"rendered":"<p>Aqu\u00ed, en esta p\u00e1gina, proporcionamos la colecci\u00f3n de bloques CAD de tambor en DWG. Casi la mayor\u00eda de estos dibujos [&hellip;]<\/p>\n","protected":false},"author":2,"featured_media":8637,"parent":9731,"menu_order":0,"comment_status":"closed","ping_status":"closed","template":"","meta":{"site-sidebar-layout":"default","site-content-layout":"","ast-site-content-layout":"","site-content-style":"default","site-sidebar-style":"default","ast-global-header-display":"","ast-banner-title-visibility":"","ast-main-header-display":"","ast-hfb-above-header-display":"","ast-hfb-below-header-display":"","ast-hfb-mobile-header-display":"","site-post-title":"","ast-breadcrumbs-content":"","ast-featured-img":"","footer-sml-layout":"","theme-transparent-header-meta":"","adv-header-id-meta":"","stick-header-meta":"","header-above-stick-meta":"","header-main-stick-meta":"","header-below-stick-meta":"","astra-migrate-meta-layouts":"default","ast-page-background-enabled":"default","ast-page-background-meta":{"desktop":{"background-color":"var(--ast-global-color-4)","background-image":"","background-repeat":"repeat","background-position":"center center","background-size":"auto","background-attachment":"scroll","background-type":"","background-media":"","overlay-type":"","overlay-color":"","overlay-gradient":""},"tablet":{"background-color":"","background-image":"","background-repeat":"repeat","background-position":"center center","background-size":"auto","background-attachment":"scroll","background-type":"","background-media":"","overlay-type":"","overlay-color":"","overlay-gradient":""},"mobile":{"background-color":"","background-image":"","background-repeat":"repeat","background-position":"center center","background-size":"auto","background-attachment":"scroll","background-type":"","background-media":"","overlay-type":"","overlay-color":"","overlay-gradient":""}},"ast-content-background-meta":{"desktop":{"background-color":"var(--ast-global-color-5)","background-image":"","background-repeat":"repeat","background-position":"center center","background-size":"auto","background-attachment":"scroll","background-type":"","background-media":"","overlay-type":"","overlay-color":"","overlay-gradient":""},"tablet":{"background-color":"var(--ast-global-color-5)","background-image":"","background-repeat":"repeat","background-position":"center center","background-size":"auto","background-attachment":"scroll","background-type":"","background-media":"","overlay-type":"","overlay-color":"","overlay-gradient":""},"mobile":{"background-color":"var(--ast-global-color-5)","background-image":"","background-repeat":"repeat","background-position":"center center","background-size":"auto","background-attachment":"scroll","background-type":"","background-media":"","overlay-type":"","overlay-color":"","overlay-gradient":""}},"footnotes":""},"class_list":["post-9817","page","type-page","status-publish","has-post-thumbnail","hentry"],"yoast_head":"<!-- This site is optimized with the Yoast SEO plugin v26.0 - https:\/\/yoast.com\/wordpress\/plugins\/seo\/ -->\n<title>Tambor en DWG, colecci\u00f3n de bloques CAD - iCADBLOCK<\/title>\n<meta name=\"description\" content=\"en esta p\u00e1gina, proporcionamos la colecci\u00f3n de bloques CAD de tambor en DWG.Casi la mayor\u00eda de estos dibujos en 2D est\u00e1n dibujados\" \/>\n<meta name=\"robots\" content=\"index, follow, max-snippet:-1, max-image-preview:large, max-video-preview:-1\" \/>\n<link rel=\"canonical\" href=\"https:\/\/icadblock.com\/es\/instrumentos-musicales-en-dwg\/tambor-en-dwg\/\" \/>\n<meta property=\"og:locale\" content=\"es_ES\" \/>\n<meta property=\"og:type\" content=\"article\" \/>\n<meta property=\"og:title\" content=\"Tambor en DWG, colecci\u00f3n de bloques CAD - iCADBLOCK\" \/>\n<meta property=\"og:description\" content=\"en esta p\u00e1gina, proporcionamos la colecci\u00f3n de bloques CAD de tambor en DWG.Casi la mayor\u00eda de estos dibujos en 2D est\u00e1n dibujados\" \/>\n<meta property=\"og:url\" content=\"https:\/\/icadblock.com\/es\/instrumentos-musicales-en-dwg\/tambor-en-dwg\/\" \/>\n<meta property=\"og:site_name\" content=\"iCADBLOCK\" \/>\n<meta property=\"article:modified_time\" content=\"2023-12-28T12:00:56+00:00\" \/>\n<meta property=\"og:image\" content=\"https:\/\/icadblock.com\/wp-content\/uploads\/2023\/10\/drum-set-DWG.webp\" \/>\n\t<meta property=\"og:image:width\" content=\"1000\" \/>\n\t<meta property=\"og:image:height\" content=\"675\" \/>\n\t<meta property=\"og:image:type\" content=\"image\/webp\" \/>\n<meta name=\"twitter:card\" content=\"summary_large_image\" \/>\n<meta name=\"twitter:label1\" content=\"Tiempo de lectura\" \/>\n\t<meta name=\"twitter:data1\" content=\"2 minutos\" \/>\n<script type=\"application\/ld+json\" class=\"yoast-schema-graph\">{\"@context\":\"https:\/\/schema.org\",\"@graph\":[{\"@type\":\"WebPage\",\"@id\":\"https:\/\/icadblock.com\/es\/instrumentos-musicales-en-dwg\/tambor-en-dwg\/\",\"url\":\"https:\/\/icadblock.com\/es\/instrumentos-musicales-en-dwg\/tambor-en-dwg\/\",\"name\":\"Tambor en DWG, colecci\u00f3n de bloques CAD - iCADBLOCK\",\"isPartOf\":{\"@id\":\"https:\/\/icadblock.com\/es\/#website\"},\"primaryImageOfPage\":{\"@id\":\"https:\/\/icadblock.com\/es\/instrumentos-musicales-en-dwg\/tambor-en-dwg\/#primaryimage\"},\"image\":{\"@id\":\"https:\/\/icadblock.com\/es\/instrumentos-musicales-en-dwg\/tambor-en-dwg\/#primaryimage\"},\"thumbnailUrl\":\"https:\/\/icadblock.com\/wp-content\/uploads\/2023\/10\/drum-set-DWG.webp\",\"datePublished\":\"2023-10-17T13:08:39+00:00\",\"dateModified\":\"2023-12-28T12:00:56+00:00\",\"description\":\"en esta p\u00e1gina, proporcionamos la colecci\u00f3n de bloques CAD de tambor en DWG.Casi la mayor\u00eda de estos dibujos en 2D est\u00e1n dibujados\",\"breadcrumb\":{\"@id\":\"https:\/\/icadblock.com\/es\/instrumentos-musicales-en-dwg\/tambor-en-dwg\/#breadcrumb\"},\"inLanguage\":\"es\",\"potentialAction\":[{\"@type\":\"ReadAction\",\"target\":[\"https:\/\/icadblock.com\/es\/instrumentos-musicales-en-dwg\/tambor-en-dwg\/\"]}]},{\"@type\":\"ImageObject\",\"inLanguage\":\"es\",\"@id\":\"https:\/\/icadblock.com\/es\/instrumentos-musicales-en-dwg\/tambor-en-dwg\/#primaryimage\",\"url\":\"https:\/\/icadblock.com\/wp-content\/uploads\/2023\/10\/drum-set-DWG.webp\",\"contentUrl\":\"https:\/\/icadblock.com\/wp-content\/uploads\/2023\/10\/drum-set-DWG.webp\",\"width\":1000,\"height\":675,\"caption\":\"Tambor en DWG\"},{\"@type\":\"BreadcrumbList\",\"@id\":\"https:\/\/icadblock.com\/es\/instrumentos-musicales-en-dwg\/tambor-en-dwg\/#breadcrumb\",\"itemListElement\":[{\"@type\":\"ListItem\",\"position\":1,\"name\":\"Home\",\"item\":\"https:\/\/icadblock.com\/es\/\"},{\"@type\":\"ListItem\",\"position\":2,\"name\":\"Instrumentos musicales en DWG AutoCAD\",\"item\":\"https:\/\/icadblock.com\/es\/instrumentos-musicales-en-dwg\/\"},{\"@type\":\"ListItem\",\"position\":3,\"name\":\"Tambor en DWG, colecci\u00f3n de bloques CAD\"}]},{\"@type\":\"WebSite\",\"@id\":\"https:\/\/icadblock.com\/es\/#website\",\"url\":\"https:\/\/icadblock.com\/es\/\",\"name\":\"iCADBLOCK\",\"description\":\"CAD Block free download, 2d DWG models in plan\",\"publisher\":{\"@id\":\"https:\/\/icadblock.com\/es\/#organization\"},\"potentialAction\":[{\"@type\":\"SearchAction\",\"target\":{\"@type\":\"EntryPoint\",\"urlTemplate\":\"https:\/\/icadblock.com\/es\/?s={search_term_string}\"},\"query-input\":{\"@type\":\"PropertyValueSpecification\",\"valueRequired\":true,\"valueName\":\"search_term_string\"}}],\"inLanguage\":\"es\"},{\"@type\":\"Organization\",\"@id\":\"https:\/\/icadblock.com\/es\/#organization\",\"name\":\"icadblock\",\"url\":\"https:\/\/icadblock.com\/es\/\",\"logo\":{\"@type\":\"ImageObject\",\"inLanguage\":\"es\",\"@id\":\"https:\/\/icadblock.com\/es\/#\/schema\/logo\/image\/\",\"url\":\"https:\/\/icadblock.com\/wp-content\/uploads\/2022\/02\/LOGO.png\",\"contentUrl\":\"https:\/\/icadblock.com\/wp-content\/uploads\/2022\/02\/LOGO.png\",\"width\":546,\"height\":125,\"caption\":\"icadblock\"},\"image\":{\"@id\":\"https:\/\/icadblock.com\/es\/#\/schema\/logo\/image\/\"}}]}<\/script>\n<!-- \/ Yoast SEO plugin. -->","yoast_head_json":{"title":"Tambor en DWG, colecci\u00f3n de bloques CAD - iCADBLOCK","description":"en esta p\u00e1gina, proporcionamos la colecci\u00f3n de bloques CAD de tambor en DWG.Casi la mayor\u00eda de estos dibujos en 2D est\u00e1n dibujados","robots":{"index":"index","follow":"follow","max-snippet":"max-snippet:-1","max-image-preview":"max-image-preview:large","max-video-preview":"max-video-preview:-1"},"canonical":"https:\/\/icadblock.com\/es\/instrumentos-musicales-en-dwg\/tambor-en-dwg\/","og_locale":"es_ES","og_type":"article","og_title":"Tambor en DWG, colecci\u00f3n de bloques CAD - iCADBLOCK","og_description":"en esta p\u00e1gina, proporcionamos la colecci\u00f3n de bloques CAD de tambor en DWG.Casi la mayor\u00eda de estos dibujos en 2D est\u00e1n dibujados","og_url":"https:\/\/icadblock.com\/es\/instrumentos-musicales-en-dwg\/tambor-en-dwg\/","og_site_name":"iCADBLOCK","article_modified_time":"2023-12-28T12:00:56+00:00","og_image":[{"width":1000,"height":675,"url":"https:\/\/icadblock.com\/wp-content\/uploads\/2023\/10\/drum-set-DWG.webp","type":"image\/webp"}],"twitter_card":"summary_large_image","twitter_misc":{"Tiempo de lectura":"2 minutos"},"schema":{"@context":"https:\/\/schema.org","@graph":[{"@type":"WebPage","@id":"https:\/\/icadblock.com\/es\/instrumentos-musicales-en-dwg\/tambor-en-dwg\/","url":"https:\/\/icadblock.com\/es\/instrumentos-musicales-en-dwg\/tambor-en-dwg\/","name":"Tambor en DWG, colecci\u00f3n de bloques CAD - iCADBLOCK","isPartOf":{"@id":"https:\/\/icadblock.com\/es\/#website"},"primaryImageOfPage":{"@id":"https:\/\/icadblock.com\/es\/instrumentos-musicales-en-dwg\/tambor-en-dwg\/#primaryimage"},"image":{"@id":"https:\/\/icadblock.com\/es\/instrumentos-musicales-en-dwg\/tambor-en-dwg\/#primaryimage"},"thumbnailUrl":"https:\/\/icadblock.com\/wp-content\/uploads\/2023\/10\/drum-set-DWG.webp","datePublished":"2023-10-17T13:08:39+00:00","dateModified":"2023-12-28T12:00:56+00:00","description":"en esta p\u00e1gina, proporcionamos la colecci\u00f3n de bloques CAD de tambor en DWG.Casi la mayor\u00eda de estos dibujos en 2D est\u00e1n dibujados","breadcrumb":{"@id":"https:\/\/icadblock.com\/es\/instrumentos-musicales-en-dwg\/tambor-en-dwg\/#breadcrumb"},"inLanguage":"es","potentialAction":[{"@type":"ReadAction","target":["https:\/\/icadblock.com\/es\/instrumentos-musicales-en-dwg\/tambor-en-dwg\/"]}]},{"@type":"ImageObject","inLanguage":"es","@id":"https:\/\/icadblock.com\/es\/instrumentos-musicales-en-dwg\/tambor-en-dwg\/#primaryimage","url":"https:\/\/icadblock.com\/wp-content\/uploads\/2023\/10\/drum-set-DWG.webp","contentUrl":"https:\/\/icadblock.com\/wp-content\/uploads\/2023\/10\/drum-set-DWG.webp","width":1000,"height":675,"caption":"Tambor en DWG"},{"@type":"BreadcrumbList","@id":"https:\/\/icadblock.com\/es\/instrumentos-musicales-en-dwg\/tambor-en-dwg\/#breadcrumb","itemListElement":[{"@type":"ListItem","position":1,"name":"Home","item":"https:\/\/icadblock.com\/es\/"},{"@type":"ListItem","position":2,"name":"Instrumentos musicales en DWG AutoCAD","item":"https:\/\/icadblock.com\/es\/instrumentos-musicales-en-dwg\/"},{"@type":"ListItem","position":3,"name":"Tambor en DWG, colecci\u00f3n de bloques CAD"}]},{"@type":"WebSite","@id":"https:\/\/icadblock.com\/es\/#website","url":"https:\/\/icadblock.com\/es\/","name":"iCADBLOCK","description":"CAD Block free download, 2d DWG models in plan","publisher":{"@id":"https:\/\/icadblock.com\/es\/#organization"},"potentialAction":[{"@type":"SearchAction","target":{"@type":"EntryPoint","urlTemplate":"https:\/\/icadblock.com\/es\/?s={search_term_string}"},"query-input":{"@type":"PropertyValueSpecification","valueRequired":true,"valueName":"search_term_string"}}],"inLanguage":"es"},{"@type":"Organization","@id":"https:\/\/icadblock.com\/es\/#organization","name":"icadblock","url":"https:\/\/icadblock.com\/es\/","logo":{"@type":"ImageObject","inLanguage":"es","@id":"https:\/\/icadblock.com\/es\/#\/schema\/logo\/image\/","url":"https:\/\/icadblock.com\/wp-content\/uploads\/2022\/02\/LOGO.png","contentUrl":"https:\/\/icadblock.com\/wp-content\/uploads\/2022\/02\/LOGO.png","width":546,"height":125,"caption":"icadblock"},"image":{"@id":"https:\/\/icadblock.com\/es\/#\/schema\/logo\/image\/"}}]}},"_links":{"self":[{"href":"https:\/\/icadblock.com\/es\/wp-json\/wp\/v2\/pages\/9817","targetHints":{"allow":["GET"]}}],"collection":[{"href":"https:\/\/icadblock.com\/es\/wp-json\/wp\/v2\/pages"}],"about":[{"href":"https:\/\/icadblock.com\/es\/wp-json\/wp\/v2\/types\/page"}],"author":[{"embeddable":true,"href":"https:\/\/icadblock.com\/es\/wp-json\/wp\/v2\/users\/2"}],"replies":[{"embeddable":true,"href":"https:\/\/icadblock.com\/es\/wp-json\/wp\/v2\/comments?post=9817"}],"version-history":[{"count":6,"href":"https:\/\/icadblock.com\/es\/wp-json\/wp\/v2\/pages\/9817\/revisions"}],"predecessor-version":[{"id":9823,"href":"https:\/\/icadblock.com\/es\/wp-json\/wp\/v2\/pages\/9817\/revisions\/9823"}],"up":[{"embeddable":true,"href":"https:\/\/icadblock.com\/es\/wp-json\/wp\/v2\/pages\/9731"}],"wp:featuredmedia":[{"embeddable":true,"href":"https:\/\/icadblock.com\/es\/wp-json\/wp\/v2\/media\/8637"}],"wp:attachment":[{"href":"https:\/\/icadblock.com\/es\/wp-json\/wp\/v2\/media?parent=9817"}],"curies":[{"name":"wp","href":"https:\/\/api.w.org\/{rel}","templated":true}]}}