{"id":9957,"date":"2023-12-13T12:25:29","date_gmt":"2023-12-13T12:25:29","guid":{"rendered":"https:\/\/icadblock.com\/?page_id=9957"},"modified":"2023-12-28T14:19:32","modified_gmt":"2023-12-28T14:19:32","slug":"vaca-en-dwg-coleccion","status":"publish","type":"page","link":"https:\/\/icadblock.com\/es\/animal-en-dwg\/vaca-en-dwg-coleccion\/","title":{"rendered":"Vaca en DWG, colecci\u00f3n de bloques CAD"},"content":{"rendered":"\t\t<div data-elementor-type=\"wp-page\" data-elementor-id=\"9957\" class=\"elementor elementor-9957 elementor-7901\" data-elementor-post-type=\"page\">\n\t\t\t\t\t\t<section class=\"elementor-section elementor-top-section elementor-element elementor-element-2a5f809a elementor-section-boxed elementor-section-height-default elementor-section-height-default\" data-id=\"2a5f809a\" data-element_type=\"section\">\n\t\t\t\t\t\t<div class=\"elementor-container elementor-column-gap-default\">\n\t\t\t\t\t<div class=\"elementor-column elementor-col-50 elementor-top-column elementor-element elementor-element-2a2c4ad6\" data-id=\"2a2c4ad6\" data-element_type=\"column\">\n\t\t\t<div class=\"elementor-widget-wrap elementor-element-populated\">\n\t\t\t\t\t\t<div class=\"elementor-element elementor-element-64a93bb3 elementor-widget elementor-widget-text-editor\" data-id=\"64a93bb3\" data-element_type=\"widget\" data-widget_type=\"text-editor.default\">\n\t\t\t\t<div class=\"elementor-widget-container\">\n\t\t\t<style>\/*! elementor - v3.21.0 - 30-04-2024 *\/\n.elementor-widget-text-editor.elementor-drop-cap-view-stacked .elementor-drop-cap{background-color:#69727d;color:#fff}.elementor-widget-text-editor.elementor-drop-cap-view-framed .elementor-drop-cap{color:#69727d;border:3px solid;background-color:transparent}.elementor-widget-text-editor:not(.elementor-drop-cap-view-default) .elementor-drop-cap{margin-top:8px}.elementor-widget-text-editor:not(.elementor-drop-cap-view-default) .elementor-drop-cap-letter{width:1em;height:1em}.elementor-widget-text-editor .elementor-drop-cap{float:left;text-align:center;line-height:1;font-size:50px}.elementor-widget-text-editor .elementor-drop-cap-letter{display:inline-block}<\/style>\t\t\t\t<p>Aqu\u00ed, en esta p\u00e1gina, puede descargar la colecci\u00f3n de bloques CAD de <strong>vacas en DWG<\/strong>.<\/p><p>Hemos intentado proporcionar modelos DWG de alta calidad en planta y alzado.<\/p><p>Si est\u00e1 dise\u00f1ando una granja lechera, definitivamente necesitar\u00e1 estos bloques CAD.<br \/><br \/>Marque esta p\u00e1gina como favorita ya que agregaremos otros bloques CAD similares en esta categor\u00eda.<\/p>\t\t\t\t\t\t<\/div>\n\t\t\t\t<\/div>\n\t\t\t\t<div class=\"elementor-element elementor-element-99de5ee elementor-widget elementor-widget-heading\" data-id=\"99de5ee\" data-element_type=\"widget\" data-widget_type=\"heading.default\">\n\t\t\t\t<div class=\"elementor-widget-container\">\n\t\t\t<style>\/*! elementor - v3.21.0 - 30-04-2024 *\/\n.elementor-heading-title{padding:0;margin:0;line-height:1}.elementor-widget-heading .elementor-heading-title[class*=elementor-size-]>a{color:inherit;font-size:inherit;line-height:inherit}.elementor-widget-heading .elementor-heading-title.elementor-size-small{font-size:15px}.elementor-widget-heading .elementor-heading-title.elementor-size-medium{font-size:19px}.elementor-widget-heading .elementor-heading-title.elementor-size-large{font-size:29px}.elementor-widget-heading .elementor-heading-title.elementor-size-xl{font-size:39px}.elementor-widget-heading .elementor-heading-title.elementor-size-xxl{font-size:59px}<\/style><h2 class=\"elementor-heading-title elementor-size-default\">Vaca en DWG<\/h2>\t\t<\/div>\n\t\t\t\t<\/div>\n\t\t\t\t<div class=\"elementor-element elementor-element-eb30d83 elementor-widget elementor-widget-text-editor\" data-id=\"eb30d83\" data-element_type=\"widget\" data-widget_type=\"text-editor.default\">\n\t\t\t\t<div class=\"elementor-widget-container\">\n\t\t\t\t\t\t\t<p>Es posible que tambi\u00e9n necesites descargar otros <a href=\"https:\/\/icadblock.com\/es\/animal-en-dwg\/\"><em><strong>bloques CAD de animales<\/strong><\/em><\/a>, como <a href=\"https:\/\/icadblock.com\/es\/animal-en-dwg\/perro-en-dwg\/\"><em><strong>bloques CAD de perros<\/strong><\/em><\/a>, <a href=\"https:\/\/icadblock.com\/es\/animal-en-dwg\/caballo-en-dwg\/\"><em><strong>bloques CAD de caballos<\/strong><\/em><\/a> y otros dibujos 2D relacionados.<\/p><p>Descargue estos modelos DWG y util\u00edzalos en sus proyectos CAD.<\/p>\t\t\t\t\t\t<\/div>\n\t\t\t\t<\/div>\n\t\t\t\t\t<\/div>\n\t\t<\/div>\n\t\t\t\t<div class=\"jet-sticky-column-sticky elementor-column elementor-col-50 elementor-top-column elementor-element elementor-element-fc45abd\" data-jet-sticky-column-settings=\"{&quot;id&quot;:&quot;fc45abd&quot;,&quot;sticky&quot;:true,&quot;topSpacing&quot;:50,&quot;bottomSpacing&quot;:50,&quot;stickyOn&quot;:[&quot;desktop&quot;,&quot;tablet&quot;]}\" data-id=\"fc45abd\" data-element_type=\"column\">\n\t\t\t<div class=\"elementor-widget-wrap elementor-element-populated\">\n\t\t\t\t\t\t\t<\/div>\n\t\t<\/div>\n\t\t\t\t\t<\/div>\n\t\t<\/section>\n\t\t\t\t<\/div>\n\t\t","protected":false},"excerpt":{"rendered":"<p>Aqu\u00ed, en esta p\u00e1gina, puede descargar la colecci\u00f3n de bloques CAD de vacas en DWG. Hemos intentado proporcionar modelos DWG [&hellip;]<\/p>\n","protected":false},"author":2,"featured_media":8791,"parent":9875,"menu_order":0,"comment_status":"closed","ping_status":"closed","template":"","meta":{"site-sidebar-layout":"default","site-content-layout":"","ast-site-content-layout":"","site-content-style":"default","site-sidebar-style":"default","ast-global-header-display":"","ast-banner-title-visibility":"","ast-main-header-display":"","ast-hfb-above-header-display":"","ast-hfb-below-header-display":"","ast-hfb-mobile-header-display":"","site-post-title":"","ast-breadcrumbs-content":"","ast-featured-img":"","footer-sml-layout":"","theme-transparent-header-meta":"","adv-header-id-meta":"","stick-header-meta":"","header-above-stick-meta":"","header-main-stick-meta":"","header-below-stick-meta":"","astra-migrate-meta-layouts":"default","ast-page-background-enabled":"default","ast-page-background-meta":{"desktop":{"background-color":"var(--ast-global-color-4)","background-image":"","background-repeat":"repeat","background-position":"center center","background-size":"auto","background-attachment":"scroll","background-type":"","background-media":"","overlay-type":"","overlay-color":"","overlay-gradient":""},"tablet":{"background-color":"","background-image":"","background-repeat":"repeat","background-position":"center center","background-size":"auto","background-attachment":"scroll","background-type":"","background-media":"","overlay-type":"","overlay-color":"","overlay-gradient":""},"mobile":{"background-color":"","background-image":"","background-repeat":"repeat","background-position":"center center","background-size":"auto","background-attachment":"scroll","background-type":"","background-media":"","overlay-type":"","overlay-color":"","overlay-gradient":""}},"ast-content-background-meta":{"desktop":{"background-color":"var(--ast-global-color-5)","background-image":"","background-repeat":"repeat","background-position":"center center","background-size":"auto","background-attachment":"scroll","background-type":"","background-media":"","overlay-type":"","overlay-color":"","overlay-gradient":""},"tablet":{"background-color":"var(--ast-global-color-5)","background-image":"","background-repeat":"repeat","background-position":"center center","background-size":"auto","background-attachment":"scroll","background-type":"","background-media":"","overlay-type":"","overlay-color":"","overlay-gradient":""},"mobile":{"background-color":"var(--ast-global-color-5)","background-image":"","background-repeat":"repeat","background-position":"center center","background-size":"auto","background-attachment":"scroll","background-type":"","background-media":"","overlay-type":"","overlay-color":"","overlay-gradient":""}},"footnotes":""},"class_list":["post-9957","page","type-page","status-publish","has-post-thumbnail","hentry"],"yoast_head":"<!-- This site is optimized with the Yoast SEO plugin v26.0 - https:\/\/yoast.com\/wordpress\/plugins\/seo\/ -->\n<title>Vaca en DWG, colecci\u00f3n de bloques CAD - iCADBLOCK<\/title>\n<meta name=\"description\" content=\"Aqu\u00ed, en esta p\u00e1gina, puede descargar la colecci\u00f3n de bloques CAD de vacas en DWG. Hemos intentado proporcionar modelos DWG de alta\" \/>\n<meta name=\"robots\" content=\"index, follow, max-snippet:-1, max-image-preview:large, max-video-preview:-1\" \/>\n<link rel=\"canonical\" href=\"https:\/\/icadblock.com\/es\/animal-en-dwg\/vaca-en-dwg-coleccion\/\" \/>\n<meta property=\"og:locale\" content=\"es_ES\" \/>\n<meta property=\"og:type\" content=\"article\" \/>\n<meta property=\"og:title\" content=\"Vaca en DWG, colecci\u00f3n de bloques CAD - iCADBLOCK\" \/>\n<meta property=\"og:description\" content=\"Aqu\u00ed, en esta p\u00e1gina, puede descargar la colecci\u00f3n de bloques CAD de vacas en DWG. Hemos intentado proporcionar modelos DWG de alta\" \/>\n<meta property=\"og:url\" content=\"https:\/\/icadblock.com\/es\/animal-en-dwg\/vaca-en-dwg-coleccion\/\" \/>\n<meta property=\"og:site_name\" content=\"iCADBLOCK\" \/>\n<meta property=\"article:modified_time\" content=\"2023-12-28T14:19:32+00:00\" \/>\n<meta property=\"og:image\" content=\"https:\/\/icadblock.com\/wp-content\/uploads\/2023\/12\/cow-DWG-models.png\" \/>\n\t<meta property=\"og:image:width\" content=\"1000\" \/>\n\t<meta property=\"og:image:height\" content=\"675\" \/>\n\t<meta property=\"og:image:type\" content=\"image\/png\" \/>\n<meta name=\"twitter:card\" content=\"summary_large_image\" \/>\n<meta name=\"twitter:label1\" content=\"Tiempo de lectura\" \/>\n\t<meta name=\"twitter:data1\" content=\"1 minuto\" \/>\n<script type=\"application\/ld+json\" class=\"yoast-schema-graph\">{\"@context\":\"https:\/\/schema.org\",\"@graph\":[{\"@type\":\"WebPage\",\"@id\":\"https:\/\/icadblock.com\/es\/animal-en-dwg\/vaca-en-dwg-coleccion\/\",\"url\":\"https:\/\/icadblock.com\/es\/animal-en-dwg\/vaca-en-dwg-coleccion\/\",\"name\":\"Vaca en DWG, colecci\u00f3n de bloques CAD - iCADBLOCK\",\"isPartOf\":{\"@id\":\"https:\/\/icadblock.com\/es\/#website\"},\"primaryImageOfPage\":{\"@id\":\"https:\/\/icadblock.com\/es\/animal-en-dwg\/vaca-en-dwg-coleccion\/#primaryimage\"},\"image\":{\"@id\":\"https:\/\/icadblock.com\/es\/animal-en-dwg\/vaca-en-dwg-coleccion\/#primaryimage\"},\"thumbnailUrl\":\"https:\/\/icadblock.com\/wp-content\/uploads\/2023\/12\/cow-DWG-models.png\",\"datePublished\":\"2023-12-13T12:25:29+00:00\",\"dateModified\":\"2023-12-28T14:19:32+00:00\",\"description\":\"Aqu\u00ed, en esta p\u00e1gina, puede descargar la colecci\u00f3n de bloques CAD de vacas en DWG. Hemos intentado proporcionar modelos DWG de alta\",\"breadcrumb\":{\"@id\":\"https:\/\/icadblock.com\/es\/animal-en-dwg\/vaca-en-dwg-coleccion\/#breadcrumb\"},\"inLanguage\":\"es\",\"potentialAction\":[{\"@type\":\"ReadAction\",\"target\":[\"https:\/\/icadblock.com\/es\/animal-en-dwg\/vaca-en-dwg-coleccion\/\"]}]},{\"@type\":\"ImageObject\",\"inLanguage\":\"es\",\"@id\":\"https:\/\/icadblock.com\/es\/animal-en-dwg\/vaca-en-dwg-coleccion\/#primaryimage\",\"url\":\"https:\/\/icadblock.com\/wp-content\/uploads\/2023\/12\/cow-DWG-models.png\",\"contentUrl\":\"https:\/\/icadblock.com\/wp-content\/uploads\/2023\/12\/cow-DWG-models.png\",\"width\":1000,\"height\":675,\"caption\":\"Vaca en DWG\"},{\"@type\":\"BreadcrumbList\",\"@id\":\"https:\/\/icadblock.com\/es\/animal-en-dwg\/vaca-en-dwg-coleccion\/#breadcrumb\",\"itemListElement\":[{\"@type\":\"ListItem\",\"position\":1,\"name\":\"Home\",\"item\":\"https:\/\/icadblock.com\/es\/\"},{\"@type\":\"ListItem\",\"position\":2,\"name\":\"Animal en DWG, descarga gratuita\",\"item\":\"https:\/\/icadblock.com\/es\/animal-en-dwg\/\"},{\"@type\":\"ListItem\",\"position\":3,\"name\":\"Vaca en DWG, colecci\u00f3n de bloques CAD\"}]},{\"@type\":\"WebSite\",\"@id\":\"https:\/\/icadblock.com\/es\/#website\",\"url\":\"https:\/\/icadblock.com\/es\/\",\"name\":\"iCADBLOCK\",\"description\":\"CAD Block free download, 2d DWG models in plan\",\"publisher\":{\"@id\":\"https:\/\/icadblock.com\/es\/#organization\"},\"potentialAction\":[{\"@type\":\"SearchAction\",\"target\":{\"@type\":\"EntryPoint\",\"urlTemplate\":\"https:\/\/icadblock.com\/es\/?s={search_term_string}\"},\"query-input\":{\"@type\":\"PropertyValueSpecification\",\"valueRequired\":true,\"valueName\":\"search_term_string\"}}],\"inLanguage\":\"es\"},{\"@type\":\"Organization\",\"@id\":\"https:\/\/icadblock.com\/es\/#organization\",\"name\":\"icadblock\",\"url\":\"https:\/\/icadblock.com\/es\/\",\"logo\":{\"@type\":\"ImageObject\",\"inLanguage\":\"es\",\"@id\":\"https:\/\/icadblock.com\/es\/#\/schema\/logo\/image\/\",\"url\":\"https:\/\/icadblock.com\/wp-content\/uploads\/2022\/02\/LOGO.png\",\"contentUrl\":\"https:\/\/icadblock.com\/wp-content\/uploads\/2022\/02\/LOGO.png\",\"width\":546,\"height\":125,\"caption\":\"icadblock\"},\"image\":{\"@id\":\"https:\/\/icadblock.com\/es\/#\/schema\/logo\/image\/\"}}]}<\/script>\n<!-- \/ Yoast SEO plugin. -->","yoast_head_json":{"title":"Vaca en DWG, colecci\u00f3n de bloques CAD - iCADBLOCK","description":"Aqu\u00ed, en esta p\u00e1gina, puede descargar la colecci\u00f3n de bloques CAD de vacas en DWG. Hemos intentado proporcionar modelos DWG de alta","robots":{"index":"index","follow":"follow","max-snippet":"max-snippet:-1","max-image-preview":"max-image-preview:large","max-video-preview":"max-video-preview:-1"},"canonical":"https:\/\/icadblock.com\/es\/animal-en-dwg\/vaca-en-dwg-coleccion\/","og_locale":"es_ES","og_type":"article","og_title":"Vaca en DWG, colecci\u00f3n de bloques CAD - iCADBLOCK","og_description":"Aqu\u00ed, en esta p\u00e1gina, puede descargar la colecci\u00f3n de bloques CAD de vacas en DWG. Hemos intentado proporcionar modelos DWG de alta","og_url":"https:\/\/icadblock.com\/es\/animal-en-dwg\/vaca-en-dwg-coleccion\/","og_site_name":"iCADBLOCK","article_modified_time":"2023-12-28T14:19:32+00:00","og_image":[{"width":1000,"height":675,"url":"https:\/\/icadblock.com\/wp-content\/uploads\/2023\/12\/cow-DWG-models.png","type":"image\/png"}],"twitter_card":"summary_large_image","twitter_misc":{"Tiempo de lectura":"1 minuto"},"schema":{"@context":"https:\/\/schema.org","@graph":[{"@type":"WebPage","@id":"https:\/\/icadblock.com\/es\/animal-en-dwg\/vaca-en-dwg-coleccion\/","url":"https:\/\/icadblock.com\/es\/animal-en-dwg\/vaca-en-dwg-coleccion\/","name":"Vaca en DWG, colecci\u00f3n de bloques CAD - iCADBLOCK","isPartOf":{"@id":"https:\/\/icadblock.com\/es\/#website"},"primaryImageOfPage":{"@id":"https:\/\/icadblock.com\/es\/animal-en-dwg\/vaca-en-dwg-coleccion\/#primaryimage"},"image":{"@id":"https:\/\/icadblock.com\/es\/animal-en-dwg\/vaca-en-dwg-coleccion\/#primaryimage"},"thumbnailUrl":"https:\/\/icadblock.com\/wp-content\/uploads\/2023\/12\/cow-DWG-models.png","datePublished":"2023-12-13T12:25:29+00:00","dateModified":"2023-12-28T14:19:32+00:00","description":"Aqu\u00ed, en esta p\u00e1gina, puede descargar la colecci\u00f3n de bloques CAD de vacas en DWG. Hemos intentado proporcionar modelos DWG de alta","breadcrumb":{"@id":"https:\/\/icadblock.com\/es\/animal-en-dwg\/vaca-en-dwg-coleccion\/#breadcrumb"},"inLanguage":"es","potentialAction":[{"@type":"ReadAction","target":["https:\/\/icadblock.com\/es\/animal-en-dwg\/vaca-en-dwg-coleccion\/"]}]},{"@type":"ImageObject","inLanguage":"es","@id":"https:\/\/icadblock.com\/es\/animal-en-dwg\/vaca-en-dwg-coleccion\/#primaryimage","url":"https:\/\/icadblock.com\/wp-content\/uploads\/2023\/12\/cow-DWG-models.png","contentUrl":"https:\/\/icadblock.com\/wp-content\/uploads\/2023\/12\/cow-DWG-models.png","width":1000,"height":675,"caption":"Vaca en DWG"},{"@type":"BreadcrumbList","@id":"https:\/\/icadblock.com\/es\/animal-en-dwg\/vaca-en-dwg-coleccion\/#breadcrumb","itemListElement":[{"@type":"ListItem","position":1,"name":"Home","item":"https:\/\/icadblock.com\/es\/"},{"@type":"ListItem","position":2,"name":"Animal en DWG, descarga gratuita","item":"https:\/\/icadblock.com\/es\/animal-en-dwg\/"},{"@type":"ListItem","position":3,"name":"Vaca en DWG, colecci\u00f3n de bloques CAD"}]},{"@type":"WebSite","@id":"https:\/\/icadblock.com\/es\/#website","url":"https:\/\/icadblock.com\/es\/","name":"iCADBLOCK","description":"CAD Block free download, 2d DWG models in plan","publisher":{"@id":"https:\/\/icadblock.com\/es\/#organization"},"potentialAction":[{"@type":"SearchAction","target":{"@type":"EntryPoint","urlTemplate":"https:\/\/icadblock.com\/es\/?s={search_term_string}"},"query-input":{"@type":"PropertyValueSpecification","valueRequired":true,"valueName":"search_term_string"}}],"inLanguage":"es"},{"@type":"Organization","@id":"https:\/\/icadblock.com\/es\/#organization","name":"icadblock","url":"https:\/\/icadblock.com\/es\/","logo":{"@type":"ImageObject","inLanguage":"es","@id":"https:\/\/icadblock.com\/es\/#\/schema\/logo\/image\/","url":"https:\/\/icadblock.com\/wp-content\/uploads\/2022\/02\/LOGO.png","contentUrl":"https:\/\/icadblock.com\/wp-content\/uploads\/2022\/02\/LOGO.png","width":546,"height":125,"caption":"icadblock"},"image":{"@id":"https:\/\/icadblock.com\/es\/#\/schema\/logo\/image\/"}}]}},"_links":{"self":[{"href":"https:\/\/icadblock.com\/es\/wp-json\/wp\/v2\/pages\/9957","targetHints":{"allow":["GET"]}}],"collection":[{"href":"https:\/\/icadblock.com\/es\/wp-json\/wp\/v2\/pages"}],"about":[{"href":"https:\/\/icadblock.com\/es\/wp-json\/wp\/v2\/types\/page"}],"author":[{"embeddable":true,"href":"https:\/\/icadblock.com\/es\/wp-json\/wp\/v2\/users\/2"}],"replies":[{"embeddable":true,"href":"https:\/\/icadblock.com\/es\/wp-json\/wp\/v2\/comments?post=9957"}],"version-history":[{"count":5,"href":"https:\/\/icadblock.com\/es\/wp-json\/wp\/v2\/pages\/9957\/revisions"}],"predecessor-version":[{"id":9976,"href":"https:\/\/icadblock.com\/es\/wp-json\/wp\/v2\/pages\/9957\/revisions\/9976"}],"up":[{"embeddable":true,"href":"https:\/\/icadblock.com\/es\/wp-json\/wp\/v2\/pages\/9875"}],"wp:featuredmedia":[{"embeddable":true,"href":"https:\/\/icadblock.com\/es\/wp-json\/wp\/v2\/media\/8791"}],"wp:attachment":[{"href":"https:\/\/icadblock.com\/es\/wp-json\/wp\/v2\/media?parent=9957"}],"curies":[{"name":"wp","href":"https:\/\/api.w.org\/{rel}","templated":true}]}}