{"id":11265,"date":"2024-02-15T13:31:01","date_gmt":"2024-02-15T13:31:01","guid":{"rendered":"https:\/\/icadblock.com\/?page_id=11265"},"modified":"2024-02-15T13:35:07","modified_gmt":"2024-02-15T13:35:07","slug":"letto-dwg","status":"publish","type":"page","link":"https:\/\/icadblock.com\/it\/mobili-dwg\/letto-dwg\/","title":{"rendered":"letto DWG Blocchi cad collezione"},"content":{"rendered":"\t\t<div data-elementor-type=\"wp-page\" data-elementor-id=\"11265\" class=\"elementor elementor-11265 elementor-769\" data-elementor-post-type=\"page\">\n\t\t\t\t\t\t<section class=\"elementor-section elementor-top-section elementor-element elementor-element-16b72094 elementor-section-boxed elementor-section-height-default elementor-section-height-default\" data-id=\"16b72094\" data-element_type=\"section\">\n\t\t\t\t\t\t<div class=\"elementor-container elementor-column-gap-default\">\n\t\t\t\t\t<div class=\"elementor-column elementor-col-50 elementor-top-column elementor-element elementor-element-3c6b4228\" data-id=\"3c6b4228\" data-element_type=\"column\">\n\t\t\t<div class=\"elementor-widget-wrap elementor-element-populated\">\n\t\t\t\t\t\t<div class=\"elementor-element elementor-element-7764f50b elementor-widget elementor-widget-text-editor\" data-id=\"7764f50b\" data-element_type=\"widget\" data-widget_type=\"text-editor.default\">\n\t\t\t\t<div class=\"elementor-widget-container\">\n\t\t\t<style>\/*! elementor - v3.21.0 - 30-04-2024 *\/\n.elementor-widget-text-editor.elementor-drop-cap-view-stacked .elementor-drop-cap{background-color:#69727d;color:#fff}.elementor-widget-text-editor.elementor-drop-cap-view-framed .elementor-drop-cap{color:#69727d;border:3px solid;background-color:transparent}.elementor-widget-text-editor:not(.elementor-drop-cap-view-default) .elementor-drop-cap{margin-top:8px}.elementor-widget-text-editor:not(.elementor-drop-cap-view-default) .elementor-drop-cap-letter{width:1em;height:1em}.elementor-widget-text-editor .elementor-drop-cap{float:left;text-align:center;line-height:1;font-size:50px}.elementor-widget-text-editor .elementor-drop-cap-letter{display:inline-block}<\/style>\t\t\t\t<p>Qui in questa pagina forniremo la raccolta di blocchi CAD letto dwg in formato DWG.<\/p><p>Questi modelli 2D sono disegnati in viste in pianta e in prospetto.<\/p><p>Bed CAD Block \u00e8 uno dei mobili pi\u00f9 utilizzati nei disegni AutoCAD.<\/p><p>Qui abbiamo letti singoli, letti gemelli, letti matrimoniali, letti a castello, ecc&#8230;<\/p><p>I Blocchi sono modificabili e puoi apportare qualsiasi modifica.<\/p><p>Sentiti libero di utilizzare questi blocchi CAD nei tuoi progetti.<\/p><p>Puoi scegliere i modelli che soddisfano le tue esigenze utilizzando i seguenti blocchi CAD.<\/p><p>letto<\/p>\t\t\t\t\t\t<\/div>\n\t\t\t\t<\/div>\n\t\t\t\t<div class=\"elementor-element elementor-element-d955e5c elementor-widget elementor-widget-heading\" data-id=\"d955e5c\" data-element_type=\"widget\" data-widget_type=\"heading.default\">\n\t\t\t\t<div class=\"elementor-widget-container\">\n\t\t\t<style>\/*! elementor - v3.21.0 - 30-04-2024 *\/\n.elementor-heading-title{padding:0;margin:0;line-height:1}.elementor-widget-heading .elementor-heading-title[class*=elementor-size-]>a{color:inherit;font-size:inherit;line-height:inherit}.elementor-widget-heading .elementor-heading-title.elementor-size-small{font-size:15px}.elementor-widget-heading .elementor-heading-title.elementor-size-medium{font-size:19px}.elementor-widget-heading .elementor-heading-title.elementor-size-large{font-size:29px}.elementor-widget-heading .elementor-heading-title.elementor-size-xl{font-size:39px}.elementor-widget-heading .elementor-heading-title.elementor-size-xxl{font-size:59px}<\/style><h2 class=\"elementor-heading-title elementor-size-default\">Letto DWG Collection<\/h2>\t\t<\/div>\n\t\t\t\t<\/div>\n\t\t\t\t<div class=\"elementor-element elementor-element-f95f11d elementor-widget elementor-widget-text-editor\" data-id=\"f95f11d\" data-element_type=\"widget\" data-widget_type=\"text-editor.default\">\n\t\t\t\t<div class=\"elementor-widget-container\">\n\t\t\t\t\t\t\t<p>Tieni presente che puoi accedere ad altri blocchi CAD per mobili utilizzando il seguente collegamento:<\/p><p><em><strong><a href=\"https:\/\/icadblock.com\/it\/mobili-dwg\/\">mobili dwg blocchi cad<\/a><\/strong><\/em><\/p><p><span style=\"color: #0000ff;\">Note arredo:<\/span><\/p><p>La scelta dei blocchi CAD che si desidera utilizzare nelle stanze, nonch\u00e9 come arredare le stanze, sono importanti nella progettazione di questa parte della casa.<\/p><p>Prestare attenzione ai dettagli pu\u00f2 aiutarti a ottenere un bel design.<\/p><p>Uno degli elementi fondamentali nella decorazione e nella progettazione di una camera da letto \u00e8 il letto.<\/p><p>L&#8217;uso di un letto pi\u00f9 grande della dimensione della camera da letto pu\u00f2 rendere difficile spostarsi nella camera da letto, quindi tieni presente che \u00e8 necessario utilizzare un letto di dimensioni adatte al tuo spazio.<\/p><p>Per quanto riguarda la disposizione dei letti, \u00e8 preferibile la parte sud o ovest della stanza.<\/p><p>allo stesso modo la direzione migliore per dormire \u00e8 verso sud<\/p><p>Anche il centro della parete pi\u00f9 lunga della stanza pu\u00f2 essere il luogo ideale per posizionare un letto.<\/p><p>\u00a0<\/p>\t\t\t\t\t\t<\/div>\n\t\t\t\t<\/div>\n\t\t\t\t\t<\/div>\n\t\t<\/div>\n\t\t\t\t<div class=\"jet-sticky-column-sticky elementor-column elementor-col-50 elementor-top-column elementor-element elementor-element-72b7447\" data-jet-sticky-column-settings=\"{&quot;id&quot;:&quot;72b7447&quot;,&quot;sticky&quot;:true,&quot;topSpacing&quot;:50,&quot;bottomSpacing&quot;:50,&quot;stickyOn&quot;:[&quot;desktop&quot;,&quot;tablet&quot;]}\" data-id=\"72b7447\" data-element_type=\"column\">\n\t\t\t<div class=\"elementor-widget-wrap elementor-element-populated\">\n\t\t\t\t\t\t\t<\/div>\n\t\t<\/div>\n\t\t\t\t\t<\/div>\n\t\t<\/section>\n\t\t\t\t<section class=\"elementor-section elementor-top-section elementor-element elementor-element-ad73441 elementor-section-boxed elementor-section-height-default elementor-section-height-default\" data-id=\"ad73441\" data-element_type=\"section\">\n\t\t\t\t\t\t<div class=\"elementor-container elementor-column-gap-default\">\n\t\t\t\t\t<div class=\"elementor-column elementor-col-100 elementor-top-column elementor-element elementor-element-0647abb\" data-id=\"0647abb\" data-element_type=\"column\">\n\t\t\t<div class=\"elementor-widget-wrap\">\n\t\t\t\t\t\t\t<\/div>\n\t\t<\/div>\n\t\t\t\t\t<\/div>\n\t\t<\/section>\n\t\t\t\t<\/div>\n\t\t","protected":false},"excerpt":{"rendered":"<p>Qui in questa pagina forniremo la raccolta di blocchi CAD letto dwg in formato DWG. Questi modelli 2D sono disegnati [&hellip;]<\/p>\n","protected":false},"author":2,"featured_media":11266,"parent":11157,"menu_order":0,"comment_status":"closed","ping_status":"closed","template":"","meta":{"site-sidebar-layout":"default","site-content-layout":"","ast-site-content-layout":"","site-content-style":"default","site-sidebar-style":"default","ast-global-header-display":"","ast-banner-title-visibility":"","ast-main-header-display":"","ast-hfb-above-header-display":"","ast-hfb-below-header-display":"","ast-hfb-mobile-header-display":"","site-post-title":"","ast-breadcrumbs-content":"","ast-featured-img":"","footer-sml-layout":"","theme-transparent-header-meta":"","adv-header-id-meta":"","stick-header-meta":"","header-above-stick-meta":"","header-main-stick-meta":"","header-below-stick-meta":"","astra-migrate-meta-layouts":"default","ast-page-background-enabled":"default","ast-page-background-meta":{"desktop":{"background-color":"var(--ast-global-color-4)","background-image":"","background-repeat":"repeat","background-position":"center center","background-size":"auto","background-attachment":"scroll","background-type":"","background-media":"","overlay-type":"","overlay-color":"","overlay-gradient":""},"tablet":{"background-color":"","background-image":"","background-repeat":"repeat","background-position":"center center","background-size":"auto","background-attachment":"scroll","background-type":"","background-media":"","overlay-type":"","overlay-color":"","overlay-gradient":""},"mobile":{"background-color":"","background-image":"","background-repeat":"repeat","background-position":"center center","background-size":"auto","background-attachment":"scroll","background-type":"","background-media":"","overlay-type":"","overlay-color":"","overlay-gradient":""}},"ast-content-background-meta":{"desktop":{"background-color":"var(--ast-global-color-5)","background-image":"","background-repeat":"repeat","background-position":"center center","background-size":"auto","background-attachment":"scroll","background-type":"","background-media":"","overlay-type":"","overlay-color":"","overlay-gradient":""},"tablet":{"background-color":"var(--ast-global-color-5)","background-image":"","background-repeat":"repeat","background-position":"center center","background-size":"auto","background-attachment":"scroll","background-type":"","background-media":"","overlay-type":"","overlay-color":"","overlay-gradient":""},"mobile":{"background-color":"var(--ast-global-color-5)","background-image":"","background-repeat":"repeat","background-position":"center center","background-size":"auto","background-attachment":"scroll","background-type":"","background-media":"","overlay-type":"","overlay-color":"","overlay-gradient":""}},"footnotes":""},"class_list":["post-11265","page","type-page","status-publish","has-post-thumbnail","hentry"],"yoast_head":"<!-- This site is optimized with the Yoast SEO plugin v26.0 - https:\/\/yoast.com\/wordpress\/plugins\/seo\/ -->\n<title>letto DWG Blocchi cad collezione - iCADBLOCK<\/title>\n<meta name=\"description\" content=\"Qui in questa pagina forniremo la raccolta di blocchi CAD letto dwg in formato DWG.Questi modelli 2D sono disegnati in viste in pianta e in\" \/>\n<meta name=\"robots\" content=\"index, follow, max-snippet:-1, max-image-preview:large, max-video-preview:-1\" \/>\n<link rel=\"canonical\" href=\"https:\/\/icadblock.com\/it\/mobili-dwg\/letto-dwg\/\" \/>\n<meta property=\"og:locale\" content=\"it_IT\" \/>\n<meta property=\"og:type\" content=\"article\" \/>\n<meta property=\"og:title\" content=\"letto DWG Blocchi cad collezione - iCADBLOCK\" \/>\n<meta property=\"og:description\" content=\"Qui in questa pagina forniremo la raccolta di blocchi CAD letto dwg in formato DWG.Questi modelli 2D sono disegnati in viste in pianta e in\" \/>\n<meta property=\"og:url\" content=\"https:\/\/icadblock.com\/it\/mobili-dwg\/letto-dwg\/\" \/>\n<meta property=\"og:site_name\" content=\"iCADBLOCK\" \/>\n<meta property=\"article:modified_time\" content=\"2024-02-15T13:35:07+00:00\" \/>\n<meta property=\"og:image\" content=\"https:\/\/icadblock.com\/wp-content\/uploads\/2022\/02\/bed-cad-block.webp\" \/>\n\t<meta property=\"og:image:width\" content=\"740\" \/>\n\t<meta property=\"og:image:height\" content=\"500\" \/>\n\t<meta property=\"og:image:type\" content=\"image\/webp\" \/>\n<meta name=\"twitter:card\" content=\"summary_large_image\" \/>\n<meta name=\"twitter:label1\" content=\"Tempo di lettura stimato\" \/>\n\t<meta name=\"twitter:data1\" content=\"2 minuti\" \/>\n<script type=\"application\/ld+json\" class=\"yoast-schema-graph\">{\"@context\":\"https:\/\/schema.org\",\"@graph\":[{\"@type\":\"WebPage\",\"@id\":\"https:\/\/icadblock.com\/it\/mobili-dwg\/letto-dwg\/\",\"url\":\"https:\/\/icadblock.com\/it\/mobili-dwg\/letto-dwg\/\",\"name\":\"letto DWG Blocchi cad collezione - iCADBLOCK\",\"isPartOf\":{\"@id\":\"https:\/\/icadblock.com\/it\/#website\"},\"primaryImageOfPage\":{\"@id\":\"https:\/\/icadblock.com\/it\/mobili-dwg\/letto-dwg\/#primaryimage\"},\"image\":{\"@id\":\"https:\/\/icadblock.com\/it\/mobili-dwg\/letto-dwg\/#primaryimage\"},\"thumbnailUrl\":\"https:\/\/icadblock.com\/wp-content\/uploads\/2022\/02\/bed-cad-block.webp\",\"datePublished\":\"2024-02-15T13:31:01+00:00\",\"dateModified\":\"2024-02-15T13:35:07+00:00\",\"description\":\"Qui in questa pagina forniremo la raccolta di blocchi CAD letto dwg in formato DWG.Questi modelli 2D sono disegnati in viste in pianta e in\",\"breadcrumb\":{\"@id\":\"https:\/\/icadblock.com\/it\/mobili-dwg\/letto-dwg\/#breadcrumb\"},\"inLanguage\":\"it-IT\",\"potentialAction\":[{\"@type\":\"ReadAction\",\"target\":[\"https:\/\/icadblock.com\/it\/mobili-dwg\/letto-dwg\/\"]}]},{\"@type\":\"ImageObject\",\"inLanguage\":\"it-IT\",\"@id\":\"https:\/\/icadblock.com\/it\/mobili-dwg\/letto-dwg\/#primaryimage\",\"url\":\"https:\/\/icadblock.com\/wp-content\/uploads\/2022\/02\/bed-cad-block.webp\",\"contentUrl\":\"https:\/\/icadblock.com\/wp-content\/uploads\/2022\/02\/bed-cad-block.webp\",\"width\":740,\"height\":500,\"caption\":\"letto DWG Blocchi cad collezione\"},{\"@type\":\"BreadcrumbList\",\"@id\":\"https:\/\/icadblock.com\/it\/mobili-dwg\/letto-dwg\/#breadcrumb\",\"itemListElement\":[{\"@type\":\"ListItem\",\"position\":1,\"name\":\"Home\",\"item\":\"https:\/\/icadblock.com\/it\/\"},{\"@type\":\"ListItem\",\"position\":2,\"name\":\"mobili dwg blocchi cad Collezione per autocad\",\"item\":\"https:\/\/icadblock.com\/it\/mobili-dwg\/\"},{\"@type\":\"ListItem\",\"position\":3,\"name\":\"letto DWG Blocchi cad collezione\"}]},{\"@type\":\"WebSite\",\"@id\":\"https:\/\/icadblock.com\/it\/#website\",\"url\":\"https:\/\/icadblock.com\/it\/\",\"name\":\"iCADBLOCK\",\"description\":\"CAD Block free download, 2d DWG models in plan\",\"publisher\":{\"@id\":\"https:\/\/icadblock.com\/it\/#organization\"},\"potentialAction\":[{\"@type\":\"SearchAction\",\"target\":{\"@type\":\"EntryPoint\",\"urlTemplate\":\"https:\/\/icadblock.com\/it\/?s={search_term_string}\"},\"query-input\":{\"@type\":\"PropertyValueSpecification\",\"valueRequired\":true,\"valueName\":\"search_term_string\"}}],\"inLanguage\":\"it-IT\"},{\"@type\":\"Organization\",\"@id\":\"https:\/\/icadblock.com\/it\/#organization\",\"name\":\"icadblock\",\"url\":\"https:\/\/icadblock.com\/it\/\",\"logo\":{\"@type\":\"ImageObject\",\"inLanguage\":\"it-IT\",\"@id\":\"https:\/\/icadblock.com\/it\/#\/schema\/logo\/image\/\",\"url\":\"https:\/\/icadblock.com\/wp-content\/uploads\/2022\/02\/LOGO.png\",\"contentUrl\":\"https:\/\/icadblock.com\/wp-content\/uploads\/2022\/02\/LOGO.png\",\"width\":546,\"height\":125,\"caption\":\"icadblock\"},\"image\":{\"@id\":\"https:\/\/icadblock.com\/it\/#\/schema\/logo\/image\/\"}}]}<\/script>\n<!-- \/ Yoast SEO plugin. -->","yoast_head_json":{"title":"letto DWG Blocchi cad collezione - iCADBLOCK","description":"Qui in questa pagina forniremo la raccolta di blocchi CAD letto dwg in formato DWG.Questi modelli 2D sono disegnati in viste in pianta e in","robots":{"index":"index","follow":"follow","max-snippet":"max-snippet:-1","max-image-preview":"max-image-preview:large","max-video-preview":"max-video-preview:-1"},"canonical":"https:\/\/icadblock.com\/it\/mobili-dwg\/letto-dwg\/","og_locale":"it_IT","og_type":"article","og_title":"letto DWG Blocchi cad collezione - iCADBLOCK","og_description":"Qui in questa pagina forniremo la raccolta di blocchi CAD letto dwg in formato DWG.Questi modelli 2D sono disegnati in viste in pianta e in","og_url":"https:\/\/icadblock.com\/it\/mobili-dwg\/letto-dwg\/","og_site_name":"iCADBLOCK","article_modified_time":"2024-02-15T13:35:07+00:00","og_image":[{"width":740,"height":500,"url":"https:\/\/icadblock.com\/wp-content\/uploads\/2022\/02\/bed-cad-block.webp","type":"image\/webp"}],"twitter_card":"summary_large_image","twitter_misc":{"Tempo di lettura stimato":"2 minuti"},"schema":{"@context":"https:\/\/schema.org","@graph":[{"@type":"WebPage","@id":"https:\/\/icadblock.com\/it\/mobili-dwg\/letto-dwg\/","url":"https:\/\/icadblock.com\/it\/mobili-dwg\/letto-dwg\/","name":"letto DWG Blocchi cad collezione - iCADBLOCK","isPartOf":{"@id":"https:\/\/icadblock.com\/it\/#website"},"primaryImageOfPage":{"@id":"https:\/\/icadblock.com\/it\/mobili-dwg\/letto-dwg\/#primaryimage"},"image":{"@id":"https:\/\/icadblock.com\/it\/mobili-dwg\/letto-dwg\/#primaryimage"},"thumbnailUrl":"https:\/\/icadblock.com\/wp-content\/uploads\/2022\/02\/bed-cad-block.webp","datePublished":"2024-02-15T13:31:01+00:00","dateModified":"2024-02-15T13:35:07+00:00","description":"Qui in questa pagina forniremo la raccolta di blocchi CAD letto dwg in formato DWG.Questi modelli 2D sono disegnati in viste in pianta e in","breadcrumb":{"@id":"https:\/\/icadblock.com\/it\/mobili-dwg\/letto-dwg\/#breadcrumb"},"inLanguage":"it-IT","potentialAction":[{"@type":"ReadAction","target":["https:\/\/icadblock.com\/it\/mobili-dwg\/letto-dwg\/"]}]},{"@type":"ImageObject","inLanguage":"it-IT","@id":"https:\/\/icadblock.com\/it\/mobili-dwg\/letto-dwg\/#primaryimage","url":"https:\/\/icadblock.com\/wp-content\/uploads\/2022\/02\/bed-cad-block.webp","contentUrl":"https:\/\/icadblock.com\/wp-content\/uploads\/2022\/02\/bed-cad-block.webp","width":740,"height":500,"caption":"letto DWG Blocchi cad collezione"},{"@type":"BreadcrumbList","@id":"https:\/\/icadblock.com\/it\/mobili-dwg\/letto-dwg\/#breadcrumb","itemListElement":[{"@type":"ListItem","position":1,"name":"Home","item":"https:\/\/icadblock.com\/it\/"},{"@type":"ListItem","position":2,"name":"mobili dwg blocchi cad Collezione per autocad","item":"https:\/\/icadblock.com\/it\/mobili-dwg\/"},{"@type":"ListItem","position":3,"name":"letto DWG Blocchi cad collezione"}]},{"@type":"WebSite","@id":"https:\/\/icadblock.com\/it\/#website","url":"https:\/\/icadblock.com\/it\/","name":"iCADBLOCK","description":"CAD Block free download, 2d DWG models in plan","publisher":{"@id":"https:\/\/icadblock.com\/it\/#organization"},"potentialAction":[{"@type":"SearchAction","target":{"@type":"EntryPoint","urlTemplate":"https:\/\/icadblock.com\/it\/?s={search_term_string}"},"query-input":{"@type":"PropertyValueSpecification","valueRequired":true,"valueName":"search_term_string"}}],"inLanguage":"it-IT"},{"@type":"Organization","@id":"https:\/\/icadblock.com\/it\/#organization","name":"icadblock","url":"https:\/\/icadblock.com\/it\/","logo":{"@type":"ImageObject","inLanguage":"it-IT","@id":"https:\/\/icadblock.com\/it\/#\/schema\/logo\/image\/","url":"https:\/\/icadblock.com\/wp-content\/uploads\/2022\/02\/LOGO.png","contentUrl":"https:\/\/icadblock.com\/wp-content\/uploads\/2022\/02\/LOGO.png","width":546,"height":125,"caption":"icadblock"},"image":{"@id":"https:\/\/icadblock.com\/it\/#\/schema\/logo\/image\/"}}]}},"_links":{"self":[{"href":"https:\/\/icadblock.com\/it\/wp-json\/wp\/v2\/pages\/11265","targetHints":{"allow":["GET"]}}],"collection":[{"href":"https:\/\/icadblock.com\/it\/wp-json\/wp\/v2\/pages"}],"about":[{"href":"https:\/\/icadblock.com\/it\/wp-json\/wp\/v2\/types\/page"}],"author":[{"embeddable":true,"href":"https:\/\/icadblock.com\/it\/wp-json\/wp\/v2\/users\/2"}],"replies":[{"embeddable":true,"href":"https:\/\/icadblock.com\/it\/wp-json\/wp\/v2\/comments?post=11265"}],"version-history":[{"count":5,"href":"https:\/\/icadblock.com\/it\/wp-json\/wp\/v2\/pages\/11265\/revisions"}],"predecessor-version":[{"id":11271,"href":"https:\/\/icadblock.com\/it\/wp-json\/wp\/v2\/pages\/11265\/revisions\/11271"}],"up":[{"embeddable":true,"href":"https:\/\/icadblock.com\/it\/wp-json\/wp\/v2\/pages\/11157"}],"wp:featuredmedia":[{"embeddable":true,"href":"https:\/\/icadblock.com\/it\/wp-json\/wp\/v2\/media\/11266"}],"wp:attachment":[{"href":"https:\/\/icadblock.com\/it\/wp-json\/wp\/v2\/media?parent=11265"}],"curies":[{"name":"wp","href":"https:\/\/api.w.org\/{rel}","templated":true}]}}