{"id":11302,"date":"2024-02-18T12:35:31","date_gmt":"2024-02-18T12:35:31","guid":{"rendered":"https:\/\/icadblock.com\/?page_id=11302"},"modified":"2024-02-18T12:41:04","modified_gmt":"2024-02-18T12:41:04","slug":"mobili-da-esterno-dwg","status":"publish","type":"page","link":"https:\/\/icadblock.com\/it\/mobili-dwg\/mobili-da-esterno-dwg\/","title":{"rendered":"mobili da esterno DWG Collezione di blocchi CAD"},"content":{"rendered":"\t\t<div data-elementor-type=\"wp-page\" data-elementor-id=\"11302\" class=\"elementor elementor-11302 elementor-804\" data-elementor-post-type=\"page\">\n\t\t\t\t\t\t<section class=\"elementor-section elementor-top-section elementor-element elementor-element-5420eaf9 elementor-section-boxed elementor-section-height-default elementor-section-height-default\" data-id=\"5420eaf9\" data-element_type=\"section\">\n\t\t\t\t\t\t<div class=\"elementor-container elementor-column-gap-default\">\n\t\t\t\t\t<div class=\"elementor-column elementor-col-50 elementor-top-column elementor-element elementor-element-5b77f62d\" data-id=\"5b77f62d\" data-element_type=\"column\">\n\t\t\t<div class=\"elementor-widget-wrap elementor-element-populated\">\n\t\t\t\t\t\t<div class=\"elementor-element elementor-element-7f9f7cb elementor-widget elementor-widget-text-editor\" data-id=\"7f9f7cb\" data-element_type=\"widget\" data-widget_type=\"text-editor.default\">\n\t\t\t\t<div class=\"elementor-widget-container\">\n\t\t\t<style>\/*! elementor - v3.21.0 - 30-04-2024 *\/\n.elementor-widget-text-editor.elementor-drop-cap-view-stacked .elementor-drop-cap{background-color:#69727d;color:#fff}.elementor-widget-text-editor.elementor-drop-cap-view-framed .elementor-drop-cap{color:#69727d;border:3px solid;background-color:transparent}.elementor-widget-text-editor:not(.elementor-drop-cap-view-default) .elementor-drop-cap{margin-top:8px}.elementor-widget-text-editor:not(.elementor-drop-cap-view-default) .elementor-drop-cap-letter{width:1em;height:1em}.elementor-widget-text-editor .elementor-drop-cap{float:left;text-align:center;line-height:1;font-size:50px}.elementor-widget-text-editor .elementor-drop-cap-letter{display:inline-block}<\/style>\t\t\t\t<p>In questa pagina abbiamo fornito la raccolta di blocchi CAD per mobili da esterno DWG.<\/p><p>Come sai, puoi utilizzare questi modelli come blocco di mobili nei tuoi progetti CAD.<\/p><p>La maggior parte di questi blocchi CAD sono disegnati in 4 viste (superiore, laterale, anteriore, posteriore) adatte per l&#8217;uso in planimetrie, prospetti e sezioni.<\/p><p>La collezione CAD Block di mobili da esterno comprende sedie, tavoli, divani, stufe, fioriere, barbecue, sedie a sdraio, sedie a dondolo, amaca, sedie sospese, sedie a sdraio, dondoli ecc&#8230;.<\/p><p>Puoi scegliere i modelli che soddisfano le tue esigenze utilizzando i seguenti blocchi CAD.<\/p>\t\t\t\t\t\t<\/div>\n\t\t\t\t<\/div>\n\t\t\t\t<div class=\"elementor-element elementor-element-971b707 elementor-widget elementor-widget-heading\" data-id=\"971b707\" data-element_type=\"widget\" data-widget_type=\"heading.default\">\n\t\t\t\t<div class=\"elementor-widget-container\">\n\t\t\t<style>\/*! elementor - v3.21.0 - 30-04-2024 *\/\n.elementor-heading-title{padding:0;margin:0;line-height:1}.elementor-widget-heading .elementor-heading-title[class*=elementor-size-]>a{color:inherit;font-size:inherit;line-height:inherit}.elementor-widget-heading .elementor-heading-title.elementor-size-small{font-size:15px}.elementor-widget-heading .elementor-heading-title.elementor-size-medium{font-size:19px}.elementor-widget-heading .elementor-heading-title.elementor-size-large{font-size:29px}.elementor-widget-heading .elementor-heading-title.elementor-size-xl{font-size:39px}.elementor-widget-heading .elementor-heading-title.elementor-size-xxl{font-size:59px}<\/style><h2 class=\"elementor-heading-title elementor-size-default\">mobili da esterno DWG Blocco CAD per <\/h2>\t\t<\/div>\n\t\t\t\t<\/div>\n\t\t\t\t<div class=\"elementor-element elementor-element-78a4348 elementor-widget elementor-widget-text-editor\" data-id=\"78a4348\" data-element_type=\"widget\" data-widget_type=\"text-editor.default\">\n\t\t\t\t<div class=\"elementor-widget-container\">\n\t\t\t\t\t\t\t<p>Tieni presente che puoi scaricare altri blocchi CAD correlati utilizzando il seguente collegamento:<\/p><p><strong><a href=\"https:\/\/icadblock.com\/it\/mobili-dwg\/\">Collezione di blocchi di mobili DWG<\/a><\/strong><\/p><p><strong><span style=\"color: #0000ff;\">Note arredo:<\/span><\/strong><\/p><p>Uno dei compiti pi\u00f9 basilari per l&#8217;arredamento da esterno \u00e8 utilizzare tavoli e sedie speciali per l&#8217;area esterna.<\/p><p>La scelta del design, del modello e delle loro dimensioni dipende interamente da noi.<\/p><p>Un&#8217;altra cosa che pu\u00f2 essere utilizzata per l&#8217;arredamento da esterno \u00e8 un lettino da piscina.<\/p><p>Anche lo spazio verde pu\u00f2 includere una parte del balcone, del patio o del cortile semplicemente decorata con fiori e piante, a questo scopo le fioriere sono l&#8217;opzione migliore.<\/p><p>\u00c8 inoltre necessario l&#8217;uso di tettoie esterne.<\/p><p>In base alle tue esigenze, puoi scegliere i Blocchi CAD nei tuoi progetti.<\/p><p>Tieni presente che questa pagina \u00e8 costantemente aggiornata ed \u00e8 possibile aggiungerla ai segnalibri per i blocchi CAD pi\u00f9 recenti.<\/p><p>\u00a0<\/p>\t\t\t\t\t\t<\/div>\n\t\t\t\t<\/div>\n\t\t\t\t\t<\/div>\n\t\t<\/div>\n\t\t\t\t<div class=\"jet-sticky-column-sticky elementor-column elementor-col-50 elementor-top-column elementor-element elementor-element-a88a548\" data-jet-sticky-column-settings=\"{&quot;id&quot;:&quot;a88a548&quot;,&quot;sticky&quot;:true,&quot;topSpacing&quot;:50,&quot;bottomSpacing&quot;:50,&quot;stickyOn&quot;:[&quot;desktop&quot;,&quot;tablet&quot;]}\" data-id=\"a88a548\" data-element_type=\"column\">\n\t\t\t<div class=\"elementor-widget-wrap elementor-element-populated\">\n\t\t\t\t\t\t\t<\/div>\n\t\t<\/div>\n\t\t\t\t\t<\/div>\n\t\t<\/section>\n\t\t\t\t<\/div>\n\t\t","protected":false},"excerpt":{"rendered":"<p>In questa pagina abbiamo fornito la raccolta di blocchi CAD per mobili da esterno DWG. Come sai, puoi utilizzare questi [&hellip;]<\/p>\n","protected":false},"author":2,"featured_media":11303,"parent":11157,"menu_order":0,"comment_status":"closed","ping_status":"closed","template":"","meta":{"site-sidebar-layout":"default","site-content-layout":"","ast-site-content-layout":"","site-content-style":"default","site-sidebar-style":"default","ast-global-header-display":"","ast-banner-title-visibility":"","ast-main-header-display":"","ast-hfb-above-header-display":"","ast-hfb-below-header-display":"","ast-hfb-mobile-header-display":"","site-post-title":"","ast-breadcrumbs-content":"","ast-featured-img":"","footer-sml-layout":"","theme-transparent-header-meta":"","adv-header-id-meta":"","stick-header-meta":"","header-above-stick-meta":"","header-main-stick-meta":"","header-below-stick-meta":"","astra-migrate-meta-layouts":"default","ast-page-background-enabled":"default","ast-page-background-meta":{"desktop":{"background-color":"var(--ast-global-color-4)","background-image":"","background-repeat":"repeat","background-position":"center center","background-size":"auto","background-attachment":"scroll","background-type":"","background-media":"","overlay-type":"","overlay-color":"","overlay-gradient":""},"tablet":{"background-color":"","background-image":"","background-repeat":"repeat","background-position":"center center","background-size":"auto","background-attachment":"scroll","background-type":"","background-media":"","overlay-type":"","overlay-color":"","overlay-gradient":""},"mobile":{"background-color":"","background-image":"","background-repeat":"repeat","background-position":"center center","background-size":"auto","background-attachment":"scroll","background-type":"","background-media":"","overlay-type":"","overlay-color":"","overlay-gradient":""}},"ast-content-background-meta":{"desktop":{"background-color":"var(--ast-global-color-5)","background-image":"","background-repeat":"repeat","background-position":"center center","background-size":"auto","background-attachment":"scroll","background-type":"","background-media":"","overlay-type":"","overlay-color":"","overlay-gradient":""},"tablet":{"background-color":"var(--ast-global-color-5)","background-image":"","background-repeat":"repeat","background-position":"center center","background-size":"auto","background-attachment":"scroll","background-type":"","background-media":"","overlay-type":"","overlay-color":"","overlay-gradient":""},"mobile":{"background-color":"var(--ast-global-color-5)","background-image":"","background-repeat":"repeat","background-position":"center center","background-size":"auto","background-attachment":"scroll","background-type":"","background-media":"","overlay-type":"","overlay-color":"","overlay-gradient":""}},"footnotes":""},"class_list":["post-11302","page","type-page","status-publish","has-post-thumbnail","hentry"],"yoast_head":"<!-- This site is optimized with the Yoast SEO plugin v26.0 - https:\/\/yoast.com\/wordpress\/plugins\/seo\/ -->\n<title>mobili da esterno DWG Collezione di blocchi CAD - iCADBLOCK<\/title>\n<meta name=\"description\" content=\"In questa pagina abbiamo fornito la raccolta di blocchi CAD per mobili da esterno DWG.Come sai, puoi utilizzare questi modelli come\" \/>\n<meta name=\"robots\" content=\"index, follow, max-snippet:-1, max-image-preview:large, max-video-preview:-1\" \/>\n<link rel=\"canonical\" href=\"https:\/\/icadblock.com\/it\/mobili-dwg\/mobili-da-esterno-dwg\/\" \/>\n<meta property=\"og:locale\" content=\"it_IT\" \/>\n<meta property=\"og:type\" content=\"article\" \/>\n<meta property=\"og:title\" content=\"mobili da esterno DWG Collezione di blocchi CAD - iCADBLOCK\" \/>\n<meta property=\"og:description\" content=\"In questa pagina abbiamo fornito la raccolta di blocchi CAD per mobili da esterno DWG.Come sai, puoi utilizzare questi modelli come\" \/>\n<meta property=\"og:url\" content=\"https:\/\/icadblock.com\/it\/mobili-dwg\/mobili-da-esterno-dwg\/\" \/>\n<meta property=\"og:site_name\" content=\"iCADBLOCK\" \/>\n<meta property=\"article:modified_time\" content=\"2024-02-18T12:41:04+00:00\" \/>\n<meta property=\"og:image\" content=\"https:\/\/icadblock.com\/wp-content\/uploads\/2022\/04\/outdoor-furniture.webp\" \/>\n\t<meta property=\"og:image:width\" content=\"740\" \/>\n\t<meta property=\"og:image:height\" content=\"500\" \/>\n\t<meta property=\"og:image:type\" content=\"image\/webp\" \/>\n<meta name=\"twitter:card\" content=\"summary_large_image\" \/>\n<meta name=\"twitter:label1\" content=\"Tempo di lettura stimato\" \/>\n\t<meta name=\"twitter:data1\" content=\"2 minuti\" \/>\n<script type=\"application\/ld+json\" class=\"yoast-schema-graph\">{\"@context\":\"https:\/\/schema.org\",\"@graph\":[{\"@type\":\"WebPage\",\"@id\":\"https:\/\/icadblock.com\/it\/mobili-dwg\/mobili-da-esterno-dwg\/\",\"url\":\"https:\/\/icadblock.com\/it\/mobili-dwg\/mobili-da-esterno-dwg\/\",\"name\":\"mobili da esterno DWG Collezione di blocchi CAD - iCADBLOCK\",\"isPartOf\":{\"@id\":\"https:\/\/icadblock.com\/it\/#website\"},\"primaryImageOfPage\":{\"@id\":\"https:\/\/icadblock.com\/it\/mobili-dwg\/mobili-da-esterno-dwg\/#primaryimage\"},\"image\":{\"@id\":\"https:\/\/icadblock.com\/it\/mobili-dwg\/mobili-da-esterno-dwg\/#primaryimage\"},\"thumbnailUrl\":\"https:\/\/icadblock.com\/wp-content\/uploads\/2022\/04\/outdoor-furniture.webp\",\"datePublished\":\"2024-02-18T12:35:31+00:00\",\"dateModified\":\"2024-02-18T12:41:04+00:00\",\"description\":\"In questa pagina abbiamo fornito la raccolta di blocchi CAD per mobili da esterno DWG.Come sai, puoi utilizzare questi modelli come\",\"breadcrumb\":{\"@id\":\"https:\/\/icadblock.com\/it\/mobili-dwg\/mobili-da-esterno-dwg\/#breadcrumb\"},\"inLanguage\":\"it-IT\",\"potentialAction\":[{\"@type\":\"ReadAction\",\"target\":[\"https:\/\/icadblock.com\/it\/mobili-dwg\/mobili-da-esterno-dwg\/\"]}]},{\"@type\":\"ImageObject\",\"inLanguage\":\"it-IT\",\"@id\":\"https:\/\/icadblock.com\/it\/mobili-dwg\/mobili-da-esterno-dwg\/#primaryimage\",\"url\":\"https:\/\/icadblock.com\/wp-content\/uploads\/2022\/04\/outdoor-furniture.webp\",\"contentUrl\":\"https:\/\/icadblock.com\/wp-content\/uploads\/2022\/04\/outdoor-furniture.webp\",\"width\":740,\"height\":500,\"caption\":\"mobili da esterno DWG Collezione di blocchi CAD\"},{\"@type\":\"BreadcrumbList\",\"@id\":\"https:\/\/icadblock.com\/it\/mobili-dwg\/mobili-da-esterno-dwg\/#breadcrumb\",\"itemListElement\":[{\"@type\":\"ListItem\",\"position\":1,\"name\":\"Home\",\"item\":\"https:\/\/icadblock.com\/it\/\"},{\"@type\":\"ListItem\",\"position\":2,\"name\":\"mobili dwg blocchi cad Collezione per autocad\",\"item\":\"https:\/\/icadblock.com\/it\/mobili-dwg\/\"},{\"@type\":\"ListItem\",\"position\":3,\"name\":\"mobili da esterno DWG Collezione di blocchi CAD\"}]},{\"@type\":\"WebSite\",\"@id\":\"https:\/\/icadblock.com\/it\/#website\",\"url\":\"https:\/\/icadblock.com\/it\/\",\"name\":\"iCADBLOCK\",\"description\":\"CAD Block free download, 2d DWG models in plan\",\"publisher\":{\"@id\":\"https:\/\/icadblock.com\/it\/#organization\"},\"potentialAction\":[{\"@type\":\"SearchAction\",\"target\":{\"@type\":\"EntryPoint\",\"urlTemplate\":\"https:\/\/icadblock.com\/it\/?s={search_term_string}\"},\"query-input\":{\"@type\":\"PropertyValueSpecification\",\"valueRequired\":true,\"valueName\":\"search_term_string\"}}],\"inLanguage\":\"it-IT\"},{\"@type\":\"Organization\",\"@id\":\"https:\/\/icadblock.com\/it\/#organization\",\"name\":\"icadblock\",\"url\":\"https:\/\/icadblock.com\/it\/\",\"logo\":{\"@type\":\"ImageObject\",\"inLanguage\":\"it-IT\",\"@id\":\"https:\/\/icadblock.com\/it\/#\/schema\/logo\/image\/\",\"url\":\"https:\/\/icadblock.com\/wp-content\/uploads\/2022\/02\/LOGO.png\",\"contentUrl\":\"https:\/\/icadblock.com\/wp-content\/uploads\/2022\/02\/LOGO.png\",\"width\":546,\"height\":125,\"caption\":\"icadblock\"},\"image\":{\"@id\":\"https:\/\/icadblock.com\/it\/#\/schema\/logo\/image\/\"}}]}<\/script>\n<!-- \/ Yoast SEO plugin. -->","yoast_head_json":{"title":"mobili da esterno DWG Collezione di blocchi CAD - iCADBLOCK","description":"In questa pagina abbiamo fornito la raccolta di blocchi CAD per mobili da esterno DWG.Come sai, puoi utilizzare questi modelli come","robots":{"index":"index","follow":"follow","max-snippet":"max-snippet:-1","max-image-preview":"max-image-preview:large","max-video-preview":"max-video-preview:-1"},"canonical":"https:\/\/icadblock.com\/it\/mobili-dwg\/mobili-da-esterno-dwg\/","og_locale":"it_IT","og_type":"article","og_title":"mobili da esterno DWG Collezione di blocchi CAD - iCADBLOCK","og_description":"In questa pagina abbiamo fornito la raccolta di blocchi CAD per mobili da esterno DWG.Come sai, puoi utilizzare questi modelli come","og_url":"https:\/\/icadblock.com\/it\/mobili-dwg\/mobili-da-esterno-dwg\/","og_site_name":"iCADBLOCK","article_modified_time":"2024-02-18T12:41:04+00:00","og_image":[{"width":740,"height":500,"url":"https:\/\/icadblock.com\/wp-content\/uploads\/2022\/04\/outdoor-furniture.webp","type":"image\/webp"}],"twitter_card":"summary_large_image","twitter_misc":{"Tempo di lettura stimato":"2 minuti"},"schema":{"@context":"https:\/\/schema.org","@graph":[{"@type":"WebPage","@id":"https:\/\/icadblock.com\/it\/mobili-dwg\/mobili-da-esterno-dwg\/","url":"https:\/\/icadblock.com\/it\/mobili-dwg\/mobili-da-esterno-dwg\/","name":"mobili da esterno DWG Collezione di blocchi CAD - iCADBLOCK","isPartOf":{"@id":"https:\/\/icadblock.com\/it\/#website"},"primaryImageOfPage":{"@id":"https:\/\/icadblock.com\/it\/mobili-dwg\/mobili-da-esterno-dwg\/#primaryimage"},"image":{"@id":"https:\/\/icadblock.com\/it\/mobili-dwg\/mobili-da-esterno-dwg\/#primaryimage"},"thumbnailUrl":"https:\/\/icadblock.com\/wp-content\/uploads\/2022\/04\/outdoor-furniture.webp","datePublished":"2024-02-18T12:35:31+00:00","dateModified":"2024-02-18T12:41:04+00:00","description":"In questa pagina abbiamo fornito la raccolta di blocchi CAD per mobili da esterno DWG.Come sai, puoi utilizzare questi modelli come","breadcrumb":{"@id":"https:\/\/icadblock.com\/it\/mobili-dwg\/mobili-da-esterno-dwg\/#breadcrumb"},"inLanguage":"it-IT","potentialAction":[{"@type":"ReadAction","target":["https:\/\/icadblock.com\/it\/mobili-dwg\/mobili-da-esterno-dwg\/"]}]},{"@type":"ImageObject","inLanguage":"it-IT","@id":"https:\/\/icadblock.com\/it\/mobili-dwg\/mobili-da-esterno-dwg\/#primaryimage","url":"https:\/\/icadblock.com\/wp-content\/uploads\/2022\/04\/outdoor-furniture.webp","contentUrl":"https:\/\/icadblock.com\/wp-content\/uploads\/2022\/04\/outdoor-furniture.webp","width":740,"height":500,"caption":"mobili da esterno DWG Collezione di blocchi CAD"},{"@type":"BreadcrumbList","@id":"https:\/\/icadblock.com\/it\/mobili-dwg\/mobili-da-esterno-dwg\/#breadcrumb","itemListElement":[{"@type":"ListItem","position":1,"name":"Home","item":"https:\/\/icadblock.com\/it\/"},{"@type":"ListItem","position":2,"name":"mobili dwg blocchi cad Collezione per autocad","item":"https:\/\/icadblock.com\/it\/mobili-dwg\/"},{"@type":"ListItem","position":3,"name":"mobili da esterno DWG Collezione di blocchi CAD"}]},{"@type":"WebSite","@id":"https:\/\/icadblock.com\/it\/#website","url":"https:\/\/icadblock.com\/it\/","name":"iCADBLOCK","description":"CAD Block free download, 2d DWG models in plan","publisher":{"@id":"https:\/\/icadblock.com\/it\/#organization"},"potentialAction":[{"@type":"SearchAction","target":{"@type":"EntryPoint","urlTemplate":"https:\/\/icadblock.com\/it\/?s={search_term_string}"},"query-input":{"@type":"PropertyValueSpecification","valueRequired":true,"valueName":"search_term_string"}}],"inLanguage":"it-IT"},{"@type":"Organization","@id":"https:\/\/icadblock.com\/it\/#organization","name":"icadblock","url":"https:\/\/icadblock.com\/it\/","logo":{"@type":"ImageObject","inLanguage":"it-IT","@id":"https:\/\/icadblock.com\/it\/#\/schema\/logo\/image\/","url":"https:\/\/icadblock.com\/wp-content\/uploads\/2022\/02\/LOGO.png","contentUrl":"https:\/\/icadblock.com\/wp-content\/uploads\/2022\/02\/LOGO.png","width":546,"height":125,"caption":"icadblock"},"image":{"@id":"https:\/\/icadblock.com\/it\/#\/schema\/logo\/image\/"}}]}},"_links":{"self":[{"href":"https:\/\/icadblock.com\/it\/wp-json\/wp\/v2\/pages\/11302","targetHints":{"allow":["GET"]}}],"collection":[{"href":"https:\/\/icadblock.com\/it\/wp-json\/wp\/v2\/pages"}],"about":[{"href":"https:\/\/icadblock.com\/it\/wp-json\/wp\/v2\/types\/page"}],"author":[{"embeddable":true,"href":"https:\/\/icadblock.com\/it\/wp-json\/wp\/v2\/users\/2"}],"replies":[{"embeddable":true,"href":"https:\/\/icadblock.com\/it\/wp-json\/wp\/v2\/comments?post=11302"}],"version-history":[{"count":5,"href":"https:\/\/icadblock.com\/it\/wp-json\/wp\/v2\/pages\/11302\/revisions"}],"predecessor-version":[{"id":11308,"href":"https:\/\/icadblock.com\/it\/wp-json\/wp\/v2\/pages\/11302\/revisions\/11308"}],"up":[{"embeddable":true,"href":"https:\/\/icadblock.com\/it\/wp-json\/wp\/v2\/pages\/11157"}],"wp:featuredmedia":[{"embeddable":true,"href":"https:\/\/icadblock.com\/it\/wp-json\/wp\/v2\/media\/11303"}],"wp:attachment":[{"href":"https:\/\/icadblock.com\/it\/wp-json\/wp\/v2\/media?parent=11302"}],"curies":[{"name":"wp","href":"https:\/\/api.w.org\/{rel}","templated":true}]}}