{"id":11614,"date":"2024-02-22T10:37:04","date_gmt":"2024-02-22T10:37:04","guid":{"rendered":"https:\/\/icadblock.com\/?page_id=11614"},"modified":"2024-02-22T10:42:51","modified_gmt":"2024-02-22T10:42:51","slug":"poltrona-a-sacco-dwg","status":"publish","type":"page","link":"https:\/\/icadblock.com\/it\/mobili-dwg\/sedie-dwg\/poltrona-a-sacco-dwg\/","title":{"rendered":"Poltrona A Sacco dwg in AutoCAD"},"content":{"rendered":"\t\t<div data-elementor-type=\"wp-page\" data-elementor-id=\"11614\" class=\"elementor elementor-11614 elementor-2770\" data-elementor-post-type=\"page\">\n\t\t\t\t\t\t<section class=\"elementor-section elementor-top-section elementor-element elementor-element-9c49c22 elementor-section-boxed elementor-section-height-default elementor-section-height-default\" data-id=\"9c49c22\" data-element_type=\"section\">\n\t\t\t\t\t\t<div class=\"elementor-container elementor-column-gap-default\">\n\t\t\t\t\t<div class=\"elementor-column elementor-col-50 elementor-top-column elementor-element elementor-element-3517a47\" data-id=\"3517a47\" data-element_type=\"column\">\n\t\t\t<div class=\"elementor-widget-wrap elementor-element-populated\">\n\t\t\t\t\t\t<div class=\"elementor-element elementor-element-76bbe3b elementor-widget elementor-widget-text-editor\" data-id=\"76bbe3b\" data-element_type=\"widget\" data-widget_type=\"text-editor.default\">\n\t\t\t\t<div class=\"elementor-widget-container\">\n\t\t\t<style>\/*! elementor - v3.21.0 - 30-04-2024 *\/\n.elementor-widget-text-editor.elementor-drop-cap-view-stacked .elementor-drop-cap{background-color:#69727d;color:#fff}.elementor-widget-text-editor.elementor-drop-cap-view-framed .elementor-drop-cap{color:#69727d;border:3px solid;background-color:transparent}.elementor-widget-text-editor:not(.elementor-drop-cap-view-default) .elementor-drop-cap{margin-top:8px}.elementor-widget-text-editor:not(.elementor-drop-cap-view-default) .elementor-drop-cap-letter{width:1em;height:1em}.elementor-widget-text-editor .elementor-drop-cap{float:left;text-align:center;line-height:1;font-size:50px}.elementor-widget-text-editor .elementor-drop-cap-letter{display:inline-block}<\/style>\t\t\t\t<p>Il blocco CAD Poltrona A Sacco \u00e8 uno dei blocchi di mobili pi\u00f9 utilizzati dai designer.<\/p><p>Qui abbiamo fornito molte sedie Poltrona A Sacco in formato DWG.<\/p><p>Come puoi vedere, questo tipo di sedie sono disegnate in pianta e in prospetto che ti consentono di utilizzarle in base alle tue esigenze.<\/p><p>Esistono diversi tipi di sedie per scopi diversi.<\/p><p>Puoi scegliere i migliori modelli che soddisfano le tue esigenze.<\/p><p>Questi modelli 2D sono modelli DWG modificabili che puoi scaricare.<\/p><p>Dai un&#8217;occhiata ai seguenti blocchi CAD in questa categoria, scaricali e usali nei tuoi progetti CAD.<\/p>\t\t\t\t\t\t<\/div>\n\t\t\t\t<\/div>\n\t\t\t\t<div class=\"elementor-element elementor-element-bbba729 elementor-widget elementor-widget-heading\" data-id=\"bbba729\" data-element_type=\"widget\" data-widget_type=\"heading.default\">\n\t\t\t\t<div class=\"elementor-widget-container\">\n\t\t\t<style>\/*! elementor - v3.21.0 - 30-04-2024 *\/\n.elementor-heading-title{padding:0;margin:0;line-height:1}.elementor-widget-heading .elementor-heading-title[class*=elementor-size-]>a{color:inherit;font-size:inherit;line-height:inherit}.elementor-widget-heading .elementor-heading-title.elementor-size-small{font-size:15px}.elementor-widget-heading .elementor-heading-title.elementor-size-medium{font-size:19px}.elementor-widget-heading .elementor-heading-title.elementor-size-large{font-size:29px}.elementor-widget-heading .elementor-heading-title.elementor-size-xl{font-size:39px}.elementor-widget-heading .elementor-heading-title.elementor-size-xxl{font-size:59px}<\/style><h2 class=\"elementor-heading-title elementor-size-default\">Poltrona A Sacco DWG<\/h2>\t\t<\/div>\n\t\t\t\t<\/div>\n\t\t\t\t<div class=\"elementor-element elementor-element-0e422c8 elementor-widget elementor-widget-text-editor\" data-id=\"0e422c8\" data-element_type=\"widget\" data-widget_type=\"text-editor.default\">\n\t\t\t\t<div class=\"elementor-widget-container\">\n\t\t\t\t\t\t\t<p style=\"font-family: Roboto, sans-serif; font-size: 16px; font-style: normal;\">Inoltre puoi scaricare altri blocchi CAD correlati utilizzando il seguente collegamento:<\/p>\n<p style=\"font-family: Roboto, sans-serif; font-size: 16px; font-weight: 400; font-style: normal;\">*** <strong><a href=\"https:\/\/icadblock.com\/it\/mobili-dwg\/sedie-dwg\/\">Blocchi CAD per sedie dwg<\/a><\/strong><\/p>\n<p><strong><span style=\"color: #0000ff;\">Note arredo:<\/span><\/strong><\/p>\n<p>Questo tipo di sedia viene utilizzata per svago o relax.<\/p>\n<p>Puoi usarlo per arredare il soggiorno e posizionarlo davanti alla TV.<\/p>\n<p>Inoltre puoi posizionarlo pi\u00f9 vicino al tavolo da lettura, al divano della camera da letto o ovunque ritieni che sia meglio usarlo.<\/p>\n<p>Posizionare questo tipo di sedia nell&#8217;angolo della tua stanza sarebbe una buona idea.<\/p>\n<p>Potresti voler utilizzare un pouf in una planimetria e negli spazi verdi.<\/p>\n<p>Vicino alla piscina c&#8217;\u00e8 un altro posto in cui pu\u00f2 essere una buona idea metterlo l\u00ec.<\/p>\n<p>Puoi utilizzare un blocco CAD Poltrona A Sacco nel tuo disegno per farlo risaltare.<\/p>\n<p><\/p>\t\t\t\t\t\t<\/div>\n\t\t\t\t<\/div>\n\t\t\t\t\t<\/div>\n\t\t<\/div>\n\t\t\t\t<div class=\"jet-sticky-column-sticky elementor-column elementor-col-50 elementor-top-column elementor-element elementor-element-437d47d\" data-jet-sticky-column-settings=\"{&quot;id&quot;:&quot;437d47d&quot;,&quot;sticky&quot;:true,&quot;topSpacing&quot;:50,&quot;bottomSpacing&quot;:50,&quot;stickyOn&quot;:[&quot;desktop&quot;,&quot;tablet&quot;]}\" data-id=\"437d47d\" data-element_type=\"column\">\n\t\t\t<div class=\"elementor-widget-wrap elementor-element-populated\">\n\t\t\t\t\t\t\t<\/div>\n\t\t<\/div>\n\t\t\t\t\t<\/div>\n\t\t<\/section>\n\t\t\t\t<\/div>\n\t\t","protected":false},"excerpt":{"rendered":"<p>Il blocco CAD Poltrona A Sacco \u00e8 uno dei blocchi di mobili pi\u00f9 utilizzati dai designer. Qui abbiamo fornito molte [&hellip;]<\/p>\n","protected":false},"author":2,"featured_media":11615,"parent":11168,"menu_order":0,"comment_status":"closed","ping_status":"closed","template":"","meta":{"site-sidebar-layout":"default","site-content-layout":"","ast-site-content-layout":"","site-content-style":"default","site-sidebar-style":"default","ast-global-header-display":"","ast-banner-title-visibility":"","ast-main-header-display":"","ast-hfb-above-header-display":"","ast-hfb-below-header-display":"","ast-hfb-mobile-header-display":"","site-post-title":"","ast-breadcrumbs-content":"","ast-featured-img":"","footer-sml-layout":"","theme-transparent-header-meta":"","adv-header-id-meta":"","stick-header-meta":"","header-above-stick-meta":"","header-main-stick-meta":"","header-below-stick-meta":"","astra-migrate-meta-layouts":"default","ast-page-background-enabled":"default","ast-page-background-meta":{"desktop":{"background-color":"var(--ast-global-color-4)","background-image":"","background-repeat":"repeat","background-position":"center center","background-size":"auto","background-attachment":"scroll","background-type":"","background-media":"","overlay-type":"","overlay-color":"","overlay-gradient":""},"tablet":{"background-color":"","background-image":"","background-repeat":"repeat","background-position":"center center","background-size":"auto","background-attachment":"scroll","background-type":"","background-media":"","overlay-type":"","overlay-color":"","overlay-gradient":""},"mobile":{"background-color":"","background-image":"","background-repeat":"repeat","background-position":"center center","background-size":"auto","background-attachment":"scroll","background-type":"","background-media":"","overlay-type":"","overlay-color":"","overlay-gradient":""}},"ast-content-background-meta":{"desktop":{"background-color":"var(--ast-global-color-5)","background-image":"","background-repeat":"repeat","background-position":"center center","background-size":"auto","background-attachment":"scroll","background-type":"","background-media":"","overlay-type":"","overlay-color":"","overlay-gradient":""},"tablet":{"background-color":"var(--ast-global-color-5)","background-image":"","background-repeat":"repeat","background-position":"center center","background-size":"auto","background-attachment":"scroll","background-type":"","background-media":"","overlay-type":"","overlay-color":"","overlay-gradient":""},"mobile":{"background-color":"var(--ast-global-color-5)","background-image":"","background-repeat":"repeat","background-position":"center center","background-size":"auto","background-attachment":"scroll","background-type":"","background-media":"","overlay-type":"","overlay-color":"","overlay-gradient":""}},"footnotes":""},"class_list":["post-11614","page","type-page","status-publish","has-post-thumbnail","hentry"],"yoast_head":"<!-- This site is optimized with the Yoast SEO plugin v26.0 - https:\/\/yoast.com\/wordpress\/plugins\/seo\/ -->\n<title>Poltrona A Sacco dwg in AutoCAD - iCADBLOCK<\/title>\n<meta name=\"description\" content=\"Il blocco CAD Poltrona A Sacco \u00e8 uno dei blocchi di mobili pi\u00f9 utilizzati dai designer.Qui abbiamo fornito molte sedie Poltrona A Sacco DWG.\" \/>\n<meta name=\"robots\" content=\"index, follow, max-snippet:-1, max-image-preview:large, max-video-preview:-1\" \/>\n<link rel=\"canonical\" href=\"https:\/\/icadblock.com\/it\/mobili-dwg\/sedie-dwg\/poltrona-a-sacco-dwg\/\" \/>\n<meta property=\"og:locale\" content=\"it_IT\" \/>\n<meta property=\"og:type\" content=\"article\" \/>\n<meta property=\"og:title\" content=\"Poltrona A Sacco dwg in AutoCAD - iCADBLOCK\" \/>\n<meta property=\"og:description\" content=\"Il blocco CAD Poltrona A Sacco \u00e8 uno dei blocchi di mobili pi\u00f9 utilizzati dai designer.Qui abbiamo fornito molte sedie Poltrona A Sacco DWG.\" \/>\n<meta property=\"og:url\" content=\"https:\/\/icadblock.com\/it\/mobili-dwg\/sedie-dwg\/poltrona-a-sacco-dwg\/\" \/>\n<meta property=\"og:site_name\" content=\"iCADBLOCK\" \/>\n<meta property=\"article:modified_time\" content=\"2024-02-22T10:42:51+00:00\" \/>\n<meta property=\"og:image\" content=\"https:\/\/icadblock.com\/wp-content\/uploads\/2022\/09\/bean-bag-cad.webp\" \/>\n\t<meta property=\"og:image:width\" content=\"740\" \/>\n\t<meta property=\"og:image:height\" content=\"500\" \/>\n\t<meta property=\"og:image:type\" content=\"image\/webp\" \/>\n<meta name=\"twitter:card\" content=\"summary_large_image\" \/>\n<meta name=\"twitter:label1\" content=\"Tempo di lettura stimato\" \/>\n\t<meta name=\"twitter:data1\" content=\"2 minuti\" \/>\n<script type=\"application\/ld+json\" class=\"yoast-schema-graph\">{\"@context\":\"https:\/\/schema.org\",\"@graph\":[{\"@type\":\"WebPage\",\"@id\":\"https:\/\/icadblock.com\/it\/mobili-dwg\/sedie-dwg\/poltrona-a-sacco-dwg\/\",\"url\":\"https:\/\/icadblock.com\/it\/mobili-dwg\/sedie-dwg\/poltrona-a-sacco-dwg\/\",\"name\":\"Poltrona A Sacco dwg in AutoCAD - iCADBLOCK\",\"isPartOf\":{\"@id\":\"https:\/\/icadblock.com\/it\/#website\"},\"primaryImageOfPage\":{\"@id\":\"https:\/\/icadblock.com\/it\/mobili-dwg\/sedie-dwg\/poltrona-a-sacco-dwg\/#primaryimage\"},\"image\":{\"@id\":\"https:\/\/icadblock.com\/it\/mobili-dwg\/sedie-dwg\/poltrona-a-sacco-dwg\/#primaryimage\"},\"thumbnailUrl\":\"https:\/\/icadblock.com\/wp-content\/uploads\/2022\/09\/bean-bag-cad.webp\",\"datePublished\":\"2024-02-22T10:37:04+00:00\",\"dateModified\":\"2024-02-22T10:42:51+00:00\",\"description\":\"Il blocco CAD Poltrona A Sacco \u00e8 uno dei blocchi di mobili pi\u00f9 utilizzati dai designer.Qui abbiamo fornito molte sedie Poltrona A Sacco DWG.\",\"breadcrumb\":{\"@id\":\"https:\/\/icadblock.com\/it\/mobili-dwg\/sedie-dwg\/poltrona-a-sacco-dwg\/#breadcrumb\"},\"inLanguage\":\"it-IT\",\"potentialAction\":[{\"@type\":\"ReadAction\",\"target\":[\"https:\/\/icadblock.com\/it\/mobili-dwg\/sedie-dwg\/poltrona-a-sacco-dwg\/\"]}]},{\"@type\":\"ImageObject\",\"inLanguage\":\"it-IT\",\"@id\":\"https:\/\/icadblock.com\/it\/mobili-dwg\/sedie-dwg\/poltrona-a-sacco-dwg\/#primaryimage\",\"url\":\"https:\/\/icadblock.com\/wp-content\/uploads\/2022\/09\/bean-bag-cad.webp\",\"contentUrl\":\"https:\/\/icadblock.com\/wp-content\/uploads\/2022\/09\/bean-bag-cad.webp\",\"width\":740,\"height\":500,\"caption\":\"Poltrona A Sacco dwg in AutoCAD\"},{\"@type\":\"BreadcrumbList\",\"@id\":\"https:\/\/icadblock.com\/it\/mobili-dwg\/sedie-dwg\/poltrona-a-sacco-dwg\/#breadcrumb\",\"itemListElement\":[{\"@type\":\"ListItem\",\"position\":1,\"name\":\"Home\",\"item\":\"https:\/\/icadblock.com\/it\/\"},{\"@type\":\"ListItem\",\"position\":2,\"name\":\"mobili dwg blocchi cad Collezione per autocad\",\"item\":\"https:\/\/icadblock.com\/it\/mobili-dwg\/\"},{\"@type\":\"ListItem\",\"position\":3,\"name\":\"sedie dwg in AutoCAD , Raccolta\",\"item\":\"https:\/\/icadblock.com\/it\/mobili-dwg\/sedie-dwg\/\"},{\"@type\":\"ListItem\",\"position\":4,\"name\":\"Poltrona A Sacco dwg in AutoCAD\"}]},{\"@type\":\"WebSite\",\"@id\":\"https:\/\/icadblock.com\/it\/#website\",\"url\":\"https:\/\/icadblock.com\/it\/\",\"name\":\"iCADBLOCK\",\"description\":\"CAD Block free download, 2d DWG models in plan\",\"publisher\":{\"@id\":\"https:\/\/icadblock.com\/it\/#organization\"},\"potentialAction\":[{\"@type\":\"SearchAction\",\"target\":{\"@type\":\"EntryPoint\",\"urlTemplate\":\"https:\/\/icadblock.com\/it\/?s={search_term_string}\"},\"query-input\":{\"@type\":\"PropertyValueSpecification\",\"valueRequired\":true,\"valueName\":\"search_term_string\"}}],\"inLanguage\":\"it-IT\"},{\"@type\":\"Organization\",\"@id\":\"https:\/\/icadblock.com\/it\/#organization\",\"name\":\"icadblock\",\"url\":\"https:\/\/icadblock.com\/it\/\",\"logo\":{\"@type\":\"ImageObject\",\"inLanguage\":\"it-IT\",\"@id\":\"https:\/\/icadblock.com\/it\/#\/schema\/logo\/image\/\",\"url\":\"https:\/\/icadblock.com\/wp-content\/uploads\/2022\/02\/LOGO.png\",\"contentUrl\":\"https:\/\/icadblock.com\/wp-content\/uploads\/2022\/02\/LOGO.png\",\"width\":546,\"height\":125,\"caption\":\"icadblock\"},\"image\":{\"@id\":\"https:\/\/icadblock.com\/it\/#\/schema\/logo\/image\/\"}}]}<\/script>\n<!-- \/ Yoast SEO plugin. -->","yoast_head_json":{"title":"Poltrona A Sacco dwg in AutoCAD - iCADBLOCK","description":"Il blocco CAD Poltrona A Sacco \u00e8 uno dei blocchi di mobili pi\u00f9 utilizzati dai designer.Qui abbiamo fornito molte sedie Poltrona A Sacco DWG.","robots":{"index":"index","follow":"follow","max-snippet":"max-snippet:-1","max-image-preview":"max-image-preview:large","max-video-preview":"max-video-preview:-1"},"canonical":"https:\/\/icadblock.com\/it\/mobili-dwg\/sedie-dwg\/poltrona-a-sacco-dwg\/","og_locale":"it_IT","og_type":"article","og_title":"Poltrona A Sacco dwg in AutoCAD - iCADBLOCK","og_description":"Il blocco CAD Poltrona A Sacco \u00e8 uno dei blocchi di mobili pi\u00f9 utilizzati dai designer.Qui abbiamo fornito molte sedie Poltrona A Sacco DWG.","og_url":"https:\/\/icadblock.com\/it\/mobili-dwg\/sedie-dwg\/poltrona-a-sacco-dwg\/","og_site_name":"iCADBLOCK","article_modified_time":"2024-02-22T10:42:51+00:00","og_image":[{"width":740,"height":500,"url":"https:\/\/icadblock.com\/wp-content\/uploads\/2022\/09\/bean-bag-cad.webp","type":"image\/webp"}],"twitter_card":"summary_large_image","twitter_misc":{"Tempo di lettura stimato":"2 minuti"},"schema":{"@context":"https:\/\/schema.org","@graph":[{"@type":"WebPage","@id":"https:\/\/icadblock.com\/it\/mobili-dwg\/sedie-dwg\/poltrona-a-sacco-dwg\/","url":"https:\/\/icadblock.com\/it\/mobili-dwg\/sedie-dwg\/poltrona-a-sacco-dwg\/","name":"Poltrona A Sacco dwg in AutoCAD - iCADBLOCK","isPartOf":{"@id":"https:\/\/icadblock.com\/it\/#website"},"primaryImageOfPage":{"@id":"https:\/\/icadblock.com\/it\/mobili-dwg\/sedie-dwg\/poltrona-a-sacco-dwg\/#primaryimage"},"image":{"@id":"https:\/\/icadblock.com\/it\/mobili-dwg\/sedie-dwg\/poltrona-a-sacco-dwg\/#primaryimage"},"thumbnailUrl":"https:\/\/icadblock.com\/wp-content\/uploads\/2022\/09\/bean-bag-cad.webp","datePublished":"2024-02-22T10:37:04+00:00","dateModified":"2024-02-22T10:42:51+00:00","description":"Il blocco CAD Poltrona A Sacco \u00e8 uno dei blocchi di mobili pi\u00f9 utilizzati dai designer.Qui abbiamo fornito molte sedie Poltrona A Sacco DWG.","breadcrumb":{"@id":"https:\/\/icadblock.com\/it\/mobili-dwg\/sedie-dwg\/poltrona-a-sacco-dwg\/#breadcrumb"},"inLanguage":"it-IT","potentialAction":[{"@type":"ReadAction","target":["https:\/\/icadblock.com\/it\/mobili-dwg\/sedie-dwg\/poltrona-a-sacco-dwg\/"]}]},{"@type":"ImageObject","inLanguage":"it-IT","@id":"https:\/\/icadblock.com\/it\/mobili-dwg\/sedie-dwg\/poltrona-a-sacco-dwg\/#primaryimage","url":"https:\/\/icadblock.com\/wp-content\/uploads\/2022\/09\/bean-bag-cad.webp","contentUrl":"https:\/\/icadblock.com\/wp-content\/uploads\/2022\/09\/bean-bag-cad.webp","width":740,"height":500,"caption":"Poltrona A Sacco dwg in AutoCAD"},{"@type":"BreadcrumbList","@id":"https:\/\/icadblock.com\/it\/mobili-dwg\/sedie-dwg\/poltrona-a-sacco-dwg\/#breadcrumb","itemListElement":[{"@type":"ListItem","position":1,"name":"Home","item":"https:\/\/icadblock.com\/it\/"},{"@type":"ListItem","position":2,"name":"mobili dwg blocchi cad Collezione per autocad","item":"https:\/\/icadblock.com\/it\/mobili-dwg\/"},{"@type":"ListItem","position":3,"name":"sedie dwg in AutoCAD , Raccolta","item":"https:\/\/icadblock.com\/it\/mobili-dwg\/sedie-dwg\/"},{"@type":"ListItem","position":4,"name":"Poltrona A Sacco dwg in AutoCAD"}]},{"@type":"WebSite","@id":"https:\/\/icadblock.com\/it\/#website","url":"https:\/\/icadblock.com\/it\/","name":"iCADBLOCK","description":"CAD Block free download, 2d DWG models in plan","publisher":{"@id":"https:\/\/icadblock.com\/it\/#organization"},"potentialAction":[{"@type":"SearchAction","target":{"@type":"EntryPoint","urlTemplate":"https:\/\/icadblock.com\/it\/?s={search_term_string}"},"query-input":{"@type":"PropertyValueSpecification","valueRequired":true,"valueName":"search_term_string"}}],"inLanguage":"it-IT"},{"@type":"Organization","@id":"https:\/\/icadblock.com\/it\/#organization","name":"icadblock","url":"https:\/\/icadblock.com\/it\/","logo":{"@type":"ImageObject","inLanguage":"it-IT","@id":"https:\/\/icadblock.com\/it\/#\/schema\/logo\/image\/","url":"https:\/\/icadblock.com\/wp-content\/uploads\/2022\/02\/LOGO.png","contentUrl":"https:\/\/icadblock.com\/wp-content\/uploads\/2022\/02\/LOGO.png","width":546,"height":125,"caption":"icadblock"},"image":{"@id":"https:\/\/icadblock.com\/it\/#\/schema\/logo\/image\/"}}]}},"_links":{"self":[{"href":"https:\/\/icadblock.com\/it\/wp-json\/wp\/v2\/pages\/11614","targetHints":{"allow":["GET"]}}],"collection":[{"href":"https:\/\/icadblock.com\/it\/wp-json\/wp\/v2\/pages"}],"about":[{"href":"https:\/\/icadblock.com\/it\/wp-json\/wp\/v2\/types\/page"}],"author":[{"embeddable":true,"href":"https:\/\/icadblock.com\/it\/wp-json\/wp\/v2\/users\/2"}],"replies":[{"embeddable":true,"href":"https:\/\/icadblock.com\/it\/wp-json\/wp\/v2\/comments?post=11614"}],"version-history":[{"count":5,"href":"https:\/\/icadblock.com\/it\/wp-json\/wp\/v2\/pages\/11614\/revisions"}],"predecessor-version":[{"id":11636,"href":"https:\/\/icadblock.com\/it\/wp-json\/wp\/v2\/pages\/11614\/revisions\/11636"}],"up":[{"embeddable":true,"href":"https:\/\/icadblock.com\/it\/wp-json\/wp\/v2\/pages\/11168"}],"wp:featuredmedia":[{"embeddable":true,"href":"https:\/\/icadblock.com\/it\/wp-json\/wp\/v2\/media\/11615"}],"wp:attachment":[{"href":"https:\/\/icadblock.com\/it\/wp-json\/wp\/v2\/media?parent=11614"}],"curies":[{"name":"wp","href":"https:\/\/api.w.org\/{rel}","templated":true}]}}