{"id":11698,"date":"2024-02-22T11:50:23","date_gmt":"2024-02-22T11:50:23","guid":{"rendered":"https:\/\/icadblock.com\/?page_id=11698"},"modified":"2024-02-22T11:55:03","modified_gmt":"2024-02-22T11:55:03","slug":"piscine-dwg","status":"publish","type":"page","link":"https:\/\/icadblock.com\/it\/piscine-dwg\/","title":{"rendered":"piscine DWG Raccolta di blocchi CAD"},"content":{"rendered":"\t\t<div data-elementor-type=\"wp-page\" data-elementor-id=\"11698\" class=\"elementor elementor-11698 elementor-2914\" data-elementor-post-type=\"page\">\n\t\t\t\t\t\t<section class=\"elementor-section elementor-top-section elementor-element elementor-element-f1842d0 elementor-section-boxed elementor-section-height-default elementor-section-height-default\" data-id=\"f1842d0\" data-element_type=\"section\">\n\t\t\t\t\t\t<div class=\"elementor-container elementor-column-gap-default\">\n\t\t\t\t\t<div class=\"elementor-column elementor-col-50 elementor-top-column elementor-element elementor-element-b53d86a\" data-id=\"b53d86a\" data-element_type=\"column\">\n\t\t\t<div class=\"elementor-widget-wrap elementor-element-populated\">\n\t\t\t\t\t\t<div class=\"elementor-element elementor-element-40af2d0 elementor-widget elementor-widget-text-editor\" data-id=\"40af2d0\" data-element_type=\"widget\" data-widget_type=\"text-editor.default\">\n\t\t\t\t<div class=\"elementor-widget-container\">\n\t\t\t<style>\/*! elementor - v3.21.0 - 30-04-2024 *\/\n.elementor-widget-text-editor.elementor-drop-cap-view-stacked .elementor-drop-cap{background-color:#69727d;color:#fff}.elementor-widget-text-editor.elementor-drop-cap-view-framed .elementor-drop-cap{color:#69727d;border:3px solid;background-color:transparent}.elementor-widget-text-editor:not(.elementor-drop-cap-view-default) .elementor-drop-cap{margin-top:8px}.elementor-widget-text-editor:not(.elementor-drop-cap-view-default) .elementor-drop-cap-letter{width:1em;height:1em}.elementor-widget-text-editor .elementor-drop-cap{float:left;text-align:center;line-height:1;font-size:50px}.elementor-widget-text-editor .elementor-drop-cap-letter{display:inline-block}<\/style>\t\t\t\t<p>In questa categoria potrai accedere a tutta la raccolta di blocchi CAD per piscine DWG.<\/p><p>Questi blocchi CAD sono forniti in viste in pianta e in elevazione che semplificano il lavoro.<\/p><p>Inoltre puoi utilizzare questi modelli DWG per creare modelli 3D.<\/p><p>Consulta la seguente categoria e scegli i file che soddisfano le tue esigenze.<\/p><p>Inoltre, in futuro aggiungeremo altri blocchi CAD correlati. quindi sentiti libero di aggiungere questa pagina ai segnalibri per futuri aggiornamenti.<\/p>\t\t\t\t\t\t<\/div>\n\t\t\t\t<\/div>\n\t\t\t\t<div class=\"elementor-element elementor-element-485b988 elementor-widget elementor-widget-heading\" data-id=\"485b988\" data-element_type=\"widget\" data-widget_type=\"heading.default\">\n\t\t\t\t<div class=\"elementor-widget-container\">\n\t\t\t<style>\/*! elementor - v3.21.0 - 30-04-2024 *\/\n.elementor-heading-title{padding:0;margin:0;line-height:1}.elementor-widget-heading .elementor-heading-title[class*=elementor-size-]>a{color:inherit;font-size:inherit;line-height:inherit}.elementor-widget-heading .elementor-heading-title.elementor-size-small{font-size:15px}.elementor-widget-heading .elementor-heading-title.elementor-size-medium{font-size:19px}.elementor-widget-heading .elementor-heading-title.elementor-size-large{font-size:29px}.elementor-widget-heading .elementor-heading-title.elementor-size-xl{font-size:39px}.elementor-widget-heading .elementor-heading-title.elementor-size-xxl{font-size:59px}<\/style><h2 class=\"elementor-heading-title elementor-size-default\">Blocco CAD per piscina dwg<\/h2>\t\t<\/div>\n\t\t\t\t<\/div>\n\t\t\t\t<div class=\"elementor-element elementor-element-c397b13 elementor-widget elementor-widget-text-editor\" data-id=\"c397b13\" data-element_type=\"widget\" data-widget_type=\"text-editor.default\">\n\t\t\t\t<div class=\"elementor-widget-container\">\n\t\t\t\t\t\t\t<p style=\"font-family: Roboto, sans-serif; font-size: 16px; font-weight: 400; font-style: normal;\"><span style=\"font-size: 16px; font-weight: bold;\"><span style=\"font-size: 16px; color: #ff0000;\">Se desideri scaricare altri blocchi CAD correlati puoi utilizzare il seguente collegamento e fare clic su di esso.<\/span><\/span><\/p><p>Appunti :<\/p><p>Oggi le piscine svolgono un ruolo importante nella societ\u00e0.<\/p><p>Le piscine sono progettate e utilizzate per scopi diversi.<\/p><p>In realt\u00e0 il posizionamento della piscina dovrebbe essere dove riceve la maggior parte della luce solare. Questo \u00e8 il caso se la piscina \u00e8 all&#8217;aperto.<\/p><p>Naturalmente puoi utilizzare un blocco CAD per piscina coperta basato sul tuo disegno.<\/p><p>Principalmente utilizziamo un blocco CAD per il nuoto nella planimetria del sito che rende il nostro disegno pi\u00f9 bello.<\/p><p>Inserisci questi blocchi CAD nel tuo disegno CAD in modo da avere meno ostacoli come alberi nel tuo disegno.<\/p><p>Se guardi i modelli DWG sopra puoi trovare diverse piscine di diversi tipi e forme.<\/p>\t\t\t\t\t\t<\/div>\n\t\t\t\t<\/div>\n\t\t\t\t\t<\/div>\n\t\t<\/div>\n\t\t\t\t<div class=\"jet-sticky-column-sticky elementor-column elementor-col-50 elementor-top-column elementor-element elementor-element-7809082\" data-jet-sticky-column-settings=\"{&quot;id&quot;:&quot;7809082&quot;,&quot;sticky&quot;:true,&quot;topSpacing&quot;:50,&quot;bottomSpacing&quot;:50,&quot;stickyOn&quot;:[&quot;desktop&quot;,&quot;tablet&quot;]}\" data-id=\"7809082\" data-element_type=\"column\">\n\t\t\t<div class=\"elementor-widget-wrap elementor-element-populated\">\n\t\t\t\t\t\t\t<\/div>\n\t\t<\/div>\n\t\t\t\t\t<\/div>\n\t\t<\/section>\n\t\t\t\t<\/div>\n\t\t","protected":false},"excerpt":{"rendered":"<p>In questa categoria potrai accedere a tutta la raccolta di blocchi CAD per piscine DWG. Questi blocchi CAD sono forniti [&hellip;]<\/p>\n","protected":false},"author":2,"featured_media":11700,"parent":0,"menu_order":0,"comment_status":"closed","ping_status":"closed","template":"","meta":{"site-sidebar-layout":"default","site-content-layout":"","ast-site-content-layout":"","site-content-style":"default","site-sidebar-style":"default","ast-global-header-display":"","ast-banner-title-visibility":"","ast-main-header-display":"","ast-hfb-above-header-display":"","ast-hfb-below-header-display":"","ast-hfb-mobile-header-display":"","site-post-title":"","ast-breadcrumbs-content":"","ast-featured-img":"","footer-sml-layout":"","theme-transparent-header-meta":"","adv-header-id-meta":"","stick-header-meta":"","header-above-stick-meta":"","header-main-stick-meta":"","header-below-stick-meta":"","astra-migrate-meta-layouts":"default","ast-page-background-enabled":"default","ast-page-background-meta":{"desktop":{"background-color":"var(--ast-global-color-4)","background-image":"","background-repeat":"repeat","background-position":"center center","background-size":"auto","background-attachment":"scroll","background-type":"","background-media":"","overlay-type":"","overlay-color":"","overlay-gradient":""},"tablet":{"background-color":"","background-image":"","background-repeat":"repeat","background-position":"center center","background-size":"auto","background-attachment":"scroll","background-type":"","background-media":"","overlay-type":"","overlay-color":"","overlay-gradient":""},"mobile":{"background-color":"","background-image":"","background-repeat":"repeat","background-position":"center center","background-size":"auto","background-attachment":"scroll","background-type":"","background-media":"","overlay-type":"","overlay-color":"","overlay-gradient":""}},"ast-content-background-meta":{"desktop":{"background-color":"var(--ast-global-color-5)","background-image":"","background-repeat":"repeat","background-position":"center center","background-size":"auto","background-attachment":"scroll","background-type":"","background-media":"","overlay-type":"","overlay-color":"","overlay-gradient":""},"tablet":{"background-color":"var(--ast-global-color-5)","background-image":"","background-repeat":"repeat","background-position":"center center","background-size":"auto","background-attachment":"scroll","background-type":"","background-media":"","overlay-type":"","overlay-color":"","overlay-gradient":""},"mobile":{"background-color":"var(--ast-global-color-5)","background-image":"","background-repeat":"repeat","background-position":"center center","background-size":"auto","background-attachment":"scroll","background-type":"","background-media":"","overlay-type":"","overlay-color":"","overlay-gradient":""}},"footnotes":""},"class_list":["post-11698","page","type-page","status-publish","has-post-thumbnail","hentry"],"yoast_head":"<!-- This site is optimized with the Yoast SEO plugin v26.0 - https:\/\/yoast.com\/wordpress\/plugins\/seo\/ -->\n<title>piscine DWG Raccolta di blocchi CAD - iCADBLOCK<\/title>\n<meta name=\"description\" content=\"In questa categoria potrai accedere a tutta la raccolta di blocchi CAD per piscine DWG.Questi blocchi CAD sono forniti in viste in pianta\" \/>\n<meta name=\"robots\" content=\"index, follow, max-snippet:-1, max-image-preview:large, max-video-preview:-1\" \/>\n<link rel=\"canonical\" href=\"https:\/\/icadblock.com\/it\/piscine-dwg\/\" \/>\n<meta property=\"og:locale\" content=\"it_IT\" \/>\n<meta property=\"og:type\" content=\"article\" \/>\n<meta property=\"og:title\" content=\"piscine DWG Raccolta di blocchi CAD - iCADBLOCK\" \/>\n<meta property=\"og:description\" content=\"In questa categoria potrai accedere a tutta la raccolta di blocchi CAD per piscine DWG.Questi blocchi CAD sono forniti in viste in pianta\" \/>\n<meta property=\"og:url\" content=\"https:\/\/icadblock.com\/it\/piscine-dwg\/\" \/>\n<meta property=\"og:site_name\" content=\"iCADBLOCK\" \/>\n<meta property=\"article:modified_time\" content=\"2024-02-22T11:55:03+00:00\" \/>\n<meta property=\"og:image\" content=\"https:\/\/icadblock.com\/wp-content\/uploads\/2022\/09\/swimming-pool-cad.webp\" \/>\n\t<meta property=\"og:image:width\" content=\"740\" \/>\n\t<meta property=\"og:image:height\" content=\"500\" \/>\n\t<meta property=\"og:image:type\" content=\"image\/webp\" \/>\n<meta name=\"twitter:card\" content=\"summary_large_image\" \/>\n<meta name=\"twitter:label1\" content=\"Tempo di lettura stimato\" \/>\n\t<meta name=\"twitter:data1\" content=\"2 minuti\" \/>\n<script type=\"application\/ld+json\" class=\"yoast-schema-graph\">{\"@context\":\"https:\/\/schema.org\",\"@graph\":[{\"@type\":\"WebPage\",\"@id\":\"https:\/\/icadblock.com\/it\/piscine-dwg\/\",\"url\":\"https:\/\/icadblock.com\/it\/piscine-dwg\/\",\"name\":\"piscine DWG Raccolta di blocchi CAD - iCADBLOCK\",\"isPartOf\":{\"@id\":\"https:\/\/icadblock.com\/it\/#website\"},\"primaryImageOfPage\":{\"@id\":\"https:\/\/icadblock.com\/it\/piscine-dwg\/#primaryimage\"},\"image\":{\"@id\":\"https:\/\/icadblock.com\/it\/piscine-dwg\/#primaryimage\"},\"thumbnailUrl\":\"https:\/\/icadblock.com\/wp-content\/uploads\/2022\/09\/swimming-pool-cad.webp\",\"datePublished\":\"2024-02-22T11:50:23+00:00\",\"dateModified\":\"2024-02-22T11:55:03+00:00\",\"description\":\"In questa categoria potrai accedere a tutta la raccolta di blocchi CAD per piscine DWG.Questi blocchi CAD sono forniti in viste in pianta\",\"breadcrumb\":{\"@id\":\"https:\/\/icadblock.com\/it\/piscine-dwg\/#breadcrumb\"},\"inLanguage\":\"it-IT\",\"potentialAction\":[{\"@type\":\"ReadAction\",\"target\":[\"https:\/\/icadblock.com\/it\/piscine-dwg\/\"]}]},{\"@type\":\"ImageObject\",\"inLanguage\":\"it-IT\",\"@id\":\"https:\/\/icadblock.com\/it\/piscine-dwg\/#primaryimage\",\"url\":\"https:\/\/icadblock.com\/wp-content\/uploads\/2022\/09\/swimming-pool-cad.webp\",\"contentUrl\":\"https:\/\/icadblock.com\/wp-content\/uploads\/2022\/09\/swimming-pool-cad.webp\",\"width\":740,\"height\":500,\"caption\":\"piscine DWG Raccolta di blocchi CAD\"},{\"@type\":\"BreadcrumbList\",\"@id\":\"https:\/\/icadblock.com\/it\/piscine-dwg\/#breadcrumb\",\"itemListElement\":[{\"@type\":\"ListItem\",\"position\":1,\"name\":\"Home\",\"item\":\"https:\/\/icadblock.com\/it\/\"},{\"@type\":\"ListItem\",\"position\":2,\"name\":\"piscine DWG Raccolta di blocchi CAD\"}]},{\"@type\":\"WebSite\",\"@id\":\"https:\/\/icadblock.com\/it\/#website\",\"url\":\"https:\/\/icadblock.com\/it\/\",\"name\":\"iCADBLOCK\",\"description\":\"CAD Block free download, 2d DWG models in plan\",\"publisher\":{\"@id\":\"https:\/\/icadblock.com\/it\/#organization\"},\"potentialAction\":[{\"@type\":\"SearchAction\",\"target\":{\"@type\":\"EntryPoint\",\"urlTemplate\":\"https:\/\/icadblock.com\/it\/?s={search_term_string}\"},\"query-input\":{\"@type\":\"PropertyValueSpecification\",\"valueRequired\":true,\"valueName\":\"search_term_string\"}}],\"inLanguage\":\"it-IT\"},{\"@type\":\"Organization\",\"@id\":\"https:\/\/icadblock.com\/it\/#organization\",\"name\":\"icadblock\",\"url\":\"https:\/\/icadblock.com\/it\/\",\"logo\":{\"@type\":\"ImageObject\",\"inLanguage\":\"it-IT\",\"@id\":\"https:\/\/icadblock.com\/it\/#\/schema\/logo\/image\/\",\"url\":\"https:\/\/icadblock.com\/wp-content\/uploads\/2022\/02\/LOGO.png\",\"contentUrl\":\"https:\/\/icadblock.com\/wp-content\/uploads\/2022\/02\/LOGO.png\",\"width\":546,\"height\":125,\"caption\":\"icadblock\"},\"image\":{\"@id\":\"https:\/\/icadblock.com\/it\/#\/schema\/logo\/image\/\"}}]}<\/script>\n<!-- \/ Yoast SEO plugin. -->","yoast_head_json":{"title":"piscine DWG Raccolta di blocchi CAD - iCADBLOCK","description":"In questa categoria potrai accedere a tutta la raccolta di blocchi CAD per piscine DWG.Questi blocchi CAD sono forniti in viste in pianta","robots":{"index":"index","follow":"follow","max-snippet":"max-snippet:-1","max-image-preview":"max-image-preview:large","max-video-preview":"max-video-preview:-1"},"canonical":"https:\/\/icadblock.com\/it\/piscine-dwg\/","og_locale":"it_IT","og_type":"article","og_title":"piscine DWG Raccolta di blocchi CAD - iCADBLOCK","og_description":"In questa categoria potrai accedere a tutta la raccolta di blocchi CAD per piscine DWG.Questi blocchi CAD sono forniti in viste in pianta","og_url":"https:\/\/icadblock.com\/it\/piscine-dwg\/","og_site_name":"iCADBLOCK","article_modified_time":"2024-02-22T11:55:03+00:00","og_image":[{"width":740,"height":500,"url":"https:\/\/icadblock.com\/wp-content\/uploads\/2022\/09\/swimming-pool-cad.webp","type":"image\/webp"}],"twitter_card":"summary_large_image","twitter_misc":{"Tempo di lettura stimato":"2 minuti"},"schema":{"@context":"https:\/\/schema.org","@graph":[{"@type":"WebPage","@id":"https:\/\/icadblock.com\/it\/piscine-dwg\/","url":"https:\/\/icadblock.com\/it\/piscine-dwg\/","name":"piscine DWG Raccolta di blocchi CAD - iCADBLOCK","isPartOf":{"@id":"https:\/\/icadblock.com\/it\/#website"},"primaryImageOfPage":{"@id":"https:\/\/icadblock.com\/it\/piscine-dwg\/#primaryimage"},"image":{"@id":"https:\/\/icadblock.com\/it\/piscine-dwg\/#primaryimage"},"thumbnailUrl":"https:\/\/icadblock.com\/wp-content\/uploads\/2022\/09\/swimming-pool-cad.webp","datePublished":"2024-02-22T11:50:23+00:00","dateModified":"2024-02-22T11:55:03+00:00","description":"In questa categoria potrai accedere a tutta la raccolta di blocchi CAD per piscine DWG.Questi blocchi CAD sono forniti in viste in pianta","breadcrumb":{"@id":"https:\/\/icadblock.com\/it\/piscine-dwg\/#breadcrumb"},"inLanguage":"it-IT","potentialAction":[{"@type":"ReadAction","target":["https:\/\/icadblock.com\/it\/piscine-dwg\/"]}]},{"@type":"ImageObject","inLanguage":"it-IT","@id":"https:\/\/icadblock.com\/it\/piscine-dwg\/#primaryimage","url":"https:\/\/icadblock.com\/wp-content\/uploads\/2022\/09\/swimming-pool-cad.webp","contentUrl":"https:\/\/icadblock.com\/wp-content\/uploads\/2022\/09\/swimming-pool-cad.webp","width":740,"height":500,"caption":"piscine DWG Raccolta di blocchi CAD"},{"@type":"BreadcrumbList","@id":"https:\/\/icadblock.com\/it\/piscine-dwg\/#breadcrumb","itemListElement":[{"@type":"ListItem","position":1,"name":"Home","item":"https:\/\/icadblock.com\/it\/"},{"@type":"ListItem","position":2,"name":"piscine DWG Raccolta di blocchi CAD"}]},{"@type":"WebSite","@id":"https:\/\/icadblock.com\/it\/#website","url":"https:\/\/icadblock.com\/it\/","name":"iCADBLOCK","description":"CAD Block free download, 2d DWG models in plan","publisher":{"@id":"https:\/\/icadblock.com\/it\/#organization"},"potentialAction":[{"@type":"SearchAction","target":{"@type":"EntryPoint","urlTemplate":"https:\/\/icadblock.com\/it\/?s={search_term_string}"},"query-input":{"@type":"PropertyValueSpecification","valueRequired":true,"valueName":"search_term_string"}}],"inLanguage":"it-IT"},{"@type":"Organization","@id":"https:\/\/icadblock.com\/it\/#organization","name":"icadblock","url":"https:\/\/icadblock.com\/it\/","logo":{"@type":"ImageObject","inLanguage":"it-IT","@id":"https:\/\/icadblock.com\/it\/#\/schema\/logo\/image\/","url":"https:\/\/icadblock.com\/wp-content\/uploads\/2022\/02\/LOGO.png","contentUrl":"https:\/\/icadblock.com\/wp-content\/uploads\/2022\/02\/LOGO.png","width":546,"height":125,"caption":"icadblock"},"image":{"@id":"https:\/\/icadblock.com\/it\/#\/schema\/logo\/image\/"}}]}},"_links":{"self":[{"href":"https:\/\/icadblock.com\/it\/wp-json\/wp\/v2\/pages\/11698","targetHints":{"allow":["GET"]}}],"collection":[{"href":"https:\/\/icadblock.com\/it\/wp-json\/wp\/v2\/pages"}],"about":[{"href":"https:\/\/icadblock.com\/it\/wp-json\/wp\/v2\/types\/page"}],"author":[{"embeddable":true,"href":"https:\/\/icadblock.com\/it\/wp-json\/wp\/v2\/users\/2"}],"replies":[{"embeddable":true,"href":"https:\/\/icadblock.com\/it\/wp-json\/wp\/v2\/comments?post=11698"}],"version-history":[{"count":4,"href":"https:\/\/icadblock.com\/it\/wp-json\/wp\/v2\/pages\/11698\/revisions"}],"predecessor-version":[{"id":11704,"href":"https:\/\/icadblock.com\/it\/wp-json\/wp\/v2\/pages\/11698\/revisions\/11704"}],"wp:featuredmedia":[{"embeddable":true,"href":"https:\/\/icadblock.com\/it\/wp-json\/wp\/v2\/media\/11700"}],"wp:attachment":[{"href":"https:\/\/icadblock.com\/it\/wp-json\/wp\/v2\/media?parent=11698"}],"curies":[{"name":"wp","href":"https:\/\/api.w.org\/{rel}","templated":true}]}}