{"id":11822,"date":"2024-02-24T08:54:22","date_gmt":"2024-02-24T08:54:22","guid":{"rendered":"https:\/\/icadblock.com\/?page_id=11822"},"modified":"2024-02-24T08:57:26","modified_gmt":"2024-02-24T08:57:26","slug":"contatore-di-cassa-dwg","status":"publish","type":"page","link":"https:\/\/icadblock.com\/it\/mobili-dwg\/mobili-per-ricezione-dwg\/contatore-di-cassa-dwg\/","title":{"rendered":"contatore di cassa DWG Blocco CAD"},"content":{"rendered":"\t\t<div data-elementor-type=\"wp-page\" data-elementor-id=\"11822\" class=\"elementor elementor-11822 elementor-3596\" data-elementor-post-type=\"page\">\n\t\t\t\t\t\t<section class=\"elementor-section elementor-top-section elementor-element elementor-element-c439174 elementor-section-boxed elementor-section-height-default elementor-section-height-default\" data-id=\"c439174\" data-element_type=\"section\">\n\t\t\t\t\t\t<div class=\"elementor-container elementor-column-gap-default\">\n\t\t\t\t\t<div class=\"elementor-column elementor-col-50 elementor-top-column elementor-element elementor-element-a22eb9c\" data-id=\"a22eb9c\" data-element_type=\"column\">\n\t\t\t<div class=\"elementor-widget-wrap elementor-element-populated\">\n\t\t\t\t\t\t<div class=\"elementor-element elementor-element-bf278dd elementor-widget elementor-widget-text-editor\" data-id=\"bf278dd\" data-element_type=\"widget\" data-widget_type=\"text-editor.default\">\n\t\t\t\t<div class=\"elementor-widget-container\">\n\t\t\t<style>\/*! elementor - v3.21.0 - 30-04-2024 *\/\n.elementor-widget-text-editor.elementor-drop-cap-view-stacked .elementor-drop-cap{background-color:#69727d;color:#fff}.elementor-widget-text-editor.elementor-drop-cap-view-framed .elementor-drop-cap{color:#69727d;border:3px solid;background-color:transparent}.elementor-widget-text-editor:not(.elementor-drop-cap-view-default) .elementor-drop-cap{margin-top:8px}.elementor-widget-text-editor:not(.elementor-drop-cap-view-default) .elementor-drop-cap-letter{width:1em;height:1em}.elementor-widget-text-editor .elementor-drop-cap{float:left;text-align:center;line-height:1;font-size:50px}.elementor-widget-text-editor .elementor-drop-cap-letter{display:inline-block}<\/style>\t\t\t\t<p>Qui puoi trovare una raccolta di blocchi CAD per contatore di cassa DWG.<\/p><p>Questi blocchi CAD sono disegnati in viste in pianta e in prospetto.<\/p><p>Se stai cercando un blocco CAD per contatore di cassa in DWG da utilizzare nel tuo disegno AutoCAD, sei nel posto giusto.<\/p><p>Abbiamo cercato di fornire modelli DWG di alta qualit\u00e0 in diversi tipi in grado di soddisfare le tue esigenze.<\/p>\t\t\t\t\t\t<\/div>\n\t\t\t\t<\/div>\n\t\t\t\t<div class=\"elementor-element elementor-element-8327772 elementor-widget elementor-widget-heading\" data-id=\"8327772\" data-element_type=\"widget\" data-widget_type=\"heading.default\">\n\t\t\t\t<div class=\"elementor-widget-container\">\n\t\t\t<style>\/*! elementor - v3.21.0 - 30-04-2024 *\/\n.elementor-heading-title{padding:0;margin:0;line-height:1}.elementor-widget-heading .elementor-heading-title[class*=elementor-size-]>a{color:inherit;font-size:inherit;line-height:inherit}.elementor-widget-heading .elementor-heading-title.elementor-size-small{font-size:15px}.elementor-widget-heading .elementor-heading-title.elementor-size-medium{font-size:19px}.elementor-widget-heading .elementor-heading-title.elementor-size-large{font-size:29px}.elementor-widget-heading .elementor-heading-title.elementor-size-xl{font-size:39px}.elementor-widget-heading .elementor-heading-title.elementor-size-xxl{font-size:59px}<\/style><h2 class=\"elementor-heading-title elementor-size-default\">contatore di cassa<\/h2>\t\t<\/div>\n\t\t\t\t<\/div>\n\t\t\t\t<div class=\"elementor-element elementor-element-0c0c173 elementor-widget elementor-widget-text-editor\" data-id=\"0c0c173\" data-element_type=\"widget\" data-widget_type=\"text-editor.default\">\n\t\t\t\t<div class=\"elementor-widget-container\">\n\t\t\t\t\t\t\t<p style=\"font-family: Roboto, sans-serif; font-size: 16px; font-weight: 400; font-style: normal;\"><span style=\"font-size: 16px; font-weight: bold;\">Oltre ai modelli DWG sopra indicati, puoi anche scaricare altri blocchi CAD correlati utilizzando i seguenti collegamenti:<\/span><\/p><p><span style=\"color: #ff0000;\"><strong>***<\/strong><\/span> <a href=\"https:\/\/icadblock.com\/furniture-cad-blocks\/office-furniture-cad-block\/\"><strong><em>Office Furniture CAD Block<\/em><\/strong><\/a><\/p><p><span style=\"color: #ff0000;\"><strong>***<\/strong><\/span> <a href=\"https:\/\/icadblock.com\/furniture-cad-blocks\/reception-furniture-cad-block\/\"><em><strong>Reception Furniture CAD Block<\/strong><\/em><\/a><\/p><p><strong><span style=\"color: #0000ff;\">Appunti:<\/span><\/strong><\/p><p>Il contatore di cassa \u00e8 uno dei blocchi CAD pi\u00f9 utilizzati nel disegno. In realt\u00e0 non possiamo immaginare un negozio senza cassa. Pertanto, conoscendo l&#8217;importanza di questo Blocco CAD, gli architetti lo utilizzano come oggetto d&#8217;arredo nel loro disegno.<\/p><p>Se stai disegnando un centro commerciale o qualcosa di simile, potresti voler sapere dove posizionare il contatore cassa nel tuo disegno. La posizione migliore pu\u00f2 variare in base al disegno ma in generale \u00e8 meglio posizionare la cassa a sud o sud-ovest.<\/p><p>In base all&#8217;esperienza architettonica \u00e8 meglio non posizionare il banco cassa vicino alla porta sul retro o alla porta principale.<\/p><p>Usa questi bellissimi blocchi CAD e rendi il tuo disegno pi\u00f9 bello.<\/p><p>\u00a0<\/p>\t\t\t\t\t\t<\/div>\n\t\t\t\t<\/div>\n\t\t\t\t\t<\/div>\n\t\t<\/div>\n\t\t\t\t<div class=\"jet-sticky-column-sticky elementor-column elementor-col-50 elementor-top-column elementor-element elementor-element-81e10a2\" data-jet-sticky-column-settings=\"{&quot;id&quot;:&quot;81e10a2&quot;,&quot;sticky&quot;:true,&quot;topSpacing&quot;:50,&quot;bottomSpacing&quot;:50,&quot;stickyOn&quot;:[&quot;desktop&quot;,&quot;tablet&quot;]}\" data-id=\"81e10a2\" data-element_type=\"column\">\n\t\t\t<div class=\"elementor-widget-wrap elementor-element-populated\">\n\t\t\t\t\t\t\t<\/div>\n\t\t<\/div>\n\t\t\t\t\t<\/div>\n\t\t<\/section>\n\t\t\t\t<\/div>\n\t\t","protected":false},"excerpt":{"rendered":"<p>Qui puoi trovare una raccolta di blocchi CAD per contatore di cassa DWG. Questi blocchi CAD sono disegnati in viste [&hellip;]<\/p>\n","protected":false},"author":2,"featured_media":11824,"parent":11790,"menu_order":0,"comment_status":"closed","ping_status":"closed","template":"","meta":{"site-sidebar-layout":"default","site-content-layout":"","ast-site-content-layout":"","site-content-style":"default","site-sidebar-style":"default","ast-global-header-display":"","ast-banner-title-visibility":"","ast-main-header-display":"","ast-hfb-above-header-display":"","ast-hfb-below-header-display":"","ast-hfb-mobile-header-display":"","site-post-title":"","ast-breadcrumbs-content":"","ast-featured-img":"","footer-sml-layout":"","theme-transparent-header-meta":"","adv-header-id-meta":"","stick-header-meta":"","header-above-stick-meta":"","header-main-stick-meta":"","header-below-stick-meta":"","astra-migrate-meta-layouts":"default","ast-page-background-enabled":"default","ast-page-background-meta":{"desktop":{"background-color":"var(--ast-global-color-4)","background-image":"","background-repeat":"repeat","background-position":"center center","background-size":"auto","background-attachment":"scroll","background-type":"","background-media":"","overlay-type":"","overlay-color":"","overlay-gradient":""},"tablet":{"background-color":"","background-image":"","background-repeat":"repeat","background-position":"center center","background-size":"auto","background-attachment":"scroll","background-type":"","background-media":"","overlay-type":"","overlay-color":"","overlay-gradient":""},"mobile":{"background-color":"","background-image":"","background-repeat":"repeat","background-position":"center center","background-size":"auto","background-attachment":"scroll","background-type":"","background-media":"","overlay-type":"","overlay-color":"","overlay-gradient":""}},"ast-content-background-meta":{"desktop":{"background-color":"var(--ast-global-color-5)","background-image":"","background-repeat":"repeat","background-position":"center center","background-size":"auto","background-attachment":"scroll","background-type":"","background-media":"","overlay-type":"","overlay-color":"","overlay-gradient":""},"tablet":{"background-color":"var(--ast-global-color-5)","background-image":"","background-repeat":"repeat","background-position":"center center","background-size":"auto","background-attachment":"scroll","background-type":"","background-media":"","overlay-type":"","overlay-color":"","overlay-gradient":""},"mobile":{"background-color":"var(--ast-global-color-5)","background-image":"","background-repeat":"repeat","background-position":"center center","background-size":"auto","background-attachment":"scroll","background-type":"","background-media":"","overlay-type":"","overlay-color":"","overlay-gradient":""}},"footnotes":""},"class_list":["post-11822","page","type-page","status-publish","has-post-thumbnail","hentry"],"yoast_head":"<!-- This site is optimized with the Yoast SEO plugin v26.0 - https:\/\/yoast.com\/wordpress\/plugins\/seo\/ -->\n<title>contatore di cassa DWG Blocco CAD - iCADBLOCK<\/title>\n<meta name=\"description\" content=\"Qui puoi trovare una raccolta di blocchi CAD per contatore di cassa DWG.Questi blocchi CAD sono disegnati in viste in pianta e in prospetto.\" \/>\n<meta name=\"robots\" content=\"index, follow, max-snippet:-1, max-image-preview:large, max-video-preview:-1\" \/>\n<link rel=\"canonical\" href=\"https:\/\/icadblock.com\/it\/mobili-dwg\/mobili-per-ricezione-dwg\/contatore-di-cassa-dwg\/\" \/>\n<meta property=\"og:locale\" content=\"it_IT\" \/>\n<meta property=\"og:type\" content=\"article\" \/>\n<meta property=\"og:title\" content=\"contatore di cassa DWG Blocco CAD - iCADBLOCK\" \/>\n<meta property=\"og:description\" content=\"Qui puoi trovare una raccolta di blocchi CAD per contatore di cassa DWG.Questi blocchi CAD sono disegnati in viste in pianta e in prospetto.\" \/>\n<meta property=\"og:url\" content=\"https:\/\/icadblock.com\/it\/mobili-dwg\/mobili-per-ricezione-dwg\/contatore-di-cassa-dwg\/\" \/>\n<meta property=\"og:site_name\" content=\"iCADBLOCK\" \/>\n<meta property=\"article:modified_time\" content=\"2024-02-24T08:57:26+00:00\" \/>\n<meta property=\"og:image\" content=\"https:\/\/icadblock.com\/wp-content\/uploads\/2023\/05\/cash-counter.webp\" \/>\n\t<meta property=\"og:image:width\" content=\"1000\" \/>\n\t<meta property=\"og:image:height\" content=\"675\" \/>\n\t<meta property=\"og:image:type\" content=\"image\/webp\" \/>\n<meta name=\"twitter:card\" content=\"summary_large_image\" \/>\n<meta name=\"twitter:label1\" content=\"Tempo di lettura stimato\" \/>\n\t<meta name=\"twitter:data1\" content=\"2 minuti\" \/>\n<script type=\"application\/ld+json\" class=\"yoast-schema-graph\">{\"@context\":\"https:\/\/schema.org\",\"@graph\":[{\"@type\":\"WebPage\",\"@id\":\"https:\/\/icadblock.com\/it\/mobili-dwg\/mobili-per-ricezione-dwg\/contatore-di-cassa-dwg\/\",\"url\":\"https:\/\/icadblock.com\/it\/mobili-dwg\/mobili-per-ricezione-dwg\/contatore-di-cassa-dwg\/\",\"name\":\"contatore di cassa DWG Blocco CAD - iCADBLOCK\",\"isPartOf\":{\"@id\":\"https:\/\/icadblock.com\/it\/#website\"},\"primaryImageOfPage\":{\"@id\":\"https:\/\/icadblock.com\/it\/mobili-dwg\/mobili-per-ricezione-dwg\/contatore-di-cassa-dwg\/#primaryimage\"},\"image\":{\"@id\":\"https:\/\/icadblock.com\/it\/mobili-dwg\/mobili-per-ricezione-dwg\/contatore-di-cassa-dwg\/#primaryimage\"},\"thumbnailUrl\":\"https:\/\/icadblock.com\/wp-content\/uploads\/2023\/05\/cash-counter.webp\",\"datePublished\":\"2024-02-24T08:54:22+00:00\",\"dateModified\":\"2024-02-24T08:57:26+00:00\",\"description\":\"Qui puoi trovare una raccolta di blocchi CAD per contatore di cassa DWG.Questi blocchi CAD sono disegnati in viste in pianta e in prospetto.\",\"breadcrumb\":{\"@id\":\"https:\/\/icadblock.com\/it\/mobili-dwg\/mobili-per-ricezione-dwg\/contatore-di-cassa-dwg\/#breadcrumb\"},\"inLanguage\":\"it-IT\",\"potentialAction\":[{\"@type\":\"ReadAction\",\"target\":[\"https:\/\/icadblock.com\/it\/mobili-dwg\/mobili-per-ricezione-dwg\/contatore-di-cassa-dwg\/\"]}]},{\"@type\":\"ImageObject\",\"inLanguage\":\"it-IT\",\"@id\":\"https:\/\/icadblock.com\/it\/mobili-dwg\/mobili-per-ricezione-dwg\/contatore-di-cassa-dwg\/#primaryimage\",\"url\":\"https:\/\/icadblock.com\/wp-content\/uploads\/2023\/05\/cash-counter.webp\",\"contentUrl\":\"https:\/\/icadblock.com\/wp-content\/uploads\/2023\/05\/cash-counter.webp\",\"width\":1000,\"height\":675,\"caption\":\"contatore di cassa DWG Blocco CAD\"},{\"@type\":\"BreadcrumbList\",\"@id\":\"https:\/\/icadblock.com\/it\/mobili-dwg\/mobili-per-ricezione-dwg\/contatore-di-cassa-dwg\/#breadcrumb\",\"itemListElement\":[{\"@type\":\"ListItem\",\"position\":1,\"name\":\"Home\",\"item\":\"https:\/\/icadblock.com\/it\/\"},{\"@type\":\"ListItem\",\"position\":2,\"name\":\"mobili dwg blocchi cad Collezione per autocad\",\"item\":\"https:\/\/icadblock.com\/it\/mobili-dwg\/\"},{\"@type\":\"ListItem\",\"position\":3,\"name\":\"mobili per ricezione dwg in AutoCAD\",\"item\":\"https:\/\/icadblock.com\/it\/mobili-dwg\/mobili-per-ricezione-dwg\/\"},{\"@type\":\"ListItem\",\"position\":4,\"name\":\"contatore di cassa DWG Blocco CAD\"}]},{\"@type\":\"WebSite\",\"@id\":\"https:\/\/icadblock.com\/it\/#website\",\"url\":\"https:\/\/icadblock.com\/it\/\",\"name\":\"iCADBLOCK\",\"description\":\"CAD Block free download, 2d DWG models in plan\",\"publisher\":{\"@id\":\"https:\/\/icadblock.com\/it\/#organization\"},\"potentialAction\":[{\"@type\":\"SearchAction\",\"target\":{\"@type\":\"EntryPoint\",\"urlTemplate\":\"https:\/\/icadblock.com\/it\/?s={search_term_string}\"},\"query-input\":{\"@type\":\"PropertyValueSpecification\",\"valueRequired\":true,\"valueName\":\"search_term_string\"}}],\"inLanguage\":\"it-IT\"},{\"@type\":\"Organization\",\"@id\":\"https:\/\/icadblock.com\/it\/#organization\",\"name\":\"icadblock\",\"url\":\"https:\/\/icadblock.com\/it\/\",\"logo\":{\"@type\":\"ImageObject\",\"inLanguage\":\"it-IT\",\"@id\":\"https:\/\/icadblock.com\/it\/#\/schema\/logo\/image\/\",\"url\":\"https:\/\/icadblock.com\/wp-content\/uploads\/2022\/02\/LOGO.png\",\"contentUrl\":\"https:\/\/icadblock.com\/wp-content\/uploads\/2022\/02\/LOGO.png\",\"width\":546,\"height\":125,\"caption\":\"icadblock\"},\"image\":{\"@id\":\"https:\/\/icadblock.com\/it\/#\/schema\/logo\/image\/\"}}]}<\/script>\n<!-- \/ Yoast SEO plugin. -->","yoast_head_json":{"title":"contatore di cassa DWG Blocco CAD - iCADBLOCK","description":"Qui puoi trovare una raccolta di blocchi CAD per contatore di cassa DWG.Questi blocchi CAD sono disegnati in viste in pianta e in prospetto.","robots":{"index":"index","follow":"follow","max-snippet":"max-snippet:-1","max-image-preview":"max-image-preview:large","max-video-preview":"max-video-preview:-1"},"canonical":"https:\/\/icadblock.com\/it\/mobili-dwg\/mobili-per-ricezione-dwg\/contatore-di-cassa-dwg\/","og_locale":"it_IT","og_type":"article","og_title":"contatore di cassa DWG Blocco CAD - iCADBLOCK","og_description":"Qui puoi trovare una raccolta di blocchi CAD per contatore di cassa DWG.Questi blocchi CAD sono disegnati in viste in pianta e in prospetto.","og_url":"https:\/\/icadblock.com\/it\/mobili-dwg\/mobili-per-ricezione-dwg\/contatore-di-cassa-dwg\/","og_site_name":"iCADBLOCK","article_modified_time":"2024-02-24T08:57:26+00:00","og_image":[{"width":1000,"height":675,"url":"https:\/\/icadblock.com\/wp-content\/uploads\/2023\/05\/cash-counter.webp","type":"image\/webp"}],"twitter_card":"summary_large_image","twitter_misc":{"Tempo di lettura stimato":"2 minuti"},"schema":{"@context":"https:\/\/schema.org","@graph":[{"@type":"WebPage","@id":"https:\/\/icadblock.com\/it\/mobili-dwg\/mobili-per-ricezione-dwg\/contatore-di-cassa-dwg\/","url":"https:\/\/icadblock.com\/it\/mobili-dwg\/mobili-per-ricezione-dwg\/contatore-di-cassa-dwg\/","name":"contatore di cassa DWG Blocco CAD - iCADBLOCK","isPartOf":{"@id":"https:\/\/icadblock.com\/it\/#website"},"primaryImageOfPage":{"@id":"https:\/\/icadblock.com\/it\/mobili-dwg\/mobili-per-ricezione-dwg\/contatore-di-cassa-dwg\/#primaryimage"},"image":{"@id":"https:\/\/icadblock.com\/it\/mobili-dwg\/mobili-per-ricezione-dwg\/contatore-di-cassa-dwg\/#primaryimage"},"thumbnailUrl":"https:\/\/icadblock.com\/wp-content\/uploads\/2023\/05\/cash-counter.webp","datePublished":"2024-02-24T08:54:22+00:00","dateModified":"2024-02-24T08:57:26+00:00","description":"Qui puoi trovare una raccolta di blocchi CAD per contatore di cassa DWG.Questi blocchi CAD sono disegnati in viste in pianta e in prospetto.","breadcrumb":{"@id":"https:\/\/icadblock.com\/it\/mobili-dwg\/mobili-per-ricezione-dwg\/contatore-di-cassa-dwg\/#breadcrumb"},"inLanguage":"it-IT","potentialAction":[{"@type":"ReadAction","target":["https:\/\/icadblock.com\/it\/mobili-dwg\/mobili-per-ricezione-dwg\/contatore-di-cassa-dwg\/"]}]},{"@type":"ImageObject","inLanguage":"it-IT","@id":"https:\/\/icadblock.com\/it\/mobili-dwg\/mobili-per-ricezione-dwg\/contatore-di-cassa-dwg\/#primaryimage","url":"https:\/\/icadblock.com\/wp-content\/uploads\/2023\/05\/cash-counter.webp","contentUrl":"https:\/\/icadblock.com\/wp-content\/uploads\/2023\/05\/cash-counter.webp","width":1000,"height":675,"caption":"contatore di cassa DWG Blocco CAD"},{"@type":"BreadcrumbList","@id":"https:\/\/icadblock.com\/it\/mobili-dwg\/mobili-per-ricezione-dwg\/contatore-di-cassa-dwg\/#breadcrumb","itemListElement":[{"@type":"ListItem","position":1,"name":"Home","item":"https:\/\/icadblock.com\/it\/"},{"@type":"ListItem","position":2,"name":"mobili dwg blocchi cad Collezione per autocad","item":"https:\/\/icadblock.com\/it\/mobili-dwg\/"},{"@type":"ListItem","position":3,"name":"mobili per ricezione dwg in AutoCAD","item":"https:\/\/icadblock.com\/it\/mobili-dwg\/mobili-per-ricezione-dwg\/"},{"@type":"ListItem","position":4,"name":"contatore di cassa DWG Blocco CAD"}]},{"@type":"WebSite","@id":"https:\/\/icadblock.com\/it\/#website","url":"https:\/\/icadblock.com\/it\/","name":"iCADBLOCK","description":"CAD Block free download, 2d DWG models in plan","publisher":{"@id":"https:\/\/icadblock.com\/it\/#organization"},"potentialAction":[{"@type":"SearchAction","target":{"@type":"EntryPoint","urlTemplate":"https:\/\/icadblock.com\/it\/?s={search_term_string}"},"query-input":{"@type":"PropertyValueSpecification","valueRequired":true,"valueName":"search_term_string"}}],"inLanguage":"it-IT"},{"@type":"Organization","@id":"https:\/\/icadblock.com\/it\/#organization","name":"icadblock","url":"https:\/\/icadblock.com\/it\/","logo":{"@type":"ImageObject","inLanguage":"it-IT","@id":"https:\/\/icadblock.com\/it\/#\/schema\/logo\/image\/","url":"https:\/\/icadblock.com\/wp-content\/uploads\/2022\/02\/LOGO.png","contentUrl":"https:\/\/icadblock.com\/wp-content\/uploads\/2022\/02\/LOGO.png","width":546,"height":125,"caption":"icadblock"},"image":{"@id":"https:\/\/icadblock.com\/it\/#\/schema\/logo\/image\/"}}]}},"_links":{"self":[{"href":"https:\/\/icadblock.com\/it\/wp-json\/wp\/v2\/pages\/11822","targetHints":{"allow":["GET"]}}],"collection":[{"href":"https:\/\/icadblock.com\/it\/wp-json\/wp\/v2\/pages"}],"about":[{"href":"https:\/\/icadblock.com\/it\/wp-json\/wp\/v2\/types\/page"}],"author":[{"embeddable":true,"href":"https:\/\/icadblock.com\/it\/wp-json\/wp\/v2\/users\/2"}],"replies":[{"embeddable":true,"href":"https:\/\/icadblock.com\/it\/wp-json\/wp\/v2\/comments?post=11822"}],"version-history":[{"count":5,"href":"https:\/\/icadblock.com\/it\/wp-json\/wp\/v2\/pages\/11822\/revisions"}],"predecessor-version":[{"id":11830,"href":"https:\/\/icadblock.com\/it\/wp-json\/wp\/v2\/pages\/11822\/revisions\/11830"}],"up":[{"embeddable":true,"href":"https:\/\/icadblock.com\/it\/wp-json\/wp\/v2\/pages\/11790"}],"wp:featuredmedia":[{"embeddable":true,"href":"https:\/\/icadblock.com\/it\/wp-json\/wp\/v2\/media\/11824"}],"wp:attachment":[{"href":"https:\/\/icadblock.com\/it\/wp-json\/wp\/v2\/media?parent=11822"}],"curies":[{"name":"wp","href":"https:\/\/api.w.org\/{rel}","templated":true}]}}