{"id":11853,"date":"2024-02-24T09:21:17","date_gmt":"2024-02-24T09:21:17","guid":{"rendered":"https:\/\/icadblock.com\/?page_id=11853"},"modified":"2024-02-24T09:27:25","modified_gmt":"2024-02-24T09:27:25","slug":"lavello-da-cucina-dwg","status":"publish","type":"page","link":"https:\/\/icadblock.com\/it\/cucina-dwg\/elettrodomestici-da-cucina-dwg\/lavello-da-cucina-dwg\/","title":{"rendered":"lavello da cucina dwg in pianta e prospetto"},"content":{"rendered":"\t\t<div data-elementor-type=\"wp-page\" data-elementor-id=\"11853\" class=\"elementor elementor-11853 elementor-3848\" data-elementor-post-type=\"page\">\n\t\t\t\t\t\t<section class=\"elementor-section elementor-top-section elementor-element elementor-element-888c2f5 elementor-section-boxed elementor-section-height-default elementor-section-height-default\" data-id=\"888c2f5\" data-element_type=\"section\">\n\t\t\t\t\t\t<div class=\"elementor-container elementor-column-gap-default\">\n\t\t\t\t\t<div class=\"elementor-column elementor-col-50 elementor-top-column elementor-element elementor-element-c9a783e\" data-id=\"c9a783e\" data-element_type=\"column\">\n\t\t\t<div class=\"elementor-widget-wrap elementor-element-populated\">\n\t\t\t\t\t\t<div class=\"elementor-element elementor-element-f922661 elementor-widget elementor-widget-text-editor\" data-id=\"f922661\" data-element_type=\"widget\" data-widget_type=\"text-editor.default\">\n\t\t\t\t<div class=\"elementor-widget-container\">\n\t\t\t<style>\/*! elementor - v3.21.0 - 30-04-2024 *\/\n.elementor-widget-text-editor.elementor-drop-cap-view-stacked .elementor-drop-cap{background-color:#69727d;color:#fff}.elementor-widget-text-editor.elementor-drop-cap-view-framed .elementor-drop-cap{color:#69727d;border:3px solid;background-color:transparent}.elementor-widget-text-editor:not(.elementor-drop-cap-view-default) .elementor-drop-cap{margin-top:8px}.elementor-widget-text-editor:not(.elementor-drop-cap-view-default) .elementor-drop-cap-letter{width:1em;height:1em}.elementor-widget-text-editor .elementor-drop-cap{float:left;text-align:center;line-height:1;font-size:50px}.elementor-widget-text-editor .elementor-drop-cap-letter{display:inline-block}<\/style>\t\t\t\t<p>Se stai cercando una raccolta completa di blocchi CAD per lavello da cucina DWG, sei nel posto giusto.<\/p><p>Qui in questa pagina abbiamo fornito molti modelli DWG di lavelli da cucina nelle viste in pianta e in prospetto.<\/p><p>Come sai, i lavelli da cucina sono progettati in diversi tipi e forme, quindi in base a questo puoi trovare il miglior modello 2d che soddisfa le tue esigenze.<\/p><p>Di seguito abbiamo elencato alcuni lavelli da cucina e ti preghiamo di aggiungere questa pagina ai segnalibri in modo da poter tornare al nostro sito Web per blocchi CAD pi\u00f9 interessanti.<\/p>\t\t\t\t\t\t<\/div>\n\t\t\t\t<\/div>\n\t\t\t\t<div class=\"elementor-element elementor-element-b51f197 elementor-widget elementor-widget-text-editor\" data-id=\"b51f197\" data-element_type=\"widget\" data-widget_type=\"text-editor.default\">\n\t\t\t\t<div class=\"elementor-widget-container\">\n\t\t\t\t\t\t\t<p><\/p>\t\t\t\t\t\t<\/div>\n\t\t\t\t<\/div>\n\t\t\t\t<div class=\"elementor-element elementor-element-a69f4c9 elementor-widget elementor-widget-heading\" data-id=\"a69f4c9\" data-element_type=\"widget\" data-widget_type=\"heading.default\">\n\t\t\t\t<div class=\"elementor-widget-container\">\n\t\t\t<style>\/*! elementor - v3.21.0 - 30-04-2024 *\/\n.elementor-heading-title{padding:0;margin:0;line-height:1}.elementor-widget-heading .elementor-heading-title[class*=elementor-size-]>a{color:inherit;font-size:inherit;line-height:inherit}.elementor-widget-heading .elementor-heading-title.elementor-size-small{font-size:15px}.elementor-widget-heading .elementor-heading-title.elementor-size-medium{font-size:19px}.elementor-widget-heading .elementor-heading-title.elementor-size-large{font-size:29px}.elementor-widget-heading .elementor-heading-title.elementor-size-xl{font-size:39px}.elementor-widget-heading .elementor-heading-title.elementor-size-xxl{font-size:59px}<\/style><h2 class=\"elementor-heading-title elementor-size-default\">Blocco CAD lavello da cucina dwg<\/h2>\t\t<\/div>\n\t\t\t\t<\/div>\n\t\t\t\t<div class=\"elementor-element elementor-element-f50455d elementor-widget elementor-widget-text-editor\" data-id=\"f50455d\" data-element_type=\"widget\" data-widget_type=\"text-editor.default\">\n\t\t\t\t<div class=\"elementor-widget-container\">\n\t\t\t\t\t\t\t<p style=\"font-family: Roboto, sans-serif; font-size: 16px; font-weight: 400; font-style: normal;\"><span style=\"font-size: 16px; font-weight: bold;\">Se stai cercando altri blocchi CAD correlati, fai clic sui collegamenti seguenti:<\/span><\/p><p style=\"font-family: Roboto, sans-serif; font-size: 16px; font-weight: 400; font-style: normal;\"><span style=\"font-size: 16px; font-weight: bold; color: #ff0000;\">*** <\/span><strong><a href=\"https:\/\/icadblock.com\/it\/cucina-dwg\/elettrodomestici-da-cucina-dwg\/lavatrice-dwg\/\">lavatrice DWG blocchi cad<\/a><\/strong><\/p><p style=\"font-family: Roboto, sans-serif; font-size: 16px; font-weight: 400; font-style: normal;\"><span style=\"font-size: 16px; font-weight: bold; color: #ff0000;\">*** <\/span><a href=\"https:\/\/icadblock.com\/it\/cucina-dwg\/elettrodomestici-da-cucina-dwg\/lavastoviglie-dwg\/\"><strong>lavastoviglie DWG Raccolta<\/strong><\/a><\/p><p><strong><span style=\"color: #0000ff;\">Appunti:<\/span><\/strong><\/p><p>Se stai disegnando una planimetria e vuoi sapere dove posizionare questo blocco CAD per lavello da cucina, abbiamo alcune regole per te.<\/p><p>In base al paese in cui vivi, pu\u00f2 variare in alcune condizioni. ma generalmente in una cucina sufficientemente grande si possono utilizzare due tipi di lavello.<\/p><p>Uno \u00e8 il grande lavello principale che puoi posizionare in modo che sia rivolto verso la sala da pranzo e accanto puoi anche posizionare una lavastoviglie.<\/p><p>Il secondo, che pu\u00f2 essere pi\u00f9 piccolo, pu\u00f2 essere utilizzato per il lavaggio delle mani e la preparazione del cibo.<\/p><p>Generalmente\u00a0la direzione nord-est\u00a0pu\u00f2 essere il posto migliore per posizionare un lavello della cucina.<\/p><p>\u00a0<\/p>\t\t\t\t\t\t<\/div>\n\t\t\t\t<\/div>\n\t\t\t\t\t<\/div>\n\t\t<\/div>\n\t\t\t\t<div class=\"jet-sticky-column-sticky elementor-column elementor-col-50 elementor-top-column elementor-element elementor-element-4502b71\" data-jet-sticky-column-settings=\"{&quot;id&quot;:&quot;4502b71&quot;,&quot;sticky&quot;:true,&quot;topSpacing&quot;:50,&quot;bottomSpacing&quot;:50,&quot;stickyOn&quot;:[&quot;desktop&quot;,&quot;tablet&quot;]}\" data-id=\"4502b71\" data-element_type=\"column\">\n\t\t\t<div class=\"elementor-widget-wrap elementor-element-populated\">\n\t\t\t\t\t\t\t<\/div>\n\t\t<\/div>\n\t\t\t\t\t<\/div>\n\t\t<\/section>\n\t\t\t\t<\/div>\n\t\t","protected":false},"excerpt":{"rendered":"<p>Se stai cercando una raccolta completa di blocchi CAD per lavello da cucina DWG, sei nel posto giusto. Qui in [&hellip;]<\/p>\n","protected":false},"author":2,"featured_media":11855,"parent":11658,"menu_order":0,"comment_status":"closed","ping_status":"closed","template":"","meta":{"site-sidebar-layout":"default","site-content-layout":"","ast-site-content-layout":"","site-content-style":"default","site-sidebar-style":"default","ast-global-header-display":"","ast-banner-title-visibility":"","ast-main-header-display":"","ast-hfb-above-header-display":"","ast-hfb-below-header-display":"","ast-hfb-mobile-header-display":"","site-post-title":"","ast-breadcrumbs-content":"","ast-featured-img":"","footer-sml-layout":"","theme-transparent-header-meta":"","adv-header-id-meta":"","stick-header-meta":"","header-above-stick-meta":"","header-main-stick-meta":"","header-below-stick-meta":"","astra-migrate-meta-layouts":"default","ast-page-background-enabled":"default","ast-page-background-meta":{"desktop":{"background-color":"var(--ast-global-color-4)","background-image":"","background-repeat":"repeat","background-position":"center center","background-size":"auto","background-attachment":"scroll","background-type":"","background-media":"","overlay-type":"","overlay-color":"","overlay-gradient":""},"tablet":{"background-color":"","background-image":"","background-repeat":"repeat","background-position":"center center","background-size":"auto","background-attachment":"scroll","background-type":"","background-media":"","overlay-type":"","overlay-color":"","overlay-gradient":""},"mobile":{"background-color":"","background-image":"","background-repeat":"repeat","background-position":"center center","background-size":"auto","background-attachment":"scroll","background-type":"","background-media":"","overlay-type":"","overlay-color":"","overlay-gradient":""}},"ast-content-background-meta":{"desktop":{"background-color":"var(--ast-global-color-5)","background-image":"","background-repeat":"repeat","background-position":"center center","background-size":"auto","background-attachment":"scroll","background-type":"","background-media":"","overlay-type":"","overlay-color":"","overlay-gradient":""},"tablet":{"background-color":"var(--ast-global-color-5)","background-image":"","background-repeat":"repeat","background-position":"center center","background-size":"auto","background-attachment":"scroll","background-type":"","background-media":"","overlay-type":"","overlay-color":"","overlay-gradient":""},"mobile":{"background-color":"var(--ast-global-color-5)","background-image":"","background-repeat":"repeat","background-position":"center center","background-size":"auto","background-attachment":"scroll","background-type":"","background-media":"","overlay-type":"","overlay-color":"","overlay-gradient":""}},"footnotes":""},"class_list":["post-11853","page","type-page","status-publish","has-post-thumbnail","hentry"],"yoast_head":"<!-- This site is optimized with the Yoast SEO plugin v26.0 - https:\/\/yoast.com\/wordpress\/plugins\/seo\/ -->\n<title>lavello da cucina dwg in pianta e prospetto - iCADBLOCK<\/title>\n<meta name=\"description\" content=\"Se stai cercando una raccolta completa di blocchi CAD per lavello da cucina DWG, sei nel posto giusto.Qui in questa pagina abbiamo fornito\" \/>\n<meta name=\"robots\" content=\"index, follow, max-snippet:-1, max-image-preview:large, max-video-preview:-1\" \/>\n<link rel=\"canonical\" href=\"https:\/\/icadblock.com\/it\/cucina-dwg\/elettrodomestici-da-cucina-dwg\/lavello-da-cucina-dwg\/\" \/>\n<meta property=\"og:locale\" content=\"it_IT\" \/>\n<meta property=\"og:type\" content=\"article\" \/>\n<meta property=\"og:title\" content=\"lavello da cucina dwg in pianta e prospetto - iCADBLOCK\" \/>\n<meta property=\"og:description\" content=\"Se stai cercando una raccolta completa di blocchi CAD per lavello da cucina DWG, sei nel posto giusto.Qui in questa pagina abbiamo fornito\" \/>\n<meta property=\"og:url\" content=\"https:\/\/icadblock.com\/it\/cucina-dwg\/elettrodomestici-da-cucina-dwg\/lavello-da-cucina-dwg\/\" \/>\n<meta property=\"og:site_name\" content=\"iCADBLOCK\" \/>\n<meta property=\"article:modified_time\" content=\"2024-02-24T09:27:25+00:00\" \/>\n<meta property=\"og:image\" content=\"https:\/\/icadblock.com\/wp-content\/uploads\/2023\/05\/kitchen-sink-autocad.webp\" \/>\n\t<meta property=\"og:image:width\" content=\"1000\" \/>\n\t<meta property=\"og:image:height\" content=\"675\" \/>\n\t<meta property=\"og:image:type\" content=\"image\/webp\" \/>\n<meta name=\"twitter:card\" content=\"summary_large_image\" \/>\n<meta name=\"twitter:label1\" content=\"Tempo di lettura stimato\" \/>\n\t<meta name=\"twitter:data1\" content=\"2 minuti\" \/>\n<script type=\"application\/ld+json\" class=\"yoast-schema-graph\">{\"@context\":\"https:\/\/schema.org\",\"@graph\":[{\"@type\":\"WebPage\",\"@id\":\"https:\/\/icadblock.com\/it\/cucina-dwg\/elettrodomestici-da-cucina-dwg\/lavello-da-cucina-dwg\/\",\"url\":\"https:\/\/icadblock.com\/it\/cucina-dwg\/elettrodomestici-da-cucina-dwg\/lavello-da-cucina-dwg\/\",\"name\":\"lavello da cucina dwg in pianta e prospetto - iCADBLOCK\",\"isPartOf\":{\"@id\":\"https:\/\/icadblock.com\/it\/#website\"},\"primaryImageOfPage\":{\"@id\":\"https:\/\/icadblock.com\/it\/cucina-dwg\/elettrodomestici-da-cucina-dwg\/lavello-da-cucina-dwg\/#primaryimage\"},\"image\":{\"@id\":\"https:\/\/icadblock.com\/it\/cucina-dwg\/elettrodomestici-da-cucina-dwg\/lavello-da-cucina-dwg\/#primaryimage\"},\"thumbnailUrl\":\"https:\/\/icadblock.com\/wp-content\/uploads\/2023\/05\/kitchen-sink-autocad.webp\",\"datePublished\":\"2024-02-24T09:21:17+00:00\",\"dateModified\":\"2024-02-24T09:27:25+00:00\",\"description\":\"Se stai cercando una raccolta completa di blocchi CAD per lavello da cucina DWG, sei nel posto giusto.Qui in questa pagina abbiamo fornito\",\"breadcrumb\":{\"@id\":\"https:\/\/icadblock.com\/it\/cucina-dwg\/elettrodomestici-da-cucina-dwg\/lavello-da-cucina-dwg\/#breadcrumb\"},\"inLanguage\":\"it-IT\",\"potentialAction\":[{\"@type\":\"ReadAction\",\"target\":[\"https:\/\/icadblock.com\/it\/cucina-dwg\/elettrodomestici-da-cucina-dwg\/lavello-da-cucina-dwg\/\"]}]},{\"@type\":\"ImageObject\",\"inLanguage\":\"it-IT\",\"@id\":\"https:\/\/icadblock.com\/it\/cucina-dwg\/elettrodomestici-da-cucina-dwg\/lavello-da-cucina-dwg\/#primaryimage\",\"url\":\"https:\/\/icadblock.com\/wp-content\/uploads\/2023\/05\/kitchen-sink-autocad.webp\",\"contentUrl\":\"https:\/\/icadblock.com\/wp-content\/uploads\/2023\/05\/kitchen-sink-autocad.webp\",\"width\":1000,\"height\":675,\"caption\":\"lavello da cucina dwg in pianta e prospetto\"},{\"@type\":\"BreadcrumbList\",\"@id\":\"https:\/\/icadblock.com\/it\/cucina-dwg\/elettrodomestici-da-cucina-dwg\/lavello-da-cucina-dwg\/#breadcrumb\",\"itemListElement\":[{\"@type\":\"ListItem\",\"position\":1,\"name\":\"Home\",\"item\":\"https:\/\/icadblock.com\/it\/\"},{\"@type\":\"ListItem\",\"position\":2,\"name\":\"cucina DWG, collezione completa\",\"item\":\"https:\/\/icadblock.com\/it\/cucina-dwg\/\"},{\"@type\":\"ListItem\",\"position\":3,\"name\":\"elettrodomestici da cucina DWG Blocchi CAD per\",\"item\":\"https:\/\/icadblock.com\/it\/cucina-dwg\/elettrodomestici-da-cucina-dwg\/\"},{\"@type\":\"ListItem\",\"position\":4,\"name\":\"lavello da cucina dwg in pianta e prospetto\"}]},{\"@type\":\"WebSite\",\"@id\":\"https:\/\/icadblock.com\/it\/#website\",\"url\":\"https:\/\/icadblock.com\/it\/\",\"name\":\"iCADBLOCK\",\"description\":\"CAD Block free download, 2d DWG models in plan\",\"publisher\":{\"@id\":\"https:\/\/icadblock.com\/it\/#organization\"},\"potentialAction\":[{\"@type\":\"SearchAction\",\"target\":{\"@type\":\"EntryPoint\",\"urlTemplate\":\"https:\/\/icadblock.com\/it\/?s={search_term_string}\"},\"query-input\":{\"@type\":\"PropertyValueSpecification\",\"valueRequired\":true,\"valueName\":\"search_term_string\"}}],\"inLanguage\":\"it-IT\"},{\"@type\":\"Organization\",\"@id\":\"https:\/\/icadblock.com\/it\/#organization\",\"name\":\"icadblock\",\"url\":\"https:\/\/icadblock.com\/it\/\",\"logo\":{\"@type\":\"ImageObject\",\"inLanguage\":\"it-IT\",\"@id\":\"https:\/\/icadblock.com\/it\/#\/schema\/logo\/image\/\",\"url\":\"https:\/\/icadblock.com\/wp-content\/uploads\/2022\/02\/LOGO.png\",\"contentUrl\":\"https:\/\/icadblock.com\/wp-content\/uploads\/2022\/02\/LOGO.png\",\"width\":546,\"height\":125,\"caption\":\"icadblock\"},\"image\":{\"@id\":\"https:\/\/icadblock.com\/it\/#\/schema\/logo\/image\/\"}}]}<\/script>\n<!-- \/ Yoast SEO plugin. -->","yoast_head_json":{"title":"lavello da cucina dwg in pianta e prospetto - iCADBLOCK","description":"Se stai cercando una raccolta completa di blocchi CAD per lavello da cucina DWG, sei nel posto giusto.Qui in questa pagina abbiamo fornito","robots":{"index":"index","follow":"follow","max-snippet":"max-snippet:-1","max-image-preview":"max-image-preview:large","max-video-preview":"max-video-preview:-1"},"canonical":"https:\/\/icadblock.com\/it\/cucina-dwg\/elettrodomestici-da-cucina-dwg\/lavello-da-cucina-dwg\/","og_locale":"it_IT","og_type":"article","og_title":"lavello da cucina dwg in pianta e prospetto - iCADBLOCK","og_description":"Se stai cercando una raccolta completa di blocchi CAD per lavello da cucina DWG, sei nel posto giusto.Qui in questa pagina abbiamo fornito","og_url":"https:\/\/icadblock.com\/it\/cucina-dwg\/elettrodomestici-da-cucina-dwg\/lavello-da-cucina-dwg\/","og_site_name":"iCADBLOCK","article_modified_time":"2024-02-24T09:27:25+00:00","og_image":[{"width":1000,"height":675,"url":"https:\/\/icadblock.com\/wp-content\/uploads\/2023\/05\/kitchen-sink-autocad.webp","type":"image\/webp"}],"twitter_card":"summary_large_image","twitter_misc":{"Tempo di lettura stimato":"2 minuti"},"schema":{"@context":"https:\/\/schema.org","@graph":[{"@type":"WebPage","@id":"https:\/\/icadblock.com\/it\/cucina-dwg\/elettrodomestici-da-cucina-dwg\/lavello-da-cucina-dwg\/","url":"https:\/\/icadblock.com\/it\/cucina-dwg\/elettrodomestici-da-cucina-dwg\/lavello-da-cucina-dwg\/","name":"lavello da cucina dwg in pianta e prospetto - iCADBLOCK","isPartOf":{"@id":"https:\/\/icadblock.com\/it\/#website"},"primaryImageOfPage":{"@id":"https:\/\/icadblock.com\/it\/cucina-dwg\/elettrodomestici-da-cucina-dwg\/lavello-da-cucina-dwg\/#primaryimage"},"image":{"@id":"https:\/\/icadblock.com\/it\/cucina-dwg\/elettrodomestici-da-cucina-dwg\/lavello-da-cucina-dwg\/#primaryimage"},"thumbnailUrl":"https:\/\/icadblock.com\/wp-content\/uploads\/2023\/05\/kitchen-sink-autocad.webp","datePublished":"2024-02-24T09:21:17+00:00","dateModified":"2024-02-24T09:27:25+00:00","description":"Se stai cercando una raccolta completa di blocchi CAD per lavello da cucina DWG, sei nel posto giusto.Qui in questa pagina abbiamo fornito","breadcrumb":{"@id":"https:\/\/icadblock.com\/it\/cucina-dwg\/elettrodomestici-da-cucina-dwg\/lavello-da-cucina-dwg\/#breadcrumb"},"inLanguage":"it-IT","potentialAction":[{"@type":"ReadAction","target":["https:\/\/icadblock.com\/it\/cucina-dwg\/elettrodomestici-da-cucina-dwg\/lavello-da-cucina-dwg\/"]}]},{"@type":"ImageObject","inLanguage":"it-IT","@id":"https:\/\/icadblock.com\/it\/cucina-dwg\/elettrodomestici-da-cucina-dwg\/lavello-da-cucina-dwg\/#primaryimage","url":"https:\/\/icadblock.com\/wp-content\/uploads\/2023\/05\/kitchen-sink-autocad.webp","contentUrl":"https:\/\/icadblock.com\/wp-content\/uploads\/2023\/05\/kitchen-sink-autocad.webp","width":1000,"height":675,"caption":"lavello da cucina dwg in pianta e prospetto"},{"@type":"BreadcrumbList","@id":"https:\/\/icadblock.com\/it\/cucina-dwg\/elettrodomestici-da-cucina-dwg\/lavello-da-cucina-dwg\/#breadcrumb","itemListElement":[{"@type":"ListItem","position":1,"name":"Home","item":"https:\/\/icadblock.com\/it\/"},{"@type":"ListItem","position":2,"name":"cucina DWG, collezione completa","item":"https:\/\/icadblock.com\/it\/cucina-dwg\/"},{"@type":"ListItem","position":3,"name":"elettrodomestici da cucina DWG Blocchi CAD per","item":"https:\/\/icadblock.com\/it\/cucina-dwg\/elettrodomestici-da-cucina-dwg\/"},{"@type":"ListItem","position":4,"name":"lavello da cucina dwg in pianta e prospetto"}]},{"@type":"WebSite","@id":"https:\/\/icadblock.com\/it\/#website","url":"https:\/\/icadblock.com\/it\/","name":"iCADBLOCK","description":"CAD Block free download, 2d DWG models in plan","publisher":{"@id":"https:\/\/icadblock.com\/it\/#organization"},"potentialAction":[{"@type":"SearchAction","target":{"@type":"EntryPoint","urlTemplate":"https:\/\/icadblock.com\/it\/?s={search_term_string}"},"query-input":{"@type":"PropertyValueSpecification","valueRequired":true,"valueName":"search_term_string"}}],"inLanguage":"it-IT"},{"@type":"Organization","@id":"https:\/\/icadblock.com\/it\/#organization","name":"icadblock","url":"https:\/\/icadblock.com\/it\/","logo":{"@type":"ImageObject","inLanguage":"it-IT","@id":"https:\/\/icadblock.com\/it\/#\/schema\/logo\/image\/","url":"https:\/\/icadblock.com\/wp-content\/uploads\/2022\/02\/LOGO.png","contentUrl":"https:\/\/icadblock.com\/wp-content\/uploads\/2022\/02\/LOGO.png","width":546,"height":125,"caption":"icadblock"},"image":{"@id":"https:\/\/icadblock.com\/it\/#\/schema\/logo\/image\/"}}]}},"_links":{"self":[{"href":"https:\/\/icadblock.com\/it\/wp-json\/wp\/v2\/pages\/11853","targetHints":{"allow":["GET"]}}],"collection":[{"href":"https:\/\/icadblock.com\/it\/wp-json\/wp\/v2\/pages"}],"about":[{"href":"https:\/\/icadblock.com\/it\/wp-json\/wp\/v2\/types\/page"}],"author":[{"embeddable":true,"href":"https:\/\/icadblock.com\/it\/wp-json\/wp\/v2\/users\/2"}],"replies":[{"embeddable":true,"href":"https:\/\/icadblock.com\/it\/wp-json\/wp\/v2\/comments?post=11853"}],"version-history":[{"count":4,"href":"https:\/\/icadblock.com\/it\/wp-json\/wp\/v2\/pages\/11853\/revisions"}],"predecessor-version":[{"id":11880,"href":"https:\/\/icadblock.com\/it\/wp-json\/wp\/v2\/pages\/11853\/revisions\/11880"}],"up":[{"embeddable":true,"href":"https:\/\/icadblock.com\/it\/wp-json\/wp\/v2\/pages\/11658"}],"wp:featuredmedia":[{"embeddable":true,"href":"https:\/\/icadblock.com\/it\/wp-json\/wp\/v2\/media\/11855"}],"wp:attachment":[{"href":"https:\/\/icadblock.com\/it\/wp-json\/wp\/v2\/media?parent=11853"}],"curies":[{"name":"wp","href":"https:\/\/api.w.org\/{rel}","templated":true}]}}