{"id":12283,"date":"2024-02-26T07:12:35","date_gmt":"2024-02-26T07:12:35","guid":{"rendered":"https:\/\/icadblock.com\/?page_id=12283"},"modified":"2024-02-26T07:16:07","modified_gmt":"2024-02-26T07:16:07","slug":"canoa-dwg","status":"publish","type":"page","link":"https:\/\/icadblock.com\/it\/veicoli-dwg\/barche-dwg\/canoa-dwg\/","title":{"rendered":"canoa dwg nella parte superiore, anteriore e laterale"},"content":{"rendered":"\t\t<div data-elementor-type=\"wp-page\" data-elementor-id=\"12283\" class=\"elementor elementor-12283 elementor-6326\" data-elementor-post-type=\"page\">\n\t\t\t\t\t\t<section class=\"elementor-section elementor-top-section elementor-element elementor-element-654890b3 elementor-section-boxed elementor-section-height-default elementor-section-height-default\" data-id=\"654890b3\" data-element_type=\"section\">\n\t\t\t\t\t\t<div class=\"elementor-container elementor-column-gap-default\">\n\t\t\t\t\t<div class=\"elementor-column elementor-col-50 elementor-top-column elementor-element elementor-element-44967bea\" data-id=\"44967bea\" data-element_type=\"column\">\n\t\t\t<div class=\"elementor-widget-wrap elementor-element-populated\">\n\t\t\t\t\t\t<div class=\"elementor-element elementor-element-255236b0 elementor-widget elementor-widget-text-editor\" data-id=\"255236b0\" data-element_type=\"widget\" data-widget_type=\"text-editor.default\">\n\t\t\t\t<div class=\"elementor-widget-container\">\n\t\t\t<style>\/*! elementor - v3.21.0 - 30-04-2024 *\/\n.elementor-widget-text-editor.elementor-drop-cap-view-stacked .elementor-drop-cap{background-color:#69727d;color:#fff}.elementor-widget-text-editor.elementor-drop-cap-view-framed .elementor-drop-cap{color:#69727d;border:3px solid;background-color:transparent}.elementor-widget-text-editor:not(.elementor-drop-cap-view-default) .elementor-drop-cap{margin-top:8px}.elementor-widget-text-editor:not(.elementor-drop-cap-view-default) .elementor-drop-cap-letter{width:1em;height:1em}.elementor-widget-text-editor .elementor-drop-cap{float:left;text-align:center;line-height:1;font-size:50px}.elementor-widget-text-editor .elementor-drop-cap-letter{display:inline-block}<\/style>\t\t\t\t<p>Qui in questa pagina puoi trovare molti blocchi CAD di canoa DWG nelle viste dall&#8217;alto, frontale e laterale.<\/p><p>Abbiamo fornito diversi modelli di canoe. Ad esempio puoi trovare una canoa con rematore o una canoa con remi.<\/p><p>\u00c8 possibile scaricare questi modelli DWG e utilizzarli nel disegno.<\/p><p>\u00c8 anche possibile utilizzare questi bellissimi modelli 2D e creare un modello 3D della canoa.<\/p><p>Si prega di aggiungere questa pagina ai segnalibri per futuri aggiornamenti.<\/p>\t\t\t\t\t\t<\/div>\n\t\t\t\t<\/div>\n\t\t\t\t<div class=\"elementor-element elementor-element-faf9c01 elementor-widget elementor-widget-heading\" data-id=\"faf9c01\" data-element_type=\"widget\" data-widget_type=\"heading.default\">\n\t\t\t\t<div class=\"elementor-widget-container\">\n\t\t\t<style>\/*! elementor - v3.21.0 - 30-04-2024 *\/\n.elementor-heading-title{padding:0;margin:0;line-height:1}.elementor-widget-heading .elementor-heading-title[class*=elementor-size-]>a{color:inherit;font-size:inherit;line-height:inherit}.elementor-widget-heading .elementor-heading-title.elementor-size-small{font-size:15px}.elementor-widget-heading .elementor-heading-title.elementor-size-medium{font-size:19px}.elementor-widget-heading .elementor-heading-title.elementor-size-large{font-size:29px}.elementor-widget-heading .elementor-heading-title.elementor-size-xl{font-size:39px}.elementor-widget-heading .elementor-heading-title.elementor-size-xxl{font-size:59px}<\/style><h2 class=\"elementor-heading-title elementor-size-default\">canoa DWG<\/h2>\t\t<\/div>\n\t\t\t\t<\/div>\n\t\t\t\t<div class=\"elementor-element elementor-element-1a4fe74 elementor-widget elementor-widget-text-editor\" data-id=\"1a4fe74\" data-element_type=\"widget\" data-widget_type=\"text-editor.default\">\n\t\t\t\t<div class=\"elementor-widget-container\">\n\t\t\t\t\t\t\t<p>Se stai cercando altre barche, puoi trovarle nella pagina <strong><a href=\"https:\/\/icadblock.com\/it\/veicoli-dwg\/barche-dwg\/\">Blocchi CAD per barche DWG<\/a><\/strong>.<\/p><p><strong><span style=\"color: #0000ff;\">Appunti:<\/span><\/strong><\/p><p>Come sai, la canoa \u00e8 una specie di barca. Una barca stretta con estremit\u00e0 appuntite.<\/p><p>Questi tipi di barche solitamente sono dotate di pagaie per i vogatori.<\/p><p>Se stai progettando una localit\u00e0 turistica costiera, avrai sicuramente bisogno di una canoa perch\u00e9 questo tipo di imbarcazioni sono ampiamente utilizzate per il diporto, il turismo e il campeggio e in realt\u00e0 le canoe sono ideali per i fiumi pi\u00f9 calmi.<\/p><p>Consulta i blocchi CAD DWG per canoa forniti in questa pagina e scarica qualsiasi file che soddisfi le tue esigenze.<\/p><p>Ci auguriamo che tu possa trovare il modello che stai cercando, ma se non riesci a trovare il modello desiderato su questo sito, contattaci e faccelo sapere, e cercheremo di disegnare e aggiungere il nuovo modello il prima possibile.<\/p><p>\u00a0<\/p>\t\t\t\t\t\t<\/div>\n\t\t\t\t<\/div>\n\t\t\t\t\t<\/div>\n\t\t<\/div>\n\t\t\t\t<div class=\"jet-sticky-column-sticky elementor-column elementor-col-50 elementor-top-column elementor-element elementor-element-3f62943\" data-jet-sticky-column-settings=\"{&quot;id&quot;:&quot;3f62943&quot;,&quot;sticky&quot;:true,&quot;topSpacing&quot;:50,&quot;bottomSpacing&quot;:50,&quot;stickyOn&quot;:[&quot;desktop&quot;,&quot;tablet&quot;]}\" data-id=\"3f62943\" data-element_type=\"column\">\n\t\t\t<div class=\"elementor-widget-wrap elementor-element-populated\">\n\t\t\t\t\t\t\t<\/div>\n\t\t<\/div>\n\t\t\t\t\t<\/div>\n\t\t<\/section>\n\t\t\t\t<\/div>\n\t\t","protected":false},"excerpt":{"rendered":"<p>Qui in questa pagina puoi trovare molti blocchi CAD di canoa DWG nelle viste dall&#8217;alto, frontale e laterale. Abbiamo fornito [&hellip;]<\/p>\n","protected":false},"author":2,"featured_media":12284,"parent":12274,"menu_order":0,"comment_status":"closed","ping_status":"closed","template":"","meta":{"site-sidebar-layout":"default","site-content-layout":"","ast-site-content-layout":"","site-content-style":"default","site-sidebar-style":"default","ast-global-header-display":"","ast-banner-title-visibility":"","ast-main-header-display":"","ast-hfb-above-header-display":"","ast-hfb-below-header-display":"","ast-hfb-mobile-header-display":"","site-post-title":"","ast-breadcrumbs-content":"","ast-featured-img":"","footer-sml-layout":"","theme-transparent-header-meta":"","adv-header-id-meta":"","stick-header-meta":"","header-above-stick-meta":"","header-main-stick-meta":"","header-below-stick-meta":"","astra-migrate-meta-layouts":"default","ast-page-background-enabled":"default","ast-page-background-meta":{"desktop":{"background-color":"var(--ast-global-color-4)","background-image":"","background-repeat":"repeat","background-position":"center center","background-size":"auto","background-attachment":"scroll","background-type":"","background-media":"","overlay-type":"","overlay-color":"","overlay-gradient":""},"tablet":{"background-color":"","background-image":"","background-repeat":"repeat","background-position":"center center","background-size":"auto","background-attachment":"scroll","background-type":"","background-media":"","overlay-type":"","overlay-color":"","overlay-gradient":""},"mobile":{"background-color":"","background-image":"","background-repeat":"repeat","background-position":"center center","background-size":"auto","background-attachment":"scroll","background-type":"","background-media":"","overlay-type":"","overlay-color":"","overlay-gradient":""}},"ast-content-background-meta":{"desktop":{"background-color":"var(--ast-global-color-5)","background-image":"","background-repeat":"repeat","background-position":"center center","background-size":"auto","background-attachment":"scroll","background-type":"","background-media":"","overlay-type":"","overlay-color":"","overlay-gradient":""},"tablet":{"background-color":"var(--ast-global-color-5)","background-image":"","background-repeat":"repeat","background-position":"center center","background-size":"auto","background-attachment":"scroll","background-type":"","background-media":"","overlay-type":"","overlay-color":"","overlay-gradient":""},"mobile":{"background-color":"var(--ast-global-color-5)","background-image":"","background-repeat":"repeat","background-position":"center center","background-size":"auto","background-attachment":"scroll","background-type":"","background-media":"","overlay-type":"","overlay-color":"","overlay-gradient":""}},"footnotes":""},"class_list":["post-12283","page","type-page","status-publish","has-post-thumbnail","hentry"],"yoast_head":"<!-- This site is optimized with the Yoast SEO plugin v26.0 - https:\/\/yoast.com\/wordpress\/plugins\/seo\/ -->\n<title>canoa dwg nella parte superiore, anteriore e laterale - iCADBLOCK<\/title>\n<meta name=\"description\" content=\"Qui in questa pagina puoi trovare molti blocchi CAD di canoa DWG nelle viste dall&#039;alto, frontale e laterale.Abbiamo fornito diversi modelli di canoe.\" \/>\n<meta name=\"robots\" content=\"index, follow, max-snippet:-1, max-image-preview:large, max-video-preview:-1\" \/>\n<link rel=\"canonical\" href=\"https:\/\/icadblock.com\/it\/veicoli-dwg\/barche-dwg\/canoa-dwg\/\" \/>\n<meta property=\"og:locale\" content=\"it_IT\" \/>\n<meta property=\"og:type\" content=\"article\" \/>\n<meta property=\"og:title\" content=\"canoa dwg nella parte superiore, anteriore e laterale - iCADBLOCK\" \/>\n<meta property=\"og:description\" content=\"Qui in questa pagina puoi trovare molti blocchi CAD di canoa DWG nelle viste dall&#039;alto, frontale e laterale.Abbiamo fornito diversi modelli di canoe.\" \/>\n<meta property=\"og:url\" content=\"https:\/\/icadblock.com\/it\/veicoli-dwg\/barche-dwg\/canoa-dwg\/\" \/>\n<meta property=\"og:site_name\" content=\"iCADBLOCK\" \/>\n<meta property=\"article:modified_time\" content=\"2024-02-26T07:16:07+00:00\" \/>\n<meta property=\"og:image\" content=\"https:\/\/icadblock.com\/wp-content\/uploads\/2023\/08\/canoe-cad-blocks.webp\" \/>\n\t<meta property=\"og:image:width\" content=\"1000\" \/>\n\t<meta property=\"og:image:height\" content=\"675\" \/>\n\t<meta property=\"og:image:type\" content=\"image\/webp\" \/>\n<meta name=\"twitter:card\" content=\"summary_large_image\" \/>\n<meta name=\"twitter:label1\" content=\"Tempo di lettura stimato\" \/>\n\t<meta name=\"twitter:data1\" content=\"2 minuti\" \/>\n<script type=\"application\/ld+json\" class=\"yoast-schema-graph\">{\"@context\":\"https:\/\/schema.org\",\"@graph\":[{\"@type\":\"WebPage\",\"@id\":\"https:\/\/icadblock.com\/it\/veicoli-dwg\/barche-dwg\/canoa-dwg\/\",\"url\":\"https:\/\/icadblock.com\/it\/veicoli-dwg\/barche-dwg\/canoa-dwg\/\",\"name\":\"canoa dwg nella parte superiore, anteriore e laterale - iCADBLOCK\",\"isPartOf\":{\"@id\":\"https:\/\/icadblock.com\/it\/#website\"},\"primaryImageOfPage\":{\"@id\":\"https:\/\/icadblock.com\/it\/veicoli-dwg\/barche-dwg\/canoa-dwg\/#primaryimage\"},\"image\":{\"@id\":\"https:\/\/icadblock.com\/it\/veicoli-dwg\/barche-dwg\/canoa-dwg\/#primaryimage\"},\"thumbnailUrl\":\"https:\/\/icadblock.com\/wp-content\/uploads\/2023\/08\/canoe-cad-blocks.webp\",\"datePublished\":\"2024-02-26T07:12:35+00:00\",\"dateModified\":\"2024-02-26T07:16:07+00:00\",\"description\":\"Qui in questa pagina puoi trovare molti blocchi CAD di canoa DWG nelle viste dall'alto, frontale e laterale.Abbiamo fornito diversi modelli di canoe.\",\"breadcrumb\":{\"@id\":\"https:\/\/icadblock.com\/it\/veicoli-dwg\/barche-dwg\/canoa-dwg\/#breadcrumb\"},\"inLanguage\":\"it-IT\",\"potentialAction\":[{\"@type\":\"ReadAction\",\"target\":[\"https:\/\/icadblock.com\/it\/veicoli-dwg\/barche-dwg\/canoa-dwg\/\"]}]},{\"@type\":\"ImageObject\",\"inLanguage\":\"it-IT\",\"@id\":\"https:\/\/icadblock.com\/it\/veicoli-dwg\/barche-dwg\/canoa-dwg\/#primaryimage\",\"url\":\"https:\/\/icadblock.com\/wp-content\/uploads\/2023\/08\/canoe-cad-blocks.webp\",\"contentUrl\":\"https:\/\/icadblock.com\/wp-content\/uploads\/2023\/08\/canoe-cad-blocks.webp\",\"width\":1000,\"height\":675,\"caption\":\"canoa dwg nella parte superiore, anteriore e laterale\"},{\"@type\":\"BreadcrumbList\",\"@id\":\"https:\/\/icadblock.com\/it\/veicoli-dwg\/barche-dwg\/canoa-dwg\/#breadcrumb\",\"itemListElement\":[{\"@type\":\"ListItem\",\"position\":1,\"name\":\"Home\",\"item\":\"https:\/\/icadblock.com\/it\/\"},{\"@type\":\"ListItem\",\"position\":2,\"name\":\"veicoli DWG, pianta e prospetto\",\"item\":\"https:\/\/icadblock.com\/it\/veicoli-dwg\/\"},{\"@type\":\"ListItem\",\"position\":3,\"name\":\"barche DWG per in pianta e prospetto\",\"item\":\"https:\/\/icadblock.com\/it\/veicoli-dwg\/barche-dwg\/\"},{\"@type\":\"ListItem\",\"position\":4,\"name\":\"canoa dwg nella parte superiore, anteriore e laterale\"}]},{\"@type\":\"WebSite\",\"@id\":\"https:\/\/icadblock.com\/it\/#website\",\"url\":\"https:\/\/icadblock.com\/it\/\",\"name\":\"iCADBLOCK\",\"description\":\"CAD Block free download, 2d DWG models in plan\",\"publisher\":{\"@id\":\"https:\/\/icadblock.com\/it\/#organization\"},\"potentialAction\":[{\"@type\":\"SearchAction\",\"target\":{\"@type\":\"EntryPoint\",\"urlTemplate\":\"https:\/\/icadblock.com\/it\/?s={search_term_string}\"},\"query-input\":{\"@type\":\"PropertyValueSpecification\",\"valueRequired\":true,\"valueName\":\"search_term_string\"}}],\"inLanguage\":\"it-IT\"},{\"@type\":\"Organization\",\"@id\":\"https:\/\/icadblock.com\/it\/#organization\",\"name\":\"icadblock\",\"url\":\"https:\/\/icadblock.com\/it\/\",\"logo\":{\"@type\":\"ImageObject\",\"inLanguage\":\"it-IT\",\"@id\":\"https:\/\/icadblock.com\/it\/#\/schema\/logo\/image\/\",\"url\":\"https:\/\/icadblock.com\/wp-content\/uploads\/2022\/02\/LOGO.png\",\"contentUrl\":\"https:\/\/icadblock.com\/wp-content\/uploads\/2022\/02\/LOGO.png\",\"width\":546,\"height\":125,\"caption\":\"icadblock\"},\"image\":{\"@id\":\"https:\/\/icadblock.com\/it\/#\/schema\/logo\/image\/\"}}]}<\/script>\n<!-- \/ Yoast SEO plugin. -->","yoast_head_json":{"title":"canoa dwg nella parte superiore, anteriore e laterale - iCADBLOCK","description":"Qui in questa pagina puoi trovare molti blocchi CAD di canoa DWG nelle viste dall'alto, frontale e laterale.Abbiamo fornito diversi modelli di canoe.","robots":{"index":"index","follow":"follow","max-snippet":"max-snippet:-1","max-image-preview":"max-image-preview:large","max-video-preview":"max-video-preview:-1"},"canonical":"https:\/\/icadblock.com\/it\/veicoli-dwg\/barche-dwg\/canoa-dwg\/","og_locale":"it_IT","og_type":"article","og_title":"canoa dwg nella parte superiore, anteriore e laterale - iCADBLOCK","og_description":"Qui in questa pagina puoi trovare molti blocchi CAD di canoa DWG nelle viste dall'alto, frontale e laterale.Abbiamo fornito diversi modelli di canoe.","og_url":"https:\/\/icadblock.com\/it\/veicoli-dwg\/barche-dwg\/canoa-dwg\/","og_site_name":"iCADBLOCK","article_modified_time":"2024-02-26T07:16:07+00:00","og_image":[{"width":1000,"height":675,"url":"https:\/\/icadblock.com\/wp-content\/uploads\/2023\/08\/canoe-cad-blocks.webp","type":"image\/webp"}],"twitter_card":"summary_large_image","twitter_misc":{"Tempo di lettura stimato":"2 minuti"},"schema":{"@context":"https:\/\/schema.org","@graph":[{"@type":"WebPage","@id":"https:\/\/icadblock.com\/it\/veicoli-dwg\/barche-dwg\/canoa-dwg\/","url":"https:\/\/icadblock.com\/it\/veicoli-dwg\/barche-dwg\/canoa-dwg\/","name":"canoa dwg nella parte superiore, anteriore e laterale - iCADBLOCK","isPartOf":{"@id":"https:\/\/icadblock.com\/it\/#website"},"primaryImageOfPage":{"@id":"https:\/\/icadblock.com\/it\/veicoli-dwg\/barche-dwg\/canoa-dwg\/#primaryimage"},"image":{"@id":"https:\/\/icadblock.com\/it\/veicoli-dwg\/barche-dwg\/canoa-dwg\/#primaryimage"},"thumbnailUrl":"https:\/\/icadblock.com\/wp-content\/uploads\/2023\/08\/canoe-cad-blocks.webp","datePublished":"2024-02-26T07:12:35+00:00","dateModified":"2024-02-26T07:16:07+00:00","description":"Qui in questa pagina puoi trovare molti blocchi CAD di canoa DWG nelle viste dall'alto, frontale e laterale.Abbiamo fornito diversi modelli di canoe.","breadcrumb":{"@id":"https:\/\/icadblock.com\/it\/veicoli-dwg\/barche-dwg\/canoa-dwg\/#breadcrumb"},"inLanguage":"it-IT","potentialAction":[{"@type":"ReadAction","target":["https:\/\/icadblock.com\/it\/veicoli-dwg\/barche-dwg\/canoa-dwg\/"]}]},{"@type":"ImageObject","inLanguage":"it-IT","@id":"https:\/\/icadblock.com\/it\/veicoli-dwg\/barche-dwg\/canoa-dwg\/#primaryimage","url":"https:\/\/icadblock.com\/wp-content\/uploads\/2023\/08\/canoe-cad-blocks.webp","contentUrl":"https:\/\/icadblock.com\/wp-content\/uploads\/2023\/08\/canoe-cad-blocks.webp","width":1000,"height":675,"caption":"canoa dwg nella parte superiore, anteriore e laterale"},{"@type":"BreadcrumbList","@id":"https:\/\/icadblock.com\/it\/veicoli-dwg\/barche-dwg\/canoa-dwg\/#breadcrumb","itemListElement":[{"@type":"ListItem","position":1,"name":"Home","item":"https:\/\/icadblock.com\/it\/"},{"@type":"ListItem","position":2,"name":"veicoli DWG, pianta e prospetto","item":"https:\/\/icadblock.com\/it\/veicoli-dwg\/"},{"@type":"ListItem","position":3,"name":"barche DWG per in pianta e prospetto","item":"https:\/\/icadblock.com\/it\/veicoli-dwg\/barche-dwg\/"},{"@type":"ListItem","position":4,"name":"canoa dwg nella parte superiore, anteriore e laterale"}]},{"@type":"WebSite","@id":"https:\/\/icadblock.com\/it\/#website","url":"https:\/\/icadblock.com\/it\/","name":"iCADBLOCK","description":"CAD Block free download, 2d DWG models in plan","publisher":{"@id":"https:\/\/icadblock.com\/it\/#organization"},"potentialAction":[{"@type":"SearchAction","target":{"@type":"EntryPoint","urlTemplate":"https:\/\/icadblock.com\/it\/?s={search_term_string}"},"query-input":{"@type":"PropertyValueSpecification","valueRequired":true,"valueName":"search_term_string"}}],"inLanguage":"it-IT"},{"@type":"Organization","@id":"https:\/\/icadblock.com\/it\/#organization","name":"icadblock","url":"https:\/\/icadblock.com\/it\/","logo":{"@type":"ImageObject","inLanguage":"it-IT","@id":"https:\/\/icadblock.com\/it\/#\/schema\/logo\/image\/","url":"https:\/\/icadblock.com\/wp-content\/uploads\/2022\/02\/LOGO.png","contentUrl":"https:\/\/icadblock.com\/wp-content\/uploads\/2022\/02\/LOGO.png","width":546,"height":125,"caption":"icadblock"},"image":{"@id":"https:\/\/icadblock.com\/it\/#\/schema\/logo\/image\/"}}]}},"_links":{"self":[{"href":"https:\/\/icadblock.com\/it\/wp-json\/wp\/v2\/pages\/12283","targetHints":{"allow":["GET"]}}],"collection":[{"href":"https:\/\/icadblock.com\/it\/wp-json\/wp\/v2\/pages"}],"about":[{"href":"https:\/\/icadblock.com\/it\/wp-json\/wp\/v2\/types\/page"}],"author":[{"embeddable":true,"href":"https:\/\/icadblock.com\/it\/wp-json\/wp\/v2\/users\/2"}],"replies":[{"embeddable":true,"href":"https:\/\/icadblock.com\/it\/wp-json\/wp\/v2\/comments?post=12283"}],"version-history":[{"count":4,"href":"https:\/\/icadblock.com\/it\/wp-json\/wp\/v2\/pages\/12283\/revisions"}],"predecessor-version":[{"id":12288,"href":"https:\/\/icadblock.com\/it\/wp-json\/wp\/v2\/pages\/12283\/revisions\/12288"}],"up":[{"embeddable":true,"href":"https:\/\/icadblock.com\/it\/wp-json\/wp\/v2\/pages\/12274"}],"wp:featuredmedia":[{"embeddable":true,"href":"https:\/\/icadblock.com\/it\/wp-json\/wp\/v2\/media\/12284"}],"wp:attachment":[{"href":"https:\/\/icadblock.com\/it\/wp-json\/wp\/v2\/media?parent=12283"}],"curies":[{"name":"wp","href":"https:\/\/api.w.org\/{rel}","templated":true}]}}